{"id":14664,"date":"2025-01-24T11:30:55","date_gmt":"2025-01-24T10:30:55","guid":{"rendered":"https:\/\/www.amstelprinting.nl\/winkel\/unkategorisiert\/beachflag\/"},"modified":"2026-02-10T12:29:00","modified_gmt":"2026-02-10T11:29:00","slug":"beachflag","status":"publish","type":"product","link":"https:\/\/www.amstelprinting.nl\/de\/gesch\u00e4ft\/alle-flaggen\/beachflags\/beachflag\/","title":{"rendered":"Beachflag"},"content":{"rendered":"<h3>Beachflag bedruckken und bestellen<\/h3>\n<p>Beachflags sind ein unglaublich beliebtes Werbemittel. Das liegt vor allem an den folgenden Vorteilen:<\/p>\n<ul>\n<li>Sie ziehen die Aufmerksamkeit auf sich.<\/li>\n<li>Multifunktional: Festival, Messe, Au\u00dfengel\u00e4nde, Gesch\u00e4ft, Tankstelle, Strand usw.<\/li>\n<li>F\u00fcr die Verwendung von Beachflags ist keine Genehmigung erforderlich.<\/li>\n<li>Beachflags sind g\u00fcnstig und schnell lieferbar (bereits innerhalb von 1 Werktag!).<\/li>\n<li>Sie k\u00f6nnen einfach aufgebaut und wieder eingepackt werden. Die Mastteile der Beachflag lassen sich einzeln zusammenklicken und in der mitgelieferten Tragetasche verstauen.<\/li>\n<li>Beachflags sind sowohl f\u00fcr den Innen- als auch f\u00fcr den Au\u00dfenbereich geeignet.<\/li>\n<li>Die T\u00fccher k\u00f6nnen einfach separat nachbestellt werden.<\/li>\n<\/ul>\n<p>&nbsp;<\/p>\n<h3>Beachflag Formen und Formate<\/h3>\n<p>Die Straightflag ist das beliebte, gerade Modell der Beachflag. Mit der Dropflag (Tropfenform) haben Sie eine breitere Fl\u00e4che f\u00fcr Ihre Botschaft. Und mit der speziellen Form der Waveflag fallen Sie besonders auf. Sie k\u00f6nnen sich auch f\u00fcr die Squareflag entscheiden; eine gerade, quadratische Form. Die Squareflag bietet dank der gro\u00dfen Fl\u00e4che mehr Platz f\u00fcr Ihr Design.<\/p>\n<p>Neben den verschiedenen Formen k\u00f6nnen Sie auch das gew\u00fcnschte Format selbst w\u00e4hlen. Insgesamt gibt es sage und schreibe 13 verschiedene Tuchformate.<\/p>\n<ul>\n<li><strong>Straightflag<\/strong>: 40 x 235 cm, 80 x 220 cm, 65 x 315 cm, 80 x 315 cm und 90 x 430 cm<\/li>\n<li><strong>Squareflag<\/strong>: 75 x 180 cm, 75 x 267 cm und 75 x 375,5 cm<\/li>\n<li><strong>Dropflag<\/strong>: 70 x 180 cm und 100 x 250 cm<\/li>\n<li><strong>Waveflag<\/strong>: 70 x 210 cm, 76 x 315 cm und 80 x 422 cm<\/li>\n<\/ul>\n<p>&nbsp;<\/p>\n<h3>Tuchqualit\u00e4t der Beachflag<\/h3>\n<p>Beachflag-T\u00fccher werden standardm\u00e4\u00dfig aus Flag-Stoff hergestellt. Das Material Flag ist die am h\u00e4ufigsten gew\u00e4hlte Stoffart f\u00fcr bedruckte Fahnen. Zudem ist Flag PET eine nachhaltige Alternative. PET wird n\u00e4mlich aus 100 % recycelten PET-Flaschen hergestellt. Aber auch Longlife ist eine nachhaltige Wahl: Longlife ist ein extra starker Fahnenstoff. Dank einer speziellen Struktur franst Longlife weniger schnell aus (und h\u00e4lt somit l\u00e4nger).<\/p>\n<h3>Verarbeitung: Hohlsaum oder elastisches Band?<\/h3>\n<p>Das Beachflag-Tuch wird mit einem Hohlraum versehen, durch den die Mastteile geschoben werden. Dieser Raum kann auf zwei verschiedene Arten geschaffen werden.<\/p>\n<ul>\n<li><strong>Hohlsaum<\/strong>: Hergestellt aus demselben Material wie die Fahne selbst, wodurch das Design nahtlos \u00fcbergeht und eine einheitliche Optik bildet.<\/li>\n<li><strong>Elastisches Band<\/strong>: Erh\u00e4ltlich in Schwarz oder Wei\u00df. Obwohl das Design nicht durchl\u00e4uft, bietet das Band zus\u00e4tzliche Stabilit\u00e4t, verl\u00e4ngert die Lebensdauer der Beachflag und reduziert den Verschnitt. Zudem ist das elastische Band preiswerter und nachhaltiger. Mit unseren Beachflags kombinieren Sie visuelle Wirkung, Qualit\u00e4t und Nachhaltigkeit \u2013 perfekt f\u00fcr jeden Anlass!<\/li>\n<\/ul>\n","protected":false},"excerpt":{"rendered":"<p>Beachflags sind perfekt f\u00fcr Au\u00dfenwerbung und Veranstaltungen. Sie sind leicht, einfach zu bewegen und in verschiedenen Gr\u00f6\u00dfen und Formen erh\u00e4ltlich. Stellen Sie Ihre Beachflag in wenigen Schritten nach Ihren W\u00fcnschen zusammen.<\/p>\n","protected":false},"featured_media":14665,"template":"","meta":{"_et_pb_use_builder":"","_et_pb_old_content":"","_et_gb_content_width":""},"product_brand":[],"product_cat":[313,1000,999],"product_tag":[],"class_list":{"0":"post-14664","1":"product","2":"type-product","3":"status-publish","4":"has-post-thumbnail","6":"product_cat-aufkleber-und-druck","7":"product_cat-beachflags","8":"product_cat-alle-flaggen","10":"first","11":"instock","12":"taxable","13":"shipping-taxable","14":"purchasable","15":"product-type-simple"},"yoast_head":"<!-- This site is optimized with the Yoast SEO plugin v27.3 - https:\/\/yoast.com\/product\/yoast-seo-wordpress\/ -->\n<title>Beachflag nach Ma\u00df bestellen \u2013 Optimale Aufmerksamkeit f\u00fcr Ihre Marke<\/title>\n<meta name=\"description\" content=\"Bestellen Sie Ihre Beachflag heute f\u00fcr die Lieferung morgen! W\u00e4hlen Sie aus 4 Formen, 13 Formaten und nachhaltigen Materialien. Perfekt f\u00fcr Veranstaltungen und Firmengeb\u00e4ude.\" \/>\n<meta name=\"robots\" content=\"index, follow, max-snippet:-1, max-image-preview:large, max-video-preview:-1\" \/>\n<link rel=\"canonical\" href=\"https:\/\/www.amstelprinting.nl\/de\/gesch\u00e4ft\/alle-flaggen\/beachflags\/beachflag\/\" \/>\n<meta property=\"og:locale\" content=\"de_DE\" \/>\n<meta property=\"og:type\" content=\"article\" \/>\n<meta property=\"og:title\" content=\"Beachflag nach Ma\u00df bestellen \u2013 Optimale Aufmerksamkeit f\u00fcr Ihre Marke\" \/>\n<meta property=\"og:description\" content=\"Bestellen Sie Ihre Beachflag heute f\u00fcr die Lieferung morgen! W\u00e4hlen Sie aus 4 Formen, 13 Formaten und nachhaltigen Materialien. Perfekt f\u00fcr Veranstaltungen und Firmengeb\u00e4ude.\" \/>\n<meta property=\"og:url\" content=\"https:\/\/www.amstelprinting.nl\/de\/gesch\u00e4ft\/alle-flaggen\/beachflags\/beachflag\/\" \/>\n<meta property=\"og:site_name\" content=\"Amstel Printing\" \/>\n<meta property=\"article:modified_time\" content=\"2026-02-10T11:29:00+00:00\" \/>\n<meta property=\"og:image\" content=\"https:\/\/www.amstelprinting.nl\/wp-content\/uploads\/beachflag-straight-bedrukken.png\" \/>\n\t<meta property=\"og:image:width\" content=\"900\" \/>\n\t<meta property=\"og:image:height\" content=\"900\" \/>\n\t<meta property=\"og:image:type\" content=\"image\/png\" \/>\n<meta name=\"twitter:card\" content=\"summary_large_image\" \/>\n<meta name=\"twitter:label1\" content=\"Gesch\u00e4tzte Lesezeit\" \/>\n\t<meta name=\"twitter:data1\" content=\"2\u00a0Minuten\" \/>\n<script type=\"application\/ld+json\" class=\"yoast-schema-graph\">{\"@context\":\"https:\\\/\\\/schema.org\",\"@graph\":[{\"@type\":\"WebPage\",\"@id\":\"https:\\\/\\\/www.amstelprinting.nl\\\/de\\\/gesch\u00e4ft\\\/alle-flaggen\\\/beachflags\\\/beachflag\\\/\",\"url\":\"https:\\\/\\\/www.amstelprinting.nl\\\/de\\\/gesch\u00e4ft\\\/alle-flaggen\\\/beachflags\\\/beachflag\\\/\",\"name\":\"Beachflag nach Ma\u00df bestellen \u2013 Optimale Aufmerksamkeit f\u00fcr Ihre Marke\",\"isPartOf\":{\"@id\":\"https:\\\/\\\/www.amstelprinting.nl\\\/de\\\/#website\"},\"primaryImageOfPage\":{\"@id\":\"https:\\\/\\\/www.amstelprinting.nl\\\/de\\\/gesch\u00e4ft\\\/alle-flaggen\\\/beachflags\\\/beachflag\\\/#primaryimage\"},\"image\":{\"@id\":\"https:\\\/\\\/www.amstelprinting.nl\\\/de\\\/gesch\u00e4ft\\\/alle-flaggen\\\/beachflags\\\/beachflag\\\/#primaryimage\"},\"thumbnailUrl\":\"https:\\\/\\\/www.amstelprinting.nl\\\/wp-content\\\/uploads\\\/beachflag-straight-bedrukken.png\",\"datePublished\":\"2025-01-24T10:30:55+00:00\",\"dateModified\":\"2026-02-10T11:29:00+00:00\",\"description\":\"Bestellen Sie Ihre Beachflag heute f\u00fcr die Lieferung morgen! W\u00e4hlen Sie aus 4 Formen, 13 Formaten und nachhaltigen Materialien. Perfekt f\u00fcr Veranstaltungen und Firmengeb\u00e4ude.\",\"breadcrumb\":{\"@id\":\"https:\\\/\\\/www.amstelprinting.nl\\\/de\\\/gesch\u00e4ft\\\/alle-flaggen\\\/beachflags\\\/beachflag\\\/#breadcrumb\"},\"inLanguage\":\"de\",\"potentialAction\":[{\"@type\":\"ReadAction\",\"target\":[\"https:\\\/\\\/www.amstelprinting.nl\\\/de\\\/gesch\u00e4ft\\\/alle-flaggen\\\/beachflags\\\/beachflag\\\/\"]}]},{\"@type\":\"ImageObject\",\"inLanguage\":\"de\",\"@id\":\"https:\\\/\\\/www.amstelprinting.nl\\\/de\\\/gesch\u00e4ft\\\/alle-flaggen\\\/beachflags\\\/beachflag\\\/#primaryimage\",\"url\":\"https:\\\/\\\/www.amstelprinting.nl\\\/wp-content\\\/uploads\\\/beachflag-straight-bedrukken.png\",\"contentUrl\":\"https:\\\/\\\/www.amstelprinting.nl\\\/wp-content\\\/uploads\\\/beachflag-straight-bedrukken.png\",\"width\":900,\"height\":900},{\"@type\":\"BreadcrumbList\",\"@id\":\"https:\\\/\\\/www.amstelprinting.nl\\\/de\\\/gesch\u00e4ft\\\/alle-flaggen\\\/beachflags\\\/beachflag\\\/#breadcrumb\",\"itemListElement\":[{\"@type\":\"ListItem\",\"position\":1,\"name\":\"\",\"item\":\"https:\\\/\\\/www.amstelprinting.nl\\\/de\\\/\"},{\"@type\":\"ListItem\",\"position\":2,\"name\":\"Amstel Printing\",\"item\":\"https:\\\/\\\/www.amstelprinting.nl\\\/de\\\/geschaeft\\\/\"},{\"@type\":\"ListItem\",\"position\":3,\"name\":\"Flaggen\",\"item\":\"https:\\\/\\\/www.amstelprinting.nl\\\/de\\\/kategorie\\\/alle-flaggen\\\/\"},{\"@type\":\"ListItem\",\"position\":4,\"name\":\"Beachflags\",\"item\":\"https:\\\/\\\/www.amstelprinting.nl\\\/de\\\/kategorie\\\/alle-flaggen\\\/beachflags\\\/\"},{\"@type\":\"ListItem\",\"position\":5,\"name\":\"Beachflag\"}]},{\"@type\":\"WebSite\",\"@id\":\"https:\\\/\\\/www.amstelprinting.nl\\\/de\\\/#website\",\"url\":\"https:\\\/\\\/www.amstelprinting.nl\\\/de\\\/\",\"name\":\"Amstel Printing\",\"description\":\"Creating Exposure\",\"publisher\":{\"@id\":\"https:\\\/\\\/www.amstelprinting.nl\\\/de\\\/#organization\"},\"potentialAction\":[{\"@type\":\"SearchAction\",\"target\":{\"@type\":\"EntryPoint\",\"urlTemplate\":\"https:\\\/\\\/www.amstelprinting.nl\\\/de\\\/?s={search_term_string}\"},\"query-input\":{\"@type\":\"PropertyValueSpecification\",\"valueRequired\":true,\"valueName\":\"search_term_string\"}}],\"inLanguage\":\"de\"},{\"@type\":\"Organization\",\"@id\":\"https:\\\/\\\/www.amstelprinting.nl\\\/de\\\/#organization\",\"name\":\"Amstel Printing\",\"url\":\"https:\\\/\\\/www.amstelprinting.nl\\\/de\\\/\",\"logo\":{\"@type\":\"ImageObject\",\"inLanguage\":\"de\",\"@id\":\"https:\\\/\\\/www.amstelprinting.nl\\\/de\\\/#\\\/schema\\\/logo\\\/image\\\/\",\"url\":\"https:\\\/\\\/www.amstelprinting.nl\\\/wp-content\\\/uploads\\\/amstel_printing_logo_clean.png\",\"contentUrl\":\"https:\\\/\\\/www.amstelprinting.nl\\\/wp-content\\\/uploads\\\/amstel_printing_logo_clean.png\",\"width\":324,\"height\":73,\"caption\":\"Amstel Printing\"},\"image\":{\"@id\":\"https:\\\/\\\/www.amstelprinting.nl\\\/de\\\/#\\\/schema\\\/logo\\\/image\\\/\"}}]}<\/script>\n<!-- \/ Yoast SEO plugin. -->","yoast_head_json":{"title":"Beachflag nach Ma\u00df bestellen \u2013 Optimale Aufmerksamkeit f\u00fcr Ihre Marke","description":"Bestellen Sie Ihre Beachflag heute f\u00fcr die Lieferung morgen! W\u00e4hlen Sie aus 4 Formen, 13 Formaten und nachhaltigen Materialien. Perfekt f\u00fcr Veranstaltungen und Firmengeb\u00e4ude.","robots":{"index":"index","follow":"follow","max-snippet":"max-snippet:-1","max-image-preview":"max-image-preview:large","max-video-preview":"max-video-preview:-1"},"canonical":"https:\/\/www.amstelprinting.nl\/de\/gesch\u00e4ft\/alle-flaggen\/beachflags\/beachflag\/","og_locale":"de_DE","og_type":"article","og_title":"Beachflag nach Ma\u00df bestellen \u2013 Optimale Aufmerksamkeit f\u00fcr Ihre Marke","og_description":"Bestellen Sie Ihre Beachflag heute f\u00fcr die Lieferung morgen! W\u00e4hlen Sie aus 4 Formen, 13 Formaten und nachhaltigen Materialien. Perfekt f\u00fcr Veranstaltungen und Firmengeb\u00e4ude.","og_url":"https:\/\/www.amstelprinting.nl\/de\/gesch\u00e4ft\/alle-flaggen\/beachflags\/beachflag\/","og_site_name":"Amstel Printing","article_modified_time":"2026-02-10T11:29:00+00:00","og_image":[{"width":900,"height":900,"url":"https:\/\/www.amstelprinting.nl\/wp-content\/uploads\/beachflag-straight-bedrukken.png","type":"image\/png"}],"twitter_card":"summary_large_image","twitter_misc":{"Gesch\u00e4tzte Lesezeit":"2\u00a0Minuten"},"schema":{"@context":"https:\/\/schema.org","@graph":[{"@type":"WebPage","@id":"https:\/\/www.amstelprinting.nl\/de\/gesch\u00e4ft\/alle-flaggen\/beachflags\/beachflag\/","url":"https:\/\/www.amstelprinting.nl\/de\/gesch\u00e4ft\/alle-flaggen\/beachflags\/beachflag\/","name":"Beachflag nach Ma\u00df bestellen \u2013 Optimale Aufmerksamkeit f\u00fcr Ihre Marke","isPartOf":{"@id":"https:\/\/www.amstelprinting.nl\/de\/#website"},"primaryImageOfPage":{"@id":"https:\/\/www.amstelprinting.nl\/de\/gesch\u00e4ft\/alle-flaggen\/beachflags\/beachflag\/#primaryimage"},"image":{"@id":"https:\/\/www.amstelprinting.nl\/de\/gesch\u00e4ft\/alle-flaggen\/beachflags\/beachflag\/#primaryimage"},"thumbnailUrl":"https:\/\/www.amstelprinting.nl\/wp-content\/uploads\/beachflag-straight-bedrukken.png","datePublished":"2025-01-24T10:30:55+00:00","dateModified":"2026-02-10T11:29:00+00:00","description":"Bestellen Sie Ihre Beachflag heute f\u00fcr die Lieferung morgen! W\u00e4hlen Sie aus 4 Formen, 13 Formaten und nachhaltigen Materialien. Perfekt f\u00fcr Veranstaltungen und Firmengeb\u00e4ude.","breadcrumb":{"@id":"https:\/\/www.amstelprinting.nl\/de\/gesch\u00e4ft\/alle-flaggen\/beachflags\/beachflag\/#breadcrumb"},"inLanguage":"de","potentialAction":[{"@type":"ReadAction","target":["https:\/\/www.amstelprinting.nl\/de\/gesch\u00e4ft\/alle-flaggen\/beachflags\/beachflag\/"]}]},{"@type":"ImageObject","inLanguage":"de","@id":"https:\/\/www.amstelprinting.nl\/de\/gesch\u00e4ft\/alle-flaggen\/beachflags\/beachflag\/#primaryimage","url":"https:\/\/www.amstelprinting.nl\/wp-content\/uploads\/beachflag-straight-bedrukken.png","contentUrl":"https:\/\/www.amstelprinting.nl\/wp-content\/uploads\/beachflag-straight-bedrukken.png","width":900,"height":900},{"@type":"BreadcrumbList","@id":"https:\/\/www.amstelprinting.nl\/de\/gesch\u00e4ft\/alle-flaggen\/beachflags\/beachflag\/#breadcrumb","itemListElement":[{"@type":"ListItem","position":1,"name":"","item":"https:\/\/www.amstelprinting.nl\/de\/"},{"@type":"ListItem","position":2,"name":"Amstel Printing","item":"https:\/\/www.amstelprinting.nl\/de\/geschaeft\/"},{"@type":"ListItem","position":3,"name":"Flaggen","item":"https:\/\/www.amstelprinting.nl\/de\/kategorie\/alle-flaggen\/"},{"@type":"ListItem","position":4,"name":"Beachflags","item":"https:\/\/www.amstelprinting.nl\/de\/kategorie\/alle-flaggen\/beachflags\/"},{"@type":"ListItem","position":5,"name":"Beachflag"}]},{"@type":"WebSite","@id":"https:\/\/www.amstelprinting.nl\/de\/#website","url":"https:\/\/www.amstelprinting.nl\/de\/","name":"Amstel Printing","description":"Creating Exposure","publisher":{"@id":"https:\/\/www.amstelprinting.nl\/de\/#organization"},"potentialAction":[{"@type":"SearchAction","target":{"@type":"EntryPoint","urlTemplate":"https:\/\/www.amstelprinting.nl\/de\/?s={search_term_string}"},"query-input":{"@type":"PropertyValueSpecification","valueRequired":true,"valueName":"search_term_string"}}],"inLanguage":"de"},{"@type":"Organization","@id":"https:\/\/www.amstelprinting.nl\/de\/#organization","name":"Amstel Printing","url":"https:\/\/www.amstelprinting.nl\/de\/","logo":{"@type":"ImageObject","inLanguage":"de","@id":"https:\/\/www.amstelprinting.nl\/de\/#\/schema\/logo\/image\/","url":"https:\/\/www.amstelprinting.nl\/wp-content\/uploads\/amstel_printing_logo_clean.png","contentUrl":"https:\/\/www.amstelprinting.nl\/wp-content\/uploads\/amstel_printing_logo_clean.png","width":324,"height":73,"caption":"Amstel Printing"},"image":{"@id":"https:\/\/www.amstelprinting.nl\/de\/#\/schema\/logo\/image\/"}}]}},"_links":{"self":[{"href":"https:\/\/www.amstelprinting.nl\/de\/wp-json\/wp\/v2\/product\/14664","targetHints":{"allow":["GET"]}}],"collection":[{"href":"https:\/\/www.amstelprinting.nl\/de\/wp-json\/wp\/v2\/product"}],"about":[{"href":"https:\/\/www.amstelprinting.nl\/de\/wp-json\/wp\/v2\/types\/product"}],"wp:featuredmedia":[{"embeddable":true,"href":"https:\/\/www.amstelprinting.nl\/de\/wp-json\/wp\/v2\/media\/14665"}],"wp:attachment":[{"href":"https:\/\/www.amstelprinting.nl\/de\/wp-json\/wp\/v2\/media?parent=14664"}],"wp:term":[{"taxonomy":"product_brand","embeddable":true,"href":"https:\/\/www.amstelprinting.nl\/de\/wp-json\/wp\/v2\/product_brand?post=14664"},{"taxonomy":"product_cat","embeddable":true,"href":"https:\/\/www.amstelprinting.nl\/de\/wp-json\/wp\/v2\/product_cat?post=14664"},{"taxonomy":"product_tag","embeddable":true,"href":"https:\/\/www.amstelprinting.nl\/de\/wp-json\/wp\/v2\/product_tag?post=14664"}],"curies":[{"name":"wp","href":"https:\/\/api.w.org\/{rel}","templated":true}]}}