{"id":14719,"date":"2025-01-24T11:30:09","date_gmt":"2025-01-24T10:30:09","guid":{"rendered":"https:\/\/www.amstelprinting.nl\/winkel\/unkategorisiert\/bootvlag\/"},"modified":"2026-02-18T12:53:59","modified_gmt":"2026-02-18T11:53:59","slug":"bootsflagge","status":"publish","type":"product","link":"https:\/\/www.amstelprinting.nl\/de\/gesch\u00e4ft\/alle-flaggen\/flaggen\/bootsflagge\/","title":{"rendered":"Bootsflagge"},"content":{"rendered":"<h3>Gr\u00f6\u00dfe und Material<\/h3>\n<p>Die bedruckte Bootsflagge ist in drei Gr\u00f6\u00dfen erh\u00e4ltlich: 40 cm x 30 cm, 60 cm x 40 cm und 75 cm x 50 cm. Unsere Bootsflaggen bestehen aus Longlife, einem langlebigen und starken Stoff, der weniger schnell ausfranst. Dieses Material wurde speziell entwickelt, um den rauen Bedingungen auf dem Wasser standzuhalten, damit Ihre Bootsflagge immer bestm\u00f6glich aussieht.<\/p>\n<p>Bootsflaggen werden einseitig mit einem Durchdruck von 90 bis 95 Prozent bedruckt. Auf der R\u00fcckseite ist Ihr Druck spiegelverkehrt sichtbar.<\/p>\n<h3>Verarbeitung<\/h3>\n<p>Unsere Bootsflaggen sind mit einem wei\u00dfen Gurtband und einer Kordel versehen, damit sie einfach am Mast Ihres Schiffes befestigt werden k\u00f6nnen.<\/p>\n<h3>Wie hoch ist die voraussichtliche Lebensdauer der Bootsflagge?<\/h3>\n<p>Die Bootsflagge wird aus Flag Longlife hergestellt, einem starken Stoff, der weniger schnell ausfranst. Bei Verwendung unter Bedingungen bis einschlie\u00dflich Windst\u00e4rke sechs h\u00e4lt die Flagge drei bis f\u00fcnf Monate.<\/p>\n","protected":false},"excerpt":{"rendered":"<h3>Wimpel mit Gurtband und Kordel<\/h3>\n<p>Die Bootsflagge \u2013 bekannt f\u00fcr ihre charakteristische spitze Form. Die Bootsflagge wird standardm\u00e4\u00dfig mit Gurtband und Kordel verarbeitet. Besonders preiswert dank 3 fester Gr\u00f6\u00dfen zur Auswahl. Mit einem gestochen scharfen Druck nach Ihren W\u00fcnschen versehen. Egal, ob Sie ein stolzer Skipper oder ein begeisterter Wassersportler sind: Unsere Bootsflaggen sind die perfekte Erg\u00e4nzung f\u00fcr jedes Boot.<\/p>\n","protected":false},"featured_media":14720,"template":"","meta":{"_et_pb_use_builder":"","_et_pb_old_content":"","_et_gb_content_width":""},"product_brand":[],"product_cat":[999,1002],"product_tag":[],"class_list":{"0":"post-14719","1":"product","2":"type-product","3":"status-publish","4":"has-post-thumbnail","6":"product_cat-alle-flaggen","7":"product_cat-flaggen","9":"first","10":"instock","11":"taxable","12":"shipping-taxable","13":"purchasable","14":"product-type-simple"},"yoast_head":"<!-- This site is optimized with the Yoast SEO plugin v27.3 - https:\/\/yoast.com\/product\/yoast-seo-wordpress\/ -->\n<title>Bootsflagge mit Gurtband und Kordel \u2013 schnelle Lieferung und gestochen scharfer Druck<\/title>\n<meta name=\"description\" content=\"Bootsflagge aus Flag Longlife-Stoff. Erh\u00e4ltlich in drei Formaten, feuerhemmend und witterungsbest\u00e4ndig.\" \/>\n<meta name=\"robots\" content=\"index, follow, max-snippet:-1, max-image-preview:large, max-video-preview:-1\" \/>\n<link rel=\"canonical\" href=\"https:\/\/www.amstelprinting.nl\/de\/gesch\u00e4ft\/alle-flaggen\/flaggen\/bootsflagge\/\" \/>\n<meta property=\"og:locale\" content=\"de_DE\" \/>\n<meta property=\"og:type\" content=\"article\" \/>\n<meta property=\"og:title\" content=\"Bootsflagge mit Gurtband und Kordel \u2013 schnelle Lieferung und gestochen scharfer Druck\" \/>\n<meta property=\"og:description\" content=\"Bootsflagge aus Flag Longlife-Stoff. Erh\u00e4ltlich in drei Formaten, feuerhemmend und witterungsbest\u00e4ndig.\" \/>\n<meta property=\"og:url\" content=\"https:\/\/www.amstelprinting.nl\/de\/gesch\u00e4ft\/alle-flaggen\/flaggen\/bootsflagge\/\" \/>\n<meta property=\"og:site_name\" content=\"Amstel Printing\" \/>\n<meta property=\"article:modified_time\" content=\"2026-02-18T11:53:59+00:00\" \/>\n<meta property=\"og:image\" content=\"https:\/\/www.amstelprinting.nl\/wp-content\/uploads\/bootvlag-bedrukken-1.png\" \/>\n\t<meta property=\"og:image:width\" content=\"900\" \/>\n\t<meta property=\"og:image:height\" content=\"900\" \/>\n\t<meta property=\"og:image:type\" content=\"image\/png\" \/>\n<meta name=\"twitter:card\" content=\"summary_large_image\" \/>\n<meta name=\"twitter:label1\" content=\"Gesch\u00e4tzte Lesezeit\" \/>\n\t<meta name=\"twitter:data1\" content=\"1\u00a0Minute\" \/>\n<script type=\"application\/ld+json\" class=\"yoast-schema-graph\">{\"@context\":\"https:\\\/\\\/schema.org\",\"@graph\":[{\"@type\":\"WebPage\",\"@id\":\"https:\\\/\\\/www.amstelprinting.nl\\\/de\\\/gesch\u00e4ft\\\/alle-flaggen\\\/flaggen\\\/bootsflagge\\\/\",\"url\":\"https:\\\/\\\/www.amstelprinting.nl\\\/de\\\/gesch\u00e4ft\\\/alle-flaggen\\\/flaggen\\\/bootsflagge\\\/\",\"name\":\"Bootsflagge mit Gurtband und Kordel \u2013 schnelle Lieferung und gestochen scharfer Druck\",\"isPartOf\":{\"@id\":\"https:\\\/\\\/www.amstelprinting.nl\\\/de\\\/#website\"},\"primaryImageOfPage\":{\"@id\":\"https:\\\/\\\/www.amstelprinting.nl\\\/de\\\/gesch\u00e4ft\\\/alle-flaggen\\\/flaggen\\\/bootsflagge\\\/#primaryimage\"},\"image\":{\"@id\":\"https:\\\/\\\/www.amstelprinting.nl\\\/de\\\/gesch\u00e4ft\\\/alle-flaggen\\\/flaggen\\\/bootsflagge\\\/#primaryimage\"},\"thumbnailUrl\":\"https:\\\/\\\/www.amstelprinting.nl\\\/wp-content\\\/uploads\\\/bootvlag-bedrukken-1.png\",\"datePublished\":\"2025-01-24T10:30:09+00:00\",\"dateModified\":\"2026-02-18T11:53:59+00:00\",\"description\":\"Bootsflagge aus Flag Longlife-Stoff. Erh\u00e4ltlich in drei Formaten, feuerhemmend und witterungsbest\u00e4ndig.\",\"breadcrumb\":{\"@id\":\"https:\\\/\\\/www.amstelprinting.nl\\\/de\\\/gesch\u00e4ft\\\/alle-flaggen\\\/flaggen\\\/bootsflagge\\\/#breadcrumb\"},\"inLanguage\":\"de\",\"potentialAction\":[{\"@type\":\"ReadAction\",\"target\":[\"https:\\\/\\\/www.amstelprinting.nl\\\/de\\\/gesch\u00e4ft\\\/alle-flaggen\\\/flaggen\\\/bootsflagge\\\/\"]}]},{\"@type\":\"ImageObject\",\"inLanguage\":\"de\",\"@id\":\"https:\\\/\\\/www.amstelprinting.nl\\\/de\\\/gesch\u00e4ft\\\/alle-flaggen\\\/flaggen\\\/bootsflagge\\\/#primaryimage\",\"url\":\"https:\\\/\\\/www.amstelprinting.nl\\\/wp-content\\\/uploads\\\/bootvlag-bedrukken-1.png\",\"contentUrl\":\"https:\\\/\\\/www.amstelprinting.nl\\\/wp-content\\\/uploads\\\/bootvlag-bedrukken-1.png\",\"width\":900,\"height\":900},{\"@type\":\"BreadcrumbList\",\"@id\":\"https:\\\/\\\/www.amstelprinting.nl\\\/de\\\/gesch\u00e4ft\\\/alle-flaggen\\\/flaggen\\\/bootsflagge\\\/#breadcrumb\",\"itemListElement\":[{\"@type\":\"ListItem\",\"position\":1,\"name\":\"\",\"item\":\"https:\\\/\\\/www.amstelprinting.nl\\\/de\\\/\"},{\"@type\":\"ListItem\",\"position\":2,\"name\":\"Amstel Printing\",\"item\":\"https:\\\/\\\/www.amstelprinting.nl\\\/de\\\/geschaeft\\\/\"},{\"@type\":\"ListItem\",\"position\":3,\"name\":\"Flaggen\",\"item\":\"https:\\\/\\\/www.amstelprinting.nl\\\/de\\\/kategorie\\\/alle-flaggen\\\/\"},{\"@type\":\"ListItem\",\"position\":4,\"name\":\"Flaggen\",\"item\":\"https:\\\/\\\/www.amstelprinting.nl\\\/de\\\/kategorie\\\/alle-flaggen\\\/flaggen\\\/\"},{\"@type\":\"ListItem\",\"position\":5,\"name\":\"Bootsflagge\"}]},{\"@type\":\"WebSite\",\"@id\":\"https:\\\/\\\/www.amstelprinting.nl\\\/de\\\/#website\",\"url\":\"https:\\\/\\\/www.amstelprinting.nl\\\/de\\\/\",\"name\":\"Amstel Printing\",\"description\":\"Creating Exposure\",\"publisher\":{\"@id\":\"https:\\\/\\\/www.amstelprinting.nl\\\/de\\\/#organization\"},\"potentialAction\":[{\"@type\":\"SearchAction\",\"target\":{\"@type\":\"EntryPoint\",\"urlTemplate\":\"https:\\\/\\\/www.amstelprinting.nl\\\/de\\\/?s={search_term_string}\"},\"query-input\":{\"@type\":\"PropertyValueSpecification\",\"valueRequired\":true,\"valueName\":\"search_term_string\"}}],\"inLanguage\":\"de\"},{\"@type\":\"Organization\",\"@id\":\"https:\\\/\\\/www.amstelprinting.nl\\\/de\\\/#organization\",\"name\":\"Amstel Printing\",\"url\":\"https:\\\/\\\/www.amstelprinting.nl\\\/de\\\/\",\"logo\":{\"@type\":\"ImageObject\",\"inLanguage\":\"de\",\"@id\":\"https:\\\/\\\/www.amstelprinting.nl\\\/de\\\/#\\\/schema\\\/logo\\\/image\\\/\",\"url\":\"https:\\\/\\\/www.amstelprinting.nl\\\/wp-content\\\/uploads\\\/amstel_printing_logo_clean.png\",\"contentUrl\":\"https:\\\/\\\/www.amstelprinting.nl\\\/wp-content\\\/uploads\\\/amstel_printing_logo_clean.png\",\"width\":324,\"height\":73,\"caption\":\"Amstel Printing\"},\"image\":{\"@id\":\"https:\\\/\\\/www.amstelprinting.nl\\\/de\\\/#\\\/schema\\\/logo\\\/image\\\/\"}}]}<\/script>\n<!-- \/ Yoast SEO plugin. -->","yoast_head_json":{"title":"Bootsflagge mit Gurtband und Kordel \u2013 schnelle Lieferung und gestochen scharfer Druck","description":"Bootsflagge aus Flag Longlife-Stoff. Erh\u00e4ltlich in drei Formaten, feuerhemmend und witterungsbest\u00e4ndig.","robots":{"index":"index","follow":"follow","max-snippet":"max-snippet:-1","max-image-preview":"max-image-preview:large","max-video-preview":"max-video-preview:-1"},"canonical":"https:\/\/www.amstelprinting.nl\/de\/gesch\u00e4ft\/alle-flaggen\/flaggen\/bootsflagge\/","og_locale":"de_DE","og_type":"article","og_title":"Bootsflagge mit Gurtband und Kordel \u2013 schnelle Lieferung und gestochen scharfer Druck","og_description":"Bootsflagge aus Flag Longlife-Stoff. Erh\u00e4ltlich in drei Formaten, feuerhemmend und witterungsbest\u00e4ndig.","og_url":"https:\/\/www.amstelprinting.nl\/de\/gesch\u00e4ft\/alle-flaggen\/flaggen\/bootsflagge\/","og_site_name":"Amstel Printing","article_modified_time":"2026-02-18T11:53:59+00:00","og_image":[{"width":900,"height":900,"url":"https:\/\/www.amstelprinting.nl\/wp-content\/uploads\/bootvlag-bedrukken-1.png","type":"image\/png"}],"twitter_card":"summary_large_image","twitter_misc":{"Gesch\u00e4tzte Lesezeit":"1\u00a0Minute"},"schema":{"@context":"https:\/\/schema.org","@graph":[{"@type":"WebPage","@id":"https:\/\/www.amstelprinting.nl\/de\/gesch\u00e4ft\/alle-flaggen\/flaggen\/bootsflagge\/","url":"https:\/\/www.amstelprinting.nl\/de\/gesch\u00e4ft\/alle-flaggen\/flaggen\/bootsflagge\/","name":"Bootsflagge mit Gurtband und Kordel \u2013 schnelle Lieferung und gestochen scharfer Druck","isPartOf":{"@id":"https:\/\/www.amstelprinting.nl\/de\/#website"},"primaryImageOfPage":{"@id":"https:\/\/www.amstelprinting.nl\/de\/gesch\u00e4ft\/alle-flaggen\/flaggen\/bootsflagge\/#primaryimage"},"image":{"@id":"https:\/\/www.amstelprinting.nl\/de\/gesch\u00e4ft\/alle-flaggen\/flaggen\/bootsflagge\/#primaryimage"},"thumbnailUrl":"https:\/\/www.amstelprinting.nl\/wp-content\/uploads\/bootvlag-bedrukken-1.png","datePublished":"2025-01-24T10:30:09+00:00","dateModified":"2026-02-18T11:53:59+00:00","description":"Bootsflagge aus Flag Longlife-Stoff. Erh\u00e4ltlich in drei Formaten, feuerhemmend und witterungsbest\u00e4ndig.","breadcrumb":{"@id":"https:\/\/www.amstelprinting.nl\/de\/gesch\u00e4ft\/alle-flaggen\/flaggen\/bootsflagge\/#breadcrumb"},"inLanguage":"de","potentialAction":[{"@type":"ReadAction","target":["https:\/\/www.amstelprinting.nl\/de\/gesch\u00e4ft\/alle-flaggen\/flaggen\/bootsflagge\/"]}]},{"@type":"ImageObject","inLanguage":"de","@id":"https:\/\/www.amstelprinting.nl\/de\/gesch\u00e4ft\/alle-flaggen\/flaggen\/bootsflagge\/#primaryimage","url":"https:\/\/www.amstelprinting.nl\/wp-content\/uploads\/bootvlag-bedrukken-1.png","contentUrl":"https:\/\/www.amstelprinting.nl\/wp-content\/uploads\/bootvlag-bedrukken-1.png","width":900,"height":900},{"@type":"BreadcrumbList","@id":"https:\/\/www.amstelprinting.nl\/de\/gesch\u00e4ft\/alle-flaggen\/flaggen\/bootsflagge\/#breadcrumb","itemListElement":[{"@type":"ListItem","position":1,"name":"","item":"https:\/\/www.amstelprinting.nl\/de\/"},{"@type":"ListItem","position":2,"name":"Amstel Printing","item":"https:\/\/www.amstelprinting.nl\/de\/geschaeft\/"},{"@type":"ListItem","position":3,"name":"Flaggen","item":"https:\/\/www.amstelprinting.nl\/de\/kategorie\/alle-flaggen\/"},{"@type":"ListItem","position":4,"name":"Flaggen","item":"https:\/\/www.amstelprinting.nl\/de\/kategorie\/alle-flaggen\/flaggen\/"},{"@type":"ListItem","position":5,"name":"Bootsflagge"}]},{"@type":"WebSite","@id":"https:\/\/www.amstelprinting.nl\/de\/#website","url":"https:\/\/www.amstelprinting.nl\/de\/","name":"Amstel Printing","description":"Creating Exposure","publisher":{"@id":"https:\/\/www.amstelprinting.nl\/de\/#organization"},"potentialAction":[{"@type":"SearchAction","target":{"@type":"EntryPoint","urlTemplate":"https:\/\/www.amstelprinting.nl\/de\/?s={search_term_string}"},"query-input":{"@type":"PropertyValueSpecification","valueRequired":true,"valueName":"search_term_string"}}],"inLanguage":"de"},{"@type":"Organization","@id":"https:\/\/www.amstelprinting.nl\/de\/#organization","name":"Amstel Printing","url":"https:\/\/www.amstelprinting.nl\/de\/","logo":{"@type":"ImageObject","inLanguage":"de","@id":"https:\/\/www.amstelprinting.nl\/de\/#\/schema\/logo\/image\/","url":"https:\/\/www.amstelprinting.nl\/wp-content\/uploads\/amstel_printing_logo_clean.png","contentUrl":"https:\/\/www.amstelprinting.nl\/wp-content\/uploads\/amstel_printing_logo_clean.png","width":324,"height":73,"caption":"Amstel Printing"},"image":{"@id":"https:\/\/www.amstelprinting.nl\/de\/#\/schema\/logo\/image\/"}}]}},"_links":{"self":[{"href":"https:\/\/www.amstelprinting.nl\/de\/wp-json\/wp\/v2\/product\/14719","targetHints":{"allow":["GET"]}}],"collection":[{"href":"https:\/\/www.amstelprinting.nl\/de\/wp-json\/wp\/v2\/product"}],"about":[{"href":"https:\/\/www.amstelprinting.nl\/de\/wp-json\/wp\/v2\/types\/product"}],"wp:featuredmedia":[{"embeddable":true,"href":"https:\/\/www.amstelprinting.nl\/de\/wp-json\/wp\/v2\/media\/14720"}],"wp:attachment":[{"href":"https:\/\/www.amstelprinting.nl\/de\/wp-json\/wp\/v2\/media?parent=14719"}],"wp:term":[{"taxonomy":"product_brand","embeddable":true,"href":"https:\/\/www.amstelprinting.nl\/de\/wp-json\/wp\/v2\/product_brand?post=14719"},{"taxonomy":"product_cat","embeddable":true,"href":"https:\/\/www.amstelprinting.nl\/de\/wp-json\/wp\/v2\/product_cat?post=14719"},{"taxonomy":"product_tag","embeddable":true,"href":"https:\/\/www.amstelprinting.nl\/de\/wp-json\/wp\/v2\/product_tag?post=14719"}],"curies":[{"name":"wp","href":"https:\/\/api.w.org\/{rel}","templated":true}]}}