{"id":14729,"date":"2025-01-24T11:30:02","date_gmt":"2025-01-24T10:30:02","guid":{"rendered":"https:\/\/www.amstelprinting.nl\/winkel\/unkategorisiert\/dibond-butler-finish\/"},"modified":"2026-02-10T12:29:05","modified_gmt":"2026-02-10T11:29:05","slug":"dibond-butler-finish","status":"publish","type":"product","link":"https:\/\/www.amstelprinting.nl\/de\/gesch\u00e4ft\/innenwerbung\/wandwerbung\/dibond-butler-finish\/","title":{"rendered":"Dibond\u00ae Butler Finish"},"content":{"rendered":"<h3>Was ist Dibond Butler Finish?<\/h3>\n<p>Dibond Butler Finish ist ein hochwertiges Sandwichpaneel mit einer Deckschicht aus geb\u00fcrstetem Aluminium und einem harten Kern aus schwarzem Kunststoff. Das Paneel hat eine Dicke von 3 mm und bietet eine maximale Druckbreite von 146 cm und eine H\u00f6he von 301 cm aus einem St\u00fcck. Sie k\u00f6nnen zwischen horizontaler oder vertikaler B\u00fcrstrichtung w\u00e4hlen, was Ihrem Druck ein einzigartiges Aussehen verleiht.<\/p>\n<h3>Veredelung Dibond\u00ae Butler Finish<\/h3>\n<p>Bei Dibond Butler Finish bleibt das Material durch den Druck hindurch sichtbar, was ein zus\u00e4tzlich dimensionales und luxuri\u00f6ses Aussehen bietet. Das Paneel kann in das gew\u00fcnschte Format oder die Konturen Ihres Designs gefr\u00e4st werden, und auf Wunsch k\u00f6nnen Bohrl\u00f6cher f\u00fcr eine einfache Befestigung hinzugef\u00fcgt werden.<\/p>\n<h3>F\u00fcr Indoor &amp; Outdoor<\/h3>\n<p>Dieses Material ist sowohl f\u00fcr Innen- als auch f\u00fcr Au\u00dfenanwendungen geeignet, was seine Vielseitigkeit erh\u00f6ht. Es verf\u00fcgt \u00fcber ein B1-Zertifikat, was bedeutet, dass es strengen Brandschutznormen entspricht. Zudem k\u00f6nnen Sie zwischen einseitiger Bedruckung w\u00e4hlen oder das Paneel unbedruckt verwenden.<\/p>\n<h3>Befestigung des Dibond\u00ae Butler Finish Paneels<\/h3>\n<p>F\u00fcr die Befestigung und Installation von Dibond Butler Finish bieten wir verschiedene Zubeh\u00f6rteile an, wie Tischklemmen und doppelseitiges Klebeband, die bei einer einfachen und sicheren Montage helfen. Durch seine robusten Eigenschaften und die elegante Oberfl\u00e4che ist Dibond Butler Finish eine hervorragende Wahl f\u00fcr eine breite Palette von Anwendungen, von Werbeschildern und Innendekoration bis hin zu professionellen Displays und Beschilderungen.<\/p>\n<h3>H\u00e4ufig gestellte Fragen zu Dibond\u00ae Butler Finish<\/h3>\n<p><strong>Welche St\u00e4rken sind f\u00fcr Dibond\u00ae Butler Finish verf\u00fcgbar?<\/strong><br \/>\nDieses Material ist in einer St\u00e4rke von 3 mm erh\u00e4ltlich.<\/p>\n<p><strong>Wie reinigt man Dibond\u00ae Butler Finish am besten?<\/strong><br \/>\nReinigen Sie Dibond\u00ae Butler Finish mit einem feuchten Tuch und bei Bedarf mit einem Allzweckreiniger. Wenden Sie nicht zu viel Druck an, um Sch\u00e4den am Material zu vermeiden. Trocknen Sie die Platte nach der Reinigung mit einem sauberen Tuch ab.<\/p>\n<p><strong>Welche Produktionstechnik verwenden Sie f\u00fcr dieses Material?<\/strong><br \/>\nWir verwenden die UV-Drucktechnik f\u00fcr Dibond\u00ae Butler Finish. Hierbei wird die Tinte durch eine UV-\u30e9\u30f3\u30d7 ausgeh\u00e4rtet, was f\u00fcr einen kratzfesten und hochwertigen Druck sorgt. Bitte beachten Sie, dass der Druck nicht vollst\u00e4ndig geruchlos ist, dieser Geruch jedoch mit der Zeit verfliegt.<\/p>\n","protected":false},"excerpt":{"rendered":"<p>Wundersch\u00f6nes, starkes Paneel mit geb\u00fcrsteter Aluminium-Deckschicht. Geeignet f\u00fcr den Innen- und Au\u00dfenbereich. Versehen mit einem messerscharfen Druck Ihres Designs. Stellen Sie unten in wenigen Schritten Ihr Dibond\u00ae Butler Finish Paneel zusammen.<\/p>\n","protected":false},"featured_media":14730,"template":"","meta":{"_et_pb_use_builder":"","_et_pb_old_content":"","_et_gb_content_width":""},"product_brand":[],"product_cat":[907,930],"product_tag":[],"class_list":{"0":"post-14729","1":"product","2":"type-product","3":"status-publish","4":"has-post-thumbnail","6":"product_cat-innenwerbung","7":"product_cat-wandwerbung","9":"first","10":"instock","11":"taxable","12":"shipping-taxable","13":"purchasable","14":"product-type-simple"},"yoast_head":"<!-- This site is optimized with the Yoast SEO plugin v27.3 - https:\/\/yoast.com\/product\/yoast-seo-wordpress\/ -->\n<title>Dibond\u00ae Butler Finish: Langlebiges Aluminiumpaneel f\u00fcr Innen &amp; Au\u00dfen<\/title>\n<meta name=\"description\" content=\"Bestellen Sie das Dibond\u00ae Butler Finish Paneel mit einer einzigartigen geb\u00fcrsteten Aluminium-Deckschicht und einem robusten Kunststoffkern. Ideal f\u00fcr langlebige &amp; luxuri\u00f6se Drucke.\" \/>\n<meta name=\"robots\" content=\"index, follow, max-snippet:-1, max-image-preview:large, max-video-preview:-1\" \/>\n<link rel=\"canonical\" href=\"https:\/\/www.amstelprinting.nl\/de\/gesch\u00e4ft\/innenwerbung\/wandwerbung\/dibond-butler-finish\/\" \/>\n<meta property=\"og:locale\" content=\"de_DE\" \/>\n<meta property=\"og:type\" content=\"article\" \/>\n<meta property=\"og:title\" content=\"Dibond\u00ae Butler Finish: Langlebiges Aluminiumpaneel f\u00fcr Innen &amp; Au\u00dfen\" \/>\n<meta property=\"og:description\" content=\"Bestellen Sie das Dibond\u00ae Butler Finish Paneel mit einer einzigartigen geb\u00fcrsteten Aluminium-Deckschicht und einem robusten Kunststoffkern. Ideal f\u00fcr langlebige &amp; luxuri\u00f6se Drucke.\" \/>\n<meta property=\"og:url\" content=\"https:\/\/www.amstelprinting.nl\/de\/gesch\u00e4ft\/innenwerbung\/wandwerbung\/dibond-butler-finish\/\" \/>\n<meta property=\"og:site_name\" content=\"Amstel Printing\" \/>\n<meta property=\"article:modified_time\" content=\"2026-02-10T11:29:05+00:00\" \/>\n<meta property=\"og:image\" content=\"https:\/\/www.amstelprinting.nl\/wp-content\/uploads\/Dibond-Butler-Finish-3-mm.jpg\" \/>\n\t<meta property=\"og:image:width\" content=\"700\" \/>\n\t<meta property=\"og:image:height\" content=\"700\" \/>\n\t<meta property=\"og:image:type\" content=\"image\/jpeg\" \/>\n<meta name=\"twitter:card\" content=\"summary_large_image\" \/>\n<meta name=\"twitter:label1\" content=\"Gesch\u00e4tzte Lesezeit\" \/>\n\t<meta name=\"twitter:data1\" content=\"2\u00a0Minuten\" \/>\n<script type=\"application\/ld+json\" class=\"yoast-schema-graph\">{\"@context\":\"https:\\\/\\\/schema.org\",\"@graph\":[{\"@type\":\"WebPage\",\"@id\":\"https:\\\/\\\/www.amstelprinting.nl\\\/de\\\/gesch\u00e4ft\\\/innenwerbung\\\/wandwerbung\\\/dibond-butler-finish\\\/\",\"url\":\"https:\\\/\\\/www.amstelprinting.nl\\\/de\\\/gesch\u00e4ft\\\/innenwerbung\\\/wandwerbung\\\/dibond-butler-finish\\\/\",\"name\":\"Dibond\u00ae Butler Finish: Langlebiges Aluminiumpaneel f\u00fcr Innen & Au\u00dfen\",\"isPartOf\":{\"@id\":\"https:\\\/\\\/www.amstelprinting.nl\\\/de\\\/#website\"},\"primaryImageOfPage\":{\"@id\":\"https:\\\/\\\/www.amstelprinting.nl\\\/de\\\/gesch\u00e4ft\\\/innenwerbung\\\/wandwerbung\\\/dibond-butler-finish\\\/#primaryimage\"},\"image\":{\"@id\":\"https:\\\/\\\/www.amstelprinting.nl\\\/de\\\/gesch\u00e4ft\\\/innenwerbung\\\/wandwerbung\\\/dibond-butler-finish\\\/#primaryimage\"},\"thumbnailUrl\":\"https:\\\/\\\/www.amstelprinting.nl\\\/wp-content\\\/uploads\\\/Dibond-Butler-Finish-3-mm.jpg\",\"datePublished\":\"2025-01-24T10:30:02+00:00\",\"dateModified\":\"2026-02-10T11:29:05+00:00\",\"description\":\"Bestellen Sie das Dibond\u00ae Butler Finish Paneel mit einer einzigartigen geb\u00fcrsteten Aluminium-Deckschicht und einem robusten Kunststoffkern. Ideal f\u00fcr langlebige & luxuri\u00f6se Drucke.\",\"breadcrumb\":{\"@id\":\"https:\\\/\\\/www.amstelprinting.nl\\\/de\\\/gesch\u00e4ft\\\/innenwerbung\\\/wandwerbung\\\/dibond-butler-finish\\\/#breadcrumb\"},\"inLanguage\":\"de\",\"potentialAction\":[{\"@type\":\"ReadAction\",\"target\":[\"https:\\\/\\\/www.amstelprinting.nl\\\/de\\\/gesch\u00e4ft\\\/innenwerbung\\\/wandwerbung\\\/dibond-butler-finish\\\/\"]}]},{\"@type\":\"ImageObject\",\"inLanguage\":\"de\",\"@id\":\"https:\\\/\\\/www.amstelprinting.nl\\\/de\\\/gesch\u00e4ft\\\/innenwerbung\\\/wandwerbung\\\/dibond-butler-finish\\\/#primaryimage\",\"url\":\"https:\\\/\\\/www.amstelprinting.nl\\\/wp-content\\\/uploads\\\/Dibond-Butler-Finish-3-mm.jpg\",\"contentUrl\":\"https:\\\/\\\/www.amstelprinting.nl\\\/wp-content\\\/uploads\\\/Dibond-Butler-Finish-3-mm.jpg\",\"width\":700,\"height\":700},{\"@type\":\"BreadcrumbList\",\"@id\":\"https:\\\/\\\/www.amstelprinting.nl\\\/de\\\/gesch\u00e4ft\\\/innenwerbung\\\/wandwerbung\\\/dibond-butler-finish\\\/#breadcrumb\",\"itemListElement\":[{\"@type\":\"ListItem\",\"position\":1,\"name\":\"\",\"item\":\"https:\\\/\\\/www.amstelprinting.nl\\\/de\\\/\"},{\"@type\":\"ListItem\",\"position\":2,\"name\":\"Amstel Printing\",\"item\":\"https:\\\/\\\/www.amstelprinting.nl\\\/de\\\/geschaeft\\\/\"},{\"@type\":\"ListItem\",\"position\":3,\"name\":\"Innenwerbung\",\"item\":\"https:\\\/\\\/www.amstelprinting.nl\\\/de\\\/kategorie\\\/innenwerbung\\\/\"},{\"@type\":\"ListItem\",\"position\":4,\"name\":\"Wandwerbung\",\"item\":\"https:\\\/\\\/www.amstelprinting.nl\\\/de\\\/kategorie\\\/innenwerbung\\\/wandwerbung\\\/\"},{\"@type\":\"ListItem\",\"position\":5,\"name\":\"Dibond\u00ae Butler Finish\"}]},{\"@type\":\"WebSite\",\"@id\":\"https:\\\/\\\/www.amstelprinting.nl\\\/de\\\/#website\",\"url\":\"https:\\\/\\\/www.amstelprinting.nl\\\/de\\\/\",\"name\":\"Amstel Printing\",\"description\":\"Creating Exposure\",\"publisher\":{\"@id\":\"https:\\\/\\\/www.amstelprinting.nl\\\/de\\\/#organization\"},\"potentialAction\":[{\"@type\":\"SearchAction\",\"target\":{\"@type\":\"EntryPoint\",\"urlTemplate\":\"https:\\\/\\\/www.amstelprinting.nl\\\/de\\\/?s={search_term_string}\"},\"query-input\":{\"@type\":\"PropertyValueSpecification\",\"valueRequired\":true,\"valueName\":\"search_term_string\"}}],\"inLanguage\":\"de\"},{\"@type\":\"Organization\",\"@id\":\"https:\\\/\\\/www.amstelprinting.nl\\\/de\\\/#organization\",\"name\":\"Amstel Printing\",\"url\":\"https:\\\/\\\/www.amstelprinting.nl\\\/de\\\/\",\"logo\":{\"@type\":\"ImageObject\",\"inLanguage\":\"de\",\"@id\":\"https:\\\/\\\/www.amstelprinting.nl\\\/de\\\/#\\\/schema\\\/logo\\\/image\\\/\",\"url\":\"https:\\\/\\\/www.amstelprinting.nl\\\/wp-content\\\/uploads\\\/amstel_printing_logo_clean.png\",\"contentUrl\":\"https:\\\/\\\/www.amstelprinting.nl\\\/wp-content\\\/uploads\\\/amstel_printing_logo_clean.png\",\"width\":324,\"height\":73,\"caption\":\"Amstel Printing\"},\"image\":{\"@id\":\"https:\\\/\\\/www.amstelprinting.nl\\\/de\\\/#\\\/schema\\\/logo\\\/image\\\/\"}}]}<\/script>\n<!-- \/ Yoast SEO plugin. -->","yoast_head_json":{"title":"Dibond\u00ae Butler Finish: Langlebiges Aluminiumpaneel f\u00fcr Innen & Au\u00dfen","description":"Bestellen Sie das Dibond\u00ae Butler Finish Paneel mit einer einzigartigen geb\u00fcrsteten Aluminium-Deckschicht und einem robusten Kunststoffkern. Ideal f\u00fcr langlebige & luxuri\u00f6se Drucke.","robots":{"index":"index","follow":"follow","max-snippet":"max-snippet:-1","max-image-preview":"max-image-preview:large","max-video-preview":"max-video-preview:-1"},"canonical":"https:\/\/www.amstelprinting.nl\/de\/gesch\u00e4ft\/innenwerbung\/wandwerbung\/dibond-butler-finish\/","og_locale":"de_DE","og_type":"article","og_title":"Dibond\u00ae Butler Finish: Langlebiges Aluminiumpaneel f\u00fcr Innen & Au\u00dfen","og_description":"Bestellen Sie das Dibond\u00ae Butler Finish Paneel mit einer einzigartigen geb\u00fcrsteten Aluminium-Deckschicht und einem robusten Kunststoffkern. Ideal f\u00fcr langlebige & luxuri\u00f6se Drucke.","og_url":"https:\/\/www.amstelprinting.nl\/de\/gesch\u00e4ft\/innenwerbung\/wandwerbung\/dibond-butler-finish\/","og_site_name":"Amstel Printing","article_modified_time":"2026-02-10T11:29:05+00:00","og_image":[{"width":700,"height":700,"url":"https:\/\/www.amstelprinting.nl\/wp-content\/uploads\/Dibond-Butler-Finish-3-mm.jpg","type":"image\/jpeg"}],"twitter_card":"summary_large_image","twitter_misc":{"Gesch\u00e4tzte Lesezeit":"2\u00a0Minuten"},"schema":{"@context":"https:\/\/schema.org","@graph":[{"@type":"WebPage","@id":"https:\/\/www.amstelprinting.nl\/de\/gesch\u00e4ft\/innenwerbung\/wandwerbung\/dibond-butler-finish\/","url":"https:\/\/www.amstelprinting.nl\/de\/gesch\u00e4ft\/innenwerbung\/wandwerbung\/dibond-butler-finish\/","name":"Dibond\u00ae Butler Finish: Langlebiges Aluminiumpaneel f\u00fcr Innen & Au\u00dfen","isPartOf":{"@id":"https:\/\/www.amstelprinting.nl\/de\/#website"},"primaryImageOfPage":{"@id":"https:\/\/www.amstelprinting.nl\/de\/gesch\u00e4ft\/innenwerbung\/wandwerbung\/dibond-butler-finish\/#primaryimage"},"image":{"@id":"https:\/\/www.amstelprinting.nl\/de\/gesch\u00e4ft\/innenwerbung\/wandwerbung\/dibond-butler-finish\/#primaryimage"},"thumbnailUrl":"https:\/\/www.amstelprinting.nl\/wp-content\/uploads\/Dibond-Butler-Finish-3-mm.jpg","datePublished":"2025-01-24T10:30:02+00:00","dateModified":"2026-02-10T11:29:05+00:00","description":"Bestellen Sie das Dibond\u00ae Butler Finish Paneel mit einer einzigartigen geb\u00fcrsteten Aluminium-Deckschicht und einem robusten Kunststoffkern. Ideal f\u00fcr langlebige & luxuri\u00f6se Drucke.","breadcrumb":{"@id":"https:\/\/www.amstelprinting.nl\/de\/gesch\u00e4ft\/innenwerbung\/wandwerbung\/dibond-butler-finish\/#breadcrumb"},"inLanguage":"de","potentialAction":[{"@type":"ReadAction","target":["https:\/\/www.amstelprinting.nl\/de\/gesch\u00e4ft\/innenwerbung\/wandwerbung\/dibond-butler-finish\/"]}]},{"@type":"ImageObject","inLanguage":"de","@id":"https:\/\/www.amstelprinting.nl\/de\/gesch\u00e4ft\/innenwerbung\/wandwerbung\/dibond-butler-finish\/#primaryimage","url":"https:\/\/www.amstelprinting.nl\/wp-content\/uploads\/Dibond-Butler-Finish-3-mm.jpg","contentUrl":"https:\/\/www.amstelprinting.nl\/wp-content\/uploads\/Dibond-Butler-Finish-3-mm.jpg","width":700,"height":700},{"@type":"BreadcrumbList","@id":"https:\/\/www.amstelprinting.nl\/de\/gesch\u00e4ft\/innenwerbung\/wandwerbung\/dibond-butler-finish\/#breadcrumb","itemListElement":[{"@type":"ListItem","position":1,"name":"","item":"https:\/\/www.amstelprinting.nl\/de\/"},{"@type":"ListItem","position":2,"name":"Amstel Printing","item":"https:\/\/www.amstelprinting.nl\/de\/geschaeft\/"},{"@type":"ListItem","position":3,"name":"Innenwerbung","item":"https:\/\/www.amstelprinting.nl\/de\/kategorie\/innenwerbung\/"},{"@type":"ListItem","position":4,"name":"Wandwerbung","item":"https:\/\/www.amstelprinting.nl\/de\/kategorie\/innenwerbung\/wandwerbung\/"},{"@type":"ListItem","position":5,"name":"Dibond\u00ae Butler Finish"}]},{"@type":"WebSite","@id":"https:\/\/www.amstelprinting.nl\/de\/#website","url":"https:\/\/www.amstelprinting.nl\/de\/","name":"Amstel Printing","description":"Creating Exposure","publisher":{"@id":"https:\/\/www.amstelprinting.nl\/de\/#organization"},"potentialAction":[{"@type":"SearchAction","target":{"@type":"EntryPoint","urlTemplate":"https:\/\/www.amstelprinting.nl\/de\/?s={search_term_string}"},"query-input":{"@type":"PropertyValueSpecification","valueRequired":true,"valueName":"search_term_string"}}],"inLanguage":"de"},{"@type":"Organization","@id":"https:\/\/www.amstelprinting.nl\/de\/#organization","name":"Amstel Printing","url":"https:\/\/www.amstelprinting.nl\/de\/","logo":{"@type":"ImageObject","inLanguage":"de","@id":"https:\/\/www.amstelprinting.nl\/de\/#\/schema\/logo\/image\/","url":"https:\/\/www.amstelprinting.nl\/wp-content\/uploads\/amstel_printing_logo_clean.png","contentUrl":"https:\/\/www.amstelprinting.nl\/wp-content\/uploads\/amstel_printing_logo_clean.png","width":324,"height":73,"caption":"Amstel Printing"},"image":{"@id":"https:\/\/www.amstelprinting.nl\/de\/#\/schema\/logo\/image\/"}}]}},"_links":{"self":[{"href":"https:\/\/www.amstelprinting.nl\/de\/wp-json\/wp\/v2\/product\/14729","targetHints":{"allow":["GET"]}}],"collection":[{"href":"https:\/\/www.amstelprinting.nl\/de\/wp-json\/wp\/v2\/product"}],"about":[{"href":"https:\/\/www.amstelprinting.nl\/de\/wp-json\/wp\/v2\/types\/product"}],"wp:featuredmedia":[{"embeddable":true,"href":"https:\/\/www.amstelprinting.nl\/de\/wp-json\/wp\/v2\/media\/14730"}],"wp:attachment":[{"href":"https:\/\/www.amstelprinting.nl\/de\/wp-json\/wp\/v2\/media?parent=14729"}],"wp:term":[{"taxonomy":"product_brand","embeddable":true,"href":"https:\/\/www.amstelprinting.nl\/de\/wp-json\/wp\/v2\/product_brand?post=14729"},{"taxonomy":"product_cat","embeddable":true,"href":"https:\/\/www.amstelprinting.nl\/de\/wp-json\/wp\/v2\/product_cat?post=14729"},{"taxonomy":"product_tag","embeddable":true,"href":"https:\/\/www.amstelprinting.nl\/de\/wp-json\/wp\/v2\/product_tag?post=14729"}],"curies":[{"name":"wp","href":"https:\/\/api.w.org\/{rel}","templated":true}]}}