{"id":14739,"date":"2025-01-24T11:29:46","date_gmt":"2025-01-24T10:29:46","guid":{"rendered":"https:\/\/www.amstelprinting.nl\/winkel\/unkategorisiert\/akoestisch-textielframe\/"},"modified":"2026-02-18T12:54:00","modified_gmt":"2026-02-18T11:54:00","slug":"akustik-textilrahmen","status":"publish","type":"product","link":"https:\/\/www.amstelprinting.nl\/de\/gesch\u00e4ft\/innere\/wanddekoration\/akustik-textilrahmen\/","title":{"rendered":"Akustik-Textilrahmen"},"content":{"rendered":"<h3>Akustik-Textilrahmen bestellen<\/h3>\n<p>Schaffen Sie die perfekte Klangumgebung mit unserem Akustik-Textilrahmen. Verbessern Sie die Akustik und das Erscheinungsbild jedes Raumes mit unserem vielseitigen Akustik-Textilrahmen. Ob Sie die Akustik und Ausstrahlung eines B\u00fcros, eines \u00f6ffentlichen Raums oder eines Wohnraums optimieren m\u00f6chten; der Akustik-Textilrahmen ist die perfekte L\u00f6sung. Sie bestimmen das gew\u00fcnschte Format selbst. Ein neues Design? Kein Problem! Das Spanntuch k\u00f6nnen Sie einfach nachbestellen.<\/p>\n<h3>Vorteile<\/h3>\n<ul>\n<li>Inklusive gestochen scharfem Druck Ihres Entwurfs oder Bildes<\/li>\n<li>Das Spanntuch ist leicht austauschbar<\/li>\n<li>Wahl aus drei Rahmenfarben (Aluminium, Schwarz oder Wei\u00df)<\/li>\n<li>Erh\u00e4ltlich in sieben verschiedenen Materialien<\/li>\n<li>Lieferung innerhalb von 1 Werktag m\u00f6glich!<\/li>\n<\/ul>\n<p>&nbsp;<\/p>\n<h3>Materialien<\/h3>\n<p>Unsere Rahmen sind in Silber (Aluminium), Schwarz oder Wei\u00df erh\u00e4ltlich, sodass sie nahtlos in jedes Interieur passen. Wir bieten eine breite Palette an hochwertigen Materialien (Spannt\u00fccher). Im Folgenden erl\u00e4utern wir kurz die verschiedenen Eigenschaften.<\/p>\n<ul>\n<li><strong>Dekostof<\/strong>: Am h\u00e4ufigsten bestellte Tuchart. Geschmeidiges Polyestertuch mit einer feinen Struktur und kraftvoller Ausstrahlung.<\/li>\n<li><strong>Dekostof Blockout<\/strong>: Lichtblockierendes Polyestertuch mit einer schwarzen R\u00fcckseite und B1-Zertifikat.<\/li>\n<li><strong>Structex<\/strong>: Strukturierter Stoff aus hochwertigem Polyester mit Baumwoll-Optik.<\/li>\n<li><strong>Velours<\/strong>: Hochwertiges Polyester mit kurzem Flor f\u00fcr eine samtweiche Ausstrahlung.<\/li>\n<li><strong>Blackback Soft<\/strong>: Polyester-Blockout-Tuch mit einer schwarzen R\u00fcckseite und B1-Zertifikat.<\/li>\n<li><strong>Blackback XL<\/strong>: Polyester-Blockout-Tuch mit einer schwarzen R\u00fcckseite und B1-Zertifikat, ideal f\u00fcr Gro\u00dfformate.<\/li>\n<li><strong>Decotex UV<\/strong>: Geschmeidiges Polyestertuch mit einer feinen Struktur und kraftvoller Ausstrahlung, perfekt f\u00fcr Gro\u00dfformate.<\/li>\n<\/ul>\n<p>&nbsp;<\/p>\n<h3>Merkmale<\/h3>\n<p>Das 25 mm dicke Akustikmaterial (Paneel) ist unsichtbar und befindet sich an der Innenseite des Textilrahmens. Das Spanntuch (mit Ihrem Druck) wird dar\u00fcber platziert.<br \/>\nDas Akustikpaneel besteht zu 60 % aus recycelten Polyesterfasern und ist zu 100 % recycelbar. Mit einem Schallabsorptionsgrad von 0,45 (Absorptionsklasse D) tr\u00e4gt es effektiv zu einer verbesserten Klangumgebung bei. Zudem ist das gesamte Produkt schwer entflammbar und feuerhemmend, was einen sicheren Einsatz in \u00f6ffentlichen R\u00e4umen erm\u00f6glicht. Es entspricht der Norm DIN 4102 B1, das Zertifikat finden Sie unter der Rubrik Downloads.<\/p>\n<h3>Zubeh\u00f6r<\/h3>\n<p>Sie k\u00f6nnen w\u00e4hlen, ob Sie den Akustik-Textilrahmen aufh\u00e4ngen oder festschrauben m\u00f6chten, je nach Vorliebe. Zus\u00e4tzlich bieten wir praktisches Zubeh\u00f6r wie das E-locktool an, um die Installation so einfach wie m\u00f6glich zu gestalten. W\u00e4hlen Sie unseren Akustik-Textilrahmen und kombinieren Sie Schalld\u00e4mmung mit Stil in jedem Raum. Optimieren Sie Ihre Umgebung mit dieser nachhaltigen, brandsicheren und ma\u00dfgeschneiderten L\u00f6sung!<\/p>\n","protected":false},"excerpt":{"rendered":"<h3>Wundersch\u00f6nes Akustikpaneel mit austauschbarem Spanntuch<\/h3>\n<p>Die Ma\u00dfe bestimmen Sie selbst. Laden Sie Ihr Foto hoch oder w\u00e4hlen Sie aus \u00fcber 20.000 Designs. Das Besondere an diesem Textilrahmen ist, dass er zu einer verbesserten Akustik beitr\u00e4gt. Konfigurieren Sie hier unten Ihr Akustikpaneel in nur wenigen Schritten!<\/p>\n","protected":false},"featured_media":14740,"template":"","meta":{"_et_pb_use_builder":"","_et_pb_old_content":"","_et_gb_content_width":""},"product_brand":[],"product_cat":[944,907,947,942,930],"product_tag":[],"class_list":{"0":"post-14739","1":"product","2":"type-product","3":"status-publish","4":"has-post-thumbnail","6":"product_cat-buro","7":"product_cat-innenwerbung","8":"product_cat-innere","9":"product_cat-wanddekoration","10":"product_cat-wandwerbung","12":"first","13":"instock","14":"taxable","15":"shipping-taxable","16":"purchasable","17":"product-type-simple"},"yoast_head":"<!-- This site is optimized with the Yoast SEO plugin v27.3 - https:\/\/yoast.com\/product\/yoast-seo-wordpress\/ -->\n<title>Akustik-Textilrahmen | Amstel Printing<\/title>\n<meta name=\"robots\" content=\"index, follow, max-snippet:-1, max-image-preview:large, max-video-preview:-1\" \/>\n<link rel=\"canonical\" href=\"https:\/\/www.amstelprinting.nl\/de\/gesch\u00e4ft\/innere\/wanddekoration\/akustik-textilrahmen\/\" \/>\n<meta property=\"og:locale\" content=\"de_DE\" \/>\n<meta property=\"og:type\" content=\"article\" \/>\n<meta property=\"og:title\" content=\"Akustik-Textilrahmen | Amstel Printing\" \/>\n<meta property=\"og:description\" content=\"Wundersch\u00f6nes Akustikpaneel mit austauschbarem Spanntuch Die Ma\u00dfe bestimmen Sie selbst. Laden Sie Ihr Foto hoch oder w\u00e4hlen Sie aus \u00fcber 20.000 Designs. Das Besondere an diesem Textilrahmen ist, dass er zu einer verbesserten Akustik beitr\u00e4gt. Konfigurieren Sie hier unten Ihr Akustikpaneel in nur wenigen Schritten!\" \/>\n<meta property=\"og:url\" content=\"https:\/\/www.amstelprinting.nl\/de\/gesch\u00e4ft\/innere\/wanddekoration\/akustik-textilrahmen\/\" \/>\n<meta property=\"og:site_name\" content=\"Amstel Printing\" \/>\n<meta property=\"article:modified_time\" content=\"2026-02-18T11:54:00+00:00\" \/>\n<meta property=\"og:image\" content=\"https:\/\/www.amstelprinting.nl\/wp-content\/uploads\/Akoestisch-textielframe.jpg\" \/>\n\t<meta property=\"og:image:width\" content=\"700\" \/>\n\t<meta property=\"og:image:height\" content=\"700\" \/>\n\t<meta property=\"og:image:type\" content=\"image\/jpeg\" \/>\n<meta name=\"twitter:card\" content=\"summary_large_image\" \/>\n<meta name=\"twitter:label1\" content=\"Gesch\u00e4tzte Lesezeit\" \/>\n\t<meta name=\"twitter:data1\" content=\"2\u00a0Minuten\" \/>\n<script type=\"application\/ld+json\" class=\"yoast-schema-graph\">{\"@context\":\"https:\\\/\\\/schema.org\",\"@graph\":[{\"@type\":\"WebPage\",\"@id\":\"https:\\\/\\\/www.amstelprinting.nl\\\/de\\\/gesch\u00e4ft\\\/innere\\\/wanddekoration\\\/akustik-textilrahmen\\\/\",\"url\":\"https:\\\/\\\/www.amstelprinting.nl\\\/de\\\/gesch\u00e4ft\\\/innere\\\/wanddekoration\\\/akustik-textilrahmen\\\/\",\"name\":\"Akustik-Textilrahmen | Amstel Printing\",\"isPartOf\":{\"@id\":\"https:\\\/\\\/www.amstelprinting.nl\\\/de\\\/#website\"},\"primaryImageOfPage\":{\"@id\":\"https:\\\/\\\/www.amstelprinting.nl\\\/de\\\/gesch\u00e4ft\\\/innere\\\/wanddekoration\\\/akustik-textilrahmen\\\/#primaryimage\"},\"image\":{\"@id\":\"https:\\\/\\\/www.amstelprinting.nl\\\/de\\\/gesch\u00e4ft\\\/innere\\\/wanddekoration\\\/akustik-textilrahmen\\\/#primaryimage\"},\"thumbnailUrl\":\"https:\\\/\\\/www.amstelprinting.nl\\\/wp-content\\\/uploads\\\/Akoestisch-textielframe.jpg\",\"datePublished\":\"2025-01-24T10:29:46+00:00\",\"dateModified\":\"2026-02-18T11:54:00+00:00\",\"breadcrumb\":{\"@id\":\"https:\\\/\\\/www.amstelprinting.nl\\\/de\\\/gesch\u00e4ft\\\/innere\\\/wanddekoration\\\/akustik-textilrahmen\\\/#breadcrumb\"},\"inLanguage\":\"de\",\"potentialAction\":[{\"@type\":\"ReadAction\",\"target\":[\"https:\\\/\\\/www.amstelprinting.nl\\\/de\\\/gesch\u00e4ft\\\/innere\\\/wanddekoration\\\/akustik-textilrahmen\\\/\"]}]},{\"@type\":\"ImageObject\",\"inLanguage\":\"de\",\"@id\":\"https:\\\/\\\/www.amstelprinting.nl\\\/de\\\/gesch\u00e4ft\\\/innere\\\/wanddekoration\\\/akustik-textilrahmen\\\/#primaryimage\",\"url\":\"https:\\\/\\\/www.amstelprinting.nl\\\/wp-content\\\/uploads\\\/Akoestisch-textielframe.jpg\",\"contentUrl\":\"https:\\\/\\\/www.amstelprinting.nl\\\/wp-content\\\/uploads\\\/Akoestisch-textielframe.jpg\",\"width\":700,\"height\":700},{\"@type\":\"BreadcrumbList\",\"@id\":\"https:\\\/\\\/www.amstelprinting.nl\\\/de\\\/gesch\u00e4ft\\\/innere\\\/wanddekoration\\\/akustik-textilrahmen\\\/#breadcrumb\",\"itemListElement\":[{\"@type\":\"ListItem\",\"position\":1,\"name\":\"\",\"item\":\"https:\\\/\\\/www.amstelprinting.nl\\\/de\\\/\"},{\"@type\":\"ListItem\",\"position\":2,\"name\":\"Amstel Printing\",\"item\":\"https:\\\/\\\/www.amstelprinting.nl\\\/de\\\/geschaeft\\\/\"},{\"@type\":\"ListItem\",\"position\":3,\"name\":\"Innenwerbung\",\"item\":\"https:\\\/\\\/www.amstelprinting.nl\\\/de\\\/kategorie\\\/innenwerbung\\\/\"},{\"@type\":\"ListItem\",\"position\":4,\"name\":\"Wandwerbung\",\"item\":\"https:\\\/\\\/www.amstelprinting.nl\\\/de\\\/kategorie\\\/innenwerbung\\\/wandwerbung\\\/\"},{\"@type\":\"ListItem\",\"position\":5,\"name\":\"Akustik-Textilrahmen\"}]},{\"@type\":\"WebSite\",\"@id\":\"https:\\\/\\\/www.amstelprinting.nl\\\/de\\\/#website\",\"url\":\"https:\\\/\\\/www.amstelprinting.nl\\\/de\\\/\",\"name\":\"Amstel Printing\",\"description\":\"Creating Exposure\",\"publisher\":{\"@id\":\"https:\\\/\\\/www.amstelprinting.nl\\\/de\\\/#organization\"},\"potentialAction\":[{\"@type\":\"SearchAction\",\"target\":{\"@type\":\"EntryPoint\",\"urlTemplate\":\"https:\\\/\\\/www.amstelprinting.nl\\\/de\\\/?s={search_term_string}\"},\"query-input\":{\"@type\":\"PropertyValueSpecification\",\"valueRequired\":true,\"valueName\":\"search_term_string\"}}],\"inLanguage\":\"de\"},{\"@type\":\"Organization\",\"@id\":\"https:\\\/\\\/www.amstelprinting.nl\\\/de\\\/#organization\",\"name\":\"Amstel Printing\",\"url\":\"https:\\\/\\\/www.amstelprinting.nl\\\/de\\\/\",\"logo\":{\"@type\":\"ImageObject\",\"inLanguage\":\"de\",\"@id\":\"https:\\\/\\\/www.amstelprinting.nl\\\/de\\\/#\\\/schema\\\/logo\\\/image\\\/\",\"url\":\"https:\\\/\\\/www.amstelprinting.nl\\\/wp-content\\\/uploads\\\/amstel_printing_logo_clean.png\",\"contentUrl\":\"https:\\\/\\\/www.amstelprinting.nl\\\/wp-content\\\/uploads\\\/amstel_printing_logo_clean.png\",\"width\":324,\"height\":73,\"caption\":\"Amstel Printing\"},\"image\":{\"@id\":\"https:\\\/\\\/www.amstelprinting.nl\\\/de\\\/#\\\/schema\\\/logo\\\/image\\\/\"}}]}<\/script>\n<!-- \/ Yoast SEO plugin. -->","yoast_head_json":{"title":"Akustik-Textilrahmen | Amstel Printing","robots":{"index":"index","follow":"follow","max-snippet":"max-snippet:-1","max-image-preview":"max-image-preview:large","max-video-preview":"max-video-preview:-1"},"canonical":"https:\/\/www.amstelprinting.nl\/de\/gesch\u00e4ft\/innere\/wanddekoration\/akustik-textilrahmen\/","og_locale":"de_DE","og_type":"article","og_title":"Akustik-Textilrahmen | Amstel Printing","og_description":"Wundersch\u00f6nes Akustikpaneel mit austauschbarem Spanntuch Die Ma\u00dfe bestimmen Sie selbst. Laden Sie Ihr Foto hoch oder w\u00e4hlen Sie aus \u00fcber 20.000 Designs. Das Besondere an diesem Textilrahmen ist, dass er zu einer verbesserten Akustik beitr\u00e4gt. Konfigurieren Sie hier unten Ihr Akustikpaneel in nur wenigen Schritten!","og_url":"https:\/\/www.amstelprinting.nl\/de\/gesch\u00e4ft\/innere\/wanddekoration\/akustik-textilrahmen\/","og_site_name":"Amstel Printing","article_modified_time":"2026-02-18T11:54:00+00:00","og_image":[{"width":700,"height":700,"url":"https:\/\/www.amstelprinting.nl\/wp-content\/uploads\/Akoestisch-textielframe.jpg","type":"image\/jpeg"}],"twitter_card":"summary_large_image","twitter_misc":{"Gesch\u00e4tzte Lesezeit":"2\u00a0Minuten"},"schema":{"@context":"https:\/\/schema.org","@graph":[{"@type":"WebPage","@id":"https:\/\/www.amstelprinting.nl\/de\/gesch\u00e4ft\/innere\/wanddekoration\/akustik-textilrahmen\/","url":"https:\/\/www.amstelprinting.nl\/de\/gesch\u00e4ft\/innere\/wanddekoration\/akustik-textilrahmen\/","name":"Akustik-Textilrahmen | Amstel Printing","isPartOf":{"@id":"https:\/\/www.amstelprinting.nl\/de\/#website"},"primaryImageOfPage":{"@id":"https:\/\/www.amstelprinting.nl\/de\/gesch\u00e4ft\/innere\/wanddekoration\/akustik-textilrahmen\/#primaryimage"},"image":{"@id":"https:\/\/www.amstelprinting.nl\/de\/gesch\u00e4ft\/innere\/wanddekoration\/akustik-textilrahmen\/#primaryimage"},"thumbnailUrl":"https:\/\/www.amstelprinting.nl\/wp-content\/uploads\/Akoestisch-textielframe.jpg","datePublished":"2025-01-24T10:29:46+00:00","dateModified":"2026-02-18T11:54:00+00:00","breadcrumb":{"@id":"https:\/\/www.amstelprinting.nl\/de\/gesch\u00e4ft\/innere\/wanddekoration\/akustik-textilrahmen\/#breadcrumb"},"inLanguage":"de","potentialAction":[{"@type":"ReadAction","target":["https:\/\/www.amstelprinting.nl\/de\/gesch\u00e4ft\/innere\/wanddekoration\/akustik-textilrahmen\/"]}]},{"@type":"ImageObject","inLanguage":"de","@id":"https:\/\/www.amstelprinting.nl\/de\/gesch\u00e4ft\/innere\/wanddekoration\/akustik-textilrahmen\/#primaryimage","url":"https:\/\/www.amstelprinting.nl\/wp-content\/uploads\/Akoestisch-textielframe.jpg","contentUrl":"https:\/\/www.amstelprinting.nl\/wp-content\/uploads\/Akoestisch-textielframe.jpg","width":700,"height":700},{"@type":"BreadcrumbList","@id":"https:\/\/www.amstelprinting.nl\/de\/gesch\u00e4ft\/innere\/wanddekoration\/akustik-textilrahmen\/#breadcrumb","itemListElement":[{"@type":"ListItem","position":1,"name":"","item":"https:\/\/www.amstelprinting.nl\/de\/"},{"@type":"ListItem","position":2,"name":"Amstel Printing","item":"https:\/\/www.amstelprinting.nl\/de\/geschaeft\/"},{"@type":"ListItem","position":3,"name":"Innenwerbung","item":"https:\/\/www.amstelprinting.nl\/de\/kategorie\/innenwerbung\/"},{"@type":"ListItem","position":4,"name":"Wandwerbung","item":"https:\/\/www.amstelprinting.nl\/de\/kategorie\/innenwerbung\/wandwerbung\/"},{"@type":"ListItem","position":5,"name":"Akustik-Textilrahmen"}]},{"@type":"WebSite","@id":"https:\/\/www.amstelprinting.nl\/de\/#website","url":"https:\/\/www.amstelprinting.nl\/de\/","name":"Amstel Printing","description":"Creating Exposure","publisher":{"@id":"https:\/\/www.amstelprinting.nl\/de\/#organization"},"potentialAction":[{"@type":"SearchAction","target":{"@type":"EntryPoint","urlTemplate":"https:\/\/www.amstelprinting.nl\/de\/?s={search_term_string}"},"query-input":{"@type":"PropertyValueSpecification","valueRequired":true,"valueName":"search_term_string"}}],"inLanguage":"de"},{"@type":"Organization","@id":"https:\/\/www.amstelprinting.nl\/de\/#organization","name":"Amstel Printing","url":"https:\/\/www.amstelprinting.nl\/de\/","logo":{"@type":"ImageObject","inLanguage":"de","@id":"https:\/\/www.amstelprinting.nl\/de\/#\/schema\/logo\/image\/","url":"https:\/\/www.amstelprinting.nl\/wp-content\/uploads\/amstel_printing_logo_clean.png","contentUrl":"https:\/\/www.amstelprinting.nl\/wp-content\/uploads\/amstel_printing_logo_clean.png","width":324,"height":73,"caption":"Amstel Printing"},"image":{"@id":"https:\/\/www.amstelprinting.nl\/de\/#\/schema\/logo\/image\/"}}]}},"_links":{"self":[{"href":"https:\/\/www.amstelprinting.nl\/de\/wp-json\/wp\/v2\/product\/14739","targetHints":{"allow":["GET"]}}],"collection":[{"href":"https:\/\/www.amstelprinting.nl\/de\/wp-json\/wp\/v2\/product"}],"about":[{"href":"https:\/\/www.amstelprinting.nl\/de\/wp-json\/wp\/v2\/types\/product"}],"wp:featuredmedia":[{"embeddable":true,"href":"https:\/\/www.amstelprinting.nl\/de\/wp-json\/wp\/v2\/media\/14740"}],"wp:attachment":[{"href":"https:\/\/www.amstelprinting.nl\/de\/wp-json\/wp\/v2\/media?parent=14739"}],"wp:term":[{"taxonomy":"product_brand","embeddable":true,"href":"https:\/\/www.amstelprinting.nl\/de\/wp-json\/wp\/v2\/product_brand?post=14739"},{"taxonomy":"product_cat","embeddable":true,"href":"https:\/\/www.amstelprinting.nl\/de\/wp-json\/wp\/v2\/product_cat?post=14739"},{"taxonomy":"product_tag","embeddable":true,"href":"https:\/\/www.amstelprinting.nl\/de\/wp-json\/wp\/v2\/product_tag?post=14739"}],"curies":[{"name":"wp","href":"https:\/\/api.w.org\/{rel}","templated":true}]}}