{"id":14749,"date":"2025-01-24T11:29:39","date_gmt":"2025-01-24T10:29:39","guid":{"rendered":"https:\/\/www.amstelprinting.nl\/winkel\/unkategorisiert\/golfvlag\/"},"modified":"2026-02-18T12:54:00","modified_gmt":"2026-02-18T11:54:00","slug":"golfflagge","status":"publish","type":"product","link":"https:\/\/www.amstelprinting.nl\/de\/gesch\u00e4ft\/alle-flaggen\/flaggen\/golfflagge\/","title":{"rendered":"Golfflagge"},"content":{"rendered":"<h3>Golfflaggen bedrucken: Longlife-Stoff<\/h3>\n<p>Die Golfflagge ist im Standardformat 44 cm x 34,5 cm erh\u00e4ltlich und aus Longlife-Fahnenstoff gefertigt. Dies ist ein strapazierf\u00e4higes Gewebe, das den Elementen standh\u00e4lt und weniger leicht ausfranst, sodass Ihre Golfflagge immer straff und professionell aussieht.<\/p>\n<h3>Verarbeitung von Golfflaggen<\/h3>\n<p>Die Golfflagge ist mit einer \u00f8 2 cm Golf-Tube ausgestattet, die nahtlos auf g\u00e4ngige Golf-Fahnenstangen passt. Das Tube-Lock-System sorgt f\u00fcr eine sichere Befestigung und l\u00e4sst Ihre Golfflagge sanft im Wind wehen. Sie haben die Wahl zwischen wei\u00dfem oder schwarzem Garn f\u00fcr die Verarbeitung Ihrer Golfflagge. So passt Ihre Flagge perfekt zur \u00c4sthetik Ihres Clubs oder Turniers.<\/p>\n<h3>H\u00e4ufig gestellte Fragen zu Golfflaggen<\/h3>\n<p>Wie hoch ist die erwartete Lebensdauer der Golfflagge?<br \/>\nDie Golfflagge wird aus Longlife-Material hergestellt, einem starken Stoff, der weniger leicht ausfranst. Bei Verwendung unter Bedingungen bis zu Windst\u00e4rke sechs h\u00e4lt die Flagge drei bis f\u00fcnf Monate.<\/p>\n","protected":false},"excerpt":{"rendered":"<h3>Bedruckte Golfflagge inklusive Golf-Tube geliefert<\/h3>\n<p>Golfflagge mit eigenem Aufdruck bestellen? Bedruckte Golfflaggen sind perfekt f\u00fcr ein professionelles Golfturnier oder einfach f\u00fcr einen entspannten Tag auf dem Golfplatz. Die Golfflagge wird mit einer Golf-Tube (\u00f8 2 cm) konfektioniert und passt somit auf praktisch jede g\u00e4ngige Fahnenstange auf dem Golfplatz.<\/p>\n","protected":false},"featured_media":14750,"template":"","meta":{"_et_pb_use_builder":"","_et_pb_old_content":"","_et_gb_content_width":""},"product_brand":[],"product_cat":[999,1002],"product_tag":[],"class_list":{"0":"post-14749","1":"product","2":"type-product","3":"status-publish","4":"has-post-thumbnail","6":"product_cat-alle-flaggen","7":"product_cat-flaggen","9":"first","10":"instock","11":"taxable","12":"shipping-taxable","13":"purchasable","14":"product-type-simple"},"yoast_head":"<!-- This site is optimized with the Yoast SEO plugin v27.3 - https:\/\/yoast.com\/product\/yoast-seo-wordpress\/ -->\n<title>Bedruckte Golfflagge f\u00fcr Events | Langlebig &amp; Gebrauchsfertig<\/title>\n<meta name=\"description\" content=\"Bestellen Sie Ihre langlebige Golfflagge mit stabilem Tube-Lock-System f\u00fcr optimale Sichtbarkeit auf dem Green. Schnelle Lieferung innerhalb von 3 Werktagen.\" \/>\n<meta name=\"robots\" content=\"index, follow, max-snippet:-1, max-image-preview:large, max-video-preview:-1\" \/>\n<link rel=\"canonical\" href=\"https:\/\/www.amstelprinting.nl\/de\/gesch\u00e4ft\/alle-flaggen\/flaggen\/golfflagge\/\" \/>\n<meta property=\"og:locale\" content=\"de_DE\" \/>\n<meta property=\"og:type\" content=\"article\" \/>\n<meta property=\"og:title\" content=\"Bedruckte Golfflagge f\u00fcr Events | Langlebig &amp; Gebrauchsfertig\" \/>\n<meta property=\"og:description\" content=\"Bestellen Sie Ihre langlebige Golfflagge mit stabilem Tube-Lock-System f\u00fcr optimale Sichtbarkeit auf dem Green. Schnelle Lieferung innerhalb von 3 Werktagen.\" \/>\n<meta property=\"og:url\" content=\"https:\/\/www.amstelprinting.nl\/de\/gesch\u00e4ft\/alle-flaggen\/flaggen\/golfflagge\/\" \/>\n<meta property=\"og:site_name\" content=\"Amstel Printing\" \/>\n<meta property=\"article:modified_time\" content=\"2026-02-18T11:54:00+00:00\" \/>\n<meta property=\"og:image\" content=\"https:\/\/www.amstelprinting.nl\/wp-content\/uploads\/golf-vlag-bedrukken.png\" \/>\n\t<meta property=\"og:image:width\" content=\"900\" \/>\n\t<meta property=\"og:image:height\" content=\"900\" \/>\n\t<meta property=\"og:image:type\" content=\"image\/png\" \/>\n<meta name=\"twitter:card\" content=\"summary_large_image\" \/>\n<meta name=\"twitter:label1\" content=\"Gesch\u00e4tzte Lesezeit\" \/>\n\t<meta name=\"twitter:data1\" content=\"1\u00a0Minute\" \/>\n<script type=\"application\/ld+json\" class=\"yoast-schema-graph\">{\"@context\":\"https:\\\/\\\/schema.org\",\"@graph\":[{\"@type\":\"WebPage\",\"@id\":\"https:\\\/\\\/www.amstelprinting.nl\\\/de\\\/gesch\u00e4ft\\\/alle-flaggen\\\/flaggen\\\/golfflagge\\\/\",\"url\":\"https:\\\/\\\/www.amstelprinting.nl\\\/de\\\/gesch\u00e4ft\\\/alle-flaggen\\\/flaggen\\\/golfflagge\\\/\",\"name\":\"Bedruckte Golfflagge f\u00fcr Events | Langlebig & Gebrauchsfertig\",\"isPartOf\":{\"@id\":\"https:\\\/\\\/www.amstelprinting.nl\\\/de\\\/#website\"},\"primaryImageOfPage\":{\"@id\":\"https:\\\/\\\/www.amstelprinting.nl\\\/de\\\/gesch\u00e4ft\\\/alle-flaggen\\\/flaggen\\\/golfflagge\\\/#primaryimage\"},\"image\":{\"@id\":\"https:\\\/\\\/www.amstelprinting.nl\\\/de\\\/gesch\u00e4ft\\\/alle-flaggen\\\/flaggen\\\/golfflagge\\\/#primaryimage\"},\"thumbnailUrl\":\"https:\\\/\\\/www.amstelprinting.nl\\\/wp-content\\\/uploads\\\/golf-vlag-bedrukken.png\",\"datePublished\":\"2025-01-24T10:29:39+00:00\",\"dateModified\":\"2026-02-18T11:54:00+00:00\",\"description\":\"Bestellen Sie Ihre langlebige Golfflagge mit stabilem Tube-Lock-System f\u00fcr optimale Sichtbarkeit auf dem Green. Schnelle Lieferung innerhalb von 3 Werktagen.\",\"breadcrumb\":{\"@id\":\"https:\\\/\\\/www.amstelprinting.nl\\\/de\\\/gesch\u00e4ft\\\/alle-flaggen\\\/flaggen\\\/golfflagge\\\/#breadcrumb\"},\"inLanguage\":\"de\",\"potentialAction\":[{\"@type\":\"ReadAction\",\"target\":[\"https:\\\/\\\/www.amstelprinting.nl\\\/de\\\/gesch\u00e4ft\\\/alle-flaggen\\\/flaggen\\\/golfflagge\\\/\"]}]},{\"@type\":\"ImageObject\",\"inLanguage\":\"de\",\"@id\":\"https:\\\/\\\/www.amstelprinting.nl\\\/de\\\/gesch\u00e4ft\\\/alle-flaggen\\\/flaggen\\\/golfflagge\\\/#primaryimage\",\"url\":\"https:\\\/\\\/www.amstelprinting.nl\\\/wp-content\\\/uploads\\\/golf-vlag-bedrukken.png\",\"contentUrl\":\"https:\\\/\\\/www.amstelprinting.nl\\\/wp-content\\\/uploads\\\/golf-vlag-bedrukken.png\",\"width\":900,\"height\":900},{\"@type\":\"BreadcrumbList\",\"@id\":\"https:\\\/\\\/www.amstelprinting.nl\\\/de\\\/gesch\u00e4ft\\\/alle-flaggen\\\/flaggen\\\/golfflagge\\\/#breadcrumb\",\"itemListElement\":[{\"@type\":\"ListItem\",\"position\":1,\"name\":\"\",\"item\":\"https:\\\/\\\/www.amstelprinting.nl\\\/de\\\/\"},{\"@type\":\"ListItem\",\"position\":2,\"name\":\"Amstel Printing\",\"item\":\"https:\\\/\\\/www.amstelprinting.nl\\\/de\\\/geschaeft\\\/\"},{\"@type\":\"ListItem\",\"position\":3,\"name\":\"Flaggen\",\"item\":\"https:\\\/\\\/www.amstelprinting.nl\\\/de\\\/kategorie\\\/alle-flaggen\\\/\"},{\"@type\":\"ListItem\",\"position\":4,\"name\":\"Flaggen\",\"item\":\"https:\\\/\\\/www.amstelprinting.nl\\\/de\\\/kategorie\\\/alle-flaggen\\\/flaggen\\\/\"},{\"@type\":\"ListItem\",\"position\":5,\"name\":\"Golfflagge\"}]},{\"@type\":\"WebSite\",\"@id\":\"https:\\\/\\\/www.amstelprinting.nl\\\/de\\\/#website\",\"url\":\"https:\\\/\\\/www.amstelprinting.nl\\\/de\\\/\",\"name\":\"Amstel Printing\",\"description\":\"Creating Exposure\",\"publisher\":{\"@id\":\"https:\\\/\\\/www.amstelprinting.nl\\\/de\\\/#organization\"},\"potentialAction\":[{\"@type\":\"SearchAction\",\"target\":{\"@type\":\"EntryPoint\",\"urlTemplate\":\"https:\\\/\\\/www.amstelprinting.nl\\\/de\\\/?s={search_term_string}\"},\"query-input\":{\"@type\":\"PropertyValueSpecification\",\"valueRequired\":true,\"valueName\":\"search_term_string\"}}],\"inLanguage\":\"de\"},{\"@type\":\"Organization\",\"@id\":\"https:\\\/\\\/www.amstelprinting.nl\\\/de\\\/#organization\",\"name\":\"Amstel Printing\",\"url\":\"https:\\\/\\\/www.amstelprinting.nl\\\/de\\\/\",\"logo\":{\"@type\":\"ImageObject\",\"inLanguage\":\"de\",\"@id\":\"https:\\\/\\\/www.amstelprinting.nl\\\/de\\\/#\\\/schema\\\/logo\\\/image\\\/\",\"url\":\"https:\\\/\\\/www.amstelprinting.nl\\\/wp-content\\\/uploads\\\/amstel_printing_logo_clean.png\",\"contentUrl\":\"https:\\\/\\\/www.amstelprinting.nl\\\/wp-content\\\/uploads\\\/amstel_printing_logo_clean.png\",\"width\":324,\"height\":73,\"caption\":\"Amstel Printing\"},\"image\":{\"@id\":\"https:\\\/\\\/www.amstelprinting.nl\\\/de\\\/#\\\/schema\\\/logo\\\/image\\\/\"}}]}<\/script>\n<!-- \/ Yoast SEO plugin. -->","yoast_head_json":{"title":"Bedruckte Golfflagge f\u00fcr Events | Langlebig & Gebrauchsfertig","description":"Bestellen Sie Ihre langlebige Golfflagge mit stabilem Tube-Lock-System f\u00fcr optimale Sichtbarkeit auf dem Green. Schnelle Lieferung innerhalb von 3 Werktagen.","robots":{"index":"index","follow":"follow","max-snippet":"max-snippet:-1","max-image-preview":"max-image-preview:large","max-video-preview":"max-video-preview:-1"},"canonical":"https:\/\/www.amstelprinting.nl\/de\/gesch\u00e4ft\/alle-flaggen\/flaggen\/golfflagge\/","og_locale":"de_DE","og_type":"article","og_title":"Bedruckte Golfflagge f\u00fcr Events | Langlebig & Gebrauchsfertig","og_description":"Bestellen Sie Ihre langlebige Golfflagge mit stabilem Tube-Lock-System f\u00fcr optimale Sichtbarkeit auf dem Green. Schnelle Lieferung innerhalb von 3 Werktagen.","og_url":"https:\/\/www.amstelprinting.nl\/de\/gesch\u00e4ft\/alle-flaggen\/flaggen\/golfflagge\/","og_site_name":"Amstel Printing","article_modified_time":"2026-02-18T11:54:00+00:00","og_image":[{"width":900,"height":900,"url":"https:\/\/www.amstelprinting.nl\/wp-content\/uploads\/golf-vlag-bedrukken.png","type":"image\/png"}],"twitter_card":"summary_large_image","twitter_misc":{"Gesch\u00e4tzte Lesezeit":"1\u00a0Minute"},"schema":{"@context":"https:\/\/schema.org","@graph":[{"@type":"WebPage","@id":"https:\/\/www.amstelprinting.nl\/de\/gesch\u00e4ft\/alle-flaggen\/flaggen\/golfflagge\/","url":"https:\/\/www.amstelprinting.nl\/de\/gesch\u00e4ft\/alle-flaggen\/flaggen\/golfflagge\/","name":"Bedruckte Golfflagge f\u00fcr Events | Langlebig & Gebrauchsfertig","isPartOf":{"@id":"https:\/\/www.amstelprinting.nl\/de\/#website"},"primaryImageOfPage":{"@id":"https:\/\/www.amstelprinting.nl\/de\/gesch\u00e4ft\/alle-flaggen\/flaggen\/golfflagge\/#primaryimage"},"image":{"@id":"https:\/\/www.amstelprinting.nl\/de\/gesch\u00e4ft\/alle-flaggen\/flaggen\/golfflagge\/#primaryimage"},"thumbnailUrl":"https:\/\/www.amstelprinting.nl\/wp-content\/uploads\/golf-vlag-bedrukken.png","datePublished":"2025-01-24T10:29:39+00:00","dateModified":"2026-02-18T11:54:00+00:00","description":"Bestellen Sie Ihre langlebige Golfflagge mit stabilem Tube-Lock-System f\u00fcr optimale Sichtbarkeit auf dem Green. Schnelle Lieferung innerhalb von 3 Werktagen.","breadcrumb":{"@id":"https:\/\/www.amstelprinting.nl\/de\/gesch\u00e4ft\/alle-flaggen\/flaggen\/golfflagge\/#breadcrumb"},"inLanguage":"de","potentialAction":[{"@type":"ReadAction","target":["https:\/\/www.amstelprinting.nl\/de\/gesch\u00e4ft\/alle-flaggen\/flaggen\/golfflagge\/"]}]},{"@type":"ImageObject","inLanguage":"de","@id":"https:\/\/www.amstelprinting.nl\/de\/gesch\u00e4ft\/alle-flaggen\/flaggen\/golfflagge\/#primaryimage","url":"https:\/\/www.amstelprinting.nl\/wp-content\/uploads\/golf-vlag-bedrukken.png","contentUrl":"https:\/\/www.amstelprinting.nl\/wp-content\/uploads\/golf-vlag-bedrukken.png","width":900,"height":900},{"@type":"BreadcrumbList","@id":"https:\/\/www.amstelprinting.nl\/de\/gesch\u00e4ft\/alle-flaggen\/flaggen\/golfflagge\/#breadcrumb","itemListElement":[{"@type":"ListItem","position":1,"name":"","item":"https:\/\/www.amstelprinting.nl\/de\/"},{"@type":"ListItem","position":2,"name":"Amstel Printing","item":"https:\/\/www.amstelprinting.nl\/de\/geschaeft\/"},{"@type":"ListItem","position":3,"name":"Flaggen","item":"https:\/\/www.amstelprinting.nl\/de\/kategorie\/alle-flaggen\/"},{"@type":"ListItem","position":4,"name":"Flaggen","item":"https:\/\/www.amstelprinting.nl\/de\/kategorie\/alle-flaggen\/flaggen\/"},{"@type":"ListItem","position":5,"name":"Golfflagge"}]},{"@type":"WebSite","@id":"https:\/\/www.amstelprinting.nl\/de\/#website","url":"https:\/\/www.amstelprinting.nl\/de\/","name":"Amstel Printing","description":"Creating Exposure","publisher":{"@id":"https:\/\/www.amstelprinting.nl\/de\/#organization"},"potentialAction":[{"@type":"SearchAction","target":{"@type":"EntryPoint","urlTemplate":"https:\/\/www.amstelprinting.nl\/de\/?s={search_term_string}"},"query-input":{"@type":"PropertyValueSpecification","valueRequired":true,"valueName":"search_term_string"}}],"inLanguage":"de"},{"@type":"Organization","@id":"https:\/\/www.amstelprinting.nl\/de\/#organization","name":"Amstel Printing","url":"https:\/\/www.amstelprinting.nl\/de\/","logo":{"@type":"ImageObject","inLanguage":"de","@id":"https:\/\/www.amstelprinting.nl\/de\/#\/schema\/logo\/image\/","url":"https:\/\/www.amstelprinting.nl\/wp-content\/uploads\/amstel_printing_logo_clean.png","contentUrl":"https:\/\/www.amstelprinting.nl\/wp-content\/uploads\/amstel_printing_logo_clean.png","width":324,"height":73,"caption":"Amstel Printing"},"image":{"@id":"https:\/\/www.amstelprinting.nl\/de\/#\/schema\/logo\/image\/"}}]}},"_links":{"self":[{"href":"https:\/\/www.amstelprinting.nl\/de\/wp-json\/wp\/v2\/product\/14749","targetHints":{"allow":["GET"]}}],"collection":[{"href":"https:\/\/www.amstelprinting.nl\/de\/wp-json\/wp\/v2\/product"}],"about":[{"href":"https:\/\/www.amstelprinting.nl\/de\/wp-json\/wp\/v2\/types\/product"}],"wp:featuredmedia":[{"embeddable":true,"href":"https:\/\/www.amstelprinting.nl\/de\/wp-json\/wp\/v2\/media\/14750"}],"wp:attachment":[{"href":"https:\/\/www.amstelprinting.nl\/de\/wp-json\/wp\/v2\/media?parent=14749"}],"wp:term":[{"taxonomy":"product_brand","embeddable":true,"href":"https:\/\/www.amstelprinting.nl\/de\/wp-json\/wp\/v2\/product_brand?post=14749"},{"taxonomy":"product_cat","embeddable":true,"href":"https:\/\/www.amstelprinting.nl\/de\/wp-json\/wp\/v2\/product_cat?post=14749"},{"taxonomy":"product_tag","embeddable":true,"href":"https:\/\/www.amstelprinting.nl\/de\/wp-json\/wp\/v2\/product_tag?post=14749"}],"curies":[{"name":"wp","href":"https:\/\/api.w.org\/{rel}","templated":true}]}}