{"id":14759,"date":"2025-01-24T11:29:30","date_gmt":"2025-01-24T10:29:30","guid":{"rendered":"https:\/\/www.amstelprinting.nl\/winkel\/unkategorisiert\/houten-textielframe\/"},"modified":"2026-02-18T12:54:01","modified_gmt":"2026-02-18T11:54:01","slug":"holz-textilrahmen","status":"publish","type":"product","link":"https:\/\/www.amstelprinting.nl\/de\/gesch\u00e4ft\/innere\/wanddekoration\/holz-textilrahmen\/","title":{"rendered":"Holz-Textilrahmen"},"content":{"rendered":"<h3>Holz-Textilrahmen bestellen<\/h3>\n<p>Bringen Sie nat\u00fcrliche Sch\u00f6nheit und Vielseitigkeit in Ihre Einrichtung mit unserem Holz-Textilrahmen. Dieser Rahmen wurde speziell f\u00fcr die Befestigung eines Spanntuchs (Kederstoff) entwickelt. Das Format bestimmen Sie selbst. Der Holz-Textilrahmen ist perfekt f\u00fcr verschiedene Anwendungen zu Hause oder im B\u00fcro.<\/p>\n<h3>Vorteile<\/h3>\n<ul>\n<li>Kreieren Sie eine einzigartige und auff\u00e4llige Wanddekoration<\/li>\n<li>Ihr Design oder Bild gestochen scharf gedruckt<\/li>\n<li>Erh\u00e4ltlich in drei verschiedenen Stoffmaterialien<\/li>\n<li>Rahmen aus Ayous-Holz (sehr langlebig)<\/li>\n<li>Best\u00e4ndig gegen schwankende Umgebungstemperaturen (thermisch behandelt)<\/li>\n<li>Einfacher Wechsel des Drucks ist m\u00f6glich<\/li>\n<\/ul>\n<p>&nbsp;<\/p>\n<h3>Material<\/h3>\n<p>Wir bieten eine Auswahl hochwertiger Materialien f\u00fcr Ihr Tuch:<\/p>\n<ul>\n<li><strong>Dekostof<\/strong>: Dieser geschmeidige Polyesterstoff hat eine feine Struktur und eine kraftvolle Ausstrahlung. Zudem verf\u00fcgt er \u00fcber ein Brandschutzzertifikat f\u00fcr zus\u00e4tzliche Sicherheit.<\/li>\n<li><strong>Structex<\/strong>: Ein strukturierter Stoff aus schwerem Qualit\u00e4ts-Polyester mit Baumwoll-Optik, ebenfalls mit Brandschutzzertifikat ausgestattet.<\/li>\n<li><strong>Velours<\/strong>: Hochwertiges Polyester mit kurzem Flor f\u00fcr eine samtweiche Ausstrahlung, die jeden Raum veredelt.<\/li>\n<\/ul>\n<p>&nbsp;<\/p>\n<h3>Rahmenma\u00dfe<\/h3>\n<p>Jeder Rahmen ist 27 mm tief und 68 mm breit. Nach dem Einsetzen des Spanntuchs ist diese gesamte Breite nicht mehr sichtbar (siehe auch die Produktbilder).<\/p>\n<h3>Nachhaltig<\/h3>\n<p>Der Holz-Textilrahmen ist aus modifiziertem Ayous-Holz gefertigt, bekannt f\u00fcr seine Langlebigkeit und ansprechende Optik. Dieses Holz verleiht Ihrem Raum eine nat\u00fcrliche, warme Note. Das Holz ist sehr best\u00e4ndig gegen schwankende Temperaturen und Witterungseinfl\u00fcsse. Es ist vollkommen nat\u00fcrlich und umweltfreundlich, ohne Zusatz von Chemikalien. Zudem sind 70 % des Holzes FSC-zertifiziert, was zu einer nachhaltigen Forstwirtschaft beitr\u00e4gt.<\/p>\n<h3>Befestigung<\/h3>\n<p>Standardm\u00e4\u00dfig wird es mit einem Set Locksets geliefert, die Sie mit Schrauben in jeder Ecke befestigen, um eine stabile und rechtwinklige Konstruktion zu erhalten. F\u00fcr Rahmen bis zu einer Breite von 150 cm liefern wir ein Aufh\u00e4ngesystem mit. Bei gr\u00f6\u00dferen Formaten empfehlen wir, den Rahmen alle 50 cm an der Wand zu verschrauben, um optimale Stabilit\u00e4t zu gew\u00e4hrleisten.<\/p>\n<h3>Zubeh\u00f6r<\/h3>\n<p>Sie k\u00f6nnen w\u00e4hlen, ob Sie den Rahmen aufh\u00e4ngen oder festschrauben m\u00f6chten, je nach Vorliebe. Dar\u00fcber hinaus bieten wir praktisches Zubeh\u00f6r wie das E-Locktool an, um die Installation so einfach wie m\u00f6glich zu gestalten.<\/p>\n<p>Unser Holz-Textilrahmen bietet Ihnen die perfekte Kombination aus nat\u00fcrlicher Eleganz und langlebiger Qualit\u00e4t. Ob Sie eine professionelle Inneneinrichtung gestalten oder Ihrem Zuhause eine stilvolle Note verleihen m\u00f6chten, dieser Rahmen ist die ideale Wahl. Mit einer breiten Palette an Materialien und Formaten k\u00f6nnen Sie den Rahmen vollst\u00e4ndig an Ihre W\u00fcnsche anpassen. Bestellen Sie noch heute und verwandeln Sie Ihren Raum mit diesem sch\u00f6nen, funktionalen und umweltfreundlichen Textilrahmen.<\/p>\n<h3>H\u00e4ufig gestellte Fragen<\/h3>\n<p><strong>Was erhalten Sie mit dem Holz-Textilrahmen?<\/strong><br \/>\nBeim Holz-Textilrahmen erhalten Sie standardm\u00e4\u00dfig vier Teile, die einfach mit einem Lockset in den Ecken befestigt werden k\u00f6nnen. Dies sorgt f\u00fcr eine stabile Konstruktion und perfekte rechte Winkel, sodass Ihr Textilrahmen immer straff und professionell aussieht.<\/p>\n<p><strong>Wie wird der Holz-Textilrahmen verpackt?<\/strong><br \/>\nDer Holz-Textilrahmen wird sorgf\u00e4ltig in einem stabilen Karton verpackt, bei Bedarf mit zus\u00e4tzlichem Schutz. Auf diese Weise stellen wir sicher, dass Sie den Holz-Textilrahmen unbesch\u00e4digt und in perfektem Zustand erhalten.<\/p>\n<p><strong>Was ist zu tun, wenn Falten im Tuch sind?<\/strong><br \/>\nWenn Sie das Spanntuch in den Holzrahmen einsetzen, entsteht Spannung auf dem Material. Dadurch verschwinden die Falten von selbst aus dem Tuch und es sieht wieder straff und ordentlich aus.<\/p>\n","protected":false},"excerpt":{"rendered":"<h3>Wundersch\u00f6ner Holzrahmen mit einem gestochen scharfen Fotodruck nach Wunsch<\/h3>\n<p>Die Gr\u00f6\u00dfe bestimmen Sie selbst. Stellen Sie unten in wenigen Schritten Ihren Holz-Textilrahmen nach Wunsch zusammen.<\/p>\n","protected":false},"featured_media":14760,"template":"","meta":{"_et_pb_use_builder":"","_et_pb_old_content":"","_et_gb_content_width":""},"product_brand":[],"product_cat":[944,907,947,942,930],"product_tag":[],"class_list":{"0":"post-14759","1":"product","2":"type-product","3":"status-publish","4":"has-post-thumbnail","6":"product_cat-buro","7":"product_cat-innenwerbung","8":"product_cat-innere","9":"product_cat-wanddekoration","10":"product_cat-wandwerbung","12":"first","13":"instock","14":"taxable","15":"shipping-taxable","16":"purchasable","17":"product-type-simple"},"yoast_head":"<!-- This site is optimized with the Yoast SEO plugin v27.3 - https:\/\/yoast.com\/product\/yoast-seo-wordpress\/ -->\n<title>Holz-Textilrahmen | Amstel Printing<\/title>\n<meta name=\"robots\" content=\"index, follow, max-snippet:-1, max-image-preview:large, max-video-preview:-1\" \/>\n<link rel=\"canonical\" href=\"https:\/\/www.amstelprinting.nl\/de\/gesch\u00e4ft\/innere\/wanddekoration\/holz-textilrahmen\/\" \/>\n<meta property=\"og:locale\" content=\"de_DE\" \/>\n<meta property=\"og:type\" content=\"article\" \/>\n<meta property=\"og:title\" content=\"Holz-Textilrahmen | Amstel Printing\" \/>\n<meta property=\"og:description\" content=\"Wundersch\u00f6ner Holzrahmen mit einem gestochen scharfen Fotodruck nach Wunsch Die Gr\u00f6\u00dfe bestimmen Sie selbst. Stellen Sie unten in wenigen Schritten Ihren Holz-Textilrahmen nach Wunsch zusammen.\" \/>\n<meta property=\"og:url\" content=\"https:\/\/www.amstelprinting.nl\/de\/gesch\u00e4ft\/innere\/wanddekoration\/holz-textilrahmen\/\" \/>\n<meta property=\"og:site_name\" content=\"Amstel Printing\" \/>\n<meta property=\"article:modified_time\" content=\"2026-02-18T11:54:01+00:00\" \/>\n<meta property=\"og:image\" content=\"https:\/\/www.amstelprinting.nl\/wp-content\/uploads\/Houten-textielframe.jpg\" \/>\n\t<meta property=\"og:image:width\" content=\"700\" \/>\n\t<meta property=\"og:image:height\" content=\"700\" \/>\n\t<meta property=\"og:image:type\" content=\"image\/jpeg\" \/>\n<meta name=\"twitter:card\" content=\"summary_large_image\" \/>\n<meta name=\"twitter:label1\" content=\"Gesch\u00e4tzte Lesezeit\" \/>\n\t<meta name=\"twitter:data1\" content=\"3\u00a0Minuten\" \/>\n<script type=\"application\/ld+json\" class=\"yoast-schema-graph\">{\"@context\":\"https:\\\/\\\/schema.org\",\"@graph\":[{\"@type\":\"WebPage\",\"@id\":\"https:\\\/\\\/www.amstelprinting.nl\\\/de\\\/gesch\u00e4ft\\\/innere\\\/wanddekoration\\\/holz-textilrahmen\\\/\",\"url\":\"https:\\\/\\\/www.amstelprinting.nl\\\/de\\\/gesch\u00e4ft\\\/innere\\\/wanddekoration\\\/holz-textilrahmen\\\/\",\"name\":\"Holz-Textilrahmen | Amstel Printing\",\"isPartOf\":{\"@id\":\"https:\\\/\\\/www.amstelprinting.nl\\\/de\\\/#website\"},\"primaryImageOfPage\":{\"@id\":\"https:\\\/\\\/www.amstelprinting.nl\\\/de\\\/gesch\u00e4ft\\\/innere\\\/wanddekoration\\\/holz-textilrahmen\\\/#primaryimage\"},\"image\":{\"@id\":\"https:\\\/\\\/www.amstelprinting.nl\\\/de\\\/gesch\u00e4ft\\\/innere\\\/wanddekoration\\\/holz-textilrahmen\\\/#primaryimage\"},\"thumbnailUrl\":\"https:\\\/\\\/www.amstelprinting.nl\\\/wp-content\\\/uploads\\\/Houten-textielframe.jpg\",\"datePublished\":\"2025-01-24T10:29:30+00:00\",\"dateModified\":\"2026-02-18T11:54:01+00:00\",\"breadcrumb\":{\"@id\":\"https:\\\/\\\/www.amstelprinting.nl\\\/de\\\/gesch\u00e4ft\\\/innere\\\/wanddekoration\\\/holz-textilrahmen\\\/#breadcrumb\"},\"inLanguage\":\"de\",\"potentialAction\":[{\"@type\":\"ReadAction\",\"target\":[\"https:\\\/\\\/www.amstelprinting.nl\\\/de\\\/gesch\u00e4ft\\\/innere\\\/wanddekoration\\\/holz-textilrahmen\\\/\"]}]},{\"@type\":\"ImageObject\",\"inLanguage\":\"de\",\"@id\":\"https:\\\/\\\/www.amstelprinting.nl\\\/de\\\/gesch\u00e4ft\\\/innere\\\/wanddekoration\\\/holz-textilrahmen\\\/#primaryimage\",\"url\":\"https:\\\/\\\/www.amstelprinting.nl\\\/wp-content\\\/uploads\\\/Houten-textielframe.jpg\",\"contentUrl\":\"https:\\\/\\\/www.amstelprinting.nl\\\/wp-content\\\/uploads\\\/Houten-textielframe.jpg\",\"width\":700,\"height\":700},{\"@type\":\"BreadcrumbList\",\"@id\":\"https:\\\/\\\/www.amstelprinting.nl\\\/de\\\/gesch\u00e4ft\\\/innere\\\/wanddekoration\\\/holz-textilrahmen\\\/#breadcrumb\",\"itemListElement\":[{\"@type\":\"ListItem\",\"position\":1,\"name\":\"\",\"item\":\"https:\\\/\\\/www.amstelprinting.nl\\\/de\\\/\"},{\"@type\":\"ListItem\",\"position\":2,\"name\":\"Amstel Printing\",\"item\":\"https:\\\/\\\/www.amstelprinting.nl\\\/de\\\/geschaeft\\\/\"},{\"@type\":\"ListItem\",\"position\":3,\"name\":\"Innenwerbung\",\"item\":\"https:\\\/\\\/www.amstelprinting.nl\\\/de\\\/kategorie\\\/innenwerbung\\\/\"},{\"@type\":\"ListItem\",\"position\":4,\"name\":\"Wandwerbung\",\"item\":\"https:\\\/\\\/www.amstelprinting.nl\\\/de\\\/kategorie\\\/innenwerbung\\\/wandwerbung\\\/\"},{\"@type\":\"ListItem\",\"position\":5,\"name\":\"Holz-Textilrahmen\"}]},{\"@type\":\"WebSite\",\"@id\":\"https:\\\/\\\/www.amstelprinting.nl\\\/de\\\/#website\",\"url\":\"https:\\\/\\\/www.amstelprinting.nl\\\/de\\\/\",\"name\":\"Amstel Printing\",\"description\":\"Creating Exposure\",\"publisher\":{\"@id\":\"https:\\\/\\\/www.amstelprinting.nl\\\/de\\\/#organization\"},\"potentialAction\":[{\"@type\":\"SearchAction\",\"target\":{\"@type\":\"EntryPoint\",\"urlTemplate\":\"https:\\\/\\\/www.amstelprinting.nl\\\/de\\\/?s={search_term_string}\"},\"query-input\":{\"@type\":\"PropertyValueSpecification\",\"valueRequired\":true,\"valueName\":\"search_term_string\"}}],\"inLanguage\":\"de\"},{\"@type\":\"Organization\",\"@id\":\"https:\\\/\\\/www.amstelprinting.nl\\\/de\\\/#organization\",\"name\":\"Amstel Printing\",\"url\":\"https:\\\/\\\/www.amstelprinting.nl\\\/de\\\/\",\"logo\":{\"@type\":\"ImageObject\",\"inLanguage\":\"de\",\"@id\":\"https:\\\/\\\/www.amstelprinting.nl\\\/de\\\/#\\\/schema\\\/logo\\\/image\\\/\",\"url\":\"https:\\\/\\\/www.amstelprinting.nl\\\/wp-content\\\/uploads\\\/amstel_printing_logo_clean.png\",\"contentUrl\":\"https:\\\/\\\/www.amstelprinting.nl\\\/wp-content\\\/uploads\\\/amstel_printing_logo_clean.png\",\"width\":324,\"height\":73,\"caption\":\"Amstel Printing\"},\"image\":{\"@id\":\"https:\\\/\\\/www.amstelprinting.nl\\\/de\\\/#\\\/schema\\\/logo\\\/image\\\/\"}}]}<\/script>\n<!-- \/ Yoast SEO plugin. -->","yoast_head_json":{"title":"Holz-Textilrahmen | Amstel Printing","robots":{"index":"index","follow":"follow","max-snippet":"max-snippet:-1","max-image-preview":"max-image-preview:large","max-video-preview":"max-video-preview:-1"},"canonical":"https:\/\/www.amstelprinting.nl\/de\/gesch\u00e4ft\/innere\/wanddekoration\/holz-textilrahmen\/","og_locale":"de_DE","og_type":"article","og_title":"Holz-Textilrahmen | Amstel Printing","og_description":"Wundersch\u00f6ner Holzrahmen mit einem gestochen scharfen Fotodruck nach Wunsch Die Gr\u00f6\u00dfe bestimmen Sie selbst. Stellen Sie unten in wenigen Schritten Ihren Holz-Textilrahmen nach Wunsch zusammen.","og_url":"https:\/\/www.amstelprinting.nl\/de\/gesch\u00e4ft\/innere\/wanddekoration\/holz-textilrahmen\/","og_site_name":"Amstel Printing","article_modified_time":"2026-02-18T11:54:01+00:00","og_image":[{"width":700,"height":700,"url":"https:\/\/www.amstelprinting.nl\/wp-content\/uploads\/Houten-textielframe.jpg","type":"image\/jpeg"}],"twitter_card":"summary_large_image","twitter_misc":{"Gesch\u00e4tzte Lesezeit":"3\u00a0Minuten"},"schema":{"@context":"https:\/\/schema.org","@graph":[{"@type":"WebPage","@id":"https:\/\/www.amstelprinting.nl\/de\/gesch\u00e4ft\/innere\/wanddekoration\/holz-textilrahmen\/","url":"https:\/\/www.amstelprinting.nl\/de\/gesch\u00e4ft\/innere\/wanddekoration\/holz-textilrahmen\/","name":"Holz-Textilrahmen | Amstel Printing","isPartOf":{"@id":"https:\/\/www.amstelprinting.nl\/de\/#website"},"primaryImageOfPage":{"@id":"https:\/\/www.amstelprinting.nl\/de\/gesch\u00e4ft\/innere\/wanddekoration\/holz-textilrahmen\/#primaryimage"},"image":{"@id":"https:\/\/www.amstelprinting.nl\/de\/gesch\u00e4ft\/innere\/wanddekoration\/holz-textilrahmen\/#primaryimage"},"thumbnailUrl":"https:\/\/www.amstelprinting.nl\/wp-content\/uploads\/Houten-textielframe.jpg","datePublished":"2025-01-24T10:29:30+00:00","dateModified":"2026-02-18T11:54:01+00:00","breadcrumb":{"@id":"https:\/\/www.amstelprinting.nl\/de\/gesch\u00e4ft\/innere\/wanddekoration\/holz-textilrahmen\/#breadcrumb"},"inLanguage":"de","potentialAction":[{"@type":"ReadAction","target":["https:\/\/www.amstelprinting.nl\/de\/gesch\u00e4ft\/innere\/wanddekoration\/holz-textilrahmen\/"]}]},{"@type":"ImageObject","inLanguage":"de","@id":"https:\/\/www.amstelprinting.nl\/de\/gesch\u00e4ft\/innere\/wanddekoration\/holz-textilrahmen\/#primaryimage","url":"https:\/\/www.amstelprinting.nl\/wp-content\/uploads\/Houten-textielframe.jpg","contentUrl":"https:\/\/www.amstelprinting.nl\/wp-content\/uploads\/Houten-textielframe.jpg","width":700,"height":700},{"@type":"BreadcrumbList","@id":"https:\/\/www.amstelprinting.nl\/de\/gesch\u00e4ft\/innere\/wanddekoration\/holz-textilrahmen\/#breadcrumb","itemListElement":[{"@type":"ListItem","position":1,"name":"","item":"https:\/\/www.amstelprinting.nl\/de\/"},{"@type":"ListItem","position":2,"name":"Amstel Printing","item":"https:\/\/www.amstelprinting.nl\/de\/geschaeft\/"},{"@type":"ListItem","position":3,"name":"Innenwerbung","item":"https:\/\/www.amstelprinting.nl\/de\/kategorie\/innenwerbung\/"},{"@type":"ListItem","position":4,"name":"Wandwerbung","item":"https:\/\/www.amstelprinting.nl\/de\/kategorie\/innenwerbung\/wandwerbung\/"},{"@type":"ListItem","position":5,"name":"Holz-Textilrahmen"}]},{"@type":"WebSite","@id":"https:\/\/www.amstelprinting.nl\/de\/#website","url":"https:\/\/www.amstelprinting.nl\/de\/","name":"Amstel Printing","description":"Creating Exposure","publisher":{"@id":"https:\/\/www.amstelprinting.nl\/de\/#organization"},"potentialAction":[{"@type":"SearchAction","target":{"@type":"EntryPoint","urlTemplate":"https:\/\/www.amstelprinting.nl\/de\/?s={search_term_string}"},"query-input":{"@type":"PropertyValueSpecification","valueRequired":true,"valueName":"search_term_string"}}],"inLanguage":"de"},{"@type":"Organization","@id":"https:\/\/www.amstelprinting.nl\/de\/#organization","name":"Amstel Printing","url":"https:\/\/www.amstelprinting.nl\/de\/","logo":{"@type":"ImageObject","inLanguage":"de","@id":"https:\/\/www.amstelprinting.nl\/de\/#\/schema\/logo\/image\/","url":"https:\/\/www.amstelprinting.nl\/wp-content\/uploads\/amstel_printing_logo_clean.png","contentUrl":"https:\/\/www.amstelprinting.nl\/wp-content\/uploads\/amstel_printing_logo_clean.png","width":324,"height":73,"caption":"Amstel Printing"},"image":{"@id":"https:\/\/www.amstelprinting.nl\/de\/#\/schema\/logo\/image\/"}}]}},"_links":{"self":[{"href":"https:\/\/www.amstelprinting.nl\/de\/wp-json\/wp\/v2\/product\/14759","targetHints":{"allow":["GET"]}}],"collection":[{"href":"https:\/\/www.amstelprinting.nl\/de\/wp-json\/wp\/v2\/product"}],"about":[{"href":"https:\/\/www.amstelprinting.nl\/de\/wp-json\/wp\/v2\/types\/product"}],"wp:featuredmedia":[{"embeddable":true,"href":"https:\/\/www.amstelprinting.nl\/de\/wp-json\/wp\/v2\/media\/14760"}],"wp:attachment":[{"href":"https:\/\/www.amstelprinting.nl\/de\/wp-json\/wp\/v2\/media?parent=14759"}],"wp:term":[{"taxonomy":"product_brand","embeddable":true,"href":"https:\/\/www.amstelprinting.nl\/de\/wp-json\/wp\/v2\/product_brand?post=14759"},{"taxonomy":"product_cat","embeddable":true,"href":"https:\/\/www.amstelprinting.nl\/de\/wp-json\/wp\/v2\/product_cat?post=14759"},{"taxonomy":"product_tag","embeddable":true,"href":"https:\/\/www.amstelprinting.nl\/de\/wp-json\/wp\/v2\/product_tag?post=14759"}],"curies":[{"name":"wp","href":"https:\/\/api.w.org\/{rel}","templated":true}]}}