{"id":14769,"date":"2025-01-24T11:29:21","date_gmt":"2025-01-24T10:29:21","guid":{"rendered":"https:\/\/www.amstelprinting.nl\/winkel\/unkategorisiert\/muursticker\/"},"modified":"2026-02-18T12:54:02","modified_gmt":"2026-02-18T11:54:02","slug":"wandsticker","status":"publish","type":"product","link":"https:\/\/www.amstelprinting.nl\/de\/gesch\u00e4ft\/innenwerbung\/wandwerbung\/wandsticker\/","title":{"rendered":"Wandsticker"},"content":{"rendered":"<p>Verwandeln Sie Ihren Raum schnell und einfach mit einem bedruckten Wandsticker. Perfekt f\u00fcr zu Hause, im B\u00fcro oder in Gesch\u00e4ftsr\u00e4umen. Unsere Wandsticker sind in verschiedenen Materialien erh\u00e4ltlich. Versehen mit einem gestochen scharfen Vollfarbdruck Ihres Designs oder Fotos.<\/p>\n<h3>Vorteile<\/h3>\n<ul>\n<li>Auswahl aus vier Materialien<\/li>\n<li>Bereits ab 1 St\u00fcck bestellbar<\/li>\n<li>Lieferung bereits innerhalb von 3 Werktagen m\u00f6glich<\/li>\n<li>Einfach auf fast jedem Untergrund zu befestigen<\/li>\n<li>Bestellen Sie den Wandsticker in einem Format Ihrer Wahl<\/li>\n<li>Verschiedenes Zubeh\u00f6r erh\u00e4ltlich<\/li>\n<\/ul>\n<p>&nbsp;<\/p>\n<h3>Materialien<\/h3>\n<ul>\n<li><strong>DOT wei\u00df<\/strong>: Diese selbstklebende Folie mit Noppenstruktur l\u00e4sst sich einfach anbringen und entfernen, ohne Luftblasen zu bilden.<\/li>\n<li><strong>Roughmark<\/strong>: Diese selbstklebende Folie hat eine extra hohe Klebekraft, ideal f\u00fcr raue Oberfl\u00e4chen und langfristige Anwendungen.<\/li>\n<li><strong>Gekkotex<\/strong>: Selbstklebende und knitterfreie Textiltapete, perfekt f\u00fcr ein nahtloses und stilvolles Finish.<\/li>\n<li><strong>3M\u2122 480 Mc<\/strong>: Langlebige Option. Selbstklebend und einf\u00f6hnbar. Geeignet f\u00fcr Backstein, Stuck und Beton. Sowohl f\u00fcr den Innen- als auch f\u00fcr den Au\u00dfenbereich geeignet.<\/li>\n<\/ul>\n<p>&nbsp;<\/p>\n<h3>Veredelung<\/h3>\n<p>F\u00fcr das Finish Ihres Wandstickers k\u00f6nnen Sie zwischen Schneiden oder Konturschneiden (in eigener Form) w\u00e4hlen, je nach Vorliebe und Design.<\/p>\n<h3>Zubeh\u00f6r<\/h3>\n<p>Wir bieten verschiedenes Zubeh\u00f6r an, darunter Monkey Strips, Malerkrepp und eine Toolbox, um das Anbringen noch einfacher zu machen.<\/p>\n<h3>Wichtige Klebetipps<\/h3>\n<p>Gestrichene W\u00e4nde: Lassen Sie gestrichene W\u00e4nde mindestens zwei Wochen trocknen, bevor Sie den Wandsticker anbringen. Wenn die verwendete Farbe Silikon enth\u00e4lt, w\u00e4hlen Sie am besten DOT oder Roughmark f\u00fcr eine optimale Haftung.<\/p>\n<p><strong>Temperatur<\/strong>: Stellen Sie sicher, dass die Temperatur beim Anbringen des Aufklebers zwischen 10 und 32 \u00b0C liegt.<\/p>\n<p><strong>Oberfl\u00e4che<\/strong>: Sorgen Sie f\u00fcr eine optimale Haftung des Wandstickers immer f\u00fcr einen trockenen, sauberen und fettfreien Untergrund.<br \/>\nMit unseren praktischen Sign-Tools (optional bestellbar) k\u00f6nnen Sie Wandsticker einfach montieren. Schaffen Sie eine einzigartige und pers\u00f6nliche Atmosph\u00e4re in jedem Raum mit unseren vielseitigen und hochwertigen Wandstickern. Bestellen Sie noch heute und erwecken Sie Ihre W\u00e4nde zum Leben!<\/p>\n","protected":false},"excerpt":{"rendered":"<p>Selbstklebende Sticker f\u00fcr verschiedene Untergr\u00fcnde. Unsere Wandsticker sind bereits ab 1 St\u00fcck bestellbar. W\u00e4hlen Sie eine gew\u00fcnschte Gr\u00f6\u00dfe und Materialart nach Wunsch. F\u00fcr jede Anwendung k\u00f6nnen Sie bei uns den passenden Wandsticker bestellen.<\/p>\n","protected":false},"featured_media":14770,"template":"","meta":{"_et_pb_use_builder":"","_et_pb_old_content":"","_et_gb_content_width":""},"product_brand":[],"product_cat":[313,932,907,930],"product_tag":[],"class_list":{"0":"post-14769","1":"product","2":"type-product","3":"status-publish","4":"has-post-thumbnail","6":"product_cat-aufkleber-und-druck","7":"product_cat-grose-aufkleber","8":"product_cat-innenwerbung","9":"product_cat-wandwerbung","11":"first","12":"instock","13":"taxable","14":"shipping-taxable","15":"purchasable","16":"product-type-simple"},"yoast_head":"<!-- This site is optimized with the Yoast SEO plugin v27.3 - https:\/\/yoast.com\/product\/yoast-seo-wordpress\/ -->\n<title>Wandsticker nach Ma\u00df \u2013 Schnelle Lieferung &amp; Premium-Materialien<\/title>\n<meta name=\"description\" content=\"Hochwertiger Wandsticker mit Ihrem eigenen Design bedruckt. W\u00e4hlen Sie aus vier Materialarten, professioneller Veredelung und erhalten Sie die Lieferung innerhalb von 3 Werktagen.\" \/>\n<meta name=\"robots\" content=\"index, follow, max-snippet:-1, max-image-preview:large, max-video-preview:-1\" \/>\n<link rel=\"canonical\" href=\"https:\/\/www.amstelprinting.nl\/de\/gesch\u00e4ft\/innenwerbung\/wandwerbung\/wandsticker\/\" \/>\n<meta property=\"og:locale\" content=\"de_DE\" \/>\n<meta property=\"og:type\" content=\"article\" \/>\n<meta property=\"og:title\" content=\"Wandsticker nach Ma\u00df \u2013 Schnelle Lieferung &amp; Premium-Materialien\" \/>\n<meta property=\"og:description\" content=\"Hochwertiger Wandsticker mit Ihrem eigenen Design bedruckt. W\u00e4hlen Sie aus vier Materialarten, professioneller Veredelung und erhalten Sie die Lieferung innerhalb von 3 Werktagen.\" \/>\n<meta property=\"og:url\" content=\"https:\/\/www.amstelprinting.nl\/de\/gesch\u00e4ft\/innenwerbung\/wandwerbung\/wandsticker\/\" \/>\n<meta property=\"og:site_name\" content=\"Amstel Printing\" \/>\n<meta property=\"article:modified_time\" content=\"2026-02-18T11:54:02+00:00\" \/>\n<meta property=\"og:image\" content=\"https:\/\/www.amstelprinting.nl\/wp-content\/uploads\/muursticker-bedrukken.png\" \/>\n\t<meta property=\"og:image:width\" content=\"900\" \/>\n\t<meta property=\"og:image:height\" content=\"900\" \/>\n\t<meta property=\"og:image:type\" content=\"image\/png\" \/>\n<meta name=\"twitter:card\" content=\"summary_large_image\" \/>\n<meta name=\"twitter:label1\" content=\"Gesch\u00e4tzte Lesezeit\" \/>\n\t<meta name=\"twitter:data1\" content=\"2\u00a0Minuten\" \/>\n<script type=\"application\/ld+json\" class=\"yoast-schema-graph\">{\"@context\":\"https:\\\/\\\/schema.org\",\"@graph\":[{\"@type\":\"WebPage\",\"@id\":\"https:\\\/\\\/www.amstelprinting.nl\\\/de\\\/gesch\u00e4ft\\\/innenwerbung\\\/wandwerbung\\\/wandsticker\\\/\",\"url\":\"https:\\\/\\\/www.amstelprinting.nl\\\/de\\\/gesch\u00e4ft\\\/innenwerbung\\\/wandwerbung\\\/wandsticker\\\/\",\"name\":\"Wandsticker nach Ma\u00df \u2013 Schnelle Lieferung & Premium-Materialien\",\"isPartOf\":{\"@id\":\"https:\\\/\\\/www.amstelprinting.nl\\\/de\\\/#website\"},\"primaryImageOfPage\":{\"@id\":\"https:\\\/\\\/www.amstelprinting.nl\\\/de\\\/gesch\u00e4ft\\\/innenwerbung\\\/wandwerbung\\\/wandsticker\\\/#primaryimage\"},\"image\":{\"@id\":\"https:\\\/\\\/www.amstelprinting.nl\\\/de\\\/gesch\u00e4ft\\\/innenwerbung\\\/wandwerbung\\\/wandsticker\\\/#primaryimage\"},\"thumbnailUrl\":\"https:\\\/\\\/www.amstelprinting.nl\\\/wp-content\\\/uploads\\\/muursticker-bedrukken.png\",\"datePublished\":\"2025-01-24T10:29:21+00:00\",\"dateModified\":\"2026-02-18T11:54:02+00:00\",\"description\":\"Hochwertiger Wandsticker mit Ihrem eigenen Design bedruckt. W\u00e4hlen Sie aus vier Materialarten, professioneller Veredelung und erhalten Sie die Lieferung innerhalb von 3 Werktagen.\",\"breadcrumb\":{\"@id\":\"https:\\\/\\\/www.amstelprinting.nl\\\/de\\\/gesch\u00e4ft\\\/innenwerbung\\\/wandwerbung\\\/wandsticker\\\/#breadcrumb\"},\"inLanguage\":\"de\",\"potentialAction\":[{\"@type\":\"ReadAction\",\"target\":[\"https:\\\/\\\/www.amstelprinting.nl\\\/de\\\/gesch\u00e4ft\\\/innenwerbung\\\/wandwerbung\\\/wandsticker\\\/\"]}]},{\"@type\":\"ImageObject\",\"inLanguage\":\"de\",\"@id\":\"https:\\\/\\\/www.amstelprinting.nl\\\/de\\\/gesch\u00e4ft\\\/innenwerbung\\\/wandwerbung\\\/wandsticker\\\/#primaryimage\",\"url\":\"https:\\\/\\\/www.amstelprinting.nl\\\/wp-content\\\/uploads\\\/muursticker-bedrukken.png\",\"contentUrl\":\"https:\\\/\\\/www.amstelprinting.nl\\\/wp-content\\\/uploads\\\/muursticker-bedrukken.png\",\"width\":900,\"height\":900},{\"@type\":\"BreadcrumbList\",\"@id\":\"https:\\\/\\\/www.amstelprinting.nl\\\/de\\\/gesch\u00e4ft\\\/innenwerbung\\\/wandwerbung\\\/wandsticker\\\/#breadcrumb\",\"itemListElement\":[{\"@type\":\"ListItem\",\"position\":1,\"name\":\"\",\"item\":\"https:\\\/\\\/www.amstelprinting.nl\\\/de\\\/\"},{\"@type\":\"ListItem\",\"position\":2,\"name\":\"Amstel Printing\",\"item\":\"https:\\\/\\\/www.amstelprinting.nl\\\/de\\\/geschaeft\\\/\"},{\"@type\":\"ListItem\",\"position\":3,\"name\":\"Innenwerbung\",\"item\":\"https:\\\/\\\/www.amstelprinting.nl\\\/de\\\/kategorie\\\/innenwerbung\\\/\"},{\"@type\":\"ListItem\",\"position\":4,\"name\":\"Wandwerbung\",\"item\":\"https:\\\/\\\/www.amstelprinting.nl\\\/de\\\/kategorie\\\/innenwerbung\\\/wandwerbung\\\/\"},{\"@type\":\"ListItem\",\"position\":5,\"name\":\"Wandsticker\"}]},{\"@type\":\"WebSite\",\"@id\":\"https:\\\/\\\/www.amstelprinting.nl\\\/de\\\/#website\",\"url\":\"https:\\\/\\\/www.amstelprinting.nl\\\/de\\\/\",\"name\":\"Amstel Printing\",\"description\":\"Creating Exposure\",\"publisher\":{\"@id\":\"https:\\\/\\\/www.amstelprinting.nl\\\/de\\\/#organization\"},\"potentialAction\":[{\"@type\":\"SearchAction\",\"target\":{\"@type\":\"EntryPoint\",\"urlTemplate\":\"https:\\\/\\\/www.amstelprinting.nl\\\/de\\\/?s={search_term_string}\"},\"query-input\":{\"@type\":\"PropertyValueSpecification\",\"valueRequired\":true,\"valueName\":\"search_term_string\"}}],\"inLanguage\":\"de\"},{\"@type\":\"Organization\",\"@id\":\"https:\\\/\\\/www.amstelprinting.nl\\\/de\\\/#organization\",\"name\":\"Amstel Printing\",\"url\":\"https:\\\/\\\/www.amstelprinting.nl\\\/de\\\/\",\"logo\":{\"@type\":\"ImageObject\",\"inLanguage\":\"de\",\"@id\":\"https:\\\/\\\/www.amstelprinting.nl\\\/de\\\/#\\\/schema\\\/logo\\\/image\\\/\",\"url\":\"https:\\\/\\\/www.amstelprinting.nl\\\/wp-content\\\/uploads\\\/amstel_printing_logo_clean.png\",\"contentUrl\":\"https:\\\/\\\/www.amstelprinting.nl\\\/wp-content\\\/uploads\\\/amstel_printing_logo_clean.png\",\"width\":324,\"height\":73,\"caption\":\"Amstel Printing\"},\"image\":{\"@id\":\"https:\\\/\\\/www.amstelprinting.nl\\\/de\\\/#\\\/schema\\\/logo\\\/image\\\/\"}}]}<\/script>\n<!-- \/ Yoast SEO plugin. -->","yoast_head_json":{"title":"Wandsticker nach Ma\u00df \u2013 Schnelle Lieferung & Premium-Materialien","description":"Hochwertiger Wandsticker mit Ihrem eigenen Design bedruckt. W\u00e4hlen Sie aus vier Materialarten, professioneller Veredelung und erhalten Sie die Lieferung innerhalb von 3 Werktagen.","robots":{"index":"index","follow":"follow","max-snippet":"max-snippet:-1","max-image-preview":"max-image-preview:large","max-video-preview":"max-video-preview:-1"},"canonical":"https:\/\/www.amstelprinting.nl\/de\/gesch\u00e4ft\/innenwerbung\/wandwerbung\/wandsticker\/","og_locale":"de_DE","og_type":"article","og_title":"Wandsticker nach Ma\u00df \u2013 Schnelle Lieferung & Premium-Materialien","og_description":"Hochwertiger Wandsticker mit Ihrem eigenen Design bedruckt. W\u00e4hlen Sie aus vier Materialarten, professioneller Veredelung und erhalten Sie die Lieferung innerhalb von 3 Werktagen.","og_url":"https:\/\/www.amstelprinting.nl\/de\/gesch\u00e4ft\/innenwerbung\/wandwerbung\/wandsticker\/","og_site_name":"Amstel Printing","article_modified_time":"2026-02-18T11:54:02+00:00","og_image":[{"width":900,"height":900,"url":"https:\/\/www.amstelprinting.nl\/wp-content\/uploads\/muursticker-bedrukken.png","type":"image\/png"}],"twitter_card":"summary_large_image","twitter_misc":{"Gesch\u00e4tzte Lesezeit":"2\u00a0Minuten"},"schema":{"@context":"https:\/\/schema.org","@graph":[{"@type":"WebPage","@id":"https:\/\/www.amstelprinting.nl\/de\/gesch\u00e4ft\/innenwerbung\/wandwerbung\/wandsticker\/","url":"https:\/\/www.amstelprinting.nl\/de\/gesch\u00e4ft\/innenwerbung\/wandwerbung\/wandsticker\/","name":"Wandsticker nach Ma\u00df \u2013 Schnelle Lieferung & Premium-Materialien","isPartOf":{"@id":"https:\/\/www.amstelprinting.nl\/de\/#website"},"primaryImageOfPage":{"@id":"https:\/\/www.amstelprinting.nl\/de\/gesch\u00e4ft\/innenwerbung\/wandwerbung\/wandsticker\/#primaryimage"},"image":{"@id":"https:\/\/www.amstelprinting.nl\/de\/gesch\u00e4ft\/innenwerbung\/wandwerbung\/wandsticker\/#primaryimage"},"thumbnailUrl":"https:\/\/www.amstelprinting.nl\/wp-content\/uploads\/muursticker-bedrukken.png","datePublished":"2025-01-24T10:29:21+00:00","dateModified":"2026-02-18T11:54:02+00:00","description":"Hochwertiger Wandsticker mit Ihrem eigenen Design bedruckt. W\u00e4hlen Sie aus vier Materialarten, professioneller Veredelung und erhalten Sie die Lieferung innerhalb von 3 Werktagen.","breadcrumb":{"@id":"https:\/\/www.amstelprinting.nl\/de\/gesch\u00e4ft\/innenwerbung\/wandwerbung\/wandsticker\/#breadcrumb"},"inLanguage":"de","potentialAction":[{"@type":"ReadAction","target":["https:\/\/www.amstelprinting.nl\/de\/gesch\u00e4ft\/innenwerbung\/wandwerbung\/wandsticker\/"]}]},{"@type":"ImageObject","inLanguage":"de","@id":"https:\/\/www.amstelprinting.nl\/de\/gesch\u00e4ft\/innenwerbung\/wandwerbung\/wandsticker\/#primaryimage","url":"https:\/\/www.amstelprinting.nl\/wp-content\/uploads\/muursticker-bedrukken.png","contentUrl":"https:\/\/www.amstelprinting.nl\/wp-content\/uploads\/muursticker-bedrukken.png","width":900,"height":900},{"@type":"BreadcrumbList","@id":"https:\/\/www.amstelprinting.nl\/de\/gesch\u00e4ft\/innenwerbung\/wandwerbung\/wandsticker\/#breadcrumb","itemListElement":[{"@type":"ListItem","position":1,"name":"","item":"https:\/\/www.amstelprinting.nl\/de\/"},{"@type":"ListItem","position":2,"name":"Amstel Printing","item":"https:\/\/www.amstelprinting.nl\/de\/geschaeft\/"},{"@type":"ListItem","position":3,"name":"Innenwerbung","item":"https:\/\/www.amstelprinting.nl\/de\/kategorie\/innenwerbung\/"},{"@type":"ListItem","position":4,"name":"Wandwerbung","item":"https:\/\/www.amstelprinting.nl\/de\/kategorie\/innenwerbung\/wandwerbung\/"},{"@type":"ListItem","position":5,"name":"Wandsticker"}]},{"@type":"WebSite","@id":"https:\/\/www.amstelprinting.nl\/de\/#website","url":"https:\/\/www.amstelprinting.nl\/de\/","name":"Amstel Printing","description":"Creating Exposure","publisher":{"@id":"https:\/\/www.amstelprinting.nl\/de\/#organization"},"potentialAction":[{"@type":"SearchAction","target":{"@type":"EntryPoint","urlTemplate":"https:\/\/www.amstelprinting.nl\/de\/?s={search_term_string}"},"query-input":{"@type":"PropertyValueSpecification","valueRequired":true,"valueName":"search_term_string"}}],"inLanguage":"de"},{"@type":"Organization","@id":"https:\/\/www.amstelprinting.nl\/de\/#organization","name":"Amstel Printing","url":"https:\/\/www.amstelprinting.nl\/de\/","logo":{"@type":"ImageObject","inLanguage":"de","@id":"https:\/\/www.amstelprinting.nl\/de\/#\/schema\/logo\/image\/","url":"https:\/\/www.amstelprinting.nl\/wp-content\/uploads\/amstel_printing_logo_clean.png","contentUrl":"https:\/\/www.amstelprinting.nl\/wp-content\/uploads\/amstel_printing_logo_clean.png","width":324,"height":73,"caption":"Amstel Printing"},"image":{"@id":"https:\/\/www.amstelprinting.nl\/de\/#\/schema\/logo\/image\/"}}]}},"_links":{"self":[{"href":"https:\/\/www.amstelprinting.nl\/de\/wp-json\/wp\/v2\/product\/14769","targetHints":{"allow":["GET"]}}],"collection":[{"href":"https:\/\/www.amstelprinting.nl\/de\/wp-json\/wp\/v2\/product"}],"about":[{"href":"https:\/\/www.amstelprinting.nl\/de\/wp-json\/wp\/v2\/types\/product"}],"wp:featuredmedia":[{"embeddable":true,"href":"https:\/\/www.amstelprinting.nl\/de\/wp-json\/wp\/v2\/media\/14770"}],"wp:attachment":[{"href":"https:\/\/www.amstelprinting.nl\/de\/wp-json\/wp\/v2\/media?parent=14769"}],"wp:term":[{"taxonomy":"product_brand","embeddable":true,"href":"https:\/\/www.amstelprinting.nl\/de\/wp-json\/wp\/v2\/product_brand?post=14769"},{"taxonomy":"product_cat","embeddable":true,"href":"https:\/\/www.amstelprinting.nl\/de\/wp-json\/wp\/v2\/product_cat?post=14769"},{"taxonomy":"product_tag","embeddable":true,"href":"https:\/\/www.amstelprinting.nl\/de\/wp-json\/wp\/v2\/product_tag?post=14769"}],"curies":[{"name":"wp","href":"https:\/\/api.w.org\/{rel}","templated":true}]}}