{"id":14779,"date":"2025-01-24T11:29:14","date_gmt":"2025-01-24T10:29:14","guid":{"rendered":"https:\/\/www.amstelprinting.nl\/winkel\/unkategorisiert\/paneel\/"},"modified":"2026-02-10T12:29:08","modified_gmt":"2026-02-10T11:29:08","slug":"paneel","status":"publish","type":"product","link":"https:\/\/www.amstelprinting.nl\/de\/gesch\u00e4ft\/innenwerbung\/wandwerbung\/paneel\/","title":{"rendered":"Paneel"},"content":{"rendered":"<h3>Paneel bedrucken<\/h3>\n<p>\\nEntdecken Sie unsere vielseitige Kollektion an Paneelen, ausgestattet mit einem gestochen scharfen Druck Ihrer Wahl. Egal, ob Sie nach funktionaler Beschilderung, dekorativen Elementen oder professionellen Pr\u00e4sentationen suchen, unsere Paneele bieten eine umfangreiche Auswahl an Materialien und M\u00f6glichkeiten. Personalisieren Sie das Paneel mit einem Druck nach Ihrem eigenen Design oder w\u00e4hlen Sie aus unseren bestehenden Mustern f\u00fcr ein einzigartiges Erscheinungsbild. Lieferung oft schon innerhalb von 1 Werktag m\u00f6glich!\\n<\/p>\n<h3>Vorteile<\/h3>\n<p>\\n<\/p>\n<ul>\\n  <\/p>\n<li>In jedem Format und jeder Form bestellbar<\/li>\n<p>\\n  <\/p>\n<li>Schnelle Lieferung: bereits innerhalb von 1 Werktag m\u00f6glich<\/li>\n<p>\\n  <\/p>\n<li>Feuerhemmend, daher auch f\u00fcr \u00f6ffentliche R\u00e4ume geeignet<\/li>\n<p>\\n  <\/p>\n<li>Erh\u00e4ltlich in 12 verschiedenen Materialien in unterschiedlichen St\u00e4rken<\/li>\n<p>\\n  <\/p>\n<li>W\u00e4hlen Sie Ihr eigenes Design oder eines unserer bestehenden Muster<\/li>\n<p>\\n<\/ul>\n<p>\\n&nbsp;\\n<\/p>\n<h3>Materialien: f\u00fcr jede Anwendung das richtige Paneel<\/h3>\n<p>\\nVerwenden Sie das Paneel im Au\u00dfenbereich? Oder w\u00fcnschen Sie einen beidseitigen Druck? Ist Nachhaltigkeit wichtig? Oder haben Sie einen speziellen Wunsch bez\u00fcglich der Veredelung oder der Ausstrahlung des Paneels? Im Folgenden erl\u00e4utern wir kurz die Materialeigenschaften. So k\u00f6nnen Sie schnell das richtige Paneel bestellen.\\n<\/p>\n<ul>\\n  <\/p>\n<li><strong>Dibond\u00ae<\/strong>: Robustes Aluminium-Paneel mit einer wei\u00dfen Deckschicht, sowohl f\u00fcr den Innen- als auch f\u00fcr den Au\u00dfenbereich geeignet.<\/li>\n<p>\\n  <\/p>\n<li><strong>Dibond\u00ae Butler Finish<\/strong>: Aluminium-Verbundplatte mit geb\u00fcrsteter Edelstahl-Optik, perfekt f\u00fcr den Innen- und Au\u00dfenbereich.<\/li>\n<p>\\n  <\/p>\n<li><strong>Forex\u00ae<\/strong>: Leichtes PVC-Hartschaummaterial, ideal f\u00fcr den Einsatz in Innenr\u00e4umen.<\/li>\n<p>\\n  <\/p>\n<li><strong>Plexiglas<\/strong>: Transparentes Material mit moderner Ausstrahlung, geeignet f\u00fcr innen und au\u00dfen (kratzempfindlich).<\/li>\n<p>\\n  <\/p>\n<li><strong>Easyprint<\/strong>: Leichtes Polypropylen-Plattenmaterial f\u00fcr hochwertige Druckergebnisse.<\/li>\n<p>\\n  <\/p>\n<li><strong>Multiplex<\/strong>: Umweltfreundliches Pappelholz mit nat\u00fcrlicher Ausstrahlung, geeignet f\u00fcr den Einsatz in Innenr\u00e4umen.<\/li>\n<p>\\n  <\/p>\n<li><strong>Re-board<\/strong>: Steife und leichte Karton-Sandwichkonstruktion mit wei\u00dfer Deckschicht, ideal f\u00fcr den Innenbereich und umweltfreundlich.<\/li>\n<p>\\n  <\/p>\n<li><strong>Sign Again<\/strong>: Zirkul\u00e4res Material aus recycelten Bannern und Schnittabf\u00e4llen, geeignet f\u00fcr innen und au\u00dfen.<\/li>\n<p>\\n  <\/p>\n<li><strong>HLP<\/strong>: Sehr starkes HPL-Paneel mit braunem Kern und wei\u00dfer Deckschicht, geeignet f\u00fcr den Innen- und Au\u00dfenbereich.<\/li>\n<p>\\n  <\/p>\n<li><strong>Akylite<\/strong>: Leichtes PVC-freies Paneel mit Wabenkern, geeignet f\u00fcr innen und au\u00dfen.<\/li>\n<p>\\n  <\/p>\n<li><strong>Displaykarton<\/strong>: Flexibler Karton mit grauem Vollpappkern auf der R\u00fcckseite und wei\u00dfer Deckschicht, ideal f\u00fcr den Innenbereich (nicht zum Falten).<\/li>\n<p>\\n  <\/p>\n<li><strong>Dibond\u00ae XL<\/strong>: Extra gro\u00dfes Aluminium-Paneel mit einer wei\u00dfen Deckschicht, sowohl f\u00fcr den Innen- als auch f\u00fcr den Au\u00dfenbereich geeignet.<\/li>\n<p>\\n<\/ul>\n<p>\\n&nbsp;\\n\\n<\/p>\n<h3>Veredelung<\/h3>\n<p>\\nW\u00e4hlen Sie zwischen rechteckigem Zuschnitt oder Konturschnitt (in eigener Form) sowie Optionen f\u00fcr Bohrl\u00f6cher (f\u00fcr eine Befestigung des Paneels nach Wunsch).\\n\\n<\/p>\n<h3>Zubeh\u00f6r f\u00fcr eine einfache Befestigung<\/h3>\n<p>\\nW\u00e4hrend des Bestellvorgangs haben Sie die M\u00f6glichkeit, optional diverses Zubeh\u00f6r mitzubestellen. So k\u00f6nnen Sie aus verschiedenen Arten von Klettband und Aufh\u00e4ngeplatten (in verschiedenen Gr\u00f6\u00dfen) w\u00e4hlen.\\n<\/p>\n<h3>H\u00e4ufig gestellte Fragen<\/h3>\n<p>\\n<strong>Wie kann das Paneel am besten gereinigt werden?<\/strong>\\nVerwenden Sie zur Reinigung Ihrer Paneele am besten ein mildes Reinigungsmittel gemischt mit Wasser. Da die Tinte mittels UV-Drucktechnik auf dem Material liegt, ist die Oberfl\u00e4che bei zu grober Behandlung empfindlich gegen\u00fcber Besch\u00e4digungen. F\u00fcr zus\u00e4tzlichen Schutz gegen Kratzer k\u00f6nnen Sie in Erw\u00e4gung ziehen, Dibond\u00ae Paneele mit einer Beschichtung zu versehen.\\n\\n<strong>Was ist der Vorteil einer Beschichtung?<\/strong>\\nDas Plattenmaterial erh\u00e4lt durch eine Beschichtung eine intensivere Farbe und bietet einen besseren Schutz des Drucks.<\/p>\n","protected":false},"excerpt":{"rendered":"<p>Paneel bedrucken mit Ihrem Design, Bild oder Logo? W\u00e4hlen Sie aus mehr als 12 verschiedenen Arten von Paneelmaterialien. Die Gr\u00f6\u00dfe bestimmen Sie selbst. Stellen Sie unten in wenigen Schritten Ihr bedrucktes Paneel zusammen.<\/p>\n","protected":false},"featured_media":14780,"template":"","meta":{"_et_pb_use_builder":"","_et_pb_old_content":"","_et_gb_content_width":""},"product_brand":[],"product_cat":[313,907,930],"product_tag":[],"class_list":{"0":"post-14779","1":"product","2":"type-product","3":"status-publish","4":"has-post-thumbnail","6":"product_cat-aufkleber-und-druck","7":"product_cat-innenwerbung","8":"product_cat-wandwerbung","10":"first","11":"instock","12":"taxable","13":"shipping-taxable","14":"purchasable","15":"product-type-simple"},"yoast_head":"<!-- This site is optimized with the Yoast SEO plugin v27.3 - https:\/\/yoast.com\/product\/yoast-seo-wordpress\/ -->\n<title>Bedrucktes Paneel nach Ma\u00df - Schnelle Lieferung &amp; Diverse Materialien<\/title>\n<meta name=\"description\" content=\"Gestalten und bestellen Sie Ihr personalisiertes Paneel in jedem Format und Material. Erzielen Sie sofortige Wirkung mit scharfen Drucken und flexiblen Veredelungen.\" \/>\n<meta name=\"robots\" content=\"index, follow, max-snippet:-1, max-image-preview:large, max-video-preview:-1\" \/>\n<link rel=\"canonical\" href=\"https:\/\/www.amstelprinting.nl\/de\/gesch\u00e4ft\/innenwerbung\/wandwerbung\/paneel\/\" \/>\n<meta property=\"og:locale\" content=\"de_DE\" \/>\n<meta property=\"og:type\" content=\"article\" \/>\n<meta property=\"og:title\" content=\"Bedrucktes Paneel nach Ma\u00df - Schnelle Lieferung &amp; Diverse Materialien\" \/>\n<meta property=\"og:description\" content=\"Gestalten und bestellen Sie Ihr personalisiertes Paneel in jedem Format und Material. Erzielen Sie sofortige Wirkung mit scharfen Drucken und flexiblen Veredelungen.\" \/>\n<meta property=\"og:url\" content=\"https:\/\/www.amstelprinting.nl\/de\/gesch\u00e4ft\/innenwerbung\/wandwerbung\/paneel\/\" \/>\n<meta property=\"og:site_name\" content=\"Amstel Printing\" \/>\n<meta property=\"article:modified_time\" content=\"2026-02-10T11:29:08+00:00\" \/>\n<meta property=\"og:image\" content=\"https:\/\/www.amstelprinting.nl\/wp-content\/uploads\/paneel-bedrukken.png\" \/>\n\t<meta property=\"og:image:width\" content=\"900\" \/>\n\t<meta property=\"og:image:height\" content=\"900\" \/>\n\t<meta property=\"og:image:type\" content=\"image\/png\" \/>\n<meta name=\"twitter:card\" content=\"summary_large_image\" \/>\n<meta name=\"twitter:label1\" content=\"Gesch\u00e4tzte Lesezeit\" \/>\n\t<meta name=\"twitter:data1\" content=\"3\u00a0Minuten\" \/>\n<script type=\"application\/ld+json\" class=\"yoast-schema-graph\">{\"@context\":\"https:\\\/\\\/schema.org\",\"@graph\":[{\"@type\":\"WebPage\",\"@id\":\"https:\\\/\\\/www.amstelprinting.nl\\\/de\\\/gesch\u00e4ft\\\/innenwerbung\\\/wandwerbung\\\/paneel\\\/\",\"url\":\"https:\\\/\\\/www.amstelprinting.nl\\\/de\\\/gesch\u00e4ft\\\/innenwerbung\\\/wandwerbung\\\/paneel\\\/\",\"name\":\"Bedrucktes Paneel nach Ma\u00df - Schnelle Lieferung & Diverse Materialien\",\"isPartOf\":{\"@id\":\"https:\\\/\\\/www.amstelprinting.nl\\\/de\\\/#website\"},\"primaryImageOfPage\":{\"@id\":\"https:\\\/\\\/www.amstelprinting.nl\\\/de\\\/gesch\u00e4ft\\\/innenwerbung\\\/wandwerbung\\\/paneel\\\/#primaryimage\"},\"image\":{\"@id\":\"https:\\\/\\\/www.amstelprinting.nl\\\/de\\\/gesch\u00e4ft\\\/innenwerbung\\\/wandwerbung\\\/paneel\\\/#primaryimage\"},\"thumbnailUrl\":\"https:\\\/\\\/www.amstelprinting.nl\\\/wp-content\\\/uploads\\\/paneel-bedrukken.png\",\"datePublished\":\"2025-01-24T10:29:14+00:00\",\"dateModified\":\"2026-02-10T11:29:08+00:00\",\"description\":\"Gestalten und bestellen Sie Ihr personalisiertes Paneel in jedem Format und Material. Erzielen Sie sofortige Wirkung mit scharfen Drucken und flexiblen Veredelungen.\",\"breadcrumb\":{\"@id\":\"https:\\\/\\\/www.amstelprinting.nl\\\/de\\\/gesch\u00e4ft\\\/innenwerbung\\\/wandwerbung\\\/paneel\\\/#breadcrumb\"},\"inLanguage\":\"de\",\"potentialAction\":[{\"@type\":\"ReadAction\",\"target\":[\"https:\\\/\\\/www.amstelprinting.nl\\\/de\\\/gesch\u00e4ft\\\/innenwerbung\\\/wandwerbung\\\/paneel\\\/\"]}]},{\"@type\":\"ImageObject\",\"inLanguage\":\"de\",\"@id\":\"https:\\\/\\\/www.amstelprinting.nl\\\/de\\\/gesch\u00e4ft\\\/innenwerbung\\\/wandwerbung\\\/paneel\\\/#primaryimage\",\"url\":\"https:\\\/\\\/www.amstelprinting.nl\\\/wp-content\\\/uploads\\\/paneel-bedrukken.png\",\"contentUrl\":\"https:\\\/\\\/www.amstelprinting.nl\\\/wp-content\\\/uploads\\\/paneel-bedrukken.png\",\"width\":900,\"height\":900},{\"@type\":\"BreadcrumbList\",\"@id\":\"https:\\\/\\\/www.amstelprinting.nl\\\/de\\\/gesch\u00e4ft\\\/innenwerbung\\\/wandwerbung\\\/paneel\\\/#breadcrumb\",\"itemListElement\":[{\"@type\":\"ListItem\",\"position\":1,\"name\":\"\",\"item\":\"https:\\\/\\\/www.amstelprinting.nl\\\/de\\\/\"},{\"@type\":\"ListItem\",\"position\":2,\"name\":\"Amstel Printing\",\"item\":\"https:\\\/\\\/www.amstelprinting.nl\\\/de\\\/geschaeft\\\/\"},{\"@type\":\"ListItem\",\"position\":3,\"name\":\"Innenwerbung\",\"item\":\"https:\\\/\\\/www.amstelprinting.nl\\\/de\\\/kategorie\\\/innenwerbung\\\/\"},{\"@type\":\"ListItem\",\"position\":4,\"name\":\"Wandwerbung\",\"item\":\"https:\\\/\\\/www.amstelprinting.nl\\\/de\\\/kategorie\\\/innenwerbung\\\/wandwerbung\\\/\"},{\"@type\":\"ListItem\",\"position\":5,\"name\":\"Paneel\"}]},{\"@type\":\"WebSite\",\"@id\":\"https:\\\/\\\/www.amstelprinting.nl\\\/de\\\/#website\",\"url\":\"https:\\\/\\\/www.amstelprinting.nl\\\/de\\\/\",\"name\":\"Amstel Printing\",\"description\":\"Creating Exposure\",\"publisher\":{\"@id\":\"https:\\\/\\\/www.amstelprinting.nl\\\/de\\\/#organization\"},\"potentialAction\":[{\"@type\":\"SearchAction\",\"target\":{\"@type\":\"EntryPoint\",\"urlTemplate\":\"https:\\\/\\\/www.amstelprinting.nl\\\/de\\\/?s={search_term_string}\"},\"query-input\":{\"@type\":\"PropertyValueSpecification\",\"valueRequired\":true,\"valueName\":\"search_term_string\"}}],\"inLanguage\":\"de\"},{\"@type\":\"Organization\",\"@id\":\"https:\\\/\\\/www.amstelprinting.nl\\\/de\\\/#organization\",\"name\":\"Amstel Printing\",\"url\":\"https:\\\/\\\/www.amstelprinting.nl\\\/de\\\/\",\"logo\":{\"@type\":\"ImageObject\",\"inLanguage\":\"de\",\"@id\":\"https:\\\/\\\/www.amstelprinting.nl\\\/de\\\/#\\\/schema\\\/logo\\\/image\\\/\",\"url\":\"https:\\\/\\\/www.amstelprinting.nl\\\/wp-content\\\/uploads\\\/amstel_printing_logo_clean.png\",\"contentUrl\":\"https:\\\/\\\/www.amstelprinting.nl\\\/wp-content\\\/uploads\\\/amstel_printing_logo_clean.png\",\"width\":324,\"height\":73,\"caption\":\"Amstel Printing\"},\"image\":{\"@id\":\"https:\\\/\\\/www.amstelprinting.nl\\\/de\\\/#\\\/schema\\\/logo\\\/image\\\/\"}}]}<\/script>\n<!-- \/ Yoast SEO plugin. -->","yoast_head_json":{"title":"Bedrucktes Paneel nach Ma\u00df - Schnelle Lieferung & Diverse Materialien","description":"Gestalten und bestellen Sie Ihr personalisiertes Paneel in jedem Format und Material. Erzielen Sie sofortige Wirkung mit scharfen Drucken und flexiblen Veredelungen.","robots":{"index":"index","follow":"follow","max-snippet":"max-snippet:-1","max-image-preview":"max-image-preview:large","max-video-preview":"max-video-preview:-1"},"canonical":"https:\/\/www.amstelprinting.nl\/de\/gesch\u00e4ft\/innenwerbung\/wandwerbung\/paneel\/","og_locale":"de_DE","og_type":"article","og_title":"Bedrucktes Paneel nach Ma\u00df - Schnelle Lieferung & Diverse Materialien","og_description":"Gestalten und bestellen Sie Ihr personalisiertes Paneel in jedem Format und Material. Erzielen Sie sofortige Wirkung mit scharfen Drucken und flexiblen Veredelungen.","og_url":"https:\/\/www.amstelprinting.nl\/de\/gesch\u00e4ft\/innenwerbung\/wandwerbung\/paneel\/","og_site_name":"Amstel Printing","article_modified_time":"2026-02-10T11:29:08+00:00","og_image":[{"width":900,"height":900,"url":"https:\/\/www.amstelprinting.nl\/wp-content\/uploads\/paneel-bedrukken.png","type":"image\/png"}],"twitter_card":"summary_large_image","twitter_misc":{"Gesch\u00e4tzte Lesezeit":"3\u00a0Minuten"},"schema":{"@context":"https:\/\/schema.org","@graph":[{"@type":"WebPage","@id":"https:\/\/www.amstelprinting.nl\/de\/gesch\u00e4ft\/innenwerbung\/wandwerbung\/paneel\/","url":"https:\/\/www.amstelprinting.nl\/de\/gesch\u00e4ft\/innenwerbung\/wandwerbung\/paneel\/","name":"Bedrucktes Paneel nach Ma\u00df - Schnelle Lieferung & Diverse Materialien","isPartOf":{"@id":"https:\/\/www.amstelprinting.nl\/de\/#website"},"primaryImageOfPage":{"@id":"https:\/\/www.amstelprinting.nl\/de\/gesch\u00e4ft\/innenwerbung\/wandwerbung\/paneel\/#primaryimage"},"image":{"@id":"https:\/\/www.amstelprinting.nl\/de\/gesch\u00e4ft\/innenwerbung\/wandwerbung\/paneel\/#primaryimage"},"thumbnailUrl":"https:\/\/www.amstelprinting.nl\/wp-content\/uploads\/paneel-bedrukken.png","datePublished":"2025-01-24T10:29:14+00:00","dateModified":"2026-02-10T11:29:08+00:00","description":"Gestalten und bestellen Sie Ihr personalisiertes Paneel in jedem Format und Material. Erzielen Sie sofortige Wirkung mit scharfen Drucken und flexiblen Veredelungen.","breadcrumb":{"@id":"https:\/\/www.amstelprinting.nl\/de\/gesch\u00e4ft\/innenwerbung\/wandwerbung\/paneel\/#breadcrumb"},"inLanguage":"de","potentialAction":[{"@type":"ReadAction","target":["https:\/\/www.amstelprinting.nl\/de\/gesch\u00e4ft\/innenwerbung\/wandwerbung\/paneel\/"]}]},{"@type":"ImageObject","inLanguage":"de","@id":"https:\/\/www.amstelprinting.nl\/de\/gesch\u00e4ft\/innenwerbung\/wandwerbung\/paneel\/#primaryimage","url":"https:\/\/www.amstelprinting.nl\/wp-content\/uploads\/paneel-bedrukken.png","contentUrl":"https:\/\/www.amstelprinting.nl\/wp-content\/uploads\/paneel-bedrukken.png","width":900,"height":900},{"@type":"BreadcrumbList","@id":"https:\/\/www.amstelprinting.nl\/de\/gesch\u00e4ft\/innenwerbung\/wandwerbung\/paneel\/#breadcrumb","itemListElement":[{"@type":"ListItem","position":1,"name":"","item":"https:\/\/www.amstelprinting.nl\/de\/"},{"@type":"ListItem","position":2,"name":"Amstel Printing","item":"https:\/\/www.amstelprinting.nl\/de\/geschaeft\/"},{"@type":"ListItem","position":3,"name":"Innenwerbung","item":"https:\/\/www.amstelprinting.nl\/de\/kategorie\/innenwerbung\/"},{"@type":"ListItem","position":4,"name":"Wandwerbung","item":"https:\/\/www.amstelprinting.nl\/de\/kategorie\/innenwerbung\/wandwerbung\/"},{"@type":"ListItem","position":5,"name":"Paneel"}]},{"@type":"WebSite","@id":"https:\/\/www.amstelprinting.nl\/de\/#website","url":"https:\/\/www.amstelprinting.nl\/de\/","name":"Amstel Printing","description":"Creating Exposure","publisher":{"@id":"https:\/\/www.amstelprinting.nl\/de\/#organization"},"potentialAction":[{"@type":"SearchAction","target":{"@type":"EntryPoint","urlTemplate":"https:\/\/www.amstelprinting.nl\/de\/?s={search_term_string}"},"query-input":{"@type":"PropertyValueSpecification","valueRequired":true,"valueName":"search_term_string"}}],"inLanguage":"de"},{"@type":"Organization","@id":"https:\/\/www.amstelprinting.nl\/de\/#organization","name":"Amstel Printing","url":"https:\/\/www.amstelprinting.nl\/de\/","logo":{"@type":"ImageObject","inLanguage":"de","@id":"https:\/\/www.amstelprinting.nl\/de\/#\/schema\/logo\/image\/","url":"https:\/\/www.amstelprinting.nl\/wp-content\/uploads\/amstel_printing_logo_clean.png","contentUrl":"https:\/\/www.amstelprinting.nl\/wp-content\/uploads\/amstel_printing_logo_clean.png","width":324,"height":73,"caption":"Amstel Printing"},"image":{"@id":"https:\/\/www.amstelprinting.nl\/de\/#\/schema\/logo\/image\/"}}]}},"_links":{"self":[{"href":"https:\/\/www.amstelprinting.nl\/de\/wp-json\/wp\/v2\/product\/14779","targetHints":{"allow":["GET"]}}],"collection":[{"href":"https:\/\/www.amstelprinting.nl\/de\/wp-json\/wp\/v2\/product"}],"about":[{"href":"https:\/\/www.amstelprinting.nl\/de\/wp-json\/wp\/v2\/types\/product"}],"wp:featuredmedia":[{"embeddable":true,"href":"https:\/\/www.amstelprinting.nl\/de\/wp-json\/wp\/v2\/media\/14780"}],"wp:attachment":[{"href":"https:\/\/www.amstelprinting.nl\/de\/wp-json\/wp\/v2\/media?parent=14779"}],"wp:term":[{"taxonomy":"product_brand","embeddable":true,"href":"https:\/\/www.amstelprinting.nl\/de\/wp-json\/wp\/v2\/product_brand?post=14779"},{"taxonomy":"product_cat","embeddable":true,"href":"https:\/\/www.amstelprinting.nl\/de\/wp-json\/wp\/v2\/product_cat?post=14779"},{"taxonomy":"product_tag","embeddable":true,"href":"https:\/\/www.amstelprinting.nl\/de\/wp-json\/wp\/v2\/product_tag?post=14779"}],"curies":[{"name":"wp","href":"https:\/\/api.w.org\/{rel}","templated":true}]}}