{"id":14799,"date":"2025-01-24T11:28:59","date_gmt":"2025-01-24T10:28:59","guid":{"rendered":"https:\/\/www.amstelprinting.nl\/winkel\/unkategorisiert\/acousticpro-panelen\/"},"modified":"2026-02-18T12:54:03","modified_gmt":"2026-02-18T11:54:03","slug":"acousticpro-paneele","status":"publish","type":"product","link":"https:\/\/www.amstelprinting.nl\/de\/gesch\u00e4ft\/innere\/wanddekoration\/acousticpro-paneele\/","title":{"rendered":"AcousticPro\u00ae Paneele"},"content":{"rendered":"<h3>AcousticPro\u00ae Paneel bedrucken<\/h3>\n<p>Verwandeln Sie Ihren (Gesch\u00e4fts-)Raum mit innovativen AcousticPro\u00ae Paneelen. Speziell entwickelt, um die Akustik zu verbessern und gleichzeitig eine moderne \u00c4sthetik zu bieten. Perfekt f\u00fcr jeden Raum, in dem Klangqualit\u00e4t und Stil aufeinandertreffen. Laden Sie Ihr eigenes Design hoch oder w\u00e4hlen Sie aus einem unserer bestehenden Muster.<\/p>\n<h3>Vorteile<\/h3>\n<ul>\n<li>Verbessert die Akustik des Raums<\/li>\n<li>Ein akustischer Wert von bis zu 0,9<\/li>\n<li>Nachhaltig: hergestellt aus recycelten Jeans<\/li>\n<li>Einfach zu befestigen<\/li>\n<li>Komplett montiert geliefertes Paneel<\/li>\n<li>Erh\u00e4ltlich in 2 Varianten (Basic oder Premium)<\/li>\n<li>W\u00e4hlen Sie aus zwei Rahmenfarben (Schwarz oder Wei\u00df)<\/li>\n<li>Lieferung innerhalb von 4 Werktagen m\u00f6glich<\/li>\n<\/ul>\n<p>&nbsp;<\/p>\n<h3>Material<\/h3>\n<p>Sie haben die Wahl zwischen zwei Arten einseitiger Rahmen: Basic und Premium. Der Basic-Rahmen hat einen akustischen Wert von 0,65. Durch eine zus\u00e4tzliche Materialschicht auf dem Premium-Rahmen hat dieser einen akustischen Wert von 0,9. Dar\u00fcber hinaus bietet die Premium-Variante auch mehr Stabilit\u00e4t. Beide akustischen Aluminiumrahmen sind in Wei\u00df und Schwarz erh\u00e4ltlich.<\/p>\n<p>Das Material der AcousticPro-Paneele besteht zu 90 % aus Baumwollfasern recycelter Jeans, was daf\u00fcr sorgt, dass Schallwellen gut absorbiert werden.<\/p>\n<h3>Befestigung<\/h3>\n<p>Die Montage ist einfach mit der Option, die Akustikpaneele aufzuh\u00e4ngen. Perfekt f\u00fcr B\u00fcros, Besprechungsr\u00e4ume, Studios oder h\u00e4usliche Umgebungen.<\/p>\n<p>Verbessern Sie noch heute die Akustik Ihres Raums mit unseren stilvollen AcousticPro\u00ae Paneelen. W\u00e4hlen Sie Ihren bevorzugten Rahmen und genie\u00dfen Sie eine sp\u00fcrbare Verbesserung der Ger\u00e4uschreduzierung. Entdecken Sie jetzt, wie AcousticPro\u00ae Ihre Umgebung optimieren kann!<\/p>\n<h3>H\u00e4ufig gestellte Fragen<\/h3>\n<p><strong>Ist das Akustikmaterial leicht austauschbar?<\/strong><br \/>\nDer Austausch des Akustikmaterials ist nicht einfach. Bei der Montage wird das Material n\u00e4mlich verklebt, sodass Sie sicher sein k\u00f6nnen, dass der Druck fest im Rahmen sitzt.<\/p>\n<p><strong>Wie wird das product geliefert?<\/strong><br \/>\nBei der Lieferung erhalten Sie den Rahmen komplett montiert. Wenn Sie w\u00e4hrend des Bestellvorgangs \u201eAufh\u00e4ngen\u201c gew\u00e4hlt haben, wird auch ein Aufh\u00e4ngesystem mitgeliefert.<\/p>\n<p><strong>Wie viele Paneele ben\u00f6tige ich?<\/strong><br \/>\nDer Richtwert ist, dass Sie bereits bei 20 % der Bodenfl\u00e4che einen Unterschied bemerken und bei 30 % ein optimales Ergebnis erzielen. Dies bleibt jedoch ein Richtwert, da verschiedene Faktoren wie die Raumh\u00f6he und andere vorhandene Merkmale wie Vorh\u00e4nge ebenfalls das Endergebnis beeinflussen k\u00f6nnen.<\/p>\n","protected":false},"excerpt":{"rendered":"<p>Schlanker Rahmen mit schallabsorbierenden Eigenschaften. Ausgestattet mit einem gestochen scharfen Druck Ihrer Wahl. Gr\u00f6\u00dfe und Farbe des Rahmens w\u00e4hlen Sie selbst.<\/p>\n","protected":false},"featured_media":14800,"template":"","meta":{"_et_pb_use_builder":"","_et_pb_old_content":"","_et_gb_content_width":""},"product_brand":[],"product_cat":[944,907,947,942,930],"product_tag":[],"class_list":{"0":"post-14799","1":"product","2":"type-product","3":"status-publish","4":"has-post-thumbnail","6":"product_cat-buro","7":"product_cat-innenwerbung","8":"product_cat-innere","9":"product_cat-wanddekoration","10":"product_cat-wandwerbung","12":"first","13":"instock","14":"taxable","15":"shipping-taxable","16":"purchasable","17":"product-type-simple"},"yoast_head":"<!-- This site is optimized with the Yoast SEO plugin v27.3 - https:\/\/yoast.com\/product\/yoast-seo-wordpress\/ -->\n<title>AcousticPro\u00ae Paneele | Amstel Printing<\/title>\n<meta name=\"robots\" content=\"index, follow, max-snippet:-1, max-image-preview:large, max-video-preview:-1\" \/>\n<link rel=\"canonical\" href=\"https:\/\/www.amstelprinting.nl\/de\/gesch\u00e4ft\/innere\/wanddekoration\/acousticpro-paneele\/\" \/>\n<meta property=\"og:locale\" content=\"de_DE\" \/>\n<meta property=\"og:type\" content=\"article\" \/>\n<meta property=\"og:title\" content=\"AcousticPro\u00ae Paneele | Amstel Printing\" \/>\n<meta property=\"og:description\" content=\"Schlanker Rahmen mit schallabsorbierenden Eigenschaften. Ausgestattet mit einem gestochen scharfen Druck Ihrer Wahl. Gr\u00f6\u00dfe und Farbe des Rahmens w\u00e4hlen Sie selbst.\" \/>\n<meta property=\"og:url\" content=\"https:\/\/www.amstelprinting.nl\/de\/gesch\u00e4ft\/innere\/wanddekoration\/acousticpro-paneele\/\" \/>\n<meta property=\"og:site_name\" content=\"Amstel Printing\" \/>\n<meta property=\"article:modified_time\" content=\"2026-02-18T11:54:03+00:00\" \/>\n<meta property=\"og:image\" content=\"https:\/\/www.amstelprinting.nl\/wp-content\/uploads\/AcousticPro-paneel-bedrukken.png\" \/>\n\t<meta property=\"og:image:width\" content=\"900\" \/>\n\t<meta property=\"og:image:height\" content=\"900\" \/>\n\t<meta property=\"og:image:type\" content=\"image\/png\" \/>\n<meta name=\"twitter:card\" content=\"summary_large_image\" \/>\n<meta name=\"twitter:label1\" content=\"Gesch\u00e4tzte Lesezeit\" \/>\n\t<meta name=\"twitter:data1\" content=\"2\u00a0Minuten\" \/>\n<script type=\"application\/ld+json\" class=\"yoast-schema-graph\">{\"@context\":\"https:\\\/\\\/schema.org\",\"@graph\":[{\"@type\":\"WebPage\",\"@id\":\"https:\\\/\\\/www.amstelprinting.nl\\\/de\\\/gesch\u00e4ft\\\/innere\\\/wanddekoration\\\/acousticpro-paneele\\\/\",\"url\":\"https:\\\/\\\/www.amstelprinting.nl\\\/de\\\/gesch\u00e4ft\\\/innere\\\/wanddekoration\\\/acousticpro-paneele\\\/\",\"name\":\"AcousticPro\u00ae Paneele | Amstel Printing\",\"isPartOf\":{\"@id\":\"https:\\\/\\\/www.amstelprinting.nl\\\/de\\\/#website\"},\"primaryImageOfPage\":{\"@id\":\"https:\\\/\\\/www.amstelprinting.nl\\\/de\\\/gesch\u00e4ft\\\/innere\\\/wanddekoration\\\/acousticpro-paneele\\\/#primaryimage\"},\"image\":{\"@id\":\"https:\\\/\\\/www.amstelprinting.nl\\\/de\\\/gesch\u00e4ft\\\/innere\\\/wanddekoration\\\/acousticpro-paneele\\\/#primaryimage\"},\"thumbnailUrl\":\"https:\\\/\\\/www.amstelprinting.nl\\\/wp-content\\\/uploads\\\/AcousticPro-paneel-bedrukken.png\",\"datePublished\":\"2025-01-24T10:28:59+00:00\",\"dateModified\":\"2026-02-18T11:54:03+00:00\",\"breadcrumb\":{\"@id\":\"https:\\\/\\\/www.amstelprinting.nl\\\/de\\\/gesch\u00e4ft\\\/innere\\\/wanddekoration\\\/acousticpro-paneele\\\/#breadcrumb\"},\"inLanguage\":\"de\",\"potentialAction\":[{\"@type\":\"ReadAction\",\"target\":[\"https:\\\/\\\/www.amstelprinting.nl\\\/de\\\/gesch\u00e4ft\\\/innere\\\/wanddekoration\\\/acousticpro-paneele\\\/\"]}]},{\"@type\":\"ImageObject\",\"inLanguage\":\"de\",\"@id\":\"https:\\\/\\\/www.amstelprinting.nl\\\/de\\\/gesch\u00e4ft\\\/innere\\\/wanddekoration\\\/acousticpro-paneele\\\/#primaryimage\",\"url\":\"https:\\\/\\\/www.amstelprinting.nl\\\/wp-content\\\/uploads\\\/AcousticPro-paneel-bedrukken.png\",\"contentUrl\":\"https:\\\/\\\/www.amstelprinting.nl\\\/wp-content\\\/uploads\\\/AcousticPro-paneel-bedrukken.png\",\"width\":900,\"height\":900},{\"@type\":\"BreadcrumbList\",\"@id\":\"https:\\\/\\\/www.amstelprinting.nl\\\/de\\\/gesch\u00e4ft\\\/innere\\\/wanddekoration\\\/acousticpro-paneele\\\/#breadcrumb\",\"itemListElement\":[{\"@type\":\"ListItem\",\"position\":1,\"name\":\"\",\"item\":\"https:\\\/\\\/www.amstelprinting.nl\\\/de\\\/\"},{\"@type\":\"ListItem\",\"position\":2,\"name\":\"Amstel Printing\",\"item\":\"https:\\\/\\\/www.amstelprinting.nl\\\/de\\\/geschaeft\\\/\"},{\"@type\":\"ListItem\",\"position\":3,\"name\":\"Innenwerbung\",\"item\":\"https:\\\/\\\/www.amstelprinting.nl\\\/de\\\/kategorie\\\/innenwerbung\\\/\"},{\"@type\":\"ListItem\",\"position\":4,\"name\":\"Wandwerbung\",\"item\":\"https:\\\/\\\/www.amstelprinting.nl\\\/de\\\/kategorie\\\/innenwerbung\\\/wandwerbung\\\/\"},{\"@type\":\"ListItem\",\"position\":5,\"name\":\"AcousticPro\u00ae Paneele\"}]},{\"@type\":\"WebSite\",\"@id\":\"https:\\\/\\\/www.amstelprinting.nl\\\/de\\\/#website\",\"url\":\"https:\\\/\\\/www.amstelprinting.nl\\\/de\\\/\",\"name\":\"Amstel Printing\",\"description\":\"Creating Exposure\",\"publisher\":{\"@id\":\"https:\\\/\\\/www.amstelprinting.nl\\\/de\\\/#organization\"},\"potentialAction\":[{\"@type\":\"SearchAction\",\"target\":{\"@type\":\"EntryPoint\",\"urlTemplate\":\"https:\\\/\\\/www.amstelprinting.nl\\\/de\\\/?s={search_term_string}\"},\"query-input\":{\"@type\":\"PropertyValueSpecification\",\"valueRequired\":true,\"valueName\":\"search_term_string\"}}],\"inLanguage\":\"de\"},{\"@type\":\"Organization\",\"@id\":\"https:\\\/\\\/www.amstelprinting.nl\\\/de\\\/#organization\",\"name\":\"Amstel Printing\",\"url\":\"https:\\\/\\\/www.amstelprinting.nl\\\/de\\\/\",\"logo\":{\"@type\":\"ImageObject\",\"inLanguage\":\"de\",\"@id\":\"https:\\\/\\\/www.amstelprinting.nl\\\/de\\\/#\\\/schema\\\/logo\\\/image\\\/\",\"url\":\"https:\\\/\\\/www.amstelprinting.nl\\\/wp-content\\\/uploads\\\/amstel_printing_logo_clean.png\",\"contentUrl\":\"https:\\\/\\\/www.amstelprinting.nl\\\/wp-content\\\/uploads\\\/amstel_printing_logo_clean.png\",\"width\":324,\"height\":73,\"caption\":\"Amstel Printing\"},\"image\":{\"@id\":\"https:\\\/\\\/www.amstelprinting.nl\\\/de\\\/#\\\/schema\\\/logo\\\/image\\\/\"}}]}<\/script>\n<!-- \/ Yoast SEO plugin. -->","yoast_head_json":{"title":"AcousticPro\u00ae Paneele | Amstel Printing","robots":{"index":"index","follow":"follow","max-snippet":"max-snippet:-1","max-image-preview":"max-image-preview:large","max-video-preview":"max-video-preview:-1"},"canonical":"https:\/\/www.amstelprinting.nl\/de\/gesch\u00e4ft\/innere\/wanddekoration\/acousticpro-paneele\/","og_locale":"de_DE","og_type":"article","og_title":"AcousticPro\u00ae Paneele | Amstel Printing","og_description":"Schlanker Rahmen mit schallabsorbierenden Eigenschaften. Ausgestattet mit einem gestochen scharfen Druck Ihrer Wahl. Gr\u00f6\u00dfe und Farbe des Rahmens w\u00e4hlen Sie selbst.","og_url":"https:\/\/www.amstelprinting.nl\/de\/gesch\u00e4ft\/innere\/wanddekoration\/acousticpro-paneele\/","og_site_name":"Amstel Printing","article_modified_time":"2026-02-18T11:54:03+00:00","og_image":[{"width":900,"height":900,"url":"https:\/\/www.amstelprinting.nl\/wp-content\/uploads\/AcousticPro-paneel-bedrukken.png","type":"image\/png"}],"twitter_card":"summary_large_image","twitter_misc":{"Gesch\u00e4tzte Lesezeit":"2\u00a0Minuten"},"schema":{"@context":"https:\/\/schema.org","@graph":[{"@type":"WebPage","@id":"https:\/\/www.amstelprinting.nl\/de\/gesch\u00e4ft\/innere\/wanddekoration\/acousticpro-paneele\/","url":"https:\/\/www.amstelprinting.nl\/de\/gesch\u00e4ft\/innere\/wanddekoration\/acousticpro-paneele\/","name":"AcousticPro\u00ae Paneele | Amstel Printing","isPartOf":{"@id":"https:\/\/www.amstelprinting.nl\/de\/#website"},"primaryImageOfPage":{"@id":"https:\/\/www.amstelprinting.nl\/de\/gesch\u00e4ft\/innere\/wanddekoration\/acousticpro-paneele\/#primaryimage"},"image":{"@id":"https:\/\/www.amstelprinting.nl\/de\/gesch\u00e4ft\/innere\/wanddekoration\/acousticpro-paneele\/#primaryimage"},"thumbnailUrl":"https:\/\/www.amstelprinting.nl\/wp-content\/uploads\/AcousticPro-paneel-bedrukken.png","datePublished":"2025-01-24T10:28:59+00:00","dateModified":"2026-02-18T11:54:03+00:00","breadcrumb":{"@id":"https:\/\/www.amstelprinting.nl\/de\/gesch\u00e4ft\/innere\/wanddekoration\/acousticpro-paneele\/#breadcrumb"},"inLanguage":"de","potentialAction":[{"@type":"ReadAction","target":["https:\/\/www.amstelprinting.nl\/de\/gesch\u00e4ft\/innere\/wanddekoration\/acousticpro-paneele\/"]}]},{"@type":"ImageObject","inLanguage":"de","@id":"https:\/\/www.amstelprinting.nl\/de\/gesch\u00e4ft\/innere\/wanddekoration\/acousticpro-paneele\/#primaryimage","url":"https:\/\/www.amstelprinting.nl\/wp-content\/uploads\/AcousticPro-paneel-bedrukken.png","contentUrl":"https:\/\/www.amstelprinting.nl\/wp-content\/uploads\/AcousticPro-paneel-bedrukken.png","width":900,"height":900},{"@type":"BreadcrumbList","@id":"https:\/\/www.amstelprinting.nl\/de\/gesch\u00e4ft\/innere\/wanddekoration\/acousticpro-paneele\/#breadcrumb","itemListElement":[{"@type":"ListItem","position":1,"name":"","item":"https:\/\/www.amstelprinting.nl\/de\/"},{"@type":"ListItem","position":2,"name":"Amstel Printing","item":"https:\/\/www.amstelprinting.nl\/de\/geschaeft\/"},{"@type":"ListItem","position":3,"name":"Innenwerbung","item":"https:\/\/www.amstelprinting.nl\/de\/kategorie\/innenwerbung\/"},{"@type":"ListItem","position":4,"name":"Wandwerbung","item":"https:\/\/www.amstelprinting.nl\/de\/kategorie\/innenwerbung\/wandwerbung\/"},{"@type":"ListItem","position":5,"name":"AcousticPro\u00ae Paneele"}]},{"@type":"WebSite","@id":"https:\/\/www.amstelprinting.nl\/de\/#website","url":"https:\/\/www.amstelprinting.nl\/de\/","name":"Amstel Printing","description":"Creating Exposure","publisher":{"@id":"https:\/\/www.amstelprinting.nl\/de\/#organization"},"potentialAction":[{"@type":"SearchAction","target":{"@type":"EntryPoint","urlTemplate":"https:\/\/www.amstelprinting.nl\/de\/?s={search_term_string}"},"query-input":{"@type":"PropertyValueSpecification","valueRequired":true,"valueName":"search_term_string"}}],"inLanguage":"de"},{"@type":"Organization","@id":"https:\/\/www.amstelprinting.nl\/de\/#organization","name":"Amstel Printing","url":"https:\/\/www.amstelprinting.nl\/de\/","logo":{"@type":"ImageObject","inLanguage":"de","@id":"https:\/\/www.amstelprinting.nl\/de\/#\/schema\/logo\/image\/","url":"https:\/\/www.amstelprinting.nl\/wp-content\/uploads\/amstel_printing_logo_clean.png","contentUrl":"https:\/\/www.amstelprinting.nl\/wp-content\/uploads\/amstel_printing_logo_clean.png","width":324,"height":73,"caption":"Amstel Printing"},"image":{"@id":"https:\/\/www.amstelprinting.nl\/de\/#\/schema\/logo\/image\/"}}]}},"_links":{"self":[{"href":"https:\/\/www.amstelprinting.nl\/de\/wp-json\/wp\/v2\/product\/14799","targetHints":{"allow":["GET"]}}],"collection":[{"href":"https:\/\/www.amstelprinting.nl\/de\/wp-json\/wp\/v2\/product"}],"about":[{"href":"https:\/\/www.amstelprinting.nl\/de\/wp-json\/wp\/v2\/types\/product"}],"wp:featuredmedia":[{"embeddable":true,"href":"https:\/\/www.amstelprinting.nl\/de\/wp-json\/wp\/v2\/media\/14800"}],"wp:attachment":[{"href":"https:\/\/www.amstelprinting.nl\/de\/wp-json\/wp\/v2\/media?parent=14799"}],"wp:term":[{"taxonomy":"product_brand","embeddable":true,"href":"https:\/\/www.amstelprinting.nl\/de\/wp-json\/wp\/v2\/product_brand?post=14799"},{"taxonomy":"product_cat","embeddable":true,"href":"https:\/\/www.amstelprinting.nl\/de\/wp-json\/wp\/v2\/product_cat?post=14799"},{"taxonomy":"product_tag","embeddable":true,"href":"https:\/\/www.amstelprinting.nl\/de\/wp-json\/wp\/v2\/product_tag?post=14799"}],"curies":[{"name":"wp","href":"https:\/\/api.w.org\/{rel}","templated":true}]}}