{"id":14809,"date":"2025-01-24T11:28:46","date_gmt":"2025-01-24T10:28:46","guid":{"rendered":"https:\/\/www.amstelprinting.nl\/winkel\/unkategorisiert\/behangcirkel\/"},"modified":"2026-02-18T12:54:04","modified_gmt":"2026-02-18T11:54:04","slug":"tapetenkreis","status":"publish","type":"product","link":"https:\/\/www.amstelprinting.nl\/de\/gesch\u00e4ft\/innere\/tapete\/tapetenkreis\/","title":{"rendered":"Tapetenkreis"},"content":{"rendered":"<h3>Tapetenkreise bestellen<\/h3>\n<p>Ihrem Interieur neues Leben einhauchen? Entdecken Sie unsere wundersch\u00f6nen Tapetenkreise! Diese vielseitigen und stilvollen Dekorationselemente sind darauf ausgelegt, jeden Raum zu verwandeln und ihm eine einzigartige Ausstrahlung zu verleihen. Ob Sie eine dezente Akzentwand gestalten oder ein auff\u00e4lliges Statement setzen m\u00f6chten: bedruckte Tapetenkreise sind die perfekte L\u00f6sung. Erh\u00e4ltlich in verschiedenen hochwertigen Materialien. Mit praktischem Zubeh\u00f6r lassen sie sich einfach anbringen und entfernen. Dadurch k\u00f6nnen Sie schnell und ohne gro\u00dfen Aufwand ein verbl\u00fcffendes Ergebnis erzielen!<\/p>\n<h3>Materialwahl Tapetenkreis<\/h3>\n<p>W\u00e4hlen Sie das Material, das am besten zu Ihren W\u00fcnschen passt. Der Tapetenkreis kann aus verschiedenen Materialarten hergestellt werden. DOT Wei\u00df ist der Standard (am h\u00e4ufigsten bestellt), Roughmark eignet sich f\u00fcr schwierigere Untergr\u00fcnde und Gekkotex hat eine matte Textiloptik. Nachfolgend erl\u00e4utern wir die Unterschiede etwas ausf\u00fchrlicher.<\/p>\n<ul>\n<li><strong>DOT Wei\u00df<\/strong>: Genie\u00dfen Sie den Komfort von DOT Wei\u00df, einer selbstklebenden Folie mit einer subtilen Noppenstruktur. Diese Folie l\u00e4sst sich einfach anbringen und entfernen, ohne Luftblasen zu bilden. Mit dem Brandschutzzertifikat B1 ist sie zudem sicher f\u00fcr jede Umgebung.<\/li>\n<li><strong>Roughmark<\/strong>: F\u00fcr anspruchsvolle Oberfl\u00e4chen bietet Roughmark die ideale L\u00f6sung. Diese selbstklebende Folie hat eine extra hohe Klebekraft, perfekt f\u00fcr raue Oberfl\u00e4chen und langfristige Anwendungen.<\/li>\n<li><strong>Gekkotex<\/strong>: Charakteristisch durch die matte Textiloptik. Schaffen Sie mit Gekkotex ein nahtloses und stilvolles Finish. Diese selbstklebende und faltenfreie Textiltapete bietet eine luxuri\u00f6se Ausstrahlung und ist perfekt f\u00fcr einen schlichten, modernen Look.<\/li>\n<\/ul>\n<p>&nbsp;<\/p>\n<h3>Zubeh\u00f6r f\u00fcr einfaches Anbringen<\/h3>\n<p>Die Gold-Rakel ist ein unverzichtbares Hilfsmittel f\u00fcr das glatte Anbringen Ihres Tapetenkreises. Diese robuste Rakel sorgt f\u00fcr ein glattes und professionelles Finish. Sch\u00fctzen Sie Ihre Tapete vor Besch\u00e4digungen mit den selbstklebenden Filzstreifen von Monkey Strips. Speziell f\u00fcr die Gold-Rakel entwickelt, sorgen diese Streifen daf\u00fcr, dass Ihr bedruckter Tapetenkreis immer bestm\u00f6glich aussieht.<\/p>\n<h3>Tipps f\u00fcr erfolgreiches Kleben<\/h3>\n<ul>\n<li><strong>Gestrichene W\u00e4nde<\/strong>: Lassen Sie gestrichene W\u00e4nde mindestens zwei Wochen trocknen, bevor Sie den Tapetenkreis anbringen. Wenn die verwendete Farbe Silikon enth\u00e4lt, w\u00e4hlen Sie am besten DOT oder Roughmark f\u00fcr eine optimale Haftung.<\/li>\n<li><strong>Temperatur<\/strong>: Stellen Sie sicher, dass die Temperatur beim Anbringen des Tapetenkreises zwischen 10 und 32\u00b0C liegt.<\/li>\n<li><strong>Oberfl\u00e4che<\/strong>: Sorgen Sie f\u00fcr eine optimale Haftung immer f\u00fcr einen trockenen, sauberen und fettfreien Untergrund.<\/li>\n<\/ul>\n<p>Lassen Sie Ihrer Kreativit\u00e4t freien Lauf und verleihen Sie Ihrem Raum eine einzigartige Note mit unseren wundersch\u00f6nen bedruckten Tapetenkreisen. Bestellen Sie noch heute und erleben Sie die perfekte Kombination aus Stil und Qualit\u00e4t!<\/p>\n","protected":false},"excerpt":{"rendered":"<p>Mit selbstklebenden Tapetenkreisen verwandeln Sie jede Wand in einen echten Hingucker. Der Tapetenkreis ist mit einem haarscharfen Full-Colour-Druck versehen. Laden Sie Ihr eigenes Design, Logo oder Bild hoch oder w\u00e4hlen Sie aus einem der vielen Standardmuster aus unserer Kollektion. Eine Lieferung innerhalb von 1 Werktag ist m\u00f6glich! Stellen Sie unten in wenigen Schritten Ihren bedruckten Tapetenkreis zusammen.<\/p>\n","protected":false},"featured_media":14810,"template":"","meta":{"_et_pb_use_builder":"","_et_pb_old_content":"","_et_gb_content_width":""},"product_brand":[],"product_cat":[907,947,948,930],"product_tag":[],"class_list":{"0":"post-14809","1":"product","2":"type-product","3":"status-publish","4":"has-post-thumbnail","6":"product_cat-innenwerbung","7":"product_cat-innere","8":"product_cat-tapete","9":"product_cat-wandwerbung","11":"first","12":"instock","13":"taxable","14":"shipping-taxable","15":"product-type-simple"},"yoast_head":"<!-- This site is optimized with the Yoast SEO plugin v27.3 - https:\/\/yoast.com\/product\/yoast-seo-wordpress\/ -->\n<title>Tapetenkreis | Amstel Printing<\/title>\n<meta name=\"robots\" content=\"index, follow, max-snippet:-1, max-image-preview:large, max-video-preview:-1\" \/>\n<link rel=\"canonical\" href=\"https:\/\/www.amstelprinting.nl\/de\/gesch\u00e4ft\/innere\/tapete\/tapetenkreis\/\" \/>\n<meta property=\"og:locale\" content=\"de_DE\" \/>\n<meta property=\"og:type\" content=\"article\" \/>\n<meta property=\"og:title\" content=\"Tapetenkreis | Amstel Printing\" \/>\n<meta property=\"og:description\" content=\"Mit selbstklebenden Tapetenkreisen verwandeln Sie jede Wand in einen echten Hingucker. Der Tapetenkreis ist mit einem haarscharfen Full-Colour-Druck versehen. Laden Sie Ihr eigenes Design, Logo oder Bild hoch oder w\u00e4hlen Sie aus einem der vielen Standardmuster aus unserer Kollektion. Eine Lieferung innerhalb von 1 Werktag ist m\u00f6glich! Stellen Sie unten in wenigen Schritten Ihren bedruckten Tapetenkreis zusammen.\" \/>\n<meta property=\"og:url\" content=\"https:\/\/www.amstelprinting.nl\/de\/gesch\u00e4ft\/innere\/tapete\/tapetenkreis\/\" \/>\n<meta property=\"og:site_name\" content=\"Amstel Printing\" \/>\n<meta property=\"article:modified_time\" content=\"2026-02-18T11:54:04+00:00\" \/>\n<meta property=\"og:image\" content=\"https:\/\/www.amstelprinting.nl\/wp-content\/uploads\/behangcirkel-bedrukken-1.png\" \/>\n\t<meta property=\"og:image:width\" content=\"700\" \/>\n\t<meta property=\"og:image:height\" content=\"700\" \/>\n\t<meta property=\"og:image:type\" content=\"image\/png\" \/>\n<meta name=\"twitter:card\" content=\"summary_large_image\" \/>\n<meta name=\"twitter:label1\" content=\"Gesch\u00e4tzte Lesezeit\" \/>\n\t<meta name=\"twitter:data1\" content=\"2\u00a0Minuten\" \/>\n<script type=\"application\/ld+json\" class=\"yoast-schema-graph\">{\"@context\":\"https:\\\/\\\/schema.org\",\"@graph\":[{\"@type\":\"WebPage\",\"@id\":\"https:\\\/\\\/www.amstelprinting.nl\\\/de\\\/gesch\u00e4ft\\\/innere\\\/tapete\\\/tapetenkreis\\\/\",\"url\":\"https:\\\/\\\/www.amstelprinting.nl\\\/de\\\/gesch\u00e4ft\\\/innere\\\/tapete\\\/tapetenkreis\\\/\",\"name\":\"Tapetenkreis | Amstel Printing\",\"isPartOf\":{\"@id\":\"https:\\\/\\\/www.amstelprinting.nl\\\/de\\\/#website\"},\"primaryImageOfPage\":{\"@id\":\"https:\\\/\\\/www.amstelprinting.nl\\\/de\\\/gesch\u00e4ft\\\/innere\\\/tapete\\\/tapetenkreis\\\/#primaryimage\"},\"image\":{\"@id\":\"https:\\\/\\\/www.amstelprinting.nl\\\/de\\\/gesch\u00e4ft\\\/innere\\\/tapete\\\/tapetenkreis\\\/#primaryimage\"},\"thumbnailUrl\":\"https:\\\/\\\/www.amstelprinting.nl\\\/wp-content\\\/uploads\\\/behangcirkel-bedrukken-1.png\",\"datePublished\":\"2025-01-24T10:28:46+00:00\",\"dateModified\":\"2026-02-18T11:54:04+00:00\",\"breadcrumb\":{\"@id\":\"https:\\\/\\\/www.amstelprinting.nl\\\/de\\\/gesch\u00e4ft\\\/innere\\\/tapete\\\/tapetenkreis\\\/#breadcrumb\"},\"inLanguage\":\"de\",\"potentialAction\":[{\"@type\":\"ReadAction\",\"target\":[\"https:\\\/\\\/www.amstelprinting.nl\\\/de\\\/gesch\u00e4ft\\\/innere\\\/tapete\\\/tapetenkreis\\\/\"]}]},{\"@type\":\"ImageObject\",\"inLanguage\":\"de\",\"@id\":\"https:\\\/\\\/www.amstelprinting.nl\\\/de\\\/gesch\u00e4ft\\\/innere\\\/tapete\\\/tapetenkreis\\\/#primaryimage\",\"url\":\"https:\\\/\\\/www.amstelprinting.nl\\\/wp-content\\\/uploads\\\/behangcirkel-bedrukken-1.png\",\"contentUrl\":\"https:\\\/\\\/www.amstelprinting.nl\\\/wp-content\\\/uploads\\\/behangcirkel-bedrukken-1.png\",\"width\":700,\"height\":700},{\"@type\":\"BreadcrumbList\",\"@id\":\"https:\\\/\\\/www.amstelprinting.nl\\\/de\\\/gesch\u00e4ft\\\/innere\\\/tapete\\\/tapetenkreis\\\/#breadcrumb\",\"itemListElement\":[{\"@type\":\"ListItem\",\"position\":1,\"name\":\"\",\"item\":\"https:\\\/\\\/www.amstelprinting.nl\\\/de\\\/\"},{\"@type\":\"ListItem\",\"position\":2,\"name\":\"Amstel Printing\",\"item\":\"https:\\\/\\\/www.amstelprinting.nl\\\/de\\\/geschaeft\\\/\"},{\"@type\":\"ListItem\",\"position\":3,\"name\":\"Innenwerbung\",\"item\":\"https:\\\/\\\/www.amstelprinting.nl\\\/de\\\/kategorie\\\/innenwerbung\\\/\"},{\"@type\":\"ListItem\",\"position\":4,\"name\":\"Wandwerbung\",\"item\":\"https:\\\/\\\/www.amstelprinting.nl\\\/de\\\/kategorie\\\/innenwerbung\\\/wandwerbung\\\/\"},{\"@type\":\"ListItem\",\"position\":5,\"name\":\"Tapetenkreis\"}]},{\"@type\":\"WebSite\",\"@id\":\"https:\\\/\\\/www.amstelprinting.nl\\\/de\\\/#website\",\"url\":\"https:\\\/\\\/www.amstelprinting.nl\\\/de\\\/\",\"name\":\"Amstel Printing\",\"description\":\"Creating Exposure\",\"publisher\":{\"@id\":\"https:\\\/\\\/www.amstelprinting.nl\\\/de\\\/#organization\"},\"potentialAction\":[{\"@type\":\"SearchAction\",\"target\":{\"@type\":\"EntryPoint\",\"urlTemplate\":\"https:\\\/\\\/www.amstelprinting.nl\\\/de\\\/?s={search_term_string}\"},\"query-input\":{\"@type\":\"PropertyValueSpecification\",\"valueRequired\":true,\"valueName\":\"search_term_string\"}}],\"inLanguage\":\"de\"},{\"@type\":\"Organization\",\"@id\":\"https:\\\/\\\/www.amstelprinting.nl\\\/de\\\/#organization\",\"name\":\"Amstel Printing\",\"url\":\"https:\\\/\\\/www.amstelprinting.nl\\\/de\\\/\",\"logo\":{\"@type\":\"ImageObject\",\"inLanguage\":\"de\",\"@id\":\"https:\\\/\\\/www.amstelprinting.nl\\\/de\\\/#\\\/schema\\\/logo\\\/image\\\/\",\"url\":\"https:\\\/\\\/www.amstelprinting.nl\\\/wp-content\\\/uploads\\\/amstel_printing_logo_clean.png\",\"contentUrl\":\"https:\\\/\\\/www.amstelprinting.nl\\\/wp-content\\\/uploads\\\/amstel_printing_logo_clean.png\",\"width\":324,\"height\":73,\"caption\":\"Amstel Printing\"},\"image\":{\"@id\":\"https:\\\/\\\/www.amstelprinting.nl\\\/de\\\/#\\\/schema\\\/logo\\\/image\\\/\"}}]}<\/script>\n<!-- \/ Yoast SEO plugin. -->","yoast_head_json":{"title":"Tapetenkreis | Amstel Printing","robots":{"index":"index","follow":"follow","max-snippet":"max-snippet:-1","max-image-preview":"max-image-preview:large","max-video-preview":"max-video-preview:-1"},"canonical":"https:\/\/www.amstelprinting.nl\/de\/gesch\u00e4ft\/innere\/tapete\/tapetenkreis\/","og_locale":"de_DE","og_type":"article","og_title":"Tapetenkreis | Amstel Printing","og_description":"Mit selbstklebenden Tapetenkreisen verwandeln Sie jede Wand in einen echten Hingucker. Der Tapetenkreis ist mit einem haarscharfen Full-Colour-Druck versehen. Laden Sie Ihr eigenes Design, Logo oder Bild hoch oder w\u00e4hlen Sie aus einem der vielen Standardmuster aus unserer Kollektion. Eine Lieferung innerhalb von 1 Werktag ist m\u00f6glich! Stellen Sie unten in wenigen Schritten Ihren bedruckten Tapetenkreis zusammen.","og_url":"https:\/\/www.amstelprinting.nl\/de\/gesch\u00e4ft\/innere\/tapete\/tapetenkreis\/","og_site_name":"Amstel Printing","article_modified_time":"2026-02-18T11:54:04+00:00","og_image":[{"width":700,"height":700,"url":"https:\/\/www.amstelprinting.nl\/wp-content\/uploads\/behangcirkel-bedrukken-1.png","type":"image\/png"}],"twitter_card":"summary_large_image","twitter_misc":{"Gesch\u00e4tzte Lesezeit":"2\u00a0Minuten"},"schema":{"@context":"https:\/\/schema.org","@graph":[{"@type":"WebPage","@id":"https:\/\/www.amstelprinting.nl\/de\/gesch\u00e4ft\/innere\/tapete\/tapetenkreis\/","url":"https:\/\/www.amstelprinting.nl\/de\/gesch\u00e4ft\/innere\/tapete\/tapetenkreis\/","name":"Tapetenkreis | Amstel Printing","isPartOf":{"@id":"https:\/\/www.amstelprinting.nl\/de\/#website"},"primaryImageOfPage":{"@id":"https:\/\/www.amstelprinting.nl\/de\/gesch\u00e4ft\/innere\/tapete\/tapetenkreis\/#primaryimage"},"image":{"@id":"https:\/\/www.amstelprinting.nl\/de\/gesch\u00e4ft\/innere\/tapete\/tapetenkreis\/#primaryimage"},"thumbnailUrl":"https:\/\/www.amstelprinting.nl\/wp-content\/uploads\/behangcirkel-bedrukken-1.png","datePublished":"2025-01-24T10:28:46+00:00","dateModified":"2026-02-18T11:54:04+00:00","breadcrumb":{"@id":"https:\/\/www.amstelprinting.nl\/de\/gesch\u00e4ft\/innere\/tapete\/tapetenkreis\/#breadcrumb"},"inLanguage":"de","potentialAction":[{"@type":"ReadAction","target":["https:\/\/www.amstelprinting.nl\/de\/gesch\u00e4ft\/innere\/tapete\/tapetenkreis\/"]}]},{"@type":"ImageObject","inLanguage":"de","@id":"https:\/\/www.amstelprinting.nl\/de\/gesch\u00e4ft\/innere\/tapete\/tapetenkreis\/#primaryimage","url":"https:\/\/www.amstelprinting.nl\/wp-content\/uploads\/behangcirkel-bedrukken-1.png","contentUrl":"https:\/\/www.amstelprinting.nl\/wp-content\/uploads\/behangcirkel-bedrukken-1.png","width":700,"height":700},{"@type":"BreadcrumbList","@id":"https:\/\/www.amstelprinting.nl\/de\/gesch\u00e4ft\/innere\/tapete\/tapetenkreis\/#breadcrumb","itemListElement":[{"@type":"ListItem","position":1,"name":"","item":"https:\/\/www.amstelprinting.nl\/de\/"},{"@type":"ListItem","position":2,"name":"Amstel Printing","item":"https:\/\/www.amstelprinting.nl\/de\/geschaeft\/"},{"@type":"ListItem","position":3,"name":"Innenwerbung","item":"https:\/\/www.amstelprinting.nl\/de\/kategorie\/innenwerbung\/"},{"@type":"ListItem","position":4,"name":"Wandwerbung","item":"https:\/\/www.amstelprinting.nl\/de\/kategorie\/innenwerbung\/wandwerbung\/"},{"@type":"ListItem","position":5,"name":"Tapetenkreis"}]},{"@type":"WebSite","@id":"https:\/\/www.amstelprinting.nl\/de\/#website","url":"https:\/\/www.amstelprinting.nl\/de\/","name":"Amstel Printing","description":"Creating Exposure","publisher":{"@id":"https:\/\/www.amstelprinting.nl\/de\/#organization"},"potentialAction":[{"@type":"SearchAction","target":{"@type":"EntryPoint","urlTemplate":"https:\/\/www.amstelprinting.nl\/de\/?s={search_term_string}"},"query-input":{"@type":"PropertyValueSpecification","valueRequired":true,"valueName":"search_term_string"}}],"inLanguage":"de"},{"@type":"Organization","@id":"https:\/\/www.amstelprinting.nl\/de\/#organization","name":"Amstel Printing","url":"https:\/\/www.amstelprinting.nl\/de\/","logo":{"@type":"ImageObject","inLanguage":"de","@id":"https:\/\/www.amstelprinting.nl\/de\/#\/schema\/logo\/image\/","url":"https:\/\/www.amstelprinting.nl\/wp-content\/uploads\/amstel_printing_logo_clean.png","contentUrl":"https:\/\/www.amstelprinting.nl\/wp-content\/uploads\/amstel_printing_logo_clean.png","width":324,"height":73,"caption":"Amstel Printing"},"image":{"@id":"https:\/\/www.amstelprinting.nl\/de\/#\/schema\/logo\/image\/"}}]}},"_links":{"self":[{"href":"https:\/\/www.amstelprinting.nl\/de\/wp-json\/wp\/v2\/product\/14809","targetHints":{"allow":["GET"]}}],"collection":[{"href":"https:\/\/www.amstelprinting.nl\/de\/wp-json\/wp\/v2\/product"}],"about":[{"href":"https:\/\/www.amstelprinting.nl\/de\/wp-json\/wp\/v2\/types\/product"}],"wp:featuredmedia":[{"embeddable":true,"href":"https:\/\/www.amstelprinting.nl\/de\/wp-json\/wp\/v2\/media\/14810"}],"wp:attachment":[{"href":"https:\/\/www.amstelprinting.nl\/de\/wp-json\/wp\/v2\/media?parent=14809"}],"wp:term":[{"taxonomy":"product_brand","embeddable":true,"href":"https:\/\/www.amstelprinting.nl\/de\/wp-json\/wp\/v2\/product_brand?post=14809"},{"taxonomy":"product_cat","embeddable":true,"href":"https:\/\/www.amstelprinting.nl\/de\/wp-json\/wp\/v2\/product_cat?post=14809"},{"taxonomy":"product_tag","embeddable":true,"href":"https:\/\/www.amstelprinting.nl\/de\/wp-json\/wp\/v2\/product_tag?post=14809"}],"curies":[{"name":"wp","href":"https:\/\/api.w.org\/{rel}","templated":true}]}}