{"id":14819,"date":"2025-01-24T11:28:39","date_gmt":"2025-01-24T10:28:39","guid":{"rendered":"https:\/\/www.amstelprinting.nl\/winkel\/unkategorisiert\/hexagons\/"},"modified":"2026-02-10T12:29:12","modified_gmt":"2026-02-10T11:29:12","slug":"hexagons","status":"publish","type":"product","link":"https:\/\/www.amstelprinting.nl\/de\/gesch\u00e4ft\/innere\/wanddekoration\/hexagons\/","title":{"rendered":"Hexagons"},"content":{"rendered":"<h3>Hexagon bedrucken: W\u00e4hlen Sie das passende Material<\/h3>\n<p>Unsere Hexagons sind in sechs Formaten erh\u00e4ltlich: 15 cm, 20 cm, 25 cm, 30 cm, 35 cm und 40 cm. Zudem haben Sie die Wahl zwischen den unten aufgef\u00fchrten verschiedenen Materialien. Jedes Material hat seine eigenen einzigartigen Eigenschaften und Ausstrahlung. Ist Ihnen Nachhaltigkeit wichtig? Oder w\u00fcnschen Sie sich ein Hexagon aus Plexiglas? M\u00f6chten Sie das bedruckte Hexagon im Au\u00dfenbereich verwenden? Lesen Sie unten, welches Material am besten zu Ihren Bed\u00fcrfnissen passt.<\/p>\n<ul>\n<li><strong>Dibond\u00ae Premium 3 mm<\/strong>: Eine Premium-Aluminium-Verbundplatte mit schwarzem Kern, geeignet f\u00fcr den Innen- und Au\u00dfenbereich.<\/li>\n<li><strong>Dibond\u00ae Budget 3 mm<\/strong>: Eine Budget-Aluminium-Verbundplatte mit schwarzem Kern, geeignet f\u00fcr den Innen- und Au\u00dfenbereich.<\/li>\n<li><strong>Dibond\u00ae Butler Finish 3 mm<\/strong>: Eine Aluminium-Verbundplatte mit schwarzem Kern und geb\u00fcrsteter Edelstahloptik, geeignet f\u00fcr den Innen- und Au\u00dfenbereich.<\/li>\n<li><strong>Forex\u00ae 5 mm<\/strong>: Leichte Hartschaumplatte aus PVC, ideal f\u00fcr den Innenbereich.<\/li>\n<li><strong>Plexiglas klar 5 mm<\/strong>: Transparentes Material mit moderner Ausstrahlung, geeignet f\u00fcr den Innen- und Au\u00dfenbereich, jedoch kratzempfindlich.<\/li>\n<li><strong>Multiplex 9 mm<\/strong>: Umweltfreundliches Pappelholz mit nat\u00fcrlicher Ausstrahlung, geeignet f\u00fcr den Innenbereich.<\/li>\n<li><strong>Sign Again 4 mm<\/strong>: Zirkul\u00e4res Material aus recycelten Werbebannern und Schnittabf\u00e4llen, geeignet f\u00fcr den Innen- und Au\u00dfenbereich, schlagfest und biegsam.<\/li>\n<\/ul>\n<p>&nbsp;<\/p>\n<h3>Zubeh\u00f6r<\/h3>\n<p>Verschiedenes Zubeh\u00f6r macht das Aufh\u00e4ngen Ihrer Hexagon-Paneele einfach und schnell. Unsere Aufh\u00e4ngesysteme sind f\u00fcr eine solide Befestigung konzipiert und sorgen daf\u00fcr, dass Ihre Kunstwerke perfekt an ihrem Platz h\u00e4ngen bleiben.<\/p>\n<p>Verleihen Sie Ihrem Raum eine zeitgem\u00e4\u00dfe und einzigartige Ausstrahlung mit unseren sechseckigen Paneelen. Bestellen Sie noch heute und erleben Sie die perfekte Kombination aus Kreativit\u00e4t, Qualit\u00e4t und Komfort!<\/p>\n","protected":false},"excerpt":{"rendered":"<p>Verleihen Sie Ihrem Interieur eine auff\u00e4llige und moderne Ausstrahlung mit unseren Hexagons! Diese stilvollen sechseckigen Paneele sind perfekt, um jedem Raum eine einzigartige und pers\u00f6nliche Note zu verleihen. Mit verschiedenen Formaten, Materialien und praktischem Zubeh\u00f6r k\u00f6nnen Sie Ihr eigenes Design ganz einfach umsetzen. Also mixen und kombinieren Sie (B\u00fcndel von klein bis gro\u00df) und kreieren Sie die sch\u00f6nsten Wanddekorationen!<\/p>\n","protected":false},"featured_media":14820,"template":"","meta":{"_et_pb_use_builder":"","_et_pb_old_content":"","_et_gb_content_width":""},"product_brand":[],"product_cat":[907,947,942,930],"product_tag":[],"class_list":{"0":"post-14819","1":"product","2":"type-product","3":"status-publish","4":"has-post-thumbnail","6":"product_cat-innenwerbung","7":"product_cat-innere","8":"product_cat-wanddekoration","9":"product_cat-wandwerbung","11":"first","12":"instock","13":"taxable","14":"shipping-taxable","15":"purchasable","16":"product-type-simple"},"yoast_head":"<!-- This site is optimized with the Yoast SEO plugin v27.3 - https:\/\/yoast.com\/product\/yoast-seo-wordpress\/ -->\n<title>Hexagons | Amstel Printing<\/title>\n<meta name=\"robots\" content=\"index, follow, max-snippet:-1, max-image-preview:large, max-video-preview:-1\" \/>\n<link rel=\"canonical\" href=\"https:\/\/www.amstelprinting.nl\/de\/gesch\u00e4ft\/innere\/wanddekoration\/hexagons\/\" \/>\n<meta property=\"og:locale\" content=\"de_DE\" \/>\n<meta property=\"og:type\" content=\"article\" \/>\n<meta property=\"og:title\" content=\"Hexagons | Amstel Printing\" \/>\n<meta property=\"og:description\" content=\"Verleihen Sie Ihrem Interieur eine auff\u00e4llige und moderne Ausstrahlung mit unseren Hexagons! Diese stilvollen sechseckigen Paneele sind perfekt, um jedem Raum eine einzigartige und pers\u00f6nliche Note zu verleihen. Mit verschiedenen Formaten, Materialien und praktischem Zubeh\u00f6r k\u00f6nnen Sie Ihr eigenes Design ganz einfach umsetzen. Also mixen und kombinieren Sie (B\u00fcndel von klein bis gro\u00df) und kreieren Sie die sch\u00f6nsten Wanddekorationen!\" \/>\n<meta property=\"og:url\" content=\"https:\/\/www.amstelprinting.nl\/de\/gesch\u00e4ft\/innere\/wanddekoration\/hexagons\/\" \/>\n<meta property=\"og:site_name\" content=\"Amstel Printing\" \/>\n<meta property=\"article:modified_time\" content=\"2026-02-10T11:29:12+00:00\" \/>\n<meta property=\"og:image\" content=\"https:\/\/www.amstelprinting.nl\/wp-content\/uploads\/Hexagons.jpg\" \/>\n\t<meta property=\"og:image:width\" content=\"700\" \/>\n\t<meta property=\"og:image:height\" content=\"700\" \/>\n\t<meta property=\"og:image:type\" content=\"image\/jpeg\" \/>\n<meta name=\"twitter:card\" content=\"summary_large_image\" \/>\n<meta name=\"twitter:label1\" content=\"Gesch\u00e4tzte Lesezeit\" \/>\n\t<meta name=\"twitter:data1\" content=\"1\u00a0Minute\" \/>\n<script type=\"application\/ld+json\" class=\"yoast-schema-graph\">{\"@context\":\"https:\\\/\\\/schema.org\",\"@graph\":[{\"@type\":\"WebPage\",\"@id\":\"https:\\\/\\\/www.amstelprinting.nl\\\/de\\\/gesch\u00e4ft\\\/innere\\\/wanddekoration\\\/hexagons\\\/\",\"url\":\"https:\\\/\\\/www.amstelprinting.nl\\\/de\\\/gesch\u00e4ft\\\/innere\\\/wanddekoration\\\/hexagons\\\/\",\"name\":\"Hexagons | Amstel Printing\",\"isPartOf\":{\"@id\":\"https:\\\/\\\/www.amstelprinting.nl\\\/de\\\/#website\"},\"primaryImageOfPage\":{\"@id\":\"https:\\\/\\\/www.amstelprinting.nl\\\/de\\\/gesch\u00e4ft\\\/innere\\\/wanddekoration\\\/hexagons\\\/#primaryimage\"},\"image\":{\"@id\":\"https:\\\/\\\/www.amstelprinting.nl\\\/de\\\/gesch\u00e4ft\\\/innere\\\/wanddekoration\\\/hexagons\\\/#primaryimage\"},\"thumbnailUrl\":\"https:\\\/\\\/www.amstelprinting.nl\\\/wp-content\\\/uploads\\\/Hexagons.jpg\",\"datePublished\":\"2025-01-24T10:28:39+00:00\",\"dateModified\":\"2026-02-10T11:29:12+00:00\",\"breadcrumb\":{\"@id\":\"https:\\\/\\\/www.amstelprinting.nl\\\/de\\\/gesch\u00e4ft\\\/innere\\\/wanddekoration\\\/hexagons\\\/#breadcrumb\"},\"inLanguage\":\"de\",\"potentialAction\":[{\"@type\":\"ReadAction\",\"target\":[\"https:\\\/\\\/www.amstelprinting.nl\\\/de\\\/gesch\u00e4ft\\\/innere\\\/wanddekoration\\\/hexagons\\\/\"]}]},{\"@type\":\"ImageObject\",\"inLanguage\":\"de\",\"@id\":\"https:\\\/\\\/www.amstelprinting.nl\\\/de\\\/gesch\u00e4ft\\\/innere\\\/wanddekoration\\\/hexagons\\\/#primaryimage\",\"url\":\"https:\\\/\\\/www.amstelprinting.nl\\\/wp-content\\\/uploads\\\/Hexagons.jpg\",\"contentUrl\":\"https:\\\/\\\/www.amstelprinting.nl\\\/wp-content\\\/uploads\\\/Hexagons.jpg\",\"width\":700,\"height\":700},{\"@type\":\"BreadcrumbList\",\"@id\":\"https:\\\/\\\/www.amstelprinting.nl\\\/de\\\/gesch\u00e4ft\\\/innere\\\/wanddekoration\\\/hexagons\\\/#breadcrumb\",\"itemListElement\":[{\"@type\":\"ListItem\",\"position\":1,\"name\":\"\",\"item\":\"https:\\\/\\\/www.amstelprinting.nl\\\/de\\\/\"},{\"@type\":\"ListItem\",\"position\":2,\"name\":\"Amstel Printing\",\"item\":\"https:\\\/\\\/www.amstelprinting.nl\\\/de\\\/geschaeft\\\/\"},{\"@type\":\"ListItem\",\"position\":3,\"name\":\"Innenwerbung\",\"item\":\"https:\\\/\\\/www.amstelprinting.nl\\\/de\\\/kategorie\\\/innenwerbung\\\/\"},{\"@type\":\"ListItem\",\"position\":4,\"name\":\"Wandwerbung\",\"item\":\"https:\\\/\\\/www.amstelprinting.nl\\\/de\\\/kategorie\\\/innenwerbung\\\/wandwerbung\\\/\"},{\"@type\":\"ListItem\",\"position\":5,\"name\":\"Hexagons\"}]},{\"@type\":\"WebSite\",\"@id\":\"https:\\\/\\\/www.amstelprinting.nl\\\/de\\\/#website\",\"url\":\"https:\\\/\\\/www.amstelprinting.nl\\\/de\\\/\",\"name\":\"Amstel Printing\",\"description\":\"Creating Exposure\",\"publisher\":{\"@id\":\"https:\\\/\\\/www.amstelprinting.nl\\\/de\\\/#organization\"},\"potentialAction\":[{\"@type\":\"SearchAction\",\"target\":{\"@type\":\"EntryPoint\",\"urlTemplate\":\"https:\\\/\\\/www.amstelprinting.nl\\\/de\\\/?s={search_term_string}\"},\"query-input\":{\"@type\":\"PropertyValueSpecification\",\"valueRequired\":true,\"valueName\":\"search_term_string\"}}],\"inLanguage\":\"de\"},{\"@type\":\"Organization\",\"@id\":\"https:\\\/\\\/www.amstelprinting.nl\\\/de\\\/#organization\",\"name\":\"Amstel Printing\",\"url\":\"https:\\\/\\\/www.amstelprinting.nl\\\/de\\\/\",\"logo\":{\"@type\":\"ImageObject\",\"inLanguage\":\"de\",\"@id\":\"https:\\\/\\\/www.amstelprinting.nl\\\/de\\\/#\\\/schema\\\/logo\\\/image\\\/\",\"url\":\"https:\\\/\\\/www.amstelprinting.nl\\\/wp-content\\\/uploads\\\/amstel_printing_logo_clean.png\",\"contentUrl\":\"https:\\\/\\\/www.amstelprinting.nl\\\/wp-content\\\/uploads\\\/amstel_printing_logo_clean.png\",\"width\":324,\"height\":73,\"caption\":\"Amstel Printing\"},\"image\":{\"@id\":\"https:\\\/\\\/www.amstelprinting.nl\\\/de\\\/#\\\/schema\\\/logo\\\/image\\\/\"}}]}<\/script>\n<!-- \/ Yoast SEO plugin. -->","yoast_head_json":{"title":"Hexagons | Amstel Printing","robots":{"index":"index","follow":"follow","max-snippet":"max-snippet:-1","max-image-preview":"max-image-preview:large","max-video-preview":"max-video-preview:-1"},"canonical":"https:\/\/www.amstelprinting.nl\/de\/gesch\u00e4ft\/innere\/wanddekoration\/hexagons\/","og_locale":"de_DE","og_type":"article","og_title":"Hexagons | Amstel Printing","og_description":"Verleihen Sie Ihrem Interieur eine auff\u00e4llige und moderne Ausstrahlung mit unseren Hexagons! Diese stilvollen sechseckigen Paneele sind perfekt, um jedem Raum eine einzigartige und pers\u00f6nliche Note zu verleihen. Mit verschiedenen Formaten, Materialien und praktischem Zubeh\u00f6r k\u00f6nnen Sie Ihr eigenes Design ganz einfach umsetzen. Also mixen und kombinieren Sie (B\u00fcndel von klein bis gro\u00df) und kreieren Sie die sch\u00f6nsten Wanddekorationen!","og_url":"https:\/\/www.amstelprinting.nl\/de\/gesch\u00e4ft\/innere\/wanddekoration\/hexagons\/","og_site_name":"Amstel Printing","article_modified_time":"2026-02-10T11:29:12+00:00","og_image":[{"width":700,"height":700,"url":"https:\/\/www.amstelprinting.nl\/wp-content\/uploads\/Hexagons.jpg","type":"image\/jpeg"}],"twitter_card":"summary_large_image","twitter_misc":{"Gesch\u00e4tzte Lesezeit":"1\u00a0Minute"},"schema":{"@context":"https:\/\/schema.org","@graph":[{"@type":"WebPage","@id":"https:\/\/www.amstelprinting.nl\/de\/gesch\u00e4ft\/innere\/wanddekoration\/hexagons\/","url":"https:\/\/www.amstelprinting.nl\/de\/gesch\u00e4ft\/innere\/wanddekoration\/hexagons\/","name":"Hexagons | Amstel Printing","isPartOf":{"@id":"https:\/\/www.amstelprinting.nl\/de\/#website"},"primaryImageOfPage":{"@id":"https:\/\/www.amstelprinting.nl\/de\/gesch\u00e4ft\/innere\/wanddekoration\/hexagons\/#primaryimage"},"image":{"@id":"https:\/\/www.amstelprinting.nl\/de\/gesch\u00e4ft\/innere\/wanddekoration\/hexagons\/#primaryimage"},"thumbnailUrl":"https:\/\/www.amstelprinting.nl\/wp-content\/uploads\/Hexagons.jpg","datePublished":"2025-01-24T10:28:39+00:00","dateModified":"2026-02-10T11:29:12+00:00","breadcrumb":{"@id":"https:\/\/www.amstelprinting.nl\/de\/gesch\u00e4ft\/innere\/wanddekoration\/hexagons\/#breadcrumb"},"inLanguage":"de","potentialAction":[{"@type":"ReadAction","target":["https:\/\/www.amstelprinting.nl\/de\/gesch\u00e4ft\/innere\/wanddekoration\/hexagons\/"]}]},{"@type":"ImageObject","inLanguage":"de","@id":"https:\/\/www.amstelprinting.nl\/de\/gesch\u00e4ft\/innere\/wanddekoration\/hexagons\/#primaryimage","url":"https:\/\/www.amstelprinting.nl\/wp-content\/uploads\/Hexagons.jpg","contentUrl":"https:\/\/www.amstelprinting.nl\/wp-content\/uploads\/Hexagons.jpg","width":700,"height":700},{"@type":"BreadcrumbList","@id":"https:\/\/www.amstelprinting.nl\/de\/gesch\u00e4ft\/innere\/wanddekoration\/hexagons\/#breadcrumb","itemListElement":[{"@type":"ListItem","position":1,"name":"","item":"https:\/\/www.amstelprinting.nl\/de\/"},{"@type":"ListItem","position":2,"name":"Amstel Printing","item":"https:\/\/www.amstelprinting.nl\/de\/geschaeft\/"},{"@type":"ListItem","position":3,"name":"Innenwerbung","item":"https:\/\/www.amstelprinting.nl\/de\/kategorie\/innenwerbung\/"},{"@type":"ListItem","position":4,"name":"Wandwerbung","item":"https:\/\/www.amstelprinting.nl\/de\/kategorie\/innenwerbung\/wandwerbung\/"},{"@type":"ListItem","position":5,"name":"Hexagons"}]},{"@type":"WebSite","@id":"https:\/\/www.amstelprinting.nl\/de\/#website","url":"https:\/\/www.amstelprinting.nl\/de\/","name":"Amstel Printing","description":"Creating Exposure","publisher":{"@id":"https:\/\/www.amstelprinting.nl\/de\/#organization"},"potentialAction":[{"@type":"SearchAction","target":{"@type":"EntryPoint","urlTemplate":"https:\/\/www.amstelprinting.nl\/de\/?s={search_term_string}"},"query-input":{"@type":"PropertyValueSpecification","valueRequired":true,"valueName":"search_term_string"}}],"inLanguage":"de"},{"@type":"Organization","@id":"https:\/\/www.amstelprinting.nl\/de\/#organization","name":"Amstel Printing","url":"https:\/\/www.amstelprinting.nl\/de\/","logo":{"@type":"ImageObject","inLanguage":"de","@id":"https:\/\/www.amstelprinting.nl\/de\/#\/schema\/logo\/image\/","url":"https:\/\/www.amstelprinting.nl\/wp-content\/uploads\/amstel_printing_logo_clean.png","contentUrl":"https:\/\/www.amstelprinting.nl\/wp-content\/uploads\/amstel_printing_logo_clean.png","width":324,"height":73,"caption":"Amstel Printing"},"image":{"@id":"https:\/\/www.amstelprinting.nl\/de\/#\/schema\/logo\/image\/"}}]}},"_links":{"self":[{"href":"https:\/\/www.amstelprinting.nl\/de\/wp-json\/wp\/v2\/product\/14819","targetHints":{"allow":["GET"]}}],"collection":[{"href":"https:\/\/www.amstelprinting.nl\/de\/wp-json\/wp\/v2\/product"}],"about":[{"href":"https:\/\/www.amstelprinting.nl\/de\/wp-json\/wp\/v2\/types\/product"}],"wp:featuredmedia":[{"embeddable":true,"href":"https:\/\/www.amstelprinting.nl\/de\/wp-json\/wp\/v2\/media\/14820"}],"wp:attachment":[{"href":"https:\/\/www.amstelprinting.nl\/de\/wp-json\/wp\/v2\/media?parent=14819"}],"wp:term":[{"taxonomy":"product_brand","embeddable":true,"href":"https:\/\/www.amstelprinting.nl\/de\/wp-json\/wp\/v2\/product_brand?post=14819"},{"taxonomy":"product_cat","embeddable":true,"href":"https:\/\/www.amstelprinting.nl\/de\/wp-json\/wp\/v2\/product_cat?post=14819"},{"taxonomy":"product_tag","embeddable":true,"href":"https:\/\/www.amstelprinting.nl\/de\/wp-json\/wp\/v2\/product_tag?post=14819"}],"curies":[{"name":"wp","href":"https:\/\/api.w.org\/{rel}","templated":true}]}}