{"id":14829,"date":"2025-01-24T11:28:28","date_gmt":"2025-01-24T10:28:28","guid":{"rendered":"https:\/\/www.amstelprinting.nl\/winkel\/unkategorisiert\/peesdoek\/"},"modified":"2026-02-18T12:54:05","modified_gmt":"2026-02-18T11:54:05","slug":"spanntuch-mit-flachkeder","status":"publish","type":"product","link":"https:\/\/www.amstelprinting.nl\/de\/gesch\u00e4ft\/innere\/wanddekoration\/spanntuch-mit-flachkeder\/","title":{"rendered":"Spanntuch mit Flachkeder"},"content":{"rendered":"<h3>Spanntuch bestellen? W\u00e4hlen Sie das richtige Material.<\/h3>\n<p>Spanntuch bedrucken? W\u00e4hlen Sie das richtige Material, das Ihren Anforderungen entspricht. Soll das Spanntuch f\u00fcr einen beleuchteten LED-Rahmen geeignet sein? Werden Sie das Spanntuch ausschlie\u00dflich im Innenbereich verwenden oder in einen Outdoor-Textilspannrahmen einsetzen? Nachfolgend erl\u00e4utern wir kurz die verschiedenen Eigenschaften der Spannt\u00fccher; so k\u00f6nnen Sie schnell und einfach die richtige Materialwahl treffen.<\/p>\n<h2><strong>F\u00fcr einen LED-Rahmen:<\/strong><\/h2>\n<ul>\n<li><strong>Samba Backlit<\/strong>: Polyestergewebe mit UV-Druck. Samba Backlit erh\u00e4lt dadurch eine intensive Farbwiedergabe. Speziell entwickelt f\u00fcr Helligkeit und Lebendigkeit in beleuchteten LED-Rahmen.<\/li>\n<li><strong>LumiTex<\/strong>: Dieses Spanntuch-Material besteht aus 100 % Polyester. Es ist aus extra feinen Garnen gefertigt und mit einer doppelten Tintenschicht versehen, wodurch es perfekt f\u00fcr den Einsatz in beleuchteten Anwendungen geeignet ist.<\/li>\n<\/ul>\n<p><span style=\"text-decoration: underline;\">Unterschiede zwischen Samba Backlit und LumiTex<\/span><br \/>\nDer Unterschied zwischen Samba Backlit und LumiTex liegt vor allem in der Drucktechnik. Samba-Spannt\u00fccher werden mit einem 200 % UV-Druck versehen, w\u00e4hrend LumiTex einen 200 % Sublimationsdruck erh\u00e4lt. Der Nachteil des UV-Drucks ist, dass die doppelten Tintenschichten einen (vor\u00fcbergehenden) starken Geruch abgeben. LumiTex hingegen ist geruchlos und knitterfrei.<br \/>\nZudem ist der Druck auf LumiTex-Gewebe im Vergleich zu Samba Backlit etwas nachhaltiger. Die verwendeten Tinten basieren n\u00e4mlich auf Wasserbasis. Dar\u00fcber hinaus ist LumiTex (genau wie Samba Backlit) \u00fcbrigens auch PVC-frei und recycelbar.<\/p>\n<p>Der letzte charakteristische Unterschied zwischen beiden T\u00fcchern ist, dass Samba Backlit mit einer Beschichtung versehen ist. Dank dieser Beschichtung kann Samba Backlit auch f\u00fcr kurze Zeit im Au\u00dfenbereich eingesetzt werden. LumiTex ist ausschlie\u00dflich f\u00fcr Innenanwendungen geeignet.<\/p>\n<h2><strong>F\u00fcr einen Textilspannrahmen:<\/strong><\/h2>\n<ul>\n<li><strong>Dekostoff<\/strong>: Geschmeidiges Polyestertuch mit feiner Struktur und kraftvoller Ausstrahlung.<\/li>\n<li><strong>Dekostoff Blockout<\/strong>: Lichtblockierendes Polyestertuch mit schwarzer R\u00fcckseite und B1-Zertifikat.<\/li>\n<li><strong>Structex<\/strong>: Strukturiertes Gewebe aus hochwertigem, schwerem Polyester mit Baumwoll-Optik.<\/li>\n<li><strong>Velours<\/strong>: Hochwertiger Polyester mit kurzem Flor f\u00fcr eine samtweiche Optik.<\/li>\n<li><strong>Blackback Soft<\/strong>: Polyester-Blockout-Tuch mit schwarzer R\u00fcckseite.<\/li>\n<li><strong>Blackback XL<\/strong>: Polyester-Blockout-Tuch mit schwarzer R\u00fcckseite, ideal f\u00fcr Gro\u00dfformate.<\/li>\n<li><strong>Decotex UV<\/strong>: Geschmeidiges Polyestertuch mit feiner Struktur und kraftvoller Ausstrahlung, perfekt f\u00fcr Gro\u00dfformate.<\/li>\n<\/ul>\n<p>&nbsp;<\/p>\n<h3>Zubeh\u00f6r<\/h3>\n<p>Unser E-Locktool erm\u00f6glicht eine m\u00fchelose und pr\u00e4zise Befestigung von Spannt\u00fcchern. So k\u00f6nnen Sie sich auf eine reibungslose und professionelle Installation verlassen.<\/p>\n<h3>H\u00e4ufig gestellte Fragen zu Spannt\u00fcchern<\/h3>\n<p><strong>Wie stelle ich sicher, dass ich das richtige Format habe?<\/strong><br \/>\nUm sicherzustellen, dass Sie die richtige Spanntuchgr\u00f6\u00dfe haben, sollten Sie immer die Au\u00dfenseite des Rahmens messen.<\/p>\n<p><strong>Wie sieht die Naht aus, wenn ich mein Spanntuch teile?<\/strong><br \/>\nDies ist eine Naht, die vergleichbar ist mit der Naht eines Saums oder Hohlsaums.<\/p>\n<p><strong>Ist es auch m\u00f6glich, Spannt\u00fccher in Kontur zu liefern?<\/strong><br \/>\nDas ist m\u00f6glich! Runde und ovale T\u00fccher k\u00f6nnen derzeit auf Anfrage per Angebot geliefert werden.<\/p>\n<p><strong>Was soll ich tun, wenn mein Spanntuch Falten hat?<\/strong><br \/>\nBeim Einsetzen des Spanntuchs in den Rahmen entsteht Spannung auf dem Material. Dadurch gl\u00e4tten sich die Falten im Spanntuch von selbst. Bitte beachten Sie, dass dies einige Tage dauern kann.<\/p>\n<h3>Wie montiere ich ein Spanntuch?<\/h3>\n<p>Um ein Spanntuch zu montieren, beginnen Sie zuerst damit, den Rahmen an der Wand zu befestigen. Anschlie\u00dfend k\u00f6nnen Sie das Spanntuch anbringen, indem Sie zuerst alle Ecken befestigen, beginnend mit den oberen Ecken. Dr\u00fccken Sie danach das restliche Tuch vorsichtig in den Rahmen.<\/p>\n","protected":false},"excerpt":{"rendered":"<h3>Tuch f\u00fcr Textilspann- und LED-Rahmen<\/h3>\n<p>Das Spanntuch \u2013 speziell entwickelt f\u00fcr eine nahtlose und straffe Befestigung in Textilspann- und LED-Rahmen. Ob Sie ein Unternehmen, ein Gesch\u00e4ft, eine Veranstaltung oder Ihr Zuhause versch\u00f6nern m\u00f6chten; unsere Spannt\u00fccher bieten die ideale Kombination aus Qualit\u00e4t, Vielseitigkeit und Stil. Bei uns bestimmen Sie das Format selbst und w\u00e4hlen aus einer breiten Palette hochwertiger Materialien. Jedes Material (mit Ausnahme von Velours) ist mit einem B1-Zertifikat f\u00fcr Brandschutz ausgestattet. Stellen Sie in wenigen Schritten Ihr bedrucktes Spanntuch zusammen.<\/p>\n","protected":false},"featured_media":14830,"template":"","meta":{"_et_pb_use_builder":"","_et_pb_old_content":"","_et_gb_content_width":""},"product_brand":[],"product_cat":[902,907,947,899,942,930],"product_tag":[],"class_list":{"0":"post-14829","1":"product","2":"type-product","3":"status-publish","4":"has-post-thumbnail","6":"product_cat-ausstellungstucher","7":"product_cat-innenwerbung","8":"product_cat-innere","9":"product_cat-messe-event","10":"product_cat-wanddekoration","11":"product_cat-wandwerbung","13":"first","14":"instock","15":"taxable","16":"shipping-taxable","17":"purchasable","18":"product-type-simple"},"yoast_head":"<!-- This site is optimized with the Yoast SEO plugin v27.3 - https:\/\/yoast.com\/product\/yoast-seo-wordpress\/ -->\n<title>Spanntuch mit Flachkeder | Amstel Printing<\/title>\n<meta name=\"robots\" content=\"index, follow, max-snippet:-1, max-image-preview:large, max-video-preview:-1\" \/>\n<link rel=\"canonical\" href=\"https:\/\/www.amstelprinting.nl\/de\/gesch\u00e4ft\/innere\/wanddekoration\/spanntuch-mit-flachkeder\/\" \/>\n<meta property=\"og:locale\" content=\"de_DE\" \/>\n<meta property=\"og:type\" content=\"article\" \/>\n<meta property=\"og:title\" content=\"Spanntuch mit Flachkeder | Amstel Printing\" \/>\n<meta property=\"og:description\" content=\"Tuch f\u00fcr Textilspann- und LED-Rahmen Das Spanntuch \u2013 speziell entwickelt f\u00fcr eine nahtlose und straffe Befestigung in Textilspann- und LED-Rahmen. Ob Sie ein Unternehmen, ein Gesch\u00e4ft, eine Veranstaltung oder Ihr Zuhause versch\u00f6nern m\u00f6chten; unsere Spannt\u00fccher bieten die ideale Kombination aus Qualit\u00e4t, Vielseitigkeit und Stil. Bei uns bestimmen Sie das Format selbst und w\u00e4hlen aus einer breiten Palette hochwertiger Materialien. Jedes Material (mit Ausnahme von Velours) ist mit einem B1-Zertifikat f\u00fcr Brandschutz ausgestattet. Stellen Sie in wenigen Schritten Ihr bedrucktes Spanntuch zusammen.\" \/>\n<meta property=\"og:url\" content=\"https:\/\/www.amstelprinting.nl\/de\/gesch\u00e4ft\/innere\/wanddekoration\/spanntuch-mit-flachkeder\/\" \/>\n<meta property=\"og:site_name\" content=\"Amstel Printing\" \/>\n<meta property=\"article:modified_time\" content=\"2026-02-18T11:54:05+00:00\" \/>\n<meta property=\"og:image\" content=\"https:\/\/www.amstelprinting.nl\/wp-content\/uploads\/peesdoek-bedrukken.png\" \/>\n\t<meta property=\"og:image:width\" content=\"900\" \/>\n\t<meta property=\"og:image:height\" content=\"900\" \/>\n\t<meta property=\"og:image:type\" content=\"image\/png\" \/>\n<meta name=\"twitter:card\" content=\"summary_large_image\" \/>\n<meta name=\"twitter:label1\" content=\"Gesch\u00e4tzte Lesezeit\" \/>\n\t<meta name=\"twitter:data1\" content=\"3\u00a0Minuten\" \/>\n<script type=\"application\/ld+json\" class=\"yoast-schema-graph\">{\"@context\":\"https:\\\/\\\/schema.org\",\"@graph\":[{\"@type\":\"WebPage\",\"@id\":\"https:\\\/\\\/www.amstelprinting.nl\\\/de\\\/gesch\u00e4ft\\\/innere\\\/wanddekoration\\\/spanntuch-mit-flachkeder\\\/\",\"url\":\"https:\\\/\\\/www.amstelprinting.nl\\\/de\\\/gesch\u00e4ft\\\/innere\\\/wanddekoration\\\/spanntuch-mit-flachkeder\\\/\",\"name\":\"Spanntuch mit Flachkeder | Amstel Printing\",\"isPartOf\":{\"@id\":\"https:\\\/\\\/www.amstelprinting.nl\\\/de\\\/#website\"},\"primaryImageOfPage\":{\"@id\":\"https:\\\/\\\/www.amstelprinting.nl\\\/de\\\/gesch\u00e4ft\\\/innere\\\/wanddekoration\\\/spanntuch-mit-flachkeder\\\/#primaryimage\"},\"image\":{\"@id\":\"https:\\\/\\\/www.amstelprinting.nl\\\/de\\\/gesch\u00e4ft\\\/innere\\\/wanddekoration\\\/spanntuch-mit-flachkeder\\\/#primaryimage\"},\"thumbnailUrl\":\"https:\\\/\\\/www.amstelprinting.nl\\\/wp-content\\\/uploads\\\/peesdoek-bedrukken.png\",\"datePublished\":\"2025-01-24T10:28:28+00:00\",\"dateModified\":\"2026-02-18T11:54:05+00:00\",\"breadcrumb\":{\"@id\":\"https:\\\/\\\/www.amstelprinting.nl\\\/de\\\/gesch\u00e4ft\\\/innere\\\/wanddekoration\\\/spanntuch-mit-flachkeder\\\/#breadcrumb\"},\"inLanguage\":\"de\",\"potentialAction\":[{\"@type\":\"ReadAction\",\"target\":[\"https:\\\/\\\/www.amstelprinting.nl\\\/de\\\/gesch\u00e4ft\\\/innere\\\/wanddekoration\\\/spanntuch-mit-flachkeder\\\/\"]}]},{\"@type\":\"ImageObject\",\"inLanguage\":\"de\",\"@id\":\"https:\\\/\\\/www.amstelprinting.nl\\\/de\\\/gesch\u00e4ft\\\/innere\\\/wanddekoration\\\/spanntuch-mit-flachkeder\\\/#primaryimage\",\"url\":\"https:\\\/\\\/www.amstelprinting.nl\\\/wp-content\\\/uploads\\\/peesdoek-bedrukken.png\",\"contentUrl\":\"https:\\\/\\\/www.amstelprinting.nl\\\/wp-content\\\/uploads\\\/peesdoek-bedrukken.png\",\"width\":900,\"height\":900},{\"@type\":\"BreadcrumbList\",\"@id\":\"https:\\\/\\\/www.amstelprinting.nl\\\/de\\\/gesch\u00e4ft\\\/innere\\\/wanddekoration\\\/spanntuch-mit-flachkeder\\\/#breadcrumb\",\"itemListElement\":[{\"@type\":\"ListItem\",\"position\":1,\"name\":\"\",\"item\":\"https:\\\/\\\/www.amstelprinting.nl\\\/de\\\/\"},{\"@type\":\"ListItem\",\"position\":2,\"name\":\"Amstel Printing\",\"item\":\"https:\\\/\\\/www.amstelprinting.nl\\\/de\\\/geschaeft\\\/\"},{\"@type\":\"ListItem\",\"position\":3,\"name\":\"Innenwerbung\",\"item\":\"https:\\\/\\\/www.amstelprinting.nl\\\/de\\\/kategorie\\\/innenwerbung\\\/\"},{\"@type\":\"ListItem\",\"position\":4,\"name\":\"Spanntuch mit Flachkeder\"}]},{\"@type\":\"WebSite\",\"@id\":\"https:\\\/\\\/www.amstelprinting.nl\\\/de\\\/#website\",\"url\":\"https:\\\/\\\/www.amstelprinting.nl\\\/de\\\/\",\"name\":\"Amstel Printing\",\"description\":\"Creating Exposure\",\"publisher\":{\"@id\":\"https:\\\/\\\/www.amstelprinting.nl\\\/de\\\/#organization\"},\"potentialAction\":[{\"@type\":\"SearchAction\",\"target\":{\"@type\":\"EntryPoint\",\"urlTemplate\":\"https:\\\/\\\/www.amstelprinting.nl\\\/de\\\/?s={search_term_string}\"},\"query-input\":{\"@type\":\"PropertyValueSpecification\",\"valueRequired\":true,\"valueName\":\"search_term_string\"}}],\"inLanguage\":\"de\"},{\"@type\":\"Organization\",\"@id\":\"https:\\\/\\\/www.amstelprinting.nl\\\/de\\\/#organization\",\"name\":\"Amstel Printing\",\"url\":\"https:\\\/\\\/www.amstelprinting.nl\\\/de\\\/\",\"logo\":{\"@type\":\"ImageObject\",\"inLanguage\":\"de\",\"@id\":\"https:\\\/\\\/www.amstelprinting.nl\\\/de\\\/#\\\/schema\\\/logo\\\/image\\\/\",\"url\":\"https:\\\/\\\/www.amstelprinting.nl\\\/wp-content\\\/uploads\\\/amstel_printing_logo_clean.png\",\"contentUrl\":\"https:\\\/\\\/www.amstelprinting.nl\\\/wp-content\\\/uploads\\\/amstel_printing_logo_clean.png\",\"width\":324,\"height\":73,\"caption\":\"Amstel Printing\"},\"image\":{\"@id\":\"https:\\\/\\\/www.amstelprinting.nl\\\/de\\\/#\\\/schema\\\/logo\\\/image\\\/\"}}]}<\/script>\n<!-- \/ Yoast SEO plugin. -->","yoast_head_json":{"title":"Spanntuch mit Flachkeder | Amstel Printing","robots":{"index":"index","follow":"follow","max-snippet":"max-snippet:-1","max-image-preview":"max-image-preview:large","max-video-preview":"max-video-preview:-1"},"canonical":"https:\/\/www.amstelprinting.nl\/de\/gesch\u00e4ft\/innere\/wanddekoration\/spanntuch-mit-flachkeder\/","og_locale":"de_DE","og_type":"article","og_title":"Spanntuch mit Flachkeder | Amstel Printing","og_description":"Tuch f\u00fcr Textilspann- und LED-Rahmen Das Spanntuch \u2013 speziell entwickelt f\u00fcr eine nahtlose und straffe Befestigung in Textilspann- und LED-Rahmen. Ob Sie ein Unternehmen, ein Gesch\u00e4ft, eine Veranstaltung oder Ihr Zuhause versch\u00f6nern m\u00f6chten; unsere Spannt\u00fccher bieten die ideale Kombination aus Qualit\u00e4t, Vielseitigkeit und Stil. Bei uns bestimmen Sie das Format selbst und w\u00e4hlen aus einer breiten Palette hochwertiger Materialien. Jedes Material (mit Ausnahme von Velours) ist mit einem B1-Zertifikat f\u00fcr Brandschutz ausgestattet. Stellen Sie in wenigen Schritten Ihr bedrucktes Spanntuch zusammen.","og_url":"https:\/\/www.amstelprinting.nl\/de\/gesch\u00e4ft\/innere\/wanddekoration\/spanntuch-mit-flachkeder\/","og_site_name":"Amstel Printing","article_modified_time":"2026-02-18T11:54:05+00:00","og_image":[{"width":900,"height":900,"url":"https:\/\/www.amstelprinting.nl\/wp-content\/uploads\/peesdoek-bedrukken.png","type":"image\/png"}],"twitter_card":"summary_large_image","twitter_misc":{"Gesch\u00e4tzte Lesezeit":"3\u00a0Minuten"},"schema":{"@context":"https:\/\/schema.org","@graph":[{"@type":"WebPage","@id":"https:\/\/www.amstelprinting.nl\/de\/gesch\u00e4ft\/innere\/wanddekoration\/spanntuch-mit-flachkeder\/","url":"https:\/\/www.amstelprinting.nl\/de\/gesch\u00e4ft\/innere\/wanddekoration\/spanntuch-mit-flachkeder\/","name":"Spanntuch mit Flachkeder | Amstel Printing","isPartOf":{"@id":"https:\/\/www.amstelprinting.nl\/de\/#website"},"primaryImageOfPage":{"@id":"https:\/\/www.amstelprinting.nl\/de\/gesch\u00e4ft\/innere\/wanddekoration\/spanntuch-mit-flachkeder\/#primaryimage"},"image":{"@id":"https:\/\/www.amstelprinting.nl\/de\/gesch\u00e4ft\/innere\/wanddekoration\/spanntuch-mit-flachkeder\/#primaryimage"},"thumbnailUrl":"https:\/\/www.amstelprinting.nl\/wp-content\/uploads\/peesdoek-bedrukken.png","datePublished":"2025-01-24T10:28:28+00:00","dateModified":"2026-02-18T11:54:05+00:00","breadcrumb":{"@id":"https:\/\/www.amstelprinting.nl\/de\/gesch\u00e4ft\/innere\/wanddekoration\/spanntuch-mit-flachkeder\/#breadcrumb"},"inLanguage":"de","potentialAction":[{"@type":"ReadAction","target":["https:\/\/www.amstelprinting.nl\/de\/gesch\u00e4ft\/innere\/wanddekoration\/spanntuch-mit-flachkeder\/"]}]},{"@type":"ImageObject","inLanguage":"de","@id":"https:\/\/www.amstelprinting.nl\/de\/gesch\u00e4ft\/innere\/wanddekoration\/spanntuch-mit-flachkeder\/#primaryimage","url":"https:\/\/www.amstelprinting.nl\/wp-content\/uploads\/peesdoek-bedrukken.png","contentUrl":"https:\/\/www.amstelprinting.nl\/wp-content\/uploads\/peesdoek-bedrukken.png","width":900,"height":900},{"@type":"BreadcrumbList","@id":"https:\/\/www.amstelprinting.nl\/de\/gesch\u00e4ft\/innere\/wanddekoration\/spanntuch-mit-flachkeder\/#breadcrumb","itemListElement":[{"@type":"ListItem","position":1,"name":"","item":"https:\/\/www.amstelprinting.nl\/de\/"},{"@type":"ListItem","position":2,"name":"Amstel Printing","item":"https:\/\/www.amstelprinting.nl\/de\/geschaeft\/"},{"@type":"ListItem","position":3,"name":"Innenwerbung","item":"https:\/\/www.amstelprinting.nl\/de\/kategorie\/innenwerbung\/"},{"@type":"ListItem","position":4,"name":"Spanntuch mit Flachkeder"}]},{"@type":"WebSite","@id":"https:\/\/www.amstelprinting.nl\/de\/#website","url":"https:\/\/www.amstelprinting.nl\/de\/","name":"Amstel Printing","description":"Creating Exposure","publisher":{"@id":"https:\/\/www.amstelprinting.nl\/de\/#organization"},"potentialAction":[{"@type":"SearchAction","target":{"@type":"EntryPoint","urlTemplate":"https:\/\/www.amstelprinting.nl\/de\/?s={search_term_string}"},"query-input":{"@type":"PropertyValueSpecification","valueRequired":true,"valueName":"search_term_string"}}],"inLanguage":"de"},{"@type":"Organization","@id":"https:\/\/www.amstelprinting.nl\/de\/#organization","name":"Amstel Printing","url":"https:\/\/www.amstelprinting.nl\/de\/","logo":{"@type":"ImageObject","inLanguage":"de","@id":"https:\/\/www.amstelprinting.nl\/de\/#\/schema\/logo\/image\/","url":"https:\/\/www.amstelprinting.nl\/wp-content\/uploads\/amstel_printing_logo_clean.png","contentUrl":"https:\/\/www.amstelprinting.nl\/wp-content\/uploads\/amstel_printing_logo_clean.png","width":324,"height":73,"caption":"Amstel Printing"},"image":{"@id":"https:\/\/www.amstelprinting.nl\/de\/#\/schema\/logo\/image\/"}}]}},"_links":{"self":[{"href":"https:\/\/www.amstelprinting.nl\/de\/wp-json\/wp\/v2\/product\/14829","targetHints":{"allow":["GET"]}}],"collection":[{"href":"https:\/\/www.amstelprinting.nl\/de\/wp-json\/wp\/v2\/product"}],"about":[{"href":"https:\/\/www.amstelprinting.nl\/de\/wp-json\/wp\/v2\/types\/product"}],"wp:featuredmedia":[{"embeddable":true,"href":"https:\/\/www.amstelprinting.nl\/de\/wp-json\/wp\/v2\/media\/14830"}],"wp:attachment":[{"href":"https:\/\/www.amstelprinting.nl\/de\/wp-json\/wp\/v2\/media?parent=14829"}],"wp:term":[{"taxonomy":"product_brand","embeddable":true,"href":"https:\/\/www.amstelprinting.nl\/de\/wp-json\/wp\/v2\/product_brand?post=14829"},{"taxonomy":"product_cat","embeddable":true,"href":"https:\/\/www.amstelprinting.nl\/de\/wp-json\/wp\/v2\/product_cat?post=14829"},{"taxonomy":"product_tag","embeddable":true,"href":"https:\/\/www.amstelprinting.nl\/de\/wp-json\/wp\/v2\/product_tag?post=14829"}],"curies":[{"name":"wp","href":"https:\/\/api.w.org\/{rel}","templated":true}]}}