{"id":14839,"date":"2025-01-24T11:28:23","date_gmt":"2025-01-24T10:28:23","guid":{"rendered":"https:\/\/www.amstelprinting.nl\/winkel\/unkategorisiert\/wandframe-2\/"},"modified":"2026-02-18T12:54:06","modified_gmt":"2026-02-18T11:54:06","slug":"wandrahmen","status":"publish","type":"product","link":"https:\/\/www.amstelprinting.nl\/de\/gesch\u00e4ft\/innenwerbung\/gastfreundschaft\/wandrahmen\/","title":{"rendered":"Wandrahmen"},"content":{"rendered":"<h3>Wandrahmen bestellen<\/h3>\n<p>Mit dem Wandrahmen k\u00f6nnen Sie Stimmungsbilder und Werbebotschaften stilvoll pr\u00e4sentieren. Kombinieren Sie ihn mit einem (einfach nachzubestellenden) austauschbaren Druck, um das Interieur problemlos an die Jahreszeit oder eine neue Kampagne anzupassen.<\/p>\n<p>Erwecken Sie den Raum zum Leben mit unserem Aluminium-Wandrahmen, der speziell f\u00fcr Spannt\u00fccher entwickelt wurde. Ob Sie ein Komplettset suchen oder nur den Rahmen separat bestellen m\u00f6chten: Der Wandrahmen ist die perfekte L\u00f6sung. Entscheiden Sie sich daf\u00fcr, Ihren Wandrahmen aufzuh\u00e4ngen oder festzuschrauben.<\/p>\n<h3>W\u00e4hlen Sie das richtige Tuch f\u00fcr Ihren Wandrahmen<\/h3>\n<p>Der Wandrahmen ist in Wei\u00df, Schwarz oder Silber erh\u00e4ltlich, mit einer Auswahl aus drei St\u00e4rken: 19 mm (optional mit Bohrl\u00f6chern), 25 mm (optional mit Bohrl\u00f6chern) oder 27 mm. Unsere Rahmen sind langlebig und bieten ein sehr glattes Finish in jedem Interieur.<\/p>\n<p>Wir bieten eine breite Palette an Stoffarten an, die jeweils (mit Ausnahme von Velours) mit einem B1-Zertifikat f\u00fcr Brandsicherheit ausgestattet sind:<\/p>\n<ul>\n<li><strong>Dekostoff<\/strong>: Geschmeidiges Polyester mit einer feinen Struktur f\u00fcr eine kraftvolle Ausstrahlung.<\/li>\n<li><strong>Dekostoff Blockout<\/strong>: Lichtblockierendes Polyester mit einer schwarzen R\u00fcckseite und B1-Zertifikat f\u00fcr optimale Farbwiedergabe.<\/li>\n<li><strong>Structex<\/strong>: Schweres Polyester in Baumwolloptik f\u00fcr ein luxuri\u00f6ses Erscheinungsbild.<\/li>\n<li><strong>Velours<\/strong>: Hochwertiges Polyester mit einem samtweichen Finish.<\/li>\n<li><strong>Blackback Soft<\/strong>: Polyester-Blockout mit schwarzer R\u00fcckseite f\u00fcr maximale Farbtiefe.<\/li>\n<li><strong>Blackback XL<\/strong>: Robustes Polyester-Blockout, ideal f\u00fcr gro\u00dfe Formate.<\/li>\n<li><strong>Decotex UV<\/strong>: Geschmeidiges Polyester mit feiner Struktur, UV-best\u00e4ndig f\u00fcr Langlebigkeit.<\/li>\n<\/ul>\n<p>&nbsp;<\/p>\n<h3>Zubeh\u00f6r f\u00fcr eine sorgenfreie Befestigung<\/h3>\n<p>W\u00e4hlen Sie unser E-Lock-Tool f\u00fcr eine einfache und pr\u00e4zise Montage des Spanntuchs im Wandrahmen.<\/p>\n<h3>Beleuchtete Wandrahmen<\/h3>\n<p>Suchen Sie einen Rahmen mit Beleuchtung? Dann schauen Sie sich unsere (dimmbaren) LED-Rahmen an. Im Grunde handelt es sich (abgesehen von der Beleuchtung) um das gleiche Produkt wie der Wandrahmen auf dieser Produktseite.<\/p>\n","protected":false},"excerpt":{"rendered":"<h3>Wundersch\u00f6ner und eleganter Aluminiumrahmen mit einem gestochen scharfen Druck<\/h3>\n<p>Das Spanntuch l\u00e4sst sich schnell und nahtlos im Wandrahmen befestigen. Bei einem Designwechsel ist es zudem leicht wieder auszutauschen. Die Gr\u00f6\u00dfe des Wandrahmens w\u00e4hlen Sie selbst. Ebenso die Farbe und die St\u00e4rke des Wandrahmens. Stellen Sie unten in wenigen Schritten Ihren Wandrahmen nach Ihren W\u00fcnschen zusammen.<\/p>\n","protected":false},"featured_media":14840,"template":"","meta":{"_et_pb_use_builder":"","_et_pb_old_content":"","_et_gb_content_width":""},"product_brand":[],"product_cat":[909,907,930],"product_tag":[],"class_list":{"0":"post-14839","1":"product","2":"type-product","3":"status-publish","4":"has-post-thumbnail","6":"product_cat-gastfreundschaft","7":"product_cat-innenwerbung","8":"product_cat-wandwerbung","10":"first","11":"instock","12":"taxable","13":"shipping-taxable","14":"purchasable","15":"product-type-simple"},"yoast_head":"<!-- This site is optimized with the Yoast SEO plugin v27.3 - https:\/\/yoast.com\/product\/yoast-seo-wordpress\/ -->\n<title>Flexibler Wandrahmen nach Ma\u00df \u2013 Pr\u00e4sentationen f\u00fcr Gesch\u00e4ftsr\u00e4ume<\/title>\n<meta name=\"description\" content=\"Bestellen Sie einen ma\u00dfgefertigten Aluminium-Wandrahmen f\u00fcr klare, leicht austauschbare Drucke. W\u00e4hlen Sie aus Farben, St\u00e4rken und hochwertigen Stoffen.\" \/>\n<meta name=\"robots\" content=\"index, follow, max-snippet:-1, max-image-preview:large, max-video-preview:-1\" \/>\n<link rel=\"canonical\" href=\"https:\/\/www.amstelprinting.nl\/de\/gesch\u00e4ft\/innenwerbung\/gastfreundschaft\/wandrahmen\/\" \/>\n<meta property=\"og:locale\" content=\"de_DE\" \/>\n<meta property=\"og:type\" content=\"article\" \/>\n<meta property=\"og:title\" content=\"Flexibler Wandrahmen nach Ma\u00df \u2013 Pr\u00e4sentationen f\u00fcr Gesch\u00e4ftsr\u00e4ume\" \/>\n<meta property=\"og:description\" content=\"Bestellen Sie einen ma\u00dfgefertigten Aluminium-Wandrahmen f\u00fcr klare, leicht austauschbare Drucke. W\u00e4hlen Sie aus Farben, St\u00e4rken und hochwertigen Stoffen.\" \/>\n<meta property=\"og:url\" content=\"https:\/\/www.amstelprinting.nl\/de\/gesch\u00e4ft\/innenwerbung\/gastfreundschaft\/wandrahmen\/\" \/>\n<meta property=\"og:site_name\" content=\"Amstel Printing\" \/>\n<meta property=\"article:modified_time\" content=\"2026-02-18T11:54:06+00:00\" \/>\n<meta property=\"og:image\" content=\"https:\/\/www.amstelprinting.nl\/wp-content\/uploads\/wandframe-bedrukken.png\" \/>\n\t<meta property=\"og:image:width\" content=\"900\" \/>\n\t<meta property=\"og:image:height\" content=\"900\" \/>\n\t<meta property=\"og:image:type\" content=\"image\/png\" \/>\n<meta name=\"twitter:card\" content=\"summary_large_image\" \/>\n<meta name=\"twitter:label1\" content=\"Gesch\u00e4tzte Lesezeit\" \/>\n\t<meta name=\"twitter:data1\" content=\"1\u00a0Minute\" \/>\n<script type=\"application\/ld+json\" class=\"yoast-schema-graph\">{\"@context\":\"https:\\\/\\\/schema.org\",\"@graph\":[{\"@type\":\"WebPage\",\"@id\":\"https:\\\/\\\/www.amstelprinting.nl\\\/de\\\/gesch\u00e4ft\\\/innenwerbung\\\/gastfreundschaft\\\/wandrahmen\\\/\",\"url\":\"https:\\\/\\\/www.amstelprinting.nl\\\/de\\\/gesch\u00e4ft\\\/innenwerbung\\\/gastfreundschaft\\\/wandrahmen\\\/\",\"name\":\"Flexibler Wandrahmen nach Ma\u00df \u2013 Pr\u00e4sentationen f\u00fcr Gesch\u00e4ftsr\u00e4ume\",\"isPartOf\":{\"@id\":\"https:\\\/\\\/www.amstelprinting.nl\\\/de\\\/#website\"},\"primaryImageOfPage\":{\"@id\":\"https:\\\/\\\/www.amstelprinting.nl\\\/de\\\/gesch\u00e4ft\\\/innenwerbung\\\/gastfreundschaft\\\/wandrahmen\\\/#primaryimage\"},\"image\":{\"@id\":\"https:\\\/\\\/www.amstelprinting.nl\\\/de\\\/gesch\u00e4ft\\\/innenwerbung\\\/gastfreundschaft\\\/wandrahmen\\\/#primaryimage\"},\"thumbnailUrl\":\"https:\\\/\\\/www.amstelprinting.nl\\\/wp-content\\\/uploads\\\/wandframe-bedrukken.png\",\"datePublished\":\"2025-01-24T10:28:23+00:00\",\"dateModified\":\"2026-02-18T11:54:06+00:00\",\"description\":\"Bestellen Sie einen ma\u00dfgefertigten Aluminium-Wandrahmen f\u00fcr klare, leicht austauschbare Drucke. W\u00e4hlen Sie aus Farben, St\u00e4rken und hochwertigen Stoffen.\",\"breadcrumb\":{\"@id\":\"https:\\\/\\\/www.amstelprinting.nl\\\/de\\\/gesch\u00e4ft\\\/innenwerbung\\\/gastfreundschaft\\\/wandrahmen\\\/#breadcrumb\"},\"inLanguage\":\"de\",\"potentialAction\":[{\"@type\":\"ReadAction\",\"target\":[\"https:\\\/\\\/www.amstelprinting.nl\\\/de\\\/gesch\u00e4ft\\\/innenwerbung\\\/gastfreundschaft\\\/wandrahmen\\\/\"]}]},{\"@type\":\"ImageObject\",\"inLanguage\":\"de\",\"@id\":\"https:\\\/\\\/www.amstelprinting.nl\\\/de\\\/gesch\u00e4ft\\\/innenwerbung\\\/gastfreundschaft\\\/wandrahmen\\\/#primaryimage\",\"url\":\"https:\\\/\\\/www.amstelprinting.nl\\\/wp-content\\\/uploads\\\/wandframe-bedrukken.png\",\"contentUrl\":\"https:\\\/\\\/www.amstelprinting.nl\\\/wp-content\\\/uploads\\\/wandframe-bedrukken.png\",\"width\":900,\"height\":900},{\"@type\":\"BreadcrumbList\",\"@id\":\"https:\\\/\\\/www.amstelprinting.nl\\\/de\\\/gesch\u00e4ft\\\/innenwerbung\\\/gastfreundschaft\\\/wandrahmen\\\/#breadcrumb\",\"itemListElement\":[{\"@type\":\"ListItem\",\"position\":1,\"name\":\"\",\"item\":\"https:\\\/\\\/www.amstelprinting.nl\\\/de\\\/\"},{\"@type\":\"ListItem\",\"position\":2,\"name\":\"Amstel Printing\",\"item\":\"https:\\\/\\\/www.amstelprinting.nl\\\/de\\\/geschaeft\\\/\"},{\"@type\":\"ListItem\",\"position\":3,\"name\":\"Innenwerbung\",\"item\":\"https:\\\/\\\/www.amstelprinting.nl\\\/de\\\/kategorie\\\/innenwerbung\\\/\"},{\"@type\":\"ListItem\",\"position\":4,\"name\":\"Gastfreundschaft\",\"item\":\"https:\\\/\\\/www.amstelprinting.nl\\\/de\\\/kategorie\\\/innenwerbung\\\/gastfreundschaft\\\/\"},{\"@type\":\"ListItem\",\"position\":5,\"name\":\"Wandrahmen\"}]},{\"@type\":\"WebSite\",\"@id\":\"https:\\\/\\\/www.amstelprinting.nl\\\/de\\\/#website\",\"url\":\"https:\\\/\\\/www.amstelprinting.nl\\\/de\\\/\",\"name\":\"Amstel Printing\",\"description\":\"Creating Exposure\",\"publisher\":{\"@id\":\"https:\\\/\\\/www.amstelprinting.nl\\\/de\\\/#organization\"},\"potentialAction\":[{\"@type\":\"SearchAction\",\"target\":{\"@type\":\"EntryPoint\",\"urlTemplate\":\"https:\\\/\\\/www.amstelprinting.nl\\\/de\\\/?s={search_term_string}\"},\"query-input\":{\"@type\":\"PropertyValueSpecification\",\"valueRequired\":true,\"valueName\":\"search_term_string\"}}],\"inLanguage\":\"de\"},{\"@type\":\"Organization\",\"@id\":\"https:\\\/\\\/www.amstelprinting.nl\\\/de\\\/#organization\",\"name\":\"Amstel Printing\",\"url\":\"https:\\\/\\\/www.amstelprinting.nl\\\/de\\\/\",\"logo\":{\"@type\":\"ImageObject\",\"inLanguage\":\"de\",\"@id\":\"https:\\\/\\\/www.amstelprinting.nl\\\/de\\\/#\\\/schema\\\/logo\\\/image\\\/\",\"url\":\"https:\\\/\\\/www.amstelprinting.nl\\\/wp-content\\\/uploads\\\/amstel_printing_logo_clean.png\",\"contentUrl\":\"https:\\\/\\\/www.amstelprinting.nl\\\/wp-content\\\/uploads\\\/amstel_printing_logo_clean.png\",\"width\":324,\"height\":73,\"caption\":\"Amstel Printing\"},\"image\":{\"@id\":\"https:\\\/\\\/www.amstelprinting.nl\\\/de\\\/#\\\/schema\\\/logo\\\/image\\\/\"}}]}<\/script>\n<!-- \/ Yoast SEO plugin. -->","yoast_head_json":{"title":"Flexibler Wandrahmen nach Ma\u00df \u2013 Pr\u00e4sentationen f\u00fcr Gesch\u00e4ftsr\u00e4ume","description":"Bestellen Sie einen ma\u00dfgefertigten Aluminium-Wandrahmen f\u00fcr klare, leicht austauschbare Drucke. W\u00e4hlen Sie aus Farben, St\u00e4rken und hochwertigen Stoffen.","robots":{"index":"index","follow":"follow","max-snippet":"max-snippet:-1","max-image-preview":"max-image-preview:large","max-video-preview":"max-video-preview:-1"},"canonical":"https:\/\/www.amstelprinting.nl\/de\/gesch\u00e4ft\/innenwerbung\/gastfreundschaft\/wandrahmen\/","og_locale":"de_DE","og_type":"article","og_title":"Flexibler Wandrahmen nach Ma\u00df \u2013 Pr\u00e4sentationen f\u00fcr Gesch\u00e4ftsr\u00e4ume","og_description":"Bestellen Sie einen ma\u00dfgefertigten Aluminium-Wandrahmen f\u00fcr klare, leicht austauschbare Drucke. W\u00e4hlen Sie aus Farben, St\u00e4rken und hochwertigen Stoffen.","og_url":"https:\/\/www.amstelprinting.nl\/de\/gesch\u00e4ft\/innenwerbung\/gastfreundschaft\/wandrahmen\/","og_site_name":"Amstel Printing","article_modified_time":"2026-02-18T11:54:06+00:00","og_image":[{"width":900,"height":900,"url":"https:\/\/www.amstelprinting.nl\/wp-content\/uploads\/wandframe-bedrukken.png","type":"image\/png"}],"twitter_card":"summary_large_image","twitter_misc":{"Gesch\u00e4tzte Lesezeit":"1\u00a0Minute"},"schema":{"@context":"https:\/\/schema.org","@graph":[{"@type":"WebPage","@id":"https:\/\/www.amstelprinting.nl\/de\/gesch\u00e4ft\/innenwerbung\/gastfreundschaft\/wandrahmen\/","url":"https:\/\/www.amstelprinting.nl\/de\/gesch\u00e4ft\/innenwerbung\/gastfreundschaft\/wandrahmen\/","name":"Flexibler Wandrahmen nach Ma\u00df \u2013 Pr\u00e4sentationen f\u00fcr Gesch\u00e4ftsr\u00e4ume","isPartOf":{"@id":"https:\/\/www.amstelprinting.nl\/de\/#website"},"primaryImageOfPage":{"@id":"https:\/\/www.amstelprinting.nl\/de\/gesch\u00e4ft\/innenwerbung\/gastfreundschaft\/wandrahmen\/#primaryimage"},"image":{"@id":"https:\/\/www.amstelprinting.nl\/de\/gesch\u00e4ft\/innenwerbung\/gastfreundschaft\/wandrahmen\/#primaryimage"},"thumbnailUrl":"https:\/\/www.amstelprinting.nl\/wp-content\/uploads\/wandframe-bedrukken.png","datePublished":"2025-01-24T10:28:23+00:00","dateModified":"2026-02-18T11:54:06+00:00","description":"Bestellen Sie einen ma\u00dfgefertigten Aluminium-Wandrahmen f\u00fcr klare, leicht austauschbare Drucke. W\u00e4hlen Sie aus Farben, St\u00e4rken und hochwertigen Stoffen.","breadcrumb":{"@id":"https:\/\/www.amstelprinting.nl\/de\/gesch\u00e4ft\/innenwerbung\/gastfreundschaft\/wandrahmen\/#breadcrumb"},"inLanguage":"de","potentialAction":[{"@type":"ReadAction","target":["https:\/\/www.amstelprinting.nl\/de\/gesch\u00e4ft\/innenwerbung\/gastfreundschaft\/wandrahmen\/"]}]},{"@type":"ImageObject","inLanguage":"de","@id":"https:\/\/www.amstelprinting.nl\/de\/gesch\u00e4ft\/innenwerbung\/gastfreundschaft\/wandrahmen\/#primaryimage","url":"https:\/\/www.amstelprinting.nl\/wp-content\/uploads\/wandframe-bedrukken.png","contentUrl":"https:\/\/www.amstelprinting.nl\/wp-content\/uploads\/wandframe-bedrukken.png","width":900,"height":900},{"@type":"BreadcrumbList","@id":"https:\/\/www.amstelprinting.nl\/de\/gesch\u00e4ft\/innenwerbung\/gastfreundschaft\/wandrahmen\/#breadcrumb","itemListElement":[{"@type":"ListItem","position":1,"name":"","item":"https:\/\/www.amstelprinting.nl\/de\/"},{"@type":"ListItem","position":2,"name":"Amstel Printing","item":"https:\/\/www.amstelprinting.nl\/de\/geschaeft\/"},{"@type":"ListItem","position":3,"name":"Innenwerbung","item":"https:\/\/www.amstelprinting.nl\/de\/kategorie\/innenwerbung\/"},{"@type":"ListItem","position":4,"name":"Gastfreundschaft","item":"https:\/\/www.amstelprinting.nl\/de\/kategorie\/innenwerbung\/gastfreundschaft\/"},{"@type":"ListItem","position":5,"name":"Wandrahmen"}]},{"@type":"WebSite","@id":"https:\/\/www.amstelprinting.nl\/de\/#website","url":"https:\/\/www.amstelprinting.nl\/de\/","name":"Amstel Printing","description":"Creating Exposure","publisher":{"@id":"https:\/\/www.amstelprinting.nl\/de\/#organization"},"potentialAction":[{"@type":"SearchAction","target":{"@type":"EntryPoint","urlTemplate":"https:\/\/www.amstelprinting.nl\/de\/?s={search_term_string}"},"query-input":{"@type":"PropertyValueSpecification","valueRequired":true,"valueName":"search_term_string"}}],"inLanguage":"de"},{"@type":"Organization","@id":"https:\/\/www.amstelprinting.nl\/de\/#organization","name":"Amstel Printing","url":"https:\/\/www.amstelprinting.nl\/de\/","logo":{"@type":"ImageObject","inLanguage":"de","@id":"https:\/\/www.amstelprinting.nl\/de\/#\/schema\/logo\/image\/","url":"https:\/\/www.amstelprinting.nl\/wp-content\/uploads\/amstel_printing_logo_clean.png","contentUrl":"https:\/\/www.amstelprinting.nl\/wp-content\/uploads\/amstel_printing_logo_clean.png","width":324,"height":73,"caption":"Amstel Printing"},"image":{"@id":"https:\/\/www.amstelprinting.nl\/de\/#\/schema\/logo\/image\/"}}]}},"_links":{"self":[{"href":"https:\/\/www.amstelprinting.nl\/de\/wp-json\/wp\/v2\/product\/14839","targetHints":{"allow":["GET"]}}],"collection":[{"href":"https:\/\/www.amstelprinting.nl\/de\/wp-json\/wp\/v2\/product"}],"about":[{"href":"https:\/\/www.amstelprinting.nl\/de\/wp-json\/wp\/v2\/types\/product"}],"wp:featuredmedia":[{"embeddable":true,"href":"https:\/\/www.amstelprinting.nl\/de\/wp-json\/wp\/v2\/media\/14840"}],"wp:attachment":[{"href":"https:\/\/www.amstelprinting.nl\/de\/wp-json\/wp\/v2\/media?parent=14839"}],"wp:term":[{"taxonomy":"product_brand","embeddable":true,"href":"https:\/\/www.amstelprinting.nl\/de\/wp-json\/wp\/v2\/product_brand?post=14839"},{"taxonomy":"product_cat","embeddable":true,"href":"https:\/\/www.amstelprinting.nl\/de\/wp-json\/wp\/v2\/product_cat?post=14839"},{"taxonomy":"product_tag","embeddable":true,"href":"https:\/\/www.amstelprinting.nl\/de\/wp-json\/wp\/v2\/product_tag?post=14839"}],"curies":[{"name":"wp","href":"https:\/\/api.w.org\/{rel}","templated":true}]}}