{"id":14849,"date":"2025-01-24T11:28:19","date_gmt":"2025-01-24T10:28:19","guid":{"rendered":"https:\/\/www.amstelprinting.nl\/winkel\/unkategorisiert\/textielframe\/"},"modified":"2026-02-18T12:54:06","modified_gmt":"2026-02-18T11:54:06","slug":"textilrahmen-2","status":"publish","type":"product","link":"https:\/\/www.amstelprinting.nl\/de\/gesch\u00e4ft\/innere\/wanddekoration\/textilrahmen-2\/","title":{"rendered":"Textilrahmen"},"content":{"rendered":"<h3>Textilrahmen bestellen<\/h3>\n<p>Mit unseren Textilrahmen bieten wir mehr als nur eine dekorative L\u00f6sung f\u00fcr Ihren Raum. Ob Sie sich f\u00fcr einen LED-beleuchteten Rahmen oder einen Textilrahmen ohne Beleuchtung entscheiden, jeder Textilrahmen ist darauf ausgelegt, Ihr Interieur mit Stil und Funktionalit\u00e4t zu versch\u00f6nern. Personalisieren Sie den Textilrahmen in jedem gew\u00fcnschten Format und w\u00e4hlen Sie aus einem umfangreichen Sortiment hochwertiger Materialien.<\/p>\n<h3>Vorteile<\/h3>\n<ul>\n<li>Rahmen mit Beleuchtung und unbeleuchtet erh\u00e4ltlich<\/li>\n<li>Gro\u00dfe Auswahl an Formaten und Materialien<\/li>\n<li>Erh\u00e4ltlich als Wand-, Decken- oder freistehender Rahmen<\/li>\n<li>W\u00e4hlen Sie aus 3 verschiedenen Rahmenfarben<\/li>\n<li>Sicher im Gebrauch: ausgestattet mit einem B1-Brandschutzzertifikat<\/li>\n<\/ul>\n<p>&nbsp;<\/p>\n<h3>Stellen Sie den Rahmen nach Ihren W\u00fcnschen zusammen<\/h3>\n<p>Der Textilrahmen ist in wei\u00dfem, schwarzem oder silbernem Aluminium erh\u00e4ltlich. Hierbei haben Sie die Wahl zwischen 3 verschiedenen St\u00e4rken: 19 mm (f\u00fcr Wandrahmen), 25 mm und 27 mm (f\u00fcr Wand- oder Deckenrahmen), 44 mm (f\u00fcr doppelseitige Anwendungen) und 80 mm (f\u00fcr stehende oder h\u00e4ngende Rahmen). Der LED-Rahmen hat ein Profil von 60 mm Breite f\u00fcr die optimale Ausleuchtung Ihres Drucks.<\/p>\n<h3>W\u00e4hlen Sie das richtige Tuchmaterial<\/h3>\n<p>Der Textilrahmen ist mit einem speziellen Kederprofil ausgestattet. In dieses Profil k\u00f6nnen Sie das Kedertuch einfach einschieben. Der Keder bezieht sich auf die Leiste, die ringsherum am Tuch befestigt ist. Dieses Kedertuch ist in verschiedenen Materialien erh\u00e4ltlich, abh\u00e4ngig vom Rahmentyp. Jedes (mit Ausnahme von Velours) ist mit einem B1-Zertifikat f\u00fcr Brandsicherheit ausgestattet.<\/p>\n<h2>F\u00fcr den LED-Rahmen:<\/h2>\n<ul>\n<li><strong>Samba Backlit<\/strong>: Polyestertuch mit intensiven Farben f\u00fcr Helligkeit in beleuchteten Rahmen.<\/li>\n<li><strong>LumiTex<\/strong>: 100 % Polyester mit extra feinen Garnen und doppelter Tintenschicht f\u00fcr beleuchtete Anwendungen.<\/li>\n<\/ul>\n<p>&nbsp;<br \/>\n<span style=\"text-decoration: underline;\">Unterschiede zwischen Samba Backlit und LumiTex<br \/>\n<\/span>Der Unterschied zwischen Samba Backlit und LumiTex bezieht sich haupts\u00e4chlich auf die Drucktechnik. Das Samba-Kedertuch wird mit einem 200 % UV-Druck versehen und LumiTex betrifft einen 200 % Sublimationsdruck. Der Nachteil eines UV-Drucks ist, dass die doppelten Tintenschichten einen (vor\u00fcbergehenden) starken Geruch abgeben. LumiTex ist dagegen geruchlos und knitterfrei.<br \/>\nZudem ist der Druck auf LumiTex-Tuch im Vergleich zu Samba Backlit auch etwas langlebiger. Die verwendeten Tinten sind n\u00e4mlich auf Wasserbasis. Dar\u00fcber hinaus ist LumiTex (genau wie Samba Backlit) \u00fcbrigens auch frei von PVC und recycelbar.<\/p>\n<p>Der letzte charakteristische Unterschied zwischen beiden T\u00fcchern ist, dass Samba Backlit mit einer Beschichtung versehen ist. Dank dieser Beschichtung ist Samba Backlit auch kurzzeitig im Au\u00dfenbereich einsetzbar. LumiTex ist ausschlie\u00dflich f\u00fcr Innenanwendungen geeignet.<\/p>\n<h2>F\u00fcr den Textilrahmen:<\/h2>\n<ul>\n<li><strong>Dekostoff<\/strong>: Am h\u00e4ufigsten bestellte Tuchart. Dekostoff ist ein geschmeidiges Polyestertuch mit feiner Struktur f\u00fcr kraftvolle Visualisierungen.<\/li>\n<li><strong>Dekostoff Blockout<\/strong>: Lichtblockierendes Polyester mit schwarzer R\u00fcckseite f\u00fcr optimale Farbwiedergabe.<\/li>\n<li><strong>Structex<\/strong>: Schweres Polyester mit Baumwoll-Look f\u00fcr eine luxuri\u00f6se Ausstrahlung.<\/li>\n<li><strong>Velours<\/strong>: Hochwertiges Polyester mit samtweichem Finish.<\/li>\n<li><strong>Blackback Soft<\/strong>: Polyester-Blockout mit schwarzer R\u00fcckseite f\u00fcr maximale Farbtiefe.<\/li>\n<li><strong>Blackback XL<\/strong>: Robustes Polyester-Blockout, perfekt f\u00fcr Gro\u00dfformat-Anwendungen.<\/li>\n<li><strong>Decotex UV<\/strong>: Geschmeidiges Polyester mit feiner Struktur, UV-best\u00e4ndig f\u00fcr Langlebigkeit.<\/li>\n<\/ul>\n<p>&nbsp;<\/p>\n<h3>Kedertuch in den Textilrahmen einsetzen<\/h3>\n<p>W\u00e4hlen Sie unser optionales E-Lock-Tool f\u00fcr eine m\u00fchelose und pr\u00e4zise Montage Ihres Textilrahmens.<\/p>\n<h3>Holz-Textilrahmen \u2013 die nachhaltige Holzalternative<\/h3>\n<p>Als Alternative zum Textilrahmen ist auch eine stilvolle Holzvariante lieferbar. Dieser Holz-Textilrahmen ist aus modifiziertem Ayous-Holz gefertigt. Dank einer speziellen Dampfbehandlung bleibt das Holz formstabil, selbst bei Schwankungen von Temperatur und Luftfeuchtigkeit. Das Material enth\u00e4lt keine Schadstoffe, wodurch es v\u00f6llig nat\u00fcrlich und umweltfreundlich ist. Die Dampfbehandlung sorgt zudem f\u00fcr einen warmen, nat\u00fcrlichen Holzton. Dies verleiht dem Holz-Textilrahmen eine stimmungsvolle Ausstrahlung. Wenn Sie sich also f\u00fcr eine nat\u00fcrliche Ausstrahlung entscheiden: Sehen Sie sich den Holz-Textilrahmen an.<\/p>\n<h3>H\u00e4ufig gestellte Fragen<\/h3>\n<p><strong>Ab welchem Format wird ein Stabilisator mit meinem Produkt geliefert?<\/strong><br \/>\nSie erhalten einen Stabilisator bei einem Textilrahmen \u00fcber 250 cm.<\/p>\n<p><strong>Was erhalten Sie zum Rahmen?<\/strong><br \/>\nDer Textilrahmen wird standardm\u00e4\u00dfig in vier Teilen geliefert, die mit einem Lockset in den Ecken fest fixiert werden.<\/p>\n<p><strong>Wie wird der Textilrahmen verpackt?<\/strong><br \/>\nDer Textilrahmen wird sorgf\u00e4ltig in einem Karton verpackt, wobei nach Bedarf zus\u00e4tzlicher Schutz hinzugef\u00fcgt wird. Auf diese Weise garantieren wir, dass Sie einen unbesch\u00e4digten Textilrahmen erhalten.<\/p>\n<p><strong>Wie kann ich Falten in meinem Tuch korrigieren?<\/strong><br \/>\nWenn Sie das Kedertuch in den Textilrahmen einsetzen, entsteht Spannung auf dem Material. Dadurch ziehen sich die Falten von selbst aus dem Kedertuch.<\/p>\n","protected":false},"excerpt":{"rendered":"<p>Ma\u00dfgefertigter Textilrahmen, ausgestattet mit einem messerscharfen Full-Color-Druck Ihres Designs. Erh\u00e4ltlich als Wand-, Decken- oder freistehender Rahmen in einer Farbe Ihrer Wahl. Der Textilrahmen kann optional auch mit LED-Beleuchtung ausgestattet werden. Konfigurieren Sie unten in wenigen Schritten den Textilrahmen ganz nach Ihren W\u00fcnschen!<\/p>\n","protected":false},"featured_media":14850,"template":"","meta":{"_et_pb_use_builder":"","_et_pb_old_content":"","_et_gb_content_width":""},"product_brand":[],"product_cat":[944,907,947,942,930],"product_tag":[],"class_list":{"0":"post-14849","1":"product","2":"type-product","3":"status-publish","4":"has-post-thumbnail","6":"product_cat-buro","7":"product_cat-innenwerbung","8":"product_cat-innere","9":"product_cat-wanddekoration","10":"product_cat-wandwerbung","12":"first","13":"instock","14":"taxable","15":"shipping-taxable","16":"purchasable","17":"product-type-simple"},"yoast_head":"<!-- This site is optimized with the Yoast SEO plugin v27.3 - https:\/\/yoast.com\/product\/yoast-seo-wordpress\/ -->\n<title>Textilrahmen | Amstel Printing<\/title>\n<meta name=\"robots\" content=\"index, follow, max-snippet:-1, max-image-preview:large, max-video-preview:-1\" \/>\n<link rel=\"canonical\" href=\"https:\/\/www.amstelprinting.nl\/de\/gesch\u00e4ft\/innere\/wanddekoration\/textilrahmen-2\/\" \/>\n<meta property=\"og:locale\" content=\"de_DE\" \/>\n<meta property=\"og:type\" content=\"article\" \/>\n<meta property=\"og:title\" content=\"Textilrahmen | Amstel Printing\" \/>\n<meta property=\"og:description\" content=\"Ma\u00dfgefertigter Textilrahmen, ausgestattet mit einem messerscharfen Full-Color-Druck Ihres Designs. Erh\u00e4ltlich als Wand-, Decken- oder freistehender Rahmen in einer Farbe Ihrer Wahl. Der Textilrahmen kann optional auch mit LED-Beleuchtung ausgestattet werden. Konfigurieren Sie unten in wenigen Schritten den Textilrahmen ganz nach Ihren W\u00fcnschen!\" \/>\n<meta property=\"og:url\" content=\"https:\/\/www.amstelprinting.nl\/de\/gesch\u00e4ft\/innere\/wanddekoration\/textilrahmen-2\/\" \/>\n<meta property=\"og:site_name\" content=\"Amstel Printing\" \/>\n<meta property=\"article:modified_time\" content=\"2026-02-18T11:54:06+00:00\" \/>\n<meta property=\"og:image\" content=\"https:\/\/www.amstelprinting.nl\/wp-content\/uploads\/textielframe-bedrukken.png\" \/>\n\t<meta property=\"og:image:width\" content=\"900\" \/>\n\t<meta property=\"og:image:height\" content=\"900\" \/>\n\t<meta property=\"og:image:type\" content=\"image\/png\" \/>\n<meta name=\"twitter:card\" content=\"summary_large_image\" \/>\n<meta name=\"twitter:label1\" content=\"Gesch\u00e4tzte Lesezeit\" \/>\n\t<meta name=\"twitter:data1\" content=\"4\u00a0Minuten\" \/>\n<script type=\"application\/ld+json\" class=\"yoast-schema-graph\">{\"@context\":\"https:\\\/\\\/schema.org\",\"@graph\":[{\"@type\":\"WebPage\",\"@id\":\"https:\\\/\\\/www.amstelprinting.nl\\\/de\\\/gesch\u00e4ft\\\/innere\\\/wanddekoration\\\/textilrahmen-2\\\/\",\"url\":\"https:\\\/\\\/www.amstelprinting.nl\\\/de\\\/gesch\u00e4ft\\\/innere\\\/wanddekoration\\\/textilrahmen-2\\\/\",\"name\":\"Textilrahmen | Amstel Printing\",\"isPartOf\":{\"@id\":\"https:\\\/\\\/www.amstelprinting.nl\\\/de\\\/#website\"},\"primaryImageOfPage\":{\"@id\":\"https:\\\/\\\/www.amstelprinting.nl\\\/de\\\/gesch\u00e4ft\\\/innere\\\/wanddekoration\\\/textilrahmen-2\\\/#primaryimage\"},\"image\":{\"@id\":\"https:\\\/\\\/www.amstelprinting.nl\\\/de\\\/gesch\u00e4ft\\\/innere\\\/wanddekoration\\\/textilrahmen-2\\\/#primaryimage\"},\"thumbnailUrl\":\"https:\\\/\\\/www.amstelprinting.nl\\\/wp-content\\\/uploads\\\/textielframe-bedrukken.png\",\"datePublished\":\"2025-01-24T10:28:19+00:00\",\"dateModified\":\"2026-02-18T11:54:06+00:00\",\"breadcrumb\":{\"@id\":\"https:\\\/\\\/www.amstelprinting.nl\\\/de\\\/gesch\u00e4ft\\\/innere\\\/wanddekoration\\\/textilrahmen-2\\\/#breadcrumb\"},\"inLanguage\":\"de\",\"potentialAction\":[{\"@type\":\"ReadAction\",\"target\":[\"https:\\\/\\\/www.amstelprinting.nl\\\/de\\\/gesch\u00e4ft\\\/innere\\\/wanddekoration\\\/textilrahmen-2\\\/\"]}]},{\"@type\":\"ImageObject\",\"inLanguage\":\"de\",\"@id\":\"https:\\\/\\\/www.amstelprinting.nl\\\/de\\\/gesch\u00e4ft\\\/innere\\\/wanddekoration\\\/textilrahmen-2\\\/#primaryimage\",\"url\":\"https:\\\/\\\/www.amstelprinting.nl\\\/wp-content\\\/uploads\\\/textielframe-bedrukken.png\",\"contentUrl\":\"https:\\\/\\\/www.amstelprinting.nl\\\/wp-content\\\/uploads\\\/textielframe-bedrukken.png\",\"width\":900,\"height\":900},{\"@type\":\"BreadcrumbList\",\"@id\":\"https:\\\/\\\/www.amstelprinting.nl\\\/de\\\/gesch\u00e4ft\\\/innere\\\/wanddekoration\\\/textilrahmen-2\\\/#breadcrumb\",\"itemListElement\":[{\"@type\":\"ListItem\",\"position\":1,\"name\":\"\",\"item\":\"https:\\\/\\\/www.amstelprinting.nl\\\/de\\\/\"},{\"@type\":\"ListItem\",\"position\":2,\"name\":\"Amstel Printing\",\"item\":\"https:\\\/\\\/www.amstelprinting.nl\\\/de\\\/geschaeft\\\/\"},{\"@type\":\"ListItem\",\"position\":3,\"name\":\"Innenwerbung\",\"item\":\"https:\\\/\\\/www.amstelprinting.nl\\\/de\\\/kategorie\\\/innenwerbung\\\/\"},{\"@type\":\"ListItem\",\"position\":4,\"name\":\"Wandwerbung\",\"item\":\"https:\\\/\\\/www.amstelprinting.nl\\\/de\\\/kategorie\\\/innenwerbung\\\/wandwerbung\\\/\"},{\"@type\":\"ListItem\",\"position\":5,\"name\":\"Textilrahmen\"}]},{\"@type\":\"WebSite\",\"@id\":\"https:\\\/\\\/www.amstelprinting.nl\\\/de\\\/#website\",\"url\":\"https:\\\/\\\/www.amstelprinting.nl\\\/de\\\/\",\"name\":\"Amstel Printing\",\"description\":\"Creating Exposure\",\"publisher\":{\"@id\":\"https:\\\/\\\/www.amstelprinting.nl\\\/de\\\/#organization\"},\"potentialAction\":[{\"@type\":\"SearchAction\",\"target\":{\"@type\":\"EntryPoint\",\"urlTemplate\":\"https:\\\/\\\/www.amstelprinting.nl\\\/de\\\/?s={search_term_string}\"},\"query-input\":{\"@type\":\"PropertyValueSpecification\",\"valueRequired\":true,\"valueName\":\"search_term_string\"}}],\"inLanguage\":\"de\"},{\"@type\":\"Organization\",\"@id\":\"https:\\\/\\\/www.amstelprinting.nl\\\/de\\\/#organization\",\"name\":\"Amstel Printing\",\"url\":\"https:\\\/\\\/www.amstelprinting.nl\\\/de\\\/\",\"logo\":{\"@type\":\"ImageObject\",\"inLanguage\":\"de\",\"@id\":\"https:\\\/\\\/www.amstelprinting.nl\\\/de\\\/#\\\/schema\\\/logo\\\/image\\\/\",\"url\":\"https:\\\/\\\/www.amstelprinting.nl\\\/wp-content\\\/uploads\\\/amstel_printing_logo_clean.png\",\"contentUrl\":\"https:\\\/\\\/www.amstelprinting.nl\\\/wp-content\\\/uploads\\\/amstel_printing_logo_clean.png\",\"width\":324,\"height\":73,\"caption\":\"Amstel Printing\"},\"image\":{\"@id\":\"https:\\\/\\\/www.amstelprinting.nl\\\/de\\\/#\\\/schema\\\/logo\\\/image\\\/\"}}]}<\/script>\n<!-- \/ Yoast SEO plugin. -->","yoast_head_json":{"title":"Textilrahmen | Amstel Printing","robots":{"index":"index","follow":"follow","max-snippet":"max-snippet:-1","max-image-preview":"max-image-preview:large","max-video-preview":"max-video-preview:-1"},"canonical":"https:\/\/www.amstelprinting.nl\/de\/gesch\u00e4ft\/innere\/wanddekoration\/textilrahmen-2\/","og_locale":"de_DE","og_type":"article","og_title":"Textilrahmen | Amstel Printing","og_description":"Ma\u00dfgefertigter Textilrahmen, ausgestattet mit einem messerscharfen Full-Color-Druck Ihres Designs. Erh\u00e4ltlich als Wand-, Decken- oder freistehender Rahmen in einer Farbe Ihrer Wahl. Der Textilrahmen kann optional auch mit LED-Beleuchtung ausgestattet werden. Konfigurieren Sie unten in wenigen Schritten den Textilrahmen ganz nach Ihren W\u00fcnschen!","og_url":"https:\/\/www.amstelprinting.nl\/de\/gesch\u00e4ft\/innere\/wanddekoration\/textilrahmen-2\/","og_site_name":"Amstel Printing","article_modified_time":"2026-02-18T11:54:06+00:00","og_image":[{"width":900,"height":900,"url":"https:\/\/www.amstelprinting.nl\/wp-content\/uploads\/textielframe-bedrukken.png","type":"image\/png"}],"twitter_card":"summary_large_image","twitter_misc":{"Gesch\u00e4tzte Lesezeit":"4\u00a0Minuten"},"schema":{"@context":"https:\/\/schema.org","@graph":[{"@type":"WebPage","@id":"https:\/\/www.amstelprinting.nl\/de\/gesch\u00e4ft\/innere\/wanddekoration\/textilrahmen-2\/","url":"https:\/\/www.amstelprinting.nl\/de\/gesch\u00e4ft\/innere\/wanddekoration\/textilrahmen-2\/","name":"Textilrahmen | Amstel Printing","isPartOf":{"@id":"https:\/\/www.amstelprinting.nl\/de\/#website"},"primaryImageOfPage":{"@id":"https:\/\/www.amstelprinting.nl\/de\/gesch\u00e4ft\/innere\/wanddekoration\/textilrahmen-2\/#primaryimage"},"image":{"@id":"https:\/\/www.amstelprinting.nl\/de\/gesch\u00e4ft\/innere\/wanddekoration\/textilrahmen-2\/#primaryimage"},"thumbnailUrl":"https:\/\/www.amstelprinting.nl\/wp-content\/uploads\/textielframe-bedrukken.png","datePublished":"2025-01-24T10:28:19+00:00","dateModified":"2026-02-18T11:54:06+00:00","breadcrumb":{"@id":"https:\/\/www.amstelprinting.nl\/de\/gesch\u00e4ft\/innere\/wanddekoration\/textilrahmen-2\/#breadcrumb"},"inLanguage":"de","potentialAction":[{"@type":"ReadAction","target":["https:\/\/www.amstelprinting.nl\/de\/gesch\u00e4ft\/innere\/wanddekoration\/textilrahmen-2\/"]}]},{"@type":"ImageObject","inLanguage":"de","@id":"https:\/\/www.amstelprinting.nl\/de\/gesch\u00e4ft\/innere\/wanddekoration\/textilrahmen-2\/#primaryimage","url":"https:\/\/www.amstelprinting.nl\/wp-content\/uploads\/textielframe-bedrukken.png","contentUrl":"https:\/\/www.amstelprinting.nl\/wp-content\/uploads\/textielframe-bedrukken.png","width":900,"height":900},{"@type":"BreadcrumbList","@id":"https:\/\/www.amstelprinting.nl\/de\/gesch\u00e4ft\/innere\/wanddekoration\/textilrahmen-2\/#breadcrumb","itemListElement":[{"@type":"ListItem","position":1,"name":"","item":"https:\/\/www.amstelprinting.nl\/de\/"},{"@type":"ListItem","position":2,"name":"Amstel Printing","item":"https:\/\/www.amstelprinting.nl\/de\/geschaeft\/"},{"@type":"ListItem","position":3,"name":"Innenwerbung","item":"https:\/\/www.amstelprinting.nl\/de\/kategorie\/innenwerbung\/"},{"@type":"ListItem","position":4,"name":"Wandwerbung","item":"https:\/\/www.amstelprinting.nl\/de\/kategorie\/innenwerbung\/wandwerbung\/"},{"@type":"ListItem","position":5,"name":"Textilrahmen"}]},{"@type":"WebSite","@id":"https:\/\/www.amstelprinting.nl\/de\/#website","url":"https:\/\/www.amstelprinting.nl\/de\/","name":"Amstel Printing","description":"Creating Exposure","publisher":{"@id":"https:\/\/www.amstelprinting.nl\/de\/#organization"},"potentialAction":[{"@type":"SearchAction","target":{"@type":"EntryPoint","urlTemplate":"https:\/\/www.amstelprinting.nl\/de\/?s={search_term_string}"},"query-input":{"@type":"PropertyValueSpecification","valueRequired":true,"valueName":"search_term_string"}}],"inLanguage":"de"},{"@type":"Organization","@id":"https:\/\/www.amstelprinting.nl\/de\/#organization","name":"Amstel Printing","url":"https:\/\/www.amstelprinting.nl\/de\/","logo":{"@type":"ImageObject","inLanguage":"de","@id":"https:\/\/www.amstelprinting.nl\/de\/#\/schema\/logo\/image\/","url":"https:\/\/www.amstelprinting.nl\/wp-content\/uploads\/amstel_printing_logo_clean.png","contentUrl":"https:\/\/www.amstelprinting.nl\/wp-content\/uploads\/amstel_printing_logo_clean.png","width":324,"height":73,"caption":"Amstel Printing"},"image":{"@id":"https:\/\/www.amstelprinting.nl\/de\/#\/schema\/logo\/image\/"}}]}},"_links":{"self":[{"href":"https:\/\/www.amstelprinting.nl\/de\/wp-json\/wp\/v2\/product\/14849","targetHints":{"allow":["GET"]}}],"collection":[{"href":"https:\/\/www.amstelprinting.nl\/de\/wp-json\/wp\/v2\/product"}],"about":[{"href":"https:\/\/www.amstelprinting.nl\/de\/wp-json\/wp\/v2\/types\/product"}],"wp:featuredmedia":[{"embeddable":true,"href":"https:\/\/www.amstelprinting.nl\/de\/wp-json\/wp\/v2\/media\/14850"}],"wp:attachment":[{"href":"https:\/\/www.amstelprinting.nl\/de\/wp-json\/wp\/v2\/media?parent=14849"}],"wp:term":[{"taxonomy":"product_brand","embeddable":true,"href":"https:\/\/www.amstelprinting.nl\/de\/wp-json\/wp\/v2\/product_brand?post=14849"},{"taxonomy":"product_cat","embeddable":true,"href":"https:\/\/www.amstelprinting.nl\/de\/wp-json\/wp\/v2\/product_cat?post=14849"},{"taxonomy":"product_tag","embeddable":true,"href":"https:\/\/www.amstelprinting.nl\/de\/wp-json\/wp\/v2\/product_tag?post=14849"}],"curies":[{"name":"wp","href":"https:\/\/api.w.org\/{rel}","templated":true}]}}