{"id":14859,"date":"2025-01-24T11:28:13","date_gmt":"2025-01-24T10:28:13","guid":{"rendered":"https:\/\/www.amstelprinting.nl\/winkel\/unkategorisiert\/textielposter\/"},"modified":"2026-02-18T12:54:07","modified_gmt":"2026-02-18T11:54:07","slug":"textilposter","status":"publish","type":"product","link":"https:\/\/www.amstelprinting.nl\/de\/gesch\u00e4ft\/innere\/wanddekoration\/textilposter\/","title":{"rendered":"Textilposter"},"content":{"rendered":"<h3>Textilposter bestellen<\/h3>\n<p>Das Textilposter ist ein echter Blickfang f\u00fcr jeden Innenraum. Mit der vollen Kontrolle \u00fcber das Design und die Abmessungen k\u00f6nnen Sie das Textilposter ganz nach Ihren W\u00fcnschen gestalten. W\u00e4hlen Sie selbst die H\u00f6he und w\u00e4hlen Sie aus sechs verschiedenen Breiten f\u00fcr eine perfekte Passform.<\/p>\n<h3>Vorteile<\/h3>\n<ul>\n<li>Laden Sie Ihren eigenen Entwurf hoch oder w\u00e4hlen Sie aus einem unserer 20.000 Standarddesigns<\/li>\n<li>Auswahl aus verschiedenen Gr\u00f6\u00dfen und Materialien<\/li>\n<li>Komplett geliefert (inklusive Buchenholzst\u00e4ben)<\/li>\n<li>Material Textilposter<\/li>\n<\/ul>\n<p>&nbsp;<br \/>\nUnsere Textilposter sind in zwei Materialien erh\u00e4ltlich: Kendal und Structex. Kendal ist ein geschmeidiger Polyesterstoff mit K\u00f6perbindung, der f\u00fcr eine glatte und elegante Oberfl\u00e4che mit einer subtilen Textur sorgt. Das Material Structex ist ein strukturierter Stoff aus hochwertiger Polyester-Qualit\u00e4t, der eine Baumwolloptik mit robustem und langlebigem Charakter bietet. Dieses Material ist mit einem B1-Brandschutzzertifikat versehen.<\/p>\n<h3>Veredelung Textilposter<\/h3>\n<p>F\u00fcr die Veredelung Ihres Textilposters haben Sie die Wahl zwischen wei\u00dfem oder schwarzem Garn. Zudem k\u00f6nnen Sie das Textilposter dank der mitgelieferten Buchenholzst\u00e4be (oben und unten) sofort aufh\u00e4ngen.<\/p>\n<h3>Tipp: Gestaltung Ihres eigenen Entwurfs<\/h3>\n<p>Hinweis: Achten Sie darauf, dass Texte und Logos mindestens 2 cm vom Hohlsaum entfernt sind.<\/p>\n<p>Verleihen Sie Ihrem Interieur eine einzigartige und stilvolle Note mit unseren ma\u00dfgefertigten Textilpostern. Bestellen Sie noch heute und entdecken Sie, wie einfach es ist, den Raum zu verwandeln.<\/p>\n<h3>H\u00e4ufig gestellte Fragen<\/h3>\n<p><strong>Ist es m\u00f6glich, mehrere Dateien mit unterschiedlichen Bildern hochzuladen?<\/strong><br \/>\nDas ist durchaus m\u00f6glich. Folgen Sie dazu den Schritten im Bestellprozess.<\/p>\n","protected":false},"excerpt":{"rendered":"<p>Laden Sie Ihren eigenen Entwurf hoch oder w\u00e4hlen Sie aus einem unserer 20.000 Standarddesigns. Das h\u00f6lzerne Textilposter wird inklusive Buchenholzst\u00e4ben geliefert. W\u00e4hlen Sie aus sechs verschiedenen Breiten in einer H\u00f6he nach Wunsch!<\/p>\n","protected":false},"featured_media":14860,"template":"","meta":{"_et_pb_use_builder":"","_et_pb_old_content":"","_et_gb_content_width":""},"product_brand":[],"product_cat":[907,947,942,930],"product_tag":[],"class_list":{"0":"post-14859","1":"product","2":"type-product","3":"status-publish","4":"has-post-thumbnail","6":"product_cat-innenwerbung","7":"product_cat-innere","8":"product_cat-wanddekoration","9":"product_cat-wandwerbung","11":"first","12":"instock","13":"taxable","14":"shipping-taxable","15":"purchasable","16":"product-type-simple"},"yoast_head":"<!-- This site is optimized with the Yoast SEO plugin v27.3 - https:\/\/yoast.com\/product\/yoast-seo-wordpress\/ -->\n<title>Textilposter nach Ma\u00df mit Aufh\u00e4ngest\u00e4ben aus Buchenholz<\/title>\n<meta name=\"description\" content=\"Bestellen Sie jetzt Ihr nachhaltiges Textilposter! Inklusive Buchenholzst\u00e4ben f\u00fcr eine einfache Aufh\u00e4ngung. Lieferung in ganz Europa m\u00f6glich\" \/>\n<meta name=\"robots\" content=\"index, follow, max-snippet:-1, max-image-preview:large, max-video-preview:-1\" \/>\n<link rel=\"canonical\" href=\"https:\/\/www.amstelprinting.nl\/de\/gesch\u00e4ft\/innere\/wanddekoration\/textilposter\/\" \/>\n<meta property=\"og:locale\" content=\"de_DE\" \/>\n<meta property=\"og:type\" content=\"article\" \/>\n<meta property=\"og:title\" content=\"Textilposter nach Ma\u00df mit Aufh\u00e4ngest\u00e4ben aus Buchenholz\" \/>\n<meta property=\"og:description\" content=\"Bestellen Sie jetzt Ihr nachhaltiges Textilposter! Inklusive Buchenholzst\u00e4ben f\u00fcr eine einfache Aufh\u00e4ngung. Lieferung in ganz Europa m\u00f6glich\" \/>\n<meta property=\"og:url\" content=\"https:\/\/www.amstelprinting.nl\/de\/gesch\u00e4ft\/innere\/wanddekoration\/textilposter\/\" \/>\n<meta property=\"og:site_name\" content=\"Amstel Printing\" \/>\n<meta property=\"article:modified_time\" content=\"2026-02-18T11:54:07+00:00\" \/>\n<meta property=\"og:image\" content=\"https:\/\/www.amstelprinting.nl\/wp-content\/uploads\/textielposter-bedrukken.png\" \/>\n\t<meta property=\"og:image:width\" content=\"900\" \/>\n\t<meta property=\"og:image:height\" content=\"904\" \/>\n\t<meta property=\"og:image:type\" content=\"image\/png\" \/>\n<meta name=\"twitter:card\" content=\"summary_large_image\" \/>\n<meta name=\"twitter:label1\" content=\"Gesch\u00e4tzte Lesezeit\" \/>\n\t<meta name=\"twitter:data1\" content=\"1\u00a0Minute\" \/>\n<script type=\"application\/ld+json\" class=\"yoast-schema-graph\">{\"@context\":\"https:\\\/\\\/schema.org\",\"@graph\":[{\"@type\":\"WebPage\",\"@id\":\"https:\\\/\\\/www.amstelprinting.nl\\\/de\\\/gesch\u00e4ft\\\/innere\\\/wanddekoration\\\/textilposter\\\/\",\"url\":\"https:\\\/\\\/www.amstelprinting.nl\\\/de\\\/gesch\u00e4ft\\\/innere\\\/wanddekoration\\\/textilposter\\\/\",\"name\":\"Textilposter nach Ma\u00df mit Aufh\u00e4ngest\u00e4ben aus Buchenholz\",\"isPartOf\":{\"@id\":\"https:\\\/\\\/www.amstelprinting.nl\\\/de\\\/#website\"},\"primaryImageOfPage\":{\"@id\":\"https:\\\/\\\/www.amstelprinting.nl\\\/de\\\/gesch\u00e4ft\\\/innere\\\/wanddekoration\\\/textilposter\\\/#primaryimage\"},\"image\":{\"@id\":\"https:\\\/\\\/www.amstelprinting.nl\\\/de\\\/gesch\u00e4ft\\\/innere\\\/wanddekoration\\\/textilposter\\\/#primaryimage\"},\"thumbnailUrl\":\"https:\\\/\\\/www.amstelprinting.nl\\\/wp-content\\\/uploads\\\/textielposter-bedrukken.png\",\"datePublished\":\"2025-01-24T10:28:13+00:00\",\"dateModified\":\"2026-02-18T11:54:07+00:00\",\"description\":\"Bestellen Sie jetzt Ihr nachhaltiges Textilposter! Inklusive Buchenholzst\u00e4ben f\u00fcr eine einfache Aufh\u00e4ngung. Lieferung in ganz Europa m\u00f6glich\",\"breadcrumb\":{\"@id\":\"https:\\\/\\\/www.amstelprinting.nl\\\/de\\\/gesch\u00e4ft\\\/innere\\\/wanddekoration\\\/textilposter\\\/#breadcrumb\"},\"inLanguage\":\"de\",\"potentialAction\":[{\"@type\":\"ReadAction\",\"target\":[\"https:\\\/\\\/www.amstelprinting.nl\\\/de\\\/gesch\u00e4ft\\\/innere\\\/wanddekoration\\\/textilposter\\\/\"]}]},{\"@type\":\"ImageObject\",\"inLanguage\":\"de\",\"@id\":\"https:\\\/\\\/www.amstelprinting.nl\\\/de\\\/gesch\u00e4ft\\\/innere\\\/wanddekoration\\\/textilposter\\\/#primaryimage\",\"url\":\"https:\\\/\\\/www.amstelprinting.nl\\\/wp-content\\\/uploads\\\/textielposter-bedrukken.png\",\"contentUrl\":\"https:\\\/\\\/www.amstelprinting.nl\\\/wp-content\\\/uploads\\\/textielposter-bedrukken.png\",\"width\":900,\"height\":904},{\"@type\":\"BreadcrumbList\",\"@id\":\"https:\\\/\\\/www.amstelprinting.nl\\\/de\\\/gesch\u00e4ft\\\/innere\\\/wanddekoration\\\/textilposter\\\/#breadcrumb\",\"itemListElement\":[{\"@type\":\"ListItem\",\"position\":1,\"name\":\"\",\"item\":\"https:\\\/\\\/www.amstelprinting.nl\\\/de\\\/\"},{\"@type\":\"ListItem\",\"position\":2,\"name\":\"Amstel Printing\",\"item\":\"https:\\\/\\\/www.amstelprinting.nl\\\/de\\\/geschaeft\\\/\"},{\"@type\":\"ListItem\",\"position\":3,\"name\":\"Innenwerbung\",\"item\":\"https:\\\/\\\/www.amstelprinting.nl\\\/de\\\/kategorie\\\/innenwerbung\\\/\"},{\"@type\":\"ListItem\",\"position\":4,\"name\":\"Wandwerbung\",\"item\":\"https:\\\/\\\/www.amstelprinting.nl\\\/de\\\/kategorie\\\/innenwerbung\\\/wandwerbung\\\/\"},{\"@type\":\"ListItem\",\"position\":5,\"name\":\"Textilposter\"}]},{\"@type\":\"WebSite\",\"@id\":\"https:\\\/\\\/www.amstelprinting.nl\\\/de\\\/#website\",\"url\":\"https:\\\/\\\/www.amstelprinting.nl\\\/de\\\/\",\"name\":\"Amstel Printing\",\"description\":\"Creating Exposure\",\"publisher\":{\"@id\":\"https:\\\/\\\/www.amstelprinting.nl\\\/de\\\/#organization\"},\"potentialAction\":[{\"@type\":\"SearchAction\",\"target\":{\"@type\":\"EntryPoint\",\"urlTemplate\":\"https:\\\/\\\/www.amstelprinting.nl\\\/de\\\/?s={search_term_string}\"},\"query-input\":{\"@type\":\"PropertyValueSpecification\",\"valueRequired\":true,\"valueName\":\"search_term_string\"}}],\"inLanguage\":\"de\"},{\"@type\":\"Organization\",\"@id\":\"https:\\\/\\\/www.amstelprinting.nl\\\/de\\\/#organization\",\"name\":\"Amstel Printing\",\"url\":\"https:\\\/\\\/www.amstelprinting.nl\\\/de\\\/\",\"logo\":{\"@type\":\"ImageObject\",\"inLanguage\":\"de\",\"@id\":\"https:\\\/\\\/www.amstelprinting.nl\\\/de\\\/#\\\/schema\\\/logo\\\/image\\\/\",\"url\":\"https:\\\/\\\/www.amstelprinting.nl\\\/wp-content\\\/uploads\\\/amstel_printing_logo_clean.png\",\"contentUrl\":\"https:\\\/\\\/www.amstelprinting.nl\\\/wp-content\\\/uploads\\\/amstel_printing_logo_clean.png\",\"width\":324,\"height\":73,\"caption\":\"Amstel Printing\"},\"image\":{\"@id\":\"https:\\\/\\\/www.amstelprinting.nl\\\/de\\\/#\\\/schema\\\/logo\\\/image\\\/\"}}]}<\/script>\n<!-- \/ Yoast SEO plugin. -->","yoast_head_json":{"title":"Textilposter nach Ma\u00df mit Aufh\u00e4ngest\u00e4ben aus Buchenholz","description":"Bestellen Sie jetzt Ihr nachhaltiges Textilposter! Inklusive Buchenholzst\u00e4ben f\u00fcr eine einfache Aufh\u00e4ngung. Lieferung in ganz Europa m\u00f6glich","robots":{"index":"index","follow":"follow","max-snippet":"max-snippet:-1","max-image-preview":"max-image-preview:large","max-video-preview":"max-video-preview:-1"},"canonical":"https:\/\/www.amstelprinting.nl\/de\/gesch\u00e4ft\/innere\/wanddekoration\/textilposter\/","og_locale":"de_DE","og_type":"article","og_title":"Textilposter nach Ma\u00df mit Aufh\u00e4ngest\u00e4ben aus Buchenholz","og_description":"Bestellen Sie jetzt Ihr nachhaltiges Textilposter! Inklusive Buchenholzst\u00e4ben f\u00fcr eine einfache Aufh\u00e4ngung. Lieferung in ganz Europa m\u00f6glich","og_url":"https:\/\/www.amstelprinting.nl\/de\/gesch\u00e4ft\/innere\/wanddekoration\/textilposter\/","og_site_name":"Amstel Printing","article_modified_time":"2026-02-18T11:54:07+00:00","og_image":[{"width":900,"height":904,"url":"https:\/\/www.amstelprinting.nl\/wp-content\/uploads\/textielposter-bedrukken.png","type":"image\/png"}],"twitter_card":"summary_large_image","twitter_misc":{"Gesch\u00e4tzte Lesezeit":"1\u00a0Minute"},"schema":{"@context":"https:\/\/schema.org","@graph":[{"@type":"WebPage","@id":"https:\/\/www.amstelprinting.nl\/de\/gesch\u00e4ft\/innere\/wanddekoration\/textilposter\/","url":"https:\/\/www.amstelprinting.nl\/de\/gesch\u00e4ft\/innere\/wanddekoration\/textilposter\/","name":"Textilposter nach Ma\u00df mit Aufh\u00e4ngest\u00e4ben aus Buchenholz","isPartOf":{"@id":"https:\/\/www.amstelprinting.nl\/de\/#website"},"primaryImageOfPage":{"@id":"https:\/\/www.amstelprinting.nl\/de\/gesch\u00e4ft\/innere\/wanddekoration\/textilposter\/#primaryimage"},"image":{"@id":"https:\/\/www.amstelprinting.nl\/de\/gesch\u00e4ft\/innere\/wanddekoration\/textilposter\/#primaryimage"},"thumbnailUrl":"https:\/\/www.amstelprinting.nl\/wp-content\/uploads\/textielposter-bedrukken.png","datePublished":"2025-01-24T10:28:13+00:00","dateModified":"2026-02-18T11:54:07+00:00","description":"Bestellen Sie jetzt Ihr nachhaltiges Textilposter! Inklusive Buchenholzst\u00e4ben f\u00fcr eine einfache Aufh\u00e4ngung. Lieferung in ganz Europa m\u00f6glich","breadcrumb":{"@id":"https:\/\/www.amstelprinting.nl\/de\/gesch\u00e4ft\/innere\/wanddekoration\/textilposter\/#breadcrumb"},"inLanguage":"de","potentialAction":[{"@type":"ReadAction","target":["https:\/\/www.amstelprinting.nl\/de\/gesch\u00e4ft\/innere\/wanddekoration\/textilposter\/"]}]},{"@type":"ImageObject","inLanguage":"de","@id":"https:\/\/www.amstelprinting.nl\/de\/gesch\u00e4ft\/innere\/wanddekoration\/textilposter\/#primaryimage","url":"https:\/\/www.amstelprinting.nl\/wp-content\/uploads\/textielposter-bedrukken.png","contentUrl":"https:\/\/www.amstelprinting.nl\/wp-content\/uploads\/textielposter-bedrukken.png","width":900,"height":904},{"@type":"BreadcrumbList","@id":"https:\/\/www.amstelprinting.nl\/de\/gesch\u00e4ft\/innere\/wanddekoration\/textilposter\/#breadcrumb","itemListElement":[{"@type":"ListItem","position":1,"name":"","item":"https:\/\/www.amstelprinting.nl\/de\/"},{"@type":"ListItem","position":2,"name":"Amstel Printing","item":"https:\/\/www.amstelprinting.nl\/de\/geschaeft\/"},{"@type":"ListItem","position":3,"name":"Innenwerbung","item":"https:\/\/www.amstelprinting.nl\/de\/kategorie\/innenwerbung\/"},{"@type":"ListItem","position":4,"name":"Wandwerbung","item":"https:\/\/www.amstelprinting.nl\/de\/kategorie\/innenwerbung\/wandwerbung\/"},{"@type":"ListItem","position":5,"name":"Textilposter"}]},{"@type":"WebSite","@id":"https:\/\/www.amstelprinting.nl\/de\/#website","url":"https:\/\/www.amstelprinting.nl\/de\/","name":"Amstel Printing","description":"Creating Exposure","publisher":{"@id":"https:\/\/www.amstelprinting.nl\/de\/#organization"},"potentialAction":[{"@type":"SearchAction","target":{"@type":"EntryPoint","urlTemplate":"https:\/\/www.amstelprinting.nl\/de\/?s={search_term_string}"},"query-input":{"@type":"PropertyValueSpecification","valueRequired":true,"valueName":"search_term_string"}}],"inLanguage":"de"},{"@type":"Organization","@id":"https:\/\/www.amstelprinting.nl\/de\/#organization","name":"Amstel Printing","url":"https:\/\/www.amstelprinting.nl\/de\/","logo":{"@type":"ImageObject","inLanguage":"de","@id":"https:\/\/www.amstelprinting.nl\/de\/#\/schema\/logo\/image\/","url":"https:\/\/www.amstelprinting.nl\/wp-content\/uploads\/amstel_printing_logo_clean.png","contentUrl":"https:\/\/www.amstelprinting.nl\/wp-content\/uploads\/amstel_printing_logo_clean.png","width":324,"height":73,"caption":"Amstel Printing"},"image":{"@id":"https:\/\/www.amstelprinting.nl\/de\/#\/schema\/logo\/image\/"}}]}},"_links":{"self":[{"href":"https:\/\/www.amstelprinting.nl\/de\/wp-json\/wp\/v2\/product\/14859","targetHints":{"allow":["GET"]}}],"collection":[{"href":"https:\/\/www.amstelprinting.nl\/de\/wp-json\/wp\/v2\/product"}],"about":[{"href":"https:\/\/www.amstelprinting.nl\/de\/wp-json\/wp\/v2\/types\/product"}],"wp:featuredmedia":[{"embeddable":true,"href":"https:\/\/www.amstelprinting.nl\/de\/wp-json\/wp\/v2\/media\/14860"}],"wp:attachment":[{"href":"https:\/\/www.amstelprinting.nl\/de\/wp-json\/wp\/v2\/media?parent=14859"}],"wp:term":[{"taxonomy":"product_brand","embeddable":true,"href":"https:\/\/www.amstelprinting.nl\/de\/wp-json\/wp\/v2\/product_brand?post=14859"},{"taxonomy":"product_cat","embeddable":true,"href":"https:\/\/www.amstelprinting.nl\/de\/wp-json\/wp\/v2\/product_cat?post=14859"},{"taxonomy":"product_tag","embeddable":true,"href":"https:\/\/www.amstelprinting.nl\/de\/wp-json\/wp\/v2\/product_tag?post=14859"}],"curies":[{"name":"wp","href":"https:\/\/api.w.org\/{rel}","templated":true}]}}