{"id":14869,"date":"2025-01-24T11:28:06","date_gmt":"2025-01-24T10:28:06","guid":{"rendered":"https:\/\/www.amstelprinting.nl\/winkel\/unkategorisiert\/wandkleed\/"},"modified":"2026-02-18T12:54:08","modified_gmt":"2026-02-18T11:54:08","slug":"wandbehang","status":"publish","type":"product","link":"https:\/\/www.amstelprinting.nl\/de\/gesch\u00e4ft\/innere\/wanddekoration\/wandbehang\/","title":{"rendered":"Wandbehang"},"content":{"rendered":"<h3>Wandbehang bedrucken<\/h3>\n<p>Transformieren Sie Ihr Interieur oder Ihre Gesch\u00e4ftsr\u00e4ume mit unserem vielseitigen Wandbehang! W\u00e4hlen Sie ein Komplettset mit Stange oder nur das Tuch. Sie k\u00f6nnen dem bedruckten Wandbehang ein einzigartiges Aussehen verleihen, indem Sie Ihr eigenes Design hinzuf\u00fcgen oder aus einem bestehenden Muster w\u00e4hlen (Auswahl aus \u00fcber 20.000 Designs). Machen Sie Ihre W\u00e4nde zu einem pers\u00f6nlichen Spiegelbild Ihres Stils und lassen Sie Ihr Interieur strahlen!<\/p>\n<h3>Formate Wandbehang<\/h3>\n<p>Der Wandbehang wird mit einer stabilen Stange aus schwarzem Stahl geliefert. Diese Stange sorgt daf\u00fcr, dass Ihr Behang sch\u00f6n h\u00e4ngt und einfach zu installieren ist. Der Wandbehang ist in verschiedenen Standardbreiten erh\u00e4ltlich: 60, 90, 120, 150, 180 und 210 cm. Die L\u00e4nge bestimmen Sie jedoch selbst.<\/p>\n<h3>Materialien Wandbehang<\/h3>\n<p>Der Wandbehang kann aus verschiedenen Materialien hergestellt werden, von denen jedes seine eigenen einzigartigen Eigenschaften hat. Im Folgenden erl\u00e4utern wir diese Eigenschaften kurz, damit Sie schnell den passenden Wandbehang zusammenstellen k\u00f6nnen.<\/p>\n<ul>\n<li><strong>Velours<\/strong>: Dieser luxuri\u00f6se Polyester mit kurzem Flor verleiht Ihrem bedruckten Wandbehang eine samtweiche Ausstrahlung. Velours ist perfekt f\u00fcr einen eleganten und raffinierten Look, ideal f\u00fcr schicke Veranstaltungen oder ein stilvolles Wohnzimmer.<\/li>\n<li><strong>Mezo<\/strong>: Diese schwere Qualit\u00e4tsbaumwolle mit einer robusten Webstruktur verleiht einen authentischen Touch und ist somit perfekt f\u00fcr industrielle oder rustikale Interieurs.<br \/>\nKendal: Mit Kendal entscheiden Sie sich f\u00fcr Langlebigkeit. Dieser Stoff h\u00e4lt dem t\u00e4glichen Gebrauch stand und beh\u00e4lt seine Farbe und Form. Perfekt f\u00fcr Wohn- und Arbeitsumgebungen. Ein Kendal-Wandbehang hat eine robuste Optik und Haptik.<\/li>\n<\/ul>\n<p>&nbsp;<\/p>\n<h3>Verarbeitung<\/h3>\n<p>F\u00fcr die Verarbeitung Ihres Wandbehangs haben Sie die Wahl zwischen zwei Optionen.<\/p>\n<ul>\n<li><strong>Option 1<\/strong>: Oben ein Tunnel von 6 cm, mit ges\u00e4umten Seiten und Unterseite f\u00fcr einen sauberen Abschluss.<\/li>\n<li><strong>Option 2<\/strong>: Oben und unten ein Tunnel von 6 cm, mit ges\u00e4umten Seiten f\u00fcr eine elegante Ausstrahlung.<\/li>\n<\/ul>\n<p>&nbsp;<br \/>\nDar\u00fcber hinaus k\u00f6nnen Sie auch die Farbe des Garns w\u00e4hlen. W\u00e4hlen Sie zwischen wei\u00dfem oder schwarzem Garn f\u00fcr einen letzten Schliff, der zu Ihrem Design passt.<\/p>\n<h3>Alternativen zum Wandbehang<\/h3>\n<p>Wenn Sie ein kompakteres Format bevorzugen, w\u00e4hlen Sie ein Textilposter (bereits ab 30 cm Breite bestellbar). Zudem ist WalltexPro eine sch\u00f6ne Alternative, wenn Sie gro\u00dfe Teile der Wand mit Ihrem eigenen Druck verkleiden m\u00f6chten. F\u00fcr gerahmte Varianten empfehlen wir den Textilrahmen, der sowohl mit als auch ohne Beleuchtung zusammengestellt werden kann.<\/p>\n","protected":false},"excerpt":{"rendered":"<h3>Den Wandbehang mit einem wundersch\u00f6nen Druck versehen<\/h3>\n<p>Laden Sie Ihr Design oder Foto hoch oder w\u00e4hlen Sie aus \u00fcber 20.000 verschiedenen Mustern in unserem Design-Modul. Das Aufh\u00e4ngen des bedruckten Wandbehangs ist mit einer Stange oder einem Wandhaken einfach. Bestellen Sie unten in wenigen Schritten Ihren bedruckten Wandbehang in einem Format Ihrer Wahl.<\/p>\n","protected":false},"featured_media":14870,"template":"","meta":{"_et_pb_use_builder":"","_et_pb_old_content":"","_et_gb_content_width":""},"product_brand":[],"product_cat":[907,947,942,930],"product_tag":[],"class_list":{"0":"post-14869","1":"product","2":"type-product","3":"status-publish","4":"has-post-thumbnail","6":"product_cat-innenwerbung","7":"product_cat-innere","8":"product_cat-wanddekoration","9":"product_cat-wandwerbung","11":"first","12":"instock","13":"taxable","14":"shipping-taxable","15":"purchasable","16":"product-type-simple"},"yoast_head":"<!-- This site is optimized with the Yoast SEO plugin v27.3 - https:\/\/yoast.com\/product\/yoast-seo-wordpress\/ -->\n<title>Gestalten Sie Ihren einzigartigen Wandbehang - Erstklassige Verarbeitung<\/title>\n<meta name=\"description\" content=\"Wandbehang mit eigenem Design oder aus 20.000+ Mustern. W\u00e4hlen Sie Material, Format und die perfekte Verarbeitung. Schnell, einfach und \u00e4sthetisch ansprechend.\" \/>\n<meta name=\"robots\" content=\"index, follow, max-snippet:-1, max-image-preview:large, max-video-preview:-1\" \/>\n<link rel=\"canonical\" href=\"https:\/\/www.amstelprinting.nl\/de\/gesch\u00e4ft\/innere\/wanddekoration\/wandbehang\/\" \/>\n<meta property=\"og:locale\" content=\"de_DE\" \/>\n<meta property=\"og:type\" content=\"article\" \/>\n<meta property=\"og:title\" content=\"Gestalten Sie Ihren einzigartigen Wandbehang - Erstklassige Verarbeitung\" \/>\n<meta property=\"og:description\" content=\"Wandbehang mit eigenem Design oder aus 20.000+ Mustern. W\u00e4hlen Sie Material, Format und die perfekte Verarbeitung. Schnell, einfach und \u00e4sthetisch ansprechend.\" \/>\n<meta property=\"og:url\" content=\"https:\/\/www.amstelprinting.nl\/de\/gesch\u00e4ft\/innere\/wanddekoration\/wandbehang\/\" \/>\n<meta property=\"og:site_name\" content=\"Amstel Printing\" \/>\n<meta property=\"article:modified_time\" content=\"2026-02-18T11:54:08+00:00\" \/>\n<meta property=\"og:image\" content=\"https:\/\/www.amstelprinting.nl\/wp-content\/uploads\/wandkleed-bedrukken.png\" \/>\n\t<meta property=\"og:image:width\" content=\"900\" \/>\n\t<meta property=\"og:image:height\" content=\"900\" \/>\n\t<meta property=\"og:image:type\" content=\"image\/png\" \/>\n<meta name=\"twitter:card\" content=\"summary_large_image\" \/>\n<meta name=\"twitter:label1\" content=\"Gesch\u00e4tzte Lesezeit\" \/>\n\t<meta name=\"twitter:data1\" content=\"2\u00a0Minuten\" \/>\n<script type=\"application\/ld+json\" class=\"yoast-schema-graph\">{\"@context\":\"https:\\\/\\\/schema.org\",\"@graph\":[{\"@type\":\"WebPage\",\"@id\":\"https:\\\/\\\/www.amstelprinting.nl\\\/de\\\/gesch\u00e4ft\\\/innere\\\/wanddekoration\\\/wandbehang\\\/\",\"url\":\"https:\\\/\\\/www.amstelprinting.nl\\\/de\\\/gesch\u00e4ft\\\/innere\\\/wanddekoration\\\/wandbehang\\\/\",\"name\":\"Gestalten Sie Ihren einzigartigen Wandbehang - Erstklassige Verarbeitung\",\"isPartOf\":{\"@id\":\"https:\\\/\\\/www.amstelprinting.nl\\\/de\\\/#website\"},\"primaryImageOfPage\":{\"@id\":\"https:\\\/\\\/www.amstelprinting.nl\\\/de\\\/gesch\u00e4ft\\\/innere\\\/wanddekoration\\\/wandbehang\\\/#primaryimage\"},\"image\":{\"@id\":\"https:\\\/\\\/www.amstelprinting.nl\\\/de\\\/gesch\u00e4ft\\\/innere\\\/wanddekoration\\\/wandbehang\\\/#primaryimage\"},\"thumbnailUrl\":\"https:\\\/\\\/www.amstelprinting.nl\\\/wp-content\\\/uploads\\\/wandkleed-bedrukken.png\",\"datePublished\":\"2025-01-24T10:28:06+00:00\",\"dateModified\":\"2026-02-18T11:54:08+00:00\",\"description\":\"Wandbehang mit eigenem Design oder aus 20.000+ Mustern. W\u00e4hlen Sie Material, Format und die perfekte Verarbeitung. Schnell, einfach und \u00e4sthetisch ansprechend.\",\"breadcrumb\":{\"@id\":\"https:\\\/\\\/www.amstelprinting.nl\\\/de\\\/gesch\u00e4ft\\\/innere\\\/wanddekoration\\\/wandbehang\\\/#breadcrumb\"},\"inLanguage\":\"de\",\"potentialAction\":[{\"@type\":\"ReadAction\",\"target\":[\"https:\\\/\\\/www.amstelprinting.nl\\\/de\\\/gesch\u00e4ft\\\/innere\\\/wanddekoration\\\/wandbehang\\\/\"]}]},{\"@type\":\"ImageObject\",\"inLanguage\":\"de\",\"@id\":\"https:\\\/\\\/www.amstelprinting.nl\\\/de\\\/gesch\u00e4ft\\\/innere\\\/wanddekoration\\\/wandbehang\\\/#primaryimage\",\"url\":\"https:\\\/\\\/www.amstelprinting.nl\\\/wp-content\\\/uploads\\\/wandkleed-bedrukken.png\",\"contentUrl\":\"https:\\\/\\\/www.amstelprinting.nl\\\/wp-content\\\/uploads\\\/wandkleed-bedrukken.png\",\"width\":900,\"height\":900},{\"@type\":\"BreadcrumbList\",\"@id\":\"https:\\\/\\\/www.amstelprinting.nl\\\/de\\\/gesch\u00e4ft\\\/innere\\\/wanddekoration\\\/wandbehang\\\/#breadcrumb\",\"itemListElement\":[{\"@type\":\"ListItem\",\"position\":1,\"name\":\"\",\"item\":\"https:\\\/\\\/www.amstelprinting.nl\\\/de\\\/\"},{\"@type\":\"ListItem\",\"position\":2,\"name\":\"Amstel Printing\",\"item\":\"https:\\\/\\\/www.amstelprinting.nl\\\/de\\\/geschaeft\\\/\"},{\"@type\":\"ListItem\",\"position\":3,\"name\":\"Innenwerbung\",\"item\":\"https:\\\/\\\/www.amstelprinting.nl\\\/de\\\/kategorie\\\/innenwerbung\\\/\"},{\"@type\":\"ListItem\",\"position\":4,\"name\":\"Wandwerbung\",\"item\":\"https:\\\/\\\/www.amstelprinting.nl\\\/de\\\/kategorie\\\/innenwerbung\\\/wandwerbung\\\/\"},{\"@type\":\"ListItem\",\"position\":5,\"name\":\"Wandbehang\"}]},{\"@type\":\"WebSite\",\"@id\":\"https:\\\/\\\/www.amstelprinting.nl\\\/de\\\/#website\",\"url\":\"https:\\\/\\\/www.amstelprinting.nl\\\/de\\\/\",\"name\":\"Amstel Printing\",\"description\":\"Creating Exposure\",\"publisher\":{\"@id\":\"https:\\\/\\\/www.amstelprinting.nl\\\/de\\\/#organization\"},\"potentialAction\":[{\"@type\":\"SearchAction\",\"target\":{\"@type\":\"EntryPoint\",\"urlTemplate\":\"https:\\\/\\\/www.amstelprinting.nl\\\/de\\\/?s={search_term_string}\"},\"query-input\":{\"@type\":\"PropertyValueSpecification\",\"valueRequired\":true,\"valueName\":\"search_term_string\"}}],\"inLanguage\":\"de\"},{\"@type\":\"Organization\",\"@id\":\"https:\\\/\\\/www.amstelprinting.nl\\\/de\\\/#organization\",\"name\":\"Amstel Printing\",\"url\":\"https:\\\/\\\/www.amstelprinting.nl\\\/de\\\/\",\"logo\":{\"@type\":\"ImageObject\",\"inLanguage\":\"de\",\"@id\":\"https:\\\/\\\/www.amstelprinting.nl\\\/de\\\/#\\\/schema\\\/logo\\\/image\\\/\",\"url\":\"https:\\\/\\\/www.amstelprinting.nl\\\/wp-content\\\/uploads\\\/amstel_printing_logo_clean.png\",\"contentUrl\":\"https:\\\/\\\/www.amstelprinting.nl\\\/wp-content\\\/uploads\\\/amstel_printing_logo_clean.png\",\"width\":324,\"height\":73,\"caption\":\"Amstel Printing\"},\"image\":{\"@id\":\"https:\\\/\\\/www.amstelprinting.nl\\\/de\\\/#\\\/schema\\\/logo\\\/image\\\/\"}}]}<\/script>\n<!-- \/ Yoast SEO plugin. -->","yoast_head_json":{"title":"Gestalten Sie Ihren einzigartigen Wandbehang - Erstklassige Verarbeitung","description":"Wandbehang mit eigenem Design oder aus 20.000+ Mustern. W\u00e4hlen Sie Material, Format und die perfekte Verarbeitung. Schnell, einfach und \u00e4sthetisch ansprechend.","robots":{"index":"index","follow":"follow","max-snippet":"max-snippet:-1","max-image-preview":"max-image-preview:large","max-video-preview":"max-video-preview:-1"},"canonical":"https:\/\/www.amstelprinting.nl\/de\/gesch\u00e4ft\/innere\/wanddekoration\/wandbehang\/","og_locale":"de_DE","og_type":"article","og_title":"Gestalten Sie Ihren einzigartigen Wandbehang - Erstklassige Verarbeitung","og_description":"Wandbehang mit eigenem Design oder aus 20.000+ Mustern. W\u00e4hlen Sie Material, Format und die perfekte Verarbeitung. Schnell, einfach und \u00e4sthetisch ansprechend.","og_url":"https:\/\/www.amstelprinting.nl\/de\/gesch\u00e4ft\/innere\/wanddekoration\/wandbehang\/","og_site_name":"Amstel Printing","article_modified_time":"2026-02-18T11:54:08+00:00","og_image":[{"width":900,"height":900,"url":"https:\/\/www.amstelprinting.nl\/wp-content\/uploads\/wandkleed-bedrukken.png","type":"image\/png"}],"twitter_card":"summary_large_image","twitter_misc":{"Gesch\u00e4tzte Lesezeit":"2\u00a0Minuten"},"schema":{"@context":"https:\/\/schema.org","@graph":[{"@type":"WebPage","@id":"https:\/\/www.amstelprinting.nl\/de\/gesch\u00e4ft\/innere\/wanddekoration\/wandbehang\/","url":"https:\/\/www.amstelprinting.nl\/de\/gesch\u00e4ft\/innere\/wanddekoration\/wandbehang\/","name":"Gestalten Sie Ihren einzigartigen Wandbehang - Erstklassige Verarbeitung","isPartOf":{"@id":"https:\/\/www.amstelprinting.nl\/de\/#website"},"primaryImageOfPage":{"@id":"https:\/\/www.amstelprinting.nl\/de\/gesch\u00e4ft\/innere\/wanddekoration\/wandbehang\/#primaryimage"},"image":{"@id":"https:\/\/www.amstelprinting.nl\/de\/gesch\u00e4ft\/innere\/wanddekoration\/wandbehang\/#primaryimage"},"thumbnailUrl":"https:\/\/www.amstelprinting.nl\/wp-content\/uploads\/wandkleed-bedrukken.png","datePublished":"2025-01-24T10:28:06+00:00","dateModified":"2026-02-18T11:54:08+00:00","description":"Wandbehang mit eigenem Design oder aus 20.000+ Mustern. W\u00e4hlen Sie Material, Format und die perfekte Verarbeitung. Schnell, einfach und \u00e4sthetisch ansprechend.","breadcrumb":{"@id":"https:\/\/www.amstelprinting.nl\/de\/gesch\u00e4ft\/innere\/wanddekoration\/wandbehang\/#breadcrumb"},"inLanguage":"de","potentialAction":[{"@type":"ReadAction","target":["https:\/\/www.amstelprinting.nl\/de\/gesch\u00e4ft\/innere\/wanddekoration\/wandbehang\/"]}]},{"@type":"ImageObject","inLanguage":"de","@id":"https:\/\/www.amstelprinting.nl\/de\/gesch\u00e4ft\/innere\/wanddekoration\/wandbehang\/#primaryimage","url":"https:\/\/www.amstelprinting.nl\/wp-content\/uploads\/wandkleed-bedrukken.png","contentUrl":"https:\/\/www.amstelprinting.nl\/wp-content\/uploads\/wandkleed-bedrukken.png","width":900,"height":900},{"@type":"BreadcrumbList","@id":"https:\/\/www.amstelprinting.nl\/de\/gesch\u00e4ft\/innere\/wanddekoration\/wandbehang\/#breadcrumb","itemListElement":[{"@type":"ListItem","position":1,"name":"","item":"https:\/\/www.amstelprinting.nl\/de\/"},{"@type":"ListItem","position":2,"name":"Amstel Printing","item":"https:\/\/www.amstelprinting.nl\/de\/geschaeft\/"},{"@type":"ListItem","position":3,"name":"Innenwerbung","item":"https:\/\/www.amstelprinting.nl\/de\/kategorie\/innenwerbung\/"},{"@type":"ListItem","position":4,"name":"Wandwerbung","item":"https:\/\/www.amstelprinting.nl\/de\/kategorie\/innenwerbung\/wandwerbung\/"},{"@type":"ListItem","position":5,"name":"Wandbehang"}]},{"@type":"WebSite","@id":"https:\/\/www.amstelprinting.nl\/de\/#website","url":"https:\/\/www.amstelprinting.nl\/de\/","name":"Amstel Printing","description":"Creating Exposure","publisher":{"@id":"https:\/\/www.amstelprinting.nl\/de\/#organization"},"potentialAction":[{"@type":"SearchAction","target":{"@type":"EntryPoint","urlTemplate":"https:\/\/www.amstelprinting.nl\/de\/?s={search_term_string}"},"query-input":{"@type":"PropertyValueSpecification","valueRequired":true,"valueName":"search_term_string"}}],"inLanguage":"de"},{"@type":"Organization","@id":"https:\/\/www.amstelprinting.nl\/de\/#organization","name":"Amstel Printing","url":"https:\/\/www.amstelprinting.nl\/de\/","logo":{"@type":"ImageObject","inLanguage":"de","@id":"https:\/\/www.amstelprinting.nl\/de\/#\/schema\/logo\/image\/","url":"https:\/\/www.amstelprinting.nl\/wp-content\/uploads\/amstel_printing_logo_clean.png","contentUrl":"https:\/\/www.amstelprinting.nl\/wp-content\/uploads\/amstel_printing_logo_clean.png","width":324,"height":73,"caption":"Amstel Printing"},"image":{"@id":"https:\/\/www.amstelprinting.nl\/de\/#\/schema\/logo\/image\/"}}]}},"_links":{"self":[{"href":"https:\/\/www.amstelprinting.nl\/de\/wp-json\/wp\/v2\/product\/14869","targetHints":{"allow":["GET"]}}],"collection":[{"href":"https:\/\/www.amstelprinting.nl\/de\/wp-json\/wp\/v2\/product"}],"about":[{"href":"https:\/\/www.amstelprinting.nl\/de\/wp-json\/wp\/v2\/types\/product"}],"wp:featuredmedia":[{"embeddable":true,"href":"https:\/\/www.amstelprinting.nl\/de\/wp-json\/wp\/v2\/media\/14870"}],"wp:attachment":[{"href":"https:\/\/www.amstelprinting.nl\/de\/wp-json\/wp\/v2\/media?parent=14869"}],"wp:term":[{"taxonomy":"product_brand","embeddable":true,"href":"https:\/\/www.amstelprinting.nl\/de\/wp-json\/wp\/v2\/product_brand?post=14869"},{"taxonomy":"product_cat","embeddable":true,"href":"https:\/\/www.amstelprinting.nl\/de\/wp-json\/wp\/v2\/product_cat?post=14869"},{"taxonomy":"product_tag","embeddable":true,"href":"https:\/\/www.amstelprinting.nl\/de\/wp-json\/wp\/v2\/product_tag?post=14869"}],"curies":[{"name":"wp","href":"https:\/\/api.w.org\/{rel}","templated":true}]}}