{"id":14879,"date":"2025-01-24T11:27:59","date_gmt":"2025-01-24T10:27:59","guid":{"rendered":"https:\/\/www.amstelprinting.nl\/winkel\/unkategorisiert\/naadloos-fotobehang\/"},"modified":"2026-02-18T12:54:09","modified_gmt":"2026-02-18T11:54:09","slug":"nahtlose-fototapete","status":"publish","type":"product","link":"https:\/\/www.amstelprinting.nl\/de\/gesch\u00e4ft\/innere\/buro\/nahtlose-fototapete\/","title":{"rendered":"Nahtlose Fototapete"},"content":{"rendered":"<h3>Nahtlose Fototapete bestellen: W\u00e4hlen Sie das richtige Material<\/h3>\n<p>Unsere nahtlose Fototapete ist in sechs Materialien erh\u00e4ltlich:<\/p>\n<ul>\n<li><strong>Airtex\u00ae<\/strong>: benutzerfreundliches und knitterfreies PVC-Gewebe mit 330 g\/m\u00b2. B1-zertifiziert<\/li>\n<li><strong>WalltexPro\u00ae<\/strong>: geruchlos, PVC-frei sowie kratz- und sto\u00dffest. Auf einer Wand mit WalltexPro\u00ae wird das Licht nicht reflektiert, wodurch es sich sehr gut f\u00fcr R\u00e4ume mit viel Tageslicht eignet<\/li>\n<li><strong>SanoTex<\/strong>: nachhaltiges, PVC-freies Gewebe mit grauer R\u00fcckseite. Mit Brandschutzzertifikat<\/li>\n<li><strong>MultiTexPro<\/strong>: multifunktionale Wandbekleidung: egalisierend, akustisch und isolierend. Mit Brandschutzzertifikat<\/li>\n<li><strong>Basicwall<\/strong>: besonders g\u00fcnstige nahtlose Wandbekleidung aus Polyester mit PVC-Beschichtung<\/li>\n<\/ul>\n<p>&nbsp;<\/p>\n<h3>UV-Beschichtung<\/h3>\n<p>Die nahtlose Fototapete ist resistent gegen UV-Licht, sodass die Drucke durch Sonneneinstrahlung nicht verblassen. Die Materialien sind flammhemmend und verf\u00fcgen \u00fcber ein Brandschutzzertifikat, was sie besonders f\u00fcr den Einsatz in \u00f6ffentlichen R\u00e4umen und gesch\u00e4ftlichen Umgebungen geeignet macht.<\/p>\n<h3>\nZubeh\u00f6r f\u00fcr die einfache Anbringung<\/h3>\n<p>Gro\u00dfe Auswahl an Zubeh\u00f6r, darunter Tapetengrundierung, Tapetenroller und Tapetenkleister.<\/p>\n<p>Entscheiden Sie sich f\u00fcr Qualit\u00e4t, Langlebigkeit und ein beeindruckendes Ergebnis mit unserer nahtlosen Fototapete. Ganz gleich, ob Sie einen Wohnraum, ein B\u00fcro oder einen Gewerberaum versch\u00f6nern m\u00f6chten, wir bieten die perfekte L\u00f6sung f\u00fcr eine nahtlose und beeindruckende Wanddekoration. Bestellen Sie noch heute und verwandeln Sie Ihren Raum mit unseren hochwertigen und vielseitigen Materialien!<\/p>\n<h3>H\u00e4ufig gestellte Fragen<\/h3>\n<p><strong>Ist es m\u00f6glich, verschiedene Teile aneinander zu kleben?<\/strong><br \/>\nJa, das ist durchaus m\u00f6glich! F\u00fcr das beste Ergebnis empfehlen wir jedoch, Ihre nahtlose Fototapete am St\u00fcck zu bestellen.<\/p>\n<p><strong>Welchen Kleber soll ich daf\u00fcr verwenden?<\/strong><br \/>\nDies h\u00e4ngt vom Untergrund ab. F\u00fcr stark saugende Oberfl\u00e4chen wie Gipskartonw\u00e4nde oder Betonw\u00e4nde verwenden Sie Medium-Kleber (eine Vorbehandlung mit einer Grundierung kann erforderlich sein). F\u00fcr nicht saugende Oberfl\u00e4chen wie Platten oder T\u00fcren w\u00e4hlen Sie High-Kleber.<\/p>\n","protected":false},"excerpt":{"rendered":"<p>Verleihen Sie jedem Raum eine einzigartige und beeindruckende Ausstrahlung mit unserer nahtlosen Fototapete. Mit einer maximalen Druckbreite von bis zu 494 cm kreieren Sie ein verbl\u00fcffendes, nahtloses Bild, das jeden Raum zum Leben erweckt. Laden Sie Ihren eigenen Entwurf hoch oder w\u00e4hlen Sie aus einem der 20.000 verschiedenen Designs.<\/p>\n","protected":false},"featured_media":14880,"template":"","meta":{"_et_pb_use_builder":"","_et_pb_old_content":"","_et_gb_content_width":""},"product_brand":[],"product_cat":[902,944,907,947,899,948],"product_tag":[],"class_list":{"0":"post-14879","1":"product","2":"type-product","3":"status-publish","4":"has-post-thumbnail","6":"product_cat-ausstellungstucher","7":"product_cat-buro","8":"product_cat-innenwerbung","9":"product_cat-innere","10":"product_cat-messe-event","11":"product_cat-tapete","13":"first","14":"instock","15":"taxable","16":"shipping-taxable","17":"product-type-simple"},"yoast_head":"<!-- This site is optimized with the Yoast SEO plugin v27.3 - https:\/\/yoast.com\/product\/yoast-seo-wordpress\/ -->\n<title>Nahtlose Fototapete | Amstel Printing<\/title>\n<meta name=\"robots\" content=\"index, follow, max-snippet:-1, max-image-preview:large, max-video-preview:-1\" \/>\n<link rel=\"canonical\" href=\"https:\/\/www.amstelprinting.nl\/de\/gesch\u00e4ft\/innere\/buro\/nahtlose-fototapete\/\" \/>\n<meta property=\"og:locale\" content=\"de_DE\" \/>\n<meta property=\"og:type\" content=\"article\" \/>\n<meta property=\"og:title\" content=\"Nahtlose Fototapete | Amstel Printing\" \/>\n<meta property=\"og:description\" content=\"Verleihen Sie jedem Raum eine einzigartige und beeindruckende Ausstrahlung mit unserer nahtlosen Fototapete. Mit einer maximalen Druckbreite von bis zu 494 cm kreieren Sie ein verbl\u00fcffendes, nahtloses Bild, das jeden Raum zum Leben erweckt. Laden Sie Ihren eigenen Entwurf hoch oder w\u00e4hlen Sie aus einem der 20.000 verschiedenen Designs.\" \/>\n<meta property=\"og:url\" content=\"https:\/\/www.amstelprinting.nl\/de\/gesch\u00e4ft\/innere\/buro\/nahtlose-fototapete\/\" \/>\n<meta property=\"og:site_name\" content=\"Amstel Printing\" \/>\n<meta property=\"article:modified_time\" content=\"2026-02-18T11:54:09+00:00\" \/>\n<meta property=\"og:image\" content=\"https:\/\/www.amstelprinting.nl\/wp-content\/uploads\/naadloos-fotobehang-bedrukken.png\" \/>\n\t<meta property=\"og:image:width\" content=\"900\" \/>\n\t<meta property=\"og:image:height\" content=\"900\" \/>\n\t<meta property=\"og:image:type\" content=\"image\/png\" \/>\n<meta name=\"twitter:card\" content=\"summary_large_image\" \/>\n<meta name=\"twitter:label1\" content=\"Gesch\u00e4tzte Lesezeit\" \/>\n\t<meta name=\"twitter:data1\" content=\"1\u00a0Minute\" \/>\n<script type=\"application\/ld+json\" class=\"yoast-schema-graph\">{\"@context\":\"https:\\\/\\\/schema.org\",\"@graph\":[{\"@type\":\"WebPage\",\"@id\":\"https:\\\/\\\/www.amstelprinting.nl\\\/de\\\/gesch\u00e4ft\\\/innere\\\/buro\\\/nahtlose-fototapete\\\/\",\"url\":\"https:\\\/\\\/www.amstelprinting.nl\\\/de\\\/gesch\u00e4ft\\\/innere\\\/buro\\\/nahtlose-fototapete\\\/\",\"name\":\"Nahtlose Fototapete | Amstel Printing\",\"isPartOf\":{\"@id\":\"https:\\\/\\\/www.amstelprinting.nl\\\/de\\\/#website\"},\"primaryImageOfPage\":{\"@id\":\"https:\\\/\\\/www.amstelprinting.nl\\\/de\\\/gesch\u00e4ft\\\/innere\\\/buro\\\/nahtlose-fototapete\\\/#primaryimage\"},\"image\":{\"@id\":\"https:\\\/\\\/www.amstelprinting.nl\\\/de\\\/gesch\u00e4ft\\\/innere\\\/buro\\\/nahtlose-fototapete\\\/#primaryimage\"},\"thumbnailUrl\":\"https:\\\/\\\/www.amstelprinting.nl\\\/wp-content\\\/uploads\\\/naadloos-fotobehang-bedrukken.png\",\"datePublished\":\"2025-01-24T10:27:59+00:00\",\"dateModified\":\"2026-02-18T11:54:09+00:00\",\"breadcrumb\":{\"@id\":\"https:\\\/\\\/www.amstelprinting.nl\\\/de\\\/gesch\u00e4ft\\\/innere\\\/buro\\\/nahtlose-fototapete\\\/#breadcrumb\"},\"inLanguage\":\"de\",\"potentialAction\":[{\"@type\":\"ReadAction\",\"target\":[\"https:\\\/\\\/www.amstelprinting.nl\\\/de\\\/gesch\u00e4ft\\\/innere\\\/buro\\\/nahtlose-fototapete\\\/\"]}]},{\"@type\":\"ImageObject\",\"inLanguage\":\"de\",\"@id\":\"https:\\\/\\\/www.amstelprinting.nl\\\/de\\\/gesch\u00e4ft\\\/innere\\\/buro\\\/nahtlose-fototapete\\\/#primaryimage\",\"url\":\"https:\\\/\\\/www.amstelprinting.nl\\\/wp-content\\\/uploads\\\/naadloos-fotobehang-bedrukken.png\",\"contentUrl\":\"https:\\\/\\\/www.amstelprinting.nl\\\/wp-content\\\/uploads\\\/naadloos-fotobehang-bedrukken.png\",\"width\":900,\"height\":900},{\"@type\":\"BreadcrumbList\",\"@id\":\"https:\\\/\\\/www.amstelprinting.nl\\\/de\\\/gesch\u00e4ft\\\/innere\\\/buro\\\/nahtlose-fototapete\\\/#breadcrumb\",\"itemListElement\":[{\"@type\":\"ListItem\",\"position\":1,\"name\":\"\",\"item\":\"https:\\\/\\\/www.amstelprinting.nl\\\/de\\\/\"},{\"@type\":\"ListItem\",\"position\":2,\"name\":\"Amstel Printing\",\"item\":\"https:\\\/\\\/www.amstelprinting.nl\\\/de\\\/geschaeft\\\/\"},{\"@type\":\"ListItem\",\"position\":3,\"name\":\"Messe &amp; Event\",\"item\":\"https:\\\/\\\/www.amstelprinting.nl\\\/de\\\/kategorie\\\/messe-event\\\/\"},{\"@type\":\"ListItem\",\"position\":4,\"name\":\"Ausstellungst\u00fccher\",\"item\":\"https:\\\/\\\/www.amstelprinting.nl\\\/de\\\/kategorie\\\/messe-event\\\/ausstellungstucher\\\/\"},{\"@type\":\"ListItem\",\"position\":5,\"name\":\"Nahtlose Fototapete\"}]},{\"@type\":\"WebSite\",\"@id\":\"https:\\\/\\\/www.amstelprinting.nl\\\/de\\\/#website\",\"url\":\"https:\\\/\\\/www.amstelprinting.nl\\\/de\\\/\",\"name\":\"Amstel Printing\",\"description\":\"Creating Exposure\",\"publisher\":{\"@id\":\"https:\\\/\\\/www.amstelprinting.nl\\\/de\\\/#organization\"},\"potentialAction\":[{\"@type\":\"SearchAction\",\"target\":{\"@type\":\"EntryPoint\",\"urlTemplate\":\"https:\\\/\\\/www.amstelprinting.nl\\\/de\\\/?s={search_term_string}\"},\"query-input\":{\"@type\":\"PropertyValueSpecification\",\"valueRequired\":true,\"valueName\":\"search_term_string\"}}],\"inLanguage\":\"de\"},{\"@type\":\"Organization\",\"@id\":\"https:\\\/\\\/www.amstelprinting.nl\\\/de\\\/#organization\",\"name\":\"Amstel Printing\",\"url\":\"https:\\\/\\\/www.amstelprinting.nl\\\/de\\\/\",\"logo\":{\"@type\":\"ImageObject\",\"inLanguage\":\"de\",\"@id\":\"https:\\\/\\\/www.amstelprinting.nl\\\/de\\\/#\\\/schema\\\/logo\\\/image\\\/\",\"url\":\"https:\\\/\\\/www.amstelprinting.nl\\\/wp-content\\\/uploads\\\/amstel_printing_logo_clean.png\",\"contentUrl\":\"https:\\\/\\\/www.amstelprinting.nl\\\/wp-content\\\/uploads\\\/amstel_printing_logo_clean.png\",\"width\":324,\"height\":73,\"caption\":\"Amstel Printing\"},\"image\":{\"@id\":\"https:\\\/\\\/www.amstelprinting.nl\\\/de\\\/#\\\/schema\\\/logo\\\/image\\\/\"}}]}<\/script>\n<!-- \/ Yoast SEO plugin. -->","yoast_head_json":{"title":"Nahtlose Fototapete | Amstel Printing","robots":{"index":"index","follow":"follow","max-snippet":"max-snippet:-1","max-image-preview":"max-image-preview:large","max-video-preview":"max-video-preview:-1"},"canonical":"https:\/\/www.amstelprinting.nl\/de\/gesch\u00e4ft\/innere\/buro\/nahtlose-fototapete\/","og_locale":"de_DE","og_type":"article","og_title":"Nahtlose Fototapete | Amstel Printing","og_description":"Verleihen Sie jedem Raum eine einzigartige und beeindruckende Ausstrahlung mit unserer nahtlosen Fototapete. Mit einer maximalen Druckbreite von bis zu 494 cm kreieren Sie ein verbl\u00fcffendes, nahtloses Bild, das jeden Raum zum Leben erweckt. Laden Sie Ihren eigenen Entwurf hoch oder w\u00e4hlen Sie aus einem der 20.000 verschiedenen Designs.","og_url":"https:\/\/www.amstelprinting.nl\/de\/gesch\u00e4ft\/innere\/buro\/nahtlose-fototapete\/","og_site_name":"Amstel Printing","article_modified_time":"2026-02-18T11:54:09+00:00","og_image":[{"width":900,"height":900,"url":"https:\/\/www.amstelprinting.nl\/wp-content\/uploads\/naadloos-fotobehang-bedrukken.png","type":"image\/png"}],"twitter_card":"summary_large_image","twitter_misc":{"Gesch\u00e4tzte Lesezeit":"1\u00a0Minute"},"schema":{"@context":"https:\/\/schema.org","@graph":[{"@type":"WebPage","@id":"https:\/\/www.amstelprinting.nl\/de\/gesch\u00e4ft\/innere\/buro\/nahtlose-fototapete\/","url":"https:\/\/www.amstelprinting.nl\/de\/gesch\u00e4ft\/innere\/buro\/nahtlose-fototapete\/","name":"Nahtlose Fototapete | Amstel Printing","isPartOf":{"@id":"https:\/\/www.amstelprinting.nl\/de\/#website"},"primaryImageOfPage":{"@id":"https:\/\/www.amstelprinting.nl\/de\/gesch\u00e4ft\/innere\/buro\/nahtlose-fototapete\/#primaryimage"},"image":{"@id":"https:\/\/www.amstelprinting.nl\/de\/gesch\u00e4ft\/innere\/buro\/nahtlose-fototapete\/#primaryimage"},"thumbnailUrl":"https:\/\/www.amstelprinting.nl\/wp-content\/uploads\/naadloos-fotobehang-bedrukken.png","datePublished":"2025-01-24T10:27:59+00:00","dateModified":"2026-02-18T11:54:09+00:00","breadcrumb":{"@id":"https:\/\/www.amstelprinting.nl\/de\/gesch\u00e4ft\/innere\/buro\/nahtlose-fototapete\/#breadcrumb"},"inLanguage":"de","potentialAction":[{"@type":"ReadAction","target":["https:\/\/www.amstelprinting.nl\/de\/gesch\u00e4ft\/innere\/buro\/nahtlose-fototapete\/"]}]},{"@type":"ImageObject","inLanguage":"de","@id":"https:\/\/www.amstelprinting.nl\/de\/gesch\u00e4ft\/innere\/buro\/nahtlose-fototapete\/#primaryimage","url":"https:\/\/www.amstelprinting.nl\/wp-content\/uploads\/naadloos-fotobehang-bedrukken.png","contentUrl":"https:\/\/www.amstelprinting.nl\/wp-content\/uploads\/naadloos-fotobehang-bedrukken.png","width":900,"height":900},{"@type":"BreadcrumbList","@id":"https:\/\/www.amstelprinting.nl\/de\/gesch\u00e4ft\/innere\/buro\/nahtlose-fototapete\/#breadcrumb","itemListElement":[{"@type":"ListItem","position":1,"name":"","item":"https:\/\/www.amstelprinting.nl\/de\/"},{"@type":"ListItem","position":2,"name":"Amstel Printing","item":"https:\/\/www.amstelprinting.nl\/de\/geschaeft\/"},{"@type":"ListItem","position":3,"name":"Messe &amp; Event","item":"https:\/\/www.amstelprinting.nl\/de\/kategorie\/messe-event\/"},{"@type":"ListItem","position":4,"name":"Ausstellungst\u00fccher","item":"https:\/\/www.amstelprinting.nl\/de\/kategorie\/messe-event\/ausstellungstucher\/"},{"@type":"ListItem","position":5,"name":"Nahtlose Fototapete"}]},{"@type":"WebSite","@id":"https:\/\/www.amstelprinting.nl\/de\/#website","url":"https:\/\/www.amstelprinting.nl\/de\/","name":"Amstel Printing","description":"Creating Exposure","publisher":{"@id":"https:\/\/www.amstelprinting.nl\/de\/#organization"},"potentialAction":[{"@type":"SearchAction","target":{"@type":"EntryPoint","urlTemplate":"https:\/\/www.amstelprinting.nl\/de\/?s={search_term_string}"},"query-input":{"@type":"PropertyValueSpecification","valueRequired":true,"valueName":"search_term_string"}}],"inLanguage":"de"},{"@type":"Organization","@id":"https:\/\/www.amstelprinting.nl\/de\/#organization","name":"Amstel Printing","url":"https:\/\/www.amstelprinting.nl\/de\/","logo":{"@type":"ImageObject","inLanguage":"de","@id":"https:\/\/www.amstelprinting.nl\/de\/#\/schema\/logo\/image\/","url":"https:\/\/www.amstelprinting.nl\/wp-content\/uploads\/amstel_printing_logo_clean.png","contentUrl":"https:\/\/www.amstelprinting.nl\/wp-content\/uploads\/amstel_printing_logo_clean.png","width":324,"height":73,"caption":"Amstel Printing"},"image":{"@id":"https:\/\/www.amstelprinting.nl\/de\/#\/schema\/logo\/image\/"}}]}},"_links":{"self":[{"href":"https:\/\/www.amstelprinting.nl\/de\/wp-json\/wp\/v2\/product\/14879","targetHints":{"allow":["GET"]}}],"collection":[{"href":"https:\/\/www.amstelprinting.nl\/de\/wp-json\/wp\/v2\/product"}],"about":[{"href":"https:\/\/www.amstelprinting.nl\/de\/wp-json\/wp\/v2\/types\/product"}],"wp:featuredmedia":[{"embeddable":true,"href":"https:\/\/www.amstelprinting.nl\/de\/wp-json\/wp\/v2\/media\/14880"}],"wp:attachment":[{"href":"https:\/\/www.amstelprinting.nl\/de\/wp-json\/wp\/v2\/media?parent=14879"}],"wp:term":[{"taxonomy":"product_brand","embeddable":true,"href":"https:\/\/www.amstelprinting.nl\/de\/wp-json\/wp\/v2\/product_brand?post=14879"},{"taxonomy":"product_cat","embeddable":true,"href":"https:\/\/www.amstelprinting.nl\/de\/wp-json\/wp\/v2\/product_cat?post=14879"},{"taxonomy":"product_tag","embeddable":true,"href":"https:\/\/www.amstelprinting.nl\/de\/wp-json\/wp\/v2\/product_tag?post=14879"}],"curies":[{"name":"wp","href":"https:\/\/api.w.org\/{rel}","templated":true}]}}