{"id":14889,"date":"2025-01-24T11:27:54","date_gmt":"2025-01-24T10:27:54","guid":{"rendered":"https:\/\/www.amstelprinting.nl\/winkel\/unkategorisiert\/behangrollen\/"},"modified":"2026-02-18T12:54:09","modified_gmt":"2026-02-18T11:54:09","slug":"tapetenrollen","status":"publish","type":"product","link":"https:\/\/www.amstelprinting.nl\/de\/gesch\u00e4ft\/innere\/buro\/tapetenrollen\/","title":{"rendered":"Tapetenrollen"},"content":{"rendered":"<h3>Tapetenrollen bedrucken: W\u00e4hlen Sie das richtige Material<\/h3>\n<p>Unsere Tapetenrollen sind in vier Materialarten erh\u00e4ltlich. Die Rollen k\u00f6nnen in eine Rollenbreite von 53 Zentimetern oder 70 Zentimetern unterteilt werden.<\/p>\n<ul>\n<li><strong>ProVinyl fein<\/strong>: Vinyltapete mit einer feinen Sandstruktur und einem robusten Vliesr\u00fccken, ideal f\u00fcr ein modernes und langlebiges Finish.<\/li>\n<li><strong>Erfurt Variovlies<\/strong>: Vliestapete mit einer glatten, ebenm\u00e4\u00dfigen Deckschicht und einer R\u00fcckseite aus Vliesmaterial, entworpen f\u00fcr ein nahtloses und elegantes Erscheinungsbild.<\/li>\n<li><strong>ProVinyl Textil<\/strong>: Vinyltapete mit einem luxuri\u00f6sen Canvas-Textil-Look, kombiniert mit einem Vliesr\u00fccken f\u00fcr ein pr\u00e4chtiges und warmes Ambiente.<\/li>\n<li><strong>ProVlies matt<\/strong>: Acryltapete mit einem matten, glatten Finish und einem Vliesr\u00fccken, bietet eine umweltfreundliche Alternative zur herk\u00f6mmlichen Vinyltapete.<\/li>\n<\/ul>\n<p>&nbsp;<br \/>\nDie ProVinyl matt Tapete ist stolz mit dem FSC-G\u00fctesiegel versehen, das garantiert, dass sie aus verantwortungsvoll bewirtschafteten W\u00e4ldern stammt, unter Ber\u00fccksichtigung von Mensch, Umwelt und Wirtschaft.<\/p>\n<h3>Zubeh\u00f6r<\/h3>\n<p>Vervollst\u00e4ndigen Sie Ihr Tapezierprojekt mit unserer umfangreichen Auswahl an Zubeh\u00f6r. Von Tapetengrundierung \u00fcber Tapezierrolle bis hin zu Tapetenkleister bieten wir alles, was Sie f\u00fcr eine makellose Installation und ein perfektes Ergebnis ben\u00f6tigen.<\/p>\n<p>Bestellen Sie noch heute und entdecken Sie eine Welt voller M\u00f6glichkeiten f\u00fcr Ihr Interieur mit unserer umfangreichen Kollektion an Tapetenrollen.<\/p>\n<h3>H\u00e4ufig gestellte Fragen<\/h3>\n<p>Wie stellen Sie sicher, dass Ihre Tapetenrollen gut aneinanderschlie\u00dfen?<br \/>\nUm sicherzustellen, dass Ihre Tapete perfekt passt, geben Sie zun\u00e4chst das vollst\u00e4ndige Ma\u00df der Wand ein und laden Sie die Datei mit einem Rand von 1 cm umlaufend f\u00fcr den Beschnitt hoch. Sie k\u00f6nnen die gew\u00fcnschte Rollenbreite selbst w\u00e4hlen. Wir sorgen f\u00fcr die richtige Aufteilung, so dass Sie sich darum keine Sorgen machen m\u00fcssen.<\/p>\n<h3>Wie wei\u00df ich, welche Bahn wohin geh\u00f6rt?<\/h3>\n<p>Jede Bahn ist mit einer sogenannten Teilnummer versehen, damit Sie genau wissen, wo jeder Teil Ihrer Tapete hingeh\u00f6rt.<\/p>\n<h3>Wie wird die Tapete verpackt?<\/h3>\n<p>Die Tapete wird auf Rolle versendet, jede Rolle ist sorgf\u00e4ltig in Schrumpffolie eingewickelt und anschlie\u00dfend in einem stabilen Karton verpackt. Auf diese Weise stellen wir sicher, dass Sie ein unbesch\u00e4digtes Produkt erhalten.<\/p>\n<h3>Welchen Kleister sollte ich daf\u00fcr verwenden?<\/h3>\n<p>Wir empfehlen die Verwendung von Perfax-Kleister zum Anbringen der Tapete. Dies sorgt f\u00fcr eine optimale Haftung und ein sch\u00f6nes Ergebnis an Ihrer Wand.<\/p>\n","protected":false},"excerpt":{"rendered":"<h3>Kratzfeste Tapete auf Rolle mit eigenem Druck<\/h3>\n<p>Verwandeln Sie Ihren Raum in eine Oase des Stils und Komforts mit unseren hochwertigen Tapetenrollen. Ob Sie nun einen modernen Look oder klassischen Charme suchen: Unsere Kollektion bietet Ihnen die Werkzeuge, um Ihre Vision der Inneneinrichtung zum Leben zu erwecken.<\/p>\n","protected":false},"featured_media":14890,"template":"","meta":{"_et_pb_use_builder":"","_et_pb_old_content":"","_et_gb_content_width":""},"product_brand":[],"product_cat":[944,907,947,948],"product_tag":[],"class_list":{"0":"post-14889","1":"product","2":"type-product","3":"status-publish","4":"has-post-thumbnail","6":"product_cat-buro","7":"product_cat-innenwerbung","8":"product_cat-innere","9":"product_cat-tapete","11":"first","12":"instock","13":"taxable","14":"shipping-taxable","15":"product-type-simple"},"yoast_head":"<!-- This site is optimized with the Yoast SEO plugin v27.3 - https:\/\/yoast.com\/product\/yoast-seo-wordpress\/ -->\n<title>Tapetenrollen | Amstel Printing<\/title>\n<meta name=\"robots\" content=\"index, follow, max-snippet:-1, max-image-preview:large, max-video-preview:-1\" \/>\n<link rel=\"canonical\" href=\"https:\/\/www.amstelprinting.nl\/de\/gesch\u00e4ft\/innere\/buro\/tapetenrollen\/\" \/>\n<meta property=\"og:locale\" content=\"de_DE\" \/>\n<meta property=\"og:type\" content=\"article\" \/>\n<meta property=\"og:title\" content=\"Tapetenrollen | Amstel Printing\" \/>\n<meta property=\"og:description\" content=\"Kratzfeste Tapete auf Rolle mit eigenem Druck Verwandeln Sie Ihren Raum in eine Oase des Stils und Komforts mit unseren hochwertigen Tapetenrollen. Ob Sie nun einen modernen Look oder klassischen Charme suchen: Unsere Kollektion bietet Ihnen die Werkzeuge, um Ihre Vision der Inneneinrichtung zum Leben zu erwecken.\" \/>\n<meta property=\"og:url\" content=\"https:\/\/www.amstelprinting.nl\/de\/gesch\u00e4ft\/innere\/buro\/tapetenrollen\/\" \/>\n<meta property=\"og:site_name\" content=\"Amstel Printing\" \/>\n<meta property=\"article:modified_time\" content=\"2026-02-18T11:54:09+00:00\" \/>\n<meta property=\"og:image\" content=\"https:\/\/www.amstelprinting.nl\/wp-content\/uploads\/behang-bedrukken.png\" \/>\n\t<meta property=\"og:image:width\" content=\"900\" \/>\n\t<meta property=\"og:image:height\" content=\"900\" \/>\n\t<meta property=\"og:image:type\" content=\"image\/png\" \/>\n<meta name=\"twitter:card\" content=\"summary_large_image\" \/>\n<meta name=\"twitter:label1\" content=\"Gesch\u00e4tzte Lesezeit\" \/>\n\t<meta name=\"twitter:data1\" content=\"2\u00a0Minuten\" \/>\n<script type=\"application\/ld+json\" class=\"yoast-schema-graph\">{\"@context\":\"https:\\\/\\\/schema.org\",\"@graph\":[{\"@type\":\"WebPage\",\"@id\":\"https:\\\/\\\/www.amstelprinting.nl\\\/de\\\/gesch\u00e4ft\\\/innere\\\/buro\\\/tapetenrollen\\\/\",\"url\":\"https:\\\/\\\/www.amstelprinting.nl\\\/de\\\/gesch\u00e4ft\\\/innere\\\/buro\\\/tapetenrollen\\\/\",\"name\":\"Tapetenrollen | Amstel Printing\",\"isPartOf\":{\"@id\":\"https:\\\/\\\/www.amstelprinting.nl\\\/de\\\/#website\"},\"primaryImageOfPage\":{\"@id\":\"https:\\\/\\\/www.amstelprinting.nl\\\/de\\\/gesch\u00e4ft\\\/innere\\\/buro\\\/tapetenrollen\\\/#primaryimage\"},\"image\":{\"@id\":\"https:\\\/\\\/www.amstelprinting.nl\\\/de\\\/gesch\u00e4ft\\\/innere\\\/buro\\\/tapetenrollen\\\/#primaryimage\"},\"thumbnailUrl\":\"https:\\\/\\\/www.amstelprinting.nl\\\/wp-content\\\/uploads\\\/behang-bedrukken.png\",\"datePublished\":\"2025-01-24T10:27:54+00:00\",\"dateModified\":\"2026-02-18T11:54:09+00:00\",\"breadcrumb\":{\"@id\":\"https:\\\/\\\/www.amstelprinting.nl\\\/de\\\/gesch\u00e4ft\\\/innere\\\/buro\\\/tapetenrollen\\\/#breadcrumb\"},\"inLanguage\":\"de\",\"potentialAction\":[{\"@type\":\"ReadAction\",\"target\":[\"https:\\\/\\\/www.amstelprinting.nl\\\/de\\\/gesch\u00e4ft\\\/innere\\\/buro\\\/tapetenrollen\\\/\"]}]},{\"@type\":\"ImageObject\",\"inLanguage\":\"de\",\"@id\":\"https:\\\/\\\/www.amstelprinting.nl\\\/de\\\/gesch\u00e4ft\\\/innere\\\/buro\\\/tapetenrollen\\\/#primaryimage\",\"url\":\"https:\\\/\\\/www.amstelprinting.nl\\\/wp-content\\\/uploads\\\/behang-bedrukken.png\",\"contentUrl\":\"https:\\\/\\\/www.amstelprinting.nl\\\/wp-content\\\/uploads\\\/behang-bedrukken.png\",\"width\":900,\"height\":900},{\"@type\":\"BreadcrumbList\",\"@id\":\"https:\\\/\\\/www.amstelprinting.nl\\\/de\\\/gesch\u00e4ft\\\/innere\\\/buro\\\/tapetenrollen\\\/#breadcrumb\",\"itemListElement\":[{\"@type\":\"ListItem\",\"position\":1,\"name\":\"\",\"item\":\"https:\\\/\\\/www.amstelprinting.nl\\\/de\\\/\"},{\"@type\":\"ListItem\",\"position\":2,\"name\":\"Amstel Printing\",\"item\":\"https:\\\/\\\/www.amstelprinting.nl\\\/de\\\/geschaeft\\\/\"},{\"@type\":\"ListItem\",\"position\":3,\"name\":\"Innere\",\"item\":\"https:\\\/\\\/www.amstelprinting.nl\\\/de\\\/kategorie\\\/innere\\\/\"},{\"@type\":\"ListItem\",\"position\":4,\"name\":\"Tapete\",\"item\":\"https:\\\/\\\/www.amstelprinting.nl\\\/de\\\/kategorie\\\/innere\\\/tapete\\\/\"},{\"@type\":\"ListItem\",\"position\":5,\"name\":\"Tapetenrollen\"}]},{\"@type\":\"WebSite\",\"@id\":\"https:\\\/\\\/www.amstelprinting.nl\\\/de\\\/#website\",\"url\":\"https:\\\/\\\/www.amstelprinting.nl\\\/de\\\/\",\"name\":\"Amstel Printing\",\"description\":\"Creating Exposure\",\"publisher\":{\"@id\":\"https:\\\/\\\/www.amstelprinting.nl\\\/de\\\/#organization\"},\"potentialAction\":[{\"@type\":\"SearchAction\",\"target\":{\"@type\":\"EntryPoint\",\"urlTemplate\":\"https:\\\/\\\/www.amstelprinting.nl\\\/de\\\/?s={search_term_string}\"},\"query-input\":{\"@type\":\"PropertyValueSpecification\",\"valueRequired\":true,\"valueName\":\"search_term_string\"}}],\"inLanguage\":\"de\"},{\"@type\":\"Organization\",\"@id\":\"https:\\\/\\\/www.amstelprinting.nl\\\/de\\\/#organization\",\"name\":\"Amstel Printing\",\"url\":\"https:\\\/\\\/www.amstelprinting.nl\\\/de\\\/\",\"logo\":{\"@type\":\"ImageObject\",\"inLanguage\":\"de\",\"@id\":\"https:\\\/\\\/www.amstelprinting.nl\\\/de\\\/#\\\/schema\\\/logo\\\/image\\\/\",\"url\":\"https:\\\/\\\/www.amstelprinting.nl\\\/wp-content\\\/uploads\\\/amstel_printing_logo_clean.png\",\"contentUrl\":\"https:\\\/\\\/www.amstelprinting.nl\\\/wp-content\\\/uploads\\\/amstel_printing_logo_clean.png\",\"width\":324,\"height\":73,\"caption\":\"Amstel Printing\"},\"image\":{\"@id\":\"https:\\\/\\\/www.amstelprinting.nl\\\/de\\\/#\\\/schema\\\/logo\\\/image\\\/\"}}]}<\/script>\n<!-- \/ Yoast SEO plugin. -->","yoast_head_json":{"title":"Tapetenrollen | Amstel Printing","robots":{"index":"index","follow":"follow","max-snippet":"max-snippet:-1","max-image-preview":"max-image-preview:large","max-video-preview":"max-video-preview:-1"},"canonical":"https:\/\/www.amstelprinting.nl\/de\/gesch\u00e4ft\/innere\/buro\/tapetenrollen\/","og_locale":"de_DE","og_type":"article","og_title":"Tapetenrollen | Amstel Printing","og_description":"Kratzfeste Tapete auf Rolle mit eigenem Druck Verwandeln Sie Ihren Raum in eine Oase des Stils und Komforts mit unseren hochwertigen Tapetenrollen. Ob Sie nun einen modernen Look oder klassischen Charme suchen: Unsere Kollektion bietet Ihnen die Werkzeuge, um Ihre Vision der Inneneinrichtung zum Leben zu erwecken.","og_url":"https:\/\/www.amstelprinting.nl\/de\/gesch\u00e4ft\/innere\/buro\/tapetenrollen\/","og_site_name":"Amstel Printing","article_modified_time":"2026-02-18T11:54:09+00:00","og_image":[{"width":900,"height":900,"url":"https:\/\/www.amstelprinting.nl\/wp-content\/uploads\/behang-bedrukken.png","type":"image\/png"}],"twitter_card":"summary_large_image","twitter_misc":{"Gesch\u00e4tzte Lesezeit":"2\u00a0Minuten"},"schema":{"@context":"https:\/\/schema.org","@graph":[{"@type":"WebPage","@id":"https:\/\/www.amstelprinting.nl\/de\/gesch\u00e4ft\/innere\/buro\/tapetenrollen\/","url":"https:\/\/www.amstelprinting.nl\/de\/gesch\u00e4ft\/innere\/buro\/tapetenrollen\/","name":"Tapetenrollen | Amstel Printing","isPartOf":{"@id":"https:\/\/www.amstelprinting.nl\/de\/#website"},"primaryImageOfPage":{"@id":"https:\/\/www.amstelprinting.nl\/de\/gesch\u00e4ft\/innere\/buro\/tapetenrollen\/#primaryimage"},"image":{"@id":"https:\/\/www.amstelprinting.nl\/de\/gesch\u00e4ft\/innere\/buro\/tapetenrollen\/#primaryimage"},"thumbnailUrl":"https:\/\/www.amstelprinting.nl\/wp-content\/uploads\/behang-bedrukken.png","datePublished":"2025-01-24T10:27:54+00:00","dateModified":"2026-02-18T11:54:09+00:00","breadcrumb":{"@id":"https:\/\/www.amstelprinting.nl\/de\/gesch\u00e4ft\/innere\/buro\/tapetenrollen\/#breadcrumb"},"inLanguage":"de","potentialAction":[{"@type":"ReadAction","target":["https:\/\/www.amstelprinting.nl\/de\/gesch\u00e4ft\/innere\/buro\/tapetenrollen\/"]}]},{"@type":"ImageObject","inLanguage":"de","@id":"https:\/\/www.amstelprinting.nl\/de\/gesch\u00e4ft\/innere\/buro\/tapetenrollen\/#primaryimage","url":"https:\/\/www.amstelprinting.nl\/wp-content\/uploads\/behang-bedrukken.png","contentUrl":"https:\/\/www.amstelprinting.nl\/wp-content\/uploads\/behang-bedrukken.png","width":900,"height":900},{"@type":"BreadcrumbList","@id":"https:\/\/www.amstelprinting.nl\/de\/gesch\u00e4ft\/innere\/buro\/tapetenrollen\/#breadcrumb","itemListElement":[{"@type":"ListItem","position":1,"name":"","item":"https:\/\/www.amstelprinting.nl\/de\/"},{"@type":"ListItem","position":2,"name":"Amstel Printing","item":"https:\/\/www.amstelprinting.nl\/de\/geschaeft\/"},{"@type":"ListItem","position":3,"name":"Innere","item":"https:\/\/www.amstelprinting.nl\/de\/kategorie\/innere\/"},{"@type":"ListItem","position":4,"name":"Tapete","item":"https:\/\/www.amstelprinting.nl\/de\/kategorie\/innere\/tapete\/"},{"@type":"ListItem","position":5,"name":"Tapetenrollen"}]},{"@type":"WebSite","@id":"https:\/\/www.amstelprinting.nl\/de\/#website","url":"https:\/\/www.amstelprinting.nl\/de\/","name":"Amstel Printing","description":"Creating Exposure","publisher":{"@id":"https:\/\/www.amstelprinting.nl\/de\/#organization"},"potentialAction":[{"@type":"SearchAction","target":{"@type":"EntryPoint","urlTemplate":"https:\/\/www.amstelprinting.nl\/de\/?s={search_term_string}"},"query-input":{"@type":"PropertyValueSpecification","valueRequired":true,"valueName":"search_term_string"}}],"inLanguage":"de"},{"@type":"Organization","@id":"https:\/\/www.amstelprinting.nl\/de\/#organization","name":"Amstel Printing","url":"https:\/\/www.amstelprinting.nl\/de\/","logo":{"@type":"ImageObject","inLanguage":"de","@id":"https:\/\/www.amstelprinting.nl\/de\/#\/schema\/logo\/image\/","url":"https:\/\/www.amstelprinting.nl\/wp-content\/uploads\/amstel_printing_logo_clean.png","contentUrl":"https:\/\/www.amstelprinting.nl\/wp-content\/uploads\/amstel_printing_logo_clean.png","width":324,"height":73,"caption":"Amstel Printing"},"image":{"@id":"https:\/\/www.amstelprinting.nl\/de\/#\/schema\/logo\/image\/"}}]}},"_links":{"self":[{"href":"https:\/\/www.amstelprinting.nl\/de\/wp-json\/wp\/v2\/product\/14889","targetHints":{"allow":["GET"]}}],"collection":[{"href":"https:\/\/www.amstelprinting.nl\/de\/wp-json\/wp\/v2\/product"}],"about":[{"href":"https:\/\/www.amstelprinting.nl\/de\/wp-json\/wp\/v2\/types\/product"}],"wp:featuredmedia":[{"embeddable":true,"href":"https:\/\/www.amstelprinting.nl\/de\/wp-json\/wp\/v2\/media\/14890"}],"wp:attachment":[{"href":"https:\/\/www.amstelprinting.nl\/de\/wp-json\/wp\/v2\/media?parent=14889"}],"wp:term":[{"taxonomy":"product_brand","embeddable":true,"href":"https:\/\/www.amstelprinting.nl\/de\/wp-json\/wp\/v2\/product_brand?post=14889"},{"taxonomy":"product_cat","embeddable":true,"href":"https:\/\/www.amstelprinting.nl\/de\/wp-json\/wp\/v2\/product_cat?post=14889"},{"taxonomy":"product_tag","embeddable":true,"href":"https:\/\/www.amstelprinting.nl\/de\/wp-json\/wp\/v2\/product_tag?post=14889"}],"curies":[{"name":"wp","href":"https:\/\/api.w.org\/{rel}","templated":true}]}}