{"id":14899,"date":"2025-01-24T11:27:50","date_gmt":"2025-01-24T10:27:50","guid":{"rendered":"https:\/\/www.amstelprinting.nl\/winkel\/unkategorisiert\/led-frame\/"},"modified":"2026-02-18T12:54:10","modified_gmt":"2026-02-18T11:54:10","slug":"led-rahmen","status":"publish","type":"product","link":"https:\/\/www.amstelprinting.nl\/de\/gesch\u00e4ft\/innenwerbung\/prasentation\/led-rahmen\/","title":{"rendered":"LED-Rahmen"},"content":{"rendered":"<h3>LED-Rahmen bestellen<\/h3>\n<p>Lassen Sie Ihr Design erstrahlen und w\u00e4hlen Sie einen ma\u00dfgefertigten LED-Rahmen. Der LED-Rahmen ist perfekt f\u00fcr gewerbliche R\u00e4ume, Showrooms, Messen oder einfach f\u00fcr zu Hause. W\u00e4hlen Sie ein komplettes Set mit LED-Rahmen und Spanntuch oder bestellen Sie beide Artikel einzeln.<\/p>\n<h3>\nWarum LED-Rahmen<\/h3>\n<ul>\n<li>Ihr Druck intensiv beleuchtet<\/li>\n<li>Der Eyecatcher f\u00fcr jeden Raum<\/li>\n<li>Zur Wandmontage<\/li>\n<li>Mit einseitigem Druck (beidseitiger Druck? W\u00e4hlen Sie Pixlip)<\/li>\n<li>Wahlweise dimmbares oder nicht dimmbares Licht<\/li>\n<li>Erh\u00e4ltlich in drei Rahmenfarben und 2 Arten von Spannt\u00fcchern<\/li>\n<\/ul>\n<p>&nbsp;<\/p>\n<h3>Material LED-Rahmen-Spanntuch<\/h3>\n<p>Der Aluminium-LED-Rahmen ist in den Farben Wei\u00df, Schwarz und Silber erh\u00e4ltlich. Der LED-Rahmen kombiniert ein Aluminiumprofil mit einer Dibond\u00ae-R\u00fcckplatte, auf der die LED-Streifen f\u00fcr eine gleichm\u00e4\u00dfige Lichtverteilung montiert sind. Sie k\u00f6nnen je nach Bedarf zwischen dimmbarer oder nicht dimmbarer Beleuchtung w\u00e4hlen.<\/p>\n<p>F\u00fcr das Spanntuch des LED-Rahmens haben Sie die Wahl zwischen zwei Materialien: Samba Backlit und LumiTex. Samba Backlit ist ein Polyestergewebe mit intensiven Farben, das speziell f\u00fcr Helligkeit und Lebendigkeit in beleuchteten Rahmen entwickelt wurde. Das Material LumiTex besteht aus 100 % Polyester. Es wird aus besonders feinen Garnen hergestellt und ist mit einer doppelten Tintenschicht versehen, wodurch es sich perfekt f\u00fcr beleuchtete Anwendungen eignet.<\/p>\n<h3>Unterschiede zwischen Samba Backlit und LumiTex<\/h3>\n<p>Der Unterschied zwischen Samba Backlit und LumiTex bezieht sich haupts\u00e4chlich auf die Drucktechnik. Das Samba-Spanntuch wird mit einem 200 % UV-Druck versehen, w\u00e4hrend LumiTex einen 200 % Sublimationsdruck verwendet. Der Nachteil eines UV-Drucks ist, dass die doppelten Tintenschichten vor\u00fcbergehend einen starken Geruch abgeben. LumiTex hingegen ist geruchlos und knitterfrei.<\/p>\n<p>Zudem ist der Druck auf LumiTex-Gewebe im Vergleich zu Samba Backlit etwas nachhaltiger. Die verwendeten Tinten sind n\u00e4mlich auf Wasserbasis. Au\u00dferdem ist LumiTex (wie auch Samba Backlit) frei von PVC und recycelbar.<\/p>\n<p>Der letzte charakteristische Unterschied zwischen beiden Geweben ist, dass Samba Backlit mit einer Beschichtung versehen ist. Dank dieser Beschichtung kann Samba Backlit auch kurzzeitig im Au\u00dfenbereich verwendet werden. LumiTex ist ausschlie\u00dflich f\u00fcr Innenanwendungen geeignet.<\/p>\n<h3>Ausf\u00fchrung des LED-Rahmens<\/h3>\n<p>Die Standardl\u00e4nge des Kabels betr\u00e4gt 2 m, aber Sie haben auch die Option f\u00fcr 3 m oder 5 m. Der Kabelanschluss kann links, rechts, oben oder unten platziert werden, was maximale Flexibilit\u00e4t bei der Installation bietet.<\/p>\n<h3>Alternativen<\/h3>\n<p>Der LED-Rahmen auf dieser Produktseite ist ausschlie\u00dflich f\u00fcr die Wandmontage (im Innenbereich) geeignet. Wir haben alle LED-Rahmen und Alternativen unten f\u00fcr Sie aufgelistet.<\/p>\n<ul>\n<li>Freistehend: der Pixlip Go Rahmen mit beidseitigem Druck. Dank der F\u00fc\u00dfe kann dieser Rahmen selbstst\u00e4ndig stehen.<\/li>\n<li>Au\u00dfennutzung: M\u00f6chten Sie den LED-Rahmen im Freien verwenden? W\u00e4hlen Sie dann den LED-Rahmen Outdoor.<\/li>\n<\/ul>\n<p>&nbsp;<\/p>\n<h3>H\u00e4ufig gestellte Fragen<\/h3>\n<p><strong>Bis zu welcher Gr\u00f6\u00dfe kann ich den LED-Rahmen maximal bestellen?<\/strong><br \/>\nSie k\u00f6nnen LED-Rahmen bis zu einer maximalen Gr\u00f6\u00dfe von 305 cm Breite mal 150 cm H\u00f6he bestellen.<\/p>\n<p><strong>Ben\u00f6tigen Sie ein gr\u00f6\u00dferes Format oder w\u00fcnschen Sie eine andere Farbe?<\/strong><br \/>\nFordern Sie dann einfach ein Angebot an.<\/p>\n<p><strong>Kann ich auch eine andere Lichtfarbe w\u00e4hlen?<\/strong><br \/>\nNeben der Standardoption (6500 K) k\u00f6nnen Sie zwischen 3000 K und 4000 K w\u00e4hlen. Diese Optionen sind standardm\u00e4\u00dfig nicht verf\u00fcgbar, k\u00f6nnen aber auf Anfrage bestellt werden.<\/p>\n<p><strong>Ich h\u00e4tte den LED-Rahmen gerne in einer anderen Farbe, ist das m\u00f6glich?<\/strong><br \/>\nDer LED-Rahmen ist standardm\u00e4\u00dfig in Silber, Wei\u00df und Schwarz erh\u00e4ltlich. Falls Sie jedoch eine andere Farbe w\u00fcnschen, k\u00f6nnen Sie uns Ihren bevorzugten RAL-Farbcode mitteilen. Wir werden das Profil dann in der von Ihnen gew\u00e4hlten Farbe pulverbeschichten. Bitte beachten Sie, dass sich die Lieferzeit dadurch um ca. 2 Wochen verl\u00e4ngern kann.<\/p>\n","protected":false},"excerpt":{"rendered":"<h3>Ihr Druck intensiv beleuchtet in einem schlichten Aluminiumrahmen<\/h3>\n<p>Der Rahmen, der Ihren Druck prall ins Rampenlicht r\u00fcckt! Dank der Kombination aus LED-Beleuchtung und Spanntuch wird Ihr Design intensiv beleuchtet. Gestalten Sie den LED-Rahmen ganz nach Ihren W\u00fcnschen. So k\u00f6nnen Sie das Format komplett selbst bestimmen. Aber auch die Farbe des Aluminiumrahmens w\u00e4hlen Sie selbst. Dieser LED-Rahmen ist hinten offen und daher ausschlie\u00dflich f\u00fcr die Wandmontage geeignet. Haben Sie sich am Druck sattgesehen? Sie k\u00f6nnen einen einzelnen Druck einfach nachbestellen und austauschen. Stellen Sie hier unten in wenigen Schritten Ihren LED-Rahmen nach Wunsch zusammen.<\/p>\n","protected":false},"featured_media":14900,"template":"","meta":{"_et_pb_use_builder":"","_et_pb_old_content":"","_et_gb_content_width":""},"product_brand":[],"product_cat":[906,907,899,910],"product_tag":[],"class_list":{"0":"post-14899","1":"product","2":"type-product","3":"status-publish","4":"has-post-thumbnail","6":"product_cat-beleuchtete-ausstellungswande","7":"product_cat-innenwerbung","8":"product_cat-messe-event","9":"product_cat-prasentation","11":"first","12":"instock","13":"taxable","14":"shipping-taxable","15":"purchasable","16":"product-type-simple"},"yoast_head":"<!-- This site is optimized with the Yoast SEO plugin v27.3 - https:\/\/yoast.com\/product\/yoast-seo-wordpress\/ -->\n<title>Pop-up LED-Rahmen kaufen \u2013 Schnelle &amp; einfache, kraftvolle Pr\u00e4sentationen<\/title>\n<meta name=\"description\" content=\"Entdecken Sie den Pop-up LED-Rahmen f\u00fcr eine auff\u00e4llige und helle Markenpr\u00e4sentation. Einfacher Aufbau. Fordern Sie jetzt ein Angebot an!\" \/>\n<meta name=\"robots\" content=\"index, follow, max-snippet:-1, max-image-preview:large, max-video-preview:-1\" \/>\n<link rel=\"canonical\" href=\"https:\/\/www.amstelprinting.nl\/de\/gesch\u00e4ft\/innenwerbung\/prasentation\/led-rahmen\/\" \/>\n<meta property=\"og:locale\" content=\"de_DE\" \/>\n<meta property=\"og:type\" content=\"article\" \/>\n<meta property=\"og:title\" content=\"Pop-up LED-Rahmen kaufen \u2013 Schnelle &amp; einfache, kraftvolle Pr\u00e4sentationen\" \/>\n<meta property=\"og:description\" content=\"Entdecken Sie den Pop-up LED-Rahmen f\u00fcr eine auff\u00e4llige und helle Markenpr\u00e4sentation. Einfacher Aufbau. Fordern Sie jetzt ein Angebot an!\" \/>\n<meta property=\"og:url\" content=\"https:\/\/www.amstelprinting.nl\/de\/gesch\u00e4ft\/innenwerbung\/prasentation\/led-rahmen\/\" \/>\n<meta property=\"og:site_name\" content=\"Amstel Printing\" \/>\n<meta property=\"article:modified_time\" content=\"2026-02-18T11:54:10+00:00\" \/>\n<meta property=\"og:image\" content=\"https:\/\/www.amstelprinting.nl\/wp-content\/uploads\/led-frame-bedrukken-1.png\" \/>\n\t<meta property=\"og:image:width\" content=\"900\" \/>\n\t<meta property=\"og:image:height\" content=\"900\" \/>\n\t<meta property=\"og:image:type\" content=\"image\/png\" \/>\n<meta name=\"twitter:card\" content=\"summary_large_image\" \/>\n<meta name=\"twitter:label1\" content=\"Gesch\u00e4tzte Lesezeit\" \/>\n\t<meta name=\"twitter:data1\" content=\"3\u00a0Minuten\" \/>\n<script type=\"application\/ld+json\" class=\"yoast-schema-graph\">{\"@context\":\"https:\\\/\\\/schema.org\",\"@graph\":[{\"@type\":\"WebPage\",\"@id\":\"https:\\\/\\\/www.amstelprinting.nl\\\/de\\\/gesch\u00e4ft\\\/innenwerbung\\\/prasentation\\\/led-rahmen\\\/\",\"url\":\"https:\\\/\\\/www.amstelprinting.nl\\\/de\\\/gesch\u00e4ft\\\/innenwerbung\\\/prasentation\\\/led-rahmen\\\/\",\"name\":\"Pop-up LED-Rahmen kaufen \u2013 Schnelle & einfache, kraftvolle Pr\u00e4sentationen\",\"isPartOf\":{\"@id\":\"https:\\\/\\\/www.amstelprinting.nl\\\/de\\\/#website\"},\"primaryImageOfPage\":{\"@id\":\"https:\\\/\\\/www.amstelprinting.nl\\\/de\\\/gesch\u00e4ft\\\/innenwerbung\\\/prasentation\\\/led-rahmen\\\/#primaryimage\"},\"image\":{\"@id\":\"https:\\\/\\\/www.amstelprinting.nl\\\/de\\\/gesch\u00e4ft\\\/innenwerbung\\\/prasentation\\\/led-rahmen\\\/#primaryimage\"},\"thumbnailUrl\":\"https:\\\/\\\/www.amstelprinting.nl\\\/wp-content\\\/uploads\\\/led-frame-bedrukken-1.png\",\"datePublished\":\"2025-01-24T10:27:50+00:00\",\"dateModified\":\"2026-02-18T11:54:10+00:00\",\"description\":\"Entdecken Sie den Pop-up LED-Rahmen f\u00fcr eine auff\u00e4llige und helle Markenpr\u00e4sentation. Einfacher Aufbau. Fordern Sie jetzt ein Angebot an!\",\"breadcrumb\":{\"@id\":\"https:\\\/\\\/www.amstelprinting.nl\\\/de\\\/gesch\u00e4ft\\\/innenwerbung\\\/prasentation\\\/led-rahmen\\\/#breadcrumb\"},\"inLanguage\":\"de\",\"potentialAction\":[{\"@type\":\"ReadAction\",\"target\":[\"https:\\\/\\\/www.amstelprinting.nl\\\/de\\\/gesch\u00e4ft\\\/innenwerbung\\\/prasentation\\\/led-rahmen\\\/\"]}]},{\"@type\":\"ImageObject\",\"inLanguage\":\"de\",\"@id\":\"https:\\\/\\\/www.amstelprinting.nl\\\/de\\\/gesch\u00e4ft\\\/innenwerbung\\\/prasentation\\\/led-rahmen\\\/#primaryimage\",\"url\":\"https:\\\/\\\/www.amstelprinting.nl\\\/wp-content\\\/uploads\\\/led-frame-bedrukken-1.png\",\"contentUrl\":\"https:\\\/\\\/www.amstelprinting.nl\\\/wp-content\\\/uploads\\\/led-frame-bedrukken-1.png\",\"width\":900,\"height\":900},{\"@type\":\"BreadcrumbList\",\"@id\":\"https:\\\/\\\/www.amstelprinting.nl\\\/de\\\/gesch\u00e4ft\\\/innenwerbung\\\/prasentation\\\/led-rahmen\\\/#breadcrumb\",\"itemListElement\":[{\"@type\":\"ListItem\",\"position\":1,\"name\":\"\",\"item\":\"https:\\\/\\\/www.amstelprinting.nl\\\/de\\\/\"},{\"@type\":\"ListItem\",\"position\":2,\"name\":\"Amstel Printing\",\"item\":\"https:\\\/\\\/www.amstelprinting.nl\\\/de\\\/geschaeft\\\/\"},{\"@type\":\"ListItem\",\"position\":3,\"name\":\"Innenwerbung\",\"item\":\"https:\\\/\\\/www.amstelprinting.nl\\\/de\\\/kategorie\\\/innenwerbung\\\/\"},{\"@type\":\"ListItem\",\"position\":4,\"name\":\"Pr\u00e4sentation\",\"item\":\"https:\\\/\\\/www.amstelprinting.nl\\\/de\\\/kategorie\\\/innenwerbung\\\/prasentation\\\/\"},{\"@type\":\"ListItem\",\"position\":5,\"name\":\"LED-Rahmen\"}]},{\"@type\":\"WebSite\",\"@id\":\"https:\\\/\\\/www.amstelprinting.nl\\\/de\\\/#website\",\"url\":\"https:\\\/\\\/www.amstelprinting.nl\\\/de\\\/\",\"name\":\"Amstel Printing\",\"description\":\"Creating Exposure\",\"publisher\":{\"@id\":\"https:\\\/\\\/www.amstelprinting.nl\\\/de\\\/#organization\"},\"potentialAction\":[{\"@type\":\"SearchAction\",\"target\":{\"@type\":\"EntryPoint\",\"urlTemplate\":\"https:\\\/\\\/www.amstelprinting.nl\\\/de\\\/?s={search_term_string}\"},\"query-input\":{\"@type\":\"PropertyValueSpecification\",\"valueRequired\":true,\"valueName\":\"search_term_string\"}}],\"inLanguage\":\"de\"},{\"@type\":\"Organization\",\"@id\":\"https:\\\/\\\/www.amstelprinting.nl\\\/de\\\/#organization\",\"name\":\"Amstel Printing\",\"url\":\"https:\\\/\\\/www.amstelprinting.nl\\\/de\\\/\",\"logo\":{\"@type\":\"ImageObject\",\"inLanguage\":\"de\",\"@id\":\"https:\\\/\\\/www.amstelprinting.nl\\\/de\\\/#\\\/schema\\\/logo\\\/image\\\/\",\"url\":\"https:\\\/\\\/www.amstelprinting.nl\\\/wp-content\\\/uploads\\\/amstel_printing_logo_clean.png\",\"contentUrl\":\"https:\\\/\\\/www.amstelprinting.nl\\\/wp-content\\\/uploads\\\/amstel_printing_logo_clean.png\",\"width\":324,\"height\":73,\"caption\":\"Amstel Printing\"},\"image\":{\"@id\":\"https:\\\/\\\/www.amstelprinting.nl\\\/de\\\/#\\\/schema\\\/logo\\\/image\\\/\"}}]}<\/script>\n<!-- \/ Yoast SEO plugin. -->","yoast_head_json":{"title":"Pop-up LED-Rahmen kaufen \u2013 Schnelle & einfache, kraftvolle Pr\u00e4sentationen","description":"Entdecken Sie den Pop-up LED-Rahmen f\u00fcr eine auff\u00e4llige und helle Markenpr\u00e4sentation. Einfacher Aufbau. Fordern Sie jetzt ein Angebot an!","robots":{"index":"index","follow":"follow","max-snippet":"max-snippet:-1","max-image-preview":"max-image-preview:large","max-video-preview":"max-video-preview:-1"},"canonical":"https:\/\/www.amstelprinting.nl\/de\/gesch\u00e4ft\/innenwerbung\/prasentation\/led-rahmen\/","og_locale":"de_DE","og_type":"article","og_title":"Pop-up LED-Rahmen kaufen \u2013 Schnelle & einfache, kraftvolle Pr\u00e4sentationen","og_description":"Entdecken Sie den Pop-up LED-Rahmen f\u00fcr eine auff\u00e4llige und helle Markenpr\u00e4sentation. Einfacher Aufbau. Fordern Sie jetzt ein Angebot an!","og_url":"https:\/\/www.amstelprinting.nl\/de\/gesch\u00e4ft\/innenwerbung\/prasentation\/led-rahmen\/","og_site_name":"Amstel Printing","article_modified_time":"2026-02-18T11:54:10+00:00","og_image":[{"width":900,"height":900,"url":"https:\/\/www.amstelprinting.nl\/wp-content\/uploads\/led-frame-bedrukken-1.png","type":"image\/png"}],"twitter_card":"summary_large_image","twitter_misc":{"Gesch\u00e4tzte Lesezeit":"3\u00a0Minuten"},"schema":{"@context":"https:\/\/schema.org","@graph":[{"@type":"WebPage","@id":"https:\/\/www.amstelprinting.nl\/de\/gesch\u00e4ft\/innenwerbung\/prasentation\/led-rahmen\/","url":"https:\/\/www.amstelprinting.nl\/de\/gesch\u00e4ft\/innenwerbung\/prasentation\/led-rahmen\/","name":"Pop-up LED-Rahmen kaufen \u2013 Schnelle & einfache, kraftvolle Pr\u00e4sentationen","isPartOf":{"@id":"https:\/\/www.amstelprinting.nl\/de\/#website"},"primaryImageOfPage":{"@id":"https:\/\/www.amstelprinting.nl\/de\/gesch\u00e4ft\/innenwerbung\/prasentation\/led-rahmen\/#primaryimage"},"image":{"@id":"https:\/\/www.amstelprinting.nl\/de\/gesch\u00e4ft\/innenwerbung\/prasentation\/led-rahmen\/#primaryimage"},"thumbnailUrl":"https:\/\/www.amstelprinting.nl\/wp-content\/uploads\/led-frame-bedrukken-1.png","datePublished":"2025-01-24T10:27:50+00:00","dateModified":"2026-02-18T11:54:10+00:00","description":"Entdecken Sie den Pop-up LED-Rahmen f\u00fcr eine auff\u00e4llige und helle Markenpr\u00e4sentation. Einfacher Aufbau. Fordern Sie jetzt ein Angebot an!","breadcrumb":{"@id":"https:\/\/www.amstelprinting.nl\/de\/gesch\u00e4ft\/innenwerbung\/prasentation\/led-rahmen\/#breadcrumb"},"inLanguage":"de","potentialAction":[{"@type":"ReadAction","target":["https:\/\/www.amstelprinting.nl\/de\/gesch\u00e4ft\/innenwerbung\/prasentation\/led-rahmen\/"]}]},{"@type":"ImageObject","inLanguage":"de","@id":"https:\/\/www.amstelprinting.nl\/de\/gesch\u00e4ft\/innenwerbung\/prasentation\/led-rahmen\/#primaryimage","url":"https:\/\/www.amstelprinting.nl\/wp-content\/uploads\/led-frame-bedrukken-1.png","contentUrl":"https:\/\/www.amstelprinting.nl\/wp-content\/uploads\/led-frame-bedrukken-1.png","width":900,"height":900},{"@type":"BreadcrumbList","@id":"https:\/\/www.amstelprinting.nl\/de\/gesch\u00e4ft\/innenwerbung\/prasentation\/led-rahmen\/#breadcrumb","itemListElement":[{"@type":"ListItem","position":1,"name":"","item":"https:\/\/www.amstelprinting.nl\/de\/"},{"@type":"ListItem","position":2,"name":"Amstel Printing","item":"https:\/\/www.amstelprinting.nl\/de\/geschaeft\/"},{"@type":"ListItem","position":3,"name":"Innenwerbung","item":"https:\/\/www.amstelprinting.nl\/de\/kategorie\/innenwerbung\/"},{"@type":"ListItem","position":4,"name":"Pr\u00e4sentation","item":"https:\/\/www.amstelprinting.nl\/de\/kategorie\/innenwerbung\/prasentation\/"},{"@type":"ListItem","position":5,"name":"LED-Rahmen"}]},{"@type":"WebSite","@id":"https:\/\/www.amstelprinting.nl\/de\/#website","url":"https:\/\/www.amstelprinting.nl\/de\/","name":"Amstel Printing","description":"Creating Exposure","publisher":{"@id":"https:\/\/www.amstelprinting.nl\/de\/#organization"},"potentialAction":[{"@type":"SearchAction","target":{"@type":"EntryPoint","urlTemplate":"https:\/\/www.amstelprinting.nl\/de\/?s={search_term_string}"},"query-input":{"@type":"PropertyValueSpecification","valueRequired":true,"valueName":"search_term_string"}}],"inLanguage":"de"},{"@type":"Organization","@id":"https:\/\/www.amstelprinting.nl\/de\/#organization","name":"Amstel Printing","url":"https:\/\/www.amstelprinting.nl\/de\/","logo":{"@type":"ImageObject","inLanguage":"de","@id":"https:\/\/www.amstelprinting.nl\/de\/#\/schema\/logo\/image\/","url":"https:\/\/www.amstelprinting.nl\/wp-content\/uploads\/amstel_printing_logo_clean.png","contentUrl":"https:\/\/www.amstelprinting.nl\/wp-content\/uploads\/amstel_printing_logo_clean.png","width":324,"height":73,"caption":"Amstel Printing"},"image":{"@id":"https:\/\/www.amstelprinting.nl\/de\/#\/schema\/logo\/image\/"}}]}},"_links":{"self":[{"href":"https:\/\/www.amstelprinting.nl\/de\/wp-json\/wp\/v2\/product\/14899","targetHints":{"allow":["GET"]}}],"collection":[{"href":"https:\/\/www.amstelprinting.nl\/de\/wp-json\/wp\/v2\/product"}],"about":[{"href":"https:\/\/www.amstelprinting.nl\/de\/wp-json\/wp\/v2\/types\/product"}],"wp:featuredmedia":[{"embeddable":true,"href":"https:\/\/www.amstelprinting.nl\/de\/wp-json\/wp\/v2\/media\/14900"}],"wp:attachment":[{"href":"https:\/\/www.amstelprinting.nl\/de\/wp-json\/wp\/v2\/media?parent=14899"}],"wp:term":[{"taxonomy":"product_brand","embeddable":true,"href":"https:\/\/www.amstelprinting.nl\/de\/wp-json\/wp\/v2\/product_brand?post=14899"},{"taxonomy":"product_cat","embeddable":true,"href":"https:\/\/www.amstelprinting.nl\/de\/wp-json\/wp\/v2\/product_cat?post=14899"},{"taxonomy":"product_tag","embeddable":true,"href":"https:\/\/www.amstelprinting.nl\/de\/wp-json\/wp\/v2\/product_tag?post=14899"}],"curies":[{"name":"wp","href":"https:\/\/api.w.org\/{rel}","templated":true}]}}