{"id":14909,"date":"2025-01-24T11:27:42","date_gmt":"2025-01-24T10:27:42","guid":{"rendered":"https:\/\/www.amstelprinting.nl\/winkel\/unkategorisiert\/zelfklevende-poster\/"},"modified":"2026-02-18T12:54:11","modified_gmt":"2026-02-18T11:54:11","slug":"selbstklebendes-poster","status":"publish","type":"product","link":"https:\/\/www.amstelprinting.nl\/de\/gesch\u00e4ft\/innenwerbung\/wandwerbung\/selbstklebendes-poster\/","title":{"rendered":"Selbstklebendes Poster"},"content":{"rendered":"<h3>Formate und Material<\/h3>\n<p>Ob Sie nun eine kleine, subtile Dekoration oder ein gro\u00dfes, auff\u00e4lliges Statement w\u00fcnschen, wir bieten eine Reihe von Formaten an, um Ihren spezifischen Anforderungen gerecht zu werden. Mit neun verschiedenen Optionen finden Sie immer die perfekte Gr\u00f6\u00dfe f\u00fcr Ihr Projekt. Unsere selbstklebenden Poster bestehen aus DOT-Folie, einem wei\u00dfen, matten PVC-Material mit einer selbstklebenden Stickerschicht, das sowohl f\u00fcr den Innen- als auch f\u00fcr den Au\u00dfenbereich geeignet ist. Dank der speziellen Klebeschicht k\u00f6nnen Sie die Poster mehrmals wiederverwenden, ohne dass die Klebekraft nachl\u00e4sst.<\/p>\n<h3>UV-Druck<\/h3>\n<p>Mithilfe unserer fortschrittlichen UV-Drucktechnik sind unsere Poster mit lebendigen, langanhaltenden Farben versehen, die nicht verblassen. Diese Technik sorgt daf\u00fcr, dass Ihr Poster resistent gegen UV-Strahlung ist, sodass die Farben hell und scharf bleiben.<\/p>\n<h3>Zubeh\u00f6r<\/h3>\n<p>Wir bieten verschiedenes Zubeh\u00f6r an, das den Klebevorgang vereinfacht und daf\u00fcr sorgt, dass Ihr Poster immer perfekt angebracht wird. Wir haben alles, was Sie brauchen, um Ihr Poster ohne Luftblasen oder Falten aufzuh\u00e4ngen. Erleben Sie, wie unsere selbstklebenden Poster Ihrem Raum ein lebendiges und attraktives Aussehen verleihen k\u00f6nnen!<\/p>\n<p>F\u00fcr diejenigen, die lieber ein traditionelles Poster ohne Klebeschicht haben m\u00f6chten, bieten wir auch Werbeposter an. Diese sind perfekt f\u00fcr Situationen, in denen Sie eine nicht permanente L\u00f6sung ben\u00f6tigen oder wenn Sie die Poster in Rahmen platzieren m\u00f6chten.<\/p>\n","protected":false},"excerpt":{"rendered":"<h3>Selbstklebend und einfach zu entfernen<\/h3>\n<p>Verleihen Sie Ihrem Raum mit unseren selbstklebenden Postern ein schnelles und stilvolles Upgrade! Ideal f\u00fcr verschiedene Anwendungen im Innen- und Au\u00dfenbereich sind diese Poster so konzipiert, dass sie m\u00fchelos auf jeder glatten Oberfl\u00e4che haften und mehrfach wiederverwendet werden k\u00f6nnen, ohne die Haftung zu verlieren. Machen Sie Ihr selbstklebendes Poster einzigartig, indem Sie Ihr eigenes Design hochladen oder aus einer breiten Palette bestehender Muster w\u00e4hlen.<\/p>\n","protected":false},"featured_media":14910,"template":"","meta":{"_et_pb_use_builder":"","_et_pb_old_content":"","_et_gb_content_width":""},"product_brand":[],"product_cat":[313,907,952,930],"product_tag":[],"class_list":{"0":"post-14909","1":"product","2":"type-product","3":"status-publish","4":"has-post-thumbnail","6":"product_cat-aufkleber-und-druck","7":"product_cat-innenwerbung","8":"product_cat-poster","9":"product_cat-wandwerbung","11":"first","12":"instock","13":"taxable","14":"shipping-taxable","15":"purchasable","16":"product-type-simple"},"yoast_head":"<!-- This site is optimized with the Yoast SEO plugin v27.3 - https:\/\/yoast.com\/product\/yoast-seo-wordpress\/ -->\n<title>Selbstklebendes Poster - Langlebig, wiederverwendbar &amp; wetterfest<\/title>\n<meta name=\"description\" content=\"Bestellen Sie ein flexibles, selbstklebendes Poster mit lebendigen UV-Druckfarben. Einfach anzubringen und auf glatten Oberfl\u00e4chen neu positionierbar,\" \/>\n<meta name=\"robots\" content=\"index, follow, max-snippet:-1, max-image-preview:large, max-video-preview:-1\" \/>\n<link rel=\"canonical\" href=\"https:\/\/www.amstelprinting.nl\/de\/gesch\u00e4ft\/innenwerbung\/wandwerbung\/selbstklebendes-poster\/\" \/>\n<meta property=\"og:locale\" content=\"de_DE\" \/>\n<meta property=\"og:type\" content=\"article\" \/>\n<meta property=\"og:title\" content=\"Selbstklebendes Poster - Langlebig, wiederverwendbar &amp; wetterfest\" \/>\n<meta property=\"og:description\" content=\"Bestellen Sie ein flexibles, selbstklebendes Poster mit lebendigen UV-Druckfarben. Einfach anzubringen und auf glatten Oberfl\u00e4chen neu positionierbar,\" \/>\n<meta property=\"og:url\" content=\"https:\/\/www.amstelprinting.nl\/de\/gesch\u00e4ft\/innenwerbung\/wandwerbung\/selbstklebendes-poster\/\" \/>\n<meta property=\"og:site_name\" content=\"Amstel Printing\" \/>\n<meta property=\"article:modified_time\" content=\"2026-02-18T11:54:11+00:00\" \/>\n<meta property=\"og:image\" content=\"https:\/\/www.amstelprinting.nl\/wp-content\/uploads\/Zelfklevende-poster.jpg\" \/>\n\t<meta property=\"og:image:width\" content=\"700\" \/>\n\t<meta property=\"og:image:height\" content=\"700\" \/>\n\t<meta property=\"og:image:type\" content=\"image\/jpeg\" \/>\n<meta name=\"twitter:card\" content=\"summary_large_image\" \/>\n<meta name=\"twitter:label1\" content=\"Gesch\u00e4tzte Lesezeit\" \/>\n\t<meta name=\"twitter:data1\" content=\"1\u00a0Minute\" \/>\n<script type=\"application\/ld+json\" class=\"yoast-schema-graph\">{\"@context\":\"https:\\\/\\\/schema.org\",\"@graph\":[{\"@type\":\"WebPage\",\"@id\":\"https:\\\/\\\/www.amstelprinting.nl\\\/de\\\/gesch\u00e4ft\\\/innenwerbung\\\/wandwerbung\\\/selbstklebendes-poster\\\/\",\"url\":\"https:\\\/\\\/www.amstelprinting.nl\\\/de\\\/gesch\u00e4ft\\\/innenwerbung\\\/wandwerbung\\\/selbstklebendes-poster\\\/\",\"name\":\"Selbstklebendes Poster - Langlebig, wiederverwendbar & wetterfest\",\"isPartOf\":{\"@id\":\"https:\\\/\\\/www.amstelprinting.nl\\\/de\\\/#website\"},\"primaryImageOfPage\":{\"@id\":\"https:\\\/\\\/www.amstelprinting.nl\\\/de\\\/gesch\u00e4ft\\\/innenwerbung\\\/wandwerbung\\\/selbstklebendes-poster\\\/#primaryimage\"},\"image\":{\"@id\":\"https:\\\/\\\/www.amstelprinting.nl\\\/de\\\/gesch\u00e4ft\\\/innenwerbung\\\/wandwerbung\\\/selbstklebendes-poster\\\/#primaryimage\"},\"thumbnailUrl\":\"https:\\\/\\\/www.amstelprinting.nl\\\/wp-content\\\/uploads\\\/Zelfklevende-poster.jpg\",\"datePublished\":\"2025-01-24T10:27:42+00:00\",\"dateModified\":\"2026-02-18T11:54:11+00:00\",\"description\":\"Bestellen Sie ein flexibles, selbstklebendes Poster mit lebendigen UV-Druckfarben. Einfach anzubringen und auf glatten Oberfl\u00e4chen neu positionierbar,\",\"breadcrumb\":{\"@id\":\"https:\\\/\\\/www.amstelprinting.nl\\\/de\\\/gesch\u00e4ft\\\/innenwerbung\\\/wandwerbung\\\/selbstklebendes-poster\\\/#breadcrumb\"},\"inLanguage\":\"de\",\"potentialAction\":[{\"@type\":\"ReadAction\",\"target\":[\"https:\\\/\\\/www.amstelprinting.nl\\\/de\\\/gesch\u00e4ft\\\/innenwerbung\\\/wandwerbung\\\/selbstklebendes-poster\\\/\"]}]},{\"@type\":\"ImageObject\",\"inLanguage\":\"de\",\"@id\":\"https:\\\/\\\/www.amstelprinting.nl\\\/de\\\/gesch\u00e4ft\\\/innenwerbung\\\/wandwerbung\\\/selbstklebendes-poster\\\/#primaryimage\",\"url\":\"https:\\\/\\\/www.amstelprinting.nl\\\/wp-content\\\/uploads\\\/Zelfklevende-poster.jpg\",\"contentUrl\":\"https:\\\/\\\/www.amstelprinting.nl\\\/wp-content\\\/uploads\\\/Zelfklevende-poster.jpg\",\"width\":700,\"height\":700},{\"@type\":\"BreadcrumbList\",\"@id\":\"https:\\\/\\\/www.amstelprinting.nl\\\/de\\\/gesch\u00e4ft\\\/innenwerbung\\\/wandwerbung\\\/selbstklebendes-poster\\\/#breadcrumb\",\"itemListElement\":[{\"@type\":\"ListItem\",\"position\":1,\"name\":\"\",\"item\":\"https:\\\/\\\/www.amstelprinting.nl\\\/de\\\/\"},{\"@type\":\"ListItem\",\"position\":2,\"name\":\"Amstel Printing\",\"item\":\"https:\\\/\\\/www.amstelprinting.nl\\\/de\\\/geschaeft\\\/\"},{\"@type\":\"ListItem\",\"position\":3,\"name\":\"Innenwerbung\",\"item\":\"https:\\\/\\\/www.amstelprinting.nl\\\/de\\\/kategorie\\\/innenwerbung\\\/\"},{\"@type\":\"ListItem\",\"position\":4,\"name\":\"Wandwerbung\",\"item\":\"https:\\\/\\\/www.amstelprinting.nl\\\/de\\\/kategorie\\\/innenwerbung\\\/wandwerbung\\\/\"},{\"@type\":\"ListItem\",\"position\":5,\"name\":\"Selbstklebendes Poster\"}]},{\"@type\":\"WebSite\",\"@id\":\"https:\\\/\\\/www.amstelprinting.nl\\\/de\\\/#website\",\"url\":\"https:\\\/\\\/www.amstelprinting.nl\\\/de\\\/\",\"name\":\"Amstel Printing\",\"description\":\"Creating Exposure\",\"publisher\":{\"@id\":\"https:\\\/\\\/www.amstelprinting.nl\\\/de\\\/#organization\"},\"potentialAction\":[{\"@type\":\"SearchAction\",\"target\":{\"@type\":\"EntryPoint\",\"urlTemplate\":\"https:\\\/\\\/www.amstelprinting.nl\\\/de\\\/?s={search_term_string}\"},\"query-input\":{\"@type\":\"PropertyValueSpecification\",\"valueRequired\":true,\"valueName\":\"search_term_string\"}}],\"inLanguage\":\"de\"},{\"@type\":\"Organization\",\"@id\":\"https:\\\/\\\/www.amstelprinting.nl\\\/de\\\/#organization\",\"name\":\"Amstel Printing\",\"url\":\"https:\\\/\\\/www.amstelprinting.nl\\\/de\\\/\",\"logo\":{\"@type\":\"ImageObject\",\"inLanguage\":\"de\",\"@id\":\"https:\\\/\\\/www.amstelprinting.nl\\\/de\\\/#\\\/schema\\\/logo\\\/image\\\/\",\"url\":\"https:\\\/\\\/www.amstelprinting.nl\\\/wp-content\\\/uploads\\\/amstel_printing_logo_clean.png\",\"contentUrl\":\"https:\\\/\\\/www.amstelprinting.nl\\\/wp-content\\\/uploads\\\/amstel_printing_logo_clean.png\",\"width\":324,\"height\":73,\"caption\":\"Amstel Printing\"},\"image\":{\"@id\":\"https:\\\/\\\/www.amstelprinting.nl\\\/de\\\/#\\\/schema\\\/logo\\\/image\\\/\"}}]}<\/script>\n<!-- \/ Yoast SEO plugin. -->","yoast_head_json":{"title":"Selbstklebendes Poster - Langlebig, wiederverwendbar & wetterfest","description":"Bestellen Sie ein flexibles, selbstklebendes Poster mit lebendigen UV-Druckfarben. Einfach anzubringen und auf glatten Oberfl\u00e4chen neu positionierbar,","robots":{"index":"index","follow":"follow","max-snippet":"max-snippet:-1","max-image-preview":"max-image-preview:large","max-video-preview":"max-video-preview:-1"},"canonical":"https:\/\/www.amstelprinting.nl\/de\/gesch\u00e4ft\/innenwerbung\/wandwerbung\/selbstklebendes-poster\/","og_locale":"de_DE","og_type":"article","og_title":"Selbstklebendes Poster - Langlebig, wiederverwendbar & wetterfest","og_description":"Bestellen Sie ein flexibles, selbstklebendes Poster mit lebendigen UV-Druckfarben. Einfach anzubringen und auf glatten Oberfl\u00e4chen neu positionierbar,","og_url":"https:\/\/www.amstelprinting.nl\/de\/gesch\u00e4ft\/innenwerbung\/wandwerbung\/selbstklebendes-poster\/","og_site_name":"Amstel Printing","article_modified_time":"2026-02-18T11:54:11+00:00","og_image":[{"width":700,"height":700,"url":"https:\/\/www.amstelprinting.nl\/wp-content\/uploads\/Zelfklevende-poster.jpg","type":"image\/jpeg"}],"twitter_card":"summary_large_image","twitter_misc":{"Gesch\u00e4tzte Lesezeit":"1\u00a0Minute"},"schema":{"@context":"https:\/\/schema.org","@graph":[{"@type":"WebPage","@id":"https:\/\/www.amstelprinting.nl\/de\/gesch\u00e4ft\/innenwerbung\/wandwerbung\/selbstklebendes-poster\/","url":"https:\/\/www.amstelprinting.nl\/de\/gesch\u00e4ft\/innenwerbung\/wandwerbung\/selbstklebendes-poster\/","name":"Selbstklebendes Poster - Langlebig, wiederverwendbar & wetterfest","isPartOf":{"@id":"https:\/\/www.amstelprinting.nl\/de\/#website"},"primaryImageOfPage":{"@id":"https:\/\/www.amstelprinting.nl\/de\/gesch\u00e4ft\/innenwerbung\/wandwerbung\/selbstklebendes-poster\/#primaryimage"},"image":{"@id":"https:\/\/www.amstelprinting.nl\/de\/gesch\u00e4ft\/innenwerbung\/wandwerbung\/selbstklebendes-poster\/#primaryimage"},"thumbnailUrl":"https:\/\/www.amstelprinting.nl\/wp-content\/uploads\/Zelfklevende-poster.jpg","datePublished":"2025-01-24T10:27:42+00:00","dateModified":"2026-02-18T11:54:11+00:00","description":"Bestellen Sie ein flexibles, selbstklebendes Poster mit lebendigen UV-Druckfarben. Einfach anzubringen und auf glatten Oberfl\u00e4chen neu positionierbar,","breadcrumb":{"@id":"https:\/\/www.amstelprinting.nl\/de\/gesch\u00e4ft\/innenwerbung\/wandwerbung\/selbstklebendes-poster\/#breadcrumb"},"inLanguage":"de","potentialAction":[{"@type":"ReadAction","target":["https:\/\/www.amstelprinting.nl\/de\/gesch\u00e4ft\/innenwerbung\/wandwerbung\/selbstklebendes-poster\/"]}]},{"@type":"ImageObject","inLanguage":"de","@id":"https:\/\/www.amstelprinting.nl\/de\/gesch\u00e4ft\/innenwerbung\/wandwerbung\/selbstklebendes-poster\/#primaryimage","url":"https:\/\/www.amstelprinting.nl\/wp-content\/uploads\/Zelfklevende-poster.jpg","contentUrl":"https:\/\/www.amstelprinting.nl\/wp-content\/uploads\/Zelfklevende-poster.jpg","width":700,"height":700},{"@type":"BreadcrumbList","@id":"https:\/\/www.amstelprinting.nl\/de\/gesch\u00e4ft\/innenwerbung\/wandwerbung\/selbstklebendes-poster\/#breadcrumb","itemListElement":[{"@type":"ListItem","position":1,"name":"","item":"https:\/\/www.amstelprinting.nl\/de\/"},{"@type":"ListItem","position":2,"name":"Amstel Printing","item":"https:\/\/www.amstelprinting.nl\/de\/geschaeft\/"},{"@type":"ListItem","position":3,"name":"Innenwerbung","item":"https:\/\/www.amstelprinting.nl\/de\/kategorie\/innenwerbung\/"},{"@type":"ListItem","position":4,"name":"Wandwerbung","item":"https:\/\/www.amstelprinting.nl\/de\/kategorie\/innenwerbung\/wandwerbung\/"},{"@type":"ListItem","position":5,"name":"Selbstklebendes Poster"}]},{"@type":"WebSite","@id":"https:\/\/www.amstelprinting.nl\/de\/#website","url":"https:\/\/www.amstelprinting.nl\/de\/","name":"Amstel Printing","description":"Creating Exposure","publisher":{"@id":"https:\/\/www.amstelprinting.nl\/de\/#organization"},"potentialAction":[{"@type":"SearchAction","target":{"@type":"EntryPoint","urlTemplate":"https:\/\/www.amstelprinting.nl\/de\/?s={search_term_string}"},"query-input":{"@type":"PropertyValueSpecification","valueRequired":true,"valueName":"search_term_string"}}],"inLanguage":"de"},{"@type":"Organization","@id":"https:\/\/www.amstelprinting.nl\/de\/#organization","name":"Amstel Printing","url":"https:\/\/www.amstelprinting.nl\/de\/","logo":{"@type":"ImageObject","inLanguage":"de","@id":"https:\/\/www.amstelprinting.nl\/de\/#\/schema\/logo\/image\/","url":"https:\/\/www.amstelprinting.nl\/wp-content\/uploads\/amstel_printing_logo_clean.png","contentUrl":"https:\/\/www.amstelprinting.nl\/wp-content\/uploads\/amstel_printing_logo_clean.png","width":324,"height":73,"caption":"Amstel Printing"},"image":{"@id":"https:\/\/www.amstelprinting.nl\/de\/#\/schema\/logo\/image\/"}}]}},"_links":{"self":[{"href":"https:\/\/www.amstelprinting.nl\/de\/wp-json\/wp\/v2\/product\/14909","targetHints":{"allow":["GET"]}}],"collection":[{"href":"https:\/\/www.amstelprinting.nl\/de\/wp-json\/wp\/v2\/product"}],"about":[{"href":"https:\/\/www.amstelprinting.nl\/de\/wp-json\/wp\/v2\/types\/product"}],"wp:featuredmedia":[{"embeddable":true,"href":"https:\/\/www.amstelprinting.nl\/de\/wp-json\/wp\/v2\/media\/14910"}],"wp:attachment":[{"href":"https:\/\/www.amstelprinting.nl\/de\/wp-json\/wp\/v2\/media?parent=14909"}],"wp:term":[{"taxonomy":"product_brand","embeddable":true,"href":"https:\/\/www.amstelprinting.nl\/de\/wp-json\/wp\/v2\/product_brand?post=14909"},{"taxonomy":"product_cat","embeddable":true,"href":"https:\/\/www.amstelprinting.nl\/de\/wp-json\/wp\/v2\/product_cat?post=14909"},{"taxonomy":"product_tag","embeddable":true,"href":"https:\/\/www.amstelprinting.nl\/de\/wp-json\/wp\/v2\/product_tag?post=14909"}],"curies":[{"name":"wp","href":"https:\/\/api.w.org\/{rel}","templated":true}]}}