{"id":14919,"date":"2025-01-24T11:27:37","date_gmt":"2025-01-24T10:27:37","guid":{"rendered":"https:\/\/www.amstelprinting.nl\/winkel\/unkategorisiert\/beachflag-mini\/"},"modified":"2026-02-10T12:29:19","modified_gmt":"2026-02-10T11:29:19","slug":"beachflag-mini","status":"publish","type":"product","link":"https:\/\/www.amstelprinting.nl\/de\/gesch\u00e4ft\/alle-flaggen\/beachflags\/beachflag-mini\/","title":{"rendered":"Beachflag Mini"},"content":{"rendered":"<h3>Mini Beachflag \u2013 Auf subtile Weise auffallen<\/h3>\n<p>Die Mini Beachflag (auch Tischfahne genannt) ist die perfekte, kompakte Version der bekannten beliebten Beachflag. Dieses Tischmodell bietet eine hervorragende M\u00f6glichkeit, Ihre Botschaft auf Messen, Veranstaltungen oder im Ladenlokal zu pr\u00e4sentieren.<\/p>\n<h3>Kompakt und praktisch<\/h3>\n<p>Mit einem Tuchformat von 34 x 60 cm und einer Gesamth\u00f6he von 62 cm ist diese Mini Beachflag ideal f\u00fcr die Platzierung auf Schreibtischen, Tischen oder Tresen. Das Modell basiert auf der spielerischen Dropflag-Form (Tropfenform).<\/p>\n<h3>Designwechsel?<\/h3>\n<p>Das Tuch der Mini Beachflag kann separat nachbestellt werden, sodass Sie ganz einfach neue Mini-T\u00fccher austauschen oder zus\u00e4tzliche Exemplare f\u00fcr verschiedene Kampagnen bestellen k\u00f6nnen. Das Material ist von hoher Qualit\u00e4t und f\u00fcr den wiederholten Gebrauch geeignet.<\/p>\n<h3>Stabiler und fester Stand<\/h3>\n<p>Die Mini Beachflag wird mit einem soliden St\u00e4nder geliefert, der mit einem beschwerten Standfu\u00df ausgestattet ist.<\/p>\n<h3>Mini Beachflag: Klein, g\u00fcnstig und dennoch effektiv!<\/h3>\n<p>Die Miniaturversion der bekannten Beachflag ist eine kosteng\u00fcnstige M\u00f6glichkeit, die Aufmerksamkeit Ihrer Kunden auf auff\u00e4llige Weise zu gewinnen. Ideal f\u00fcr den Einsatz in kleineren R\u00e4umen. Mit der Mini Beachflag bringen Sie die Wirkung einer Beachflag in voller Gr\u00f6\u00dfe auf ein kompaktes und budgetfreundliches Format!<\/p>\n","protected":false},"excerpt":{"rendered":"<h3>Mini Beachflag \u2013 Auf subtile Weise auffallen<\/h3>\n<p>Die Mini Beachflag (auch Tischfahne genannt) ist die perfekte, kompakte Version der bekannten beliebten Beachflag. Dieses Tischmodell bietet eine hervorragende M\u00f6glichkeit, Ihre Botschaft auf Messen, Veranstaltungen oder im Ladenlokal zu pr\u00e4sentieren.<\/p>\n","protected":false},"featured_media":14920,"template":"","meta":{"_et_pb_use_builder":"","_et_pb_old_content":"","_et_gb_content_width":""},"product_brand":[],"product_cat":[1000,900,1002,999,899],"product_tag":[],"class_list":{"0":"post-14919","1":"product","2":"type-product","3":"status-publish","4":"has-post-thumbnail","6":"product_cat-beachflags","7":"product_cat-dekoration","8":"product_cat-flaggen","9":"product_cat-alle-flaggen","10":"product_cat-messe-event","12":"first","13":"instock","14":"taxable","15":"shipping-taxable","16":"purchasable","17":"product-type-simple"},"yoast_head":"<!-- This site is optimized with the Yoast SEO plugin v27.3 - https:\/\/yoast.com\/product\/yoast-seo-wordpress\/ -->\n<title>Beachflag Mini Tischfahne \u2013 Kompakte und auff\u00e4llige Werbung<\/title>\n<meta name=\"description\" content=\"Bestellen Sie die Mini Beachflag f\u00fcr maximale Sichtbarkeit auf Tischen und Tresen. Kompakt und stabil mit auswechselbaren T\u00fcchern. Ideal f\u00fcr Events und Messen.\" \/>\n<meta name=\"robots\" content=\"index, follow, max-snippet:-1, max-image-preview:large, max-video-preview:-1\" \/>\n<link rel=\"canonical\" href=\"https:\/\/www.amstelprinting.nl\/de\/gesch\u00e4ft\/alle-flaggen\/beachflags\/beachflag-mini\/\" \/>\n<meta property=\"og:locale\" content=\"de_DE\" \/>\n<meta property=\"og:type\" content=\"article\" \/>\n<meta property=\"og:title\" content=\"Beachflag Mini Tischfahne \u2013 Kompakte und auff\u00e4llige Werbung\" \/>\n<meta property=\"og:description\" content=\"Bestellen Sie die Mini Beachflag f\u00fcr maximale Sichtbarkeit auf Tischen und Tresen. Kompakt und stabil mit auswechselbaren T\u00fcchern. Ideal f\u00fcr Events und Messen.\" \/>\n<meta property=\"og:url\" content=\"https:\/\/www.amstelprinting.nl\/de\/gesch\u00e4ft\/alle-flaggen\/beachflags\/beachflag-mini\/\" \/>\n<meta property=\"og:site_name\" content=\"Amstel Printing\" \/>\n<meta property=\"article:modified_time\" content=\"2026-02-10T11:29:19+00:00\" \/>\n<meta property=\"og:image\" content=\"https:\/\/www.amstelprinting.nl\/wp-content\/uploads\/minibeachflag-bedrukken.png\" \/>\n\t<meta property=\"og:image:width\" content=\"900\" \/>\n\t<meta property=\"og:image:height\" content=\"900\" \/>\n\t<meta property=\"og:image:type\" content=\"image\/png\" \/>\n<meta name=\"twitter:card\" content=\"summary_large_image\" \/>\n<meta name=\"twitter:label1\" content=\"Gesch\u00e4tzte Lesezeit\" \/>\n\t<meta name=\"twitter:data1\" content=\"1\u00a0Minute\" \/>\n<script type=\"application\/ld+json\" class=\"yoast-schema-graph\">{\"@context\":\"https:\\\/\\\/schema.org\",\"@graph\":[{\"@type\":\"WebPage\",\"@id\":\"https:\\\/\\\/www.amstelprinting.nl\\\/de\\\/gesch\u00e4ft\\\/alle-flaggen\\\/beachflags\\\/beachflag-mini\\\/\",\"url\":\"https:\\\/\\\/www.amstelprinting.nl\\\/de\\\/gesch\u00e4ft\\\/alle-flaggen\\\/beachflags\\\/beachflag-mini\\\/\",\"name\":\"Beachflag Mini Tischfahne \u2013 Kompakte und auff\u00e4llige Werbung\",\"isPartOf\":{\"@id\":\"https:\\\/\\\/www.amstelprinting.nl\\\/de\\\/#website\"},\"primaryImageOfPage\":{\"@id\":\"https:\\\/\\\/www.amstelprinting.nl\\\/de\\\/gesch\u00e4ft\\\/alle-flaggen\\\/beachflags\\\/beachflag-mini\\\/#primaryimage\"},\"image\":{\"@id\":\"https:\\\/\\\/www.amstelprinting.nl\\\/de\\\/gesch\u00e4ft\\\/alle-flaggen\\\/beachflags\\\/beachflag-mini\\\/#primaryimage\"},\"thumbnailUrl\":\"https:\\\/\\\/www.amstelprinting.nl\\\/wp-content\\\/uploads\\\/minibeachflag-bedrukken.png\",\"datePublished\":\"2025-01-24T10:27:37+00:00\",\"dateModified\":\"2026-02-10T11:29:19+00:00\",\"description\":\"Bestellen Sie die Mini Beachflag f\u00fcr maximale Sichtbarkeit auf Tischen und Tresen. Kompakt und stabil mit auswechselbaren T\u00fcchern. Ideal f\u00fcr Events und Messen.\",\"breadcrumb\":{\"@id\":\"https:\\\/\\\/www.amstelprinting.nl\\\/de\\\/gesch\u00e4ft\\\/alle-flaggen\\\/beachflags\\\/beachflag-mini\\\/#breadcrumb\"},\"inLanguage\":\"de\",\"potentialAction\":[{\"@type\":\"ReadAction\",\"target\":[\"https:\\\/\\\/www.amstelprinting.nl\\\/de\\\/gesch\u00e4ft\\\/alle-flaggen\\\/beachflags\\\/beachflag-mini\\\/\"]}]},{\"@type\":\"ImageObject\",\"inLanguage\":\"de\",\"@id\":\"https:\\\/\\\/www.amstelprinting.nl\\\/de\\\/gesch\u00e4ft\\\/alle-flaggen\\\/beachflags\\\/beachflag-mini\\\/#primaryimage\",\"url\":\"https:\\\/\\\/www.amstelprinting.nl\\\/wp-content\\\/uploads\\\/minibeachflag-bedrukken.png\",\"contentUrl\":\"https:\\\/\\\/www.amstelprinting.nl\\\/wp-content\\\/uploads\\\/minibeachflag-bedrukken.png\",\"width\":900,\"height\":900},{\"@type\":\"BreadcrumbList\",\"@id\":\"https:\\\/\\\/www.amstelprinting.nl\\\/de\\\/gesch\u00e4ft\\\/alle-flaggen\\\/beachflags\\\/beachflag-mini\\\/#breadcrumb\",\"itemListElement\":[{\"@type\":\"ListItem\",\"position\":1,\"name\":\"\",\"item\":\"https:\\\/\\\/www.amstelprinting.nl\\\/de\\\/\"},{\"@type\":\"ListItem\",\"position\":2,\"name\":\"Amstel Printing\",\"item\":\"https:\\\/\\\/www.amstelprinting.nl\\\/de\\\/geschaeft\\\/\"},{\"@type\":\"ListItem\",\"position\":3,\"name\":\"Messe &amp; Event\",\"item\":\"https:\\\/\\\/www.amstelprinting.nl\\\/de\\\/kategorie\\\/messe-event\\\/\"},{\"@type\":\"ListItem\",\"position\":4,\"name\":\"Dekoration\",\"item\":\"https:\\\/\\\/www.amstelprinting.nl\\\/de\\\/kategorie\\\/messe-event\\\/dekoration\\\/\"},{\"@type\":\"ListItem\",\"position\":5,\"name\":\"Beachflag Mini\"}]},{\"@type\":\"WebSite\",\"@id\":\"https:\\\/\\\/www.amstelprinting.nl\\\/de\\\/#website\",\"url\":\"https:\\\/\\\/www.amstelprinting.nl\\\/de\\\/\",\"name\":\"Amstel Printing\",\"description\":\"Creating Exposure\",\"publisher\":{\"@id\":\"https:\\\/\\\/www.amstelprinting.nl\\\/de\\\/#organization\"},\"potentialAction\":[{\"@type\":\"SearchAction\",\"target\":{\"@type\":\"EntryPoint\",\"urlTemplate\":\"https:\\\/\\\/www.amstelprinting.nl\\\/de\\\/?s={search_term_string}\"},\"query-input\":{\"@type\":\"PropertyValueSpecification\",\"valueRequired\":true,\"valueName\":\"search_term_string\"}}],\"inLanguage\":\"de\"},{\"@type\":\"Organization\",\"@id\":\"https:\\\/\\\/www.amstelprinting.nl\\\/de\\\/#organization\",\"name\":\"Amstel Printing\",\"url\":\"https:\\\/\\\/www.amstelprinting.nl\\\/de\\\/\",\"logo\":{\"@type\":\"ImageObject\",\"inLanguage\":\"de\",\"@id\":\"https:\\\/\\\/www.amstelprinting.nl\\\/de\\\/#\\\/schema\\\/logo\\\/image\\\/\",\"url\":\"https:\\\/\\\/www.amstelprinting.nl\\\/wp-content\\\/uploads\\\/amstel_printing_logo_clean.png\",\"contentUrl\":\"https:\\\/\\\/www.amstelprinting.nl\\\/wp-content\\\/uploads\\\/amstel_printing_logo_clean.png\",\"width\":324,\"height\":73,\"caption\":\"Amstel Printing\"},\"image\":{\"@id\":\"https:\\\/\\\/www.amstelprinting.nl\\\/de\\\/#\\\/schema\\\/logo\\\/image\\\/\"}}]}<\/script>\n<!-- \/ Yoast SEO plugin. -->","yoast_head_json":{"title":"Beachflag Mini Tischfahne \u2013 Kompakte und auff\u00e4llige Werbung","description":"Bestellen Sie die Mini Beachflag f\u00fcr maximale Sichtbarkeit auf Tischen und Tresen. Kompakt und stabil mit auswechselbaren T\u00fcchern. Ideal f\u00fcr Events und Messen.","robots":{"index":"index","follow":"follow","max-snippet":"max-snippet:-1","max-image-preview":"max-image-preview:large","max-video-preview":"max-video-preview:-1"},"canonical":"https:\/\/www.amstelprinting.nl\/de\/gesch\u00e4ft\/alle-flaggen\/beachflags\/beachflag-mini\/","og_locale":"de_DE","og_type":"article","og_title":"Beachflag Mini Tischfahne \u2013 Kompakte und auff\u00e4llige Werbung","og_description":"Bestellen Sie die Mini Beachflag f\u00fcr maximale Sichtbarkeit auf Tischen und Tresen. Kompakt und stabil mit auswechselbaren T\u00fcchern. Ideal f\u00fcr Events und Messen.","og_url":"https:\/\/www.amstelprinting.nl\/de\/gesch\u00e4ft\/alle-flaggen\/beachflags\/beachflag-mini\/","og_site_name":"Amstel Printing","article_modified_time":"2026-02-10T11:29:19+00:00","og_image":[{"width":900,"height":900,"url":"https:\/\/www.amstelprinting.nl\/wp-content\/uploads\/minibeachflag-bedrukken.png","type":"image\/png"}],"twitter_card":"summary_large_image","twitter_misc":{"Gesch\u00e4tzte Lesezeit":"1\u00a0Minute"},"schema":{"@context":"https:\/\/schema.org","@graph":[{"@type":"WebPage","@id":"https:\/\/www.amstelprinting.nl\/de\/gesch\u00e4ft\/alle-flaggen\/beachflags\/beachflag-mini\/","url":"https:\/\/www.amstelprinting.nl\/de\/gesch\u00e4ft\/alle-flaggen\/beachflags\/beachflag-mini\/","name":"Beachflag Mini Tischfahne \u2013 Kompakte und auff\u00e4llige Werbung","isPartOf":{"@id":"https:\/\/www.amstelprinting.nl\/de\/#website"},"primaryImageOfPage":{"@id":"https:\/\/www.amstelprinting.nl\/de\/gesch\u00e4ft\/alle-flaggen\/beachflags\/beachflag-mini\/#primaryimage"},"image":{"@id":"https:\/\/www.amstelprinting.nl\/de\/gesch\u00e4ft\/alle-flaggen\/beachflags\/beachflag-mini\/#primaryimage"},"thumbnailUrl":"https:\/\/www.amstelprinting.nl\/wp-content\/uploads\/minibeachflag-bedrukken.png","datePublished":"2025-01-24T10:27:37+00:00","dateModified":"2026-02-10T11:29:19+00:00","description":"Bestellen Sie die Mini Beachflag f\u00fcr maximale Sichtbarkeit auf Tischen und Tresen. Kompakt und stabil mit auswechselbaren T\u00fcchern. Ideal f\u00fcr Events und Messen.","breadcrumb":{"@id":"https:\/\/www.amstelprinting.nl\/de\/gesch\u00e4ft\/alle-flaggen\/beachflags\/beachflag-mini\/#breadcrumb"},"inLanguage":"de","potentialAction":[{"@type":"ReadAction","target":["https:\/\/www.amstelprinting.nl\/de\/gesch\u00e4ft\/alle-flaggen\/beachflags\/beachflag-mini\/"]}]},{"@type":"ImageObject","inLanguage":"de","@id":"https:\/\/www.amstelprinting.nl\/de\/gesch\u00e4ft\/alle-flaggen\/beachflags\/beachflag-mini\/#primaryimage","url":"https:\/\/www.amstelprinting.nl\/wp-content\/uploads\/minibeachflag-bedrukken.png","contentUrl":"https:\/\/www.amstelprinting.nl\/wp-content\/uploads\/minibeachflag-bedrukken.png","width":900,"height":900},{"@type":"BreadcrumbList","@id":"https:\/\/www.amstelprinting.nl\/de\/gesch\u00e4ft\/alle-flaggen\/beachflags\/beachflag-mini\/#breadcrumb","itemListElement":[{"@type":"ListItem","position":1,"name":"","item":"https:\/\/www.amstelprinting.nl\/de\/"},{"@type":"ListItem","position":2,"name":"Amstel Printing","item":"https:\/\/www.amstelprinting.nl\/de\/geschaeft\/"},{"@type":"ListItem","position":3,"name":"Messe &amp; Event","item":"https:\/\/www.amstelprinting.nl\/de\/kategorie\/messe-event\/"},{"@type":"ListItem","position":4,"name":"Dekoration","item":"https:\/\/www.amstelprinting.nl\/de\/kategorie\/messe-event\/dekoration\/"},{"@type":"ListItem","position":5,"name":"Beachflag Mini"}]},{"@type":"WebSite","@id":"https:\/\/www.amstelprinting.nl\/de\/#website","url":"https:\/\/www.amstelprinting.nl\/de\/","name":"Amstel Printing","description":"Creating Exposure","publisher":{"@id":"https:\/\/www.amstelprinting.nl\/de\/#organization"},"potentialAction":[{"@type":"SearchAction","target":{"@type":"EntryPoint","urlTemplate":"https:\/\/www.amstelprinting.nl\/de\/?s={search_term_string}"},"query-input":{"@type":"PropertyValueSpecification","valueRequired":true,"valueName":"search_term_string"}}],"inLanguage":"de"},{"@type":"Organization","@id":"https:\/\/www.amstelprinting.nl\/de\/#organization","name":"Amstel Printing","url":"https:\/\/www.amstelprinting.nl\/de\/","logo":{"@type":"ImageObject","inLanguage":"de","@id":"https:\/\/www.amstelprinting.nl\/de\/#\/schema\/logo\/image\/","url":"https:\/\/www.amstelprinting.nl\/wp-content\/uploads\/amstel_printing_logo_clean.png","contentUrl":"https:\/\/www.amstelprinting.nl\/wp-content\/uploads\/amstel_printing_logo_clean.png","width":324,"height":73,"caption":"Amstel Printing"},"image":{"@id":"https:\/\/www.amstelprinting.nl\/de\/#\/schema\/logo\/image\/"}}]}},"_links":{"self":[{"href":"https:\/\/www.amstelprinting.nl\/de\/wp-json\/wp\/v2\/product\/14919","targetHints":{"allow":["GET"]}}],"collection":[{"href":"https:\/\/www.amstelprinting.nl\/de\/wp-json\/wp\/v2\/product"}],"about":[{"href":"https:\/\/www.amstelprinting.nl\/de\/wp-json\/wp\/v2\/types\/product"}],"wp:featuredmedia":[{"embeddable":true,"href":"https:\/\/www.amstelprinting.nl\/de\/wp-json\/wp\/v2\/media\/14920"}],"wp:attachment":[{"href":"https:\/\/www.amstelprinting.nl\/de\/wp-json\/wp\/v2\/media?parent=14919"}],"wp:term":[{"taxonomy":"product_brand","embeddable":true,"href":"https:\/\/www.amstelprinting.nl\/de\/wp-json\/wp\/v2\/product_brand?post=14919"},{"taxonomy":"product_cat","embeddable":true,"href":"https:\/\/www.amstelprinting.nl\/de\/wp-json\/wp\/v2\/product_cat?post=14919"},{"taxonomy":"product_tag","embeddable":true,"href":"https:\/\/www.amstelprinting.nl\/de\/wp-json\/wp\/v2\/product_tag?post=14919"}],"curies":[{"name":"wp","href":"https:\/\/api.w.org\/{rel}","templated":true}]}}