{"id":14949,"date":"2025-01-24T11:27:23","date_gmt":"2025-01-24T10:27:23","guid":{"rendered":"https:\/\/www.amstelprinting.nl\/winkel\/unkategorisiert\/pixlip-go-frame\/"},"modified":"2026-02-18T12:54:14","modified_gmt":"2026-02-18T11:54:14","slug":"pixlip-go-rahmen","status":"publish","type":"product","link":"https:\/\/www.amstelprinting.nl\/de\/gesch\u00e4ft\/innenwerbung\/prasentation\/pixlip-go-rahmen\/","title":{"rendered":"Pixlip Go Rahmen"},"content":{"rendered":"<h3>Vorteile<\/h3>\n<ul>\n<li>Beidseitiger Druck<\/li>\n<li>Innerhalb von 5 Minuten aufgebaut<\/li>\n<li>Erh\u00e4ltlich in 4 festen Formaten<\/li>\n<li>Nachhaltig: hergestellt aus recyceltem Kunststoff<\/li>\n<li>Einfach zu transportieren dank mitgelieferter Tragetasche<\/li>\n<li>Vervollst\u00e4ndigen Sie es mit einem optionalen Prospekthalter<\/li>\n<li>Brandsicher: ausgestattet mit B1-Brandzertifizierung<\/li>\n<\/ul>\n<p>&nbsp;<\/p>\n<h3>Pixlip Go Rahmen bestellen<\/h3>\n<p>Erwecken Sie Ihre Pr\u00e4sentation mit dem Pixlip Go Rahmen zum Leben, der L\u00f6sung f\u00fcr professionelle und beeindruckende visuelle Kommunikation! Der Pixlip Go Rahmen ist nicht nur auff\u00e4llig und stilvoll, sondern auch unglaublich einfach zu transportieren und aufzubauen. Ob Sie einen Messestand, eine Ladenpr\u00e4sentation oder eine Firmenveranstaltung organisieren, dieses innovative beidseitige Displaysystem bietet die perfekte L\u00f6sung f\u00fcr Ihre Anforderungen an die visuelle Kommunikation.<\/p>\n<h3>Formate und Materialien<\/h3>\n<p>Der Pixlip Go Rahmen bietet Vielseitigkeit und Flexibilit\u00e4t in verschiedenen Formaten, wodurch er perfekt zu all Ihren Pr\u00e4sentationsw\u00fcnschen passt.<\/p>\n<ul>\n<li><strong>Pixlip Messetheke<\/strong> &#8211; Er ist als kompakter Counter erh\u00e4ltlich (siehe Pixlip Go Theke) mit einer Abmessung von 100 cm x 100 cm und einer Arbeitsplatte mit einer Tiefe von 40 cm. Ideal f\u00fcr funktionale und professionelle Pr\u00e4sentationen.<\/li>\n<li><strong>Pixlip Go LED Rahmen<\/strong> &#8211; Dar\u00fcber hinaus k\u00f6nnen Sie aus drei Rahmenformaten w\u00e4hlen: 100 cm x 200 cm, 100 cm x 250 cm und 200 cm x 250 cm, sodass Sie f\u00fcr jede Pr\u00e4sentation immer die richtige Gr\u00f6\u00dfe haben, egal ob es sich um ein kleines Display oder einen gro\u00dfen Messestand handelt.<\/li>\n<\/ul>\n<p>&nbsp;<br \/>\nF\u00fcr den Pixlip Go Rahmen haben Sie die Wahl zwischen zwei hochwertigen Materialien f\u00fcr das Spanntuch: Samba Backlit und LumiTex. Es besteht aus zwei T\u00fcchern, die sowohl an der Vorder- als auch an der R\u00fcckseite des Rahmens angebracht werden, sodass Ihre Pr\u00e4sentation von allen Seiten sichtbar ist.<\/p>\n<p><strong>Samba Backlit<\/strong>: Dieses Polyestergewebe ist bekannt f\u00fcr seine intensiven Farben und seine Helligkeit. Es wurde speziell entwickelt, um in beleuchteten Pixlip-Rahmen zu gl\u00e4nzen, sodass Ihre Botschaft immer klar und lebendig zur Geltung kommt.<\/p>\n<p><strong>LumiTex<\/strong>: Hergestellt aus 100 % Polyester mit extra feinen Garnen und einer doppelten Tintenschicht. LumiTex bietet au\u00dfergew\u00f6hnliche Helligkeit und ist perfekt f\u00fcr den Einsatz in beleuchteten Pixlip-Anwendungen geeignet, sodass Ihre Visuals immer professionell und scharf aussehen.<\/p>\n<h3>Unterschiede zwischen Samba Backlit und LumiTex<\/h3>\n<p>Der Unterschied zwischen Samba Backlit und LumiTex bezieht sich haupts\u00e4chlich auf die Drucktechnik. Das Samba Spanntuch wird mit einem 200 % UV-Druck versehen, w\u00e4hrend LumiTex einen 200 % Sublimationsdruck verwendet. Der Nachteil eines UV-Drucks ist, dass die doppelten Tintenschichten einen (vor\u00fcbergehenden) starken Geruch abgeben. LumiTex hingegen ist geruchlos und knitterfrei.<br \/>\nDar\u00fcber hinaus ist der Druck auf LumiTex-Gewebe im Vergleich zu Samba Backlit auch etwas nachhaltiger. Die verwendeten Tinten basieren n\u00e4mlich auf Wasserbasis. Zudem ist LumiTex (genau wie Samba Backlit) \u00fcbrigens auch PVC-frei und recycelbar.<\/p>\n<p>Der letzte charakteristische Unterschied zwischen den beiden Stoffen ist, dass Samba Backlit mit einer Beschichtung versehen ist. Dank dieser Beschichtung ist Samba Backlit auch kurzzeitig im Au\u00dfenbereich einsetzbar. LumiTex ist ausschlie\u00dflich f\u00fcr Innenanwendungen geeignet.<\/p>\n<h3>Pixlip Zubeh\u00f6r<\/h3>\n<p>Vervollst\u00e4ndigen Sie Ihre Pr\u00e4sentation mit praktischem Zubeh\u00f6r, das speziell f\u00fcr den Pixlip Go Rahmen entwickelt wurde. Das E-Locktool sorgt f\u00fcr eine einfache Montage des Spanntuchs im Pixlip-Rahmen. M\u00f6chten Sie mehrere Rahmen nahtlos miteinander verbinden? Dann w\u00e4hlen Sie den Flexx Connector.<br \/>\nMit dem Pixlip Go Rahmen sind Sie immer bereit, einen bleibenden Eindruck zu hinterlassen. Er kombiniert Einfachheit, Flexibilit\u00e4t und Professionalit\u00e4t in einem benutzerfreundlichen System. Setzen Sie Ihre Botschaft ins Rampenlicht und beeindrucken Sie Ihr Publikum mit dem Pixlip Go Rahmen!<\/p>\n<h3>H\u00e4ufig gestellte Fragen<\/h3>\n<p><strong>Wie viele Spannt\u00fccher erhalte ich und ist es m\u00f6glich, mehrere Designs hochzuladen?<\/strong><br \/>\nSie erhalten zwei Spannt\u00fccher: eines f\u00fcr die Vorderseite und eines f\u00fcr die R\u00fcckseite. Beide Spannt\u00fccher k\u00f6nnen mit unterschiedlichen Designs versehen werden.<\/p>\n<p><strong>Ist es m\u00f6glich, dieses Produkt in einem abweichenden Format zu bestellen?<\/strong><br \/>\nJa, abweichende Formate sind durchaus m\u00f6glich. Kontaktieren Sie unseren Kundenservice f\u00fcr weitere Informationen und ein ma\u00dfgeschneidertes Angebot.<\/p>\n","protected":false},"excerpt":{"rendered":"<h3>Einfach zu transportierender LED-Rahmen mit beidseitigem Druck<\/h3>\n<p>Der freistehende Rahmen, der Ihren Druck auf zwei Seiten ins Rampenlicht r\u00fcckt! Der Pixlip Go Rahmen ist sehr leicht und daher einfach zu transportieren. Die LED-Beleuchtung sorgt f\u00fcr eine intensive Ausleuchtung Ihrer Drucke. Haben Sie sich an den Drucken sattgesehen? Sie k\u00f6nnen die einzelnen Drucke einfach nachbestellen und selbst austauschen. Stellen Sie unten in wenigen Schritten Ihren Pixlip Go Rahmen zusammen.<\/p>\n","protected":false},"featured_media":14950,"template":"","meta":{"_et_pb_use_builder":"","_et_pb_old_content":"","_et_gb_content_width":""},"product_brand":[],"product_cat":[906,907,899,910],"product_tag":[],"class_list":{"0":"post-14949","1":"product","2":"type-product","3":"status-publish","4":"has-post-thumbnail","6":"product_cat-beleuchtete-ausstellungswande","7":"product_cat-innenwerbung","8":"product_cat-messe-event","9":"product_cat-prasentation","11":"first","12":"instock","13":"taxable","14":"shipping-taxable","15":"purchasable","16":"product-type-simple"},"yoast_head":"<!-- This site is optimized with the Yoast SEO plugin v27.3 - https:\/\/yoast.com\/product\/yoast-seo-wordpress\/ -->\n<title>Pixlip Go Rahmen | Amstel Printing<\/title>\n<meta name=\"robots\" content=\"index, follow, max-snippet:-1, max-image-preview:large, max-video-preview:-1\" \/>\n<link rel=\"canonical\" href=\"https:\/\/www.amstelprinting.nl\/de\/gesch\u00e4ft\/innenwerbung\/prasentation\/pixlip-go-rahmen\/\" \/>\n<meta property=\"og:locale\" content=\"de_DE\" \/>\n<meta property=\"og:type\" content=\"article\" \/>\n<meta property=\"og:title\" content=\"Pixlip Go Rahmen | Amstel Printing\" \/>\n<meta property=\"og:description\" content=\"Einfach zu transportierender LED-Rahmen mit beidseitigem Druck Der freistehende Rahmen, der Ihren Druck auf zwei Seiten ins Rampenlicht r\u00fcckt! Der Pixlip Go Rahmen ist sehr leicht und daher einfach zu transportieren. Die LED-Beleuchtung sorgt f\u00fcr eine intensive Ausleuchtung Ihrer Drucke. Haben Sie sich an den Drucken sattgesehen? Sie k\u00f6nnen die einzelnen Drucke einfach nachbestellen und selbst austauschen. Stellen Sie unten in wenigen Schritten Ihren Pixlip Go Rahmen zusammen.\" \/>\n<meta property=\"og:url\" content=\"https:\/\/www.amstelprinting.nl\/de\/gesch\u00e4ft\/innenwerbung\/prasentation\/pixlip-go-rahmen\/\" \/>\n<meta property=\"og:site_name\" content=\"Amstel Printing\" \/>\n<meta property=\"article:modified_time\" content=\"2026-02-18T11:54:14+00:00\" \/>\n<meta property=\"og:image\" content=\"https:\/\/www.amstelprinting.nl\/wp-content\/uploads\/pixlip-go-frame-bedrukken.png\" \/>\n\t<meta property=\"og:image:width\" content=\"900\" \/>\n\t<meta property=\"og:image:height\" content=\"900\" \/>\n\t<meta property=\"og:image:type\" content=\"image\/png\" \/>\n<meta name=\"twitter:card\" content=\"summary_large_image\" \/>\n<meta name=\"twitter:label1\" content=\"Gesch\u00e4tzte Lesezeit\" \/>\n\t<meta name=\"twitter:data1\" content=\"3\u00a0Minuten\" \/>\n<script type=\"application\/ld+json\" class=\"yoast-schema-graph\">{\"@context\":\"https:\\\/\\\/schema.org\",\"@graph\":[{\"@type\":\"WebPage\",\"@id\":\"https:\\\/\\\/www.amstelprinting.nl\\\/de\\\/gesch\u00e4ft\\\/innenwerbung\\\/prasentation\\\/pixlip-go-rahmen\\\/\",\"url\":\"https:\\\/\\\/www.amstelprinting.nl\\\/de\\\/gesch\u00e4ft\\\/innenwerbung\\\/prasentation\\\/pixlip-go-rahmen\\\/\",\"name\":\"Pixlip Go Rahmen | Amstel Printing\",\"isPartOf\":{\"@id\":\"https:\\\/\\\/www.amstelprinting.nl\\\/de\\\/#website\"},\"primaryImageOfPage\":{\"@id\":\"https:\\\/\\\/www.amstelprinting.nl\\\/de\\\/gesch\u00e4ft\\\/innenwerbung\\\/prasentation\\\/pixlip-go-rahmen\\\/#primaryimage\"},\"image\":{\"@id\":\"https:\\\/\\\/www.amstelprinting.nl\\\/de\\\/gesch\u00e4ft\\\/innenwerbung\\\/prasentation\\\/pixlip-go-rahmen\\\/#primaryimage\"},\"thumbnailUrl\":\"https:\\\/\\\/www.amstelprinting.nl\\\/wp-content\\\/uploads\\\/pixlip-go-frame-bedrukken.png\",\"datePublished\":\"2025-01-24T10:27:23+00:00\",\"dateModified\":\"2026-02-18T11:54:14+00:00\",\"breadcrumb\":{\"@id\":\"https:\\\/\\\/www.amstelprinting.nl\\\/de\\\/gesch\u00e4ft\\\/innenwerbung\\\/prasentation\\\/pixlip-go-rahmen\\\/#breadcrumb\"},\"inLanguage\":\"de\",\"potentialAction\":[{\"@type\":\"ReadAction\",\"target\":[\"https:\\\/\\\/www.amstelprinting.nl\\\/de\\\/gesch\u00e4ft\\\/innenwerbung\\\/prasentation\\\/pixlip-go-rahmen\\\/\"]}]},{\"@type\":\"ImageObject\",\"inLanguage\":\"de\",\"@id\":\"https:\\\/\\\/www.amstelprinting.nl\\\/de\\\/gesch\u00e4ft\\\/innenwerbung\\\/prasentation\\\/pixlip-go-rahmen\\\/#primaryimage\",\"url\":\"https:\\\/\\\/www.amstelprinting.nl\\\/wp-content\\\/uploads\\\/pixlip-go-frame-bedrukken.png\",\"contentUrl\":\"https:\\\/\\\/www.amstelprinting.nl\\\/wp-content\\\/uploads\\\/pixlip-go-frame-bedrukken.png\",\"width\":900,\"height\":900},{\"@type\":\"BreadcrumbList\",\"@id\":\"https:\\\/\\\/www.amstelprinting.nl\\\/de\\\/gesch\u00e4ft\\\/innenwerbung\\\/prasentation\\\/pixlip-go-rahmen\\\/#breadcrumb\",\"itemListElement\":[{\"@type\":\"ListItem\",\"position\":1,\"name\":\"\",\"item\":\"https:\\\/\\\/www.amstelprinting.nl\\\/de\\\/\"},{\"@type\":\"ListItem\",\"position\":2,\"name\":\"Amstel Printing\",\"item\":\"https:\\\/\\\/www.amstelprinting.nl\\\/de\\\/geschaeft\\\/\"},{\"@type\":\"ListItem\",\"position\":3,\"name\":\"Innenwerbung\",\"item\":\"https:\\\/\\\/www.amstelprinting.nl\\\/de\\\/kategorie\\\/innenwerbung\\\/\"},{\"@type\":\"ListItem\",\"position\":4,\"name\":\"Pr\u00e4sentation\",\"item\":\"https:\\\/\\\/www.amstelprinting.nl\\\/de\\\/kategorie\\\/innenwerbung\\\/prasentation\\\/\"},{\"@type\":\"ListItem\",\"position\":5,\"name\":\"Pixlip Go Rahmen\"}]},{\"@type\":\"WebSite\",\"@id\":\"https:\\\/\\\/www.amstelprinting.nl\\\/de\\\/#website\",\"url\":\"https:\\\/\\\/www.amstelprinting.nl\\\/de\\\/\",\"name\":\"Amstel Printing\",\"description\":\"Creating Exposure\",\"publisher\":{\"@id\":\"https:\\\/\\\/www.amstelprinting.nl\\\/de\\\/#organization\"},\"potentialAction\":[{\"@type\":\"SearchAction\",\"target\":{\"@type\":\"EntryPoint\",\"urlTemplate\":\"https:\\\/\\\/www.amstelprinting.nl\\\/de\\\/?s={search_term_string}\"},\"query-input\":{\"@type\":\"PropertyValueSpecification\",\"valueRequired\":true,\"valueName\":\"search_term_string\"}}],\"inLanguage\":\"de\"},{\"@type\":\"Organization\",\"@id\":\"https:\\\/\\\/www.amstelprinting.nl\\\/de\\\/#organization\",\"name\":\"Amstel Printing\",\"url\":\"https:\\\/\\\/www.amstelprinting.nl\\\/de\\\/\",\"logo\":{\"@type\":\"ImageObject\",\"inLanguage\":\"de\",\"@id\":\"https:\\\/\\\/www.amstelprinting.nl\\\/de\\\/#\\\/schema\\\/logo\\\/image\\\/\",\"url\":\"https:\\\/\\\/www.amstelprinting.nl\\\/wp-content\\\/uploads\\\/amstel_printing_logo_clean.png\",\"contentUrl\":\"https:\\\/\\\/www.amstelprinting.nl\\\/wp-content\\\/uploads\\\/amstel_printing_logo_clean.png\",\"width\":324,\"height\":73,\"caption\":\"Amstel Printing\"},\"image\":{\"@id\":\"https:\\\/\\\/www.amstelprinting.nl\\\/de\\\/#\\\/schema\\\/logo\\\/image\\\/\"}}]}<\/script>\n<!-- \/ Yoast SEO plugin. -->","yoast_head_json":{"title":"Pixlip Go Rahmen | Amstel Printing","robots":{"index":"index","follow":"follow","max-snippet":"max-snippet:-1","max-image-preview":"max-image-preview:large","max-video-preview":"max-video-preview:-1"},"canonical":"https:\/\/www.amstelprinting.nl\/de\/gesch\u00e4ft\/innenwerbung\/prasentation\/pixlip-go-rahmen\/","og_locale":"de_DE","og_type":"article","og_title":"Pixlip Go Rahmen | Amstel Printing","og_description":"Einfach zu transportierender LED-Rahmen mit beidseitigem Druck Der freistehende Rahmen, der Ihren Druck auf zwei Seiten ins Rampenlicht r\u00fcckt! Der Pixlip Go Rahmen ist sehr leicht und daher einfach zu transportieren. Die LED-Beleuchtung sorgt f\u00fcr eine intensive Ausleuchtung Ihrer Drucke. Haben Sie sich an den Drucken sattgesehen? Sie k\u00f6nnen die einzelnen Drucke einfach nachbestellen und selbst austauschen. Stellen Sie unten in wenigen Schritten Ihren Pixlip Go Rahmen zusammen.","og_url":"https:\/\/www.amstelprinting.nl\/de\/gesch\u00e4ft\/innenwerbung\/prasentation\/pixlip-go-rahmen\/","og_site_name":"Amstel Printing","article_modified_time":"2026-02-18T11:54:14+00:00","og_image":[{"width":900,"height":900,"url":"https:\/\/www.amstelprinting.nl\/wp-content\/uploads\/pixlip-go-frame-bedrukken.png","type":"image\/png"}],"twitter_card":"summary_large_image","twitter_misc":{"Gesch\u00e4tzte Lesezeit":"3\u00a0Minuten"},"schema":{"@context":"https:\/\/schema.org","@graph":[{"@type":"WebPage","@id":"https:\/\/www.amstelprinting.nl\/de\/gesch\u00e4ft\/innenwerbung\/prasentation\/pixlip-go-rahmen\/","url":"https:\/\/www.amstelprinting.nl\/de\/gesch\u00e4ft\/innenwerbung\/prasentation\/pixlip-go-rahmen\/","name":"Pixlip Go Rahmen | Amstel Printing","isPartOf":{"@id":"https:\/\/www.amstelprinting.nl\/de\/#website"},"primaryImageOfPage":{"@id":"https:\/\/www.amstelprinting.nl\/de\/gesch\u00e4ft\/innenwerbung\/prasentation\/pixlip-go-rahmen\/#primaryimage"},"image":{"@id":"https:\/\/www.amstelprinting.nl\/de\/gesch\u00e4ft\/innenwerbung\/prasentation\/pixlip-go-rahmen\/#primaryimage"},"thumbnailUrl":"https:\/\/www.amstelprinting.nl\/wp-content\/uploads\/pixlip-go-frame-bedrukken.png","datePublished":"2025-01-24T10:27:23+00:00","dateModified":"2026-02-18T11:54:14+00:00","breadcrumb":{"@id":"https:\/\/www.amstelprinting.nl\/de\/gesch\u00e4ft\/innenwerbung\/prasentation\/pixlip-go-rahmen\/#breadcrumb"},"inLanguage":"de","potentialAction":[{"@type":"ReadAction","target":["https:\/\/www.amstelprinting.nl\/de\/gesch\u00e4ft\/innenwerbung\/prasentation\/pixlip-go-rahmen\/"]}]},{"@type":"ImageObject","inLanguage":"de","@id":"https:\/\/www.amstelprinting.nl\/de\/gesch\u00e4ft\/innenwerbung\/prasentation\/pixlip-go-rahmen\/#primaryimage","url":"https:\/\/www.amstelprinting.nl\/wp-content\/uploads\/pixlip-go-frame-bedrukken.png","contentUrl":"https:\/\/www.amstelprinting.nl\/wp-content\/uploads\/pixlip-go-frame-bedrukken.png","width":900,"height":900},{"@type":"BreadcrumbList","@id":"https:\/\/www.amstelprinting.nl\/de\/gesch\u00e4ft\/innenwerbung\/prasentation\/pixlip-go-rahmen\/#breadcrumb","itemListElement":[{"@type":"ListItem","position":1,"name":"","item":"https:\/\/www.amstelprinting.nl\/de\/"},{"@type":"ListItem","position":2,"name":"Amstel Printing","item":"https:\/\/www.amstelprinting.nl\/de\/geschaeft\/"},{"@type":"ListItem","position":3,"name":"Innenwerbung","item":"https:\/\/www.amstelprinting.nl\/de\/kategorie\/innenwerbung\/"},{"@type":"ListItem","position":4,"name":"Pr\u00e4sentation","item":"https:\/\/www.amstelprinting.nl\/de\/kategorie\/innenwerbung\/prasentation\/"},{"@type":"ListItem","position":5,"name":"Pixlip Go Rahmen"}]},{"@type":"WebSite","@id":"https:\/\/www.amstelprinting.nl\/de\/#website","url":"https:\/\/www.amstelprinting.nl\/de\/","name":"Amstel Printing","description":"Creating Exposure","publisher":{"@id":"https:\/\/www.amstelprinting.nl\/de\/#organization"},"potentialAction":[{"@type":"SearchAction","target":{"@type":"EntryPoint","urlTemplate":"https:\/\/www.amstelprinting.nl\/de\/?s={search_term_string}"},"query-input":{"@type":"PropertyValueSpecification","valueRequired":true,"valueName":"search_term_string"}}],"inLanguage":"de"},{"@type":"Organization","@id":"https:\/\/www.amstelprinting.nl\/de\/#organization","name":"Amstel Printing","url":"https:\/\/www.amstelprinting.nl\/de\/","logo":{"@type":"ImageObject","inLanguage":"de","@id":"https:\/\/www.amstelprinting.nl\/de\/#\/schema\/logo\/image\/","url":"https:\/\/www.amstelprinting.nl\/wp-content\/uploads\/amstel_printing_logo_clean.png","contentUrl":"https:\/\/www.amstelprinting.nl\/wp-content\/uploads\/amstel_printing_logo_clean.png","width":324,"height":73,"caption":"Amstel Printing"},"image":{"@id":"https:\/\/www.amstelprinting.nl\/de\/#\/schema\/logo\/image\/"}}]}},"_links":{"self":[{"href":"https:\/\/www.amstelprinting.nl\/de\/wp-json\/wp\/v2\/product\/14949","targetHints":{"allow":["GET"]}}],"collection":[{"href":"https:\/\/www.amstelprinting.nl\/de\/wp-json\/wp\/v2\/product"}],"about":[{"href":"https:\/\/www.amstelprinting.nl\/de\/wp-json\/wp\/v2\/types\/product"}],"wp:featuredmedia":[{"embeddable":true,"href":"https:\/\/www.amstelprinting.nl\/de\/wp-json\/wp\/v2\/media\/14950"}],"wp:attachment":[{"href":"https:\/\/www.amstelprinting.nl\/de\/wp-json\/wp\/v2\/media?parent=14949"}],"wp:term":[{"taxonomy":"product_brand","embeddable":true,"href":"https:\/\/www.amstelprinting.nl\/de\/wp-json\/wp\/v2\/product_brand?post=14949"},{"taxonomy":"product_cat","embeddable":true,"href":"https:\/\/www.amstelprinting.nl\/de\/wp-json\/wp\/v2\/product_cat?post=14949"},{"taxonomy":"product_tag","embeddable":true,"href":"https:\/\/www.amstelprinting.nl\/de\/wp-json\/wp\/v2\/product_tag?post=14949"}],"curies":[{"name":"wp","href":"https:\/\/api.w.org\/{rel}","templated":true}]}}