{"id":14959,"date":"2025-01-24T11:26:37","date_gmt":"2025-01-24T10:26:37","guid":{"rendered":"https:\/\/www.amstelprinting.nl\/winkel\/unkategorisiert\/pixlip-go-balie\/"},"modified":"2026-02-18T12:54:15","modified_gmt":"2026-02-18T11:54:15","slug":"pixlip-go-theke","status":"publish","type":"product","link":"https:\/\/www.amstelprinting.nl\/de\/gesch\u00e4ft\/innenwerbung\/prasentation\/pixlip-go-theke\/","title":{"rendered":"Pixlip Go Theke"},"content":{"rendered":"<h3>Warum Pixlip Go<\/h3>\n<ul>\n<li>Doppelseitiger Druck: f\u00fcr maximale Sichtbarkeit<\/li>\n<li>Leichtgewichtig und einfach zu transportieren mittels der Tragetasche<\/li>\n<li>Erh\u00e4ltlich in zwei verschiedenen Materialien<\/li>\n<li>Dank des innovativen Plug-in-Systems in 5 Minuten aufgebaut<\/li>\n<li>Erg\u00e4nzen Sie den Pixlip Go mit einem optionalen Prospekthalter<\/li>\n<li>Brandsicher: versehen mit B1-Zertifizierung<\/li>\n<\/ul>\n<p>&nbsp;<\/p>\n<h3>Pixlip Go Theke: leicht, langlebig und von Premium-Qualit\u00e4t<\/h3>\n<p>Entdecken Sie die Pixlip Go Theke, eine innovative L\u00f6sung, die nicht nur beeindruckende Pr\u00e4sentationen erm\u00f6glicht, sondern auch durch Benutzerfreundlichkeit besticht. Mit ihrem einfachen Montagesystem (Plug-in) und dem leichtgewichtigen Design ist diese Theke m\u00fchelos aufzubauen und einfach an jeden gew\u00fcnschten Ort zu transportieren. Die Pixlip Go Messetheke ist die perfekte Kombination aus Funktionalit\u00e4t und Portabilit\u00e4t, was sie zu einem unverzichtbaren Element f\u00fcr Ihre n\u00e4chste Messe, Ihren Showroom oder Ihr Event macht.<\/p>\n<h3>Format und Materialien<\/h3>\n<p>Mit einem festen Format von 100 cm x 100 cm und einer Arbeitsplattentiefe von 40 cm bietet diese Messetheke (auch Counter oder Desk genannt) sowohl Funktionalit\u00e4t als auch Stil. Die Pixlip Go Messetheke besteht aus zwei hochwertigen Kederstoffen, die sowohl an der Vorder- als auch an der R\u00fcckseite des Rahmens angebracht werden. So ist Ihre Pr\u00e4sentation immer und \u00fcberall sichtbar.<\/p>\n<p>Sie haben die Wahl zwischen zwei Kederstoff-Materialien:<\/p>\n<ul>\n<li><strong>Samba Backlit<\/strong>: Dieses Polyestergewebe ist bekannt f\u00fcr seine intensiven Farben und Helligkeit. Es wurde speziell entwickelt, um in beleuchteten Rahmen zu gl\u00e4nzen, wodurch Ihre Botschaft immer klar und lebendig wirkt. Zudem ist es mit einem B1-Zertifikat ausgestattet, das f\u00fcr Brandsicherheit garantiert.<\/li>\n<li><strong>LumiTex<\/strong>: Hergestellt aus 100 % Polyester mit extra feinen Garnen und einer doppelten Tintenschicht. LumiTex bietet au\u00dfergew\u00f6hnliche Helligkeit und ist perfekt f\u00fcr den Einsatz in beleuchteten Anwendungen geeignet, wodurch Ihre Visuals immer professionell und scharf aussehen.<\/li>\n<\/ul>\n<p>&nbsp;<\/p>\n<h3>Unterschiede zwischen Samba Backlit und LumiTex<\/h3>\n<p>Der Unterschied zwischen Samba Backlit und LumiTex bezieht sich haupts\u00e4chlich auf die Drucktechnik. Samba Kederstoff wird mit einem 200 % UV-Druck versehen und LumiTex betrifft einen 200 % Sublimationsdruck. Der Nachteil eines UV-Drucks ist, dass die doppelten Tintenschichten vor\u00fcbergehend einen starken Geruch abgeben. LumiTex hingegen ist geruchlos und knitterfrei.<br \/>\nZudem ist der Druck auf LumiTex-Gewebe im Vergleich zu Samba Backlit etwas nachhaltiger. Die verwendeten Tinten sind n\u00e4mlich auf Wasserbasis. Dar\u00fcber hinaus ist LumiTex (genau wie Samba Backlit) \u00fcbrigens auch frei von PVC und recycelbar.<\/p>\n<p>Der letzte charakteristische Unterschied zwischen beiden Stoffen ist, dass Samba Backlit mit einer Beschichtung versehen ist. Dank dieser Beschichtung ist Samba Backlit auch f\u00fcr kurze Zeit im Au\u00dfenbereich einsetzbar. LumiTex ist ausschlie\u00dflich f\u00fcr Innenanwendungen geeignet.<\/p>\n<h3>Zubeh\u00f6r f\u00fcr die Pixlip Go Messetheke<\/h3>\n<p>Vervollst\u00e4ndigen Sie Ihre Pr\u00e4sentation mit dem speziell entwickelten Zubeh\u00f6r f\u00fcr die Pixlip Go Messetheke. Das E-Lock-Tool sorgt f\u00fcr eine einfache und sichere Montage des Kederstoffs in Ihrem Pixlip Go Rahmen. M\u00f6chten Sie mehrere Rahmen nahtlos miteinander verbinden? W\u00e4hlen Sie den Flexx Connector f\u00fcr einen optimierten und beeindruckenden Pr\u00e4sentationsaufbau.<br \/>\nMit der Pixlip Go Theke sind Ihnen eine Kombination aus Stil und Funktionalit\u00e4t sicher, die Ihre Pr\u00e4sentationen auf ein h\u00f6heres Niveau hebt. Diese Pixlip Go Theke bietet nicht nur praktische Vorteile, sondern auch ein professionelles Erscheinungsbild an jedem Ort. W\u00e4hlen Sie die Pixlip Go Messetheke und beeindrucken Sie mit Ihren visuellen Pr\u00e4sentationen, wo immer Sie sind.<\/p>\n<h3>H\u00e4ufig gestellte Fragen<\/h3>\n<p><strong>Wie viele Stoffe erhalte ich und ist es m\u00f6glich, mehrere Designs hochzuladen?<\/strong><br \/>\nSie erhalten zwei Stoffe: einen f\u00fcr die Vorderseite und einen f\u00fcr die R\u00fcckseite. Beide Stoffe k\u00f6nnen mit einem unterschiedlichen Design versehen werden.<\/p>\n","protected":false},"excerpt":{"rendered":"<h3>Mobile LED-Theke mit doppelseitigem Druck<\/h3>\n<p>Suchen Sie eine Messetheke (Counter) mit einer hochwertigen Verarbeitung? Dann w\u00e4hlen Sie Pixlip Go. Diese Messetheke ist mit einem doppelseitigen LED-beleuchteten Druck ausgestattet. Der Rahmen besteht aus recyceltem Kunststoff. Sehr leicht und daher sehr einfach in der mitgelieferten Tragetasche zu transportieren. Konfigurieren Sie unten in wenigen Schritten Ihre Pixlip Go Theke ganz nach Ihren W\u00fcnschen.<\/p>\n","protected":false},"featured_media":14960,"template":"","meta":{"_et_pb_use_builder":"","_et_pb_old_content":"","_et_gb_content_width":""},"product_brand":[],"product_cat":[906,900,907,899,910],"product_tag":[],"class_list":{"0":"post-14959","1":"product","2":"type-product","3":"status-publish","4":"has-post-thumbnail","6":"product_cat-beleuchtete-ausstellungswande","7":"product_cat-dekoration","8":"product_cat-innenwerbung","9":"product_cat-messe-event","10":"product_cat-prasentation","12":"first","13":"instock","14":"taxable","15":"shipping-taxable","16":"purchasable","17":"product-type-simple"},"yoast_head":"<!-- This site is optimized with the Yoast SEO plugin v27.3 - https:\/\/yoast.com\/product\/yoast-seo-wordpress\/ -->\n<title>Mobile Pixlip Go Theke mit doppelseitiger Beleuchtung | Schneller Aufbau<\/title>\n<meta name=\"description\" content=\"Beeindrucken Sie auf jeder Messe mit der mobilen Pixlip Go Theke. Doppelseitige helle Beleuchtung, ultraleichter Rahmen aus recyceltem Kunststoff und schnelle Montage.\" \/>\n<meta name=\"robots\" content=\"index, follow, max-snippet:-1, max-image-preview:large, max-video-preview:-1\" \/>\n<link rel=\"canonical\" href=\"https:\/\/www.amstelprinting.nl\/de\/gesch\u00e4ft\/innenwerbung\/prasentation\/pixlip-go-theke\/\" \/>\n<meta property=\"og:locale\" content=\"de_DE\" \/>\n<meta property=\"og:type\" content=\"article\" \/>\n<meta property=\"og:title\" content=\"Mobile Pixlip Go Theke mit doppelseitiger Beleuchtung | Schneller Aufbau\" \/>\n<meta property=\"og:description\" content=\"Beeindrucken Sie auf jeder Messe mit der mobilen Pixlip Go Theke. Doppelseitige helle Beleuchtung, ultraleichter Rahmen aus recyceltem Kunststoff und schnelle Montage.\" \/>\n<meta property=\"og:url\" content=\"https:\/\/www.amstelprinting.nl\/de\/gesch\u00e4ft\/innenwerbung\/prasentation\/pixlip-go-theke\/\" \/>\n<meta property=\"og:site_name\" content=\"Amstel Printing\" \/>\n<meta property=\"article:modified_time\" content=\"2026-02-18T11:54:15+00:00\" \/>\n<meta property=\"og:image\" content=\"https:\/\/www.amstelprinting.nl\/wp-content\/uploads\/pixlip-go-balie-bedrukken.png\" \/>\n\t<meta property=\"og:image:width\" content=\"700\" \/>\n\t<meta property=\"og:image:height\" content=\"700\" \/>\n\t<meta property=\"og:image:type\" content=\"image\/png\" \/>\n<meta name=\"twitter:card\" content=\"summary_large_image\" \/>\n<meta name=\"twitter:label1\" content=\"Gesch\u00e4tzte Lesezeit\" \/>\n\t<meta name=\"twitter:data1\" content=\"3\u00a0Minuten\" \/>\n<script type=\"application\/ld+json\" class=\"yoast-schema-graph\">{\"@context\":\"https:\\\/\\\/schema.org\",\"@graph\":[{\"@type\":\"WebPage\",\"@id\":\"https:\\\/\\\/www.amstelprinting.nl\\\/de\\\/gesch\u00e4ft\\\/innenwerbung\\\/prasentation\\\/pixlip-go-theke\\\/\",\"url\":\"https:\\\/\\\/www.amstelprinting.nl\\\/de\\\/gesch\u00e4ft\\\/innenwerbung\\\/prasentation\\\/pixlip-go-theke\\\/\",\"name\":\"Mobile Pixlip Go Theke mit doppelseitiger Beleuchtung | Schneller Aufbau\",\"isPartOf\":{\"@id\":\"https:\\\/\\\/www.amstelprinting.nl\\\/de\\\/#website\"},\"primaryImageOfPage\":{\"@id\":\"https:\\\/\\\/www.amstelprinting.nl\\\/de\\\/gesch\u00e4ft\\\/innenwerbung\\\/prasentation\\\/pixlip-go-theke\\\/#primaryimage\"},\"image\":{\"@id\":\"https:\\\/\\\/www.amstelprinting.nl\\\/de\\\/gesch\u00e4ft\\\/innenwerbung\\\/prasentation\\\/pixlip-go-theke\\\/#primaryimage\"},\"thumbnailUrl\":\"https:\\\/\\\/www.amstelprinting.nl\\\/wp-content\\\/uploads\\\/pixlip-go-balie-bedrukken.png\",\"datePublished\":\"2025-01-24T10:26:37+00:00\",\"dateModified\":\"2026-02-18T11:54:15+00:00\",\"description\":\"Beeindrucken Sie auf jeder Messe mit der mobilen Pixlip Go Theke. Doppelseitige helle Beleuchtung, ultraleichter Rahmen aus recyceltem Kunststoff und schnelle Montage.\",\"breadcrumb\":{\"@id\":\"https:\\\/\\\/www.amstelprinting.nl\\\/de\\\/gesch\u00e4ft\\\/innenwerbung\\\/prasentation\\\/pixlip-go-theke\\\/#breadcrumb\"},\"inLanguage\":\"de\",\"potentialAction\":[{\"@type\":\"ReadAction\",\"target\":[\"https:\\\/\\\/www.amstelprinting.nl\\\/de\\\/gesch\u00e4ft\\\/innenwerbung\\\/prasentation\\\/pixlip-go-theke\\\/\"]}]},{\"@type\":\"ImageObject\",\"inLanguage\":\"de\",\"@id\":\"https:\\\/\\\/www.amstelprinting.nl\\\/de\\\/gesch\u00e4ft\\\/innenwerbung\\\/prasentation\\\/pixlip-go-theke\\\/#primaryimage\",\"url\":\"https:\\\/\\\/www.amstelprinting.nl\\\/wp-content\\\/uploads\\\/pixlip-go-balie-bedrukken.png\",\"contentUrl\":\"https:\\\/\\\/www.amstelprinting.nl\\\/wp-content\\\/uploads\\\/pixlip-go-balie-bedrukken.png\",\"width\":700,\"height\":700},{\"@type\":\"BreadcrumbList\",\"@id\":\"https:\\\/\\\/www.amstelprinting.nl\\\/de\\\/gesch\u00e4ft\\\/innenwerbung\\\/prasentation\\\/pixlip-go-theke\\\/#breadcrumb\",\"itemListElement\":[{\"@type\":\"ListItem\",\"position\":1,\"name\":\"\",\"item\":\"https:\\\/\\\/www.amstelprinting.nl\\\/de\\\/\"},{\"@type\":\"ListItem\",\"position\":2,\"name\":\"Amstel Printing\",\"item\":\"https:\\\/\\\/www.amstelprinting.nl\\\/de\\\/geschaeft\\\/\"},{\"@type\":\"ListItem\",\"position\":3,\"name\":\"Innenwerbung\",\"item\":\"https:\\\/\\\/www.amstelprinting.nl\\\/de\\\/kategorie\\\/innenwerbung\\\/\"},{\"@type\":\"ListItem\",\"position\":4,\"name\":\"Pr\u00e4sentation\",\"item\":\"https:\\\/\\\/www.amstelprinting.nl\\\/de\\\/kategorie\\\/innenwerbung\\\/prasentation\\\/\"},{\"@type\":\"ListItem\",\"position\":5,\"name\":\"Pixlip Go Theke\"}]},{\"@type\":\"WebSite\",\"@id\":\"https:\\\/\\\/www.amstelprinting.nl\\\/de\\\/#website\",\"url\":\"https:\\\/\\\/www.amstelprinting.nl\\\/de\\\/\",\"name\":\"Amstel Printing\",\"description\":\"Creating Exposure\",\"publisher\":{\"@id\":\"https:\\\/\\\/www.amstelprinting.nl\\\/de\\\/#organization\"},\"potentialAction\":[{\"@type\":\"SearchAction\",\"target\":{\"@type\":\"EntryPoint\",\"urlTemplate\":\"https:\\\/\\\/www.amstelprinting.nl\\\/de\\\/?s={search_term_string}\"},\"query-input\":{\"@type\":\"PropertyValueSpecification\",\"valueRequired\":true,\"valueName\":\"search_term_string\"}}],\"inLanguage\":\"de\"},{\"@type\":\"Organization\",\"@id\":\"https:\\\/\\\/www.amstelprinting.nl\\\/de\\\/#organization\",\"name\":\"Amstel Printing\",\"url\":\"https:\\\/\\\/www.amstelprinting.nl\\\/de\\\/\",\"logo\":{\"@type\":\"ImageObject\",\"inLanguage\":\"de\",\"@id\":\"https:\\\/\\\/www.amstelprinting.nl\\\/de\\\/#\\\/schema\\\/logo\\\/image\\\/\",\"url\":\"https:\\\/\\\/www.amstelprinting.nl\\\/wp-content\\\/uploads\\\/amstel_printing_logo_clean.png\",\"contentUrl\":\"https:\\\/\\\/www.amstelprinting.nl\\\/wp-content\\\/uploads\\\/amstel_printing_logo_clean.png\",\"width\":324,\"height\":73,\"caption\":\"Amstel Printing\"},\"image\":{\"@id\":\"https:\\\/\\\/www.amstelprinting.nl\\\/de\\\/#\\\/schema\\\/logo\\\/image\\\/\"}}]}<\/script>\n<!-- \/ Yoast SEO plugin. -->","yoast_head_json":{"title":"Mobile Pixlip Go Theke mit doppelseitiger Beleuchtung | Schneller Aufbau","description":"Beeindrucken Sie auf jeder Messe mit der mobilen Pixlip Go Theke. Doppelseitige helle Beleuchtung, ultraleichter Rahmen aus recyceltem Kunststoff und schnelle Montage.","robots":{"index":"index","follow":"follow","max-snippet":"max-snippet:-1","max-image-preview":"max-image-preview:large","max-video-preview":"max-video-preview:-1"},"canonical":"https:\/\/www.amstelprinting.nl\/de\/gesch\u00e4ft\/innenwerbung\/prasentation\/pixlip-go-theke\/","og_locale":"de_DE","og_type":"article","og_title":"Mobile Pixlip Go Theke mit doppelseitiger Beleuchtung | Schneller Aufbau","og_description":"Beeindrucken Sie auf jeder Messe mit der mobilen Pixlip Go Theke. Doppelseitige helle Beleuchtung, ultraleichter Rahmen aus recyceltem Kunststoff und schnelle Montage.","og_url":"https:\/\/www.amstelprinting.nl\/de\/gesch\u00e4ft\/innenwerbung\/prasentation\/pixlip-go-theke\/","og_site_name":"Amstel Printing","article_modified_time":"2026-02-18T11:54:15+00:00","og_image":[{"width":700,"height":700,"url":"https:\/\/www.amstelprinting.nl\/wp-content\/uploads\/pixlip-go-balie-bedrukken.png","type":"image\/png"}],"twitter_card":"summary_large_image","twitter_misc":{"Gesch\u00e4tzte Lesezeit":"3\u00a0Minuten"},"schema":{"@context":"https:\/\/schema.org","@graph":[{"@type":"WebPage","@id":"https:\/\/www.amstelprinting.nl\/de\/gesch\u00e4ft\/innenwerbung\/prasentation\/pixlip-go-theke\/","url":"https:\/\/www.amstelprinting.nl\/de\/gesch\u00e4ft\/innenwerbung\/prasentation\/pixlip-go-theke\/","name":"Mobile Pixlip Go Theke mit doppelseitiger Beleuchtung | Schneller Aufbau","isPartOf":{"@id":"https:\/\/www.amstelprinting.nl\/de\/#website"},"primaryImageOfPage":{"@id":"https:\/\/www.amstelprinting.nl\/de\/gesch\u00e4ft\/innenwerbung\/prasentation\/pixlip-go-theke\/#primaryimage"},"image":{"@id":"https:\/\/www.amstelprinting.nl\/de\/gesch\u00e4ft\/innenwerbung\/prasentation\/pixlip-go-theke\/#primaryimage"},"thumbnailUrl":"https:\/\/www.amstelprinting.nl\/wp-content\/uploads\/pixlip-go-balie-bedrukken.png","datePublished":"2025-01-24T10:26:37+00:00","dateModified":"2026-02-18T11:54:15+00:00","description":"Beeindrucken Sie auf jeder Messe mit der mobilen Pixlip Go Theke. Doppelseitige helle Beleuchtung, ultraleichter Rahmen aus recyceltem Kunststoff und schnelle Montage.","breadcrumb":{"@id":"https:\/\/www.amstelprinting.nl\/de\/gesch\u00e4ft\/innenwerbung\/prasentation\/pixlip-go-theke\/#breadcrumb"},"inLanguage":"de","potentialAction":[{"@type":"ReadAction","target":["https:\/\/www.amstelprinting.nl\/de\/gesch\u00e4ft\/innenwerbung\/prasentation\/pixlip-go-theke\/"]}]},{"@type":"ImageObject","inLanguage":"de","@id":"https:\/\/www.amstelprinting.nl\/de\/gesch\u00e4ft\/innenwerbung\/prasentation\/pixlip-go-theke\/#primaryimage","url":"https:\/\/www.amstelprinting.nl\/wp-content\/uploads\/pixlip-go-balie-bedrukken.png","contentUrl":"https:\/\/www.amstelprinting.nl\/wp-content\/uploads\/pixlip-go-balie-bedrukken.png","width":700,"height":700},{"@type":"BreadcrumbList","@id":"https:\/\/www.amstelprinting.nl\/de\/gesch\u00e4ft\/innenwerbung\/prasentation\/pixlip-go-theke\/#breadcrumb","itemListElement":[{"@type":"ListItem","position":1,"name":"","item":"https:\/\/www.amstelprinting.nl\/de\/"},{"@type":"ListItem","position":2,"name":"Amstel Printing","item":"https:\/\/www.amstelprinting.nl\/de\/geschaeft\/"},{"@type":"ListItem","position":3,"name":"Innenwerbung","item":"https:\/\/www.amstelprinting.nl\/de\/kategorie\/innenwerbung\/"},{"@type":"ListItem","position":4,"name":"Pr\u00e4sentation","item":"https:\/\/www.amstelprinting.nl\/de\/kategorie\/innenwerbung\/prasentation\/"},{"@type":"ListItem","position":5,"name":"Pixlip Go Theke"}]},{"@type":"WebSite","@id":"https:\/\/www.amstelprinting.nl\/de\/#website","url":"https:\/\/www.amstelprinting.nl\/de\/","name":"Amstel Printing","description":"Creating Exposure","publisher":{"@id":"https:\/\/www.amstelprinting.nl\/de\/#organization"},"potentialAction":[{"@type":"SearchAction","target":{"@type":"EntryPoint","urlTemplate":"https:\/\/www.amstelprinting.nl\/de\/?s={search_term_string}"},"query-input":{"@type":"PropertyValueSpecification","valueRequired":true,"valueName":"search_term_string"}}],"inLanguage":"de"},{"@type":"Organization","@id":"https:\/\/www.amstelprinting.nl\/de\/#organization","name":"Amstel Printing","url":"https:\/\/www.amstelprinting.nl\/de\/","logo":{"@type":"ImageObject","inLanguage":"de","@id":"https:\/\/www.amstelprinting.nl\/de\/#\/schema\/logo\/image\/","url":"https:\/\/www.amstelprinting.nl\/wp-content\/uploads\/amstel_printing_logo_clean.png","contentUrl":"https:\/\/www.amstelprinting.nl\/wp-content\/uploads\/amstel_printing_logo_clean.png","width":324,"height":73,"caption":"Amstel Printing"},"image":{"@id":"https:\/\/www.amstelprinting.nl\/de\/#\/schema\/logo\/image\/"}}]}},"_links":{"self":[{"href":"https:\/\/www.amstelprinting.nl\/de\/wp-json\/wp\/v2\/product\/14959","targetHints":{"allow":["GET"]}}],"collection":[{"href":"https:\/\/www.amstelprinting.nl\/de\/wp-json\/wp\/v2\/product"}],"about":[{"href":"https:\/\/www.amstelprinting.nl\/de\/wp-json\/wp\/v2\/types\/product"}],"wp:featuredmedia":[{"embeddable":true,"href":"https:\/\/www.amstelprinting.nl\/de\/wp-json\/wp\/v2\/media\/14960"}],"wp:attachment":[{"href":"https:\/\/www.amstelprinting.nl\/de\/wp-json\/wp\/v2\/media?parent=14959"}],"wp:term":[{"taxonomy":"product_brand","embeddable":true,"href":"https:\/\/www.amstelprinting.nl\/de\/wp-json\/wp\/v2\/product_brand?post=14959"},{"taxonomy":"product_cat","embeddable":true,"href":"https:\/\/www.amstelprinting.nl\/de\/wp-json\/wp\/v2\/product_cat?post=14959"},{"taxonomy":"product_tag","embeddable":true,"href":"https:\/\/www.amstelprinting.nl\/de\/wp-json\/wp\/v2\/product_tag?post=14959"}],"curies":[{"name":"wp","href":"https:\/\/api.w.org\/{rel}","templated":true}]}}