{"id":14971,"date":"2025-01-24T11:25:06","date_gmt":"2025-01-24T10:25:06","guid":{"rendered":"https:\/\/www.amstelprinting.nl\/winkel\/unkategorisiert\/roll-up-banners\/"},"modified":"2026-04-14T14:58:38","modified_gmt":"2026-04-14T12:58:38","slug":"roll-up-banner","status":"publish","type":"product","link":"https:\/\/www.amstelprinting.nl\/de\/gesch\u00e4ft\/innenwerbung\/prasentation\/roll-up-banner\/","title":{"rendered":"Roll-up-Banner"},"content":{"rendered":"<h2><strong>Vorteile Roll-up Banner<\/strong><\/h2>\n<ul>\n<li>Innerhalb von 5 Sekunden aufgebaut<\/li>\n<li>Schnelle Lieferung (oft schon innerhalb von 1 Werktag)<\/li>\n<li>Optional bestellbar: der Halogenspot<\/li>\n<li>Wahl aus verschiedenen Arten und Materialien<\/li>\n<li>B1-Zertifikat f\u00fcr Brandschutz<\/li>\n<li>Einfacher Transport in der Tragetasche (au\u00dfer bei der Budget-Variante).<\/li>\n<\/ul>\n<p>&nbsp;<\/p>\n<h2><strong>Roll-up Banner \u00dcbersicht: Treffen Sie die richtige Wahl<\/strong><\/h2>\n<p>&nbsp;<\/p>\n<h3>Budget Roll-up Banner<\/h3>\n<p>Suchen Sie einen Roll-up Banner, den Sie nur ein paar Mal verwenden m\u00f6chten? Dann ist der <a href=\"https:\/\/www.amstelprinting.nl\/de\/gesch\u00e4ft\/innenwerbung\/prasentation\/budget-roll-up-banner\/\">Budget Roll-up Banner eine ausgezeichnete Wahl<\/a>. Dieses erschwingliche Modell verf\u00fcgt \u00fcber eine Kassette mit zwei ausziehbaren F\u00fc\u00dfen, was f\u00fcr zus\u00e4tzliche Stabilit\u00e4t sorgt. Dieser Roll-up Banner ist auch in einer schwarzen Ausf\u00fchrung erh\u00e4ltlich.<\/p>\n<h3>Premium Roll-up Banner<\/h3>\n<p>Wenn Sie einen Banner suchen, der wiederholt verwendet werden kann, ist der <a href=\"https:\/\/www.amstelprinting.nl\/de\/gesch\u00e4ft\/innenwerbung\/prasentation\/premium-roll-up-banner\/\">Premium Roll-up Banner ideal<\/a>, ebenfalls erh\u00e4ltlich in einer schwarzen Ausf\u00fchrung. Dieser Banner hat eine Kassette mit einem ausziehbaren Fu\u00df und wird mit einer praktischen Nylon-Tragetasche geliefert.<\/p>\n<h3>Deluxe Roll-up Banner<\/h3>\n<p>Der <a href=\"https:\/\/www.amstelprinting.nl\/de\/gesch\u00e4ft\/innenwerbung\/prasentation\/deluxe-roll-up-banner\/\">Deluxe Roll-up Banner<\/a> bietet eine luxuri\u00f6se Ausstrahlung ohne ausziehbare F\u00fc\u00dfe, was f\u00fcr eine elegante und stabile Pr\u00e4sentation sorgt. Dieser Banner ist auch in einer schwarzen Ausf\u00fchrung verf\u00fcgbar und wird standardm\u00e4\u00dfig mit einer Nylon-Tragetasche geliefert.<\/p>\n<h3>XXL Roll-up Banner<\/h3>\n<p>F\u00fcr extra gro\u00dfe Formate und maximale Wirkung ist der XXL Roll-up Banner die perfekte Wahl. Dieses System ist f\u00fcr den wiederholten Gebrauch konzipiert und verf\u00fcgt \u00fcber eine Kassette mit zwei ausziehbaren F\u00fc\u00dfen f\u00fcr zus\u00e4tzliche Stabilit\u00e4t. <a href=\"https:\/\/www.amstelprinting.nl\/de\/gesch\u00e4ft\/innenwerbung\/prasentation\/roll-up-xxl\/\">Der XXL Roll-up Banner<\/a> ist in der mitgelieferten Tragetasche relativ einfach zu transportieren.<\/p>\n<h3>Outdoor Roll-up Banner<\/h3>\n<p><a href=\"https:\/\/www.amstelprinting.nl\/de\/gesch\u00e4ft\/innenwerbung\/prasentation\/outdoor-roll-up-banner\/\">Outdoor Roll-up Banner System<\/a>, geeignet f\u00fcr den Au\u00dfeneinsatz (wie der Name schon sagt). Dies ist eine schwerere Kassette, die mit l\u00e4ngeren F\u00fc\u00dfen ausgestattet ist. Diesen Outdoor Roll-up Banner k\u00f6nnen Sie zus\u00e4tzlich (f\u00fcr extra Stabilit\u00e4t) mit den mitgelieferten Heringen im Boden verankern. Auch der Outdoor Roll-up Banner wird inklusive Tragetasche geliefert.<\/p>\n<h3>Deluxe Double Roll-up Banner<\/h3>\n<p>Der <a href=\"https:\/\/www.amstelprinting.nl\/de\/gesch\u00e4ft\/messe-event\/banner-aufrollen\/doppel-roll-up-banner\/\">Deluxe Double Roll-up Banner ist ein doppelseitiger Banner<\/a> mit einem Rollsystem, das f\u00fcr Sichtbarkeit auf beiden Seiten sorgt. Dies macht ihn zu einer ausgezeichneten Wahl f\u00fcr den Einsatz in der Mitte eines Raumes. Inklusive einer Nylon-Tragetasche.<\/p>\n<h3>X-Banner<\/h3>\n<p><a href=\"https:\/\/www.amstelprinting.nl\/de\/gesch\u00e4ft\/innenwerbung\/prasentation\/x-banner\/\">Der X-Banner ist eine kosteng\u00fcnstige Alternative<\/a> zu einem Roll-up Banner und eignet sich f\u00fcr den wiederholten Gebrauch. Dieses Leichtgewicht-System ist einfach zu montieren und hat ein Format von 80 x 200 cm.<\/p>\n<h3>L-Banner<\/h3>\n<p><a href=\"https:\/\/www.amstelprinting.nl\/de\/gesch\u00e4ft\/innenwerbung\/prasentation\/l-banner\/\">Der L-Banner ist eine weitere erschwingliche Option<\/a> f\u00fcr Roll-up Banner mit einem einfach aufzubauenden L-f\u00f6rmigen System. In zwei Formaten erh\u00e4ltlich.<\/p>\n<h2><strong>Materialien<\/strong><\/h2>\n<p>F\u00fcr den Roll-up Banner bieten wir eine breite Palette an Materialien an. Alle Materialien sind mit einem B1-Zertifikat versehen, was bedeutet, dass sie den europ\u00e4ischen Brandschutznormen entsprechen.<\/p>\n<ul>\n<li><strong>Banner 510<\/strong>: Meistbestellte Option. PVC-Plane mit gl\u00e4nzendem Finish, geeignet f\u00fcr den Innen- und Au\u00dfenbereich.<\/li>\n<li><strong>Airtex<\/strong>: Faltenfreies PVC-Gewebe von 330 g\/m\u00b2 und einfach in der Handhabung.<\/li>\n<li><strong>SanoTex<\/strong>: Nachhaltiges PVC-freies Gewebe mit grauer R\u00fcckseite und umweltfreundlich.<\/li>\n<li><strong>Schwarz-Wei\u00df Banner<\/strong>: PVC-Blockout-Gewebe mit schwarzer R\u00fcckseite, geeignet f\u00fcr innen und au\u00dfen.<\/li>\n<\/ul>\n<p>Erstellen Sie ganz einfach Ihr eigenes Design f\u00fcr den Roll-up Banner mithilfe der Mock-ups, die unter Downloads zu finden sind. Unsere Roll-up Banner kombinieren Benutzerfreundlichkeit, Mobilit\u00e4t und eine professionelle Ausstrahlung mit Langlebigkeit und Vielseitigkeit. Sie sind darauf ausgelegt, einen bleibenden Eindruck zu hinterlassen und sorgen daf\u00fcr, dass Ihre Botschaft auff\u00e4llt. Wenn Sie mehr \u00fcber die tats\u00e4chlichen Kosten eines g\u00fcnstigeren Roll-up Banners erfahren m\u00f6chten, lesen Sie <a href=\"https:\/\/www.amstelprinting.nl\/de\/wissensdatenbank\/\">unseren Artikel \u00fcber die wahren Kosten von g\u00fcnstigen Roll-up Bannern<\/a>.<\/p>\n<p>Wir haben au\u00dferdem eine <a href=\"https:\/\/www.amstelprinting.nl\/kennisbank\/budget-premium-deluxe-roll-up-banner-kiezen\/\">praktische Auswahlhilfe, falls Sie zwischen dem Kauf eines Budget-, Premium- oder Deluxe-Roll-up-Banners schwanken<\/a>.<\/p>\n<h2><strong>H\u00e4ufig gestellte Fragen zu Roll-up Bannern<\/strong><\/h2>\n<p><strong>Kann ich einen Banner selbst austauschen?<\/strong><br \/>\nJa, es ist m\u00f6glich, den Banner bei den Modellen Premium, Deluxe und XXL selbst auszutauschen. Diese Kassetten sind so konzipiert, dass der Austausch des Banners einfach ist, sodass Sie ihn schnell und effizient durchf\u00fchren k\u00f6nnen.<\/p>\n<p><strong>Worauf muss ich beim Aufbau des Roll-up Banners achten?<\/strong><br \/>\nBeim Aufbau des Roll-up Banners ist es wichtig sicherzustellen, dass Sie das Tuch nicht zu weit ausrollen. Dies hilft, irreparable Sch\u00e4den am System zu vermeiden. Vergessen Sie auch nicht, den Stift in der Kassette wieder gut zu fixieren. Dieser Stift ist wichtig f\u00fcr das Arretieren des Tuchs, was den sp\u00e4teren Austausch des Roll-up Banners erleichtert. Achten Sie darauf, dass alles gut sitzt, bevor Sie den Roll-up Banner vollst\u00e4ndig ausrollen.<\/p>\n","protected":false},"excerpt":{"rendered":"<h3>Freistehende Banner in Kassette<\/h3>\n<p>Der Roll-up Banner \u2013 charakteristisch durch das kompakte Rollsystem mit dem darin enthaltenen Druck. Heutzutage ist der Roll-up Banner in zahlreichen Varianten lieferbar. Ob Sie eine Messe organisieren, eine wichtige Pr\u00e4sentation halten oder Ihre Gesch\u00e4ftsr\u00e4ume versch\u00f6nern m\u00f6chten, unsere Roll-up Banner bieten die perfekte L\u00f6sung f\u00fcr jede Gelegenheit. Mit einer Auswahl an Optionen, die auf verschiedene Budgets und Nutzungsh\u00e4ufigkeiten abgestimmt sind, finden Sie garantiert den idealen Roll-up Banner.<\/p>\n","protected":false},"featured_media":25243,"template":"","meta":{"_et_pb_use_builder":"","_et_pb_old_content":"","_et_gb_content_width":""},"product_brand":[],"product_cat":[905,907,899,910],"product_tag":[],"class_list":{"0":"post-14971","1":"product","2":"type-product","3":"status-publish","4":"has-post-thumbnail","6":"product_cat-banner-aufrollen","7":"product_cat-innenwerbung","8":"product_cat-messe-event","9":"product_cat-prasentation","11":"first","12":"instock","13":"featured","14":"taxable","15":"shipping-taxable","16":"purchasable","17":"product-type-simple"},"yoast_head":"<!-- This site is optimized with the Yoast SEO plugin v27.3 - https:\/\/yoast.com\/product\/yoast-seo-wordpress\/ -->\n<title>Roll-up-Banner | Amstel Printing<\/title>\n<meta name=\"robots\" content=\"index, follow, max-snippet:-1, max-image-preview:large, max-video-preview:-1\" \/>\n<link rel=\"canonical\" href=\"https:\/\/www.amstelprinting.nl\/de\/gesch\u00e4ft\/innenwerbung\/prasentation\/roll-up-banner\/\" \/>\n<meta property=\"og:locale\" content=\"de_DE\" \/>\n<meta property=\"og:type\" content=\"article\" \/>\n<meta property=\"og:title\" content=\"Roll-up-Banner | Amstel Printing\" \/>\n<meta property=\"og:description\" content=\"Freistehende Banner in Kassette Der Roll-up Banner \u2013 charakteristisch durch das kompakte Rollsystem mit dem darin enthaltenen Druck. Heutzutage ist der Roll-up Banner in zahlreichen Varianten lieferbar. Ob Sie eine Messe organisieren, eine wichtige Pr\u00e4sentation halten oder Ihre Gesch\u00e4ftsr\u00e4ume versch\u00f6nern m\u00f6chten, unsere Roll-up Banner bieten die perfekte L\u00f6sung f\u00fcr jede Gelegenheit. Mit einer Auswahl an Optionen, die auf verschiedene Budgets und Nutzungsh\u00e4ufigkeiten abgestimmt sind, finden Sie garantiert den idealen Roll-up Banner.\" \/>\n<meta property=\"og:url\" content=\"https:\/\/www.amstelprinting.nl\/de\/gesch\u00e4ft\/innenwerbung\/prasentation\/roll-up-banner\/\" \/>\n<meta property=\"og:site_name\" content=\"Amstel Printing\" \/>\n<meta property=\"article:modified_time\" content=\"2026-04-14T12:58:38+00:00\" \/>\n<meta property=\"og:image\" content=\"https:\/\/www.amstelprinting.nl\/wp-content\/uploads\/roll-up-banners-bedrukken-1.webp\" \/>\n\t<meta property=\"og:image:width\" content=\"1000\" \/>\n\t<meta property=\"og:image:height\" content=\"1000\" \/>\n\t<meta property=\"og:image:type\" content=\"image\/webp\" \/>\n<meta name=\"twitter:card\" content=\"summary_large_image\" \/>\n<meta name=\"twitter:label1\" content=\"Gesch\u00e4tzte Lesezeit\" \/>\n\t<meta name=\"twitter:data1\" content=\"4\u00a0Minuten\" \/>\n<script type=\"application\/ld+json\" class=\"yoast-schema-graph\">{\"@context\":\"https:\\\/\\\/schema.org\",\"@graph\":[{\"@type\":\"WebPage\",\"@id\":\"https:\\\/\\\/www.amstelprinting.nl\\\/de\\\/gesch\u00e4ft\\\/innenwerbung\\\/prasentation\\\/roll-up-banner\\\/\",\"url\":\"https:\\\/\\\/www.amstelprinting.nl\\\/de\\\/gesch\u00e4ft\\\/innenwerbung\\\/prasentation\\\/roll-up-banner\\\/\",\"name\":\"Roll-up-Banner | Amstel Printing\",\"isPartOf\":{\"@id\":\"https:\\\/\\\/www.amstelprinting.nl\\\/de\\\/#website\"},\"primaryImageOfPage\":{\"@id\":\"https:\\\/\\\/www.amstelprinting.nl\\\/de\\\/gesch\u00e4ft\\\/innenwerbung\\\/prasentation\\\/roll-up-banner\\\/#primaryimage\"},\"image\":{\"@id\":\"https:\\\/\\\/www.amstelprinting.nl\\\/de\\\/gesch\u00e4ft\\\/innenwerbung\\\/prasentation\\\/roll-up-banner\\\/#primaryimage\"},\"thumbnailUrl\":\"https:\\\/\\\/www.amstelprinting.nl\\\/wp-content\\\/uploads\\\/roll-up-banners-bedrukken-1.webp\",\"datePublished\":\"2025-01-24T10:25:06+00:00\",\"dateModified\":\"2026-04-14T12:58:38+00:00\",\"breadcrumb\":{\"@id\":\"https:\\\/\\\/www.amstelprinting.nl\\\/de\\\/gesch\u00e4ft\\\/innenwerbung\\\/prasentation\\\/roll-up-banner\\\/#breadcrumb\"},\"inLanguage\":\"de\",\"potentialAction\":[{\"@type\":\"ReadAction\",\"target\":[\"https:\\\/\\\/www.amstelprinting.nl\\\/de\\\/gesch\u00e4ft\\\/innenwerbung\\\/prasentation\\\/roll-up-banner\\\/\"]}]},{\"@type\":\"ImageObject\",\"inLanguage\":\"de\",\"@id\":\"https:\\\/\\\/www.amstelprinting.nl\\\/de\\\/gesch\u00e4ft\\\/innenwerbung\\\/prasentation\\\/roll-up-banner\\\/#primaryimage\",\"url\":\"https:\\\/\\\/www.amstelprinting.nl\\\/wp-content\\\/uploads\\\/roll-up-banners-bedrukken-1.webp\",\"contentUrl\":\"https:\\\/\\\/www.amstelprinting.nl\\\/wp-content\\\/uploads\\\/roll-up-banners-bedrukken-1.webp\",\"width\":1000,\"height\":1000},{\"@type\":\"BreadcrumbList\",\"@id\":\"https:\\\/\\\/www.amstelprinting.nl\\\/de\\\/gesch\u00e4ft\\\/innenwerbung\\\/prasentation\\\/roll-up-banner\\\/#breadcrumb\",\"itemListElement\":[{\"@type\":\"ListItem\",\"position\":1,\"name\":\"\",\"item\":\"https:\\\/\\\/www.amstelprinting.nl\\\/de\\\/\"},{\"@type\":\"ListItem\",\"position\":2,\"name\":\"Amstel Printing\",\"item\":\"https:\\\/\\\/www.amstelprinting.nl\\\/de\\\/geschaeft\\\/\"},{\"@type\":\"ListItem\",\"position\":3,\"name\":\"Innenwerbung\",\"item\":\"https:\\\/\\\/www.amstelprinting.nl\\\/de\\\/kategorie\\\/innenwerbung\\\/\"},{\"@type\":\"ListItem\",\"position\":4,\"name\":\"Pr\u00e4sentation\",\"item\":\"https:\\\/\\\/www.amstelprinting.nl\\\/de\\\/kategorie\\\/innenwerbung\\\/prasentation\\\/\"},{\"@type\":\"ListItem\",\"position\":5,\"name\":\"Roll-up-Banner\"}]},{\"@type\":\"WebSite\",\"@id\":\"https:\\\/\\\/www.amstelprinting.nl\\\/de\\\/#website\",\"url\":\"https:\\\/\\\/www.amstelprinting.nl\\\/de\\\/\",\"name\":\"Amstel Printing\",\"description\":\"Creating Exposure\",\"publisher\":{\"@id\":\"https:\\\/\\\/www.amstelprinting.nl\\\/de\\\/#organization\"},\"potentialAction\":[{\"@type\":\"SearchAction\",\"target\":{\"@type\":\"EntryPoint\",\"urlTemplate\":\"https:\\\/\\\/www.amstelprinting.nl\\\/de\\\/?s={search_term_string}\"},\"query-input\":{\"@type\":\"PropertyValueSpecification\",\"valueRequired\":true,\"valueName\":\"search_term_string\"}}],\"inLanguage\":\"de\"},{\"@type\":\"Organization\",\"@id\":\"https:\\\/\\\/www.amstelprinting.nl\\\/de\\\/#organization\",\"name\":\"Amstel Printing\",\"url\":\"https:\\\/\\\/www.amstelprinting.nl\\\/de\\\/\",\"logo\":{\"@type\":\"ImageObject\",\"inLanguage\":\"de\",\"@id\":\"https:\\\/\\\/www.amstelprinting.nl\\\/de\\\/#\\\/schema\\\/logo\\\/image\\\/\",\"url\":\"https:\\\/\\\/www.amstelprinting.nl\\\/wp-content\\\/uploads\\\/amstel_printing_logo_clean.png\",\"contentUrl\":\"https:\\\/\\\/www.amstelprinting.nl\\\/wp-content\\\/uploads\\\/amstel_printing_logo_clean.png\",\"width\":324,\"height\":73,\"caption\":\"Amstel Printing\"},\"image\":{\"@id\":\"https:\\\/\\\/www.amstelprinting.nl\\\/de\\\/#\\\/schema\\\/logo\\\/image\\\/\"}}]}<\/script>\n<!-- \/ Yoast SEO plugin. -->","yoast_head_json":{"title":"Roll-up-Banner | Amstel Printing","robots":{"index":"index","follow":"follow","max-snippet":"max-snippet:-1","max-image-preview":"max-image-preview:large","max-video-preview":"max-video-preview:-1"},"canonical":"https:\/\/www.amstelprinting.nl\/de\/gesch\u00e4ft\/innenwerbung\/prasentation\/roll-up-banner\/","og_locale":"de_DE","og_type":"article","og_title":"Roll-up-Banner | Amstel Printing","og_description":"Freistehende Banner in Kassette Der Roll-up Banner \u2013 charakteristisch durch das kompakte Rollsystem mit dem darin enthaltenen Druck. Heutzutage ist der Roll-up Banner in zahlreichen Varianten lieferbar. Ob Sie eine Messe organisieren, eine wichtige Pr\u00e4sentation halten oder Ihre Gesch\u00e4ftsr\u00e4ume versch\u00f6nern m\u00f6chten, unsere Roll-up Banner bieten die perfekte L\u00f6sung f\u00fcr jede Gelegenheit. Mit einer Auswahl an Optionen, die auf verschiedene Budgets und Nutzungsh\u00e4ufigkeiten abgestimmt sind, finden Sie garantiert den idealen Roll-up Banner.","og_url":"https:\/\/www.amstelprinting.nl\/de\/gesch\u00e4ft\/innenwerbung\/prasentation\/roll-up-banner\/","og_site_name":"Amstel Printing","article_modified_time":"2026-04-14T12:58:38+00:00","og_image":[{"width":1000,"height":1000,"url":"https:\/\/www.amstelprinting.nl\/wp-content\/uploads\/roll-up-banners-bedrukken-1.webp","type":"image\/webp"}],"twitter_card":"summary_large_image","twitter_misc":{"Gesch\u00e4tzte Lesezeit":"4\u00a0Minuten"},"schema":{"@context":"https:\/\/schema.org","@graph":[{"@type":"WebPage","@id":"https:\/\/www.amstelprinting.nl\/de\/gesch\u00e4ft\/innenwerbung\/prasentation\/roll-up-banner\/","url":"https:\/\/www.amstelprinting.nl\/de\/gesch\u00e4ft\/innenwerbung\/prasentation\/roll-up-banner\/","name":"Roll-up-Banner | Amstel Printing","isPartOf":{"@id":"https:\/\/www.amstelprinting.nl\/de\/#website"},"primaryImageOfPage":{"@id":"https:\/\/www.amstelprinting.nl\/de\/gesch\u00e4ft\/innenwerbung\/prasentation\/roll-up-banner\/#primaryimage"},"image":{"@id":"https:\/\/www.amstelprinting.nl\/de\/gesch\u00e4ft\/innenwerbung\/prasentation\/roll-up-banner\/#primaryimage"},"thumbnailUrl":"https:\/\/www.amstelprinting.nl\/wp-content\/uploads\/roll-up-banners-bedrukken-1.webp","datePublished":"2025-01-24T10:25:06+00:00","dateModified":"2026-04-14T12:58:38+00:00","breadcrumb":{"@id":"https:\/\/www.amstelprinting.nl\/de\/gesch\u00e4ft\/innenwerbung\/prasentation\/roll-up-banner\/#breadcrumb"},"inLanguage":"de","potentialAction":[{"@type":"ReadAction","target":["https:\/\/www.amstelprinting.nl\/de\/gesch\u00e4ft\/innenwerbung\/prasentation\/roll-up-banner\/"]}]},{"@type":"ImageObject","inLanguage":"de","@id":"https:\/\/www.amstelprinting.nl\/de\/gesch\u00e4ft\/innenwerbung\/prasentation\/roll-up-banner\/#primaryimage","url":"https:\/\/www.amstelprinting.nl\/wp-content\/uploads\/roll-up-banners-bedrukken-1.webp","contentUrl":"https:\/\/www.amstelprinting.nl\/wp-content\/uploads\/roll-up-banners-bedrukken-1.webp","width":1000,"height":1000},{"@type":"BreadcrumbList","@id":"https:\/\/www.amstelprinting.nl\/de\/gesch\u00e4ft\/innenwerbung\/prasentation\/roll-up-banner\/#breadcrumb","itemListElement":[{"@type":"ListItem","position":1,"name":"","item":"https:\/\/www.amstelprinting.nl\/de\/"},{"@type":"ListItem","position":2,"name":"Amstel Printing","item":"https:\/\/www.amstelprinting.nl\/de\/geschaeft\/"},{"@type":"ListItem","position":3,"name":"Innenwerbung","item":"https:\/\/www.amstelprinting.nl\/de\/kategorie\/innenwerbung\/"},{"@type":"ListItem","position":4,"name":"Pr\u00e4sentation","item":"https:\/\/www.amstelprinting.nl\/de\/kategorie\/innenwerbung\/prasentation\/"},{"@type":"ListItem","position":5,"name":"Roll-up-Banner"}]},{"@type":"WebSite","@id":"https:\/\/www.amstelprinting.nl\/de\/#website","url":"https:\/\/www.amstelprinting.nl\/de\/","name":"Amstel Printing","description":"Creating Exposure","publisher":{"@id":"https:\/\/www.amstelprinting.nl\/de\/#organization"},"potentialAction":[{"@type":"SearchAction","target":{"@type":"EntryPoint","urlTemplate":"https:\/\/www.amstelprinting.nl\/de\/?s={search_term_string}"},"query-input":{"@type":"PropertyValueSpecification","valueRequired":true,"valueName":"search_term_string"}}],"inLanguage":"de"},{"@type":"Organization","@id":"https:\/\/www.amstelprinting.nl\/de\/#organization","name":"Amstel Printing","url":"https:\/\/www.amstelprinting.nl\/de\/","logo":{"@type":"ImageObject","inLanguage":"de","@id":"https:\/\/www.amstelprinting.nl\/de\/#\/schema\/logo\/image\/","url":"https:\/\/www.amstelprinting.nl\/wp-content\/uploads\/amstel_printing_logo_clean.png","contentUrl":"https:\/\/www.amstelprinting.nl\/wp-content\/uploads\/amstel_printing_logo_clean.png","width":324,"height":73,"caption":"Amstel Printing"},"image":{"@id":"https:\/\/www.amstelprinting.nl\/de\/#\/schema\/logo\/image\/"}}]}},"_links":{"self":[{"href":"https:\/\/www.amstelprinting.nl\/de\/wp-json\/wp\/v2\/product\/14971","targetHints":{"allow":["GET"]}}],"collection":[{"href":"https:\/\/www.amstelprinting.nl\/de\/wp-json\/wp\/v2\/product"}],"about":[{"href":"https:\/\/www.amstelprinting.nl\/de\/wp-json\/wp\/v2\/types\/product"}],"wp:featuredmedia":[{"embeddable":true,"href":"https:\/\/www.amstelprinting.nl\/de\/wp-json\/wp\/v2\/media\/25243"}],"wp:attachment":[{"href":"https:\/\/www.amstelprinting.nl\/de\/wp-json\/wp\/v2\/media?parent=14971"}],"wp:term":[{"taxonomy":"product_brand","embeddable":true,"href":"https:\/\/www.amstelprinting.nl\/de\/wp-json\/wp\/v2\/product_brand?post=14971"},{"taxonomy":"product_cat","embeddable":true,"href":"https:\/\/www.amstelprinting.nl\/de\/wp-json\/wp\/v2\/product_cat?post=14971"},{"taxonomy":"product_tag","embeddable":true,"href":"https:\/\/www.amstelprinting.nl\/de\/wp-json\/wp\/v2\/product_tag?post=14971"}],"curies":[{"name":"wp","href":"https:\/\/api.w.org\/{rel}","templated":true}]}}