{"id":14986,"date":"2025-01-24T11:24:57","date_gmt":"2025-01-24T10:24:57","guid":{"rendered":"https:\/\/www.amstelprinting.nl\/winkel\/unkategorisiert\/premium-roll-up-banner\/"},"modified":"2026-02-10T12:29:24","modified_gmt":"2026-02-10T11:29:24","slug":"premium-roll-up-banner","status":"publish","type":"product","link":"https:\/\/www.amstelprinting.nl\/de\/gesch\u00e4ft\/innenwerbung\/prasentation\/premium-roll-up-banner\/","title":{"rendered":"Premium Roll-up-Banner"},"content":{"rendered":"<h3>Premium Roll-up-Banner bestellen<\/h3>\n<p>Der Premium Roll-up-Banner ist f\u00fcr den h\u00e4ufigen Gebrauch konzipiert. Die Premium-Kassette ist in Silber (Aluminium) oder Schwarz erh\u00e4ltlich und verf\u00fcgt \u00fcber einen ausziehbaren Fu\u00df, der Stabilit\u00e4t und Benutzerfreundlichkeit garantiert. F\u00fcr Ihren Premium Roll-up-Banner haben Sie die Wahl zwischen drei verschiedenen Formaten: 85 cm x 200 cm, 100 cm x 200 cm oder 120 cm x 200 cm. Zudem bieten wir eine breite Palette an Materialien f\u00fcr Ihren Roll-up-Banner an:<\/p>\n<ul>\n<li><strong>Banner 510<\/strong>: PVC-Plane mit gl\u00e4nzendem Finish, geeignet f\u00fcr den Innen- und Au\u00dfenbereich. B1-zertifiziert f\u00fcr Brandschutz.<\/li>\n<li><strong>Airtex<\/strong>: Faltenfreie PVC-Plane mit 330 g\/m\u00b2, einfach in der Anwendung und B1-zertifiziert f\u00fcr Sicherheit.<\/li>\n<li><strong>SanoTex<\/strong>: Nachhaltige, PVC-freie Plane mit grauer R\u00fcckseite, umweltfreundlich und mit Brandschutzzertifikat versehen.<\/li>\n<li><strong>Schwarz-Wei\u00df-Banner<\/strong>: PVC-Blockout-Plane mit schwarzer R\u00fcckseite, geeignet f\u00fcr innen und au\u00dfen, mit B1-Zertifikat.<\/li>\n<li><strong>Roll-up-Material<\/strong>: Wasserabweisende PVC-Plane, ideal f\u00fcr den Innenbereich.<\/li>\n<\/ul>\n<p>&nbsp;<\/p>\n<h3>Vorteile Premium Roll-up-Banner<\/h3>\n<ul>\n<li>F\u00fcr den Mehrfachgebrauch geeignet<\/li>\n<li>In f\u00fcnf festen Formaten erh\u00e4ltlich<\/li>\n<li>In wenigen Minuten bereit f\u00fcr die Pr\u00e4sentation<\/li>\n<li>Der Banner ist austauschbar (bei wechselndem Design)<\/li>\n<li>W\u00e4hlen Sie eine Kassette nach Wunsch: in Aluminium (Silber) oder Schwarz<\/li>\n<li>Inklusive praktischer Tragetasche f\u00fcr kompakten Transport<\/li>\n<li>Brandsicher: B1-zertifiziertes Material<\/li>\n<li>Beleuchtung optional mitbestellen<\/li>\n<\/ul>\n<p>&nbsp;<\/p>\n<h3>Kompakter Transport<\/h3>\n<p>Jeder Premium Roll-up-Banner wird mit einer Nylon-Tragetasche f\u00fcr einfachen Transport und Lagerung geliefert.<\/p>\n<h3>Zubeh\u00f6r<\/h3>\n<p>Erh\u00f6hen Sie die Sichtbarkeit Ihrer Botschaft mit optionaler LED-Beleuchtung, erh\u00e4ltlich in Silber-Aluminium. Damit bleibt Ihr Banner auch in dunklen Umgebungen effektiv.<\/p>\n<p>Machen Sie Ihre n\u00e4chste Pr\u00e4sentation zu einem unvergesslichen Erfolg mit diesem Premium Roll-up-Banner. Mit seiner Vielseitigkeit an Materialien, Formaten und seiner Benutzerfreundlichkeit garantiert dieser Roll-up-Banner ein professionelles Erscheinungsbild. F\u00fcgen Sie eine optionale LED-Beleuchtung f\u00fcr zus\u00e4tzliche Wirkung in jeder Umgebung hinzu. W\u00e4hlen Sie den Premium Roll-up-Banner und lassen Sie Ihre Botschaft strahlen.<\/p>\n<h3>H\u00e4ufig gestellte Fragen<\/h3>\n<p><strong>Kann ich einen Banner selbst austauschen?<\/strong><br \/>\nJa, es ist m\u00f6glich, den Banner bei den Modellen Premium, Deluxe und XXL selbst auszutauschen. Diese Kassetten sind so konzipiert, dass der Austausch des Banners einfach ist, sodass Sie dies schnell und effizient erledigen k\u00f6nnen.<\/p>\n<p><strong>Worauf muss ich beim Aufstellen des Roll-up-Banners achten?<\/strong><br \/>\nBeim Aufstellen des Roll-up-Banners ist es wichtig, darauf zu achten, dass Sie die Plane nicht zu weit ausrollen. Dies hilft, irreparable Sch\u00e4den am System zu vermeiden. Vergessen Sie auch nicht, den Stift in der Kassette wieder fest zu fixieren. Dieser Stift ist wichtig f\u00fcr die Fixierung der Plane, was den sp\u00e4teren Austausch des Roll-up-Banners erleichtert. Stellen Sie sicher, dass alles gut fest sitzt, bevor Sie den Roll-up-Banner vollst\u00e4ndig ausrollen.<\/p>\n","protected":false},"excerpt":{"rendered":"<h3>Freistehender Roll-up-Banner in kompakter Kassette, inklusive Tragetasche<\/h3>\n<p>Entdecken Sie den Premium Roll-up-Banner, Ihren ultimativen Partner f\u00fcr erfolgreiche Pr\u00e4sentationen an jedem Ort. Egal, ob Sie eine kleine Versammlung organisieren oder einen gro\u00dfen Messestand einrichten; dieser Premium Roll-up-Banner kombiniert m\u00fchelos Stil mit Funktionalit\u00e4t, um Ihre Botschaft professionell und auffallend zu vermitteln. Nach dem Gebrauch rollen Sie den Banner einfach wieder in die Kassette (Silber oder Schwarz) zur\u00fcck. Aufbewahrung und Transport erfolgen mithilfe der mitgelieferten Tragetasche.<\/p>\n","protected":false},"featured_media":14988,"template":"","meta":{"_et_pb_use_builder":"","_et_pb_old_content":"","_et_gb_content_width":""},"product_brand":[],"product_cat":[905,907,899,910],"product_tag":[],"class_list":{"0":"post-14986","1":"product","2":"type-product","3":"status-publish","4":"has-post-thumbnail","6":"product_cat-banner-aufrollen","7":"product_cat-innenwerbung","8":"product_cat-messe-event","9":"product_cat-prasentation","11":"first","12":"instock","13":"taxable","14":"shipping-taxable","15":"purchasable","16":"product-type-simple"},"yoast_head":"<!-- This site is optimized with the Yoast SEO plugin v27.3 - https:\/\/yoast.com\/product\/yoast-seo-wordpress\/ -->\n<title>Premium Roll-up-Banner \u2013 Freistehendes Display f\u00fcr Ihre Pr\u00e4sentation<\/title>\n<meta name=\"description\" content=\"Bestellen Sie noch heute Ihren Premium Roll-up-Banner und pr\u00e4sentieren Sie Ihre Botschaft stilvoll und effektiv. Lieferung am n\u00e4chsten Tag, einfache Montage, langlebig\" \/>\n<meta name=\"robots\" content=\"index, follow, max-snippet:-1, max-image-preview:large, max-video-preview:-1\" \/>\n<link rel=\"canonical\" href=\"https:\/\/www.amstelprinting.nl\/de\/gesch\u00e4ft\/innenwerbung\/prasentation\/premium-roll-up-banner\/\" \/>\n<meta property=\"og:locale\" content=\"de_DE\" \/>\n<meta property=\"og:type\" content=\"article\" \/>\n<meta property=\"og:title\" content=\"Premium Roll-up-Banner \u2013 Freistehendes Display f\u00fcr Ihre Pr\u00e4sentation\" \/>\n<meta property=\"og:description\" content=\"Bestellen Sie noch heute Ihren Premium Roll-up-Banner und pr\u00e4sentieren Sie Ihre Botschaft stilvoll und effektiv. Lieferung am n\u00e4chsten Tag, einfache Montage, langlebig\" \/>\n<meta property=\"og:url\" content=\"https:\/\/www.amstelprinting.nl\/de\/gesch\u00e4ft\/innenwerbung\/prasentation\/premium-roll-up-banner\/\" \/>\n<meta property=\"og:site_name\" content=\"Amstel Printing\" \/>\n<meta property=\"article:modified_time\" content=\"2026-02-10T11:29:24+00:00\" \/>\n<meta property=\"og:image\" content=\"https:\/\/www.amstelprinting.nl\/wp-content\/uploads\/roll-up-premium-bedrukken.png\" \/>\n\t<meta property=\"og:image:width\" content=\"900\" \/>\n\t<meta property=\"og:image:height\" content=\"900\" \/>\n\t<meta property=\"og:image:type\" content=\"image\/png\" \/>\n<meta name=\"twitter:card\" content=\"summary_large_image\" \/>\n<meta name=\"twitter:label1\" content=\"Gesch\u00e4tzte Lesezeit\" \/>\n\t<meta name=\"twitter:data1\" content=\"2\u00a0Minuten\" \/>\n<script type=\"application\/ld+json\" class=\"yoast-schema-graph\">{\"@context\":\"https:\\\/\\\/schema.org\",\"@graph\":[{\"@type\":\"WebPage\",\"@id\":\"https:\\\/\\\/www.amstelprinting.nl\\\/de\\\/gesch\u00e4ft\\\/innenwerbung\\\/prasentation\\\/premium-roll-up-banner\\\/\",\"url\":\"https:\\\/\\\/www.amstelprinting.nl\\\/de\\\/gesch\u00e4ft\\\/innenwerbung\\\/prasentation\\\/premium-roll-up-banner\\\/\",\"name\":\"Premium Roll-up-Banner \u2013 Freistehendes Display f\u00fcr Ihre Pr\u00e4sentation\",\"isPartOf\":{\"@id\":\"https:\\\/\\\/www.amstelprinting.nl\\\/de\\\/#website\"},\"primaryImageOfPage\":{\"@id\":\"https:\\\/\\\/www.amstelprinting.nl\\\/de\\\/gesch\u00e4ft\\\/innenwerbung\\\/prasentation\\\/premium-roll-up-banner\\\/#primaryimage\"},\"image\":{\"@id\":\"https:\\\/\\\/www.amstelprinting.nl\\\/de\\\/gesch\u00e4ft\\\/innenwerbung\\\/prasentation\\\/premium-roll-up-banner\\\/#primaryimage\"},\"thumbnailUrl\":\"https:\\\/\\\/www.amstelprinting.nl\\\/wp-content\\\/uploads\\\/roll-up-premium-bedrukken.png\",\"datePublished\":\"2025-01-24T10:24:57+00:00\",\"dateModified\":\"2026-02-10T11:29:24+00:00\",\"description\":\"Bestellen Sie noch heute Ihren Premium Roll-up-Banner und pr\u00e4sentieren Sie Ihre Botschaft stilvoll und effektiv. Lieferung am n\u00e4chsten Tag, einfache Montage, langlebig\",\"breadcrumb\":{\"@id\":\"https:\\\/\\\/www.amstelprinting.nl\\\/de\\\/gesch\u00e4ft\\\/innenwerbung\\\/prasentation\\\/premium-roll-up-banner\\\/#breadcrumb\"},\"inLanguage\":\"de\",\"potentialAction\":[{\"@type\":\"ReadAction\",\"target\":[\"https:\\\/\\\/www.amstelprinting.nl\\\/de\\\/gesch\u00e4ft\\\/innenwerbung\\\/prasentation\\\/premium-roll-up-banner\\\/\"]}]},{\"@type\":\"ImageObject\",\"inLanguage\":\"de\",\"@id\":\"https:\\\/\\\/www.amstelprinting.nl\\\/de\\\/gesch\u00e4ft\\\/innenwerbung\\\/prasentation\\\/premium-roll-up-banner\\\/#primaryimage\",\"url\":\"https:\\\/\\\/www.amstelprinting.nl\\\/wp-content\\\/uploads\\\/roll-up-premium-bedrukken.png\",\"contentUrl\":\"https:\\\/\\\/www.amstelprinting.nl\\\/wp-content\\\/uploads\\\/roll-up-premium-bedrukken.png\",\"width\":900,\"height\":900},{\"@type\":\"BreadcrumbList\",\"@id\":\"https:\\\/\\\/www.amstelprinting.nl\\\/de\\\/gesch\u00e4ft\\\/innenwerbung\\\/prasentation\\\/premium-roll-up-banner\\\/#breadcrumb\",\"itemListElement\":[{\"@type\":\"ListItem\",\"position\":1,\"name\":\"\",\"item\":\"https:\\\/\\\/www.amstelprinting.nl\\\/de\\\/\"},{\"@type\":\"ListItem\",\"position\":2,\"name\":\"Amstel Printing\",\"item\":\"https:\\\/\\\/www.amstelprinting.nl\\\/de\\\/geschaeft\\\/\"},{\"@type\":\"ListItem\",\"position\":3,\"name\":\"Innenwerbung\",\"item\":\"https:\\\/\\\/www.amstelprinting.nl\\\/de\\\/kategorie\\\/innenwerbung\\\/\"},{\"@type\":\"ListItem\",\"position\":4,\"name\":\"Pr\u00e4sentation\",\"item\":\"https:\\\/\\\/www.amstelprinting.nl\\\/de\\\/kategorie\\\/innenwerbung\\\/prasentation\\\/\"},{\"@type\":\"ListItem\",\"position\":5,\"name\":\"Premium Roll-up-Banner\"}]},{\"@type\":\"WebSite\",\"@id\":\"https:\\\/\\\/www.amstelprinting.nl\\\/de\\\/#website\",\"url\":\"https:\\\/\\\/www.amstelprinting.nl\\\/de\\\/\",\"name\":\"Amstel Printing\",\"description\":\"Creating Exposure\",\"publisher\":{\"@id\":\"https:\\\/\\\/www.amstelprinting.nl\\\/de\\\/#organization\"},\"potentialAction\":[{\"@type\":\"SearchAction\",\"target\":{\"@type\":\"EntryPoint\",\"urlTemplate\":\"https:\\\/\\\/www.amstelprinting.nl\\\/de\\\/?s={search_term_string}\"},\"query-input\":{\"@type\":\"PropertyValueSpecification\",\"valueRequired\":true,\"valueName\":\"search_term_string\"}}],\"inLanguage\":\"de\"},{\"@type\":\"Organization\",\"@id\":\"https:\\\/\\\/www.amstelprinting.nl\\\/de\\\/#organization\",\"name\":\"Amstel Printing\",\"url\":\"https:\\\/\\\/www.amstelprinting.nl\\\/de\\\/\",\"logo\":{\"@type\":\"ImageObject\",\"inLanguage\":\"de\",\"@id\":\"https:\\\/\\\/www.amstelprinting.nl\\\/de\\\/#\\\/schema\\\/logo\\\/image\\\/\",\"url\":\"https:\\\/\\\/www.amstelprinting.nl\\\/wp-content\\\/uploads\\\/amstel_printing_logo_clean.png\",\"contentUrl\":\"https:\\\/\\\/www.amstelprinting.nl\\\/wp-content\\\/uploads\\\/amstel_printing_logo_clean.png\",\"width\":324,\"height\":73,\"caption\":\"Amstel Printing\"},\"image\":{\"@id\":\"https:\\\/\\\/www.amstelprinting.nl\\\/de\\\/#\\\/schema\\\/logo\\\/image\\\/\"}}]}<\/script>\n<!-- \/ Yoast SEO plugin. -->","yoast_head_json":{"title":"Premium Roll-up-Banner \u2013 Freistehendes Display f\u00fcr Ihre Pr\u00e4sentation","description":"Bestellen Sie noch heute Ihren Premium Roll-up-Banner und pr\u00e4sentieren Sie Ihre Botschaft stilvoll und effektiv. Lieferung am n\u00e4chsten Tag, einfache Montage, langlebig","robots":{"index":"index","follow":"follow","max-snippet":"max-snippet:-1","max-image-preview":"max-image-preview:large","max-video-preview":"max-video-preview:-1"},"canonical":"https:\/\/www.amstelprinting.nl\/de\/gesch\u00e4ft\/innenwerbung\/prasentation\/premium-roll-up-banner\/","og_locale":"de_DE","og_type":"article","og_title":"Premium Roll-up-Banner \u2013 Freistehendes Display f\u00fcr Ihre Pr\u00e4sentation","og_description":"Bestellen Sie noch heute Ihren Premium Roll-up-Banner und pr\u00e4sentieren Sie Ihre Botschaft stilvoll und effektiv. Lieferung am n\u00e4chsten Tag, einfache Montage, langlebig","og_url":"https:\/\/www.amstelprinting.nl\/de\/gesch\u00e4ft\/innenwerbung\/prasentation\/premium-roll-up-banner\/","og_site_name":"Amstel Printing","article_modified_time":"2026-02-10T11:29:24+00:00","og_image":[{"width":900,"height":900,"url":"https:\/\/www.amstelprinting.nl\/wp-content\/uploads\/roll-up-premium-bedrukken.png","type":"image\/png"}],"twitter_card":"summary_large_image","twitter_misc":{"Gesch\u00e4tzte Lesezeit":"2\u00a0Minuten"},"schema":{"@context":"https:\/\/schema.org","@graph":[{"@type":"WebPage","@id":"https:\/\/www.amstelprinting.nl\/de\/gesch\u00e4ft\/innenwerbung\/prasentation\/premium-roll-up-banner\/","url":"https:\/\/www.amstelprinting.nl\/de\/gesch\u00e4ft\/innenwerbung\/prasentation\/premium-roll-up-banner\/","name":"Premium Roll-up-Banner \u2013 Freistehendes Display f\u00fcr Ihre Pr\u00e4sentation","isPartOf":{"@id":"https:\/\/www.amstelprinting.nl\/de\/#website"},"primaryImageOfPage":{"@id":"https:\/\/www.amstelprinting.nl\/de\/gesch\u00e4ft\/innenwerbung\/prasentation\/premium-roll-up-banner\/#primaryimage"},"image":{"@id":"https:\/\/www.amstelprinting.nl\/de\/gesch\u00e4ft\/innenwerbung\/prasentation\/premium-roll-up-banner\/#primaryimage"},"thumbnailUrl":"https:\/\/www.amstelprinting.nl\/wp-content\/uploads\/roll-up-premium-bedrukken.png","datePublished":"2025-01-24T10:24:57+00:00","dateModified":"2026-02-10T11:29:24+00:00","description":"Bestellen Sie noch heute Ihren Premium Roll-up-Banner und pr\u00e4sentieren Sie Ihre Botschaft stilvoll und effektiv. Lieferung am n\u00e4chsten Tag, einfache Montage, langlebig","breadcrumb":{"@id":"https:\/\/www.amstelprinting.nl\/de\/gesch\u00e4ft\/innenwerbung\/prasentation\/premium-roll-up-banner\/#breadcrumb"},"inLanguage":"de","potentialAction":[{"@type":"ReadAction","target":["https:\/\/www.amstelprinting.nl\/de\/gesch\u00e4ft\/innenwerbung\/prasentation\/premium-roll-up-banner\/"]}]},{"@type":"ImageObject","inLanguage":"de","@id":"https:\/\/www.amstelprinting.nl\/de\/gesch\u00e4ft\/innenwerbung\/prasentation\/premium-roll-up-banner\/#primaryimage","url":"https:\/\/www.amstelprinting.nl\/wp-content\/uploads\/roll-up-premium-bedrukken.png","contentUrl":"https:\/\/www.amstelprinting.nl\/wp-content\/uploads\/roll-up-premium-bedrukken.png","width":900,"height":900},{"@type":"BreadcrumbList","@id":"https:\/\/www.amstelprinting.nl\/de\/gesch\u00e4ft\/innenwerbung\/prasentation\/premium-roll-up-banner\/#breadcrumb","itemListElement":[{"@type":"ListItem","position":1,"name":"","item":"https:\/\/www.amstelprinting.nl\/de\/"},{"@type":"ListItem","position":2,"name":"Amstel Printing","item":"https:\/\/www.amstelprinting.nl\/de\/geschaeft\/"},{"@type":"ListItem","position":3,"name":"Innenwerbung","item":"https:\/\/www.amstelprinting.nl\/de\/kategorie\/innenwerbung\/"},{"@type":"ListItem","position":4,"name":"Pr\u00e4sentation","item":"https:\/\/www.amstelprinting.nl\/de\/kategorie\/innenwerbung\/prasentation\/"},{"@type":"ListItem","position":5,"name":"Premium Roll-up-Banner"}]},{"@type":"WebSite","@id":"https:\/\/www.amstelprinting.nl\/de\/#website","url":"https:\/\/www.amstelprinting.nl\/de\/","name":"Amstel Printing","description":"Creating Exposure","publisher":{"@id":"https:\/\/www.amstelprinting.nl\/de\/#organization"},"potentialAction":[{"@type":"SearchAction","target":{"@type":"EntryPoint","urlTemplate":"https:\/\/www.amstelprinting.nl\/de\/?s={search_term_string}"},"query-input":{"@type":"PropertyValueSpecification","valueRequired":true,"valueName":"search_term_string"}}],"inLanguage":"de"},{"@type":"Organization","@id":"https:\/\/www.amstelprinting.nl\/de\/#organization","name":"Amstel Printing","url":"https:\/\/www.amstelprinting.nl\/de\/","logo":{"@type":"ImageObject","inLanguage":"de","@id":"https:\/\/www.amstelprinting.nl\/de\/#\/schema\/logo\/image\/","url":"https:\/\/www.amstelprinting.nl\/wp-content\/uploads\/amstel_printing_logo_clean.png","contentUrl":"https:\/\/www.amstelprinting.nl\/wp-content\/uploads\/amstel_printing_logo_clean.png","width":324,"height":73,"caption":"Amstel Printing"},"image":{"@id":"https:\/\/www.amstelprinting.nl\/de\/#\/schema\/logo\/image\/"}}]}},"_links":{"self":[{"href":"https:\/\/www.amstelprinting.nl\/de\/wp-json\/wp\/v2\/product\/14986","targetHints":{"allow":["GET"]}}],"collection":[{"href":"https:\/\/www.amstelprinting.nl\/de\/wp-json\/wp\/v2\/product"}],"about":[{"href":"https:\/\/www.amstelprinting.nl\/de\/wp-json\/wp\/v2\/types\/product"}],"wp:featuredmedia":[{"embeddable":true,"href":"https:\/\/www.amstelprinting.nl\/de\/wp-json\/wp\/v2\/media\/14988"}],"wp:attachment":[{"href":"https:\/\/www.amstelprinting.nl\/de\/wp-json\/wp\/v2\/media?parent=14986"}],"wp:term":[{"taxonomy":"product_brand","embeddable":true,"href":"https:\/\/www.amstelprinting.nl\/de\/wp-json\/wp\/v2\/product_brand?post=14986"},{"taxonomy":"product_cat","embeddable":true,"href":"https:\/\/www.amstelprinting.nl\/de\/wp-json\/wp\/v2\/product_cat?post=14986"},{"taxonomy":"product_tag","embeddable":true,"href":"https:\/\/www.amstelprinting.nl\/de\/wp-json\/wp\/v2\/product_tag?post=14986"}],"curies":[{"name":"wp","href":"https:\/\/api.w.org\/{rel}","templated":true}]}}