{"id":14999,"date":"2025-01-24T11:24:48","date_gmt":"2025-01-24T10:24:48","guid":{"rendered":"https:\/\/www.amstelprinting.nl\/winkel\/unkategorisiert\/deluxe-roll-up-banner\/"},"modified":"2026-02-10T12:29:25","modified_gmt":"2026-02-10T11:29:25","slug":"deluxe-roll-up-banner","status":"publish","type":"product","link":"https:\/\/www.amstelprinting.nl\/de\/gesch\u00e4ft\/innenwerbung\/prasentation\/deluxe-roll-up-banner\/","title":{"rendered":"Deluxe Roll-up-Banner"},"content":{"rendered":"<h3>Deluxe Roll-up-Banner bestellen<\/h3>\n<p>Ein Roll-up-Banner wird auch Rollbanner, Roll-Banner oder Roll-up genannt. Wie auch immer der Name lautet: Es bleibt eine praktische und erschwingliche M\u00f6glichkeit, ein Produkt, ein Unternehmen oder eine Veranstaltung schnell ins Rampenlicht zu r\u00fccken. Das Deluxe Roll-up-Banner kann immer wieder verwendet werden, was es besonders praktisch macht. Ob Sie nun eine gesch\u00e4ftliche Zusammenkunft, einen Messestand oder eine Werbeveranstaltung organisieren, dieses Banner bietet au\u00dfergew\u00f6hnliche Vielseitigkeit und Qualit\u00e4t f\u00fcr ein unvergessliches Pr\u00e4sentationserlebnis.<\/p>\n<h3>Vorteile<\/h3>\n<ul>\n<li>Roll-up-Banner in einer hochwertig verarbeiteten Kassette<\/li>\n<li>Einfach im Gebrauch (in 2 Minuten aufgebaut)<\/li>\n<li>Erh\u00e4ltlich in zwei festen Formaten<\/li>\n<li>Das Banner ist austauschbar (bei wechselndem Design)<\/li>\n<li>W\u00e4hlen Sie eine Kassette nach Wunsch: in Aluminium (Silber) oder Schwarz<\/li>\n<li>Inklusive praktischer Tragetasche f\u00fcr kompakten Transport<\/li>\n<li>Brandsicher: B1-zertifiziertes Material<\/li>\n<li>Optional Beleuchtung dazu bestellen<\/li>\n<\/ul>\n<p>&nbsp;<\/p>\n<h3>Formate und Materialien<\/h3>\n<p>Das Deluxe Roll-up-Banner ist f\u00fcr den mehrfachen Gebrauch konzipiert. Die Kassette ist in Silber (Aluminium) oder Schwarz erh\u00e4ltlich. Sie haben die Wahl zwischen zwei festen Formaten: 85 cm x 200 cm und 100 cm x 200 cm, sodass Sie immer die passende Gr\u00f6\u00dfe f\u00fcr Ihre Pr\u00e4sentation w\u00e4hlen k\u00f6nnen. Dar\u00fcber hinaus bieten wir eine breite Palette an Bannermaterialien an:<\/p>\n<ul>\n<li><strong>Banner 510<\/strong>: Meestgew\u00e4hlt \u2013 PVC-Plane mit gl\u00e4nzendem Finish, geeignet f\u00fcr den Innen- und Au\u00dfenbereich. B1-zertifiziert f\u00fcr Brandschutz.<\/li>\n<li><strong>Airtex<\/strong>: Faltenfreies PVC-Gewebe von 330 g\/m\u00b2, einfach im Gebrauch und B1-zertifiziert f\u00fcr Sicherheit.<\/li>\n<li><strong>SanoTex<\/strong>: Nachhaltiges PVC-freies Gewebe mit grauer R\u00fcckseite, umweltfreundlich und mit Brandschutzzertifikat versehen.<\/li>\n<li><strong>Schwarz-Wei\u00df-Banner<\/strong>: PVC-Blockout-Plane mit schwarzer R\u00fcckseite, geeignet f\u00fcr innen und au\u00dfen, mit B1-Zertifikat.<\/li>\n<li><strong>Roll-up-Material<\/strong>: Wasserabweisendes PVC-Gewebe, perfekt f\u00fcr den Innenbereich.<\/li>\n<\/ul>\n<p>&nbsp;<\/p>\n<h3>Transport und Aufbewahrung<\/h3>\n<p>Jedes Deluxe Roll-up-Banner wird mit einer Tragetasche f\u00fcr einfachen Transport und Lagerung geliefert.<\/p>\n<h3>Zubeh\u00f6r<\/h3>\n<p>Erh\u00f6hen Sie die Sichtbarkeit Ihrer Botschaft mit optionaler LED-Beleuchtung, erh\u00e4ltlich in Silber oder Schwarz. Damit bleibt Ihr Deluxe Roll-up-Banner selbst in dunklen Umgebungen effektiv.<\/p>\n<p>W\u00e4hlen Sie die ultimative Kombination aus Eleganz und Effektivit\u00e4t mit dem Deluxe Roll-up-Banner. Mit seinen verschiedenen Materialien, stilvollen Kassettenoptionen und praktischem Zubeh\u00f6r wie optionaler LED-Beleuchtung garantiert das Deluxe Roll-up-Banner einen professionellen Auftritt bei jeder Veranstaltung. Ob Sie es f\u00fcr eine Pr\u00e4sentation oder auf einer Messe einsetzen, Ihre Botschaft wird immer auffallen und Eindruck hinterlassen. Lassen Sie Ihre Pr\u00e4sentation durch die perfekte Balance zwischen Design und Funktionalit\u00e4t erstrahlen.<\/p>\n<h3>H\u00e4ufig gestellte Fragen<\/h3>\n<p><strong>Kann ich ein Banner selbst austauschen?<\/strong><br \/>\nJa, es ist m\u00f6glich, das Banner bei den Modellen Premium, Deluxe und XXL selbst auszutauschen. Diese Kassetten sind so konzipiert, dass der Austausch des Banners einfach ist, sodass Sie ihn schnell und effizient durchf\u00fchren k\u00f6nnen.<\/p>\n<p><strong>Worauf muss ich beim Aufbau des Roll-up-Banners achten?<\/strong><br \/>\nBeim Aufbau des Deluxe Roll-up-Banners ist es wichtig, darauf zu achten, dass Sie das Tuch nicht zu weit ausrollen. Dies hilft, irreversible Sch\u00e4den am System zu vermeiden. Vergessen Sie auch nicht, den Stift in der Kassette wieder gut zu fixieren. Dieser Stift ist essenziell f\u00fcr die Arretierung des Tuchs, was den sp\u00e4teren Austausch des Roll-up-Banners erleichtert. Stellen Sie sicher, dass alles fest sitzt, bevor Sie das Roll-up-Banner vollst\u00e4ndig ausrollen.<\/p>\n","protected":false},"excerpt":{"rendered":"<p>Das Deluxe Roll-up-Banner ist das Aush\u00e4ngeschild in unserem Roll-up-Banner-Sortiment. Dieses qualitativ hochwertige System ist so solide, dass es (im Gegensatz zu anderen Systemen) keine ausziehbaren F\u00fc\u00dfe ben\u00f6tigt, um stabil zu stehen. Das Deluxe Roll-up-Banner ist in einer silbernen (Aluminium) und einer schwarzen Ausf\u00fchrung erh\u00e4ltlich und wird standardm\u00e4\u00dfig mit einer Tragetasche geliefert.<\/p>\n","protected":false},"featured_media":15000,"template":"","meta":{"_et_pb_use_builder":"","_et_pb_old_content":"","_et_gb_content_width":""},"product_brand":[],"product_cat":[905,907,899,910],"product_tag":[],"class_list":{"0":"post-14999","1":"product","2":"type-product","3":"status-publish","4":"has-post-thumbnail","6":"product_cat-banner-aufrollen","7":"product_cat-innenwerbung","8":"product_cat-messe-event","9":"product_cat-prasentation","11":"first","12":"instock","13":"taxable","14":"shipping-taxable","15":"purchasable","16":"product-type-simple"},"yoast_head":"<!-- This site is optimized with the Yoast SEO plugin v27.3 - https:\/\/yoast.com\/product\/yoast-seo-wordpress\/ -->\n<title>Deluxe Roll-up-Banner \u2013 Langlebig und professionell<\/title>\n<meta name=\"description\" content=\"Deluxe Roll-up-Banner, perfekt f\u00fcr Messen und Veranstaltungen. Einfach aufzubauen, inklusive Tragetasche f\u00fcr den Transport an verschiedene Standorte.\" \/>\n<meta name=\"robots\" content=\"index, follow, max-snippet:-1, max-image-preview:large, max-video-preview:-1\" \/>\n<link rel=\"canonical\" href=\"https:\/\/www.amstelprinting.nl\/de\/gesch\u00e4ft\/innenwerbung\/prasentation\/deluxe-roll-up-banner\/\" \/>\n<meta property=\"og:locale\" content=\"de_DE\" \/>\n<meta property=\"og:type\" content=\"article\" \/>\n<meta property=\"og:title\" content=\"Deluxe Roll-up-Banner \u2013 Langlebig und professionell\" \/>\n<meta property=\"og:description\" content=\"Deluxe Roll-up-Banner, perfekt f\u00fcr Messen und Veranstaltungen. Einfach aufzubauen, inklusive Tragetasche f\u00fcr den Transport an verschiedene Standorte.\" \/>\n<meta property=\"og:url\" content=\"https:\/\/www.amstelprinting.nl\/de\/gesch\u00e4ft\/innenwerbung\/prasentation\/deluxe-roll-up-banner\/\" \/>\n<meta property=\"og:site_name\" content=\"Amstel Printing\" \/>\n<meta property=\"article:modified_time\" content=\"2026-02-10T11:29:25+00:00\" \/>\n<meta property=\"og:image\" content=\"https:\/\/www.amstelprinting.nl\/wp-content\/uploads\/roll-up-deluxe-bedrukken-black.png\" \/>\n\t<meta property=\"og:image:width\" content=\"900\" \/>\n\t<meta property=\"og:image:height\" content=\"900\" \/>\n\t<meta property=\"og:image:type\" content=\"image\/png\" \/>\n<meta name=\"twitter:card\" content=\"summary_large_image\" \/>\n<meta name=\"twitter:label1\" content=\"Gesch\u00e4tzte Lesezeit\" \/>\n\t<meta name=\"twitter:data1\" content=\"3\u00a0Minuten\" \/>\n<script type=\"application\/ld+json\" class=\"yoast-schema-graph\">{\"@context\":\"https:\\\/\\\/schema.org\",\"@graph\":[{\"@type\":\"WebPage\",\"@id\":\"https:\\\/\\\/www.amstelprinting.nl\\\/de\\\/gesch\u00e4ft\\\/innenwerbung\\\/prasentation\\\/deluxe-roll-up-banner\\\/\",\"url\":\"https:\\\/\\\/www.amstelprinting.nl\\\/de\\\/gesch\u00e4ft\\\/innenwerbung\\\/prasentation\\\/deluxe-roll-up-banner\\\/\",\"name\":\"Deluxe Roll-up-Banner \u2013 Langlebig und professionell\",\"isPartOf\":{\"@id\":\"https:\\\/\\\/www.amstelprinting.nl\\\/de\\\/#website\"},\"primaryImageOfPage\":{\"@id\":\"https:\\\/\\\/www.amstelprinting.nl\\\/de\\\/gesch\u00e4ft\\\/innenwerbung\\\/prasentation\\\/deluxe-roll-up-banner\\\/#primaryimage\"},\"image\":{\"@id\":\"https:\\\/\\\/www.amstelprinting.nl\\\/de\\\/gesch\u00e4ft\\\/innenwerbung\\\/prasentation\\\/deluxe-roll-up-banner\\\/#primaryimage\"},\"thumbnailUrl\":\"https:\\\/\\\/www.amstelprinting.nl\\\/wp-content\\\/uploads\\\/roll-up-deluxe-bedrukken-black.png\",\"datePublished\":\"2025-01-24T10:24:48+00:00\",\"dateModified\":\"2026-02-10T11:29:25+00:00\",\"description\":\"Deluxe Roll-up-Banner, perfekt f\u00fcr Messen und Veranstaltungen. Einfach aufzubauen, inklusive Tragetasche f\u00fcr den Transport an verschiedene Standorte.\",\"breadcrumb\":{\"@id\":\"https:\\\/\\\/www.amstelprinting.nl\\\/de\\\/gesch\u00e4ft\\\/innenwerbung\\\/prasentation\\\/deluxe-roll-up-banner\\\/#breadcrumb\"},\"inLanguage\":\"de\",\"potentialAction\":[{\"@type\":\"ReadAction\",\"target\":[\"https:\\\/\\\/www.amstelprinting.nl\\\/de\\\/gesch\u00e4ft\\\/innenwerbung\\\/prasentation\\\/deluxe-roll-up-banner\\\/\"]}]},{\"@type\":\"ImageObject\",\"inLanguage\":\"de\",\"@id\":\"https:\\\/\\\/www.amstelprinting.nl\\\/de\\\/gesch\u00e4ft\\\/innenwerbung\\\/prasentation\\\/deluxe-roll-up-banner\\\/#primaryimage\",\"url\":\"https:\\\/\\\/www.amstelprinting.nl\\\/wp-content\\\/uploads\\\/roll-up-deluxe-bedrukken-black.png\",\"contentUrl\":\"https:\\\/\\\/www.amstelprinting.nl\\\/wp-content\\\/uploads\\\/roll-up-deluxe-bedrukken-black.png\",\"width\":900,\"height\":900},{\"@type\":\"BreadcrumbList\",\"@id\":\"https:\\\/\\\/www.amstelprinting.nl\\\/de\\\/gesch\u00e4ft\\\/innenwerbung\\\/prasentation\\\/deluxe-roll-up-banner\\\/#breadcrumb\",\"itemListElement\":[{\"@type\":\"ListItem\",\"position\":1,\"name\":\"\",\"item\":\"https:\\\/\\\/www.amstelprinting.nl\\\/de\\\/\"},{\"@type\":\"ListItem\",\"position\":2,\"name\":\"Amstel Printing\",\"item\":\"https:\\\/\\\/www.amstelprinting.nl\\\/de\\\/geschaeft\\\/\"},{\"@type\":\"ListItem\",\"position\":3,\"name\":\"Innenwerbung\",\"item\":\"https:\\\/\\\/www.amstelprinting.nl\\\/de\\\/kategorie\\\/innenwerbung\\\/\"},{\"@type\":\"ListItem\",\"position\":4,\"name\":\"Pr\u00e4sentation\",\"item\":\"https:\\\/\\\/www.amstelprinting.nl\\\/de\\\/kategorie\\\/innenwerbung\\\/prasentation\\\/\"},{\"@type\":\"ListItem\",\"position\":5,\"name\":\"Deluxe Roll-up-Banner\"}]},{\"@type\":\"WebSite\",\"@id\":\"https:\\\/\\\/www.amstelprinting.nl\\\/de\\\/#website\",\"url\":\"https:\\\/\\\/www.amstelprinting.nl\\\/de\\\/\",\"name\":\"Amstel Printing\",\"description\":\"Creating Exposure\",\"publisher\":{\"@id\":\"https:\\\/\\\/www.amstelprinting.nl\\\/de\\\/#organization\"},\"potentialAction\":[{\"@type\":\"SearchAction\",\"target\":{\"@type\":\"EntryPoint\",\"urlTemplate\":\"https:\\\/\\\/www.amstelprinting.nl\\\/de\\\/?s={search_term_string}\"},\"query-input\":{\"@type\":\"PropertyValueSpecification\",\"valueRequired\":true,\"valueName\":\"search_term_string\"}}],\"inLanguage\":\"de\"},{\"@type\":\"Organization\",\"@id\":\"https:\\\/\\\/www.amstelprinting.nl\\\/de\\\/#organization\",\"name\":\"Amstel Printing\",\"url\":\"https:\\\/\\\/www.amstelprinting.nl\\\/de\\\/\",\"logo\":{\"@type\":\"ImageObject\",\"inLanguage\":\"de\",\"@id\":\"https:\\\/\\\/www.amstelprinting.nl\\\/de\\\/#\\\/schema\\\/logo\\\/image\\\/\",\"url\":\"https:\\\/\\\/www.amstelprinting.nl\\\/wp-content\\\/uploads\\\/amstel_printing_logo_clean.png\",\"contentUrl\":\"https:\\\/\\\/www.amstelprinting.nl\\\/wp-content\\\/uploads\\\/amstel_printing_logo_clean.png\",\"width\":324,\"height\":73,\"caption\":\"Amstel Printing\"},\"image\":{\"@id\":\"https:\\\/\\\/www.amstelprinting.nl\\\/de\\\/#\\\/schema\\\/logo\\\/image\\\/\"}}]}<\/script>\n<!-- \/ Yoast SEO plugin. -->","yoast_head_json":{"title":"Deluxe Roll-up-Banner \u2013 Langlebig und professionell","description":"Deluxe Roll-up-Banner, perfekt f\u00fcr Messen und Veranstaltungen. Einfach aufzubauen, inklusive Tragetasche f\u00fcr den Transport an verschiedene Standorte.","robots":{"index":"index","follow":"follow","max-snippet":"max-snippet:-1","max-image-preview":"max-image-preview:large","max-video-preview":"max-video-preview:-1"},"canonical":"https:\/\/www.amstelprinting.nl\/de\/gesch\u00e4ft\/innenwerbung\/prasentation\/deluxe-roll-up-banner\/","og_locale":"de_DE","og_type":"article","og_title":"Deluxe Roll-up-Banner \u2013 Langlebig und professionell","og_description":"Deluxe Roll-up-Banner, perfekt f\u00fcr Messen und Veranstaltungen. Einfach aufzubauen, inklusive Tragetasche f\u00fcr den Transport an verschiedene Standorte.","og_url":"https:\/\/www.amstelprinting.nl\/de\/gesch\u00e4ft\/innenwerbung\/prasentation\/deluxe-roll-up-banner\/","og_site_name":"Amstel Printing","article_modified_time":"2026-02-10T11:29:25+00:00","og_image":[{"width":900,"height":900,"url":"https:\/\/www.amstelprinting.nl\/wp-content\/uploads\/roll-up-deluxe-bedrukken-black.png","type":"image\/png"}],"twitter_card":"summary_large_image","twitter_misc":{"Gesch\u00e4tzte Lesezeit":"3\u00a0Minuten"},"schema":{"@context":"https:\/\/schema.org","@graph":[{"@type":"WebPage","@id":"https:\/\/www.amstelprinting.nl\/de\/gesch\u00e4ft\/innenwerbung\/prasentation\/deluxe-roll-up-banner\/","url":"https:\/\/www.amstelprinting.nl\/de\/gesch\u00e4ft\/innenwerbung\/prasentation\/deluxe-roll-up-banner\/","name":"Deluxe Roll-up-Banner \u2013 Langlebig und professionell","isPartOf":{"@id":"https:\/\/www.amstelprinting.nl\/de\/#website"},"primaryImageOfPage":{"@id":"https:\/\/www.amstelprinting.nl\/de\/gesch\u00e4ft\/innenwerbung\/prasentation\/deluxe-roll-up-banner\/#primaryimage"},"image":{"@id":"https:\/\/www.amstelprinting.nl\/de\/gesch\u00e4ft\/innenwerbung\/prasentation\/deluxe-roll-up-banner\/#primaryimage"},"thumbnailUrl":"https:\/\/www.amstelprinting.nl\/wp-content\/uploads\/roll-up-deluxe-bedrukken-black.png","datePublished":"2025-01-24T10:24:48+00:00","dateModified":"2026-02-10T11:29:25+00:00","description":"Deluxe Roll-up-Banner, perfekt f\u00fcr Messen und Veranstaltungen. Einfach aufzubauen, inklusive Tragetasche f\u00fcr den Transport an verschiedene Standorte.","breadcrumb":{"@id":"https:\/\/www.amstelprinting.nl\/de\/gesch\u00e4ft\/innenwerbung\/prasentation\/deluxe-roll-up-banner\/#breadcrumb"},"inLanguage":"de","potentialAction":[{"@type":"ReadAction","target":["https:\/\/www.amstelprinting.nl\/de\/gesch\u00e4ft\/innenwerbung\/prasentation\/deluxe-roll-up-banner\/"]}]},{"@type":"ImageObject","inLanguage":"de","@id":"https:\/\/www.amstelprinting.nl\/de\/gesch\u00e4ft\/innenwerbung\/prasentation\/deluxe-roll-up-banner\/#primaryimage","url":"https:\/\/www.amstelprinting.nl\/wp-content\/uploads\/roll-up-deluxe-bedrukken-black.png","contentUrl":"https:\/\/www.amstelprinting.nl\/wp-content\/uploads\/roll-up-deluxe-bedrukken-black.png","width":900,"height":900},{"@type":"BreadcrumbList","@id":"https:\/\/www.amstelprinting.nl\/de\/gesch\u00e4ft\/innenwerbung\/prasentation\/deluxe-roll-up-banner\/#breadcrumb","itemListElement":[{"@type":"ListItem","position":1,"name":"","item":"https:\/\/www.amstelprinting.nl\/de\/"},{"@type":"ListItem","position":2,"name":"Amstel Printing","item":"https:\/\/www.amstelprinting.nl\/de\/geschaeft\/"},{"@type":"ListItem","position":3,"name":"Innenwerbung","item":"https:\/\/www.amstelprinting.nl\/de\/kategorie\/innenwerbung\/"},{"@type":"ListItem","position":4,"name":"Pr\u00e4sentation","item":"https:\/\/www.amstelprinting.nl\/de\/kategorie\/innenwerbung\/prasentation\/"},{"@type":"ListItem","position":5,"name":"Deluxe Roll-up-Banner"}]},{"@type":"WebSite","@id":"https:\/\/www.amstelprinting.nl\/de\/#website","url":"https:\/\/www.amstelprinting.nl\/de\/","name":"Amstel Printing","description":"Creating Exposure","publisher":{"@id":"https:\/\/www.amstelprinting.nl\/de\/#organization"},"potentialAction":[{"@type":"SearchAction","target":{"@type":"EntryPoint","urlTemplate":"https:\/\/www.amstelprinting.nl\/de\/?s={search_term_string}"},"query-input":{"@type":"PropertyValueSpecification","valueRequired":true,"valueName":"search_term_string"}}],"inLanguage":"de"},{"@type":"Organization","@id":"https:\/\/www.amstelprinting.nl\/de\/#organization","name":"Amstel Printing","url":"https:\/\/www.amstelprinting.nl\/de\/","logo":{"@type":"ImageObject","inLanguage":"de","@id":"https:\/\/www.amstelprinting.nl\/de\/#\/schema\/logo\/image\/","url":"https:\/\/www.amstelprinting.nl\/wp-content\/uploads\/amstel_printing_logo_clean.png","contentUrl":"https:\/\/www.amstelprinting.nl\/wp-content\/uploads\/amstel_printing_logo_clean.png","width":324,"height":73,"caption":"Amstel Printing"},"image":{"@id":"https:\/\/www.amstelprinting.nl\/de\/#\/schema\/logo\/image\/"}}]}},"_links":{"self":[{"href":"https:\/\/www.amstelprinting.nl\/de\/wp-json\/wp\/v2\/product\/14999","targetHints":{"allow":["GET"]}}],"collection":[{"href":"https:\/\/www.amstelprinting.nl\/de\/wp-json\/wp\/v2\/product"}],"about":[{"href":"https:\/\/www.amstelprinting.nl\/de\/wp-json\/wp\/v2\/types\/product"}],"wp:featuredmedia":[{"embeddable":true,"href":"https:\/\/www.amstelprinting.nl\/de\/wp-json\/wp\/v2\/media\/15000"}],"wp:attachment":[{"href":"https:\/\/www.amstelprinting.nl\/de\/wp-json\/wp\/v2\/media?parent=14999"}],"wp:term":[{"taxonomy":"product_brand","embeddable":true,"href":"https:\/\/www.amstelprinting.nl\/de\/wp-json\/wp\/v2\/product_brand?post=14999"},{"taxonomy":"product_cat","embeddable":true,"href":"https:\/\/www.amstelprinting.nl\/de\/wp-json\/wp\/v2\/product_cat?post=14999"},{"taxonomy":"product_tag","embeddable":true,"href":"https:\/\/www.amstelprinting.nl\/de\/wp-json\/wp\/v2\/product_tag?post=14999"}],"curies":[{"name":"wp","href":"https:\/\/api.w.org\/{rel}","templated":true}]}}