{"id":15009,"date":"2025-01-24T11:24:37","date_gmt":"2025-01-24T10:24:37","guid":{"rendered":"https:\/\/www.amstelprinting.nl\/winkel\/unkategorisiert\/budget-roll-up-banner\/"},"modified":"2026-04-14T15:20:43","modified_gmt":"2026-04-14T13:20:43","slug":"budget-roll-up-banner","status":"publish","type":"product","link":"https:\/\/www.amstelprinting.nl\/de\/gesch\u00e4ft\/innenwerbung\/prasentation\/budget-roll-up-banner\/","title":{"rendered":"Budget Roll-up-Banner"},"content":{"rendered":"<h3>Vorteile<\/h3>\n<ul>\n<li>G\u00fcnstig im Preis<\/li>\n<li>In wenigen Minuten aufgebaut<\/li>\n<li>Kassette: in Aluminium (Silber) oder Schwarz lieferbar<\/li>\n<li>Erh\u00e4ltlich in verschiedenen Formaten und Materialien mit B1-Zertifikat<\/li>\n<li>Bestellen Sie optional eine Tragetasche und Beleuchtung dazu<\/li>\n<\/ul>\n<p>&nbsp;<\/p>\n<h3>Nachteile<\/h3>\n<ul>\n<li>Weniger geeignet f\u00fcr h\u00e4ufigen und langfristigen Gebrauch<\/li>\n<li>Der Banner ist nicht austauschbar<\/li>\n<\/ul>\n<p>&nbsp;<\/p>\n<h3>Formate und Materialien<\/h3>\n<p>Der Budget Roll-up-Banner ist f\u00fcr den mehrmaligen Gebrauch konzipiert. Die Kassette ist mit zwei ausziehbaren F\u00fc\u00dfen ausgestattet. Die Kassette ist in Silber-Aluminium oder Schwarz erh\u00e4ltlich. Au\u00dferdem k\u00f6nnen Sie zwischen verschiedenen Formaten w\u00e4hlen: 85 cm x 200 cm, 100 cm x 200 cm oder 120 cm x 200 cm. Dar\u00fcber hinaus bieten wir eine breite Palette an Materialien f\u00fcr Ihren Budget Roll-up-Banner an:<\/p>\n<ul>\n<li><strong>Banner 510<\/strong>: PVC-Plane mit gl\u00e4nzendem Finish, geeignet f\u00fcr den Innen- und Au\u00dfeneinsatz. B1-zertifiziert f\u00fcr Brandschutz.<\/li>\n<li><strong>Airtex<\/strong>: Faltenfreies PVC-Gewebe mit 330 g\/m\u00b2, einfach in der Anwendung und B1-zertifiziert f\u00fcr Sicherheit.<\/li>\n<li><strong>SanoTex<\/strong>: Nachhaltiges PVC-freies Gewebe mit grauer R\u00fcckseite, umweltfreundlich und mit Brandschutzzertifikat.<\/li>\n<li><strong>Schwarz-Wei\u00df-Banner<\/strong>: PVC-Blockout-Plane mit schwarzer R\u00fcckseite, geeignet f\u00fcr innen und au\u00dfen, mit B1-Zertifikat.<\/li>\n<\/ul>\n<p>&nbsp;<\/p>\n<h3>Roll-up-Material: Wasserabweisende PVC-Plane, ideal f\u00fcr den Innenbereich.<\/h3>\n<p>Jeder Budget Roll-up-Banner kann in einem wiederverwendbaren Karton mit Griff f\u00fcr den einfachen Transport oder in einer praktischen, speziell f\u00fcr Roll-up-Banner entworfenen Tragetasche geliefert werden, damit Sie \u00fcberall und jederzeit bereit sind, Eindruck zu hinterlassen.<\/p>\n<h3>Zubeh\u00f6r f\u00fcr den Budget Roll-up-Banner<\/h3>\n<p>Machen Sie Ihren Budget Roll-up-Banner mit optionaler LED-Beleuchtung noch auff\u00e4lliger. Erh\u00e4ltlich in Silber-Aluminium. Damit sorgen Sie daf\u00fcr, dass Ihre Botschaft auch in dunklen Umgebungen sichtbar ist.<\/p>\n<p>Ob f\u00fcr Messen, Shop-Pr\u00e4sentationen oder andere gesch\u00e4ftliche Veranstaltungen \u2013 der Budget Roll-up-Banner bietet die perfekte Balance zwischen Erschwinglichkeit und Qualit\u00e4t. Mit verschiedenen Materialoptionen, Formaten und praktischen Verpackungsl\u00f6sungen sind Sie immer bereit, Eindruck zu hinterlassen. Entscheiden Sie sich f\u00fcr den Budget Roll-up-Banner und lassen Sie Ihre Botschaft erstrahlen, wo auch immer Sie sind.<\/p>\n<h3>H\u00e4ufig gestellte Fragen<\/h3>\n<p><strong>Kann ich einen Banner selbst austauschen?<\/strong><br \/>\nNein, den Banner des Budget Roll-up-Banners k\u00f6nnen Sie nicht austauschen. Bei den Modellen Premium, Deluxe und XXL ist dies jedoch m\u00f6glich. Diese Kassetten sind so konzipiert, dass der Austausch des Banners einfach ist, sodass Sie dies schnell und effizient erledigen k\u00f6nnen.<\/p>\n<p><strong>Worauf muss ich beim Aufbau des Roll-up-Banners achten?<\/strong><br \/>\nBeim Aufbau des Roll-up-Banners ist es wichtig darauf zu achten, dass Sie die Plane nicht zu weit ausrollen. Dies hilft, irreparable Sch\u00e4den am System zu vermeiden.<\/p>\n","protected":false},"excerpt":{"rendered":"<h3>G\u00fcnstiger Roll-up-Banner in einer kompakten Kassette<\/h3>\n<p>Lassen Sie Ihre Botschaft mit dem preiswerten Budget Roll-up-Banner erstrahlen. Eine praktische Wahl f\u00fcr jede Pr\u00e4sentationsgelegenheit. Ob Messestand, Shop-Pr\u00e4sentation oder Firmenevent; dieser budgetfreundliche Roll-up-Banner bietet alles, was Sie brauchen. Der Roll-up-Banner ist in wenigen Minuten aufgebaut. Nach dem Gebrauch verschwindet der Banner wieder in der kompakten Kassette. Mit der Tragetasche (optional) k\u00f6nnen Sie diesen anschlie\u00dfend einfach verstauen und transportieren. Sie k\u00f6nnen je nach Wunsch zwischen einem Komplettset mit Kassette und Druck oder nur dem Druck oder der Kassette w\u00e4hlen.<\/p>\n","protected":false},"featured_media":14987,"template":"","meta":{"_et_pb_use_builder":"","_et_pb_old_content":"","_et_gb_content_width":""},"product_brand":[],"product_cat":[905,907,899,910],"product_tag":[],"class_list":{"0":"post-15009","1":"product","2":"type-product","3":"status-publish","4":"has-post-thumbnail","6":"product_cat-banner-aufrollen","7":"product_cat-innenwerbung","8":"product_cat-messe-event","9":"product_cat-prasentation","11":"first","12":"instock","13":"taxable","14":"shipping-taxable","15":"purchasable","16":"product-type-simple"},"yoast_head":"<!-- This site is optimized with the Yoast SEO plugin v27.3 - https:\/\/yoast.com\/product\/yoast-seo-wordpress\/ -->\n<title>Budget Roll-up-Banner - Kompakte Displayl\u00f6sung<\/title>\n<meta name=\"description\" content=\"Der Budget Roll-up-Banner von Amstel Printing ist ideal f\u00fcr Messen und Veranstaltungen. Leichtgewichtig, einfach aufzubauen und aus langlebigem Material.\" \/>\n<meta name=\"robots\" content=\"index, follow, max-snippet:-1, max-image-preview:large, max-video-preview:-1\" \/>\n<link rel=\"canonical\" href=\"https:\/\/www.amstelprinting.nl\/de\/gesch\u00e4ft\/innenwerbung\/prasentation\/budget-roll-up-banner\/\" \/>\n<meta property=\"og:locale\" content=\"de_DE\" \/>\n<meta property=\"og:type\" content=\"article\" \/>\n<meta property=\"og:title\" content=\"Budget Roll-up-Banner - Kompakte Displayl\u00f6sung\" \/>\n<meta property=\"og:description\" content=\"Der Budget Roll-up-Banner von Amstel Printing ist ideal f\u00fcr Messen und Veranstaltungen. Leichtgewichtig, einfach aufzubauen und aus langlebigem Material.\" \/>\n<meta property=\"og:url\" content=\"https:\/\/www.amstelprinting.nl\/de\/gesch\u00e4ft\/innenwerbung\/prasentation\/budget-roll-up-banner\/\" \/>\n<meta property=\"og:site_name\" content=\"Amstel Printing\" \/>\n<meta property=\"article:modified_time\" content=\"2026-04-14T13:20:43+00:00\" \/>\n<meta property=\"og:image\" content=\"https:\/\/www.amstelprinting.nl\/wp-content\/uploads\/roll-up-budget-bedrukken.png\" \/>\n\t<meta property=\"og:image:width\" content=\"900\" \/>\n\t<meta property=\"og:image:height\" content=\"900\" \/>\n\t<meta property=\"og:image:type\" content=\"image\/png\" \/>\n<meta name=\"twitter:card\" content=\"summary_large_image\" \/>\n<meta name=\"twitter:label1\" content=\"Gesch\u00e4tzte Lesezeit\" \/>\n\t<meta name=\"twitter:data1\" content=\"2\u00a0Minuten\" \/>\n<script type=\"application\/ld+json\" class=\"yoast-schema-graph\">{\"@context\":\"https:\\\/\\\/schema.org\",\"@graph\":[{\"@type\":\"WebPage\",\"@id\":\"https:\\\/\\\/www.amstelprinting.nl\\\/de\\\/gesch\u00e4ft\\\/innenwerbung\\\/prasentation\\\/budget-roll-up-banner\\\/\",\"url\":\"https:\\\/\\\/www.amstelprinting.nl\\\/de\\\/gesch\u00e4ft\\\/innenwerbung\\\/prasentation\\\/budget-roll-up-banner\\\/\",\"name\":\"Budget Roll-up-Banner - Kompakte Displayl\u00f6sung\",\"isPartOf\":{\"@id\":\"https:\\\/\\\/www.amstelprinting.nl\\\/de\\\/#website\"},\"primaryImageOfPage\":{\"@id\":\"https:\\\/\\\/www.amstelprinting.nl\\\/de\\\/gesch\u00e4ft\\\/innenwerbung\\\/prasentation\\\/budget-roll-up-banner\\\/#primaryimage\"},\"image\":{\"@id\":\"https:\\\/\\\/www.amstelprinting.nl\\\/de\\\/gesch\u00e4ft\\\/innenwerbung\\\/prasentation\\\/budget-roll-up-banner\\\/#primaryimage\"},\"thumbnailUrl\":\"https:\\\/\\\/www.amstelprinting.nl\\\/wp-content\\\/uploads\\\/roll-up-budget-bedrukken.png\",\"datePublished\":\"2025-01-24T10:24:37+00:00\",\"dateModified\":\"2026-04-14T13:20:43+00:00\",\"description\":\"Der Budget Roll-up-Banner von Amstel Printing ist ideal f\u00fcr Messen und Veranstaltungen. Leichtgewichtig, einfach aufzubauen und aus langlebigem Material.\",\"breadcrumb\":{\"@id\":\"https:\\\/\\\/www.amstelprinting.nl\\\/de\\\/gesch\u00e4ft\\\/innenwerbung\\\/prasentation\\\/budget-roll-up-banner\\\/#breadcrumb\"},\"inLanguage\":\"de\",\"potentialAction\":[{\"@type\":\"ReadAction\",\"target\":[\"https:\\\/\\\/www.amstelprinting.nl\\\/de\\\/gesch\u00e4ft\\\/innenwerbung\\\/prasentation\\\/budget-roll-up-banner\\\/\"]}]},{\"@type\":\"ImageObject\",\"inLanguage\":\"de\",\"@id\":\"https:\\\/\\\/www.amstelprinting.nl\\\/de\\\/gesch\u00e4ft\\\/innenwerbung\\\/prasentation\\\/budget-roll-up-banner\\\/#primaryimage\",\"url\":\"https:\\\/\\\/www.amstelprinting.nl\\\/wp-content\\\/uploads\\\/roll-up-budget-bedrukken.png\",\"contentUrl\":\"https:\\\/\\\/www.amstelprinting.nl\\\/wp-content\\\/uploads\\\/roll-up-budget-bedrukken.png\",\"width\":900,\"height\":900},{\"@type\":\"BreadcrumbList\",\"@id\":\"https:\\\/\\\/www.amstelprinting.nl\\\/de\\\/gesch\u00e4ft\\\/innenwerbung\\\/prasentation\\\/budget-roll-up-banner\\\/#breadcrumb\",\"itemListElement\":[{\"@type\":\"ListItem\",\"position\":1,\"name\":\"\",\"item\":\"https:\\\/\\\/www.amstelprinting.nl\\\/de\\\/\"},{\"@type\":\"ListItem\",\"position\":2,\"name\":\"Amstel Printing\",\"item\":\"https:\\\/\\\/www.amstelprinting.nl\\\/de\\\/geschaeft\\\/\"},{\"@type\":\"ListItem\",\"position\":3,\"name\":\"Innenwerbung\",\"item\":\"https:\\\/\\\/www.amstelprinting.nl\\\/de\\\/kategorie\\\/innenwerbung\\\/\"},{\"@type\":\"ListItem\",\"position\":4,\"name\":\"Pr\u00e4sentation\",\"item\":\"https:\\\/\\\/www.amstelprinting.nl\\\/de\\\/kategorie\\\/innenwerbung\\\/prasentation\\\/\"},{\"@type\":\"ListItem\",\"position\":5,\"name\":\"Budget Roll-up-Banner\"}]},{\"@type\":\"WebSite\",\"@id\":\"https:\\\/\\\/www.amstelprinting.nl\\\/de\\\/#website\",\"url\":\"https:\\\/\\\/www.amstelprinting.nl\\\/de\\\/\",\"name\":\"Amstel Printing\",\"description\":\"Creating Exposure\",\"publisher\":{\"@id\":\"https:\\\/\\\/www.amstelprinting.nl\\\/de\\\/#organization\"},\"potentialAction\":[{\"@type\":\"SearchAction\",\"target\":{\"@type\":\"EntryPoint\",\"urlTemplate\":\"https:\\\/\\\/www.amstelprinting.nl\\\/de\\\/?s={search_term_string}\"},\"query-input\":{\"@type\":\"PropertyValueSpecification\",\"valueRequired\":true,\"valueName\":\"search_term_string\"}}],\"inLanguage\":\"de\"},{\"@type\":\"Organization\",\"@id\":\"https:\\\/\\\/www.amstelprinting.nl\\\/de\\\/#organization\",\"name\":\"Amstel Printing\",\"url\":\"https:\\\/\\\/www.amstelprinting.nl\\\/de\\\/\",\"logo\":{\"@type\":\"ImageObject\",\"inLanguage\":\"de\",\"@id\":\"https:\\\/\\\/www.amstelprinting.nl\\\/de\\\/#\\\/schema\\\/logo\\\/image\\\/\",\"url\":\"https:\\\/\\\/www.amstelprinting.nl\\\/wp-content\\\/uploads\\\/amstel_printing_logo_clean.png\",\"contentUrl\":\"https:\\\/\\\/www.amstelprinting.nl\\\/wp-content\\\/uploads\\\/amstel_printing_logo_clean.png\",\"width\":324,\"height\":73,\"caption\":\"Amstel Printing\"},\"image\":{\"@id\":\"https:\\\/\\\/www.amstelprinting.nl\\\/de\\\/#\\\/schema\\\/logo\\\/image\\\/\"}}]}<\/script>\n<!-- \/ Yoast SEO plugin. -->","yoast_head_json":{"title":"Budget Roll-up-Banner - Kompakte Displayl\u00f6sung","description":"Der Budget Roll-up-Banner von Amstel Printing ist ideal f\u00fcr Messen und Veranstaltungen. Leichtgewichtig, einfach aufzubauen und aus langlebigem Material.","robots":{"index":"index","follow":"follow","max-snippet":"max-snippet:-1","max-image-preview":"max-image-preview:large","max-video-preview":"max-video-preview:-1"},"canonical":"https:\/\/www.amstelprinting.nl\/de\/gesch\u00e4ft\/innenwerbung\/prasentation\/budget-roll-up-banner\/","og_locale":"de_DE","og_type":"article","og_title":"Budget Roll-up-Banner - Kompakte Displayl\u00f6sung","og_description":"Der Budget Roll-up-Banner von Amstel Printing ist ideal f\u00fcr Messen und Veranstaltungen. Leichtgewichtig, einfach aufzubauen und aus langlebigem Material.","og_url":"https:\/\/www.amstelprinting.nl\/de\/gesch\u00e4ft\/innenwerbung\/prasentation\/budget-roll-up-banner\/","og_site_name":"Amstel Printing","article_modified_time":"2026-04-14T13:20:43+00:00","og_image":[{"width":900,"height":900,"url":"https:\/\/www.amstelprinting.nl\/wp-content\/uploads\/roll-up-budget-bedrukken.png","type":"image\/png"}],"twitter_card":"summary_large_image","twitter_misc":{"Gesch\u00e4tzte Lesezeit":"2\u00a0Minuten"},"schema":{"@context":"https:\/\/schema.org","@graph":[{"@type":"WebPage","@id":"https:\/\/www.amstelprinting.nl\/de\/gesch\u00e4ft\/innenwerbung\/prasentation\/budget-roll-up-banner\/","url":"https:\/\/www.amstelprinting.nl\/de\/gesch\u00e4ft\/innenwerbung\/prasentation\/budget-roll-up-banner\/","name":"Budget Roll-up-Banner - Kompakte Displayl\u00f6sung","isPartOf":{"@id":"https:\/\/www.amstelprinting.nl\/de\/#website"},"primaryImageOfPage":{"@id":"https:\/\/www.amstelprinting.nl\/de\/gesch\u00e4ft\/innenwerbung\/prasentation\/budget-roll-up-banner\/#primaryimage"},"image":{"@id":"https:\/\/www.amstelprinting.nl\/de\/gesch\u00e4ft\/innenwerbung\/prasentation\/budget-roll-up-banner\/#primaryimage"},"thumbnailUrl":"https:\/\/www.amstelprinting.nl\/wp-content\/uploads\/roll-up-budget-bedrukken.png","datePublished":"2025-01-24T10:24:37+00:00","dateModified":"2026-04-14T13:20:43+00:00","description":"Der Budget Roll-up-Banner von Amstel Printing ist ideal f\u00fcr Messen und Veranstaltungen. Leichtgewichtig, einfach aufzubauen und aus langlebigem Material.","breadcrumb":{"@id":"https:\/\/www.amstelprinting.nl\/de\/gesch\u00e4ft\/innenwerbung\/prasentation\/budget-roll-up-banner\/#breadcrumb"},"inLanguage":"de","potentialAction":[{"@type":"ReadAction","target":["https:\/\/www.amstelprinting.nl\/de\/gesch\u00e4ft\/innenwerbung\/prasentation\/budget-roll-up-banner\/"]}]},{"@type":"ImageObject","inLanguage":"de","@id":"https:\/\/www.amstelprinting.nl\/de\/gesch\u00e4ft\/innenwerbung\/prasentation\/budget-roll-up-banner\/#primaryimage","url":"https:\/\/www.amstelprinting.nl\/wp-content\/uploads\/roll-up-budget-bedrukken.png","contentUrl":"https:\/\/www.amstelprinting.nl\/wp-content\/uploads\/roll-up-budget-bedrukken.png","width":900,"height":900},{"@type":"BreadcrumbList","@id":"https:\/\/www.amstelprinting.nl\/de\/gesch\u00e4ft\/innenwerbung\/prasentation\/budget-roll-up-banner\/#breadcrumb","itemListElement":[{"@type":"ListItem","position":1,"name":"","item":"https:\/\/www.amstelprinting.nl\/de\/"},{"@type":"ListItem","position":2,"name":"Amstel Printing","item":"https:\/\/www.amstelprinting.nl\/de\/geschaeft\/"},{"@type":"ListItem","position":3,"name":"Innenwerbung","item":"https:\/\/www.amstelprinting.nl\/de\/kategorie\/innenwerbung\/"},{"@type":"ListItem","position":4,"name":"Pr\u00e4sentation","item":"https:\/\/www.amstelprinting.nl\/de\/kategorie\/innenwerbung\/prasentation\/"},{"@type":"ListItem","position":5,"name":"Budget Roll-up-Banner"}]},{"@type":"WebSite","@id":"https:\/\/www.amstelprinting.nl\/de\/#website","url":"https:\/\/www.amstelprinting.nl\/de\/","name":"Amstel Printing","description":"Creating Exposure","publisher":{"@id":"https:\/\/www.amstelprinting.nl\/de\/#organization"},"potentialAction":[{"@type":"SearchAction","target":{"@type":"EntryPoint","urlTemplate":"https:\/\/www.amstelprinting.nl\/de\/?s={search_term_string}"},"query-input":{"@type":"PropertyValueSpecification","valueRequired":true,"valueName":"search_term_string"}}],"inLanguage":"de"},{"@type":"Organization","@id":"https:\/\/www.amstelprinting.nl\/de\/#organization","name":"Amstel Printing","url":"https:\/\/www.amstelprinting.nl\/de\/","logo":{"@type":"ImageObject","inLanguage":"de","@id":"https:\/\/www.amstelprinting.nl\/de\/#\/schema\/logo\/image\/","url":"https:\/\/www.amstelprinting.nl\/wp-content\/uploads\/amstel_printing_logo_clean.png","contentUrl":"https:\/\/www.amstelprinting.nl\/wp-content\/uploads\/amstel_printing_logo_clean.png","width":324,"height":73,"caption":"Amstel Printing"},"image":{"@id":"https:\/\/www.amstelprinting.nl\/de\/#\/schema\/logo\/image\/"}}]}},"_links":{"self":[{"href":"https:\/\/www.amstelprinting.nl\/de\/wp-json\/wp\/v2\/product\/15009","targetHints":{"allow":["GET"]}}],"collection":[{"href":"https:\/\/www.amstelprinting.nl\/de\/wp-json\/wp\/v2\/product"}],"about":[{"href":"https:\/\/www.amstelprinting.nl\/de\/wp-json\/wp\/v2\/types\/product"}],"wp:featuredmedia":[{"embeddable":true,"href":"https:\/\/www.amstelprinting.nl\/de\/wp-json\/wp\/v2\/media\/14987"}],"wp:attachment":[{"href":"https:\/\/www.amstelprinting.nl\/de\/wp-json\/wp\/v2\/media?parent=15009"}],"wp:term":[{"taxonomy":"product_brand","embeddable":true,"href":"https:\/\/www.amstelprinting.nl\/de\/wp-json\/wp\/v2\/product_brand?post=15009"},{"taxonomy":"product_cat","embeddable":true,"href":"https:\/\/www.amstelprinting.nl\/de\/wp-json\/wp\/v2\/product_cat?post=15009"},{"taxonomy":"product_tag","embeddable":true,"href":"https:\/\/www.amstelprinting.nl\/de\/wp-json\/wp\/v2\/product_tag?post=15009"}],"curies":[{"name":"wp","href":"https:\/\/api.w.org\/{rel}","templated":true}]}}