{"id":15019,"date":"2025-01-24T11:24:31","date_gmt":"2025-01-24T10:24:31","guid":{"rendered":"https:\/\/www.amstelprinting.nl\/winkel\/unkategorisiert\/roll-up-xxl\/"},"modified":"2026-04-14T15:43:08","modified_gmt":"2026-04-14T13:43:08","slug":"roll-up-xxl","status":"publish","type":"product","link":"https:\/\/www.amstelprinting.nl\/de\/gesch\u00e4ft\/innenwerbung\/prasentation\/roll-up-xxl\/","title":{"rendered":"Roll-up XXL"},"content":{"rendered":"<h3>Roll-up XXL: Eine kompakte All-in-Pr\u00e4sentationswand mit Format<\/h3>\n<p>Mit dem Roll-up XXL k\u00f6nnen Sie ein eigenes Design w\u00e4hlen, um Ihre einzigartige Botschaft zu kommunizieren, oder eines der 20.000 Standardmuster aus unserer Kollektion ausw\u00e4hlen. Dadurch haben Sie die Flexibilit\u00e4t, das XXL Roll-up Banner an Ihre spezifischen W\u00fcnsche anzupassen.<\/p>\n<h3>Vorteile<\/h3>\n<ul>\n<li>Beeindruckende Sichtbarkeit<\/li>\n<li>Einzigartiges All-in-Pr\u00e4sentationssystem<\/li>\n<li>W\u00e4hlen Sie aus 3 Standard-Gro\u00dfformaten<\/li>\n<li>Wahl aus zwei Stoffmaterialien<\/li>\n<li>Einfach zu transportieren in der mitgelieferten Tasche<\/li>\n<li>Laden Sie Ihr eigenes Design hoch oder w\u00e4hlen Sie aus 20.000 Standard-Designs<\/li>\n<li>Formate und Materialien<\/li>\n<\/ul>\n<p>&nbsp;<\/p>\n<h3>XXL Roll-up Banner bestellen<\/h3>\n<p>Die stabile Kassette ist mit zwei ausziehbaren F\u00fc\u00dfen f\u00fcr zus\u00e4tzliche Stabilit\u00e4t ausgestattet. Dies macht das Roll-up XXL nicht nur robust, sondern auch einfach auf- und abzubauen. Verf\u00fcgbar in den Formaten <strong>200 x 200 cm<\/strong>, <strong>200 x 250<\/strong> cm und <strong>200 x 300 cm<\/strong>, bietet das Roll-up XXL ausreichend Platz, um Ihre Botschaft gro\u00dffl\u00e4chig zu pr\u00e4sentieren.<\/p>\n<h3>W\u00e4hlen Sie das richtige Material<\/h3>\n<p>Die XXL Roll-up Banner werden mit verschiedenen Stoffarten ausgestattet.<\/p>\n<ul>\n<li><strong>Airtex<\/strong>: Faltenfreies PVC-Gewebe von 330 g\/m\u00b2, einfach in der Handhabung und B1-zertifiziert f\u00fcr Brandsicherheit.<\/li>\n<li><strong>SanoTex<\/strong>: Nachhaltiges, PVC-freies Gewebe mit grauer R\u00fcckseite, umweltfreundlich und mit Brandzertifikat ausgestattet.<br \/>\nZubeh\u00f6r<\/li>\n<\/ul>\n<p>&nbsp;<\/p>\n<h3>Aufbewahrung und kompakter Transport<\/h3>\n<p>Beim Roll-up XXL wird eine praktische Tragetasche mitgeliefert, die den Transport und die Lagerung Ihres Roll-up Banners erm\u00f6glicht. Das Banner ist einfach auszutauschen (und g\u00fcnstig einzeln nachzubestellen), sodass Sie immer auf die n\u00e4chste Pr\u00e4sentation vorbereitet sind.<\/p>\n<p>Mit beeindruckenden Formaten, hochwertigen Materialien und flexiblen Gestaltungsm\u00f6glichkeiten bietet dieses Roll-up Banner die perfekte Kombination aus Sichtbarkeit und Benutzerfreundlichkeit.<\/p>\n","protected":false},"excerpt":{"rendered":"<h3>Extra gro\u00dfes Roll-up Banner: Die rollbare Pr\u00e4sentationswand f\u00fcr Messen oder Events<\/h3>\n<p>Hinterlassen Sie einen unvergesslichen Eindruck mit dem Roll-up XXL, der perfekten L\u00f6sung f\u00fcr gro\u00dfformatige Pr\u00e4sentationen. Ob Messe, Firmenevent oder Ladenpr\u00e4sentation \u2013 mit diesem beeindruckenden XXL Roll-up Banner machen Sie den Unterschied. Verf\u00fcgbar in den Formaten 200 x 200 cm, 200 x 250 cm und 200 x 300 cm. Die Lieferung erfolgt inklusive Tasche. Stellen Sie unten in wenigen Schritten Ihr XXL Roll-up Banner zusammen!<\/p>\n","protected":false},"featured_media":15020,"template":"","meta":{"_et_pb_use_builder":"","_et_pb_old_content":"","_et_gb_content_width":""},"product_brand":[],"product_cat":[911,905,907,899,910],"product_tag":[],"class_list":{"0":"post-15019","1":"product","2":"type-product","3":"status-publish","4":"has-post-thumbnail","6":"product_cat-ausstellungswande","7":"product_cat-banner-aufrollen","8":"product_cat-innenwerbung","9":"product_cat-messe-event","10":"product_cat-prasentation","12":"first","13":"instock","14":"taxable","15":"shipping-taxable","16":"purchasable","17":"product-type-simple"},"yoast_head":"<!-- This site is optimized with the Yoast SEO plugin v27.3 - https:\/\/yoast.com\/product\/yoast-seo-wordpress\/ -->\n<title>Roll-up XXL bestellen \u2013 Maximale Sichtbarkeit und schnelle Lieferung<\/title>\n<meta name=\"description\" content=\"Bestellen Sie Ihr Roll-up XXL heute vor 21:30 Uhr und erhalten Sie morgen ein professionelles Banner im Gro\u00dfformat. Lieferung in ganz Europa\" \/>\n<meta name=\"robots\" content=\"index, follow, max-snippet:-1, max-image-preview:large, max-video-preview:-1\" \/>\n<link rel=\"canonical\" href=\"https:\/\/www.amstelprinting.nl\/de\/gesch\u00e4ft\/innenwerbung\/prasentation\/roll-up-xxl\/\" \/>\n<meta property=\"og:locale\" content=\"de_DE\" \/>\n<meta property=\"og:type\" content=\"article\" \/>\n<meta property=\"og:title\" content=\"Roll-up XXL bestellen \u2013 Maximale Sichtbarkeit und schnelle Lieferung\" \/>\n<meta property=\"og:description\" content=\"Bestellen Sie Ihr Roll-up XXL heute vor 21:30 Uhr und erhalten Sie morgen ein professionelles Banner im Gro\u00dfformat. Lieferung in ganz Europa\" \/>\n<meta property=\"og:url\" content=\"https:\/\/www.amstelprinting.nl\/de\/gesch\u00e4ft\/innenwerbung\/prasentation\/roll-up-xxl\/\" \/>\n<meta property=\"og:site_name\" content=\"Amstel Printing\" \/>\n<meta property=\"article:modified_time\" content=\"2026-04-14T13:43:08+00:00\" \/>\n<meta property=\"og:image\" content=\"https:\/\/www.amstelprinting.nl\/wp-content\/uploads\/roll-up-xxl-bedrukken.png\" \/>\n\t<meta property=\"og:image:width\" content=\"900\" \/>\n\t<meta property=\"og:image:height\" content=\"900\" \/>\n\t<meta property=\"og:image:type\" content=\"image\/png\" \/>\n<meta name=\"twitter:card\" content=\"summary_large_image\" \/>\n<meta name=\"twitter:label1\" content=\"Gesch\u00e4tzte Lesezeit\" \/>\n\t<meta name=\"twitter:data1\" content=\"1\u00a0Minute\" \/>\n<script type=\"application\/ld+json\" class=\"yoast-schema-graph\">{\"@context\":\"https:\\\/\\\/schema.org\",\"@graph\":[{\"@type\":\"WebPage\",\"@id\":\"https:\\\/\\\/www.amstelprinting.nl\\\/de\\\/gesch\u00e4ft\\\/innenwerbung\\\/prasentation\\\/roll-up-xxl\\\/\",\"url\":\"https:\\\/\\\/www.amstelprinting.nl\\\/de\\\/gesch\u00e4ft\\\/innenwerbung\\\/prasentation\\\/roll-up-xxl\\\/\",\"name\":\"Roll-up XXL bestellen \u2013 Maximale Sichtbarkeit und schnelle Lieferung\",\"isPartOf\":{\"@id\":\"https:\\\/\\\/www.amstelprinting.nl\\\/de\\\/#website\"},\"primaryImageOfPage\":{\"@id\":\"https:\\\/\\\/www.amstelprinting.nl\\\/de\\\/gesch\u00e4ft\\\/innenwerbung\\\/prasentation\\\/roll-up-xxl\\\/#primaryimage\"},\"image\":{\"@id\":\"https:\\\/\\\/www.amstelprinting.nl\\\/de\\\/gesch\u00e4ft\\\/innenwerbung\\\/prasentation\\\/roll-up-xxl\\\/#primaryimage\"},\"thumbnailUrl\":\"https:\\\/\\\/www.amstelprinting.nl\\\/wp-content\\\/uploads\\\/roll-up-xxl-bedrukken.png\",\"datePublished\":\"2025-01-24T10:24:31+00:00\",\"dateModified\":\"2026-04-14T13:43:08+00:00\",\"description\":\"Bestellen Sie Ihr Roll-up XXL heute vor 21:30 Uhr und erhalten Sie morgen ein professionelles Banner im Gro\u00dfformat. Lieferung in ganz Europa\",\"breadcrumb\":{\"@id\":\"https:\\\/\\\/www.amstelprinting.nl\\\/de\\\/gesch\u00e4ft\\\/innenwerbung\\\/prasentation\\\/roll-up-xxl\\\/#breadcrumb\"},\"inLanguage\":\"de\",\"potentialAction\":[{\"@type\":\"ReadAction\",\"target\":[\"https:\\\/\\\/www.amstelprinting.nl\\\/de\\\/gesch\u00e4ft\\\/innenwerbung\\\/prasentation\\\/roll-up-xxl\\\/\"]}]},{\"@type\":\"ImageObject\",\"inLanguage\":\"de\",\"@id\":\"https:\\\/\\\/www.amstelprinting.nl\\\/de\\\/gesch\u00e4ft\\\/innenwerbung\\\/prasentation\\\/roll-up-xxl\\\/#primaryimage\",\"url\":\"https:\\\/\\\/www.amstelprinting.nl\\\/wp-content\\\/uploads\\\/roll-up-xxl-bedrukken.png\",\"contentUrl\":\"https:\\\/\\\/www.amstelprinting.nl\\\/wp-content\\\/uploads\\\/roll-up-xxl-bedrukken.png\",\"width\":900,\"height\":900},{\"@type\":\"BreadcrumbList\",\"@id\":\"https:\\\/\\\/www.amstelprinting.nl\\\/de\\\/gesch\u00e4ft\\\/innenwerbung\\\/prasentation\\\/roll-up-xxl\\\/#breadcrumb\",\"itemListElement\":[{\"@type\":\"ListItem\",\"position\":1,\"name\":\"\",\"item\":\"https:\\\/\\\/www.amstelprinting.nl\\\/de\\\/\"},{\"@type\":\"ListItem\",\"position\":2,\"name\":\"Amstel Printing\",\"item\":\"https:\\\/\\\/www.amstelprinting.nl\\\/de\\\/geschaeft\\\/\"},{\"@type\":\"ListItem\",\"position\":3,\"name\":\"Innenwerbung\",\"item\":\"https:\\\/\\\/www.amstelprinting.nl\\\/de\\\/kategorie\\\/innenwerbung\\\/\"},{\"@type\":\"ListItem\",\"position\":4,\"name\":\"Pr\u00e4sentation\",\"item\":\"https:\\\/\\\/www.amstelprinting.nl\\\/de\\\/kategorie\\\/innenwerbung\\\/prasentation\\\/\"},{\"@type\":\"ListItem\",\"position\":5,\"name\":\"Roll-up XXL\"}]},{\"@type\":\"WebSite\",\"@id\":\"https:\\\/\\\/www.amstelprinting.nl\\\/de\\\/#website\",\"url\":\"https:\\\/\\\/www.amstelprinting.nl\\\/de\\\/\",\"name\":\"Amstel Printing\",\"description\":\"Creating Exposure\",\"publisher\":{\"@id\":\"https:\\\/\\\/www.amstelprinting.nl\\\/de\\\/#organization\"},\"potentialAction\":[{\"@type\":\"SearchAction\",\"target\":{\"@type\":\"EntryPoint\",\"urlTemplate\":\"https:\\\/\\\/www.amstelprinting.nl\\\/de\\\/?s={search_term_string}\"},\"query-input\":{\"@type\":\"PropertyValueSpecification\",\"valueRequired\":true,\"valueName\":\"search_term_string\"}}],\"inLanguage\":\"de\"},{\"@type\":\"Organization\",\"@id\":\"https:\\\/\\\/www.amstelprinting.nl\\\/de\\\/#organization\",\"name\":\"Amstel Printing\",\"url\":\"https:\\\/\\\/www.amstelprinting.nl\\\/de\\\/\",\"logo\":{\"@type\":\"ImageObject\",\"inLanguage\":\"de\",\"@id\":\"https:\\\/\\\/www.amstelprinting.nl\\\/de\\\/#\\\/schema\\\/logo\\\/image\\\/\",\"url\":\"https:\\\/\\\/www.amstelprinting.nl\\\/wp-content\\\/uploads\\\/amstel_printing_logo_clean.png\",\"contentUrl\":\"https:\\\/\\\/www.amstelprinting.nl\\\/wp-content\\\/uploads\\\/amstel_printing_logo_clean.png\",\"width\":324,\"height\":73,\"caption\":\"Amstel Printing\"},\"image\":{\"@id\":\"https:\\\/\\\/www.amstelprinting.nl\\\/de\\\/#\\\/schema\\\/logo\\\/image\\\/\"}}]}<\/script>\n<!-- \/ Yoast SEO plugin. -->","yoast_head_json":{"title":"Roll-up XXL bestellen \u2013 Maximale Sichtbarkeit und schnelle Lieferung","description":"Bestellen Sie Ihr Roll-up XXL heute vor 21:30 Uhr und erhalten Sie morgen ein professionelles Banner im Gro\u00dfformat. Lieferung in ganz Europa","robots":{"index":"index","follow":"follow","max-snippet":"max-snippet:-1","max-image-preview":"max-image-preview:large","max-video-preview":"max-video-preview:-1"},"canonical":"https:\/\/www.amstelprinting.nl\/de\/gesch\u00e4ft\/innenwerbung\/prasentation\/roll-up-xxl\/","og_locale":"de_DE","og_type":"article","og_title":"Roll-up XXL bestellen \u2013 Maximale Sichtbarkeit und schnelle Lieferung","og_description":"Bestellen Sie Ihr Roll-up XXL heute vor 21:30 Uhr und erhalten Sie morgen ein professionelles Banner im Gro\u00dfformat. Lieferung in ganz Europa","og_url":"https:\/\/www.amstelprinting.nl\/de\/gesch\u00e4ft\/innenwerbung\/prasentation\/roll-up-xxl\/","og_site_name":"Amstel Printing","article_modified_time":"2026-04-14T13:43:08+00:00","og_image":[{"width":900,"height":900,"url":"https:\/\/www.amstelprinting.nl\/wp-content\/uploads\/roll-up-xxl-bedrukken.png","type":"image\/png"}],"twitter_card":"summary_large_image","twitter_misc":{"Gesch\u00e4tzte Lesezeit":"1\u00a0Minute"},"schema":{"@context":"https:\/\/schema.org","@graph":[{"@type":"WebPage","@id":"https:\/\/www.amstelprinting.nl\/de\/gesch\u00e4ft\/innenwerbung\/prasentation\/roll-up-xxl\/","url":"https:\/\/www.amstelprinting.nl\/de\/gesch\u00e4ft\/innenwerbung\/prasentation\/roll-up-xxl\/","name":"Roll-up XXL bestellen \u2013 Maximale Sichtbarkeit und schnelle Lieferung","isPartOf":{"@id":"https:\/\/www.amstelprinting.nl\/de\/#website"},"primaryImageOfPage":{"@id":"https:\/\/www.amstelprinting.nl\/de\/gesch\u00e4ft\/innenwerbung\/prasentation\/roll-up-xxl\/#primaryimage"},"image":{"@id":"https:\/\/www.amstelprinting.nl\/de\/gesch\u00e4ft\/innenwerbung\/prasentation\/roll-up-xxl\/#primaryimage"},"thumbnailUrl":"https:\/\/www.amstelprinting.nl\/wp-content\/uploads\/roll-up-xxl-bedrukken.png","datePublished":"2025-01-24T10:24:31+00:00","dateModified":"2026-04-14T13:43:08+00:00","description":"Bestellen Sie Ihr Roll-up XXL heute vor 21:30 Uhr und erhalten Sie morgen ein professionelles Banner im Gro\u00dfformat. Lieferung in ganz Europa","breadcrumb":{"@id":"https:\/\/www.amstelprinting.nl\/de\/gesch\u00e4ft\/innenwerbung\/prasentation\/roll-up-xxl\/#breadcrumb"},"inLanguage":"de","potentialAction":[{"@type":"ReadAction","target":["https:\/\/www.amstelprinting.nl\/de\/gesch\u00e4ft\/innenwerbung\/prasentation\/roll-up-xxl\/"]}]},{"@type":"ImageObject","inLanguage":"de","@id":"https:\/\/www.amstelprinting.nl\/de\/gesch\u00e4ft\/innenwerbung\/prasentation\/roll-up-xxl\/#primaryimage","url":"https:\/\/www.amstelprinting.nl\/wp-content\/uploads\/roll-up-xxl-bedrukken.png","contentUrl":"https:\/\/www.amstelprinting.nl\/wp-content\/uploads\/roll-up-xxl-bedrukken.png","width":900,"height":900},{"@type":"BreadcrumbList","@id":"https:\/\/www.amstelprinting.nl\/de\/gesch\u00e4ft\/innenwerbung\/prasentation\/roll-up-xxl\/#breadcrumb","itemListElement":[{"@type":"ListItem","position":1,"name":"","item":"https:\/\/www.amstelprinting.nl\/de\/"},{"@type":"ListItem","position":2,"name":"Amstel Printing","item":"https:\/\/www.amstelprinting.nl\/de\/geschaeft\/"},{"@type":"ListItem","position":3,"name":"Innenwerbung","item":"https:\/\/www.amstelprinting.nl\/de\/kategorie\/innenwerbung\/"},{"@type":"ListItem","position":4,"name":"Pr\u00e4sentation","item":"https:\/\/www.amstelprinting.nl\/de\/kategorie\/innenwerbung\/prasentation\/"},{"@type":"ListItem","position":5,"name":"Roll-up XXL"}]},{"@type":"WebSite","@id":"https:\/\/www.amstelprinting.nl\/de\/#website","url":"https:\/\/www.amstelprinting.nl\/de\/","name":"Amstel Printing","description":"Creating Exposure","publisher":{"@id":"https:\/\/www.amstelprinting.nl\/de\/#organization"},"potentialAction":[{"@type":"SearchAction","target":{"@type":"EntryPoint","urlTemplate":"https:\/\/www.amstelprinting.nl\/de\/?s={search_term_string}"},"query-input":{"@type":"PropertyValueSpecification","valueRequired":true,"valueName":"search_term_string"}}],"inLanguage":"de"},{"@type":"Organization","@id":"https:\/\/www.amstelprinting.nl\/de\/#organization","name":"Amstel Printing","url":"https:\/\/www.amstelprinting.nl\/de\/","logo":{"@type":"ImageObject","inLanguage":"de","@id":"https:\/\/www.amstelprinting.nl\/de\/#\/schema\/logo\/image\/","url":"https:\/\/www.amstelprinting.nl\/wp-content\/uploads\/amstel_printing_logo_clean.png","contentUrl":"https:\/\/www.amstelprinting.nl\/wp-content\/uploads\/amstel_printing_logo_clean.png","width":324,"height":73,"caption":"Amstel Printing"},"image":{"@id":"https:\/\/www.amstelprinting.nl\/de\/#\/schema\/logo\/image\/"}}]}},"_links":{"self":[{"href":"https:\/\/www.amstelprinting.nl\/de\/wp-json\/wp\/v2\/product\/15019","targetHints":{"allow":["GET"]}}],"collection":[{"href":"https:\/\/www.amstelprinting.nl\/de\/wp-json\/wp\/v2\/product"}],"about":[{"href":"https:\/\/www.amstelprinting.nl\/de\/wp-json\/wp\/v2\/types\/product"}],"wp:featuredmedia":[{"embeddable":true,"href":"https:\/\/www.amstelprinting.nl\/de\/wp-json\/wp\/v2\/media\/15020"}],"wp:attachment":[{"href":"https:\/\/www.amstelprinting.nl\/de\/wp-json\/wp\/v2\/media?parent=15019"}],"wp:term":[{"taxonomy":"product_brand","embeddable":true,"href":"https:\/\/www.amstelprinting.nl\/de\/wp-json\/wp\/v2\/product_brand?post=15019"},{"taxonomy":"product_cat","embeddable":true,"href":"https:\/\/www.amstelprinting.nl\/de\/wp-json\/wp\/v2\/product_cat?post=15019"},{"taxonomy":"product_tag","embeddable":true,"href":"https:\/\/www.amstelprinting.nl\/de\/wp-json\/wp\/v2\/product_tag?post=15019"}],"curies":[{"name":"wp","href":"https:\/\/api.w.org\/{rel}","templated":true}]}}