{"id":15039,"date":"2025-01-24T11:24:21","date_gmt":"2025-01-24T10:24:21","guid":{"rendered":"https:\/\/www.amstelprinting.nl\/winkel\/unkategorisiert\/l-banner\/"},"modified":"2026-02-10T12:29:28","modified_gmt":"2026-02-10T11:29:28","slug":"l-banner","status":"publish","type":"product","link":"https:\/\/www.amstelprinting.nl\/de\/gesch\u00e4ft\/innenwerbung\/prasentation\/l-banner\/","title":{"rendered":"L-Banner"},"content":{"rendered":"<h3>L-Banner bedruckken<\/h3>\n<p>Erh\u00e4ltlich in den Formaten <strong>80 cm x 200 cm<\/strong> und <strong>100 cm x 200 cm<\/strong>. Das Tuch ist aus Banner 510 mit einem B1-Brandschutzzertifikat gefertigt, wodurch es sicher und f\u00fcr den Einsatz in \u00f6ffentlichen R\u00e4umen geeignet ist. Dieses Material garantiert lebendige Drucke und Langlebigkeit, perfekt f\u00fcr den langfristigen Einsatz. Dank der mitgelieferten praktischen Tasche leicht zu transportieren und zu verstauen. Ideal f\u00fcr Messen, Ladenpr\u00e4sentationen und andere Veranstaltungen, bei denen Mobilit\u00e4t und Professionalit\u00e4t entscheidend sind.<\/p>\n<h3>Vorteile<\/h3>\n<ul>\n<li>Leichtgewichts-Banner<\/li>\n<li>Erh\u00e4ltlich in zwei Formaten<\/li>\n<li>Budgetfreundlich pr\u00e4sentieren<\/li>\n<li>Einfach und schnell im Gebrauch<\/li>\n<li>Lieferung inklusive praktischer Tragetasche<\/li>\n<li>Neues Design? Bestellen Sie g\u00fcnstig einen einzelnen Nachdruck<\/li>\n<li>Schnelle Lieferung: Innerhalb von 1 Werktag versandt<\/li>\n<\/ul>\n<p>&nbsp;<\/p>\n<h3>Zubeh\u00f6r<\/h3>\n<p>Das L-Banner ist dank der mitgelieferten praktischen Tasche leicht zu transportieren und zu verstauen. Ideal f\u00fcr Messen, Ladenpr\u00e4sentationen und andere Veranstaltungen, bei denen Mobilit\u00e4t und Professionalit\u00e4t entscheidend sind.<\/p>\n<p>Erwecken Sie Ihre Botschaft mit der Vielseitigkeit und Eleganz des L-Banners zum Leben. Dieses innovative Werbesystem bietet nicht alleen eine einfache Montage und Stabilit\u00e4t, sondern auch hochwertiges Banner-510-Material mit einem B1-Brandschutzzertifikat f\u00fcr Sicherheit und Langlebigkeit. Mit einer praktischen Tasche f\u00fcr m\u00fchelosen Transport und Aufbewahrung ist das L-Banner perfekt f\u00fcr Messen, Ladenpr\u00e4sentationen und mehr geeignet.<\/p>\n","protected":false},"excerpt":{"rendered":"<p>Das L-Banner: Die ultieme Wahl f\u00fcr erschwingliche Innenwerbung. Dieses Aluminiumsystem besteht aus nur einer Stange und einem Fu\u00df, was f\u00fcr einen einfachen Aufbau und gleichzeitig maximale Stabilit\u00e4t sorgt. Dank der hochwertigen Materialien und der benutzerfreundlichen Eigenschaften ist das L-Banner die ideale Wahl f\u00fcr Messen, Ladenpr\u00e4sentationen und mehr. Erh\u00e4ltlich in den Formaten 80 cm x 200 cm und 100 cm x 200 cm. Versehen mit einem gestochen scharfen Druck Ihres Designs. Lieferung innerhalb von 1 Werktag m\u00f6glich.<\/p>\n","protected":false},"featured_media":15040,"template":"","meta":{"_et_pb_use_builder":"","_et_pb_old_content":"","_et_gb_content_width":""},"product_brand":[],"product_cat":[905,907,899,910],"product_tag":[],"class_list":{"0":"post-15039","1":"product","2":"type-product","3":"status-publish","4":"has-post-thumbnail","6":"product_cat-banner-aufrollen","7":"product_cat-innenwerbung","8":"product_cat-messe-event","9":"product_cat-prasentation","11":"first","12":"instock","13":"taxable","14":"shipping-taxable","15":"purchasable","16":"product-type-simple"},"yoast_head":"<!-- This site is optimized with the Yoast SEO plugin v27.3 - https:\/\/yoast.com\/product\/yoast-seo-wordpress\/ -->\n<title>L-Banner Bestellung bei Amstel Printing: Nur die beste Qualit\u00e4t<\/title>\n<meta name=\"description\" content=\"L-Banner bestellen. W\u00e4hlen Sie aus verschiedenen Formaten und Materialien f\u00fcr scharfe Drucke und einen niedrigen Preis. Perfekt f\u00fcr Messen, Events und Gesch\u00e4fte!\" \/>\n<meta name=\"robots\" content=\"index, follow, max-snippet:-1, max-image-preview:large, max-video-preview:-1\" \/>\n<link rel=\"canonical\" href=\"https:\/\/www.amstelprinting.nl\/de\/gesch\u00e4ft\/innenwerbung\/prasentation\/l-banner\/\" \/>\n<meta property=\"og:locale\" content=\"de_DE\" \/>\n<meta property=\"og:type\" content=\"article\" \/>\n<meta property=\"og:title\" content=\"L-Banner Bestellung bei Amstel Printing: Nur die beste Qualit\u00e4t\" \/>\n<meta property=\"og:description\" content=\"L-Banner bestellen. W\u00e4hlen Sie aus verschiedenen Formaten und Materialien f\u00fcr scharfe Drucke und einen niedrigen Preis. Perfekt f\u00fcr Messen, Events und Gesch\u00e4fte!\" \/>\n<meta property=\"og:url\" content=\"https:\/\/www.amstelprinting.nl\/de\/gesch\u00e4ft\/innenwerbung\/prasentation\/l-banner\/\" \/>\n<meta property=\"og:site_name\" content=\"Amstel Printing\" \/>\n<meta property=\"article:modified_time\" content=\"2026-02-10T11:29:28+00:00\" \/>\n<meta property=\"og:image\" content=\"https:\/\/www.amstelprinting.nl\/wp-content\/uploads\/l-banner-bedrukken.png\" \/>\n\t<meta property=\"og:image:width\" content=\"900\" \/>\n\t<meta property=\"og:image:height\" content=\"900\" \/>\n\t<meta property=\"og:image:type\" content=\"image\/png\" \/>\n<meta name=\"twitter:card\" content=\"summary_large_image\" \/>\n<meta name=\"twitter:label1\" content=\"Gesch\u00e4tzte Lesezeit\" \/>\n\t<meta name=\"twitter:data1\" content=\"1\u00a0Minute\" \/>\n<script type=\"application\/ld+json\" class=\"yoast-schema-graph\">{\"@context\":\"https:\\\/\\\/schema.org\",\"@graph\":[{\"@type\":\"WebPage\",\"@id\":\"https:\\\/\\\/www.amstelprinting.nl\\\/de\\\/gesch\u00e4ft\\\/innenwerbung\\\/prasentation\\\/l-banner\\\/\",\"url\":\"https:\\\/\\\/www.amstelprinting.nl\\\/de\\\/gesch\u00e4ft\\\/innenwerbung\\\/prasentation\\\/l-banner\\\/\",\"name\":\"L-Banner Bestellung bei Amstel Printing: Nur die beste Qualit\u00e4t\",\"isPartOf\":{\"@id\":\"https:\\\/\\\/www.amstelprinting.nl\\\/de\\\/#website\"},\"primaryImageOfPage\":{\"@id\":\"https:\\\/\\\/www.amstelprinting.nl\\\/de\\\/gesch\u00e4ft\\\/innenwerbung\\\/prasentation\\\/l-banner\\\/#primaryimage\"},\"image\":{\"@id\":\"https:\\\/\\\/www.amstelprinting.nl\\\/de\\\/gesch\u00e4ft\\\/innenwerbung\\\/prasentation\\\/l-banner\\\/#primaryimage\"},\"thumbnailUrl\":\"https:\\\/\\\/www.amstelprinting.nl\\\/wp-content\\\/uploads\\\/l-banner-bedrukken.png\",\"datePublished\":\"2025-01-24T10:24:21+00:00\",\"dateModified\":\"2026-02-10T11:29:28+00:00\",\"description\":\"L-Banner bestellen. W\u00e4hlen Sie aus verschiedenen Formaten und Materialien f\u00fcr scharfe Drucke und einen niedrigen Preis. Perfekt f\u00fcr Messen, Events und Gesch\u00e4fte!\",\"breadcrumb\":{\"@id\":\"https:\\\/\\\/www.amstelprinting.nl\\\/de\\\/gesch\u00e4ft\\\/innenwerbung\\\/prasentation\\\/l-banner\\\/#breadcrumb\"},\"inLanguage\":\"de\",\"potentialAction\":[{\"@type\":\"ReadAction\",\"target\":[\"https:\\\/\\\/www.amstelprinting.nl\\\/de\\\/gesch\u00e4ft\\\/innenwerbung\\\/prasentation\\\/l-banner\\\/\"]}]},{\"@type\":\"ImageObject\",\"inLanguage\":\"de\",\"@id\":\"https:\\\/\\\/www.amstelprinting.nl\\\/de\\\/gesch\u00e4ft\\\/innenwerbung\\\/prasentation\\\/l-banner\\\/#primaryimage\",\"url\":\"https:\\\/\\\/www.amstelprinting.nl\\\/wp-content\\\/uploads\\\/l-banner-bedrukken.png\",\"contentUrl\":\"https:\\\/\\\/www.amstelprinting.nl\\\/wp-content\\\/uploads\\\/l-banner-bedrukken.png\",\"width\":900,\"height\":900},{\"@type\":\"BreadcrumbList\",\"@id\":\"https:\\\/\\\/www.amstelprinting.nl\\\/de\\\/gesch\u00e4ft\\\/innenwerbung\\\/prasentation\\\/l-banner\\\/#breadcrumb\",\"itemListElement\":[{\"@type\":\"ListItem\",\"position\":1,\"name\":\"\",\"item\":\"https:\\\/\\\/www.amstelprinting.nl\\\/de\\\/\"},{\"@type\":\"ListItem\",\"position\":2,\"name\":\"Amstel Printing\",\"item\":\"https:\\\/\\\/www.amstelprinting.nl\\\/de\\\/geschaeft\\\/\"},{\"@type\":\"ListItem\",\"position\":3,\"name\":\"Innenwerbung\",\"item\":\"https:\\\/\\\/www.amstelprinting.nl\\\/de\\\/kategorie\\\/innenwerbung\\\/\"},{\"@type\":\"ListItem\",\"position\":4,\"name\":\"Pr\u00e4sentation\",\"item\":\"https:\\\/\\\/www.amstelprinting.nl\\\/de\\\/kategorie\\\/innenwerbung\\\/prasentation\\\/\"},{\"@type\":\"ListItem\",\"position\":5,\"name\":\"L-Banner\"}]},{\"@type\":\"WebSite\",\"@id\":\"https:\\\/\\\/www.amstelprinting.nl\\\/de\\\/#website\",\"url\":\"https:\\\/\\\/www.amstelprinting.nl\\\/de\\\/\",\"name\":\"Amstel Printing\",\"description\":\"Creating Exposure\",\"publisher\":{\"@id\":\"https:\\\/\\\/www.amstelprinting.nl\\\/de\\\/#organization\"},\"potentialAction\":[{\"@type\":\"SearchAction\",\"target\":{\"@type\":\"EntryPoint\",\"urlTemplate\":\"https:\\\/\\\/www.amstelprinting.nl\\\/de\\\/?s={search_term_string}\"},\"query-input\":{\"@type\":\"PropertyValueSpecification\",\"valueRequired\":true,\"valueName\":\"search_term_string\"}}],\"inLanguage\":\"de\"},{\"@type\":\"Organization\",\"@id\":\"https:\\\/\\\/www.amstelprinting.nl\\\/de\\\/#organization\",\"name\":\"Amstel Printing\",\"url\":\"https:\\\/\\\/www.amstelprinting.nl\\\/de\\\/\",\"logo\":{\"@type\":\"ImageObject\",\"inLanguage\":\"de\",\"@id\":\"https:\\\/\\\/www.amstelprinting.nl\\\/de\\\/#\\\/schema\\\/logo\\\/image\\\/\",\"url\":\"https:\\\/\\\/www.amstelprinting.nl\\\/wp-content\\\/uploads\\\/amstel_printing_logo_clean.png\",\"contentUrl\":\"https:\\\/\\\/www.amstelprinting.nl\\\/wp-content\\\/uploads\\\/amstel_printing_logo_clean.png\",\"width\":324,\"height\":73,\"caption\":\"Amstel Printing\"},\"image\":{\"@id\":\"https:\\\/\\\/www.amstelprinting.nl\\\/de\\\/#\\\/schema\\\/logo\\\/image\\\/\"}}]}<\/script>\n<!-- \/ Yoast SEO plugin. -->","yoast_head_json":{"title":"L-Banner Bestellung bei Amstel Printing: Nur die beste Qualit\u00e4t","description":"L-Banner bestellen. W\u00e4hlen Sie aus verschiedenen Formaten und Materialien f\u00fcr scharfe Drucke und einen niedrigen Preis. Perfekt f\u00fcr Messen, Events und Gesch\u00e4fte!","robots":{"index":"index","follow":"follow","max-snippet":"max-snippet:-1","max-image-preview":"max-image-preview:large","max-video-preview":"max-video-preview:-1"},"canonical":"https:\/\/www.amstelprinting.nl\/de\/gesch\u00e4ft\/innenwerbung\/prasentation\/l-banner\/","og_locale":"de_DE","og_type":"article","og_title":"L-Banner Bestellung bei Amstel Printing: Nur die beste Qualit\u00e4t","og_description":"L-Banner bestellen. W\u00e4hlen Sie aus verschiedenen Formaten und Materialien f\u00fcr scharfe Drucke und einen niedrigen Preis. Perfekt f\u00fcr Messen, Events und Gesch\u00e4fte!","og_url":"https:\/\/www.amstelprinting.nl\/de\/gesch\u00e4ft\/innenwerbung\/prasentation\/l-banner\/","og_site_name":"Amstel Printing","article_modified_time":"2026-02-10T11:29:28+00:00","og_image":[{"width":900,"height":900,"url":"https:\/\/www.amstelprinting.nl\/wp-content\/uploads\/l-banner-bedrukken.png","type":"image\/png"}],"twitter_card":"summary_large_image","twitter_misc":{"Gesch\u00e4tzte Lesezeit":"1\u00a0Minute"},"schema":{"@context":"https:\/\/schema.org","@graph":[{"@type":"WebPage","@id":"https:\/\/www.amstelprinting.nl\/de\/gesch\u00e4ft\/innenwerbung\/prasentation\/l-banner\/","url":"https:\/\/www.amstelprinting.nl\/de\/gesch\u00e4ft\/innenwerbung\/prasentation\/l-banner\/","name":"L-Banner Bestellung bei Amstel Printing: Nur die beste Qualit\u00e4t","isPartOf":{"@id":"https:\/\/www.amstelprinting.nl\/de\/#website"},"primaryImageOfPage":{"@id":"https:\/\/www.amstelprinting.nl\/de\/gesch\u00e4ft\/innenwerbung\/prasentation\/l-banner\/#primaryimage"},"image":{"@id":"https:\/\/www.amstelprinting.nl\/de\/gesch\u00e4ft\/innenwerbung\/prasentation\/l-banner\/#primaryimage"},"thumbnailUrl":"https:\/\/www.amstelprinting.nl\/wp-content\/uploads\/l-banner-bedrukken.png","datePublished":"2025-01-24T10:24:21+00:00","dateModified":"2026-02-10T11:29:28+00:00","description":"L-Banner bestellen. W\u00e4hlen Sie aus verschiedenen Formaten und Materialien f\u00fcr scharfe Drucke und einen niedrigen Preis. Perfekt f\u00fcr Messen, Events und Gesch\u00e4fte!","breadcrumb":{"@id":"https:\/\/www.amstelprinting.nl\/de\/gesch\u00e4ft\/innenwerbung\/prasentation\/l-banner\/#breadcrumb"},"inLanguage":"de","potentialAction":[{"@type":"ReadAction","target":["https:\/\/www.amstelprinting.nl\/de\/gesch\u00e4ft\/innenwerbung\/prasentation\/l-banner\/"]}]},{"@type":"ImageObject","inLanguage":"de","@id":"https:\/\/www.amstelprinting.nl\/de\/gesch\u00e4ft\/innenwerbung\/prasentation\/l-banner\/#primaryimage","url":"https:\/\/www.amstelprinting.nl\/wp-content\/uploads\/l-banner-bedrukken.png","contentUrl":"https:\/\/www.amstelprinting.nl\/wp-content\/uploads\/l-banner-bedrukken.png","width":900,"height":900},{"@type":"BreadcrumbList","@id":"https:\/\/www.amstelprinting.nl\/de\/gesch\u00e4ft\/innenwerbung\/prasentation\/l-banner\/#breadcrumb","itemListElement":[{"@type":"ListItem","position":1,"name":"","item":"https:\/\/www.amstelprinting.nl\/de\/"},{"@type":"ListItem","position":2,"name":"Amstel Printing","item":"https:\/\/www.amstelprinting.nl\/de\/geschaeft\/"},{"@type":"ListItem","position":3,"name":"Innenwerbung","item":"https:\/\/www.amstelprinting.nl\/de\/kategorie\/innenwerbung\/"},{"@type":"ListItem","position":4,"name":"Pr\u00e4sentation","item":"https:\/\/www.amstelprinting.nl\/de\/kategorie\/innenwerbung\/prasentation\/"},{"@type":"ListItem","position":5,"name":"L-Banner"}]},{"@type":"WebSite","@id":"https:\/\/www.amstelprinting.nl\/de\/#website","url":"https:\/\/www.amstelprinting.nl\/de\/","name":"Amstel Printing","description":"Creating Exposure","publisher":{"@id":"https:\/\/www.amstelprinting.nl\/de\/#organization"},"potentialAction":[{"@type":"SearchAction","target":{"@type":"EntryPoint","urlTemplate":"https:\/\/www.amstelprinting.nl\/de\/?s={search_term_string}"},"query-input":{"@type":"PropertyValueSpecification","valueRequired":true,"valueName":"search_term_string"}}],"inLanguage":"de"},{"@type":"Organization","@id":"https:\/\/www.amstelprinting.nl\/de\/#organization","name":"Amstel Printing","url":"https:\/\/www.amstelprinting.nl\/de\/","logo":{"@type":"ImageObject","inLanguage":"de","@id":"https:\/\/www.amstelprinting.nl\/de\/#\/schema\/logo\/image\/","url":"https:\/\/www.amstelprinting.nl\/wp-content\/uploads\/amstel_printing_logo_clean.png","contentUrl":"https:\/\/www.amstelprinting.nl\/wp-content\/uploads\/amstel_printing_logo_clean.png","width":324,"height":73,"caption":"Amstel Printing"},"image":{"@id":"https:\/\/www.amstelprinting.nl\/de\/#\/schema\/logo\/image\/"}}]}},"_links":{"self":[{"href":"https:\/\/www.amstelprinting.nl\/de\/wp-json\/wp\/v2\/product\/15039","targetHints":{"allow":["GET"]}}],"collection":[{"href":"https:\/\/www.amstelprinting.nl\/de\/wp-json\/wp\/v2\/product"}],"about":[{"href":"https:\/\/www.amstelprinting.nl\/de\/wp-json\/wp\/v2\/types\/product"}],"wp:featuredmedia":[{"embeddable":true,"href":"https:\/\/www.amstelprinting.nl\/de\/wp-json\/wp\/v2\/media\/15040"}],"wp:attachment":[{"href":"https:\/\/www.amstelprinting.nl\/de\/wp-json\/wp\/v2\/media?parent=15039"}],"wp:term":[{"taxonomy":"product_brand","embeddable":true,"href":"https:\/\/www.amstelprinting.nl\/de\/wp-json\/wp\/v2\/product_brand?post=15039"},{"taxonomy":"product_cat","embeddable":true,"href":"https:\/\/www.amstelprinting.nl\/de\/wp-json\/wp\/v2\/product_cat?post=15039"},{"taxonomy":"product_tag","embeddable":true,"href":"https:\/\/www.amstelprinting.nl\/de\/wp-json\/wp\/v2\/product_tag?post=15039"}],"curies":[{"name":"wp","href":"https:\/\/api.w.org\/{rel}","templated":true}]}}