{"id":15071,"date":"2025-01-24T11:23:52","date_gmt":"2025-01-24T10:23:52","guid":{"rendered":"https:\/\/www.amstelprinting.nl\/winkel\/unkategorisiert\/placemats\/"},"modified":"2026-02-18T12:54:19","modified_gmt":"2026-02-18T11:54:19","slug":"platzsets","status":"publish","type":"product","link":"https:\/\/www.amstelprinting.nl\/de\/gesch\u00e4ft\/innere\/haus-gastronomie\/platzsets\/","title":{"rendered":"Platzsets"},"content":{"rendered":"<h3>Platzsets bedrucken<\/h3>\n<p>Unsere Platzsets k\u00f6nnen vollst\u00e4ndig mit Ihrem eigenen Entwurf oder Muster personalisiert werden. Ob Sie sich f\u00fcr einen auff\u00e4lligen Druck, ein dezentes Muster oder Ihr Firmenlogo entscheiden, die M\u00f6glichkeiten sind endlos. Dar\u00fcber hinaus bieten wir die Flexibilit\u00e4t von gro\u00dfen oder kleinen Auflagen, sodass Sie immer genau die Menge erhalten, die Sie ben\u00f6tigen.<\/p>\n<p>Unsere Platzsets bieten eine perfekte Balance zwischen \u00c4sthetik und Funktionalit\u00e4t. Sie sch\u00fctzen Ihren Tisch und verleihen jedem Anlass eine stilvolle Note. Sch\u00fctzen Sie Ihren Tisch und verleihen Sie ihm gleichzeitig ein Make-over mit unseren vielseitigen und eleganten Platzsets. Bestellen Sie noch heute und entdecken Sie, wie einfach es ist, jede Mahlzeit mit einer pers\u00f6nlichen und professionellen Note zu etwas Besonderem zu machen!<\/p>\n<h3>Platzsets: W\u00e4hlen Sie das richtige Material<\/h3>\n<p>Unsere Platzsets sind in verschiedenen Papier- und Stoffoptionen erh\u00e4ltlich, jeweils mit einzigartigen Eigenschaften.<\/p>\n<p><strong>Platzsets aus Papier<\/strong><br \/>\nF\u00fcr Papier k\u00f6nnen Sie zwischen HVO-Wei\u00df w\u00e4hlen, das eine matte Ausstrahlung und eine nat\u00fcrliche Textur bietet; HV-lasergeeignetes Wei\u00df, ideal f\u00fcr scherpe und klare Drucke mit Laserdruckern; HV-satiniertem MC (Glanz), das ein gl\u00e4nzendes Finish f\u00fcr lebendige Farben hat; Synaps, einem synthetischen Papier, das wasser- und rei\u00dffest ist; und YupoBlue, das ebenfalls synthetisch ist und sich durch hohe Wei\u00dfe und Langlebigkeit auszeichnet. Die Platzsets aus Papier k\u00f6nnen sowohl einseitig als auch beidseitig bedruckt werden.<\/p>\n<p><strong>Platzsets aus Stoff<\/strong><br \/>\nF\u00fcr Platzsets aus Stoff bieten we Pro Cotton Perkal, eine weiche und atmungsaktive Baumwolle mit feiner Webung; Kendal, das robust und dennoch komfortabel ist und sich sowohl f\u00fcr den Innen- als auch f\u00fcr den Au\u00dfenbereich eignet; und ProPES Outdoor, ein synthetisches Gewebe, das wasserabweisend und wetterfest ist \u2013 perfekt f\u00fcr den Au\u00dfeneinsatz. Diese Platzsets aus Stoff sind mit einem Doppelsaum versehen, erh\u00e4ltlich mit wei\u00dfem oder schwarzem Garn, was f\u00fcr ein sauberes Finish sorgt und Ausfransen verhindert.<\/p>\n","protected":false},"excerpt":{"rendered":"<h3>Mit einem gestochen scharfen Druck Ihrer Wahl<\/h3>\n<p>Verleihen Sie Ihrem Tisch eine elegante Ausstrahlung mit unseren hochwertigen Platzsets. Perfekt f\u00fcr Restaurants, Caf\u00e9s, Veranstaltungen oder den Heimgebrauch. Unsere Platzsets bieten die ideale Kombination aus Stil und sch\u00fctzen gleichzeitig die Tischplatte. Erh\u00e4ltlich im gro\u00dfz\u00fcgigen A3-Format (Querformat), sind sie gro\u00df genug, um jedes Tischgedeck zu vervollst\u00e4ndigen.<\/p>\n","protected":false},"featured_media":15073,"template":"","meta":{"_et_pb_use_builder":"","_et_pb_old_content":"","_et_gb_content_width":""},"product_brand":[],"product_cat":[909,945,907,947],"product_tag":[],"class_list":{"0":"post-15071","1":"product","2":"type-product","3":"status-publish","4":"has-post-thumbnail","6":"product_cat-gastfreundschaft","7":"product_cat-haus-gastronomie","8":"product_cat-innenwerbung","9":"product_cat-innere","11":"first","12":"instock","13":"taxable","14":"shipping-taxable","15":"purchasable","16":"product-type-simple"},"yoast_head":"<!-- This site is optimized with the Yoast SEO plugin v27.3 - https:\/\/yoast.com\/product\/yoast-seo-wordpress\/ -->\n<title>Platzsets | Amstel Printing<\/title>\n<meta name=\"robots\" content=\"index, follow, max-snippet:-1, max-image-preview:large, max-video-preview:-1\" \/>\n<link rel=\"canonical\" href=\"https:\/\/www.amstelprinting.nl\/de\/gesch\u00e4ft\/innere\/haus-gastronomie\/platzsets\/\" \/>\n<meta property=\"og:locale\" content=\"de_DE\" \/>\n<meta property=\"og:type\" content=\"article\" \/>\n<meta property=\"og:title\" content=\"Platzsets | Amstel Printing\" \/>\n<meta property=\"og:description\" content=\"Mit einem gestochen scharfen Druck Ihrer Wahl Verleihen Sie Ihrem Tisch eine elegante Ausstrahlung mit unseren hochwertigen Platzsets. Perfekt f\u00fcr Restaurants, Caf\u00e9s, Veranstaltungen oder den Heimgebrauch. Unsere Platzsets bieten die ideale Kombination aus Stil und sch\u00fctzen gleichzeitig die Tischplatte. Erh\u00e4ltlich im gro\u00dfz\u00fcgigen A3-Format (Querformat), sind sie gro\u00df genug, um jedes Tischgedeck zu vervollst\u00e4ndigen.\" \/>\n<meta property=\"og:url\" content=\"https:\/\/www.amstelprinting.nl\/de\/gesch\u00e4ft\/innere\/haus-gastronomie\/platzsets\/\" \/>\n<meta property=\"og:site_name\" content=\"Amstel Printing\" \/>\n<meta property=\"article:modified_time\" content=\"2026-02-18T11:54:19+00:00\" \/>\n<meta property=\"og:image\" content=\"https:\/\/www.amstelprinting.nl\/wp-content\/uploads\/Placemats4.jpg\" \/>\n\t<meta property=\"og:image:width\" content=\"700\" \/>\n\t<meta property=\"og:image:height\" content=\"700\" \/>\n\t<meta property=\"og:image:type\" content=\"image\/jpeg\" \/>\n<meta name=\"twitter:card\" content=\"summary_large_image\" \/>\n<meta name=\"twitter:label1\" content=\"Gesch\u00e4tzte Lesezeit\" \/>\n\t<meta name=\"twitter:data1\" content=\"2\u00a0Minuten\" \/>\n<script type=\"application\/ld+json\" class=\"yoast-schema-graph\">{\"@context\":\"https:\\\/\\\/schema.org\",\"@graph\":[{\"@type\":\"WebPage\",\"@id\":\"https:\\\/\\\/www.amstelprinting.nl\\\/de\\\/gesch\u00e4ft\\\/innere\\\/haus-gastronomie\\\/platzsets\\\/\",\"url\":\"https:\\\/\\\/www.amstelprinting.nl\\\/de\\\/gesch\u00e4ft\\\/innere\\\/haus-gastronomie\\\/platzsets\\\/\",\"name\":\"Platzsets | Amstel Printing\",\"isPartOf\":{\"@id\":\"https:\\\/\\\/www.amstelprinting.nl\\\/de\\\/#website\"},\"primaryImageOfPage\":{\"@id\":\"https:\\\/\\\/www.amstelprinting.nl\\\/de\\\/gesch\u00e4ft\\\/innere\\\/haus-gastronomie\\\/platzsets\\\/#primaryimage\"},\"image\":{\"@id\":\"https:\\\/\\\/www.amstelprinting.nl\\\/de\\\/gesch\u00e4ft\\\/innere\\\/haus-gastronomie\\\/platzsets\\\/#primaryimage\"},\"thumbnailUrl\":\"https:\\\/\\\/www.amstelprinting.nl\\\/wp-content\\\/uploads\\\/Placemats4.jpg\",\"datePublished\":\"2025-01-24T10:23:52+00:00\",\"dateModified\":\"2026-02-18T11:54:19+00:00\",\"breadcrumb\":{\"@id\":\"https:\\\/\\\/www.amstelprinting.nl\\\/de\\\/gesch\u00e4ft\\\/innere\\\/haus-gastronomie\\\/platzsets\\\/#breadcrumb\"},\"inLanguage\":\"de\",\"potentialAction\":[{\"@type\":\"ReadAction\",\"target\":[\"https:\\\/\\\/www.amstelprinting.nl\\\/de\\\/gesch\u00e4ft\\\/innere\\\/haus-gastronomie\\\/platzsets\\\/\"]}]},{\"@type\":\"ImageObject\",\"inLanguage\":\"de\",\"@id\":\"https:\\\/\\\/www.amstelprinting.nl\\\/de\\\/gesch\u00e4ft\\\/innere\\\/haus-gastronomie\\\/platzsets\\\/#primaryimage\",\"url\":\"https:\\\/\\\/www.amstelprinting.nl\\\/wp-content\\\/uploads\\\/Placemats4.jpg\",\"contentUrl\":\"https:\\\/\\\/www.amstelprinting.nl\\\/wp-content\\\/uploads\\\/Placemats4.jpg\",\"width\":700,\"height\":700},{\"@type\":\"BreadcrumbList\",\"@id\":\"https:\\\/\\\/www.amstelprinting.nl\\\/de\\\/gesch\u00e4ft\\\/innere\\\/haus-gastronomie\\\/platzsets\\\/#breadcrumb\",\"itemListElement\":[{\"@type\":\"ListItem\",\"position\":1,\"name\":\"\",\"item\":\"https:\\\/\\\/www.amstelprinting.nl\\\/de\\\/\"},{\"@type\":\"ListItem\",\"position\":2,\"name\":\"Amstel Printing\",\"item\":\"https:\\\/\\\/www.amstelprinting.nl\\\/de\\\/geschaeft\\\/\"},{\"@type\":\"ListItem\",\"position\":3,\"name\":\"Innenwerbung\",\"item\":\"https:\\\/\\\/www.amstelprinting.nl\\\/de\\\/kategorie\\\/innenwerbung\\\/\"},{\"@type\":\"ListItem\",\"position\":4,\"name\":\"Gastfreundschaft\",\"item\":\"https:\\\/\\\/www.amstelprinting.nl\\\/de\\\/kategorie\\\/innenwerbung\\\/gastfreundschaft\\\/\"},{\"@type\":\"ListItem\",\"position\":5,\"name\":\"Platzsets\"}]},{\"@type\":\"WebSite\",\"@id\":\"https:\\\/\\\/www.amstelprinting.nl\\\/de\\\/#website\",\"url\":\"https:\\\/\\\/www.amstelprinting.nl\\\/de\\\/\",\"name\":\"Amstel Printing\",\"description\":\"Creating Exposure\",\"publisher\":{\"@id\":\"https:\\\/\\\/www.amstelprinting.nl\\\/de\\\/#organization\"},\"potentialAction\":[{\"@type\":\"SearchAction\",\"target\":{\"@type\":\"EntryPoint\",\"urlTemplate\":\"https:\\\/\\\/www.amstelprinting.nl\\\/de\\\/?s={search_term_string}\"},\"query-input\":{\"@type\":\"PropertyValueSpecification\",\"valueRequired\":true,\"valueName\":\"search_term_string\"}}],\"inLanguage\":\"de\"},{\"@type\":\"Organization\",\"@id\":\"https:\\\/\\\/www.amstelprinting.nl\\\/de\\\/#organization\",\"name\":\"Amstel Printing\",\"url\":\"https:\\\/\\\/www.amstelprinting.nl\\\/de\\\/\",\"logo\":{\"@type\":\"ImageObject\",\"inLanguage\":\"de\",\"@id\":\"https:\\\/\\\/www.amstelprinting.nl\\\/de\\\/#\\\/schema\\\/logo\\\/image\\\/\",\"url\":\"https:\\\/\\\/www.amstelprinting.nl\\\/wp-content\\\/uploads\\\/amstel_printing_logo_clean.png\",\"contentUrl\":\"https:\\\/\\\/www.amstelprinting.nl\\\/wp-content\\\/uploads\\\/amstel_printing_logo_clean.png\",\"width\":324,\"height\":73,\"caption\":\"Amstel Printing\"},\"image\":{\"@id\":\"https:\\\/\\\/www.amstelprinting.nl\\\/de\\\/#\\\/schema\\\/logo\\\/image\\\/\"}}]}<\/script>\n<!-- \/ Yoast SEO plugin. -->","yoast_head_json":{"title":"Platzsets | Amstel Printing","robots":{"index":"index","follow":"follow","max-snippet":"max-snippet:-1","max-image-preview":"max-image-preview:large","max-video-preview":"max-video-preview:-1"},"canonical":"https:\/\/www.amstelprinting.nl\/de\/gesch\u00e4ft\/innere\/haus-gastronomie\/platzsets\/","og_locale":"de_DE","og_type":"article","og_title":"Platzsets | Amstel Printing","og_description":"Mit einem gestochen scharfen Druck Ihrer Wahl Verleihen Sie Ihrem Tisch eine elegante Ausstrahlung mit unseren hochwertigen Platzsets. Perfekt f\u00fcr Restaurants, Caf\u00e9s, Veranstaltungen oder den Heimgebrauch. Unsere Platzsets bieten die ideale Kombination aus Stil und sch\u00fctzen gleichzeitig die Tischplatte. Erh\u00e4ltlich im gro\u00dfz\u00fcgigen A3-Format (Querformat), sind sie gro\u00df genug, um jedes Tischgedeck zu vervollst\u00e4ndigen.","og_url":"https:\/\/www.amstelprinting.nl\/de\/gesch\u00e4ft\/innere\/haus-gastronomie\/platzsets\/","og_site_name":"Amstel Printing","article_modified_time":"2026-02-18T11:54:19+00:00","og_image":[{"width":700,"height":700,"url":"https:\/\/www.amstelprinting.nl\/wp-content\/uploads\/Placemats4.jpg","type":"image\/jpeg"}],"twitter_card":"summary_large_image","twitter_misc":{"Gesch\u00e4tzte Lesezeit":"2\u00a0Minuten"},"schema":{"@context":"https:\/\/schema.org","@graph":[{"@type":"WebPage","@id":"https:\/\/www.amstelprinting.nl\/de\/gesch\u00e4ft\/innere\/haus-gastronomie\/platzsets\/","url":"https:\/\/www.amstelprinting.nl\/de\/gesch\u00e4ft\/innere\/haus-gastronomie\/platzsets\/","name":"Platzsets | Amstel Printing","isPartOf":{"@id":"https:\/\/www.amstelprinting.nl\/de\/#website"},"primaryImageOfPage":{"@id":"https:\/\/www.amstelprinting.nl\/de\/gesch\u00e4ft\/innere\/haus-gastronomie\/platzsets\/#primaryimage"},"image":{"@id":"https:\/\/www.amstelprinting.nl\/de\/gesch\u00e4ft\/innere\/haus-gastronomie\/platzsets\/#primaryimage"},"thumbnailUrl":"https:\/\/www.amstelprinting.nl\/wp-content\/uploads\/Placemats4.jpg","datePublished":"2025-01-24T10:23:52+00:00","dateModified":"2026-02-18T11:54:19+00:00","breadcrumb":{"@id":"https:\/\/www.amstelprinting.nl\/de\/gesch\u00e4ft\/innere\/haus-gastronomie\/platzsets\/#breadcrumb"},"inLanguage":"de","potentialAction":[{"@type":"ReadAction","target":["https:\/\/www.amstelprinting.nl\/de\/gesch\u00e4ft\/innere\/haus-gastronomie\/platzsets\/"]}]},{"@type":"ImageObject","inLanguage":"de","@id":"https:\/\/www.amstelprinting.nl\/de\/gesch\u00e4ft\/innere\/haus-gastronomie\/platzsets\/#primaryimage","url":"https:\/\/www.amstelprinting.nl\/wp-content\/uploads\/Placemats4.jpg","contentUrl":"https:\/\/www.amstelprinting.nl\/wp-content\/uploads\/Placemats4.jpg","width":700,"height":700},{"@type":"BreadcrumbList","@id":"https:\/\/www.amstelprinting.nl\/de\/gesch\u00e4ft\/innere\/haus-gastronomie\/platzsets\/#breadcrumb","itemListElement":[{"@type":"ListItem","position":1,"name":"","item":"https:\/\/www.amstelprinting.nl\/de\/"},{"@type":"ListItem","position":2,"name":"Amstel Printing","item":"https:\/\/www.amstelprinting.nl\/de\/geschaeft\/"},{"@type":"ListItem","position":3,"name":"Innenwerbung","item":"https:\/\/www.amstelprinting.nl\/de\/kategorie\/innenwerbung\/"},{"@type":"ListItem","position":4,"name":"Gastfreundschaft","item":"https:\/\/www.amstelprinting.nl\/de\/kategorie\/innenwerbung\/gastfreundschaft\/"},{"@type":"ListItem","position":5,"name":"Platzsets"}]},{"@type":"WebSite","@id":"https:\/\/www.amstelprinting.nl\/de\/#website","url":"https:\/\/www.amstelprinting.nl\/de\/","name":"Amstel Printing","description":"Creating Exposure","publisher":{"@id":"https:\/\/www.amstelprinting.nl\/de\/#organization"},"potentialAction":[{"@type":"SearchAction","target":{"@type":"EntryPoint","urlTemplate":"https:\/\/www.amstelprinting.nl\/de\/?s={search_term_string}"},"query-input":{"@type":"PropertyValueSpecification","valueRequired":true,"valueName":"search_term_string"}}],"inLanguage":"de"},{"@type":"Organization","@id":"https:\/\/www.amstelprinting.nl\/de\/#organization","name":"Amstel Printing","url":"https:\/\/www.amstelprinting.nl\/de\/","logo":{"@type":"ImageObject","inLanguage":"de","@id":"https:\/\/www.amstelprinting.nl\/de\/#\/schema\/logo\/image\/","url":"https:\/\/www.amstelprinting.nl\/wp-content\/uploads\/amstel_printing_logo_clean.png","contentUrl":"https:\/\/www.amstelprinting.nl\/wp-content\/uploads\/amstel_printing_logo_clean.png","width":324,"height":73,"caption":"Amstel Printing"},"image":{"@id":"https:\/\/www.amstelprinting.nl\/de\/#\/schema\/logo\/image\/"}}]}},"_links":{"self":[{"href":"https:\/\/www.amstelprinting.nl\/de\/wp-json\/wp\/v2\/product\/15071","targetHints":{"allow":["GET"]}}],"collection":[{"href":"https:\/\/www.amstelprinting.nl\/de\/wp-json\/wp\/v2\/product"}],"about":[{"href":"https:\/\/www.amstelprinting.nl\/de\/wp-json\/wp\/v2\/types\/product"}],"wp:featuredmedia":[{"embeddable":true,"href":"https:\/\/www.amstelprinting.nl\/de\/wp-json\/wp\/v2\/media\/15073"}],"wp:attachment":[{"href":"https:\/\/www.amstelprinting.nl\/de\/wp-json\/wp\/v2\/media?parent=15071"}],"wp:term":[{"taxonomy":"product_brand","embeddable":true,"href":"https:\/\/www.amstelprinting.nl\/de\/wp-json\/wp\/v2\/product_brand?post=15071"},{"taxonomy":"product_cat","embeddable":true,"href":"https:\/\/www.amstelprinting.nl\/de\/wp-json\/wp\/v2\/product_cat?post=15071"},{"taxonomy":"product_tag","embeddable":true,"href":"https:\/\/www.amstelprinting.nl\/de\/wp-json\/wp\/v2\/product_tag?post=15071"}],"curies":[{"name":"wp","href":"https:\/\/api.w.org\/{rel}","templated":true}]}}