{"id":15084,"date":"2025-01-24T11:23:48","date_gmt":"2025-01-24T10:23:48","guid":{"rendered":"https:\/\/www.amstelprinting.nl\/winkel\/unkategorisiert\/acousticpro-dividers\/"},"modified":"2026-02-18T12:54:20","modified_gmt":"2026-02-18T11:54:20","slug":"acousticpro-trennwande","status":"publish","type":"product","link":"https:\/\/www.amstelprinting.nl\/de\/gesch\u00e4ft\/innere\/haus-gastronomie\/acousticpro-trennwande\/","title":{"rendered":"AcousticPro\u00ae Trennw\u00e4nde"},"content":{"rendered":"<h3>AcousticPro\u00ae Trennw\u00e4nde<\/h3>\n<p>\\nUnsere AcousticPro\u00ae Trennw\u00e4nde bieten Ihnen die Freiheit, ein eigenes Design zu entwerfen oder aus unseren stilvollen Mustern zu w\u00e4hlen. Dank der Verwendung von Akustikmaterial, das zu 90 % aus recycelten Baumwollfasern aus Jeans besteht, absorbieren diese Trennw\u00e4nde effektiv Schallwellen und reduzieren den Nachhall. Mit einem \u03b1-Wert von 0,7 im Sprachbereich (500-1000 Hz) sorgen sie f\u00fcr eine deutlich bessere Klangumgebung.\\n<\/p>\n<h3>Vorteile<\/h3>\n<p>\\n<\/p>\n<ul>\\n  <\/p>\n<li>Wahlweise: Schreibtisch- oder Raumteiler (freistehend oder fahrbar)<\/li>\n<p>\\n  <\/p>\n<li>Akustikmaterial, das Schall absorbiert<\/li>\n<p>\\n  <\/p>\n<li>Ausgestattet mit einem beidseitigen Druck<\/li>\n<p>\\n  <\/p>\n<li>Geliefert als komplett montierter Rahmen<\/li>\n<p>\\n  <\/p>\n<li>Innovatives modulares System (erstellen Sie endlose Kombinationen)<\/li>\n<p>\\n  <\/p>\n<li>Laden Sie Ihr Design hoch oder w\u00e4hlen Sie aus einem der 20.000 Designs aus unserer Kollektion<\/li>\n<p>\\n  <\/p>\n<li>Inklusive verschiedenem Zubeh\u00f6r<\/li>\n<p>\\n<\/ul>\n<p>\\n&nbsp;\\n<\/p>\n<h3>Zubeh\u00f6r<\/h3>\n<p>\\nUnsere Schreibtisch-Trennw\u00e4nde werden mit Tischklemmen, Ecksch\u00fctzern und Befestigungsmaterial geliefert. F\u00fcr die Raumteiler bieten wir Bodenplatten (sowohl freistehend als auch fahrbar), Ecksch\u00fctzer und Befestigungsmaterial an. Dieses Zubeh\u00f6r sorgt f\u00fcr eine einfache Installation und maximale Stabilit\u00e4t.\\nBringen Sie Ruhe und Fokus in Ihren Arbeitsbereich mit den vielseitigen und stilvollen AcousticPro\u00ae Trennw\u00e4nden. Mit ihren hervorragenden akustischen Eigenschaften, nachhaltigen Materialien und anpassbaren Designs sind sie die perfekte L\u00f6sung f\u00fcr jede Umgebung. Ob Sie sich f\u00fcr einen Raumteiler oder eine Schreibtisch-Trennwand entscheiden, Sie werden den Unterschied in der Klangqualit\u00e4t und \u00c4sthetik sofort bemerken.<\/p>\n","protected":false},"excerpt":{"rendered":"<h3>Personalisierte Schreibtisch- und Raumteiler<\/h3>\n<p>\\nSchaffen Sie eine ruhige und produktive Umgebung mit unseren AcousticPro\u00ae Trennw\u00e4nden. Diese vielseitigen Trennw\u00e4nde sind als Raumteiler oder Schreibtisch-Trennw\u00e4nde erh\u00e4ltlich, wahlweise mit einem eleganten schwarzen oder wei\u00dfen Rahmen. W\u00e4hlen Sie eine stehende Variante oder eine fahrbare Version f\u00fcr zus\u00e4tzliche Flexibilit\u00e4t.<\/p>\n","protected":false},"featured_media":15085,"template":"","meta":{"_et_pb_use_builder":"","_et_pb_old_content":"","_et_gb_content_width":""},"product_brand":[],"product_cat":[909,945,907,947],"product_tag":[],"class_list":{"0":"post-15084","1":"product","2":"type-product","3":"status-publish","4":"has-post-thumbnail","6":"product_cat-gastfreundschaft","7":"product_cat-haus-gastronomie","8":"product_cat-innenwerbung","9":"product_cat-innere","11":"first","12":"instock","13":"taxable","14":"shipping-taxable","15":"purchasable","16":"product-type-simple"},"yoast_head":"<!-- This site is optimized with the Yoast SEO plugin v27.3 - https:\/\/yoast.com\/product\/yoast-seo-wordpress\/ -->\n<title>AcousticPro\u00ae Trennw\u00e4nde | Amstel Printing<\/title>\n<meta name=\"robots\" content=\"index, follow, max-snippet:-1, max-image-preview:large, max-video-preview:-1\" \/>\n<link rel=\"canonical\" href=\"https:\/\/www.amstelprinting.nl\/de\/gesch\u00e4ft\/innere\/haus-gastronomie\/acousticpro-trennwande\/\" \/>\n<meta property=\"og:locale\" content=\"de_DE\" \/>\n<meta property=\"og:type\" content=\"article\" \/>\n<meta property=\"og:title\" content=\"AcousticPro\u00ae Trennw\u00e4nde | Amstel Printing\" \/>\n<meta property=\"og:description\" content=\"Personalisierte Schreibtisch- und RaumteilernSchaffen Sie eine ruhige und produktive Umgebung mit unseren AcousticPro\u00ae Trennw\u00e4nden. Diese vielseitigen Trennw\u00e4nde sind als Raumteiler oder Schreibtisch-Trennw\u00e4nde erh\u00e4ltlich, wahlweise mit einem eleganten schwarzen oder wei\u00dfen Rahmen. W\u00e4hlen Sie eine stehende Variante oder eine fahrbare Version f\u00fcr zus\u00e4tzliche Flexibilit\u00e4t.\" \/>\n<meta property=\"og:url\" content=\"https:\/\/www.amstelprinting.nl\/de\/gesch\u00e4ft\/innere\/haus-gastronomie\/acousticpro-trennwande\/\" \/>\n<meta property=\"og:site_name\" content=\"Amstel Printing\" \/>\n<meta property=\"article:modified_time\" content=\"2026-02-18T11:54:20+00:00\" \/>\n<meta property=\"og:image\" content=\"https:\/\/www.amstelprinting.nl\/wp-content\/uploads\/AcousticPro-divider-bedrukken.png\" \/>\n\t<meta property=\"og:image:width\" content=\"900\" \/>\n\t<meta property=\"og:image:height\" content=\"900\" \/>\n\t<meta property=\"og:image:type\" content=\"image\/png\" \/>\n<meta name=\"twitter:card\" content=\"summary_large_image\" \/>\n<meta name=\"twitter:label1\" content=\"Gesch\u00e4tzte Lesezeit\" \/>\n\t<meta name=\"twitter:data1\" content=\"1\u00a0Minute\" \/>\n<script type=\"application\/ld+json\" class=\"yoast-schema-graph\">{\"@context\":\"https:\\\/\\\/schema.org\",\"@graph\":[{\"@type\":\"WebPage\",\"@id\":\"https:\\\/\\\/www.amstelprinting.nl\\\/de\\\/gesch\u00e4ft\\\/innere\\\/haus-gastronomie\\\/acousticpro-trennwande\\\/\",\"url\":\"https:\\\/\\\/www.amstelprinting.nl\\\/de\\\/gesch\u00e4ft\\\/innere\\\/haus-gastronomie\\\/acousticpro-trennwande\\\/\",\"name\":\"AcousticPro\u00ae Trennw\u00e4nde | Amstel Printing\",\"isPartOf\":{\"@id\":\"https:\\\/\\\/www.amstelprinting.nl\\\/de\\\/#website\"},\"primaryImageOfPage\":{\"@id\":\"https:\\\/\\\/www.amstelprinting.nl\\\/de\\\/gesch\u00e4ft\\\/innere\\\/haus-gastronomie\\\/acousticpro-trennwande\\\/#primaryimage\"},\"image\":{\"@id\":\"https:\\\/\\\/www.amstelprinting.nl\\\/de\\\/gesch\u00e4ft\\\/innere\\\/haus-gastronomie\\\/acousticpro-trennwande\\\/#primaryimage\"},\"thumbnailUrl\":\"https:\\\/\\\/www.amstelprinting.nl\\\/wp-content\\\/uploads\\\/AcousticPro-divider-bedrukken.png\",\"datePublished\":\"2025-01-24T10:23:48+00:00\",\"dateModified\":\"2026-02-18T11:54:20+00:00\",\"breadcrumb\":{\"@id\":\"https:\\\/\\\/www.amstelprinting.nl\\\/de\\\/gesch\u00e4ft\\\/innere\\\/haus-gastronomie\\\/acousticpro-trennwande\\\/#breadcrumb\"},\"inLanguage\":\"de\",\"potentialAction\":[{\"@type\":\"ReadAction\",\"target\":[\"https:\\\/\\\/www.amstelprinting.nl\\\/de\\\/gesch\u00e4ft\\\/innere\\\/haus-gastronomie\\\/acousticpro-trennwande\\\/\"]}]},{\"@type\":\"ImageObject\",\"inLanguage\":\"de\",\"@id\":\"https:\\\/\\\/www.amstelprinting.nl\\\/de\\\/gesch\u00e4ft\\\/innere\\\/haus-gastronomie\\\/acousticpro-trennwande\\\/#primaryimage\",\"url\":\"https:\\\/\\\/www.amstelprinting.nl\\\/wp-content\\\/uploads\\\/AcousticPro-divider-bedrukken.png\",\"contentUrl\":\"https:\\\/\\\/www.amstelprinting.nl\\\/wp-content\\\/uploads\\\/AcousticPro-divider-bedrukken.png\",\"width\":900,\"height\":900},{\"@type\":\"BreadcrumbList\",\"@id\":\"https:\\\/\\\/www.amstelprinting.nl\\\/de\\\/gesch\u00e4ft\\\/innere\\\/haus-gastronomie\\\/acousticpro-trennwande\\\/#breadcrumb\",\"itemListElement\":[{\"@type\":\"ListItem\",\"position\":1,\"name\":\"\",\"item\":\"https:\\\/\\\/www.amstelprinting.nl\\\/de\\\/\"},{\"@type\":\"ListItem\",\"position\":2,\"name\":\"Amstel Printing\",\"item\":\"https:\\\/\\\/www.amstelprinting.nl\\\/de\\\/geschaeft\\\/\"},{\"@type\":\"ListItem\",\"position\":3,\"name\":\"Innenwerbung\",\"item\":\"https:\\\/\\\/www.amstelprinting.nl\\\/de\\\/kategorie\\\/innenwerbung\\\/\"},{\"@type\":\"ListItem\",\"position\":4,\"name\":\"Gastfreundschaft\",\"item\":\"https:\\\/\\\/www.amstelprinting.nl\\\/de\\\/kategorie\\\/innenwerbung\\\/gastfreundschaft\\\/\"},{\"@type\":\"ListItem\",\"position\":5,\"name\":\"AcousticPro\u00ae Trennw\u00e4nde\"}]},{\"@type\":\"WebSite\",\"@id\":\"https:\\\/\\\/www.amstelprinting.nl\\\/de\\\/#website\",\"url\":\"https:\\\/\\\/www.amstelprinting.nl\\\/de\\\/\",\"name\":\"Amstel Printing\",\"description\":\"Creating Exposure\",\"publisher\":{\"@id\":\"https:\\\/\\\/www.amstelprinting.nl\\\/de\\\/#organization\"},\"potentialAction\":[{\"@type\":\"SearchAction\",\"target\":{\"@type\":\"EntryPoint\",\"urlTemplate\":\"https:\\\/\\\/www.amstelprinting.nl\\\/de\\\/?s={search_term_string}\"},\"query-input\":{\"@type\":\"PropertyValueSpecification\",\"valueRequired\":true,\"valueName\":\"search_term_string\"}}],\"inLanguage\":\"de\"},{\"@type\":\"Organization\",\"@id\":\"https:\\\/\\\/www.amstelprinting.nl\\\/de\\\/#organization\",\"name\":\"Amstel Printing\",\"url\":\"https:\\\/\\\/www.amstelprinting.nl\\\/de\\\/\",\"logo\":{\"@type\":\"ImageObject\",\"inLanguage\":\"de\",\"@id\":\"https:\\\/\\\/www.amstelprinting.nl\\\/de\\\/#\\\/schema\\\/logo\\\/image\\\/\",\"url\":\"https:\\\/\\\/www.amstelprinting.nl\\\/wp-content\\\/uploads\\\/amstel_printing_logo_clean.png\",\"contentUrl\":\"https:\\\/\\\/www.amstelprinting.nl\\\/wp-content\\\/uploads\\\/amstel_printing_logo_clean.png\",\"width\":324,\"height\":73,\"caption\":\"Amstel Printing\"},\"image\":{\"@id\":\"https:\\\/\\\/www.amstelprinting.nl\\\/de\\\/#\\\/schema\\\/logo\\\/image\\\/\"}}]}<\/script>\n<!-- \/ Yoast SEO plugin. -->","yoast_head_json":{"title":"AcousticPro\u00ae Trennw\u00e4nde | Amstel Printing","robots":{"index":"index","follow":"follow","max-snippet":"max-snippet:-1","max-image-preview":"max-image-preview:large","max-video-preview":"max-video-preview:-1"},"canonical":"https:\/\/www.amstelprinting.nl\/de\/gesch\u00e4ft\/innere\/haus-gastronomie\/acousticpro-trennwande\/","og_locale":"de_DE","og_type":"article","og_title":"AcousticPro\u00ae Trennw\u00e4nde | Amstel Printing","og_description":"Personalisierte Schreibtisch- und RaumteilernSchaffen Sie eine ruhige und produktive Umgebung mit unseren AcousticPro\u00ae Trennw\u00e4nden. Diese vielseitigen Trennw\u00e4nde sind als Raumteiler oder Schreibtisch-Trennw\u00e4nde erh\u00e4ltlich, wahlweise mit einem eleganten schwarzen oder wei\u00dfen Rahmen. W\u00e4hlen Sie eine stehende Variante oder eine fahrbare Version f\u00fcr zus\u00e4tzliche Flexibilit\u00e4t.","og_url":"https:\/\/www.amstelprinting.nl\/de\/gesch\u00e4ft\/innere\/haus-gastronomie\/acousticpro-trennwande\/","og_site_name":"Amstel Printing","article_modified_time":"2026-02-18T11:54:20+00:00","og_image":[{"width":900,"height":900,"url":"https:\/\/www.amstelprinting.nl\/wp-content\/uploads\/AcousticPro-divider-bedrukken.png","type":"image\/png"}],"twitter_card":"summary_large_image","twitter_misc":{"Gesch\u00e4tzte Lesezeit":"1\u00a0Minute"},"schema":{"@context":"https:\/\/schema.org","@graph":[{"@type":"WebPage","@id":"https:\/\/www.amstelprinting.nl\/de\/gesch\u00e4ft\/innere\/haus-gastronomie\/acousticpro-trennwande\/","url":"https:\/\/www.amstelprinting.nl\/de\/gesch\u00e4ft\/innere\/haus-gastronomie\/acousticpro-trennwande\/","name":"AcousticPro\u00ae Trennw\u00e4nde | Amstel Printing","isPartOf":{"@id":"https:\/\/www.amstelprinting.nl\/de\/#website"},"primaryImageOfPage":{"@id":"https:\/\/www.amstelprinting.nl\/de\/gesch\u00e4ft\/innere\/haus-gastronomie\/acousticpro-trennwande\/#primaryimage"},"image":{"@id":"https:\/\/www.amstelprinting.nl\/de\/gesch\u00e4ft\/innere\/haus-gastronomie\/acousticpro-trennwande\/#primaryimage"},"thumbnailUrl":"https:\/\/www.amstelprinting.nl\/wp-content\/uploads\/AcousticPro-divider-bedrukken.png","datePublished":"2025-01-24T10:23:48+00:00","dateModified":"2026-02-18T11:54:20+00:00","breadcrumb":{"@id":"https:\/\/www.amstelprinting.nl\/de\/gesch\u00e4ft\/innere\/haus-gastronomie\/acousticpro-trennwande\/#breadcrumb"},"inLanguage":"de","potentialAction":[{"@type":"ReadAction","target":["https:\/\/www.amstelprinting.nl\/de\/gesch\u00e4ft\/innere\/haus-gastronomie\/acousticpro-trennwande\/"]}]},{"@type":"ImageObject","inLanguage":"de","@id":"https:\/\/www.amstelprinting.nl\/de\/gesch\u00e4ft\/innere\/haus-gastronomie\/acousticpro-trennwande\/#primaryimage","url":"https:\/\/www.amstelprinting.nl\/wp-content\/uploads\/AcousticPro-divider-bedrukken.png","contentUrl":"https:\/\/www.amstelprinting.nl\/wp-content\/uploads\/AcousticPro-divider-bedrukken.png","width":900,"height":900},{"@type":"BreadcrumbList","@id":"https:\/\/www.amstelprinting.nl\/de\/gesch\u00e4ft\/innere\/haus-gastronomie\/acousticpro-trennwande\/#breadcrumb","itemListElement":[{"@type":"ListItem","position":1,"name":"","item":"https:\/\/www.amstelprinting.nl\/de\/"},{"@type":"ListItem","position":2,"name":"Amstel Printing","item":"https:\/\/www.amstelprinting.nl\/de\/geschaeft\/"},{"@type":"ListItem","position":3,"name":"Innenwerbung","item":"https:\/\/www.amstelprinting.nl\/de\/kategorie\/innenwerbung\/"},{"@type":"ListItem","position":4,"name":"Gastfreundschaft","item":"https:\/\/www.amstelprinting.nl\/de\/kategorie\/innenwerbung\/gastfreundschaft\/"},{"@type":"ListItem","position":5,"name":"AcousticPro\u00ae Trennw\u00e4nde"}]},{"@type":"WebSite","@id":"https:\/\/www.amstelprinting.nl\/de\/#website","url":"https:\/\/www.amstelprinting.nl\/de\/","name":"Amstel Printing","description":"Creating Exposure","publisher":{"@id":"https:\/\/www.amstelprinting.nl\/de\/#organization"},"potentialAction":[{"@type":"SearchAction","target":{"@type":"EntryPoint","urlTemplate":"https:\/\/www.amstelprinting.nl\/de\/?s={search_term_string}"},"query-input":{"@type":"PropertyValueSpecification","valueRequired":true,"valueName":"search_term_string"}}],"inLanguage":"de"},{"@type":"Organization","@id":"https:\/\/www.amstelprinting.nl\/de\/#organization","name":"Amstel Printing","url":"https:\/\/www.amstelprinting.nl\/de\/","logo":{"@type":"ImageObject","inLanguage":"de","@id":"https:\/\/www.amstelprinting.nl\/de\/#\/schema\/logo\/image\/","url":"https:\/\/www.amstelprinting.nl\/wp-content\/uploads\/amstel_printing_logo_clean.png","contentUrl":"https:\/\/www.amstelprinting.nl\/wp-content\/uploads\/amstel_printing_logo_clean.png","width":324,"height":73,"caption":"Amstel Printing"},"image":{"@id":"https:\/\/www.amstelprinting.nl\/de\/#\/schema\/logo\/image\/"}}]}},"_links":{"self":[{"href":"https:\/\/www.amstelprinting.nl\/de\/wp-json\/wp\/v2\/product\/15084","targetHints":{"allow":["GET"]}}],"collection":[{"href":"https:\/\/www.amstelprinting.nl\/de\/wp-json\/wp\/v2\/product"}],"about":[{"href":"https:\/\/www.amstelprinting.nl\/de\/wp-json\/wp\/v2\/types\/product"}],"wp:featuredmedia":[{"embeddable":true,"href":"https:\/\/www.amstelprinting.nl\/de\/wp-json\/wp\/v2\/media\/15085"}],"wp:attachment":[{"href":"https:\/\/www.amstelprinting.nl\/de\/wp-json\/wp\/v2\/media?parent=15084"}],"wp:term":[{"taxonomy":"product_brand","embeddable":true,"href":"https:\/\/www.amstelprinting.nl\/de\/wp-json\/wp\/v2\/product_brand?post=15084"},{"taxonomy":"product_cat","embeddable":true,"href":"https:\/\/www.amstelprinting.nl\/de\/wp-json\/wp\/v2\/product_cat?post=15084"},{"taxonomy":"product_tag","embeddable":true,"href":"https:\/\/www.amstelprinting.nl\/de\/wp-json\/wp\/v2\/product_tag?post=15084"}],"curies":[{"name":"wp","href":"https:\/\/api.w.org\/{rel}","templated":true}]}}