{"id":15094,"date":"2025-01-24T11:23:42","date_gmt":"2025-01-24T10:23:42","guid":{"rendered":"https:\/\/www.amstelprinting.nl\/winkel\/unkategorisiert\/posters\/"},"modified":"2026-02-18T12:54:21","modified_gmt":"2026-02-18T11:54:21","slug":"poster","status":"publish","type":"product","link":"https:\/\/www.amstelprinting.nl\/de\/gesch\u00e4ft\/innenwerbung\/einzelhandel\/poster\/","title":{"rendered":"Poster"},"content":{"rendered":"<h3>Warum Poster drucken lassen<\/h3>\n<ul>\n<li>Hochwertige Drucke<\/li>\n<li>In 16 Formaten erh\u00e4ltlich<\/li>\n<li>Auswahl aus 11 verschiedenen Papiersorten<\/li>\n<li>Ein- oder beidseitig bedruckbar<\/li>\n<li>Wir garantieren eine extra hohe Aufl\u00f6sung (1625 DPI) bei Formaten bis zu 50 x 70 cm<\/li>\n<\/ul>\n<p>&nbsp;<\/p>\n<h3>Poster bestellen<\/h3>\n<p>Ob Sie nach einer auff\u00e4lligen M\u00f6glichkeit suchen, Ihre Botschaft zu vermitteln oder Ihre Inneneinrichtung zu versch\u00f6nern, unsere Poster bieten die perfekte L\u00f6sung. Von kleinen, subtilen Drucken bis hin zu gro\u00dfen, beeindruckenden Designs \u2013 wir haben alles. Mit unseren umfangreichen Optionen k\u00f6nnen Sie genau das Poster zusammenstellen, das all Ihren W\u00fcnschen entspricht. Unsere Poster kombinieren hohe Qualit\u00e4t mit g\u00fcnstigen Preisen. Sie erhalten einen Gegenwert f\u00fcr Ihr Geld, mit einem Produkt, das nicht nur wundersch\u00f6n aussieht, sondern auch lange h\u00e4lt. Wir legen gro\u00dfen Wert auf Qualit\u00e4t, damit Sie sich immer wieder auf perfekte Ausdrucke verlassen k\u00f6nnen.<\/p>\n<h3>Posterformate<\/h3>\n<p>Unsere Poster sind in 16 verschiedenen Formaten erh\u00e4ltlich, vom kompakten A4 bis zum beeindruckenden Abri-Format. Egal, ob Sie ein kleines Poster f\u00fcr eine gem\u00fctliche Ecke oder ein gro\u00dfes Poster f\u00fcr ein Statement suchen, wir haben das richtige Format f\u00fcr Sie.<\/p>\n<h3>Standardm\u00e4\u00dfige kleine Posterformate<\/h3>\n<ul>\n<li>A4 (21 x 29,7 cm)<\/li>\n<li>A3 (29,7 x 42 cm)<\/li>\n<li>A2 (42 x 59,4 cm)<\/li>\n<li>B2 (50 x 70 cm)<\/li>\n<li>20 x 30 cm<\/li>\n<li>20 x 40 cm<\/li>\n<li>30 x 30 cm<\/li>\n<li>30 x 40 cm<\/li>\n<li>40 x 40 cm<\/li>\n<li>40 x 50 cm<\/li>\n<li>40 x 60 cm<\/li>\n<\/ul>\n<p>&nbsp;<\/p>\n<h3>Standardm\u00e4\u00dfige gro\u00dfe Posterformate<\/h3>\n<ul>\n<li>A1 (59,4 x 84 cm)<\/li>\n<li>A0 (84 x 118,9 cm)<\/li>\n<li>Abri (118,5 x 175 cm)<\/li>\n<li>B1 (70 x 100 cm)<\/li>\n<li>B0v (100 x 140 cm)<\/li>\n<\/ul>\n<p>&nbsp;<\/p>\n<h3>Papiersorten f\u00fcr Poster<\/h3>\n<p>W\u00e4hlen Sie aus 11 verschiedenen Papiersorten, die perfekt auf Ihre spezifischen Bed\u00fcrfnisse zugeschnitten sind. Von klassisch matt bis gl\u00e4nzend und sogar wasserabweisenden Sorten f\u00fcr den Au\u00dfenbereich. Ihr Poster wird immer frisch und professionell aussehen, unabh\u00e4ngig von den Umst\u00e4nden.<\/p>\n<ul>\n<li><strong>Posterpapier<\/strong> &#8211; Hochwertiges, 100 % recycelbares holzfreies Papier. Das Papier ist nicht wasserabweisend.<\/li>\n<li><strong>Blueback-Papier <\/strong>&#8211; Posterpapier mit hoher Opazit\u00e4t. Das Papier ist begrenzt wasserabweisend.<\/li>\n<li><strong>Backlit-Polyester<\/strong> &#8211; Poster f\u00fcr beleuchtete Abris oder Leuchtk\u00e4sten<\/li>\n<li><strong>Biotop Natur<\/strong> &#8211; Biotop ist eine ungestrichene, cremefarbene Papiersorte, die gut beschreib- und bestempelbar ist. Erh\u00e4ltlich in 250 g\/m\u00b2.<\/li>\n<li><strong>Holzfrei satiniert MC (Glanz)<\/strong> &#8211; Holzfrei satiniertes Machine Coated hat eine gl\u00e4nzende Streichschicht und ist nicht gut beschreib- oder stempelbar. Erh\u00e4ltlich in 135 g\/m\u00b2, 170 g\/m\u00b2 und 250 g\/m\u00b2.<\/li>\n<li><strong>Holzfrei halbmatt MC (Silk)<\/strong> &#8211; Holzfrei halbmatte Machine Coated hat eine matte Streichschicht und ist nicht gut beschreib- oder stempelbar. Erh\u00e4ltlich in 135 g\/m\u00b2 und 250 g\/m\u00b2.<\/li>\n<li><strong>Synaps<\/strong> &#8211; Synaps ist synthetisch und dadurch rei\u00dffest, wasserbest\u00e4ndig und in hohem Ma\u00dfe UV-best\u00e4ndig. F\u00fcr den Au\u00dfenbereich geeignet und nicht gut beschreib- oder stempelbar. Erh\u00e4ltlich in 300 g\/m\u00b2.<\/li>\n<li><strong>HVO wei\u00df<\/strong> &#8211; Holzfrei Offset wei\u00df ist eine ungestrichene Papiersorte, die gut beschreib- und bestempelbar ist. Erh\u00e4ltlich in 170 g\/m\u00b2.<\/li>\n<\/ul>\n<p>&nbsp;<\/p>\n<h3>Druckoptionen f\u00fcr Poster<\/h3>\n<p>W\u00e4hlen Sie zwischen einseitigem oder beidseitigem Druck, je nach Ihren Vorlieben und der gew\u00fcnschten Sichtbarkeit. Mit hochwertigen Drucktechniken garantieren wir scharfe Details und lebendige Farben, die Ihr Design zum Leben erwecken. Ob Sie ein einzelnes Poster oder eine gro\u00dfe Auflage f\u00fcr eine Veranstaltung oder Promotion ben\u00f6tigen, wir k\u00f6nnen Ihre Bed\u00fcrfnisse erf\u00fcllen. Flexibilit\u00e4t in der Auflage ist eine unserer St\u00e4rken, wodurch wir jede Bestellung nach Ma\u00df liefern k\u00f6nnen.<\/p>\n<h3>Zubeh\u00f6r<\/h3>\n<p>Verleihen Sie Ihrem Poster mit unserem Posterh\u00e4nger aus Eiche einen eleganten letzten Schliff. Dieses Zubeh\u00f6r verleiht Ihrem Poster eine nat\u00fcrliche und moderne Ausstrahlung, wodurch es noch mehr ins Auge f\u00e4llt.<\/p>\n<p>Bereit, Ihre Botschaft auf beeindruckende Weise zu pr\u00e4sentieren? Unsere Poster bieten die perfekte Kombination aus Qualit\u00e4t, Vielseitigkeit und Erschwinglichkeit. Ob f\u00fcr Promotion, Dekoration oder Information, mit unseren Postern treffen Sie immer die richtige Wahl. Lassen Sie Ihrer Kreativit\u00e4t freien Lauf und schaffen Sie ein visuelles Meisterwerk, das jedem auffallen wird.<\/p>\n","protected":false},"excerpt":{"rendered":"<h3>Gestochen scharfe Drucke. In verschiedenen Formaten erh\u00e4ltlich<\/h3>\n<p>Poster werden seit mehr als hundert Jahren als Werbemittel eingesetzt. Urspr\u00fcnglich nur mit Text, wurden sie sp\u00e4ter durch Abbildungen erg\u00e4nzt. Bis heute bleiben Poster eine der beliebtesten, vielseitigsten und kosteng\u00fcnstigsten Arten der Werbung. Bei Amstel Printing k\u00f6nnen Sie aus mehr als 16 verschiedenen Formaten und 11 verschiedenen Papiersorten w\u00e4hlen. Konfigurieren Sie Ihr Poster in wenigen Schritten nach Ihren W\u00fcnschen.<\/p>\n","protected":false},"featured_media":15095,"template":"","meta":{"_et_pb_use_builder":"","_et_pb_old_content":"","_et_gb_content_width":""},"product_brand":[],"product_cat":[313,933,931,907,952],"product_tag":[],"class_list":{"0":"post-15094","1":"product","2":"type-product","3":"status-publish","4":"has-post-thumbnail","6":"product_cat-aufkleber-und-druck","7":"product_cat-drucken","8":"product_cat-einzelhandel","9":"product_cat-innenwerbung","10":"product_cat-poster","12":"first","13":"instock","14":"taxable","15":"shipping-taxable","16":"purchasable","17":"product-type-simple"},"yoast_head":"<!-- This site is optimized with the Yoast SEO plugin v27.3 - https:\/\/yoast.com\/product\/yoast-seo-wordpress\/ -->\n<title>Schnelle Lieferung von Postern in 16 Formaten | Gestochen scharfe Drucke innerhalb von 1 Tag<\/title>\n<meta name=\"description\" content=\"Bestellen Sie professionelle Poster mit einer Auswahl aus 16 Formaten und 11 Papiersorten. Ein- oder beidseitig bedruckt, scharfe Aufl\u00f6sung und schnelle Lieferung.\" \/>\n<meta name=\"robots\" content=\"index, follow, max-snippet:-1, max-image-preview:large, max-video-preview:-1\" \/>\n<link rel=\"canonical\" href=\"https:\/\/www.amstelprinting.nl\/de\/gesch\u00e4ft\/innenwerbung\/einzelhandel\/poster\/\" \/>\n<meta property=\"og:locale\" content=\"de_DE\" \/>\n<meta property=\"og:type\" content=\"article\" \/>\n<meta property=\"og:title\" content=\"Schnelle Lieferung von Postern in 16 Formaten | Gestochen scharfe Drucke innerhalb von 1 Tag\" \/>\n<meta property=\"og:description\" content=\"Bestellen Sie professionelle Poster mit einer Auswahl aus 16 Formaten und 11 Papiersorten. Ein- oder beidseitig bedruckt, scharfe Aufl\u00f6sung und schnelle Lieferung.\" \/>\n<meta property=\"og:url\" content=\"https:\/\/www.amstelprinting.nl\/de\/gesch\u00e4ft\/innenwerbung\/einzelhandel\/poster\/\" \/>\n<meta property=\"og:site_name\" content=\"Amstel Printing\" \/>\n<meta property=\"article:modified_time\" content=\"2026-02-18T11:54:21+00:00\" \/>\n<meta property=\"og:image\" content=\"https:\/\/www.amstelprinting.nl\/wp-content\/uploads\/Posters.jpg\" \/>\n\t<meta property=\"og:image:width\" content=\"700\" \/>\n\t<meta property=\"og:image:height\" content=\"700\" \/>\n\t<meta property=\"og:image:type\" content=\"image\/jpeg\" \/>\n<meta name=\"twitter:card\" content=\"summary_large_image\" \/>\n<meta name=\"twitter:label1\" content=\"Gesch\u00e4tzte Lesezeit\" \/>\n\t<meta name=\"twitter:data1\" content=\"3\u00a0Minuten\" \/>\n<script type=\"application\/ld+json\" class=\"yoast-schema-graph\">{\"@context\":\"https:\\\/\\\/schema.org\",\"@graph\":[{\"@type\":\"WebPage\",\"@id\":\"https:\\\/\\\/www.amstelprinting.nl\\\/de\\\/gesch\u00e4ft\\\/innenwerbung\\\/einzelhandel\\\/poster\\\/\",\"url\":\"https:\\\/\\\/www.amstelprinting.nl\\\/de\\\/gesch\u00e4ft\\\/innenwerbung\\\/einzelhandel\\\/poster\\\/\",\"name\":\"Schnelle Lieferung von Postern in 16 Formaten | Gestochen scharfe Drucke innerhalb von 1 Tag\",\"isPartOf\":{\"@id\":\"https:\\\/\\\/www.amstelprinting.nl\\\/de\\\/#website\"},\"primaryImageOfPage\":{\"@id\":\"https:\\\/\\\/www.amstelprinting.nl\\\/de\\\/gesch\u00e4ft\\\/innenwerbung\\\/einzelhandel\\\/poster\\\/#primaryimage\"},\"image\":{\"@id\":\"https:\\\/\\\/www.amstelprinting.nl\\\/de\\\/gesch\u00e4ft\\\/innenwerbung\\\/einzelhandel\\\/poster\\\/#primaryimage\"},\"thumbnailUrl\":\"https:\\\/\\\/www.amstelprinting.nl\\\/wp-content\\\/uploads\\\/Posters.jpg\",\"datePublished\":\"2025-01-24T10:23:42+00:00\",\"dateModified\":\"2026-02-18T11:54:21+00:00\",\"description\":\"Bestellen Sie professionelle Poster mit einer Auswahl aus 16 Formaten und 11 Papiersorten. Ein- oder beidseitig bedruckt, scharfe Aufl\u00f6sung und schnelle Lieferung.\",\"breadcrumb\":{\"@id\":\"https:\\\/\\\/www.amstelprinting.nl\\\/de\\\/gesch\u00e4ft\\\/innenwerbung\\\/einzelhandel\\\/poster\\\/#breadcrumb\"},\"inLanguage\":\"de\",\"potentialAction\":[{\"@type\":\"ReadAction\",\"target\":[\"https:\\\/\\\/www.amstelprinting.nl\\\/de\\\/gesch\u00e4ft\\\/innenwerbung\\\/einzelhandel\\\/poster\\\/\"]}]},{\"@type\":\"ImageObject\",\"inLanguage\":\"de\",\"@id\":\"https:\\\/\\\/www.amstelprinting.nl\\\/de\\\/gesch\u00e4ft\\\/innenwerbung\\\/einzelhandel\\\/poster\\\/#primaryimage\",\"url\":\"https:\\\/\\\/www.amstelprinting.nl\\\/wp-content\\\/uploads\\\/Posters.jpg\",\"contentUrl\":\"https:\\\/\\\/www.amstelprinting.nl\\\/wp-content\\\/uploads\\\/Posters.jpg\",\"width\":700,\"height\":700},{\"@type\":\"BreadcrumbList\",\"@id\":\"https:\\\/\\\/www.amstelprinting.nl\\\/de\\\/gesch\u00e4ft\\\/innenwerbung\\\/einzelhandel\\\/poster\\\/#breadcrumb\",\"itemListElement\":[{\"@type\":\"ListItem\",\"position\":1,\"name\":\"\",\"item\":\"https:\\\/\\\/www.amstelprinting.nl\\\/de\\\/\"},{\"@type\":\"ListItem\",\"position\":2,\"name\":\"Amstel Printing\",\"item\":\"https:\\\/\\\/www.amstelprinting.nl\\\/de\\\/geschaeft\\\/\"},{\"@type\":\"ListItem\",\"position\":3,\"name\":\"Innenwerbung\",\"item\":\"https:\\\/\\\/www.amstelprinting.nl\\\/de\\\/kategorie\\\/innenwerbung\\\/\"},{\"@type\":\"ListItem\",\"position\":4,\"name\":\"Einzelhandel\",\"item\":\"https:\\\/\\\/www.amstelprinting.nl\\\/de\\\/kategorie\\\/innenwerbung\\\/einzelhandel\\\/\"},{\"@type\":\"ListItem\",\"position\":5,\"name\":\"Poster\"}]},{\"@type\":\"WebSite\",\"@id\":\"https:\\\/\\\/www.amstelprinting.nl\\\/de\\\/#website\",\"url\":\"https:\\\/\\\/www.amstelprinting.nl\\\/de\\\/\",\"name\":\"Amstel Printing\",\"description\":\"Creating Exposure\",\"publisher\":{\"@id\":\"https:\\\/\\\/www.amstelprinting.nl\\\/de\\\/#organization\"},\"potentialAction\":[{\"@type\":\"SearchAction\",\"target\":{\"@type\":\"EntryPoint\",\"urlTemplate\":\"https:\\\/\\\/www.amstelprinting.nl\\\/de\\\/?s={search_term_string}\"},\"query-input\":{\"@type\":\"PropertyValueSpecification\",\"valueRequired\":true,\"valueName\":\"search_term_string\"}}],\"inLanguage\":\"de\"},{\"@type\":\"Organization\",\"@id\":\"https:\\\/\\\/www.amstelprinting.nl\\\/de\\\/#organization\",\"name\":\"Amstel Printing\",\"url\":\"https:\\\/\\\/www.amstelprinting.nl\\\/de\\\/\",\"logo\":{\"@type\":\"ImageObject\",\"inLanguage\":\"de\",\"@id\":\"https:\\\/\\\/www.amstelprinting.nl\\\/de\\\/#\\\/schema\\\/logo\\\/image\\\/\",\"url\":\"https:\\\/\\\/www.amstelprinting.nl\\\/wp-content\\\/uploads\\\/amstel_printing_logo_clean.png\",\"contentUrl\":\"https:\\\/\\\/www.amstelprinting.nl\\\/wp-content\\\/uploads\\\/amstel_printing_logo_clean.png\",\"width\":324,\"height\":73,\"caption\":\"Amstel Printing\"},\"image\":{\"@id\":\"https:\\\/\\\/www.amstelprinting.nl\\\/de\\\/#\\\/schema\\\/logo\\\/image\\\/\"}}]}<\/script>\n<!-- \/ Yoast SEO plugin. -->","yoast_head_json":{"title":"Schnelle Lieferung von Postern in 16 Formaten | Gestochen scharfe Drucke innerhalb von 1 Tag","description":"Bestellen Sie professionelle Poster mit einer Auswahl aus 16 Formaten und 11 Papiersorten. Ein- oder beidseitig bedruckt, scharfe Aufl\u00f6sung und schnelle Lieferung.","robots":{"index":"index","follow":"follow","max-snippet":"max-snippet:-1","max-image-preview":"max-image-preview:large","max-video-preview":"max-video-preview:-1"},"canonical":"https:\/\/www.amstelprinting.nl\/de\/gesch\u00e4ft\/innenwerbung\/einzelhandel\/poster\/","og_locale":"de_DE","og_type":"article","og_title":"Schnelle Lieferung von Postern in 16 Formaten | Gestochen scharfe Drucke innerhalb von 1 Tag","og_description":"Bestellen Sie professionelle Poster mit einer Auswahl aus 16 Formaten und 11 Papiersorten. Ein- oder beidseitig bedruckt, scharfe Aufl\u00f6sung und schnelle Lieferung.","og_url":"https:\/\/www.amstelprinting.nl\/de\/gesch\u00e4ft\/innenwerbung\/einzelhandel\/poster\/","og_site_name":"Amstel Printing","article_modified_time":"2026-02-18T11:54:21+00:00","og_image":[{"width":700,"height":700,"url":"https:\/\/www.amstelprinting.nl\/wp-content\/uploads\/Posters.jpg","type":"image\/jpeg"}],"twitter_card":"summary_large_image","twitter_misc":{"Gesch\u00e4tzte Lesezeit":"3\u00a0Minuten"},"schema":{"@context":"https:\/\/schema.org","@graph":[{"@type":"WebPage","@id":"https:\/\/www.amstelprinting.nl\/de\/gesch\u00e4ft\/innenwerbung\/einzelhandel\/poster\/","url":"https:\/\/www.amstelprinting.nl\/de\/gesch\u00e4ft\/innenwerbung\/einzelhandel\/poster\/","name":"Schnelle Lieferung von Postern in 16 Formaten | Gestochen scharfe Drucke innerhalb von 1 Tag","isPartOf":{"@id":"https:\/\/www.amstelprinting.nl\/de\/#website"},"primaryImageOfPage":{"@id":"https:\/\/www.amstelprinting.nl\/de\/gesch\u00e4ft\/innenwerbung\/einzelhandel\/poster\/#primaryimage"},"image":{"@id":"https:\/\/www.amstelprinting.nl\/de\/gesch\u00e4ft\/innenwerbung\/einzelhandel\/poster\/#primaryimage"},"thumbnailUrl":"https:\/\/www.amstelprinting.nl\/wp-content\/uploads\/Posters.jpg","datePublished":"2025-01-24T10:23:42+00:00","dateModified":"2026-02-18T11:54:21+00:00","description":"Bestellen Sie professionelle Poster mit einer Auswahl aus 16 Formaten und 11 Papiersorten. Ein- oder beidseitig bedruckt, scharfe Aufl\u00f6sung und schnelle Lieferung.","breadcrumb":{"@id":"https:\/\/www.amstelprinting.nl\/de\/gesch\u00e4ft\/innenwerbung\/einzelhandel\/poster\/#breadcrumb"},"inLanguage":"de","potentialAction":[{"@type":"ReadAction","target":["https:\/\/www.amstelprinting.nl\/de\/gesch\u00e4ft\/innenwerbung\/einzelhandel\/poster\/"]}]},{"@type":"ImageObject","inLanguage":"de","@id":"https:\/\/www.amstelprinting.nl\/de\/gesch\u00e4ft\/innenwerbung\/einzelhandel\/poster\/#primaryimage","url":"https:\/\/www.amstelprinting.nl\/wp-content\/uploads\/Posters.jpg","contentUrl":"https:\/\/www.amstelprinting.nl\/wp-content\/uploads\/Posters.jpg","width":700,"height":700},{"@type":"BreadcrumbList","@id":"https:\/\/www.amstelprinting.nl\/de\/gesch\u00e4ft\/innenwerbung\/einzelhandel\/poster\/#breadcrumb","itemListElement":[{"@type":"ListItem","position":1,"name":"","item":"https:\/\/www.amstelprinting.nl\/de\/"},{"@type":"ListItem","position":2,"name":"Amstel Printing","item":"https:\/\/www.amstelprinting.nl\/de\/geschaeft\/"},{"@type":"ListItem","position":3,"name":"Innenwerbung","item":"https:\/\/www.amstelprinting.nl\/de\/kategorie\/innenwerbung\/"},{"@type":"ListItem","position":4,"name":"Einzelhandel","item":"https:\/\/www.amstelprinting.nl\/de\/kategorie\/innenwerbung\/einzelhandel\/"},{"@type":"ListItem","position":5,"name":"Poster"}]},{"@type":"WebSite","@id":"https:\/\/www.amstelprinting.nl\/de\/#website","url":"https:\/\/www.amstelprinting.nl\/de\/","name":"Amstel Printing","description":"Creating Exposure","publisher":{"@id":"https:\/\/www.amstelprinting.nl\/de\/#organization"},"potentialAction":[{"@type":"SearchAction","target":{"@type":"EntryPoint","urlTemplate":"https:\/\/www.amstelprinting.nl\/de\/?s={search_term_string}"},"query-input":{"@type":"PropertyValueSpecification","valueRequired":true,"valueName":"search_term_string"}}],"inLanguage":"de"},{"@type":"Organization","@id":"https:\/\/www.amstelprinting.nl\/de\/#organization","name":"Amstel Printing","url":"https:\/\/www.amstelprinting.nl\/de\/","logo":{"@type":"ImageObject","inLanguage":"de","@id":"https:\/\/www.amstelprinting.nl\/de\/#\/schema\/logo\/image\/","url":"https:\/\/www.amstelprinting.nl\/wp-content\/uploads\/amstel_printing_logo_clean.png","contentUrl":"https:\/\/www.amstelprinting.nl\/wp-content\/uploads\/amstel_printing_logo_clean.png","width":324,"height":73,"caption":"Amstel Printing"},"image":{"@id":"https:\/\/www.amstelprinting.nl\/de\/#\/schema\/logo\/image\/"}}]}},"_links":{"self":[{"href":"https:\/\/www.amstelprinting.nl\/de\/wp-json\/wp\/v2\/product\/15094","targetHints":{"allow":["GET"]}}],"collection":[{"href":"https:\/\/www.amstelprinting.nl\/de\/wp-json\/wp\/v2\/product"}],"about":[{"href":"https:\/\/www.amstelprinting.nl\/de\/wp-json\/wp\/v2\/types\/product"}],"wp:featuredmedia":[{"embeddable":true,"href":"https:\/\/www.amstelprinting.nl\/de\/wp-json\/wp\/v2\/media\/15095"}],"wp:attachment":[{"href":"https:\/\/www.amstelprinting.nl\/de\/wp-json\/wp\/v2\/media?parent=15094"}],"wp:term":[{"taxonomy":"product_brand","embeddable":true,"href":"https:\/\/www.amstelprinting.nl\/de\/wp-json\/wp\/v2\/product_brand?post=15094"},{"taxonomy":"product_cat","embeddable":true,"href":"https:\/\/www.amstelprinting.nl\/de\/wp-json\/wp\/v2\/product_cat?post=15094"},{"taxonomy":"product_tag","embeddable":true,"href":"https:\/\/www.amstelprinting.nl\/de\/wp-json\/wp\/v2\/product_tag?post=15094"}],"curies":[{"name":"wp","href":"https:\/\/api.w.org\/{rel}","templated":true}]}}