{"id":15104,"date":"2025-01-24T11:23:37","date_gmt":"2025-01-24T10:23:37","guid":{"rendered":"https:\/\/www.amstelprinting.nl\/winkel\/unkategorisiert\/de-inhaker-beursstand\/"},"modified":"2026-02-18T12:54:21","modified_gmt":"2026-02-18T11:54:21","slug":"de-inhaker-messestand","status":"publish","type":"product","link":"https:\/\/www.amstelprinting.nl\/de\/gesch\u00e4ft\/innenwerbung\/einzelhandel\/de-inhaker-messestand\/","title":{"rendered":"De Inhaker\u00ae Messestand"},"content":{"rendered":"<h3>Formate<\/h3>\n<p>Mit verschiedenen Konfigurationen und Abmessungen bietet der De Inhaker\u00ae Messestand zahlreiche M\u00f6glichkeiten. W\u00e4hlen Sie eine gerade R\u00fcckwand in Breiten von 300 cm, 400 cm oder 600 cm. Haben Sie einen Eckstand? Dann sind die L-W\u00e4nde in 300 x 400 cm und 300 x 600 cm perfekt. F\u00fcr einen umfangreicheren Stand k\u00f6nnen Sie die U-Form mit den Ma\u00dfen 300 x 400 x 300 cm und 300 x 600 x 300 cm w\u00e4hlen.<\/p>\n<h3>Materialien<\/h3>\n<p>Die Materialien sind von hoher Qualit\u00e4t: Der Inhaker ist aus schwarzem, recyceltem PVC gefertigt, und die Paneele sind in Forex, Multiplex (mit oder ohne White Wash), Re-Board und Easyprint erh\u00e4ltlich.<\/p>\n<ul>\n<li><strong>Forex<\/strong> ist ein stabiles und leichtes gesch\u00e4umtes PVC-Material, das f\u00fcr seine glatte und gleichm\u00e4\u00dfige Oberfl\u00e4che bekannt ist. Es ist ideal f\u00fcr scharfe und klare Drucke und bietet eine hervorragende Wetterbest\u00e4ndigkeit, wodurch es sowohl im Innen- als auch im Au\u00dfenbereich eingesetzt werden kann.<\/li>\n<li><strong>Multiplex<\/strong> besteht aus mehreren Schichten Holzfurnier, die kreuzweise miteinander verleimt sind. Dieses Material ist stark, langlebig und hat eine nat\u00fcrliche, warme Ausstrahlung. Sie k\u00f6nnen zwischen Multiplex mit oder ohne White Wash w\u00e4hlen.<\/li>\n<li><strong>Re-board<\/strong> ist ein innovatives und umweltfreundliches Material aus Karton. Es ist extrem leicht, aber dennoch sehr stark und steif. Re-board ist ideal f\u00fcr gro\u00dfe Drucke und Konstruktionen, da es einfach zu schneiden und zu formen ist.<\/li>\n<li><strong>Easyprint<\/strong> ist ein vielseitiges Material aus Polypropylen, das sich perfekt f\u00fcr hochwertige Drucke eignet. Es ist leicht und bietet eine glatte Oberfl\u00e4che f\u00fcr scharfe und lebendige Bilder.<\/li>\n<\/ul>\n<p>&nbsp;<br \/>\nMit unserer umfangreichen Auswahl an hochwertigen Materialien bietet der De Inhaker\u00ae Messestand die perfekte L\u00f6sung f\u00fcr Ihren n\u00e4chsten Messestand. W\u00e4hlen Sie stilvolle Drucke, Nachhaltigkeit und Flexibilit\u00e4t, alles verpackt in einer innovativen Pr\u00e4sentationsl\u00f6sung. Mit dem De Inhaker\u00ae Messestand treffen Sie immer die richtige Wahl f\u00fcr einen auff\u00e4lligen und professionellen Messestand!<\/p>\n","protected":false},"excerpt":{"rendered":"<h3>Ein kompletter Messestand. Modular erweiterbar.<\/h3>\n<p>Der De Inhaker\u00ae Messestand bietet die ultimative L\u00f6sung f\u00fcr einen vielseitigen und nachhaltigen Messestand. Entworpen, um alle Ihre Pr\u00e4sentationsw\u00fcnsche zu erf\u00fcllen, kombiniert diese innovative Messewand Flexibilit\u00e4t mit hochwertigen Materialien, sodass Ihr Messestand immer auff\u00e4llt. De Inhaker\u00ae ist als komplettes Set, einzelne Paneele oder einzelner Inhaker erh\u00e4ltlich, sodass Sie die volle Freiheit bei der Zusammenstellung Ihres Pr\u00e4sentationsdisplays haben.<\/p>\n","protected":false},"featured_media":15105,"template":"","meta":{"_et_pb_use_builder":"","_et_pb_old_content":"","_et_gb_content_width":""},"product_brand":[],"product_cat":[911,931,907,899],"product_tag":[],"class_list":{"0":"post-15104","1":"product","2":"type-product","3":"status-publish","4":"has-post-thumbnail","6":"product_cat-ausstellungswande","7":"product_cat-einzelhandel","8":"product_cat-innenwerbung","9":"product_cat-messe-event","11":"first","12":"instock","13":"taxable","14":"shipping-taxable","15":"purchasable","16":"product-type-simple"},"yoast_head":"<!-- This site is optimized with the Yoast SEO plugin v27.3 - https:\/\/yoast.com\/product\/yoast-seo-wordpress\/ -->\n<title>Professionellen Messestand kaufen \u2013 Flexibel, nachhaltig &amp; wirkungsvoll<\/title>\n<meta name=\"description\" content=\"Entdecken Sie den modularen Messestand mit gestochen scharfen UV-Drucken und recyceltem Material. Schnell auf- und abzubauen. Bestellen Sie jetzt Ihren idealen Messestand!\" \/>\n<meta name=\"robots\" content=\"index, follow, max-snippet:-1, max-image-preview:large, max-video-preview:-1\" \/>\n<link rel=\"canonical\" href=\"https:\/\/www.amstelprinting.nl\/de\/gesch\u00e4ft\/innenwerbung\/einzelhandel\/de-inhaker-messestand\/\" \/>\n<meta property=\"og:locale\" content=\"de_DE\" \/>\n<meta property=\"og:type\" content=\"article\" \/>\n<meta property=\"og:title\" content=\"Professionellen Messestand kaufen \u2013 Flexibel, nachhaltig &amp; wirkungsvoll\" \/>\n<meta property=\"og:description\" content=\"Entdecken Sie den modularen Messestand mit gestochen scharfen UV-Drucken und recyceltem Material. Schnell auf- und abzubauen. Bestellen Sie jetzt Ihren idealen Messestand!\" \/>\n<meta property=\"og:url\" content=\"https:\/\/www.amstelprinting.nl\/de\/gesch\u00e4ft\/innenwerbung\/einzelhandel\/de-inhaker-messestand\/\" \/>\n<meta property=\"og:site_name\" content=\"Amstel Printing\" \/>\n<meta property=\"article:modified_time\" content=\"2026-02-18T11:54:21+00:00\" \/>\n<meta property=\"og:image\" content=\"https:\/\/www.amstelprinting.nl\/wp-content\/uploads\/de-inhaker-bedrukken2.png\" \/>\n\t<meta property=\"og:image:width\" content=\"700\" \/>\n\t<meta property=\"og:image:height\" content=\"700\" \/>\n\t<meta property=\"og:image:type\" content=\"image\/png\" \/>\n<meta name=\"twitter:card\" content=\"summary_large_image\" \/>\n<meta name=\"twitter:label1\" content=\"Gesch\u00e4tzte Lesezeit\" \/>\n\t<meta name=\"twitter:data1\" content=\"2\u00a0Minuten\" \/>\n<script type=\"application\/ld+json\" class=\"yoast-schema-graph\">{\"@context\":\"https:\\\/\\\/schema.org\",\"@graph\":[{\"@type\":\"WebPage\",\"@id\":\"https:\\\/\\\/www.amstelprinting.nl\\\/de\\\/gesch\u00e4ft\\\/innenwerbung\\\/einzelhandel\\\/de-inhaker-messestand\\\/\",\"url\":\"https:\\\/\\\/www.amstelprinting.nl\\\/de\\\/gesch\u00e4ft\\\/innenwerbung\\\/einzelhandel\\\/de-inhaker-messestand\\\/\",\"name\":\"Professionellen Messestand kaufen \u2013 Flexibel, nachhaltig & wirkungsvoll\",\"isPartOf\":{\"@id\":\"https:\\\/\\\/www.amstelprinting.nl\\\/de\\\/#website\"},\"primaryImageOfPage\":{\"@id\":\"https:\\\/\\\/www.amstelprinting.nl\\\/de\\\/gesch\u00e4ft\\\/innenwerbung\\\/einzelhandel\\\/de-inhaker-messestand\\\/#primaryimage\"},\"image\":{\"@id\":\"https:\\\/\\\/www.amstelprinting.nl\\\/de\\\/gesch\u00e4ft\\\/innenwerbung\\\/einzelhandel\\\/de-inhaker-messestand\\\/#primaryimage\"},\"thumbnailUrl\":\"https:\\\/\\\/www.amstelprinting.nl\\\/wp-content\\\/uploads\\\/de-inhaker-bedrukken2.png\",\"datePublished\":\"2025-01-24T10:23:37+00:00\",\"dateModified\":\"2026-02-18T11:54:21+00:00\",\"description\":\"Entdecken Sie den modularen Messestand mit gestochen scharfen UV-Drucken und recyceltem Material. Schnell auf- und abzubauen. Bestellen Sie jetzt Ihren idealen Messestand!\",\"breadcrumb\":{\"@id\":\"https:\\\/\\\/www.amstelprinting.nl\\\/de\\\/gesch\u00e4ft\\\/innenwerbung\\\/einzelhandel\\\/de-inhaker-messestand\\\/#breadcrumb\"},\"inLanguage\":\"de\",\"potentialAction\":[{\"@type\":\"ReadAction\",\"target\":[\"https:\\\/\\\/www.amstelprinting.nl\\\/de\\\/gesch\u00e4ft\\\/innenwerbung\\\/einzelhandel\\\/de-inhaker-messestand\\\/\"]}]},{\"@type\":\"ImageObject\",\"inLanguage\":\"de\",\"@id\":\"https:\\\/\\\/www.amstelprinting.nl\\\/de\\\/gesch\u00e4ft\\\/innenwerbung\\\/einzelhandel\\\/de-inhaker-messestand\\\/#primaryimage\",\"url\":\"https:\\\/\\\/www.amstelprinting.nl\\\/wp-content\\\/uploads\\\/de-inhaker-bedrukken2.png\",\"contentUrl\":\"https:\\\/\\\/www.amstelprinting.nl\\\/wp-content\\\/uploads\\\/de-inhaker-bedrukken2.png\",\"width\":700,\"height\":700},{\"@type\":\"BreadcrumbList\",\"@id\":\"https:\\\/\\\/www.amstelprinting.nl\\\/de\\\/gesch\u00e4ft\\\/innenwerbung\\\/einzelhandel\\\/de-inhaker-messestand\\\/#breadcrumb\",\"itemListElement\":[{\"@type\":\"ListItem\",\"position\":1,\"name\":\"\",\"item\":\"https:\\\/\\\/www.amstelprinting.nl\\\/de\\\/\"},{\"@type\":\"ListItem\",\"position\":2,\"name\":\"Amstel Printing\",\"item\":\"https:\\\/\\\/www.amstelprinting.nl\\\/de\\\/geschaeft\\\/\"},{\"@type\":\"ListItem\",\"position\":3,\"name\":\"Innenwerbung\",\"item\":\"https:\\\/\\\/www.amstelprinting.nl\\\/de\\\/kategorie\\\/innenwerbung\\\/\"},{\"@type\":\"ListItem\",\"position\":4,\"name\":\"Einzelhandel\",\"item\":\"https:\\\/\\\/www.amstelprinting.nl\\\/de\\\/kategorie\\\/innenwerbung\\\/einzelhandel\\\/\"},{\"@type\":\"ListItem\",\"position\":5,\"name\":\"De Inhaker\u00ae Messestand\"}]},{\"@type\":\"WebSite\",\"@id\":\"https:\\\/\\\/www.amstelprinting.nl\\\/de\\\/#website\",\"url\":\"https:\\\/\\\/www.amstelprinting.nl\\\/de\\\/\",\"name\":\"Amstel Printing\",\"description\":\"Creating Exposure\",\"publisher\":{\"@id\":\"https:\\\/\\\/www.amstelprinting.nl\\\/de\\\/#organization\"},\"potentialAction\":[{\"@type\":\"SearchAction\",\"target\":{\"@type\":\"EntryPoint\",\"urlTemplate\":\"https:\\\/\\\/www.amstelprinting.nl\\\/de\\\/?s={search_term_string}\"},\"query-input\":{\"@type\":\"PropertyValueSpecification\",\"valueRequired\":true,\"valueName\":\"search_term_string\"}}],\"inLanguage\":\"de\"},{\"@type\":\"Organization\",\"@id\":\"https:\\\/\\\/www.amstelprinting.nl\\\/de\\\/#organization\",\"name\":\"Amstel Printing\",\"url\":\"https:\\\/\\\/www.amstelprinting.nl\\\/de\\\/\",\"logo\":{\"@type\":\"ImageObject\",\"inLanguage\":\"de\",\"@id\":\"https:\\\/\\\/www.amstelprinting.nl\\\/de\\\/#\\\/schema\\\/logo\\\/image\\\/\",\"url\":\"https:\\\/\\\/www.amstelprinting.nl\\\/wp-content\\\/uploads\\\/amstel_printing_logo_clean.png\",\"contentUrl\":\"https:\\\/\\\/www.amstelprinting.nl\\\/wp-content\\\/uploads\\\/amstel_printing_logo_clean.png\",\"width\":324,\"height\":73,\"caption\":\"Amstel Printing\"},\"image\":{\"@id\":\"https:\\\/\\\/www.amstelprinting.nl\\\/de\\\/#\\\/schema\\\/logo\\\/image\\\/\"}}]}<\/script>\n<!-- \/ Yoast SEO plugin. -->","yoast_head_json":{"title":"Professionellen Messestand kaufen \u2013 Flexibel, nachhaltig & wirkungsvoll","description":"Entdecken Sie den modularen Messestand mit gestochen scharfen UV-Drucken und recyceltem Material. Schnell auf- und abzubauen. Bestellen Sie jetzt Ihren idealen Messestand!","robots":{"index":"index","follow":"follow","max-snippet":"max-snippet:-1","max-image-preview":"max-image-preview:large","max-video-preview":"max-video-preview:-1"},"canonical":"https:\/\/www.amstelprinting.nl\/de\/gesch\u00e4ft\/innenwerbung\/einzelhandel\/de-inhaker-messestand\/","og_locale":"de_DE","og_type":"article","og_title":"Professionellen Messestand kaufen \u2013 Flexibel, nachhaltig & wirkungsvoll","og_description":"Entdecken Sie den modularen Messestand mit gestochen scharfen UV-Drucken und recyceltem Material. Schnell auf- und abzubauen. Bestellen Sie jetzt Ihren idealen Messestand!","og_url":"https:\/\/www.amstelprinting.nl\/de\/gesch\u00e4ft\/innenwerbung\/einzelhandel\/de-inhaker-messestand\/","og_site_name":"Amstel Printing","article_modified_time":"2026-02-18T11:54:21+00:00","og_image":[{"width":700,"height":700,"url":"https:\/\/www.amstelprinting.nl\/wp-content\/uploads\/de-inhaker-bedrukken2.png","type":"image\/png"}],"twitter_card":"summary_large_image","twitter_misc":{"Gesch\u00e4tzte Lesezeit":"2\u00a0Minuten"},"schema":{"@context":"https:\/\/schema.org","@graph":[{"@type":"WebPage","@id":"https:\/\/www.amstelprinting.nl\/de\/gesch\u00e4ft\/innenwerbung\/einzelhandel\/de-inhaker-messestand\/","url":"https:\/\/www.amstelprinting.nl\/de\/gesch\u00e4ft\/innenwerbung\/einzelhandel\/de-inhaker-messestand\/","name":"Professionellen Messestand kaufen \u2013 Flexibel, nachhaltig & wirkungsvoll","isPartOf":{"@id":"https:\/\/www.amstelprinting.nl\/de\/#website"},"primaryImageOfPage":{"@id":"https:\/\/www.amstelprinting.nl\/de\/gesch\u00e4ft\/innenwerbung\/einzelhandel\/de-inhaker-messestand\/#primaryimage"},"image":{"@id":"https:\/\/www.amstelprinting.nl\/de\/gesch\u00e4ft\/innenwerbung\/einzelhandel\/de-inhaker-messestand\/#primaryimage"},"thumbnailUrl":"https:\/\/www.amstelprinting.nl\/wp-content\/uploads\/de-inhaker-bedrukken2.png","datePublished":"2025-01-24T10:23:37+00:00","dateModified":"2026-02-18T11:54:21+00:00","description":"Entdecken Sie den modularen Messestand mit gestochen scharfen UV-Drucken und recyceltem Material. Schnell auf- und abzubauen. Bestellen Sie jetzt Ihren idealen Messestand!","breadcrumb":{"@id":"https:\/\/www.amstelprinting.nl\/de\/gesch\u00e4ft\/innenwerbung\/einzelhandel\/de-inhaker-messestand\/#breadcrumb"},"inLanguage":"de","potentialAction":[{"@type":"ReadAction","target":["https:\/\/www.amstelprinting.nl\/de\/gesch\u00e4ft\/innenwerbung\/einzelhandel\/de-inhaker-messestand\/"]}]},{"@type":"ImageObject","inLanguage":"de","@id":"https:\/\/www.amstelprinting.nl\/de\/gesch\u00e4ft\/innenwerbung\/einzelhandel\/de-inhaker-messestand\/#primaryimage","url":"https:\/\/www.amstelprinting.nl\/wp-content\/uploads\/de-inhaker-bedrukken2.png","contentUrl":"https:\/\/www.amstelprinting.nl\/wp-content\/uploads\/de-inhaker-bedrukken2.png","width":700,"height":700},{"@type":"BreadcrumbList","@id":"https:\/\/www.amstelprinting.nl\/de\/gesch\u00e4ft\/innenwerbung\/einzelhandel\/de-inhaker-messestand\/#breadcrumb","itemListElement":[{"@type":"ListItem","position":1,"name":"","item":"https:\/\/www.amstelprinting.nl\/de\/"},{"@type":"ListItem","position":2,"name":"Amstel Printing","item":"https:\/\/www.amstelprinting.nl\/de\/geschaeft\/"},{"@type":"ListItem","position":3,"name":"Innenwerbung","item":"https:\/\/www.amstelprinting.nl\/de\/kategorie\/innenwerbung\/"},{"@type":"ListItem","position":4,"name":"Einzelhandel","item":"https:\/\/www.amstelprinting.nl\/de\/kategorie\/innenwerbung\/einzelhandel\/"},{"@type":"ListItem","position":5,"name":"De Inhaker\u00ae Messestand"}]},{"@type":"WebSite","@id":"https:\/\/www.amstelprinting.nl\/de\/#website","url":"https:\/\/www.amstelprinting.nl\/de\/","name":"Amstel Printing","description":"Creating Exposure","publisher":{"@id":"https:\/\/www.amstelprinting.nl\/de\/#organization"},"potentialAction":[{"@type":"SearchAction","target":{"@type":"EntryPoint","urlTemplate":"https:\/\/www.amstelprinting.nl\/de\/?s={search_term_string}"},"query-input":{"@type":"PropertyValueSpecification","valueRequired":true,"valueName":"search_term_string"}}],"inLanguage":"de"},{"@type":"Organization","@id":"https:\/\/www.amstelprinting.nl\/de\/#organization","name":"Amstel Printing","url":"https:\/\/www.amstelprinting.nl\/de\/","logo":{"@type":"ImageObject","inLanguage":"de","@id":"https:\/\/www.amstelprinting.nl\/de\/#\/schema\/logo\/image\/","url":"https:\/\/www.amstelprinting.nl\/wp-content\/uploads\/amstel_printing_logo_clean.png","contentUrl":"https:\/\/www.amstelprinting.nl\/wp-content\/uploads\/amstel_printing_logo_clean.png","width":324,"height":73,"caption":"Amstel Printing"},"image":{"@id":"https:\/\/www.amstelprinting.nl\/de\/#\/schema\/logo\/image\/"}}]}},"_links":{"self":[{"href":"https:\/\/www.amstelprinting.nl\/de\/wp-json\/wp\/v2\/product\/15104","targetHints":{"allow":["GET"]}}],"collection":[{"href":"https:\/\/www.amstelprinting.nl\/de\/wp-json\/wp\/v2\/product"}],"about":[{"href":"https:\/\/www.amstelprinting.nl\/de\/wp-json\/wp\/v2\/types\/product"}],"wp:featuredmedia":[{"embeddable":true,"href":"https:\/\/www.amstelprinting.nl\/de\/wp-json\/wp\/v2\/media\/15105"}],"wp:attachment":[{"href":"https:\/\/www.amstelprinting.nl\/de\/wp-json\/wp\/v2\/media?parent=15104"}],"wp:term":[{"taxonomy":"product_brand","embeddable":true,"href":"https:\/\/www.amstelprinting.nl\/de\/wp-json\/wp\/v2\/product_brand?post=15104"},{"taxonomy":"product_cat","embeddable":true,"href":"https:\/\/www.amstelprinting.nl\/de\/wp-json\/wp\/v2\/product_cat?post=15104"},{"taxonomy":"product_tag","embeddable":true,"href":"https:\/\/www.amstelprinting.nl\/de\/wp-json\/wp\/v2\/product_tag?post=15104"}],"curies":[{"name":"wp","href":"https:\/\/api.w.org\/{rel}","templated":true}]}}