{"id":15114,"date":"2025-01-24T11:23:08","date_gmt":"2025-01-24T10:23:08","guid":{"rendered":"https:\/\/www.amstelprinting.nl\/winkel\/unkategorisiert\/plafondhanger\/"},"modified":"2026-02-18T12:54:22","modified_gmt":"2026-02-18T11:54:22","slug":"deckenhanger","status":"publish","type":"product","link":"https:\/\/www.amstelprinting.nl\/de\/gesch\u00e4ft\/innenwerbung\/einzelhandel\/deckenhanger\/","title":{"rendered":"Deckenh\u00e4nger"},"content":{"rendered":"<h3>Deckenh\u00e4nger bedrucken: W\u00e4hlen Sie aus 4 Materialien<\/h3>\n<p>Mit ma\u00dfgeschneiderten Optionen wie einseitiger oder doppelseitiger Pr\u00e4sentation k\u00f6nnen Sie Ihre Botschaft genau so pr\u00e4sentieren, wie Sie es m\u00f6chten. W\u00e4hlen Sie aus hochwertigen Materialien wie Sign Again, Displaykarton, Forex oder Hohlkammerplatte.<\/p>\n<p><strong>Sign Again\u00ae<\/strong> &#8211; Robustes und nachhaltiges Material, das ideal f\u00fcr den Langzeitgebrauch geeignet ist. Es bietet eine glatte Oberfl\u00e4che f\u00fcr gestochen scharfe Drucke und ist sowohl f\u00fcr den Innen- als auch f\u00fcr den Au\u00dfenbereich geeignet, schlagfest und biegsam. Sign Again\u00ae ist ein kreislauff\u00e4higes Material, das aus gebrauchten Bannern und Schnittabf\u00e4llen hergestellt wird.<\/p>\n<p><strong>Displaykarton<\/strong> &#8211; ein Vollkarton mit beidseitig wei\u00dfer Deckschicht. Das Material ist flexibel und f\u00fcr den Innenbereich geeignet.<\/p>\n<p><strong>Forex<\/strong> &#8211; auch bekannt als PVC-Hartschaumplatte, ist aufgrund seiner Leichtigkeit ein beliebtes Material. Geeignet f\u00fcr den Innenbereich.<br \/>\nHohlkammerplatte ist eine Kunststoffplatte, die sowohl f\u00fcr den Innen- als auch f\u00fcr den Au\u00dfenbereich geeignet ist.<\/p>\n<p><strong>Hohlkammerplatte<\/strong> &#8211; Kunststoff-Hohlkammerplatte f\u00fcr den Innen- und Au\u00dfenbereich. Auch zum Falten geeignet.<\/p>\n<h3>Verarbeitung<\/h3>\n<p>F\u00fcr die Verarbeitung k\u00f6nnen Sie w\u00e4hlen, den Deckenh\u00e4nger auf das gew\u00fcnschte Format oder in die Konturen Ihres Designs zuschneiden zu lassen. Au\u00dferdem haben Sie die M\u00f6glichkeit, Ihren Deckenh\u00e4nger mit Bohrl\u00f6chern zu versehen.<\/p>\n<h3>Zubeh\u00f6r<\/h3>\n<p>Um Ihren Deckenh\u00e4nger zu vervollst\u00e4ndigen, bieten wir verschiedenes Zubeh\u00f6r an. Mit den Deckenhaken oder der Deckenklemme h\u00e4ngen Sie das Schild im Handumdrehen auf.<\/p>\n","protected":false},"excerpt":{"rendered":"<h3>Paneel mit gestochen scharfem Druck. Zur Befestigung an der Decke.<\/h3>\n<p>Erh\u00f6hen Sie die Sichtbarkeit Ihrer Angebote oder vermitteln Sie Ihre Botschaft mit unserem vielseitigen Deckenh\u00e4nger, auch Deckenschild genannt. Ob Sonderaktionen, Werbeaktionen oder informative Botschaften \u2013 dieser H\u00e4nger ist darauf ausgelegt, sofort Aufmerksamkeit zu erregen. Das Format w\u00e4hlen Sie selbst. Konfigurieren Sie hier unten in wenigen Schritten Ihren bedruckten Deckenh\u00e4nger.<\/p>\n","protected":false},"featured_media":15115,"template":"","meta":{"_et_pb_use_builder":"","_et_pb_old_content":"","_et_gb_content_width":""},"product_brand":[],"product_cat":[931,907],"product_tag":[],"class_list":{"0":"post-15114","1":"product","2":"type-product","3":"status-publish","4":"has-post-thumbnail","6":"product_cat-einzelhandel","7":"product_cat-innenwerbung","9":"first","10":"instock","11":"taxable","12":"shipping-taxable","13":"purchasable","14":"product-type-simple"},"yoast_head":"<!-- This site is optimized with the Yoast SEO plugin v27.3 - https:\/\/yoast.com\/product\/yoast-seo-wordpress\/ -->\n<title>Deckenh\u00e4nger bestellen mit schneller Lieferung | Ma\u00dfgeschneiderte Qualit\u00e4t<\/title>\n<meta name=\"description\" content=\"Bestellen Sie einen professionellen Deckenh\u00e4nger. W\u00e4hlen Sie aus vier nachhaltigen Materialien, ein- oder doppelseitig bedruckt. Lieferung in ganz Europa\" \/>\n<meta name=\"robots\" content=\"index, follow, max-snippet:-1, max-image-preview:large, max-video-preview:-1\" \/>\n<link rel=\"canonical\" href=\"https:\/\/www.amstelprinting.nl\/de\/gesch\u00e4ft\/innenwerbung\/einzelhandel\/deckenhanger\/\" \/>\n<meta property=\"og:locale\" content=\"de_DE\" \/>\n<meta property=\"og:type\" content=\"article\" \/>\n<meta property=\"og:title\" content=\"Deckenh\u00e4nger bestellen mit schneller Lieferung | Ma\u00dfgeschneiderte Qualit\u00e4t\" \/>\n<meta property=\"og:description\" content=\"Bestellen Sie einen professionellen Deckenh\u00e4nger. W\u00e4hlen Sie aus vier nachhaltigen Materialien, ein- oder doppelseitig bedruckt. Lieferung in ganz Europa\" \/>\n<meta property=\"og:url\" content=\"https:\/\/www.amstelprinting.nl\/de\/gesch\u00e4ft\/innenwerbung\/einzelhandel\/deckenhanger\/\" \/>\n<meta property=\"og:site_name\" content=\"Amstel Printing\" \/>\n<meta property=\"article:modified_time\" content=\"2026-02-18T11:54:22+00:00\" \/>\n<meta property=\"og:image\" content=\"https:\/\/www.amstelprinting.nl\/wp-content\/uploads\/plafondhanger-bedrukken.png\" \/>\n\t<meta property=\"og:image:width\" content=\"900\" \/>\n\t<meta property=\"og:image:height\" content=\"900\" \/>\n\t<meta property=\"og:image:type\" content=\"image\/png\" \/>\n<meta name=\"twitter:card\" content=\"summary_large_image\" \/>\n<meta name=\"twitter:label1\" content=\"Gesch\u00e4tzte Lesezeit\" \/>\n\t<meta name=\"twitter:data1\" content=\"1\u00a0Minute\" \/>\n<script type=\"application\/ld+json\" class=\"yoast-schema-graph\">{\"@context\":\"https:\\\/\\\/schema.org\",\"@graph\":[{\"@type\":\"WebPage\",\"@id\":\"https:\\\/\\\/www.amstelprinting.nl\\\/de\\\/gesch\u00e4ft\\\/innenwerbung\\\/einzelhandel\\\/deckenhanger\\\/\",\"url\":\"https:\\\/\\\/www.amstelprinting.nl\\\/de\\\/gesch\u00e4ft\\\/innenwerbung\\\/einzelhandel\\\/deckenhanger\\\/\",\"name\":\"Deckenh\u00e4nger bestellen mit schneller Lieferung | Ma\u00dfgeschneiderte Qualit\u00e4t\",\"isPartOf\":{\"@id\":\"https:\\\/\\\/www.amstelprinting.nl\\\/de\\\/#website\"},\"primaryImageOfPage\":{\"@id\":\"https:\\\/\\\/www.amstelprinting.nl\\\/de\\\/gesch\u00e4ft\\\/innenwerbung\\\/einzelhandel\\\/deckenhanger\\\/#primaryimage\"},\"image\":{\"@id\":\"https:\\\/\\\/www.amstelprinting.nl\\\/de\\\/gesch\u00e4ft\\\/innenwerbung\\\/einzelhandel\\\/deckenhanger\\\/#primaryimage\"},\"thumbnailUrl\":\"https:\\\/\\\/www.amstelprinting.nl\\\/wp-content\\\/uploads\\\/plafondhanger-bedrukken.png\",\"datePublished\":\"2025-01-24T10:23:08+00:00\",\"dateModified\":\"2026-02-18T11:54:22+00:00\",\"description\":\"Bestellen Sie einen professionellen Deckenh\u00e4nger. W\u00e4hlen Sie aus vier nachhaltigen Materialien, ein- oder doppelseitig bedruckt. Lieferung in ganz Europa\",\"breadcrumb\":{\"@id\":\"https:\\\/\\\/www.amstelprinting.nl\\\/de\\\/gesch\u00e4ft\\\/innenwerbung\\\/einzelhandel\\\/deckenhanger\\\/#breadcrumb\"},\"inLanguage\":\"de\",\"potentialAction\":[{\"@type\":\"ReadAction\",\"target\":[\"https:\\\/\\\/www.amstelprinting.nl\\\/de\\\/gesch\u00e4ft\\\/innenwerbung\\\/einzelhandel\\\/deckenhanger\\\/\"]}]},{\"@type\":\"ImageObject\",\"inLanguage\":\"de\",\"@id\":\"https:\\\/\\\/www.amstelprinting.nl\\\/de\\\/gesch\u00e4ft\\\/innenwerbung\\\/einzelhandel\\\/deckenhanger\\\/#primaryimage\",\"url\":\"https:\\\/\\\/www.amstelprinting.nl\\\/wp-content\\\/uploads\\\/plafondhanger-bedrukken.png\",\"contentUrl\":\"https:\\\/\\\/www.amstelprinting.nl\\\/wp-content\\\/uploads\\\/plafondhanger-bedrukken.png\",\"width\":900,\"height\":900},{\"@type\":\"BreadcrumbList\",\"@id\":\"https:\\\/\\\/www.amstelprinting.nl\\\/de\\\/gesch\u00e4ft\\\/innenwerbung\\\/einzelhandel\\\/deckenhanger\\\/#breadcrumb\",\"itemListElement\":[{\"@type\":\"ListItem\",\"position\":1,\"name\":\"\",\"item\":\"https:\\\/\\\/www.amstelprinting.nl\\\/de\\\/\"},{\"@type\":\"ListItem\",\"position\":2,\"name\":\"Amstel Printing\",\"item\":\"https:\\\/\\\/www.amstelprinting.nl\\\/de\\\/geschaeft\\\/\"},{\"@type\":\"ListItem\",\"position\":3,\"name\":\"Innenwerbung\",\"item\":\"https:\\\/\\\/www.amstelprinting.nl\\\/de\\\/kategorie\\\/innenwerbung\\\/\"},{\"@type\":\"ListItem\",\"position\":4,\"name\":\"Einzelhandel\",\"item\":\"https:\\\/\\\/www.amstelprinting.nl\\\/de\\\/kategorie\\\/innenwerbung\\\/einzelhandel\\\/\"},{\"@type\":\"ListItem\",\"position\":5,\"name\":\"Deckenh\u00e4nger\"}]},{\"@type\":\"WebSite\",\"@id\":\"https:\\\/\\\/www.amstelprinting.nl\\\/de\\\/#website\",\"url\":\"https:\\\/\\\/www.amstelprinting.nl\\\/de\\\/\",\"name\":\"Amstel Printing\",\"description\":\"Creating Exposure\",\"publisher\":{\"@id\":\"https:\\\/\\\/www.amstelprinting.nl\\\/de\\\/#organization\"},\"potentialAction\":[{\"@type\":\"SearchAction\",\"target\":{\"@type\":\"EntryPoint\",\"urlTemplate\":\"https:\\\/\\\/www.amstelprinting.nl\\\/de\\\/?s={search_term_string}\"},\"query-input\":{\"@type\":\"PropertyValueSpecification\",\"valueRequired\":true,\"valueName\":\"search_term_string\"}}],\"inLanguage\":\"de\"},{\"@type\":\"Organization\",\"@id\":\"https:\\\/\\\/www.amstelprinting.nl\\\/de\\\/#organization\",\"name\":\"Amstel Printing\",\"url\":\"https:\\\/\\\/www.amstelprinting.nl\\\/de\\\/\",\"logo\":{\"@type\":\"ImageObject\",\"inLanguage\":\"de\",\"@id\":\"https:\\\/\\\/www.amstelprinting.nl\\\/de\\\/#\\\/schema\\\/logo\\\/image\\\/\",\"url\":\"https:\\\/\\\/www.amstelprinting.nl\\\/wp-content\\\/uploads\\\/amstel_printing_logo_clean.png\",\"contentUrl\":\"https:\\\/\\\/www.amstelprinting.nl\\\/wp-content\\\/uploads\\\/amstel_printing_logo_clean.png\",\"width\":324,\"height\":73,\"caption\":\"Amstel Printing\"},\"image\":{\"@id\":\"https:\\\/\\\/www.amstelprinting.nl\\\/de\\\/#\\\/schema\\\/logo\\\/image\\\/\"}}]}<\/script>\n<!-- \/ Yoast SEO plugin. -->","yoast_head_json":{"title":"Deckenh\u00e4nger bestellen mit schneller Lieferung | Ma\u00dfgeschneiderte Qualit\u00e4t","description":"Bestellen Sie einen professionellen Deckenh\u00e4nger. W\u00e4hlen Sie aus vier nachhaltigen Materialien, ein- oder doppelseitig bedruckt. Lieferung in ganz Europa","robots":{"index":"index","follow":"follow","max-snippet":"max-snippet:-1","max-image-preview":"max-image-preview:large","max-video-preview":"max-video-preview:-1"},"canonical":"https:\/\/www.amstelprinting.nl\/de\/gesch\u00e4ft\/innenwerbung\/einzelhandel\/deckenhanger\/","og_locale":"de_DE","og_type":"article","og_title":"Deckenh\u00e4nger bestellen mit schneller Lieferung | Ma\u00dfgeschneiderte Qualit\u00e4t","og_description":"Bestellen Sie einen professionellen Deckenh\u00e4nger. W\u00e4hlen Sie aus vier nachhaltigen Materialien, ein- oder doppelseitig bedruckt. Lieferung in ganz Europa","og_url":"https:\/\/www.amstelprinting.nl\/de\/gesch\u00e4ft\/innenwerbung\/einzelhandel\/deckenhanger\/","og_site_name":"Amstel Printing","article_modified_time":"2026-02-18T11:54:22+00:00","og_image":[{"width":900,"height":900,"url":"https:\/\/www.amstelprinting.nl\/wp-content\/uploads\/plafondhanger-bedrukken.png","type":"image\/png"}],"twitter_card":"summary_large_image","twitter_misc":{"Gesch\u00e4tzte Lesezeit":"1\u00a0Minute"},"schema":{"@context":"https:\/\/schema.org","@graph":[{"@type":"WebPage","@id":"https:\/\/www.amstelprinting.nl\/de\/gesch\u00e4ft\/innenwerbung\/einzelhandel\/deckenhanger\/","url":"https:\/\/www.amstelprinting.nl\/de\/gesch\u00e4ft\/innenwerbung\/einzelhandel\/deckenhanger\/","name":"Deckenh\u00e4nger bestellen mit schneller Lieferung | Ma\u00dfgeschneiderte Qualit\u00e4t","isPartOf":{"@id":"https:\/\/www.amstelprinting.nl\/de\/#website"},"primaryImageOfPage":{"@id":"https:\/\/www.amstelprinting.nl\/de\/gesch\u00e4ft\/innenwerbung\/einzelhandel\/deckenhanger\/#primaryimage"},"image":{"@id":"https:\/\/www.amstelprinting.nl\/de\/gesch\u00e4ft\/innenwerbung\/einzelhandel\/deckenhanger\/#primaryimage"},"thumbnailUrl":"https:\/\/www.amstelprinting.nl\/wp-content\/uploads\/plafondhanger-bedrukken.png","datePublished":"2025-01-24T10:23:08+00:00","dateModified":"2026-02-18T11:54:22+00:00","description":"Bestellen Sie einen professionellen Deckenh\u00e4nger. W\u00e4hlen Sie aus vier nachhaltigen Materialien, ein- oder doppelseitig bedruckt. Lieferung in ganz Europa","breadcrumb":{"@id":"https:\/\/www.amstelprinting.nl\/de\/gesch\u00e4ft\/innenwerbung\/einzelhandel\/deckenhanger\/#breadcrumb"},"inLanguage":"de","potentialAction":[{"@type":"ReadAction","target":["https:\/\/www.amstelprinting.nl\/de\/gesch\u00e4ft\/innenwerbung\/einzelhandel\/deckenhanger\/"]}]},{"@type":"ImageObject","inLanguage":"de","@id":"https:\/\/www.amstelprinting.nl\/de\/gesch\u00e4ft\/innenwerbung\/einzelhandel\/deckenhanger\/#primaryimage","url":"https:\/\/www.amstelprinting.nl\/wp-content\/uploads\/plafondhanger-bedrukken.png","contentUrl":"https:\/\/www.amstelprinting.nl\/wp-content\/uploads\/plafondhanger-bedrukken.png","width":900,"height":900},{"@type":"BreadcrumbList","@id":"https:\/\/www.amstelprinting.nl\/de\/gesch\u00e4ft\/innenwerbung\/einzelhandel\/deckenhanger\/#breadcrumb","itemListElement":[{"@type":"ListItem","position":1,"name":"","item":"https:\/\/www.amstelprinting.nl\/de\/"},{"@type":"ListItem","position":2,"name":"Amstel Printing","item":"https:\/\/www.amstelprinting.nl\/de\/geschaeft\/"},{"@type":"ListItem","position":3,"name":"Innenwerbung","item":"https:\/\/www.amstelprinting.nl\/de\/kategorie\/innenwerbung\/"},{"@type":"ListItem","position":4,"name":"Einzelhandel","item":"https:\/\/www.amstelprinting.nl\/de\/kategorie\/innenwerbung\/einzelhandel\/"},{"@type":"ListItem","position":5,"name":"Deckenh\u00e4nger"}]},{"@type":"WebSite","@id":"https:\/\/www.amstelprinting.nl\/de\/#website","url":"https:\/\/www.amstelprinting.nl\/de\/","name":"Amstel Printing","description":"Creating Exposure","publisher":{"@id":"https:\/\/www.amstelprinting.nl\/de\/#organization"},"potentialAction":[{"@type":"SearchAction","target":{"@type":"EntryPoint","urlTemplate":"https:\/\/www.amstelprinting.nl\/de\/?s={search_term_string}"},"query-input":{"@type":"PropertyValueSpecification","valueRequired":true,"valueName":"search_term_string"}}],"inLanguage":"de"},{"@type":"Organization","@id":"https:\/\/www.amstelprinting.nl\/de\/#organization","name":"Amstel Printing","url":"https:\/\/www.amstelprinting.nl\/de\/","logo":{"@type":"ImageObject","inLanguage":"de","@id":"https:\/\/www.amstelprinting.nl\/de\/#\/schema\/logo\/image\/","url":"https:\/\/www.amstelprinting.nl\/wp-content\/uploads\/amstel_printing_logo_clean.png","contentUrl":"https:\/\/www.amstelprinting.nl\/wp-content\/uploads\/amstel_printing_logo_clean.png","width":324,"height":73,"caption":"Amstel Printing"},"image":{"@id":"https:\/\/www.amstelprinting.nl\/de\/#\/schema\/logo\/image\/"}}]}},"_links":{"self":[{"href":"https:\/\/www.amstelprinting.nl\/de\/wp-json\/wp\/v2\/product\/15114","targetHints":{"allow":["GET"]}}],"collection":[{"href":"https:\/\/www.amstelprinting.nl\/de\/wp-json\/wp\/v2\/product"}],"about":[{"href":"https:\/\/www.amstelprinting.nl\/de\/wp-json\/wp\/v2\/types\/product"}],"wp:featuredmedia":[{"embeddable":true,"href":"https:\/\/www.amstelprinting.nl\/de\/wp-json\/wp\/v2\/media\/15115"}],"wp:attachment":[{"href":"https:\/\/www.amstelprinting.nl\/de\/wp-json\/wp\/v2\/media?parent=15114"}],"wp:term":[{"taxonomy":"product_brand","embeddable":true,"href":"https:\/\/www.amstelprinting.nl\/de\/wp-json\/wp\/v2\/product_brand?post=15114"},{"taxonomy":"product_cat","embeddable":true,"href":"https:\/\/www.amstelprinting.nl\/de\/wp-json\/wp\/v2\/product_cat?post=15114"},{"taxonomy":"product_tag","embeddable":true,"href":"https:\/\/www.amstelprinting.nl\/de\/wp-json\/wp\/v2\/product_tag?post=15114"}],"curies":[{"name":"wp","href":"https:\/\/api.w.org\/{rel}","templated":true}]}}