{"id":15124,"date":"2025-01-24T11:23:05","date_gmt":"2025-01-24T10:23:05","guid":{"rendered":"https:\/\/www.amstelprinting.nl\/winkel\/unkategorisiert\/ijzerhoudende-folie\/"},"modified":"2026-02-18T12:54:23","modified_gmt":"2026-02-18T11:54:23","slug":"eisenhaltige-folie","status":"publish","type":"product","link":"https:\/\/www.amstelprinting.nl\/de\/gesch\u00e4ft\/innenwerbung\/einzelhandel\/eisenhaltige-folie\/","title":{"rendered":"Eisenhaltige Folie"},"content":{"rendered":"<h3>Eisenhaltige Folie bedrucken<\/h3>\n<p>Ob Sie nun Ihre B\u00fcror\u00e4ume verwandeln m\u00f6chten oder nach kreativen Wegen suchen, um Ihre Botschaft zu vermitteln \u2013 unsere eisenhaltige Folie bietet die Flexibilit\u00e4t und Funktionalit\u00e4t, die Sie ben\u00f6tigen. Die Folie ist eine hochwertige wei\u00dfe Polyesterfolie mit einer schwarzen eisenhaltigen Beschichtung, speziell entwickelt f\u00fcr den Einsatz auf magnetischen Untergr\u00fcnden. Bitte beachten Sie; diese eisenhaltige Folie ist also kein Magnet! Hierf\u00fcr m\u00fcssen Sie unsere <a href=\"https:\/\/www.amstelprinting.nl\/de\/gesch\u00e4ft\/aufkleber-und-druck\/grose-aufkleber\/magnetsticker\/\">Magnetfolie<\/a> bestellen.<\/p>\n<h3>Material<\/h3>\n<p>Die eisenhaltige Folie hat eine maximale Druckbreite von 123 cm aus einem St\u00fcck. Die Folie l\u00e4sst sich leicht montieren und repositionieren, was Flexibilit\u00e4t bei der Gestaltung und Anpassung magnetischer Displays bietet. Die eisenhaltige Folie ist wiederverwendbar und 100 % recycelbar, was sie zu einem sehr nachhaltigen Produkt macht.<\/p>\n<h3>Warum eisenhaltige Folie bedrucken?<\/h3>\n<ul>\n<li>Inklusive Bedruckung nach Wunsch<\/li>\n<li>In eigenem Format bestellbar<\/li>\n<li>Eisenfolie ist 100 % recycelbar<\/li>\n<li>Einfach auf magnetischen Oberfl\u00e4chen zu montieren<\/li>\n<li>Nachhaltig: einfach immer wieder aufs Neue zu verwenden<\/li>\n<\/ul>\n<p>&nbsp;<\/p>\n<h3>Wichtige Hinweise zu eisenhaltiger Folie<\/h3>\n<p>Eisenhaltige Folie wird manchmal mit einer Magnetfolie \/ einem Magnetaufkleber verwechselt. Diese eisenhaltige Folie k\u00f6nnen Sie ausschlie\u00dflich auf einem magnetischen Untergrund anbringen.<\/p>\n<h3>H\u00e4ufig gestellte Fragen zu eisenhaltiger Folie<\/h3>\n<p><strong>Funktioniert die eisenhaltige Folie wie ein Magnet?<\/strong><br \/>\nNein, eisenhaltige Folie ist nicht dasselbe wie ein Magnet. Eisenhaltige Folie muss auf einer magnetischen Oberfl\u00e4che angebracht werden. Magnete hingegen m\u00fcssen auf Eisenoberfl\u00e4chen angebracht werden. Eisenhaltige Folie ist also das Gegenteil eines Magneten.<\/p>\n","protected":false},"excerpt":{"rendered":"<p><span style=\"font-weight: 400;\">Eisenhaltige Folie (auch Ferrofolie genannt) eignet sich zum Anbringen <strong>auf magnetischen Untergr\u00fcnden<\/strong>. Ideal f\u00fcr den schnellen und einfachen Wechsel von Visuals. Wiederverwendbar und 100 % recycelbar. Ausgestattet mit einem <strong>gestochen scharfen Druck<\/strong> Ihres Designs oder Fotos. Die Gr\u00f6\u00dfe dieser eisenhaltigen Folie bestimmen Sie selbst.<\/span><\/p>\n","protected":false},"featured_media":15125,"template":"","meta":{"_et_pb_use_builder":"","_et_pb_old_content":"","_et_gb_content_width":""},"product_brand":[],"product_cat":[313,931,907,952],"product_tag":[],"class_list":{"0":"post-15124","1":"product","2":"type-product","3":"status-publish","4":"has-post-thumbnail","6":"product_cat-aufkleber-und-druck","7":"product_cat-einzelhandel","8":"product_cat-innenwerbung","9":"product_cat-poster","11":"first","12":"instock","13":"taxable","14":"shipping-taxable","15":"purchasable","16":"product-type-simple"},"yoast_head":"<!-- This site is optimized with the Yoast SEO plugin v27.3 - https:\/\/yoast.com\/product\/yoast-seo-wordpress\/ -->\n<title>Eisenhaltige Folie nach Ma\u00df bedrucken \u2013 nachhaltig und flexibel<\/title>\n<meta name=\"description\" content=\"Bestellen Sie eisenhaltige Folie mit gestochen scharfem Full-Color-Druck, geeignet f\u00fcr magnetische Untergr\u00fcnde. Wiederverwendbar, 100 % recycelbar und einfach zu wechseln\" \/>\n<meta name=\"robots\" content=\"index, follow, max-snippet:-1, max-image-preview:large, max-video-preview:-1\" \/>\n<link rel=\"canonical\" href=\"https:\/\/www.amstelprinting.nl\/de\/gesch\u00e4ft\/innenwerbung\/einzelhandel\/eisenhaltige-folie\/\" \/>\n<meta property=\"og:locale\" content=\"de_DE\" \/>\n<meta property=\"og:type\" content=\"article\" \/>\n<meta property=\"og:title\" content=\"Eisenhaltige Folie nach Ma\u00df bedrucken \u2013 nachhaltig und flexibel\" \/>\n<meta property=\"og:description\" content=\"Bestellen Sie eisenhaltige Folie mit gestochen scharfem Full-Color-Druck, geeignet f\u00fcr magnetische Untergr\u00fcnde. Wiederverwendbar, 100 % recycelbar und einfach zu wechseln\" \/>\n<meta property=\"og:url\" content=\"https:\/\/www.amstelprinting.nl\/de\/gesch\u00e4ft\/innenwerbung\/einzelhandel\/eisenhaltige-folie\/\" \/>\n<meta property=\"og:site_name\" content=\"Amstel Printing\" \/>\n<meta property=\"article:modified_time\" content=\"2026-02-18T11:54:23+00:00\" \/>\n<meta property=\"og:image\" content=\"https:\/\/www.amstelprinting.nl\/wp-content\/uploads\/ijzerhoudende-folie-bedrukken.jpg\" \/>\n\t<meta property=\"og:image:width\" content=\"700\" \/>\n\t<meta property=\"og:image:height\" content=\"443\" \/>\n\t<meta property=\"og:image:type\" content=\"image\/jpeg\" \/>\n<meta name=\"twitter:card\" content=\"summary_large_image\" \/>\n<meta name=\"twitter:label1\" content=\"Gesch\u00e4tzte Lesezeit\" \/>\n\t<meta name=\"twitter:data1\" content=\"1\u00a0Minute\" \/>\n<script type=\"application\/ld+json\" class=\"yoast-schema-graph\">{\"@context\":\"https:\\\/\\\/schema.org\",\"@graph\":[{\"@type\":\"WebPage\",\"@id\":\"https:\\\/\\\/www.amstelprinting.nl\\\/de\\\/gesch\u00e4ft\\\/innenwerbung\\\/einzelhandel\\\/eisenhaltige-folie\\\/\",\"url\":\"https:\\\/\\\/www.amstelprinting.nl\\\/de\\\/gesch\u00e4ft\\\/innenwerbung\\\/einzelhandel\\\/eisenhaltige-folie\\\/\",\"name\":\"Eisenhaltige Folie nach Ma\u00df bedrucken \u2013 nachhaltig und flexibel\",\"isPartOf\":{\"@id\":\"https:\\\/\\\/www.amstelprinting.nl\\\/de\\\/#website\"},\"primaryImageOfPage\":{\"@id\":\"https:\\\/\\\/www.amstelprinting.nl\\\/de\\\/gesch\u00e4ft\\\/innenwerbung\\\/einzelhandel\\\/eisenhaltige-folie\\\/#primaryimage\"},\"image\":{\"@id\":\"https:\\\/\\\/www.amstelprinting.nl\\\/de\\\/gesch\u00e4ft\\\/innenwerbung\\\/einzelhandel\\\/eisenhaltige-folie\\\/#primaryimage\"},\"thumbnailUrl\":\"https:\\\/\\\/www.amstelprinting.nl\\\/wp-content\\\/uploads\\\/ijzerhoudende-folie-bedrukken.jpg\",\"datePublished\":\"2025-01-24T10:23:05+00:00\",\"dateModified\":\"2026-02-18T11:54:23+00:00\",\"description\":\"Bestellen Sie eisenhaltige Folie mit gestochen scharfem Full-Color-Druck, geeignet f\u00fcr magnetische Untergr\u00fcnde. Wiederverwendbar, 100 % recycelbar und einfach zu wechseln\",\"breadcrumb\":{\"@id\":\"https:\\\/\\\/www.amstelprinting.nl\\\/de\\\/gesch\u00e4ft\\\/innenwerbung\\\/einzelhandel\\\/eisenhaltige-folie\\\/#breadcrumb\"},\"inLanguage\":\"de\",\"potentialAction\":[{\"@type\":\"ReadAction\",\"target\":[\"https:\\\/\\\/www.amstelprinting.nl\\\/de\\\/gesch\u00e4ft\\\/innenwerbung\\\/einzelhandel\\\/eisenhaltige-folie\\\/\"]}]},{\"@type\":\"ImageObject\",\"inLanguage\":\"de\",\"@id\":\"https:\\\/\\\/www.amstelprinting.nl\\\/de\\\/gesch\u00e4ft\\\/innenwerbung\\\/einzelhandel\\\/eisenhaltige-folie\\\/#primaryimage\",\"url\":\"https:\\\/\\\/www.amstelprinting.nl\\\/wp-content\\\/uploads\\\/ijzerhoudende-folie-bedrukken.jpg\",\"contentUrl\":\"https:\\\/\\\/www.amstelprinting.nl\\\/wp-content\\\/uploads\\\/ijzerhoudende-folie-bedrukken.jpg\",\"width\":700,\"height\":443},{\"@type\":\"BreadcrumbList\",\"@id\":\"https:\\\/\\\/www.amstelprinting.nl\\\/de\\\/gesch\u00e4ft\\\/innenwerbung\\\/einzelhandel\\\/eisenhaltige-folie\\\/#breadcrumb\",\"itemListElement\":[{\"@type\":\"ListItem\",\"position\":1,\"name\":\"\",\"item\":\"https:\\\/\\\/www.amstelprinting.nl\\\/de\\\/\"},{\"@type\":\"ListItem\",\"position\":2,\"name\":\"Amstel Printing\",\"item\":\"https:\\\/\\\/www.amstelprinting.nl\\\/de\\\/geschaeft\\\/\"},{\"@type\":\"ListItem\",\"position\":3,\"name\":\"Innenwerbung\",\"item\":\"https:\\\/\\\/www.amstelprinting.nl\\\/de\\\/kategorie\\\/innenwerbung\\\/\"},{\"@type\":\"ListItem\",\"position\":4,\"name\":\"Einzelhandel\",\"item\":\"https:\\\/\\\/www.amstelprinting.nl\\\/de\\\/kategorie\\\/innenwerbung\\\/einzelhandel\\\/\"},{\"@type\":\"ListItem\",\"position\":5,\"name\":\"Eisenhaltige Folie\"}]},{\"@type\":\"WebSite\",\"@id\":\"https:\\\/\\\/www.amstelprinting.nl\\\/de\\\/#website\",\"url\":\"https:\\\/\\\/www.amstelprinting.nl\\\/de\\\/\",\"name\":\"Amstel Printing\",\"description\":\"Creating Exposure\",\"publisher\":{\"@id\":\"https:\\\/\\\/www.amstelprinting.nl\\\/de\\\/#organization\"},\"potentialAction\":[{\"@type\":\"SearchAction\",\"target\":{\"@type\":\"EntryPoint\",\"urlTemplate\":\"https:\\\/\\\/www.amstelprinting.nl\\\/de\\\/?s={search_term_string}\"},\"query-input\":{\"@type\":\"PropertyValueSpecification\",\"valueRequired\":true,\"valueName\":\"search_term_string\"}}],\"inLanguage\":\"de\"},{\"@type\":\"Organization\",\"@id\":\"https:\\\/\\\/www.amstelprinting.nl\\\/de\\\/#organization\",\"name\":\"Amstel Printing\",\"url\":\"https:\\\/\\\/www.amstelprinting.nl\\\/de\\\/\",\"logo\":{\"@type\":\"ImageObject\",\"inLanguage\":\"de\",\"@id\":\"https:\\\/\\\/www.amstelprinting.nl\\\/de\\\/#\\\/schema\\\/logo\\\/image\\\/\",\"url\":\"https:\\\/\\\/www.amstelprinting.nl\\\/wp-content\\\/uploads\\\/amstel_printing_logo_clean.png\",\"contentUrl\":\"https:\\\/\\\/www.amstelprinting.nl\\\/wp-content\\\/uploads\\\/amstel_printing_logo_clean.png\",\"width\":324,\"height\":73,\"caption\":\"Amstel Printing\"},\"image\":{\"@id\":\"https:\\\/\\\/www.amstelprinting.nl\\\/de\\\/#\\\/schema\\\/logo\\\/image\\\/\"}}]}<\/script>\n<!-- \/ Yoast SEO plugin. -->","yoast_head_json":{"title":"Eisenhaltige Folie nach Ma\u00df bedrucken \u2013 nachhaltig und flexibel","description":"Bestellen Sie eisenhaltige Folie mit gestochen scharfem Full-Color-Druck, geeignet f\u00fcr magnetische Untergr\u00fcnde. Wiederverwendbar, 100 % recycelbar und einfach zu wechseln","robots":{"index":"index","follow":"follow","max-snippet":"max-snippet:-1","max-image-preview":"max-image-preview:large","max-video-preview":"max-video-preview:-1"},"canonical":"https:\/\/www.amstelprinting.nl\/de\/gesch\u00e4ft\/innenwerbung\/einzelhandel\/eisenhaltige-folie\/","og_locale":"de_DE","og_type":"article","og_title":"Eisenhaltige Folie nach Ma\u00df bedrucken \u2013 nachhaltig und flexibel","og_description":"Bestellen Sie eisenhaltige Folie mit gestochen scharfem Full-Color-Druck, geeignet f\u00fcr magnetische Untergr\u00fcnde. Wiederverwendbar, 100 % recycelbar und einfach zu wechseln","og_url":"https:\/\/www.amstelprinting.nl\/de\/gesch\u00e4ft\/innenwerbung\/einzelhandel\/eisenhaltige-folie\/","og_site_name":"Amstel Printing","article_modified_time":"2026-02-18T11:54:23+00:00","og_image":[{"width":700,"height":443,"url":"https:\/\/www.amstelprinting.nl\/wp-content\/uploads\/ijzerhoudende-folie-bedrukken.jpg","type":"image\/jpeg"}],"twitter_card":"summary_large_image","twitter_misc":{"Gesch\u00e4tzte Lesezeit":"1\u00a0Minute"},"schema":{"@context":"https:\/\/schema.org","@graph":[{"@type":"WebPage","@id":"https:\/\/www.amstelprinting.nl\/de\/gesch\u00e4ft\/innenwerbung\/einzelhandel\/eisenhaltige-folie\/","url":"https:\/\/www.amstelprinting.nl\/de\/gesch\u00e4ft\/innenwerbung\/einzelhandel\/eisenhaltige-folie\/","name":"Eisenhaltige Folie nach Ma\u00df bedrucken \u2013 nachhaltig und flexibel","isPartOf":{"@id":"https:\/\/www.amstelprinting.nl\/de\/#website"},"primaryImageOfPage":{"@id":"https:\/\/www.amstelprinting.nl\/de\/gesch\u00e4ft\/innenwerbung\/einzelhandel\/eisenhaltige-folie\/#primaryimage"},"image":{"@id":"https:\/\/www.amstelprinting.nl\/de\/gesch\u00e4ft\/innenwerbung\/einzelhandel\/eisenhaltige-folie\/#primaryimage"},"thumbnailUrl":"https:\/\/www.amstelprinting.nl\/wp-content\/uploads\/ijzerhoudende-folie-bedrukken.jpg","datePublished":"2025-01-24T10:23:05+00:00","dateModified":"2026-02-18T11:54:23+00:00","description":"Bestellen Sie eisenhaltige Folie mit gestochen scharfem Full-Color-Druck, geeignet f\u00fcr magnetische Untergr\u00fcnde. Wiederverwendbar, 100 % recycelbar und einfach zu wechseln","breadcrumb":{"@id":"https:\/\/www.amstelprinting.nl\/de\/gesch\u00e4ft\/innenwerbung\/einzelhandel\/eisenhaltige-folie\/#breadcrumb"},"inLanguage":"de","potentialAction":[{"@type":"ReadAction","target":["https:\/\/www.amstelprinting.nl\/de\/gesch\u00e4ft\/innenwerbung\/einzelhandel\/eisenhaltige-folie\/"]}]},{"@type":"ImageObject","inLanguage":"de","@id":"https:\/\/www.amstelprinting.nl\/de\/gesch\u00e4ft\/innenwerbung\/einzelhandel\/eisenhaltige-folie\/#primaryimage","url":"https:\/\/www.amstelprinting.nl\/wp-content\/uploads\/ijzerhoudende-folie-bedrukken.jpg","contentUrl":"https:\/\/www.amstelprinting.nl\/wp-content\/uploads\/ijzerhoudende-folie-bedrukken.jpg","width":700,"height":443},{"@type":"BreadcrumbList","@id":"https:\/\/www.amstelprinting.nl\/de\/gesch\u00e4ft\/innenwerbung\/einzelhandel\/eisenhaltige-folie\/#breadcrumb","itemListElement":[{"@type":"ListItem","position":1,"name":"","item":"https:\/\/www.amstelprinting.nl\/de\/"},{"@type":"ListItem","position":2,"name":"Amstel Printing","item":"https:\/\/www.amstelprinting.nl\/de\/geschaeft\/"},{"@type":"ListItem","position":3,"name":"Innenwerbung","item":"https:\/\/www.amstelprinting.nl\/de\/kategorie\/innenwerbung\/"},{"@type":"ListItem","position":4,"name":"Einzelhandel","item":"https:\/\/www.amstelprinting.nl\/de\/kategorie\/innenwerbung\/einzelhandel\/"},{"@type":"ListItem","position":5,"name":"Eisenhaltige Folie"}]},{"@type":"WebSite","@id":"https:\/\/www.amstelprinting.nl\/de\/#website","url":"https:\/\/www.amstelprinting.nl\/de\/","name":"Amstel Printing","description":"Creating Exposure","publisher":{"@id":"https:\/\/www.amstelprinting.nl\/de\/#organization"},"potentialAction":[{"@type":"SearchAction","target":{"@type":"EntryPoint","urlTemplate":"https:\/\/www.amstelprinting.nl\/de\/?s={search_term_string}"},"query-input":{"@type":"PropertyValueSpecification","valueRequired":true,"valueName":"search_term_string"}}],"inLanguage":"de"},{"@type":"Organization","@id":"https:\/\/www.amstelprinting.nl\/de\/#organization","name":"Amstel Printing","url":"https:\/\/www.amstelprinting.nl\/de\/","logo":{"@type":"ImageObject","inLanguage":"de","@id":"https:\/\/www.amstelprinting.nl\/de\/#\/schema\/logo\/image\/","url":"https:\/\/www.amstelprinting.nl\/wp-content\/uploads\/amstel_printing_logo_clean.png","contentUrl":"https:\/\/www.amstelprinting.nl\/wp-content\/uploads\/amstel_printing_logo_clean.png","width":324,"height":73,"caption":"Amstel Printing"},"image":{"@id":"https:\/\/www.amstelprinting.nl\/de\/#\/schema\/logo\/image\/"}}]}},"_links":{"self":[{"href":"https:\/\/www.amstelprinting.nl\/de\/wp-json\/wp\/v2\/product\/15124","targetHints":{"allow":["GET"]}}],"collection":[{"href":"https:\/\/www.amstelprinting.nl\/de\/wp-json\/wp\/v2\/product"}],"about":[{"href":"https:\/\/www.amstelprinting.nl\/de\/wp-json\/wp\/v2\/types\/product"}],"wp:featuredmedia":[{"embeddable":true,"href":"https:\/\/www.amstelprinting.nl\/de\/wp-json\/wp\/v2\/media\/15125"}],"wp:attachment":[{"href":"https:\/\/www.amstelprinting.nl\/de\/wp-json\/wp\/v2\/media?parent=15124"}],"wp:term":[{"taxonomy":"product_brand","embeddable":true,"href":"https:\/\/www.amstelprinting.nl\/de\/wp-json\/wp\/v2\/product_brand?post=15124"},{"taxonomy":"product_cat","embeddable":true,"href":"https:\/\/www.amstelprinting.nl\/de\/wp-json\/wp\/v2\/product_cat?post=15124"},{"taxonomy":"product_tag","embeddable":true,"href":"https:\/\/www.amstelprinting.nl\/de\/wp-json\/wp\/v2\/product_tag?post=15124"}],"curies":[{"name":"wp","href":"https:\/\/api.w.org\/{rel}","templated":true}]}}