{"id":15136,"date":"2025-01-24T11:23:02","date_gmt":"2025-01-24T10:23:02","guid":{"rendered":"https:\/\/www.amstelprinting.nl\/winkel\/unkategorisiert\/detectiepoorthoes\/"},"modified":"2026-02-18T12:54:23","modified_gmt":"2026-02-18T11:54:23","slug":"alarmsaulen-husse","status":"publish","type":"product","link":"https:\/\/www.amstelprinting.nl\/de\/gesch\u00e4ft\/innenwerbung\/einzelhandel\/alarmsaulen-husse\/","title":{"rendered":"Alarms\u00e4ulen-Husse"},"content":{"rendered":"<h3>Alarms\u00e4ulen-Husse bedrucken<\/h3>\n<p>Entdecken Sie die Vielseitigkeit unserer Alarms\u00e4ulen-Husse, auch als Alarmcover bekannt. Die Alarms\u00e4ulen-Husse sch\u00fctzt nicht nur die Alarms\u00e4ule, sondern vermittelt auch Ihre Botschaft auf professionelle Weise. Ob Sie nun Funktionalit\u00e4t oder eine stilvolle Erg\u00e4nzung f\u00fcr Ihr Sicherheitssystem suchen: Das Alarmcover macht es m\u00f6glich! Passen Sie das Format an Ihre spezifische Alarms\u00e4ule an (siehe auch die Messanweisungen). Sie haben die Wahl zwischen verschiedenen Designs f\u00fcr die Vorder- und R\u00fcckseite.<\/p>\n<h3>Vorteile<\/h3>\n<ul>\n<li>Bietet Schutz und Stil<\/li>\n<li>Gestochen scharfer Druck auf zwei Seiten<\/li>\n<li>Einfach ein neuer Druck pro Saison oder Aktion<\/li>\n<li>Format an Ihre Alarms\u00e4ule anpassbar<\/li>\n<li>Mit B1-Zertifikat (schwer entflammbares Material)<\/li>\n<\/ul>\n<p>&nbsp;<\/p>\n<h3>Material<\/h3>\n<p>Unsere Alarms\u00e4ulen-Husse ist aus Dekostoff gefertigt, einem langlebigen Material, das f\u00fcr eine gute Passform und einfache Pflege sorgt. Der Stoff ist dehnbar, sodass er leicht \u00fcber Ihre Alarms\u00e4ule passt. Sie k\u00f6nnen zwischen wei\u00dfem oder schwarzem Garn w\u00e4hlen, um die Husse an das Ladeninterieur oder die Unternehmensfarben anzupassen.<\/p>\n<p><strong>Brandsicherheit<\/strong> &#8211; Die Alarms\u00e4ulen-Hussen erf\u00fcllen dank des B1-Zertifikats zudem die Brandschutznormen. Dank des dehnbaren Materials l\u00e4sst sich die Husse einfach \u00fcber die Alarms\u00e4ule schieben.<\/p>\n<p>Bereit f\u00fcr ein Upgrade Ihrer Alarms\u00e4ule? Verleihen Sie Ihrer Alarms\u00e4ule mit unserer vielseitigen und funktionalen Alarms\u00e4ulen-Husse ein neues Aussehen. Sie sch\u00fctzt nicht nur Ihr Alarmsystem, sondern das bedruckte Alarmcover versch\u00f6nert auch das Erscheinungsbild jedes Eingangs!<\/p>\n<h3>H\u00e4ufig gestellte Fragen zu Alarms\u00e4ulen-Hussen<\/h3>\n<p><strong>Kann die Alarms\u00e4ulen-Husse gewaschen werden?<\/strong><br \/>\nJa, die Alarms\u00e4ulen-Husse (Alarmcover) kann bei 30 Grad mit Feinwaschmittel gewaschen werden. Nicht f\u00fcr den Trockner geeignet!<\/p>\n","protected":false},"excerpt":{"rendered":"<h3>Elastische Husse mit Bedruckung f\u00fcr Alarms\u00e4ulen.<\/h3>\n<p>Wundersch\u00f6ne elastische Husse, versehen mit einem doppelseitigen Druck Ihres Designs oder Bildes. Die Alarms\u00e4ulen-Husse wird auch Alarmcover genannt und ist in jeder gew\u00fcnschten Gr\u00f6\u00dfe lieferbar (siehe auch die Messanweisungen). Wir bedrucken das Alarmcover oft schon innerhalb von 3 Werktagen. Stellen Sie Ihre Alarms\u00e4ulen-Husse unten in wenigen Schritten zusammen!<\/p>\n","protected":false},"featured_media":15138,"template":"","meta":{"_et_pb_use_builder":"","_et_pb_old_content":"","_et_gb_content_width":""},"product_brand":[],"product_cat":[931,907],"product_tag":[],"class_list":{"0":"post-15136","1":"product","2":"type-product","3":"status-publish","4":"has-post-thumbnail","6":"product_cat-einzelhandel","7":"product_cat-innenwerbung","9":"first","10":"instock","11":"taxable","12":"shipping-taxable","13":"purchasable","14":"product-type-simple"},"yoast_head":"<!-- This site is optimized with the Yoast SEO plugin v27.3 - https:\/\/yoast.com\/product\/yoast-seo-wordpress\/ -->\n<title>Alarms\u00e4ulen-Husse \u2013 Sch\u00fctzen und st\u00e4rken Sie Ihren Markenauftritt stilvoll<\/title>\n<meta name=\"description\" content=\"Verleihen Sie Ihrer Sicherheitsschranke einen professionellen Look mit einer individuellen Alarms\u00e4ulen-Husse. Gestochen scharfe doppelseitige Drucke, perfekte Passform und brandsicher.\" \/>\n<meta name=\"robots\" content=\"index, follow, max-snippet:-1, max-image-preview:large, max-video-preview:-1\" \/>\n<link rel=\"canonical\" href=\"https:\/\/www.amstelprinting.nl\/de\/gesch\u00e4ft\/innenwerbung\/einzelhandel\/alarmsaulen-husse\/\" \/>\n<meta property=\"og:locale\" content=\"de_DE\" \/>\n<meta property=\"og:type\" content=\"article\" \/>\n<meta property=\"og:title\" content=\"Alarms\u00e4ulen-Husse \u2013 Sch\u00fctzen und st\u00e4rken Sie Ihren Markenauftritt stilvoll\" \/>\n<meta property=\"og:description\" content=\"Verleihen Sie Ihrer Sicherheitsschranke einen professionellen Look mit einer individuellen Alarms\u00e4ulen-Husse. Gestochen scharfe doppelseitige Drucke, perfekte Passform und brandsicher.\" \/>\n<meta property=\"og:url\" content=\"https:\/\/www.amstelprinting.nl\/de\/gesch\u00e4ft\/innenwerbung\/einzelhandel\/alarmsaulen-husse\/\" \/>\n<meta property=\"og:site_name\" content=\"Amstel Printing\" \/>\n<meta property=\"article:modified_time\" content=\"2026-02-18T11:54:23+00:00\" \/>\n<meta property=\"og:image\" content=\"https:\/\/www.amstelprinting.nl\/wp-content\/uploads\/detectiepoort-hoes-bedrukken-4.png\" \/>\n\t<meta property=\"og:image:width\" content=\"900\" \/>\n\t<meta property=\"og:image:height\" content=\"900\" \/>\n\t<meta property=\"og:image:type\" content=\"image\/png\" \/>\n<meta name=\"twitter:card\" content=\"summary_large_image\" \/>\n<meta name=\"twitter:label1\" content=\"Gesch\u00e4tzte Lesezeit\" \/>\n\t<meta name=\"twitter:data1\" content=\"1\u00a0Minute\" \/>\n<script type=\"application\/ld+json\" class=\"yoast-schema-graph\">{\"@context\":\"https:\\\/\\\/schema.org\",\"@graph\":[{\"@type\":\"WebPage\",\"@id\":\"https:\\\/\\\/www.amstelprinting.nl\\\/de\\\/gesch\u00e4ft\\\/innenwerbung\\\/einzelhandel\\\/alarmsaulen-husse\\\/\",\"url\":\"https:\\\/\\\/www.amstelprinting.nl\\\/de\\\/gesch\u00e4ft\\\/innenwerbung\\\/einzelhandel\\\/alarmsaulen-husse\\\/\",\"name\":\"Alarms\u00e4ulen-Husse \u2013 Sch\u00fctzen und st\u00e4rken Sie Ihren Markenauftritt stilvoll\",\"isPartOf\":{\"@id\":\"https:\\\/\\\/www.amstelprinting.nl\\\/de\\\/#website\"},\"primaryImageOfPage\":{\"@id\":\"https:\\\/\\\/www.amstelprinting.nl\\\/de\\\/gesch\u00e4ft\\\/innenwerbung\\\/einzelhandel\\\/alarmsaulen-husse\\\/#primaryimage\"},\"image\":{\"@id\":\"https:\\\/\\\/www.amstelprinting.nl\\\/de\\\/gesch\u00e4ft\\\/innenwerbung\\\/einzelhandel\\\/alarmsaulen-husse\\\/#primaryimage\"},\"thumbnailUrl\":\"https:\\\/\\\/www.amstelprinting.nl\\\/wp-content\\\/uploads\\\/detectiepoort-hoes-bedrukken-4.png\",\"datePublished\":\"2025-01-24T10:23:02+00:00\",\"dateModified\":\"2026-02-18T11:54:23+00:00\",\"description\":\"Verleihen Sie Ihrer Sicherheitsschranke einen professionellen Look mit einer individuellen Alarms\u00e4ulen-Husse. Gestochen scharfe doppelseitige Drucke, perfekte Passform und brandsicher.\",\"breadcrumb\":{\"@id\":\"https:\\\/\\\/www.amstelprinting.nl\\\/de\\\/gesch\u00e4ft\\\/innenwerbung\\\/einzelhandel\\\/alarmsaulen-husse\\\/#breadcrumb\"},\"inLanguage\":\"de\",\"potentialAction\":[{\"@type\":\"ReadAction\",\"target\":[\"https:\\\/\\\/www.amstelprinting.nl\\\/de\\\/gesch\u00e4ft\\\/innenwerbung\\\/einzelhandel\\\/alarmsaulen-husse\\\/\"]}]},{\"@type\":\"ImageObject\",\"inLanguage\":\"de\",\"@id\":\"https:\\\/\\\/www.amstelprinting.nl\\\/de\\\/gesch\u00e4ft\\\/innenwerbung\\\/einzelhandel\\\/alarmsaulen-husse\\\/#primaryimage\",\"url\":\"https:\\\/\\\/www.amstelprinting.nl\\\/wp-content\\\/uploads\\\/detectiepoort-hoes-bedrukken-4.png\",\"contentUrl\":\"https:\\\/\\\/www.amstelprinting.nl\\\/wp-content\\\/uploads\\\/detectiepoort-hoes-bedrukken-4.png\",\"width\":900,\"height\":900},{\"@type\":\"BreadcrumbList\",\"@id\":\"https:\\\/\\\/www.amstelprinting.nl\\\/de\\\/gesch\u00e4ft\\\/innenwerbung\\\/einzelhandel\\\/alarmsaulen-husse\\\/#breadcrumb\",\"itemListElement\":[{\"@type\":\"ListItem\",\"position\":1,\"name\":\"\",\"item\":\"https:\\\/\\\/www.amstelprinting.nl\\\/de\\\/\"},{\"@type\":\"ListItem\",\"position\":2,\"name\":\"Amstel Printing\",\"item\":\"https:\\\/\\\/www.amstelprinting.nl\\\/de\\\/geschaeft\\\/\"},{\"@type\":\"ListItem\",\"position\":3,\"name\":\"Innenwerbung\",\"item\":\"https:\\\/\\\/www.amstelprinting.nl\\\/de\\\/kategorie\\\/innenwerbung\\\/\"},{\"@type\":\"ListItem\",\"position\":4,\"name\":\"Einzelhandel\",\"item\":\"https:\\\/\\\/www.amstelprinting.nl\\\/de\\\/kategorie\\\/innenwerbung\\\/einzelhandel\\\/\"},{\"@type\":\"ListItem\",\"position\":5,\"name\":\"Alarms\u00e4ulen-Husse\"}]},{\"@type\":\"WebSite\",\"@id\":\"https:\\\/\\\/www.amstelprinting.nl\\\/de\\\/#website\",\"url\":\"https:\\\/\\\/www.amstelprinting.nl\\\/de\\\/\",\"name\":\"Amstel Printing\",\"description\":\"Creating Exposure\",\"publisher\":{\"@id\":\"https:\\\/\\\/www.amstelprinting.nl\\\/de\\\/#organization\"},\"potentialAction\":[{\"@type\":\"SearchAction\",\"target\":{\"@type\":\"EntryPoint\",\"urlTemplate\":\"https:\\\/\\\/www.amstelprinting.nl\\\/de\\\/?s={search_term_string}\"},\"query-input\":{\"@type\":\"PropertyValueSpecification\",\"valueRequired\":true,\"valueName\":\"search_term_string\"}}],\"inLanguage\":\"de\"},{\"@type\":\"Organization\",\"@id\":\"https:\\\/\\\/www.amstelprinting.nl\\\/de\\\/#organization\",\"name\":\"Amstel Printing\",\"url\":\"https:\\\/\\\/www.amstelprinting.nl\\\/de\\\/\",\"logo\":{\"@type\":\"ImageObject\",\"inLanguage\":\"de\",\"@id\":\"https:\\\/\\\/www.amstelprinting.nl\\\/de\\\/#\\\/schema\\\/logo\\\/image\\\/\",\"url\":\"https:\\\/\\\/www.amstelprinting.nl\\\/wp-content\\\/uploads\\\/amstel_printing_logo_clean.png\",\"contentUrl\":\"https:\\\/\\\/www.amstelprinting.nl\\\/wp-content\\\/uploads\\\/amstel_printing_logo_clean.png\",\"width\":324,\"height\":73,\"caption\":\"Amstel Printing\"},\"image\":{\"@id\":\"https:\\\/\\\/www.amstelprinting.nl\\\/de\\\/#\\\/schema\\\/logo\\\/image\\\/\"}}]}<\/script>\n<!-- \/ Yoast SEO plugin. -->","yoast_head_json":{"title":"Alarms\u00e4ulen-Husse \u2013 Sch\u00fctzen und st\u00e4rken Sie Ihren Markenauftritt stilvoll","description":"Verleihen Sie Ihrer Sicherheitsschranke einen professionellen Look mit einer individuellen Alarms\u00e4ulen-Husse. Gestochen scharfe doppelseitige Drucke, perfekte Passform und brandsicher.","robots":{"index":"index","follow":"follow","max-snippet":"max-snippet:-1","max-image-preview":"max-image-preview:large","max-video-preview":"max-video-preview:-1"},"canonical":"https:\/\/www.amstelprinting.nl\/de\/gesch\u00e4ft\/innenwerbung\/einzelhandel\/alarmsaulen-husse\/","og_locale":"de_DE","og_type":"article","og_title":"Alarms\u00e4ulen-Husse \u2013 Sch\u00fctzen und st\u00e4rken Sie Ihren Markenauftritt stilvoll","og_description":"Verleihen Sie Ihrer Sicherheitsschranke einen professionellen Look mit einer individuellen Alarms\u00e4ulen-Husse. Gestochen scharfe doppelseitige Drucke, perfekte Passform und brandsicher.","og_url":"https:\/\/www.amstelprinting.nl\/de\/gesch\u00e4ft\/innenwerbung\/einzelhandel\/alarmsaulen-husse\/","og_site_name":"Amstel Printing","article_modified_time":"2026-02-18T11:54:23+00:00","og_image":[{"width":900,"height":900,"url":"https:\/\/www.amstelprinting.nl\/wp-content\/uploads\/detectiepoort-hoes-bedrukken-4.png","type":"image\/png"}],"twitter_card":"summary_large_image","twitter_misc":{"Gesch\u00e4tzte Lesezeit":"1\u00a0Minute"},"schema":{"@context":"https:\/\/schema.org","@graph":[{"@type":"WebPage","@id":"https:\/\/www.amstelprinting.nl\/de\/gesch\u00e4ft\/innenwerbung\/einzelhandel\/alarmsaulen-husse\/","url":"https:\/\/www.amstelprinting.nl\/de\/gesch\u00e4ft\/innenwerbung\/einzelhandel\/alarmsaulen-husse\/","name":"Alarms\u00e4ulen-Husse \u2013 Sch\u00fctzen und st\u00e4rken Sie Ihren Markenauftritt stilvoll","isPartOf":{"@id":"https:\/\/www.amstelprinting.nl\/de\/#website"},"primaryImageOfPage":{"@id":"https:\/\/www.amstelprinting.nl\/de\/gesch\u00e4ft\/innenwerbung\/einzelhandel\/alarmsaulen-husse\/#primaryimage"},"image":{"@id":"https:\/\/www.amstelprinting.nl\/de\/gesch\u00e4ft\/innenwerbung\/einzelhandel\/alarmsaulen-husse\/#primaryimage"},"thumbnailUrl":"https:\/\/www.amstelprinting.nl\/wp-content\/uploads\/detectiepoort-hoes-bedrukken-4.png","datePublished":"2025-01-24T10:23:02+00:00","dateModified":"2026-02-18T11:54:23+00:00","description":"Verleihen Sie Ihrer Sicherheitsschranke einen professionellen Look mit einer individuellen Alarms\u00e4ulen-Husse. Gestochen scharfe doppelseitige Drucke, perfekte Passform und brandsicher.","breadcrumb":{"@id":"https:\/\/www.amstelprinting.nl\/de\/gesch\u00e4ft\/innenwerbung\/einzelhandel\/alarmsaulen-husse\/#breadcrumb"},"inLanguage":"de","potentialAction":[{"@type":"ReadAction","target":["https:\/\/www.amstelprinting.nl\/de\/gesch\u00e4ft\/innenwerbung\/einzelhandel\/alarmsaulen-husse\/"]}]},{"@type":"ImageObject","inLanguage":"de","@id":"https:\/\/www.amstelprinting.nl\/de\/gesch\u00e4ft\/innenwerbung\/einzelhandel\/alarmsaulen-husse\/#primaryimage","url":"https:\/\/www.amstelprinting.nl\/wp-content\/uploads\/detectiepoort-hoes-bedrukken-4.png","contentUrl":"https:\/\/www.amstelprinting.nl\/wp-content\/uploads\/detectiepoort-hoes-bedrukken-4.png","width":900,"height":900},{"@type":"BreadcrumbList","@id":"https:\/\/www.amstelprinting.nl\/de\/gesch\u00e4ft\/innenwerbung\/einzelhandel\/alarmsaulen-husse\/#breadcrumb","itemListElement":[{"@type":"ListItem","position":1,"name":"","item":"https:\/\/www.amstelprinting.nl\/de\/"},{"@type":"ListItem","position":2,"name":"Amstel Printing","item":"https:\/\/www.amstelprinting.nl\/de\/geschaeft\/"},{"@type":"ListItem","position":3,"name":"Innenwerbung","item":"https:\/\/www.amstelprinting.nl\/de\/kategorie\/innenwerbung\/"},{"@type":"ListItem","position":4,"name":"Einzelhandel","item":"https:\/\/www.amstelprinting.nl\/de\/kategorie\/innenwerbung\/einzelhandel\/"},{"@type":"ListItem","position":5,"name":"Alarms\u00e4ulen-Husse"}]},{"@type":"WebSite","@id":"https:\/\/www.amstelprinting.nl\/de\/#website","url":"https:\/\/www.amstelprinting.nl\/de\/","name":"Amstel Printing","description":"Creating Exposure","publisher":{"@id":"https:\/\/www.amstelprinting.nl\/de\/#organization"},"potentialAction":[{"@type":"SearchAction","target":{"@type":"EntryPoint","urlTemplate":"https:\/\/www.amstelprinting.nl\/de\/?s={search_term_string}"},"query-input":{"@type":"PropertyValueSpecification","valueRequired":true,"valueName":"search_term_string"}}],"inLanguage":"de"},{"@type":"Organization","@id":"https:\/\/www.amstelprinting.nl\/de\/#organization","name":"Amstel Printing","url":"https:\/\/www.amstelprinting.nl\/de\/","logo":{"@type":"ImageObject","inLanguage":"de","@id":"https:\/\/www.amstelprinting.nl\/de\/#\/schema\/logo\/image\/","url":"https:\/\/www.amstelprinting.nl\/wp-content\/uploads\/amstel_printing_logo_clean.png","contentUrl":"https:\/\/www.amstelprinting.nl\/wp-content\/uploads\/amstel_printing_logo_clean.png","width":324,"height":73,"caption":"Amstel Printing"},"image":{"@id":"https:\/\/www.amstelprinting.nl\/de\/#\/schema\/logo\/image\/"}}]}},"_links":{"self":[{"href":"https:\/\/www.amstelprinting.nl\/de\/wp-json\/wp\/v2\/product\/15136","targetHints":{"allow":["GET"]}}],"collection":[{"href":"https:\/\/www.amstelprinting.nl\/de\/wp-json\/wp\/v2\/product"}],"about":[{"href":"https:\/\/www.amstelprinting.nl\/de\/wp-json\/wp\/v2\/types\/product"}],"wp:featuredmedia":[{"embeddable":true,"href":"https:\/\/www.amstelprinting.nl\/de\/wp-json\/wp\/v2\/media\/15138"}],"wp:attachment":[{"href":"https:\/\/www.amstelprinting.nl\/de\/wp-json\/wp\/v2\/media?parent=15136"}],"wp:term":[{"taxonomy":"product_brand","embeddable":true,"href":"https:\/\/www.amstelprinting.nl\/de\/wp-json\/wp\/v2\/product_brand?post=15136"},{"taxonomy":"product_cat","embeddable":true,"href":"https:\/\/www.amstelprinting.nl\/de\/wp-json\/wp\/v2\/product_cat?post=15136"},{"taxonomy":"product_tag","embeddable":true,"href":"https:\/\/www.amstelprinting.nl\/de\/wp-json\/wp\/v2\/product_tag?post=15136"}],"curies":[{"name":"wp","href":"https:\/\/api.w.org\/{rel}","templated":true}]}}