{"id":15149,"date":"2025-01-24T11:22:55","date_gmt":"2025-01-24T10:22:55","guid":{"rendered":"https:\/\/www.amstelprinting.nl\/winkel\/unkategorisiert\/gebogen-pop-up-wand\/"},"modified":"2026-02-18T12:54:24","modified_gmt":"2026-02-18T11:54:24","slug":"gebogene-pop-up-wand","status":"publish","type":"product","link":"https:\/\/www.amstelprinting.nl\/de\/gesch\u00e4ft\/messe-event\/ausstellungswande\/gebogene-pop-up-wand\/","title":{"rendered":"Gebogene Pop-up-Wand"},"content":{"rendered":"<h3>Formate: Medium oder Large<\/h3>\n<p>W\u00e4hlen Sie aus zwei Formaten:<\/p>\n<ul>\n<li>Medium, mit einem Druck von 335,8 cm x 225,6 cm<\/li>\n<li>Large, mit einem Druck von 405,8 cm x 225,6 cm<\/li>\n<\/ul>\n<p>&nbsp;<\/p>\n<h3>Gebogene Pop-up-Wand bedruckken: Vorlagen<\/h3>\n<p>Unter Downloads k\u00f6nnen Sie die Vorlagen f\u00fcr beide Abmessungen herunterladen. Sie k\u00f6nnen Ihren Entwurf auch ganz einfach im Bestellprozess hochladen. W\u00e4hlen Sie ein eigenes Design oder Foto, oder entscheiden Sie sich f\u00fcr eines unserer 20.000 Standardmuster.<\/p>\n<h3>Material des Systems<\/h3>\n<p>Unsere gebogene Pop-up-Wand ist aus hochwertigem flexiblem PVC gefertigt, einem Material, das sich sowohl durch Flexibilit\u00e4t als auch durch Langlebigkeit auszeichnet. Das Material ist zudem pflegeleicht und einfach zu reinigen, was es ideal f\u00fcr die Wiederverwendung und den langfristigen Gebrauch macht.<\/p>\n<h3>Aufbau der gebogenen Pop-up-Wand<\/h3>\n<p>Jede Pop-up-Wand ist sorgf\u00e4ltig mit einem Aufh\u00e4ngeprofil und Magnetstreifen ausgestattet. Dies sorgt f\u00fcr eine schnelle und einfache Montage, bei der das Tuch m\u00fchelos an seinem Platz bleibt und eine glatte Pr\u00e4sentation ohne Falten oder Knitter bietet.<\/p>\n<h3>Aufbewahrung und Transport<\/h3>\n<p>Die gebogene Pop-up-Messewand wird mit einem fahrbaren Trolley geliefert, so dass Sie diese problemlos zu Ihrer n\u00e4chsten Veranstaltung oder Messe transportieren k\u00f6nnen. Dar\u00fcber hinaus ist diverses Zubeh\u00f6r erh\u00e4ltlich, darunter LED-Beleuchtung f\u00fcr optimale Sichtbarkeit.<\/p>\n","protected":false},"excerpt":{"rendered":"<h3>Komplette Pr\u00e4sentationswand. Kompakt: inklusive Trolley.<\/h3>\n<p>Beeindrucken Sie Ihr Publikum mit unserer gebogenen Pop-up-Wand, einer perfekten Kombination aus Einfachheit und Wirkung. Die gebogene Messewand ist f\u00fcr eine m\u00fchelose Installation konzipiert und l\u00e4sst sich zudem mit dem mitgelieferten Trolley leicht transportieren. W\u00e4hlen Sie zwischen einem Komplettset mit Tuch und Rahmen oder bestellen Sie nur ein einzelnes Tuch.<\/p>\n","protected":false},"featured_media":15150,"template":"","meta":{"_et_pb_use_builder":"","_et_pb_old_content":"","_et_gb_content_width":""},"product_brand":[],"product_cat":[911,899],"product_tag":[],"class_list":{"0":"post-15149","1":"product","2":"type-product","3":"status-publish","4":"has-post-thumbnail","6":"product_cat-ausstellungswande","7":"product_cat-messe-event","9":"first","10":"instock","11":"taxable","12":"shipping-taxable","13":"purchasable","14":"product-type-simple"},"yoast_head":"<!-- This site is optimized with the Yoast SEO plugin v27.3 - https:\/\/yoast.com\/product\/yoast-seo-wordpress\/ -->\n<title>Gebogene Pop-up-Wand \u2013 Schneller Aufbau &amp; Professionelles Pr\u00e4sentieren<\/title>\n<meta name=\"description\" content=\"Schaffen Sie ein beeindruckendes Markenerlebnis mit der flexiblen gebogenen Pop-up-Wand. Klare Full-Color-Prints \u2013 perfekt f\u00fcr jedes gesch\u00e4ftliche Event.\" \/>\n<meta name=\"robots\" content=\"index, follow, max-snippet:-1, max-image-preview:large, max-video-preview:-1\" \/>\n<link rel=\"canonical\" href=\"https:\/\/www.amstelprinting.nl\/de\/gesch\u00e4ft\/messe-event\/ausstellungswande\/gebogene-pop-up-wand\/\" \/>\n<meta property=\"og:locale\" content=\"de_DE\" \/>\n<meta property=\"og:type\" content=\"article\" \/>\n<meta property=\"og:title\" content=\"Gebogene Pop-up-Wand \u2013 Schneller Aufbau &amp; Professionelles Pr\u00e4sentieren\" \/>\n<meta property=\"og:description\" content=\"Schaffen Sie ein beeindruckendes Markenerlebnis mit der flexiblen gebogenen Pop-up-Wand. Klare Full-Color-Prints \u2013 perfekt f\u00fcr jedes gesch\u00e4ftliche Event.\" \/>\n<meta property=\"og:url\" content=\"https:\/\/www.amstelprinting.nl\/de\/gesch\u00e4ft\/messe-event\/ausstellungswande\/gebogene-pop-up-wand\/\" \/>\n<meta property=\"og:site_name\" content=\"Amstel Printing\" \/>\n<meta property=\"article:modified_time\" content=\"2026-02-18T11:54:24+00:00\" \/>\n<meta property=\"og:image\" content=\"https:\/\/www.amstelprinting.nl\/wp-content\/uploads\/gebogen-pop-up-wand-bedrukken.png\" \/>\n\t<meta property=\"og:image:width\" content=\"900\" \/>\n\t<meta property=\"og:image:height\" content=\"900\" \/>\n\t<meta property=\"og:image:type\" content=\"image\/png\" \/>\n<meta name=\"twitter:card\" content=\"summary_large_image\" \/>\n<meta name=\"twitter:label1\" content=\"Gesch\u00e4tzte Lesezeit\" \/>\n\t<meta name=\"twitter:data1\" content=\"1\u00a0Minute\" \/>\n<script type=\"application\/ld+json\" class=\"yoast-schema-graph\">{\"@context\":\"https:\\\/\\\/schema.org\",\"@graph\":[{\"@type\":\"WebPage\",\"@id\":\"https:\\\/\\\/www.amstelprinting.nl\\\/de\\\/gesch\u00e4ft\\\/messe-event\\\/ausstellungswande\\\/gebogene-pop-up-wand\\\/\",\"url\":\"https:\\\/\\\/www.amstelprinting.nl\\\/de\\\/gesch\u00e4ft\\\/messe-event\\\/ausstellungswande\\\/gebogene-pop-up-wand\\\/\",\"name\":\"Gebogene Pop-up-Wand \u2013 Schneller Aufbau & Professionelles Pr\u00e4sentieren\",\"isPartOf\":{\"@id\":\"https:\\\/\\\/www.amstelprinting.nl\\\/de\\\/#website\"},\"primaryImageOfPage\":{\"@id\":\"https:\\\/\\\/www.amstelprinting.nl\\\/de\\\/gesch\u00e4ft\\\/messe-event\\\/ausstellungswande\\\/gebogene-pop-up-wand\\\/#primaryimage\"},\"image\":{\"@id\":\"https:\\\/\\\/www.amstelprinting.nl\\\/de\\\/gesch\u00e4ft\\\/messe-event\\\/ausstellungswande\\\/gebogene-pop-up-wand\\\/#primaryimage\"},\"thumbnailUrl\":\"https:\\\/\\\/www.amstelprinting.nl\\\/wp-content\\\/uploads\\\/gebogen-pop-up-wand-bedrukken.png\",\"datePublished\":\"2025-01-24T10:22:55+00:00\",\"dateModified\":\"2026-02-18T11:54:24+00:00\",\"description\":\"Schaffen Sie ein beeindruckendes Markenerlebnis mit der flexiblen gebogenen Pop-up-Wand. Klare Full-Color-Prints \u2013 perfekt f\u00fcr jedes gesch\u00e4ftliche Event.\",\"breadcrumb\":{\"@id\":\"https:\\\/\\\/www.amstelprinting.nl\\\/de\\\/gesch\u00e4ft\\\/messe-event\\\/ausstellungswande\\\/gebogene-pop-up-wand\\\/#breadcrumb\"},\"inLanguage\":\"de\",\"potentialAction\":[{\"@type\":\"ReadAction\",\"target\":[\"https:\\\/\\\/www.amstelprinting.nl\\\/de\\\/gesch\u00e4ft\\\/messe-event\\\/ausstellungswande\\\/gebogene-pop-up-wand\\\/\"]}]},{\"@type\":\"ImageObject\",\"inLanguage\":\"de\",\"@id\":\"https:\\\/\\\/www.amstelprinting.nl\\\/de\\\/gesch\u00e4ft\\\/messe-event\\\/ausstellungswande\\\/gebogene-pop-up-wand\\\/#primaryimage\",\"url\":\"https:\\\/\\\/www.amstelprinting.nl\\\/wp-content\\\/uploads\\\/gebogen-pop-up-wand-bedrukken.png\",\"contentUrl\":\"https:\\\/\\\/www.amstelprinting.nl\\\/wp-content\\\/uploads\\\/gebogen-pop-up-wand-bedrukken.png\",\"width\":900,\"height\":900},{\"@type\":\"BreadcrumbList\",\"@id\":\"https:\\\/\\\/www.amstelprinting.nl\\\/de\\\/gesch\u00e4ft\\\/messe-event\\\/ausstellungswande\\\/gebogene-pop-up-wand\\\/#breadcrumb\",\"itemListElement\":[{\"@type\":\"ListItem\",\"position\":1,\"name\":\"\",\"item\":\"https:\\\/\\\/www.amstelprinting.nl\\\/de\\\/\"},{\"@type\":\"ListItem\",\"position\":2,\"name\":\"Amstel Printing\",\"item\":\"https:\\\/\\\/www.amstelprinting.nl\\\/de\\\/geschaeft\\\/\"},{\"@type\":\"ListItem\",\"position\":3,\"name\":\"Messe &amp; Event\",\"item\":\"https:\\\/\\\/www.amstelprinting.nl\\\/de\\\/kategorie\\\/messe-event\\\/\"},{\"@type\":\"ListItem\",\"position\":4,\"name\":\"Ausstellungsw\u00e4nde\",\"item\":\"https:\\\/\\\/www.amstelprinting.nl\\\/de\\\/kategorie\\\/messe-event\\\/ausstellungswande\\\/\"},{\"@type\":\"ListItem\",\"position\":5,\"name\":\"Gebogene Pop-up-Wand\"}]},{\"@type\":\"WebSite\",\"@id\":\"https:\\\/\\\/www.amstelprinting.nl\\\/de\\\/#website\",\"url\":\"https:\\\/\\\/www.amstelprinting.nl\\\/de\\\/\",\"name\":\"Amstel Printing\",\"description\":\"Creating Exposure\",\"publisher\":{\"@id\":\"https:\\\/\\\/www.amstelprinting.nl\\\/de\\\/#organization\"},\"potentialAction\":[{\"@type\":\"SearchAction\",\"target\":{\"@type\":\"EntryPoint\",\"urlTemplate\":\"https:\\\/\\\/www.amstelprinting.nl\\\/de\\\/?s={search_term_string}\"},\"query-input\":{\"@type\":\"PropertyValueSpecification\",\"valueRequired\":true,\"valueName\":\"search_term_string\"}}],\"inLanguage\":\"de\"},{\"@type\":\"Organization\",\"@id\":\"https:\\\/\\\/www.amstelprinting.nl\\\/de\\\/#organization\",\"name\":\"Amstel Printing\",\"url\":\"https:\\\/\\\/www.amstelprinting.nl\\\/de\\\/\",\"logo\":{\"@type\":\"ImageObject\",\"inLanguage\":\"de\",\"@id\":\"https:\\\/\\\/www.amstelprinting.nl\\\/de\\\/#\\\/schema\\\/logo\\\/image\\\/\",\"url\":\"https:\\\/\\\/www.amstelprinting.nl\\\/wp-content\\\/uploads\\\/amstel_printing_logo_clean.png\",\"contentUrl\":\"https:\\\/\\\/www.amstelprinting.nl\\\/wp-content\\\/uploads\\\/amstel_printing_logo_clean.png\",\"width\":324,\"height\":73,\"caption\":\"Amstel Printing\"},\"image\":{\"@id\":\"https:\\\/\\\/www.amstelprinting.nl\\\/de\\\/#\\\/schema\\\/logo\\\/image\\\/\"}}]}<\/script>\n<!-- \/ Yoast SEO plugin. -->","yoast_head_json":{"title":"Gebogene Pop-up-Wand \u2013 Schneller Aufbau & Professionelles Pr\u00e4sentieren","description":"Schaffen Sie ein beeindruckendes Markenerlebnis mit der flexiblen gebogenen Pop-up-Wand. Klare Full-Color-Prints \u2013 perfekt f\u00fcr jedes gesch\u00e4ftliche Event.","robots":{"index":"index","follow":"follow","max-snippet":"max-snippet:-1","max-image-preview":"max-image-preview:large","max-video-preview":"max-video-preview:-1"},"canonical":"https:\/\/www.amstelprinting.nl\/de\/gesch\u00e4ft\/messe-event\/ausstellungswande\/gebogene-pop-up-wand\/","og_locale":"de_DE","og_type":"article","og_title":"Gebogene Pop-up-Wand \u2013 Schneller Aufbau & Professionelles Pr\u00e4sentieren","og_description":"Schaffen Sie ein beeindruckendes Markenerlebnis mit der flexiblen gebogenen Pop-up-Wand. Klare Full-Color-Prints \u2013 perfekt f\u00fcr jedes gesch\u00e4ftliche Event.","og_url":"https:\/\/www.amstelprinting.nl\/de\/gesch\u00e4ft\/messe-event\/ausstellungswande\/gebogene-pop-up-wand\/","og_site_name":"Amstel Printing","article_modified_time":"2026-02-18T11:54:24+00:00","og_image":[{"width":900,"height":900,"url":"https:\/\/www.amstelprinting.nl\/wp-content\/uploads\/gebogen-pop-up-wand-bedrukken.png","type":"image\/png"}],"twitter_card":"summary_large_image","twitter_misc":{"Gesch\u00e4tzte Lesezeit":"1\u00a0Minute"},"schema":{"@context":"https:\/\/schema.org","@graph":[{"@type":"WebPage","@id":"https:\/\/www.amstelprinting.nl\/de\/gesch\u00e4ft\/messe-event\/ausstellungswande\/gebogene-pop-up-wand\/","url":"https:\/\/www.amstelprinting.nl\/de\/gesch\u00e4ft\/messe-event\/ausstellungswande\/gebogene-pop-up-wand\/","name":"Gebogene Pop-up-Wand \u2013 Schneller Aufbau & Professionelles Pr\u00e4sentieren","isPartOf":{"@id":"https:\/\/www.amstelprinting.nl\/de\/#website"},"primaryImageOfPage":{"@id":"https:\/\/www.amstelprinting.nl\/de\/gesch\u00e4ft\/messe-event\/ausstellungswande\/gebogene-pop-up-wand\/#primaryimage"},"image":{"@id":"https:\/\/www.amstelprinting.nl\/de\/gesch\u00e4ft\/messe-event\/ausstellungswande\/gebogene-pop-up-wand\/#primaryimage"},"thumbnailUrl":"https:\/\/www.amstelprinting.nl\/wp-content\/uploads\/gebogen-pop-up-wand-bedrukken.png","datePublished":"2025-01-24T10:22:55+00:00","dateModified":"2026-02-18T11:54:24+00:00","description":"Schaffen Sie ein beeindruckendes Markenerlebnis mit der flexiblen gebogenen Pop-up-Wand. Klare Full-Color-Prints \u2013 perfekt f\u00fcr jedes gesch\u00e4ftliche Event.","breadcrumb":{"@id":"https:\/\/www.amstelprinting.nl\/de\/gesch\u00e4ft\/messe-event\/ausstellungswande\/gebogene-pop-up-wand\/#breadcrumb"},"inLanguage":"de","potentialAction":[{"@type":"ReadAction","target":["https:\/\/www.amstelprinting.nl\/de\/gesch\u00e4ft\/messe-event\/ausstellungswande\/gebogene-pop-up-wand\/"]}]},{"@type":"ImageObject","inLanguage":"de","@id":"https:\/\/www.amstelprinting.nl\/de\/gesch\u00e4ft\/messe-event\/ausstellungswande\/gebogene-pop-up-wand\/#primaryimage","url":"https:\/\/www.amstelprinting.nl\/wp-content\/uploads\/gebogen-pop-up-wand-bedrukken.png","contentUrl":"https:\/\/www.amstelprinting.nl\/wp-content\/uploads\/gebogen-pop-up-wand-bedrukken.png","width":900,"height":900},{"@type":"BreadcrumbList","@id":"https:\/\/www.amstelprinting.nl\/de\/gesch\u00e4ft\/messe-event\/ausstellungswande\/gebogene-pop-up-wand\/#breadcrumb","itemListElement":[{"@type":"ListItem","position":1,"name":"","item":"https:\/\/www.amstelprinting.nl\/de\/"},{"@type":"ListItem","position":2,"name":"Amstel Printing","item":"https:\/\/www.amstelprinting.nl\/de\/geschaeft\/"},{"@type":"ListItem","position":3,"name":"Messe &amp; Event","item":"https:\/\/www.amstelprinting.nl\/de\/kategorie\/messe-event\/"},{"@type":"ListItem","position":4,"name":"Ausstellungsw\u00e4nde","item":"https:\/\/www.amstelprinting.nl\/de\/kategorie\/messe-event\/ausstellungswande\/"},{"@type":"ListItem","position":5,"name":"Gebogene Pop-up-Wand"}]},{"@type":"WebSite","@id":"https:\/\/www.amstelprinting.nl\/de\/#website","url":"https:\/\/www.amstelprinting.nl\/de\/","name":"Amstel Printing","description":"Creating Exposure","publisher":{"@id":"https:\/\/www.amstelprinting.nl\/de\/#organization"},"potentialAction":[{"@type":"SearchAction","target":{"@type":"EntryPoint","urlTemplate":"https:\/\/www.amstelprinting.nl\/de\/?s={search_term_string}"},"query-input":{"@type":"PropertyValueSpecification","valueRequired":true,"valueName":"search_term_string"}}],"inLanguage":"de"},{"@type":"Organization","@id":"https:\/\/www.amstelprinting.nl\/de\/#organization","name":"Amstel Printing","url":"https:\/\/www.amstelprinting.nl\/de\/","logo":{"@type":"ImageObject","inLanguage":"de","@id":"https:\/\/www.amstelprinting.nl\/de\/#\/schema\/logo\/image\/","url":"https:\/\/www.amstelprinting.nl\/wp-content\/uploads\/amstel_printing_logo_clean.png","contentUrl":"https:\/\/www.amstelprinting.nl\/wp-content\/uploads\/amstel_printing_logo_clean.png","width":324,"height":73,"caption":"Amstel Printing"},"image":{"@id":"https:\/\/www.amstelprinting.nl\/de\/#\/schema\/logo\/image\/"}}]}},"_links":{"self":[{"href":"https:\/\/www.amstelprinting.nl\/de\/wp-json\/wp\/v2\/product\/15149","targetHints":{"allow":["GET"]}}],"collection":[{"href":"https:\/\/www.amstelprinting.nl\/de\/wp-json\/wp\/v2\/product"}],"about":[{"href":"https:\/\/www.amstelprinting.nl\/de\/wp-json\/wp\/v2\/types\/product"}],"wp:featuredmedia":[{"embeddable":true,"href":"https:\/\/www.amstelprinting.nl\/de\/wp-json\/wp\/v2\/media\/15150"}],"wp:attachment":[{"href":"https:\/\/www.amstelprinting.nl\/de\/wp-json\/wp\/v2\/media?parent=15149"}],"wp:term":[{"taxonomy":"product_brand","embeddable":true,"href":"https:\/\/www.amstelprinting.nl\/de\/wp-json\/wp\/v2\/product_brand?post=15149"},{"taxonomy":"product_cat","embeddable":true,"href":"https:\/\/www.amstelprinting.nl\/de\/wp-json\/wp\/v2\/product_cat?post=15149"},{"taxonomy":"product_tag","embeddable":true,"href":"https:\/\/www.amstelprinting.nl\/de\/wp-json\/wp\/v2\/product_tag?post=15149"}],"curies":[{"name":"wp","href":"https:\/\/api.w.org\/{rel}","templated":true}]}}