{"id":15159,"date":"2025-01-24T11:22:47","date_gmt":"2025-01-24T10:22:47","guid":{"rendered":"https:\/\/www.amstelprinting.nl\/winkel\/unkategorisiert\/beurswanden\/"},"modified":"2026-02-18T12:54:25","modified_gmt":"2026-02-18T11:54:25","slug":"messewande","status":"publish","type":"product","link":"https:\/\/www.amstelprinting.nl\/de\/gesch\u00e4ft\/messe-event\/ausstellungswande\/messewande\/","title":{"rendered":"Messew\u00e4nde"},"content":{"rendered":"<h2><strong>\u00dcbersicht \u00fcber unsere Messew\u00e4nde<\/strong><\/h2>\n<h3>Gerade Pop-up Wand<\/h3>\n<p>Die gerade Pop-up Wand bietet ein straffes und modernes Aussehen mit einem Druck auf Dekostoff oder Blackback Soft. Diese W\u00e4nde sind perfekt f\u00fcr gerade Aufstellungen und bieten eine hervorragende visuelle Wirkung. Zu diesem Modell erhalten Sie eine praktische Trolley-Tasche.<\/p>\n<h3>Gebogene Pop-up Wand<\/h3>\n<p>Unsere gebogene Pop-up Wand ist mit einem Druck auf flexiblem PVC versehen, und die gebogene Form sorgt f\u00fcr eine visuell ansprechende und ger\u00e4umige Pr\u00e4sentation. Inklusive eines handlichen Koffers mit Rollen, damit Sie die Wand problemlos an jedem Ort transportieren und aufbauen k\u00f6nnen.<\/p>\n<h3>Roll-up XXL<\/h3>\n<p>F\u00fcr eine beeindruckende Wirkung ist unser Roll-up XXL die perfekte Wahl. Mit einer Druckbreite von 200 cm ist dies der gro\u00dfe Bruder des bekannten Standard-Roll-up-Banners. Dieser Roll-up-Banner ist mit einem Druck auf Airtex\u00ae-Gewebe versehen (benutzerfreundlich und knitterfrei). Optional kann der Roll-up XXL auch mit einem umweltfreundlicheren Tuch ausgef\u00fchrt werden: Sanotext (PVC-frei!).<\/p>\n<p>Trotz der Gr\u00f6\u00dfe ist dieser gro\u00dfe Roll-up-Banner leicht zu transportieren (also perfekt f\u00fcr Messen). Der Roll-up XXL Banner wird n\u00e4mlich immer inklusive einer kompakten Tragetasche geliefert. Im Handumdrehen ist dieser Roll-up XXL Banner einsatzbereit. Sie ben\u00f6tigen f\u00fcr die Montage kein Werkzeug! Der Roll-up XXL Banner ist in nicht weniger als drei verschiedenen H\u00f6hen erh\u00e4ltlich (alle 200 cm breit):<\/p>\n<ul>\n<li>200 x 200 cm (B x H)<\/li>\n<li>200 x 250 cm (B x H)<\/li>\n<li>200 x 300 cm (B x H)<\/li>\n<\/ul>\n<p>Der einfache Transport und die kompakten Ma\u00dfe sind die Hauptgr\u00fcnde, warum der Roll-up-Banner XXL bei Ausstellern auf Messen beliebt ist. Ein weiterer wichtiger Faktor ist, dass das Material brandsicher ist und \u00fcber ein B1-Zertifikat verf\u00fcgt (oft erforderlich f\u00fcr professionelle und werbliche Innennutzung in \u00f6ffentlichen R\u00e4umen).<\/p>\n<h3>Zipper-Wand<\/h3>\n<p>Die (leicht gebogene) Zipper-Wand bietet eine vielseitige und elegante L\u00f6sung f\u00fcr jede Pr\u00e4sentation. Der Stoff der Zipper-Wand besteht aus Dekostoff und ist rundum mit einem stabilen Rei\u00dfverschluss versehen. Sowohl die Vorder- als auch die R\u00fcckseite k\u00f6nnen bedruckt werden. Die Zipper-Wand wird standardm\u00e4\u00dfig in einer praktischen Tasche geliefert. Diese 230 cm hohe Messewand ist in drei verschiedenen Breiten lieferbar: 300 cm, 400 cm und 500 cm. Installation? Das ist in 5-10 Minuten erledigt (ohne Werkzeug).<\/p>\n<h3>Messerahmen<\/h3>\n<p>F\u00fcr eine einfache und robuste L\u00f6sung w\u00e4hlen Sie unseren Messerahmen. Dieser solide Aluminiumrahmen bietet eine flexible Basis f\u00fcr Ihre Pr\u00e4sentation und kann einfach mit separat bestellbaren Drucken angepasst werden.<\/p>\n<h3>Modulare Messewand: De Inhaker\u00ae<\/h3>\n<p>Wenn Modularit\u00e4t gew\u00fcnscht wird, bieten die sch\u00f6nen soliden Systeme von De Inhaker\u00ae die L\u00f6sung. Mit der De Inhaker\u00ae Messewand k\u00f6nnen endlose Kombinationen erstellt werden. Koppeln Sie mehrere Messew\u00e4nde aneinander, um eine endlose Wandl\u00e4nge zu schaffen. Auch Eckkombinationen k\u00f6nnen mit De Inhaker\u00ae einfach realisiert werden. Ausgestattet mit einem doppelseitigen Druck. Und die Montage ist bereits in 15 Minuten abgeschlossen. Mixen und kombinieren Sie und entwerfen Sie hier Ihre modulare Messewand nach Wunsch.<\/p>\n<h3>Materialien<\/h3>\n<ul>\n<li><strong>Flexibles PVC<\/strong>: ein Material, das sich sowohl durch Flexibilit\u00e4t als auch durch Langlebigkeit auszeichnet. Das Material ist zudem pflegeleicht und einfach zu reinigen, was es ideal f\u00fcr die Wiederverwendung sowie f\u00fcr den langfristigen Einsatz macht.<\/li>\n<li><strong>Dekostoff<\/strong>: Dieser Stoff bietet eine verbluffende Farbwiedergabe, die wirklich jedes Bild lebendig und strahlend macht. Die matte Oberfl\u00e4che verhindert unerw\u00fcnschte Reflexionen, sodass Ihr Druck immer deutlich sichtbar bleibt. Inklusive B1-Zertifikat.<\/li>\n<li><strong>Blackback Soft<\/strong>: ein Polyester-Blockout-Gewebe mit einer schwarzen R\u00fcckseite (gegen Lichtdurchl\u00e4ssigkeit).<\/li>\n<li><strong>Airtex\u00ae<\/strong>: Dieses knitterfreie PVC-Gewebe von 330 g\/m\u00b2 ist einfach in der Handhabung und B1-zertifiziert f\u00fcr Brandsicherheit, was es perfekt f\u00fcr Messen und Veranstaltungen macht.<\/li>\n<\/ul>\n<p>&nbsp;<\/p>\n<h3>Nachbestellung von Drucken<\/h3>\n<p>Die Investition, die Sie beim Kauf eines Messeprodukts t\u00e4tigen, ist eine langfristige Investition. F\u00fcr die Zipper-Wand, die gebogenen und geraden Pop-up-W\u00e4nde und den Messerahmen k\u00f6nnen Sie einzelne Drucke nachbestellen. Dies erm\u00f6glicht es Ihnen, Ihre Messewand regelm\u00e4\u00dfig zu erneuern und an verschiedene Kampagnen oder Veranstaltungen anzupassen. Erstellen Sie ganz einfach Ihr eigenes Design mithilfe der verf\u00fcgbaren Vorlagen in unseren Downloads oder w\u00e4hlen Sie eines unserer bestehenden Designs.<\/p>\n","protected":false},"excerpt":{"rendered":"<p>Eine erfolgreiche Messe oder Veranstaltung beginnt mit einer starken visuellen Pr\u00e4sentation. Unsere Messew\u00e4nde bieten die perfekte L\u00f6sung, um Ihren Stand hervorzuheben und Ihre Botschaft kraftvoll zu vermitteln. Stellen Sie unten in wenigen Schritten Ihre Messewand mit Bedruckung zusammen!<\/p>\n","protected":false},"featured_media":15160,"template":"","meta":{"_et_pb_use_builder":"","_et_pb_old_content":"","_et_gb_content_width":""},"product_brand":[],"product_cat":[911,899],"product_tag":[],"class_list":{"0":"post-15159","1":"product","2":"type-product","3":"status-publish","4":"has-post-thumbnail","6":"product_cat-ausstellungswande","7":"product_cat-messe-event","9":"first","10":"instock","11":"taxable","12":"shipping-taxable","13":"purchasable","14":"product-type-simple"},"yoast_head":"<!-- This site is optimized with the Yoast SEO plugin v27.3 - https:\/\/yoast.com\/product\/yoast-seo-wordpress\/ -->\n<title>Messew\u00e4nde f\u00fcr maximale Aufmerksamkeit \u2013 Komplett &amp; schnell geliefert<\/title>\n<meta name=\"description\" content=\"Entdecken Sie die perfekte Messewand f\u00fcr Ihre Pr\u00e4sentation: Wahl aus 5 Typen, eigenes Design, transportfertig mit Trolleys oder Koffern und Option f\u00fcr LED-Beleuchtung.\" \/>\n<meta name=\"robots\" content=\"index, follow, max-snippet:-1, max-image-preview:large, max-video-preview:-1\" \/>\n<link rel=\"canonical\" href=\"https:\/\/www.amstelprinting.nl\/de\/gesch\u00e4ft\/messe-event\/ausstellungswande\/messewande\/\" \/>\n<meta property=\"og:locale\" content=\"de_DE\" \/>\n<meta property=\"og:type\" content=\"article\" \/>\n<meta property=\"og:title\" content=\"Messew\u00e4nde f\u00fcr maximale Aufmerksamkeit \u2013 Komplett &amp; schnell geliefert\" \/>\n<meta property=\"og:description\" content=\"Entdecken Sie die perfekte Messewand f\u00fcr Ihre Pr\u00e4sentation: Wahl aus 5 Typen, eigenes Design, transportfertig mit Trolleys oder Koffern und Option f\u00fcr LED-Beleuchtung.\" \/>\n<meta property=\"og:url\" content=\"https:\/\/www.amstelprinting.nl\/de\/gesch\u00e4ft\/messe-event\/ausstellungswande\/messewande\/\" \/>\n<meta property=\"og:site_name\" content=\"Amstel Printing\" \/>\n<meta property=\"article:modified_time\" content=\"2026-02-18T11:54:25+00:00\" \/>\n<meta property=\"og:image\" content=\"https:\/\/www.amstelprinting.nl\/wp-content\/uploads\/Beurswanden.jpg\" \/>\n\t<meta property=\"og:image:width\" content=\"700\" \/>\n\t<meta property=\"og:image:height\" content=\"700\" \/>\n\t<meta property=\"og:image:type\" content=\"image\/jpeg\" \/>\n<meta name=\"twitter:card\" content=\"summary_large_image\" \/>\n<meta name=\"twitter:label1\" content=\"Gesch\u00e4tzte Lesezeit\" \/>\n\t<meta name=\"twitter:data1\" content=\"3\u00a0Minuten\" \/>\n<script type=\"application\/ld+json\" class=\"yoast-schema-graph\">{\"@context\":\"https:\\\/\\\/schema.org\",\"@graph\":[{\"@type\":\"WebPage\",\"@id\":\"https:\\\/\\\/www.amstelprinting.nl\\\/de\\\/gesch\u00e4ft\\\/messe-event\\\/ausstellungswande\\\/messewande\\\/\",\"url\":\"https:\\\/\\\/www.amstelprinting.nl\\\/de\\\/gesch\u00e4ft\\\/messe-event\\\/ausstellungswande\\\/messewande\\\/\",\"name\":\"Messew\u00e4nde f\u00fcr maximale Aufmerksamkeit \u2013 Komplett & schnell geliefert\",\"isPartOf\":{\"@id\":\"https:\\\/\\\/www.amstelprinting.nl\\\/de\\\/#website\"},\"primaryImageOfPage\":{\"@id\":\"https:\\\/\\\/www.amstelprinting.nl\\\/de\\\/gesch\u00e4ft\\\/messe-event\\\/ausstellungswande\\\/messewande\\\/#primaryimage\"},\"image\":{\"@id\":\"https:\\\/\\\/www.amstelprinting.nl\\\/de\\\/gesch\u00e4ft\\\/messe-event\\\/ausstellungswande\\\/messewande\\\/#primaryimage\"},\"thumbnailUrl\":\"https:\\\/\\\/www.amstelprinting.nl\\\/wp-content\\\/uploads\\\/Beurswanden.jpg\",\"datePublished\":\"2025-01-24T10:22:47+00:00\",\"dateModified\":\"2026-02-18T11:54:25+00:00\",\"description\":\"Entdecken Sie die perfekte Messewand f\u00fcr Ihre Pr\u00e4sentation: Wahl aus 5 Typen, eigenes Design, transportfertig mit Trolleys oder Koffern und Option f\u00fcr LED-Beleuchtung.\",\"breadcrumb\":{\"@id\":\"https:\\\/\\\/www.amstelprinting.nl\\\/de\\\/gesch\u00e4ft\\\/messe-event\\\/ausstellungswande\\\/messewande\\\/#breadcrumb\"},\"inLanguage\":\"de\",\"potentialAction\":[{\"@type\":\"ReadAction\",\"target\":[\"https:\\\/\\\/www.amstelprinting.nl\\\/de\\\/gesch\u00e4ft\\\/messe-event\\\/ausstellungswande\\\/messewande\\\/\"]}]},{\"@type\":\"ImageObject\",\"inLanguage\":\"de\",\"@id\":\"https:\\\/\\\/www.amstelprinting.nl\\\/de\\\/gesch\u00e4ft\\\/messe-event\\\/ausstellungswande\\\/messewande\\\/#primaryimage\",\"url\":\"https:\\\/\\\/www.amstelprinting.nl\\\/wp-content\\\/uploads\\\/Beurswanden.jpg\",\"contentUrl\":\"https:\\\/\\\/www.amstelprinting.nl\\\/wp-content\\\/uploads\\\/Beurswanden.jpg\",\"width\":700,\"height\":700},{\"@type\":\"BreadcrumbList\",\"@id\":\"https:\\\/\\\/www.amstelprinting.nl\\\/de\\\/gesch\u00e4ft\\\/messe-event\\\/ausstellungswande\\\/messewande\\\/#breadcrumb\",\"itemListElement\":[{\"@type\":\"ListItem\",\"position\":1,\"name\":\"\",\"item\":\"https:\\\/\\\/www.amstelprinting.nl\\\/de\\\/\"},{\"@type\":\"ListItem\",\"position\":2,\"name\":\"Amstel Printing\",\"item\":\"https:\\\/\\\/www.amstelprinting.nl\\\/de\\\/geschaeft\\\/\"},{\"@type\":\"ListItem\",\"position\":3,\"name\":\"Messe &amp; Event\",\"item\":\"https:\\\/\\\/www.amstelprinting.nl\\\/de\\\/kategorie\\\/messe-event\\\/\"},{\"@type\":\"ListItem\",\"position\":4,\"name\":\"Ausstellungsw\u00e4nde\",\"item\":\"https:\\\/\\\/www.amstelprinting.nl\\\/de\\\/kategorie\\\/messe-event\\\/ausstellungswande\\\/\"},{\"@type\":\"ListItem\",\"position\":5,\"name\":\"Messew\u00e4nde\"}]},{\"@type\":\"WebSite\",\"@id\":\"https:\\\/\\\/www.amstelprinting.nl\\\/de\\\/#website\",\"url\":\"https:\\\/\\\/www.amstelprinting.nl\\\/de\\\/\",\"name\":\"Amstel Printing\",\"description\":\"Creating Exposure\",\"publisher\":{\"@id\":\"https:\\\/\\\/www.amstelprinting.nl\\\/de\\\/#organization\"},\"potentialAction\":[{\"@type\":\"SearchAction\",\"target\":{\"@type\":\"EntryPoint\",\"urlTemplate\":\"https:\\\/\\\/www.amstelprinting.nl\\\/de\\\/?s={search_term_string}\"},\"query-input\":{\"@type\":\"PropertyValueSpecification\",\"valueRequired\":true,\"valueName\":\"search_term_string\"}}],\"inLanguage\":\"de\"},{\"@type\":\"Organization\",\"@id\":\"https:\\\/\\\/www.amstelprinting.nl\\\/de\\\/#organization\",\"name\":\"Amstel Printing\",\"url\":\"https:\\\/\\\/www.amstelprinting.nl\\\/de\\\/\",\"logo\":{\"@type\":\"ImageObject\",\"inLanguage\":\"de\",\"@id\":\"https:\\\/\\\/www.amstelprinting.nl\\\/de\\\/#\\\/schema\\\/logo\\\/image\\\/\",\"url\":\"https:\\\/\\\/www.amstelprinting.nl\\\/wp-content\\\/uploads\\\/amstel_printing_logo_clean.png\",\"contentUrl\":\"https:\\\/\\\/www.amstelprinting.nl\\\/wp-content\\\/uploads\\\/amstel_printing_logo_clean.png\",\"width\":324,\"height\":73,\"caption\":\"Amstel Printing\"},\"image\":{\"@id\":\"https:\\\/\\\/www.amstelprinting.nl\\\/de\\\/#\\\/schema\\\/logo\\\/image\\\/\"}}]}<\/script>\n<!-- \/ Yoast SEO plugin. -->","yoast_head_json":{"title":"Messew\u00e4nde f\u00fcr maximale Aufmerksamkeit \u2013 Komplett & schnell geliefert","description":"Entdecken Sie die perfekte Messewand f\u00fcr Ihre Pr\u00e4sentation: Wahl aus 5 Typen, eigenes Design, transportfertig mit Trolleys oder Koffern und Option f\u00fcr LED-Beleuchtung.","robots":{"index":"index","follow":"follow","max-snippet":"max-snippet:-1","max-image-preview":"max-image-preview:large","max-video-preview":"max-video-preview:-1"},"canonical":"https:\/\/www.amstelprinting.nl\/de\/gesch\u00e4ft\/messe-event\/ausstellungswande\/messewande\/","og_locale":"de_DE","og_type":"article","og_title":"Messew\u00e4nde f\u00fcr maximale Aufmerksamkeit \u2013 Komplett & schnell geliefert","og_description":"Entdecken Sie die perfekte Messewand f\u00fcr Ihre Pr\u00e4sentation: Wahl aus 5 Typen, eigenes Design, transportfertig mit Trolleys oder Koffern und Option f\u00fcr LED-Beleuchtung.","og_url":"https:\/\/www.amstelprinting.nl\/de\/gesch\u00e4ft\/messe-event\/ausstellungswande\/messewande\/","og_site_name":"Amstel Printing","article_modified_time":"2026-02-18T11:54:25+00:00","og_image":[{"width":700,"height":700,"url":"https:\/\/www.amstelprinting.nl\/wp-content\/uploads\/Beurswanden.jpg","type":"image\/jpeg"}],"twitter_card":"summary_large_image","twitter_misc":{"Gesch\u00e4tzte Lesezeit":"3\u00a0Minuten"},"schema":{"@context":"https:\/\/schema.org","@graph":[{"@type":"WebPage","@id":"https:\/\/www.amstelprinting.nl\/de\/gesch\u00e4ft\/messe-event\/ausstellungswande\/messewande\/","url":"https:\/\/www.amstelprinting.nl\/de\/gesch\u00e4ft\/messe-event\/ausstellungswande\/messewande\/","name":"Messew\u00e4nde f\u00fcr maximale Aufmerksamkeit \u2013 Komplett & schnell geliefert","isPartOf":{"@id":"https:\/\/www.amstelprinting.nl\/de\/#website"},"primaryImageOfPage":{"@id":"https:\/\/www.amstelprinting.nl\/de\/gesch\u00e4ft\/messe-event\/ausstellungswande\/messewande\/#primaryimage"},"image":{"@id":"https:\/\/www.amstelprinting.nl\/de\/gesch\u00e4ft\/messe-event\/ausstellungswande\/messewande\/#primaryimage"},"thumbnailUrl":"https:\/\/www.amstelprinting.nl\/wp-content\/uploads\/Beurswanden.jpg","datePublished":"2025-01-24T10:22:47+00:00","dateModified":"2026-02-18T11:54:25+00:00","description":"Entdecken Sie die perfekte Messewand f\u00fcr Ihre Pr\u00e4sentation: Wahl aus 5 Typen, eigenes Design, transportfertig mit Trolleys oder Koffern und Option f\u00fcr LED-Beleuchtung.","breadcrumb":{"@id":"https:\/\/www.amstelprinting.nl\/de\/gesch\u00e4ft\/messe-event\/ausstellungswande\/messewande\/#breadcrumb"},"inLanguage":"de","potentialAction":[{"@type":"ReadAction","target":["https:\/\/www.amstelprinting.nl\/de\/gesch\u00e4ft\/messe-event\/ausstellungswande\/messewande\/"]}]},{"@type":"ImageObject","inLanguage":"de","@id":"https:\/\/www.amstelprinting.nl\/de\/gesch\u00e4ft\/messe-event\/ausstellungswande\/messewande\/#primaryimage","url":"https:\/\/www.amstelprinting.nl\/wp-content\/uploads\/Beurswanden.jpg","contentUrl":"https:\/\/www.amstelprinting.nl\/wp-content\/uploads\/Beurswanden.jpg","width":700,"height":700},{"@type":"BreadcrumbList","@id":"https:\/\/www.amstelprinting.nl\/de\/gesch\u00e4ft\/messe-event\/ausstellungswande\/messewande\/#breadcrumb","itemListElement":[{"@type":"ListItem","position":1,"name":"","item":"https:\/\/www.amstelprinting.nl\/de\/"},{"@type":"ListItem","position":2,"name":"Amstel Printing","item":"https:\/\/www.amstelprinting.nl\/de\/geschaeft\/"},{"@type":"ListItem","position":3,"name":"Messe &amp; Event","item":"https:\/\/www.amstelprinting.nl\/de\/kategorie\/messe-event\/"},{"@type":"ListItem","position":4,"name":"Ausstellungsw\u00e4nde","item":"https:\/\/www.amstelprinting.nl\/de\/kategorie\/messe-event\/ausstellungswande\/"},{"@type":"ListItem","position":5,"name":"Messew\u00e4nde"}]},{"@type":"WebSite","@id":"https:\/\/www.amstelprinting.nl\/de\/#website","url":"https:\/\/www.amstelprinting.nl\/de\/","name":"Amstel Printing","description":"Creating Exposure","publisher":{"@id":"https:\/\/www.amstelprinting.nl\/de\/#organization"},"potentialAction":[{"@type":"SearchAction","target":{"@type":"EntryPoint","urlTemplate":"https:\/\/www.amstelprinting.nl\/de\/?s={search_term_string}"},"query-input":{"@type":"PropertyValueSpecification","valueRequired":true,"valueName":"search_term_string"}}],"inLanguage":"de"},{"@type":"Organization","@id":"https:\/\/www.amstelprinting.nl\/de\/#organization","name":"Amstel Printing","url":"https:\/\/www.amstelprinting.nl\/de\/","logo":{"@type":"ImageObject","inLanguage":"de","@id":"https:\/\/www.amstelprinting.nl\/de\/#\/schema\/logo\/image\/","url":"https:\/\/www.amstelprinting.nl\/wp-content\/uploads\/amstel_printing_logo_clean.png","contentUrl":"https:\/\/www.amstelprinting.nl\/wp-content\/uploads\/amstel_printing_logo_clean.png","width":324,"height":73,"caption":"Amstel Printing"},"image":{"@id":"https:\/\/www.amstelprinting.nl\/de\/#\/schema\/logo\/image\/"}}]}},"_links":{"self":[{"href":"https:\/\/www.amstelprinting.nl\/de\/wp-json\/wp\/v2\/product\/15159","targetHints":{"allow":["GET"]}}],"collection":[{"href":"https:\/\/www.amstelprinting.nl\/de\/wp-json\/wp\/v2\/product"}],"about":[{"href":"https:\/\/www.amstelprinting.nl\/de\/wp-json\/wp\/v2\/types\/product"}],"wp:featuredmedia":[{"embeddable":true,"href":"https:\/\/www.amstelprinting.nl\/de\/wp-json\/wp\/v2\/media\/15160"}],"wp:attachment":[{"href":"https:\/\/www.amstelprinting.nl\/de\/wp-json\/wp\/v2\/media?parent=15159"}],"wp:term":[{"taxonomy":"product_brand","embeddable":true,"href":"https:\/\/www.amstelprinting.nl\/de\/wp-json\/wp\/v2\/product_brand?post=15159"},{"taxonomy":"product_cat","embeddable":true,"href":"https:\/\/www.amstelprinting.nl\/de\/wp-json\/wp\/v2\/product_cat?post=15159"},{"taxonomy":"product_tag","embeddable":true,"href":"https:\/\/www.amstelprinting.nl\/de\/wp-json\/wp\/v2\/product_tag?post=15159"}],"curies":[{"name":"wp","href":"https:\/\/api.w.org\/{rel}","templated":true}]}}