{"id":15169,"date":"2025-01-24T11:22:42","date_gmt":"2025-01-24T10:22:42","guid":{"rendered":"https:\/\/www.amstelprinting.nl\/winkel\/unkategorisiert\/zipper-wand\/"},"modified":"2026-02-10T12:29:37","modified_gmt":"2026-02-10T11:29:37","slug":"zipper-wand","status":"publish","type":"product","link":"https:\/\/www.amstelprinting.nl\/de\/gesch\u00e4ft\/messe-event\/ausstellungswande\/zipper-wand\/","title":{"rendered":"Zipper-Wand"},"content":{"rendered":"<h3>Gebogene Zipper-Wand bedrucken<\/h3>\n<p>Hinterlassen Sie einen unvergesslichen Eindruck mit der Zipper-Wand. Die vielseitige Zipper-Wand ist beidseitig bedruckt. Ganz gleich, ob Sie eine Messe, ein Event oder eine Pr\u00e4sentation vorbereiten: Die Zipper-Wand ist der perfekte Hintergrund f\u00fcr jeden Auftritt. Und wie der Name schon sagt, wird die Zipper-Wand an der Unterseite mit einem stabilen Rei\u00dfverschluss verschlossen. Dies erm\u00f6glicht eine einfache und schnelle Montage (und Demontage).<\/p>\n<h3>Formate und Material<\/h3>\n<p>Die Zipper-Wand ist in drei Formaten erh\u00e4ltlich: M (300 x 230 cm), L (400 x 230 cm) und XL (500 x 230 cm). Das Tuch besteht aus Dekostoff. Dekostoff besticht durch seine lebendigen Farben und sein mattes Finish. Das flexible Polyestertuch hat eine feine Struktur, die das Licht absorbiert, anstatt es zu reflektieren, sodass der Druck immer gut sichtbar bleibt. Zudem k\u00f6nnen Sie f\u00fcr das perfekte Finish zwischen wei\u00dfem oder schwarzem Garn w\u00e4hlen.<\/p>\n<h3>Zipper-Wand lagern und transportieren<\/h3>\n<p>Das Tuch kann gefaltet werden, was den Transport erleichtert. Eventuelle Falten k\u00f6nnen ausgeb\u00fcgelt werden, zudem werden die Falten glattgezogen, wenn das Tuch am Rahmen befestigt wird. Transportieren Sie die Zipper-Wand ganz einfach in der mitgelieferten Tasche.<\/p>\n","protected":false},"excerpt":{"rendered":"<h3>Leicht gebogene Zipper-Wand. Beidseitig bedruckt.<\/h3>\n<p>Die (leicht gebogene) Zipper-Wand bietet eine vielseitige und elegante L\u00f6sung f\u00fcr jede Pr\u00e4sentation. Das Tuch der Zipper-Wand besteht aus Dekostoff und ist rundum mit einem stabilen Rei\u00dfverschluss versehen. Sowohl die Vorder- als auch die R\u00fcckseite k\u00f6nnen bedruckt werden. Die Zipper-Wand wird standardm\u00e4\u00dfig in einer praktischen Tasche geliefert. Diese 230 cm hohe Messewand ist in drei verschiedenen Breiten lieferbar: 300 cm, 400 cm und 500 cm. Aufbau? Das ist in 5-10 Minuten erledigt (ohne Werkzeug).<\/p>\n","protected":false},"featured_media":15170,"template":"","meta":{"_et_pb_use_builder":"","_et_pb_old_content":"","_et_gb_content_width":""},"product_brand":[],"product_cat":[911,899],"product_tag":[],"class_list":{"0":"post-15169","1":"product","2":"type-product","3":"status-publish","4":"has-post-thumbnail","6":"product_cat-ausstellungswande","7":"product_cat-messe-event","9":"first","10":"instock","11":"taxable","12":"shipping-taxable","13":"purchasable","14":"product-type-simple"},"yoast_head":"<!-- This site is optimized with the Yoast SEO plugin v27.3 - https:\/\/yoast.com\/product\/yoast-seo-wordpress\/ -->\n<title>Zipper-Wand \u2013 Beidseitige Messewand schnell &amp; einfach aufbauen<\/title>\n<meta name=\"description\" content=\"Beeindrucken Sie mit der Zipper-Wand: beidseitig bedruckt, in 3 Formaten erh\u00e4ltlich, schnelle Montage ohne Werkzeug und inklusive Tragetasche.\" \/>\n<meta name=\"robots\" content=\"index, follow, max-snippet:-1, max-image-preview:large, max-video-preview:-1\" \/>\n<link rel=\"canonical\" href=\"https:\/\/www.amstelprinting.nl\/de\/gesch\u00e4ft\/messe-event\/ausstellungswande\/zipper-wand\/\" \/>\n<meta property=\"og:locale\" content=\"de_DE\" \/>\n<meta property=\"og:type\" content=\"article\" \/>\n<meta property=\"og:title\" content=\"Zipper-Wand \u2013 Beidseitige Messewand schnell &amp; einfach aufbauen\" \/>\n<meta property=\"og:description\" content=\"Beeindrucken Sie mit der Zipper-Wand: beidseitig bedruckt, in 3 Formaten erh\u00e4ltlich, schnelle Montage ohne Werkzeug und inklusive Tragetasche.\" \/>\n<meta property=\"og:url\" content=\"https:\/\/www.amstelprinting.nl\/de\/gesch\u00e4ft\/messe-event\/ausstellungswande\/zipper-wand\/\" \/>\n<meta property=\"og:site_name\" content=\"Amstel Printing\" \/>\n<meta property=\"article:modified_time\" content=\"2026-02-10T11:29:37+00:00\" \/>\n<meta property=\"og:image\" content=\"https:\/\/www.amstelprinting.nl\/wp-content\/uploads\/gebogen-zipper-wand-bedrukken.png\" \/>\n\t<meta property=\"og:image:width\" content=\"900\" \/>\n\t<meta property=\"og:image:height\" content=\"900\" \/>\n\t<meta property=\"og:image:type\" content=\"image\/png\" \/>\n<meta name=\"twitter:card\" content=\"summary_large_image\" \/>\n<meta name=\"twitter:label1\" content=\"Gesch\u00e4tzte Lesezeit\" \/>\n\t<meta name=\"twitter:data1\" content=\"1\u00a0Minute\" \/>\n<script type=\"application\/ld+json\" class=\"yoast-schema-graph\">{\"@context\":\"https:\\\/\\\/schema.org\",\"@graph\":[{\"@type\":\"WebPage\",\"@id\":\"https:\\\/\\\/www.amstelprinting.nl\\\/de\\\/gesch\u00e4ft\\\/messe-event\\\/ausstellungswande\\\/zipper-wand\\\/\",\"url\":\"https:\\\/\\\/www.amstelprinting.nl\\\/de\\\/gesch\u00e4ft\\\/messe-event\\\/ausstellungswande\\\/zipper-wand\\\/\",\"name\":\"Zipper-Wand \u2013 Beidseitige Messewand schnell & einfach aufbauen\",\"isPartOf\":{\"@id\":\"https:\\\/\\\/www.amstelprinting.nl\\\/de\\\/#website\"},\"primaryImageOfPage\":{\"@id\":\"https:\\\/\\\/www.amstelprinting.nl\\\/de\\\/gesch\u00e4ft\\\/messe-event\\\/ausstellungswande\\\/zipper-wand\\\/#primaryimage\"},\"image\":{\"@id\":\"https:\\\/\\\/www.amstelprinting.nl\\\/de\\\/gesch\u00e4ft\\\/messe-event\\\/ausstellungswande\\\/zipper-wand\\\/#primaryimage\"},\"thumbnailUrl\":\"https:\\\/\\\/www.amstelprinting.nl\\\/wp-content\\\/uploads\\\/gebogen-zipper-wand-bedrukken.png\",\"datePublished\":\"2025-01-24T10:22:42+00:00\",\"dateModified\":\"2026-02-10T11:29:37+00:00\",\"description\":\"Beeindrucken Sie mit der Zipper-Wand: beidseitig bedruckt, in 3 Formaten erh\u00e4ltlich, schnelle Montage ohne Werkzeug und inklusive Tragetasche.\",\"breadcrumb\":{\"@id\":\"https:\\\/\\\/www.amstelprinting.nl\\\/de\\\/gesch\u00e4ft\\\/messe-event\\\/ausstellungswande\\\/zipper-wand\\\/#breadcrumb\"},\"inLanguage\":\"de\",\"potentialAction\":[{\"@type\":\"ReadAction\",\"target\":[\"https:\\\/\\\/www.amstelprinting.nl\\\/de\\\/gesch\u00e4ft\\\/messe-event\\\/ausstellungswande\\\/zipper-wand\\\/\"]}]},{\"@type\":\"ImageObject\",\"inLanguage\":\"de\",\"@id\":\"https:\\\/\\\/www.amstelprinting.nl\\\/de\\\/gesch\u00e4ft\\\/messe-event\\\/ausstellungswande\\\/zipper-wand\\\/#primaryimage\",\"url\":\"https:\\\/\\\/www.amstelprinting.nl\\\/wp-content\\\/uploads\\\/gebogen-zipper-wand-bedrukken.png\",\"contentUrl\":\"https:\\\/\\\/www.amstelprinting.nl\\\/wp-content\\\/uploads\\\/gebogen-zipper-wand-bedrukken.png\",\"width\":900,\"height\":900},{\"@type\":\"BreadcrumbList\",\"@id\":\"https:\\\/\\\/www.amstelprinting.nl\\\/de\\\/gesch\u00e4ft\\\/messe-event\\\/ausstellungswande\\\/zipper-wand\\\/#breadcrumb\",\"itemListElement\":[{\"@type\":\"ListItem\",\"position\":1,\"name\":\"\",\"item\":\"https:\\\/\\\/www.amstelprinting.nl\\\/de\\\/\"},{\"@type\":\"ListItem\",\"position\":2,\"name\":\"Amstel Printing\",\"item\":\"https:\\\/\\\/www.amstelprinting.nl\\\/de\\\/geschaeft\\\/\"},{\"@type\":\"ListItem\",\"position\":3,\"name\":\"Messe &amp; Event\",\"item\":\"https:\\\/\\\/www.amstelprinting.nl\\\/de\\\/kategorie\\\/messe-event\\\/\"},{\"@type\":\"ListItem\",\"position\":4,\"name\":\"Ausstellungsw\u00e4nde\",\"item\":\"https:\\\/\\\/www.amstelprinting.nl\\\/de\\\/kategorie\\\/messe-event\\\/ausstellungswande\\\/\"},{\"@type\":\"ListItem\",\"position\":5,\"name\":\"Zipper-Wand\"}]},{\"@type\":\"WebSite\",\"@id\":\"https:\\\/\\\/www.amstelprinting.nl\\\/de\\\/#website\",\"url\":\"https:\\\/\\\/www.amstelprinting.nl\\\/de\\\/\",\"name\":\"Amstel Printing\",\"description\":\"Creating Exposure\",\"publisher\":{\"@id\":\"https:\\\/\\\/www.amstelprinting.nl\\\/de\\\/#organization\"},\"potentialAction\":[{\"@type\":\"SearchAction\",\"target\":{\"@type\":\"EntryPoint\",\"urlTemplate\":\"https:\\\/\\\/www.amstelprinting.nl\\\/de\\\/?s={search_term_string}\"},\"query-input\":{\"@type\":\"PropertyValueSpecification\",\"valueRequired\":true,\"valueName\":\"search_term_string\"}}],\"inLanguage\":\"de\"},{\"@type\":\"Organization\",\"@id\":\"https:\\\/\\\/www.amstelprinting.nl\\\/de\\\/#organization\",\"name\":\"Amstel Printing\",\"url\":\"https:\\\/\\\/www.amstelprinting.nl\\\/de\\\/\",\"logo\":{\"@type\":\"ImageObject\",\"inLanguage\":\"de\",\"@id\":\"https:\\\/\\\/www.amstelprinting.nl\\\/de\\\/#\\\/schema\\\/logo\\\/image\\\/\",\"url\":\"https:\\\/\\\/www.amstelprinting.nl\\\/wp-content\\\/uploads\\\/amstel_printing_logo_clean.png\",\"contentUrl\":\"https:\\\/\\\/www.amstelprinting.nl\\\/wp-content\\\/uploads\\\/amstel_printing_logo_clean.png\",\"width\":324,\"height\":73,\"caption\":\"Amstel Printing\"},\"image\":{\"@id\":\"https:\\\/\\\/www.amstelprinting.nl\\\/de\\\/#\\\/schema\\\/logo\\\/image\\\/\"}}]}<\/script>\n<!-- \/ Yoast SEO plugin. -->","yoast_head_json":{"title":"Zipper-Wand \u2013 Beidseitige Messewand schnell & einfach aufbauen","description":"Beeindrucken Sie mit der Zipper-Wand: beidseitig bedruckt, in 3 Formaten erh\u00e4ltlich, schnelle Montage ohne Werkzeug und inklusive Tragetasche.","robots":{"index":"index","follow":"follow","max-snippet":"max-snippet:-1","max-image-preview":"max-image-preview:large","max-video-preview":"max-video-preview:-1"},"canonical":"https:\/\/www.amstelprinting.nl\/de\/gesch\u00e4ft\/messe-event\/ausstellungswande\/zipper-wand\/","og_locale":"de_DE","og_type":"article","og_title":"Zipper-Wand \u2013 Beidseitige Messewand schnell & einfach aufbauen","og_description":"Beeindrucken Sie mit der Zipper-Wand: beidseitig bedruckt, in 3 Formaten erh\u00e4ltlich, schnelle Montage ohne Werkzeug und inklusive Tragetasche.","og_url":"https:\/\/www.amstelprinting.nl\/de\/gesch\u00e4ft\/messe-event\/ausstellungswande\/zipper-wand\/","og_site_name":"Amstel Printing","article_modified_time":"2026-02-10T11:29:37+00:00","og_image":[{"width":900,"height":900,"url":"https:\/\/www.amstelprinting.nl\/wp-content\/uploads\/gebogen-zipper-wand-bedrukken.png","type":"image\/png"}],"twitter_card":"summary_large_image","twitter_misc":{"Gesch\u00e4tzte Lesezeit":"1\u00a0Minute"},"schema":{"@context":"https:\/\/schema.org","@graph":[{"@type":"WebPage","@id":"https:\/\/www.amstelprinting.nl\/de\/gesch\u00e4ft\/messe-event\/ausstellungswande\/zipper-wand\/","url":"https:\/\/www.amstelprinting.nl\/de\/gesch\u00e4ft\/messe-event\/ausstellungswande\/zipper-wand\/","name":"Zipper-Wand \u2013 Beidseitige Messewand schnell & einfach aufbauen","isPartOf":{"@id":"https:\/\/www.amstelprinting.nl\/de\/#website"},"primaryImageOfPage":{"@id":"https:\/\/www.amstelprinting.nl\/de\/gesch\u00e4ft\/messe-event\/ausstellungswande\/zipper-wand\/#primaryimage"},"image":{"@id":"https:\/\/www.amstelprinting.nl\/de\/gesch\u00e4ft\/messe-event\/ausstellungswande\/zipper-wand\/#primaryimage"},"thumbnailUrl":"https:\/\/www.amstelprinting.nl\/wp-content\/uploads\/gebogen-zipper-wand-bedrukken.png","datePublished":"2025-01-24T10:22:42+00:00","dateModified":"2026-02-10T11:29:37+00:00","description":"Beeindrucken Sie mit der Zipper-Wand: beidseitig bedruckt, in 3 Formaten erh\u00e4ltlich, schnelle Montage ohne Werkzeug und inklusive Tragetasche.","breadcrumb":{"@id":"https:\/\/www.amstelprinting.nl\/de\/gesch\u00e4ft\/messe-event\/ausstellungswande\/zipper-wand\/#breadcrumb"},"inLanguage":"de","potentialAction":[{"@type":"ReadAction","target":["https:\/\/www.amstelprinting.nl\/de\/gesch\u00e4ft\/messe-event\/ausstellungswande\/zipper-wand\/"]}]},{"@type":"ImageObject","inLanguage":"de","@id":"https:\/\/www.amstelprinting.nl\/de\/gesch\u00e4ft\/messe-event\/ausstellungswande\/zipper-wand\/#primaryimage","url":"https:\/\/www.amstelprinting.nl\/wp-content\/uploads\/gebogen-zipper-wand-bedrukken.png","contentUrl":"https:\/\/www.amstelprinting.nl\/wp-content\/uploads\/gebogen-zipper-wand-bedrukken.png","width":900,"height":900},{"@type":"BreadcrumbList","@id":"https:\/\/www.amstelprinting.nl\/de\/gesch\u00e4ft\/messe-event\/ausstellungswande\/zipper-wand\/#breadcrumb","itemListElement":[{"@type":"ListItem","position":1,"name":"","item":"https:\/\/www.amstelprinting.nl\/de\/"},{"@type":"ListItem","position":2,"name":"Amstel Printing","item":"https:\/\/www.amstelprinting.nl\/de\/geschaeft\/"},{"@type":"ListItem","position":3,"name":"Messe &amp; Event","item":"https:\/\/www.amstelprinting.nl\/de\/kategorie\/messe-event\/"},{"@type":"ListItem","position":4,"name":"Ausstellungsw\u00e4nde","item":"https:\/\/www.amstelprinting.nl\/de\/kategorie\/messe-event\/ausstellungswande\/"},{"@type":"ListItem","position":5,"name":"Zipper-Wand"}]},{"@type":"WebSite","@id":"https:\/\/www.amstelprinting.nl\/de\/#website","url":"https:\/\/www.amstelprinting.nl\/de\/","name":"Amstel Printing","description":"Creating Exposure","publisher":{"@id":"https:\/\/www.amstelprinting.nl\/de\/#organization"},"potentialAction":[{"@type":"SearchAction","target":{"@type":"EntryPoint","urlTemplate":"https:\/\/www.amstelprinting.nl\/de\/?s={search_term_string}"},"query-input":{"@type":"PropertyValueSpecification","valueRequired":true,"valueName":"search_term_string"}}],"inLanguage":"de"},{"@type":"Organization","@id":"https:\/\/www.amstelprinting.nl\/de\/#organization","name":"Amstel Printing","url":"https:\/\/www.amstelprinting.nl\/de\/","logo":{"@type":"ImageObject","inLanguage":"de","@id":"https:\/\/www.amstelprinting.nl\/de\/#\/schema\/logo\/image\/","url":"https:\/\/www.amstelprinting.nl\/wp-content\/uploads\/amstel_printing_logo_clean.png","contentUrl":"https:\/\/www.amstelprinting.nl\/wp-content\/uploads\/amstel_printing_logo_clean.png","width":324,"height":73,"caption":"Amstel Printing"},"image":{"@id":"https:\/\/www.amstelprinting.nl\/de\/#\/schema\/logo\/image\/"}}]}},"_links":{"self":[{"href":"https:\/\/www.amstelprinting.nl\/de\/wp-json\/wp\/v2\/product\/15169","targetHints":{"allow":["GET"]}}],"collection":[{"href":"https:\/\/www.amstelprinting.nl\/de\/wp-json\/wp\/v2\/product"}],"about":[{"href":"https:\/\/www.amstelprinting.nl\/de\/wp-json\/wp\/v2\/types\/product"}],"wp:featuredmedia":[{"embeddable":true,"href":"https:\/\/www.amstelprinting.nl\/de\/wp-json\/wp\/v2\/media\/15170"}],"wp:attachment":[{"href":"https:\/\/www.amstelprinting.nl\/de\/wp-json\/wp\/v2\/media?parent=15169"}],"wp:term":[{"taxonomy":"product_brand","embeddable":true,"href":"https:\/\/www.amstelprinting.nl\/de\/wp-json\/wp\/v2\/product_brand?post=15169"},{"taxonomy":"product_cat","embeddable":true,"href":"https:\/\/www.amstelprinting.nl\/de\/wp-json\/wp\/v2\/product_cat?post=15169"},{"taxonomy":"product_tag","embeddable":true,"href":"https:\/\/www.amstelprinting.nl\/de\/wp-json\/wp\/v2\/product_tag?post=15169"}],"curies":[{"name":"wp","href":"https:\/\/api.w.org\/{rel}","templated":true}]}}