{"id":15179,"date":"2025-01-24T11:22:32","date_gmt":"2025-01-24T10:22:32","guid":{"rendered":"https:\/\/www.amstelprinting.nl\/winkel\/unkategorisiert\/beursframe\/"},"modified":"2026-04-13T15:15:52","modified_gmt":"2026-04-13T13:15:52","slug":"messerahmen","status":"publish","type":"product","link":"https:\/\/www.amstelprinting.nl\/de\/gesch\u00e4ft\/messe-event\/ausstellungswande\/messerahmen\/","title":{"rendered":"Messerahmen"},"content":{"rendered":"<h3>Messerahmen bestellen<\/h3>\n<p>Ob Sie sich f\u00fcr ein Komplettset, ein einzelnes Tuch oder nur einen Rahmen entscheiden, unser bedruckter Messerahmen bietet Flexibilit\u00e4t, Qualit\u00e4t und Stil. Mit verschiedenen Formaten, Ausf\u00fchrungen und der M\u00f6glichkeit f\u00fcr ein eigenes Design sorgt der Messerahmen daf\u00fcr, dass Ihre Marke immer gut sichtbar ist. Das Tuch spannen Sie einfach mit (optional mitzubestellenden) Spannern auf.<\/p>\n<h3>Vorteile des Messerahmens<\/h3>\n<ul>\n<li>Erh\u00e4ltlich in drei Formaten<\/li>\n<li>W\u00e4hlen Sie zwischen einseitigem oder doppelseitigem Druck<\/li>\n<li>Laden Sie ganz einfach Ihr Design hoch<\/li>\n<li>Flexibel: Einfach einen einzelnen Druck nachbestellen<\/li>\n<li>Blitzschnell geliefert<\/li>\n<li>G\u00fcnstig: Dank der 3 festen Formate<\/li>\n<\/ul>\n<p>&nbsp;<\/p>\n<h3>Formate und Materialien<\/h3>\n<p>Unsere Messerahmen sind in drei praktischen Formaten erh\u00e4ltlich: S (200 x 200 cm), M (300 x 200 cm) und L (400 x 200 cm). Sie haben die Wahl, Ihr Banner ein- oder doppelseitig bedrucken zu lassen. Bei einseitigem Druck wird das Material Banner 510 verwendet. Banner 510 ist eine PVC-Plane mit gl\u00e4nzender Oberfl\u00e4che, ideal f\u00fcr lebendige Drucke und dank der wasserabweisenden Eigenschaften f\u00fcr den Au\u00dfeneinsatz geeignet. Banner 610 wird f\u00fcr den doppelseitigen Druck verwendet. Dies ist eine PVC-Plane von sehr hoher und robuster Qualit\u00e4t, die f\u00fcr alle Wetterbedingungen geeignet ist. Es ist ein langlebiges Material, auf dem Drucke hervorragend zur Geltung kommen. Es hat eine matte Optik und kann aufgrund seiner Blockout-Funktion beidseitig bedruckt werden (scheint also nicht durch).<\/p>\n<h3>Zubeh\u00f6r<\/h3>\n<p>Vervollst\u00e4ndigen Sie Ihren Messerahmen mit unseren Spannern mit Spiralhaken. Dieses Zubeh\u00f6r sorgt daf\u00fcr, dass das Tuch straff und professionell auf dem Rahmen gespannt bleibt. Mit unserem soliden Messerahmen holen Sie sich ein leistungsstarkes und flexibles Werkzeug ins Haus, das f\u00fcr wirklich jede Pr\u00e4sentation oder Messe perfekt ist. Ob Sie ein eigenes Design verwenden m\u00f6chten oder sich f\u00fcr ein bestehendes Muster entscheiden; dieser Aluminium-Messerahmen bietet alles, was Sie brauchen, um Ihre Botschaft effektiv zu vermitteln.<\/p>\n","protected":false},"excerpt":{"rendered":"<h3>Vollst\u00e4ndige Pr\u00e4sentationswand f\u00fcr eine Messe oder Veranstaltung<\/h3>\n<p>M\u00f6chten Sie auf Ihrer n\u00e4chsten Messe oder Veranstaltung einen unvergesslichen Eindruck hinterlassen? Entdecken Sie unser vielseitiges Messesystem \u2013 die perfekte (budgetfreundliche) L\u00f6sung f\u00fcr jede Pr\u00e4sentation. W\u00e4hlen Sie zwischen einseitigem oder beidseitigem Druck. Rundum ausgestattet mit einem stabilen Aluminiumrahmen, der selbstst\u00e4ndig stehen kann. Einfach zu montieren (ohne Werkzeug). Stellen Sie unten Ihr Messesystem nach Ihren W\u00fcnschen zusammen!<\/p>\n","protected":false},"featured_media":15180,"template":"","meta":{"_et_pb_use_builder":"","_et_pb_old_content":"","_et_gb_content_width":""},"product_brand":[],"product_cat":[911,899],"product_tag":[],"class_list":{"0":"post-15179","1":"product","2":"type-product","3":"status-publish","4":"has-post-thumbnail","6":"product_cat-ausstellungswande","7":"product_cat-messe-event","9":"first","10":"instock","11":"taxable","12":"shipping-taxable","13":"purchasable","14":"product-type-simple"},"yoast_head":"<!-- This site is optimized with the Yoast SEO plugin v27.3 - https:\/\/yoast.com\/product\/yoast-seo-wordpress\/ -->\n<title>Messerahmen - Professioneller Rahmen f\u00fcr maximale Sichtbarkeit<\/title>\n<meta name=\"description\" content=\"Erstellen Sie eine unvergessliche Pr\u00e4sentation mit unserem flexiblen und budgetfreundlichen Messerahmen. W\u00e4hlen Sie aus drei Formaten und ein- oder doppelseitigem Druck.\" \/>\n<meta name=\"robots\" content=\"index, follow, max-snippet:-1, max-image-preview:large, max-video-preview:-1\" \/>\n<link rel=\"canonical\" href=\"https:\/\/www.amstelprinting.nl\/de\/gesch\u00e4ft\/messe-event\/ausstellungswande\/messerahmen\/\" \/>\n<meta property=\"og:locale\" content=\"de_DE\" \/>\n<meta property=\"og:type\" content=\"article\" \/>\n<meta property=\"og:title\" content=\"Messerahmen - Professioneller Rahmen f\u00fcr maximale Sichtbarkeit\" \/>\n<meta property=\"og:description\" content=\"Erstellen Sie eine unvergessliche Pr\u00e4sentation mit unserem flexiblen und budgetfreundlichen Messerahmen. W\u00e4hlen Sie aus drei Formaten und ein- oder doppelseitigem Druck.\" \/>\n<meta property=\"og:url\" content=\"https:\/\/www.amstelprinting.nl\/de\/gesch\u00e4ft\/messe-event\/ausstellungswande\/messerahmen\/\" \/>\n<meta property=\"og:site_name\" content=\"Amstel Printing\" \/>\n<meta property=\"article:modified_time\" content=\"2026-04-13T13:15:52+00:00\" \/>\n<meta property=\"og:image\" content=\"https:\/\/www.amstelprinting.nl\/wp-content\/uploads\/beursframe-bedrukken.png\" \/>\n\t<meta property=\"og:image:width\" content=\"700\" \/>\n\t<meta property=\"og:image:height\" content=\"700\" \/>\n\t<meta property=\"og:image:type\" content=\"image\/png\" \/>\n<meta name=\"twitter:card\" content=\"summary_large_image\" \/>\n<meta name=\"twitter:label1\" content=\"Gesch\u00e4tzte Lesezeit\" \/>\n\t<meta name=\"twitter:data1\" content=\"2\u00a0Minuten\" \/>\n<script type=\"application\/ld+json\" class=\"yoast-schema-graph\">{\"@context\":\"https:\\\/\\\/schema.org\",\"@graph\":[{\"@type\":\"WebPage\",\"@id\":\"https:\\\/\\\/www.amstelprinting.nl\\\/de\\\/gesch\u00e4ft\\\/messe-event\\\/ausstellungswande\\\/messerahmen\\\/\",\"url\":\"https:\\\/\\\/www.amstelprinting.nl\\\/de\\\/gesch\u00e4ft\\\/messe-event\\\/ausstellungswande\\\/messerahmen\\\/\",\"name\":\"Messerahmen - Professioneller Rahmen f\u00fcr maximale Sichtbarkeit\",\"isPartOf\":{\"@id\":\"https:\\\/\\\/www.amstelprinting.nl\\\/de\\\/#website\"},\"primaryImageOfPage\":{\"@id\":\"https:\\\/\\\/www.amstelprinting.nl\\\/de\\\/gesch\u00e4ft\\\/messe-event\\\/ausstellungswande\\\/messerahmen\\\/#primaryimage\"},\"image\":{\"@id\":\"https:\\\/\\\/www.amstelprinting.nl\\\/de\\\/gesch\u00e4ft\\\/messe-event\\\/ausstellungswande\\\/messerahmen\\\/#primaryimage\"},\"thumbnailUrl\":\"https:\\\/\\\/www.amstelprinting.nl\\\/wp-content\\\/uploads\\\/beursframe-bedrukken.png\",\"datePublished\":\"2025-01-24T10:22:32+00:00\",\"dateModified\":\"2026-04-13T13:15:52+00:00\",\"description\":\"Erstellen Sie eine unvergessliche Pr\u00e4sentation mit unserem flexiblen und budgetfreundlichen Messerahmen. W\u00e4hlen Sie aus drei Formaten und ein- oder doppelseitigem Druck.\",\"breadcrumb\":{\"@id\":\"https:\\\/\\\/www.amstelprinting.nl\\\/de\\\/gesch\u00e4ft\\\/messe-event\\\/ausstellungswande\\\/messerahmen\\\/#breadcrumb\"},\"inLanguage\":\"de\",\"potentialAction\":[{\"@type\":\"ReadAction\",\"target\":[\"https:\\\/\\\/www.amstelprinting.nl\\\/de\\\/gesch\u00e4ft\\\/messe-event\\\/ausstellungswande\\\/messerahmen\\\/\"]}]},{\"@type\":\"ImageObject\",\"inLanguage\":\"de\",\"@id\":\"https:\\\/\\\/www.amstelprinting.nl\\\/de\\\/gesch\u00e4ft\\\/messe-event\\\/ausstellungswande\\\/messerahmen\\\/#primaryimage\",\"url\":\"https:\\\/\\\/www.amstelprinting.nl\\\/wp-content\\\/uploads\\\/beursframe-bedrukken.png\",\"contentUrl\":\"https:\\\/\\\/www.amstelprinting.nl\\\/wp-content\\\/uploads\\\/beursframe-bedrukken.png\",\"width\":700,\"height\":700},{\"@type\":\"BreadcrumbList\",\"@id\":\"https:\\\/\\\/www.amstelprinting.nl\\\/de\\\/gesch\u00e4ft\\\/messe-event\\\/ausstellungswande\\\/messerahmen\\\/#breadcrumb\",\"itemListElement\":[{\"@type\":\"ListItem\",\"position\":1,\"name\":\"\",\"item\":\"https:\\\/\\\/www.amstelprinting.nl\\\/de\\\/\"},{\"@type\":\"ListItem\",\"position\":2,\"name\":\"Amstel Printing\",\"item\":\"https:\\\/\\\/www.amstelprinting.nl\\\/de\\\/geschaeft\\\/\"},{\"@type\":\"ListItem\",\"position\":3,\"name\":\"Messe &amp; Event\",\"item\":\"https:\\\/\\\/www.amstelprinting.nl\\\/de\\\/kategorie\\\/messe-event\\\/\"},{\"@type\":\"ListItem\",\"position\":4,\"name\":\"Ausstellungsw\u00e4nde\",\"item\":\"https:\\\/\\\/www.amstelprinting.nl\\\/de\\\/kategorie\\\/messe-event\\\/ausstellungswande\\\/\"},{\"@type\":\"ListItem\",\"position\":5,\"name\":\"Messerahmen\"}]},{\"@type\":\"WebSite\",\"@id\":\"https:\\\/\\\/www.amstelprinting.nl\\\/de\\\/#website\",\"url\":\"https:\\\/\\\/www.amstelprinting.nl\\\/de\\\/\",\"name\":\"Amstel Printing\",\"description\":\"Creating Exposure\",\"publisher\":{\"@id\":\"https:\\\/\\\/www.amstelprinting.nl\\\/de\\\/#organization\"},\"potentialAction\":[{\"@type\":\"SearchAction\",\"target\":{\"@type\":\"EntryPoint\",\"urlTemplate\":\"https:\\\/\\\/www.amstelprinting.nl\\\/de\\\/?s={search_term_string}\"},\"query-input\":{\"@type\":\"PropertyValueSpecification\",\"valueRequired\":true,\"valueName\":\"search_term_string\"}}],\"inLanguage\":\"de\"},{\"@type\":\"Organization\",\"@id\":\"https:\\\/\\\/www.amstelprinting.nl\\\/de\\\/#organization\",\"name\":\"Amstel Printing\",\"url\":\"https:\\\/\\\/www.amstelprinting.nl\\\/de\\\/\",\"logo\":{\"@type\":\"ImageObject\",\"inLanguage\":\"de\",\"@id\":\"https:\\\/\\\/www.amstelprinting.nl\\\/de\\\/#\\\/schema\\\/logo\\\/image\\\/\",\"url\":\"https:\\\/\\\/www.amstelprinting.nl\\\/wp-content\\\/uploads\\\/amstel_printing_logo_clean.png\",\"contentUrl\":\"https:\\\/\\\/www.amstelprinting.nl\\\/wp-content\\\/uploads\\\/amstel_printing_logo_clean.png\",\"width\":324,\"height\":73,\"caption\":\"Amstel Printing\"},\"image\":{\"@id\":\"https:\\\/\\\/www.amstelprinting.nl\\\/de\\\/#\\\/schema\\\/logo\\\/image\\\/\"}}]}<\/script>\n<!-- \/ Yoast SEO plugin. -->","yoast_head_json":{"title":"Messerahmen - Professioneller Rahmen f\u00fcr maximale Sichtbarkeit","description":"Erstellen Sie eine unvergessliche Pr\u00e4sentation mit unserem flexiblen und budgetfreundlichen Messerahmen. W\u00e4hlen Sie aus drei Formaten und ein- oder doppelseitigem Druck.","robots":{"index":"index","follow":"follow","max-snippet":"max-snippet:-1","max-image-preview":"max-image-preview:large","max-video-preview":"max-video-preview:-1"},"canonical":"https:\/\/www.amstelprinting.nl\/de\/gesch\u00e4ft\/messe-event\/ausstellungswande\/messerahmen\/","og_locale":"de_DE","og_type":"article","og_title":"Messerahmen - Professioneller Rahmen f\u00fcr maximale Sichtbarkeit","og_description":"Erstellen Sie eine unvergessliche Pr\u00e4sentation mit unserem flexiblen und budgetfreundlichen Messerahmen. W\u00e4hlen Sie aus drei Formaten und ein- oder doppelseitigem Druck.","og_url":"https:\/\/www.amstelprinting.nl\/de\/gesch\u00e4ft\/messe-event\/ausstellungswande\/messerahmen\/","og_site_name":"Amstel Printing","article_modified_time":"2026-04-13T13:15:52+00:00","og_image":[{"width":700,"height":700,"url":"https:\/\/www.amstelprinting.nl\/wp-content\/uploads\/beursframe-bedrukken.png","type":"image\/png"}],"twitter_card":"summary_large_image","twitter_misc":{"Gesch\u00e4tzte Lesezeit":"2\u00a0Minuten"},"schema":{"@context":"https:\/\/schema.org","@graph":[{"@type":"WebPage","@id":"https:\/\/www.amstelprinting.nl\/de\/gesch\u00e4ft\/messe-event\/ausstellungswande\/messerahmen\/","url":"https:\/\/www.amstelprinting.nl\/de\/gesch\u00e4ft\/messe-event\/ausstellungswande\/messerahmen\/","name":"Messerahmen - Professioneller Rahmen f\u00fcr maximale Sichtbarkeit","isPartOf":{"@id":"https:\/\/www.amstelprinting.nl\/de\/#website"},"primaryImageOfPage":{"@id":"https:\/\/www.amstelprinting.nl\/de\/gesch\u00e4ft\/messe-event\/ausstellungswande\/messerahmen\/#primaryimage"},"image":{"@id":"https:\/\/www.amstelprinting.nl\/de\/gesch\u00e4ft\/messe-event\/ausstellungswande\/messerahmen\/#primaryimage"},"thumbnailUrl":"https:\/\/www.amstelprinting.nl\/wp-content\/uploads\/beursframe-bedrukken.png","datePublished":"2025-01-24T10:22:32+00:00","dateModified":"2026-04-13T13:15:52+00:00","description":"Erstellen Sie eine unvergessliche Pr\u00e4sentation mit unserem flexiblen und budgetfreundlichen Messerahmen. W\u00e4hlen Sie aus drei Formaten und ein- oder doppelseitigem Druck.","breadcrumb":{"@id":"https:\/\/www.amstelprinting.nl\/de\/gesch\u00e4ft\/messe-event\/ausstellungswande\/messerahmen\/#breadcrumb"},"inLanguage":"de","potentialAction":[{"@type":"ReadAction","target":["https:\/\/www.amstelprinting.nl\/de\/gesch\u00e4ft\/messe-event\/ausstellungswande\/messerahmen\/"]}]},{"@type":"ImageObject","inLanguage":"de","@id":"https:\/\/www.amstelprinting.nl\/de\/gesch\u00e4ft\/messe-event\/ausstellungswande\/messerahmen\/#primaryimage","url":"https:\/\/www.amstelprinting.nl\/wp-content\/uploads\/beursframe-bedrukken.png","contentUrl":"https:\/\/www.amstelprinting.nl\/wp-content\/uploads\/beursframe-bedrukken.png","width":700,"height":700},{"@type":"BreadcrumbList","@id":"https:\/\/www.amstelprinting.nl\/de\/gesch\u00e4ft\/messe-event\/ausstellungswande\/messerahmen\/#breadcrumb","itemListElement":[{"@type":"ListItem","position":1,"name":"","item":"https:\/\/www.amstelprinting.nl\/de\/"},{"@type":"ListItem","position":2,"name":"Amstel Printing","item":"https:\/\/www.amstelprinting.nl\/de\/geschaeft\/"},{"@type":"ListItem","position":3,"name":"Messe &amp; Event","item":"https:\/\/www.amstelprinting.nl\/de\/kategorie\/messe-event\/"},{"@type":"ListItem","position":4,"name":"Ausstellungsw\u00e4nde","item":"https:\/\/www.amstelprinting.nl\/de\/kategorie\/messe-event\/ausstellungswande\/"},{"@type":"ListItem","position":5,"name":"Messerahmen"}]},{"@type":"WebSite","@id":"https:\/\/www.amstelprinting.nl\/de\/#website","url":"https:\/\/www.amstelprinting.nl\/de\/","name":"Amstel Printing","description":"Creating Exposure","publisher":{"@id":"https:\/\/www.amstelprinting.nl\/de\/#organization"},"potentialAction":[{"@type":"SearchAction","target":{"@type":"EntryPoint","urlTemplate":"https:\/\/www.amstelprinting.nl\/de\/?s={search_term_string}"},"query-input":{"@type":"PropertyValueSpecification","valueRequired":true,"valueName":"search_term_string"}}],"inLanguage":"de"},{"@type":"Organization","@id":"https:\/\/www.amstelprinting.nl\/de\/#organization","name":"Amstel Printing","url":"https:\/\/www.amstelprinting.nl\/de\/","logo":{"@type":"ImageObject","inLanguage":"de","@id":"https:\/\/www.amstelprinting.nl\/de\/#\/schema\/logo\/image\/","url":"https:\/\/www.amstelprinting.nl\/wp-content\/uploads\/amstel_printing_logo_clean.png","contentUrl":"https:\/\/www.amstelprinting.nl\/wp-content\/uploads\/amstel_printing_logo_clean.png","width":324,"height":73,"caption":"Amstel Printing"},"image":{"@id":"https:\/\/www.amstelprinting.nl\/de\/#\/schema\/logo\/image\/"}}]}},"_links":{"self":[{"href":"https:\/\/www.amstelprinting.nl\/de\/wp-json\/wp\/v2\/product\/15179","targetHints":{"allow":["GET"]}}],"collection":[{"href":"https:\/\/www.amstelprinting.nl\/de\/wp-json\/wp\/v2\/product"}],"about":[{"href":"https:\/\/www.amstelprinting.nl\/de\/wp-json\/wp\/v2\/types\/product"}],"wp:featuredmedia":[{"embeddable":true,"href":"https:\/\/www.amstelprinting.nl\/de\/wp-json\/wp\/v2\/media\/15180"}],"wp:attachment":[{"href":"https:\/\/www.amstelprinting.nl\/de\/wp-json\/wp\/v2\/media?parent=15179"}],"wp:term":[{"taxonomy":"product_brand","embeddable":true,"href":"https:\/\/www.amstelprinting.nl\/de\/wp-json\/wp\/v2\/product_brand?post=15179"},{"taxonomy":"product_cat","embeddable":true,"href":"https:\/\/www.amstelprinting.nl\/de\/wp-json\/wp\/v2\/product_cat?post=15179"},{"taxonomy":"product_tag","embeddable":true,"href":"https:\/\/www.amstelprinting.nl\/de\/wp-json\/wp\/v2\/product_tag?post=15179"}],"curies":[{"name":"wp","href":"https:\/\/api.w.org\/{rel}","templated":true}]}}