{"id":15191,"date":"2025-01-24T11:13:42","date_gmt":"2025-01-24T10:13:42","guid":{"rendered":"https:\/\/www.amstelprinting.nl\/winkel\/unkategorisiert\/vloermatten\/"},"modified":"2026-02-18T12:54:27","modified_gmt":"2026-02-18T11:54:27","slug":"fusmatten","status":"publish","type":"product","link":"https:\/\/www.amstelprinting.nl\/de\/gesch\u00e4ft\/innere\/bodendekoration\/fusmatten\/","title":{"rendered":"Fu\u00dfmatten"},"content":{"rendered":"<h3>Fu\u00dfmatten bedrucken<\/h3>\n<p>Unsere Fu\u00dfmatten sind vielseitig und funktional einsetzbar f\u00fcr langfristige und kurzzeitige Veranstaltungen. Fu\u00dfmatten lassen sich schnell verlegen und wieder entfernen und sind daher beliebte Produkte f\u00fcr Messen. Amstel Printing bietet zwei verschiedene Arten von Fu\u00dfmatten an: als Schmutzfangmatte oder als Bodenvinyl.<\/p>\n<h3>Vorteile<\/h3>\n<ul>\n<li>Geeignet f\u00fcr den Einsatz auf ebenen Untergr\u00fcnden<\/li>\n<li>Einfach zu reinigen (waschbar)<\/li>\n<li>Leicht zu bewegen und zudem wiederverwendbar<\/li>\n<li>Versehen mit rutschfestem und verschlei\u00dffestem Druck<\/li>\n<\/ul>\n<p>&nbsp;<\/p>\n<h3>Schmutzfangmatte<\/h3>\n<p>Die Schmutzfangmatte ist ideal f\u00fcr stark frequentierte Bereiche, da sie Schmutz und Feuchtigkeit effektiv auff\u00e4ngt, damit Ihre B\u00f6den sauber und sicher bleiben. Die R\u00fcckseite ist mit einem TPE-Backing aus recyceltem Material versehen, was nicht nur einen hohen Anti-Rutsch-Wert bietet, sondern auch zum nachhaltigen Charakter jeder Inneneinrichtung beitr\u00e4gt.<\/p>\n<h3>Bodenvinyl<\/h3>\n<p>Bodenvinyl hat eine strukturierte, rutschfeste Vorderseite und eine komfortable gesch\u00e4umte R\u00fcckseite. Dieses Material ist ideal f\u00fcr tempor\u00e4re Anwendungen wie Messen und Veranstaltungen, bei denen sowohl Sicherheit als auch Komfort wichtig sind.<\/p>\n<p>Unsere Fu\u00dfmatten sind speziell f\u00fcr den Innenbereich konzipiert und eignen sich daher perfekt f\u00fcr B\u00fcros, Empfangsbereiche, Gesch\u00e4fte und andere gewerbliche Umgebungen. Mit ihrer Kombination aus Funktionalit\u00e4t und Stil tragen sie zu einem positiven ersten Eindruck jedes Eingangs- und (Gesch\u00e4fts-)Bereichs bei.<\/p>\n<h3>Verarbeitung<\/h3>\n<p>Beide Matten lassen sich leicht an Ihre spezifischen W\u00fcnsche anpassen. Sie k\u00f6nnen zwischen Standardschnitt oder Konturschnitt w\u00e4hlen, damit die Fu\u00dfmatte perfekt zum Layout Ihres Raums passt. Dies macht die Installation sehr einfach und sorgt f\u00fcr ein professionelles Finish.<\/p>\n<p>Entscheiden Sie sich f\u00fcr unsere Fu\u00dfmatten und investieren Sie in die Sicherheit und Ausstrahlung des Innenraums. Mit einer perfekten Kombination aus Funktionalit\u00e4t, \u00c4sthetik und Langlebigkeit sind sie die ideale Erg\u00e4nzung f\u00fcr jede Umgebung.<\/p>\n","protected":false},"excerpt":{"rendered":"<p>Verwandeln Sie jeden Innenraum mit Hilfe unserer hochwertigen Fu\u00dfmatten. W\u00e4hlen Sie je nach Wunsch zwischen der Schmutzfangmatte oder Bodenvinyl. Beide Fu\u00dfmatten-Optionen sind darauf ausgelegt, optimalen Komfort, Sicherheit und Schutz f\u00fcr den Unterboden zu bieten. Vollst\u00e4ndig versehen mit einem gestochen scharfen All-over-Druck nach Wunsch.<\/p>\n","protected":false},"featured_media":15193,"template":"","meta":{"_et_pb_use_builder":"","_et_pb_old_content":"","_et_gb_content_width":""},"product_brand":[],"product_cat":[943,900,903,947,899],"product_tag":[],"class_list":{"0":"post-15191","1":"product","2":"type-product","3":"status-publish","4":"has-post-thumbnail","6":"product_cat-bodendekoration","7":"product_cat-dekoration","8":"product_cat-handelsflachen","9":"product_cat-innere","10":"product_cat-messe-event","12":"first","13":"instock","14":"taxable","15":"shipping-taxable","16":"purchasable","17":"product-type-simple"},"yoast_head":"<!-- This site is optimized with the Yoast SEO plugin v27.3 - https:\/\/yoast.com\/product\/yoast-seo-wordpress\/ -->\n<title>Fu\u00dfmatten | Amstel Printing<\/title>\n<meta name=\"robots\" content=\"index, follow, max-snippet:-1, max-image-preview:large, max-video-preview:-1\" \/>\n<link rel=\"canonical\" href=\"https:\/\/www.amstelprinting.nl\/de\/gesch\u00e4ft\/innere\/bodendekoration\/fusmatten\/\" \/>\n<meta property=\"og:locale\" content=\"de_DE\" \/>\n<meta property=\"og:type\" content=\"article\" \/>\n<meta property=\"og:title\" content=\"Fu\u00dfmatten | Amstel Printing\" \/>\n<meta property=\"og:description\" content=\"Verwandeln Sie jeden Innenraum mit Hilfe unserer hochwertigen Fu\u00dfmatten. W\u00e4hlen Sie je nach Wunsch zwischen der Schmutzfangmatte oder Bodenvinyl. Beide Fu\u00dfmatten-Optionen sind darauf ausgelegt, optimalen Komfort, Sicherheit und Schutz f\u00fcr den Unterboden zu bieten. Vollst\u00e4ndig versehen mit einem gestochen scharfen All-over-Druck nach Wunsch.\" \/>\n<meta property=\"og:url\" content=\"https:\/\/www.amstelprinting.nl\/de\/gesch\u00e4ft\/innere\/bodendekoration\/fusmatten\/\" \/>\n<meta property=\"og:site_name\" content=\"Amstel Printing\" \/>\n<meta property=\"article:modified_time\" content=\"2026-02-18T11:54:27+00:00\" \/>\n<meta property=\"og:image\" content=\"https:\/\/www.amstelprinting.nl\/wp-content\/uploads\/Vloerzeil2-1.jpg\" \/>\n\t<meta property=\"og:image:width\" content=\"700\" \/>\n\t<meta property=\"og:image:height\" content=\"700\" \/>\n\t<meta property=\"og:image:type\" content=\"image\/jpeg\" \/>\n<meta name=\"twitter:card\" content=\"summary_large_image\" \/>\n<meta name=\"twitter:label1\" content=\"Gesch\u00e4tzte Lesezeit\" \/>\n\t<meta name=\"twitter:data1\" content=\"1\u00a0Minute\" \/>\n<script type=\"application\/ld+json\" class=\"yoast-schema-graph\">{\"@context\":\"https:\\\/\\\/schema.org\",\"@graph\":[{\"@type\":\"WebPage\",\"@id\":\"https:\\\/\\\/www.amstelprinting.nl\\\/de\\\/gesch\u00e4ft\\\/innere\\\/bodendekoration\\\/fusmatten\\\/\",\"url\":\"https:\\\/\\\/www.amstelprinting.nl\\\/de\\\/gesch\u00e4ft\\\/innere\\\/bodendekoration\\\/fusmatten\\\/\",\"name\":\"Fu\u00dfmatten | Amstel Printing\",\"isPartOf\":{\"@id\":\"https:\\\/\\\/www.amstelprinting.nl\\\/de\\\/#website\"},\"primaryImageOfPage\":{\"@id\":\"https:\\\/\\\/www.amstelprinting.nl\\\/de\\\/gesch\u00e4ft\\\/innere\\\/bodendekoration\\\/fusmatten\\\/#primaryimage\"},\"image\":{\"@id\":\"https:\\\/\\\/www.amstelprinting.nl\\\/de\\\/gesch\u00e4ft\\\/innere\\\/bodendekoration\\\/fusmatten\\\/#primaryimage\"},\"thumbnailUrl\":\"https:\\\/\\\/www.amstelprinting.nl\\\/wp-content\\\/uploads\\\/Vloerzeil2-1.jpg\",\"datePublished\":\"2025-01-24T10:13:42+00:00\",\"dateModified\":\"2026-02-18T11:54:27+00:00\",\"breadcrumb\":{\"@id\":\"https:\\\/\\\/www.amstelprinting.nl\\\/de\\\/gesch\u00e4ft\\\/innere\\\/bodendekoration\\\/fusmatten\\\/#breadcrumb\"},\"inLanguage\":\"de\",\"potentialAction\":[{\"@type\":\"ReadAction\",\"target\":[\"https:\\\/\\\/www.amstelprinting.nl\\\/de\\\/gesch\u00e4ft\\\/innere\\\/bodendekoration\\\/fusmatten\\\/\"]}]},{\"@type\":\"ImageObject\",\"inLanguage\":\"de\",\"@id\":\"https:\\\/\\\/www.amstelprinting.nl\\\/de\\\/gesch\u00e4ft\\\/innere\\\/bodendekoration\\\/fusmatten\\\/#primaryimage\",\"url\":\"https:\\\/\\\/www.amstelprinting.nl\\\/wp-content\\\/uploads\\\/Vloerzeil2-1.jpg\",\"contentUrl\":\"https:\\\/\\\/www.amstelprinting.nl\\\/wp-content\\\/uploads\\\/Vloerzeil2-1.jpg\",\"width\":700,\"height\":700},{\"@type\":\"BreadcrumbList\",\"@id\":\"https:\\\/\\\/www.amstelprinting.nl\\\/de\\\/gesch\u00e4ft\\\/innere\\\/bodendekoration\\\/fusmatten\\\/#breadcrumb\",\"itemListElement\":[{\"@type\":\"ListItem\",\"position\":1,\"name\":\"\",\"item\":\"https:\\\/\\\/www.amstelprinting.nl\\\/de\\\/\"},{\"@type\":\"ListItem\",\"position\":2,\"name\":\"Amstel Printing\",\"item\":\"https:\\\/\\\/www.amstelprinting.nl\\\/de\\\/geschaeft\\\/\"},{\"@type\":\"ListItem\",\"position\":3,\"name\":\"Messe &amp; Event\",\"item\":\"https:\\\/\\\/www.amstelprinting.nl\\\/de\\\/kategorie\\\/messe-event\\\/\"},{\"@type\":\"ListItem\",\"position\":4,\"name\":\"Dekoration\",\"item\":\"https:\\\/\\\/www.amstelprinting.nl\\\/de\\\/kategorie\\\/messe-event\\\/dekoration\\\/\"},{\"@type\":\"ListItem\",\"position\":5,\"name\":\"Fu\u00dfmatten\"}]},{\"@type\":\"WebSite\",\"@id\":\"https:\\\/\\\/www.amstelprinting.nl\\\/de\\\/#website\",\"url\":\"https:\\\/\\\/www.amstelprinting.nl\\\/de\\\/\",\"name\":\"Amstel Printing\",\"description\":\"Creating Exposure\",\"publisher\":{\"@id\":\"https:\\\/\\\/www.amstelprinting.nl\\\/de\\\/#organization\"},\"potentialAction\":[{\"@type\":\"SearchAction\",\"target\":{\"@type\":\"EntryPoint\",\"urlTemplate\":\"https:\\\/\\\/www.amstelprinting.nl\\\/de\\\/?s={search_term_string}\"},\"query-input\":{\"@type\":\"PropertyValueSpecification\",\"valueRequired\":true,\"valueName\":\"search_term_string\"}}],\"inLanguage\":\"de\"},{\"@type\":\"Organization\",\"@id\":\"https:\\\/\\\/www.amstelprinting.nl\\\/de\\\/#organization\",\"name\":\"Amstel Printing\",\"url\":\"https:\\\/\\\/www.amstelprinting.nl\\\/de\\\/\",\"logo\":{\"@type\":\"ImageObject\",\"inLanguage\":\"de\",\"@id\":\"https:\\\/\\\/www.amstelprinting.nl\\\/de\\\/#\\\/schema\\\/logo\\\/image\\\/\",\"url\":\"https:\\\/\\\/www.amstelprinting.nl\\\/wp-content\\\/uploads\\\/amstel_printing_logo_clean.png\",\"contentUrl\":\"https:\\\/\\\/www.amstelprinting.nl\\\/wp-content\\\/uploads\\\/amstel_printing_logo_clean.png\",\"width\":324,\"height\":73,\"caption\":\"Amstel Printing\"},\"image\":{\"@id\":\"https:\\\/\\\/www.amstelprinting.nl\\\/de\\\/#\\\/schema\\\/logo\\\/image\\\/\"}}]}<\/script>\n<!-- \/ Yoast SEO plugin. -->","yoast_head_json":{"title":"Fu\u00dfmatten | Amstel Printing","robots":{"index":"index","follow":"follow","max-snippet":"max-snippet:-1","max-image-preview":"max-image-preview:large","max-video-preview":"max-video-preview:-1"},"canonical":"https:\/\/www.amstelprinting.nl\/de\/gesch\u00e4ft\/innere\/bodendekoration\/fusmatten\/","og_locale":"de_DE","og_type":"article","og_title":"Fu\u00dfmatten | Amstel Printing","og_description":"Verwandeln Sie jeden Innenraum mit Hilfe unserer hochwertigen Fu\u00dfmatten. W\u00e4hlen Sie je nach Wunsch zwischen der Schmutzfangmatte oder Bodenvinyl. Beide Fu\u00dfmatten-Optionen sind darauf ausgelegt, optimalen Komfort, Sicherheit und Schutz f\u00fcr den Unterboden zu bieten. Vollst\u00e4ndig versehen mit einem gestochen scharfen All-over-Druck nach Wunsch.","og_url":"https:\/\/www.amstelprinting.nl\/de\/gesch\u00e4ft\/innere\/bodendekoration\/fusmatten\/","og_site_name":"Amstel Printing","article_modified_time":"2026-02-18T11:54:27+00:00","og_image":[{"width":700,"height":700,"url":"https:\/\/www.amstelprinting.nl\/wp-content\/uploads\/Vloerzeil2-1.jpg","type":"image\/jpeg"}],"twitter_card":"summary_large_image","twitter_misc":{"Gesch\u00e4tzte Lesezeit":"1\u00a0Minute"},"schema":{"@context":"https:\/\/schema.org","@graph":[{"@type":"WebPage","@id":"https:\/\/www.amstelprinting.nl\/de\/gesch\u00e4ft\/innere\/bodendekoration\/fusmatten\/","url":"https:\/\/www.amstelprinting.nl\/de\/gesch\u00e4ft\/innere\/bodendekoration\/fusmatten\/","name":"Fu\u00dfmatten | Amstel Printing","isPartOf":{"@id":"https:\/\/www.amstelprinting.nl\/de\/#website"},"primaryImageOfPage":{"@id":"https:\/\/www.amstelprinting.nl\/de\/gesch\u00e4ft\/innere\/bodendekoration\/fusmatten\/#primaryimage"},"image":{"@id":"https:\/\/www.amstelprinting.nl\/de\/gesch\u00e4ft\/innere\/bodendekoration\/fusmatten\/#primaryimage"},"thumbnailUrl":"https:\/\/www.amstelprinting.nl\/wp-content\/uploads\/Vloerzeil2-1.jpg","datePublished":"2025-01-24T10:13:42+00:00","dateModified":"2026-02-18T11:54:27+00:00","breadcrumb":{"@id":"https:\/\/www.amstelprinting.nl\/de\/gesch\u00e4ft\/innere\/bodendekoration\/fusmatten\/#breadcrumb"},"inLanguage":"de","potentialAction":[{"@type":"ReadAction","target":["https:\/\/www.amstelprinting.nl\/de\/gesch\u00e4ft\/innere\/bodendekoration\/fusmatten\/"]}]},{"@type":"ImageObject","inLanguage":"de","@id":"https:\/\/www.amstelprinting.nl\/de\/gesch\u00e4ft\/innere\/bodendekoration\/fusmatten\/#primaryimage","url":"https:\/\/www.amstelprinting.nl\/wp-content\/uploads\/Vloerzeil2-1.jpg","contentUrl":"https:\/\/www.amstelprinting.nl\/wp-content\/uploads\/Vloerzeil2-1.jpg","width":700,"height":700},{"@type":"BreadcrumbList","@id":"https:\/\/www.amstelprinting.nl\/de\/gesch\u00e4ft\/innere\/bodendekoration\/fusmatten\/#breadcrumb","itemListElement":[{"@type":"ListItem","position":1,"name":"","item":"https:\/\/www.amstelprinting.nl\/de\/"},{"@type":"ListItem","position":2,"name":"Amstel Printing","item":"https:\/\/www.amstelprinting.nl\/de\/geschaeft\/"},{"@type":"ListItem","position":3,"name":"Messe &amp; Event","item":"https:\/\/www.amstelprinting.nl\/de\/kategorie\/messe-event\/"},{"@type":"ListItem","position":4,"name":"Dekoration","item":"https:\/\/www.amstelprinting.nl\/de\/kategorie\/messe-event\/dekoration\/"},{"@type":"ListItem","position":5,"name":"Fu\u00dfmatten"}]},{"@type":"WebSite","@id":"https:\/\/www.amstelprinting.nl\/de\/#website","url":"https:\/\/www.amstelprinting.nl\/de\/","name":"Amstel Printing","description":"Creating Exposure","publisher":{"@id":"https:\/\/www.amstelprinting.nl\/de\/#organization"},"potentialAction":[{"@type":"SearchAction","target":{"@type":"EntryPoint","urlTemplate":"https:\/\/www.amstelprinting.nl\/de\/?s={search_term_string}"},"query-input":{"@type":"PropertyValueSpecification","valueRequired":true,"valueName":"search_term_string"}}],"inLanguage":"de"},{"@type":"Organization","@id":"https:\/\/www.amstelprinting.nl\/de\/#organization","name":"Amstel Printing","url":"https:\/\/www.amstelprinting.nl\/de\/","logo":{"@type":"ImageObject","inLanguage":"de","@id":"https:\/\/www.amstelprinting.nl\/de\/#\/schema\/logo\/image\/","url":"https:\/\/www.amstelprinting.nl\/wp-content\/uploads\/amstel_printing_logo_clean.png","contentUrl":"https:\/\/www.amstelprinting.nl\/wp-content\/uploads\/amstel_printing_logo_clean.png","width":324,"height":73,"caption":"Amstel Printing"},"image":{"@id":"https:\/\/www.amstelprinting.nl\/de\/#\/schema\/logo\/image\/"}}]}},"_links":{"self":[{"href":"https:\/\/www.amstelprinting.nl\/de\/wp-json\/wp\/v2\/product\/15191","targetHints":{"allow":["GET"]}}],"collection":[{"href":"https:\/\/www.amstelprinting.nl\/de\/wp-json\/wp\/v2\/product"}],"about":[{"href":"https:\/\/www.amstelprinting.nl\/de\/wp-json\/wp\/v2\/types\/product"}],"wp:featuredmedia":[{"embeddable":true,"href":"https:\/\/www.amstelprinting.nl\/de\/wp-json\/wp\/v2\/media\/15193"}],"wp:attachment":[{"href":"https:\/\/www.amstelprinting.nl\/de\/wp-json\/wp\/v2\/media?parent=15191"}],"wp:term":[{"taxonomy":"product_brand","embeddable":true,"href":"https:\/\/www.amstelprinting.nl\/de\/wp-json\/wp\/v2\/product_brand?post=15191"},{"taxonomy":"product_cat","embeddable":true,"href":"https:\/\/www.amstelprinting.nl\/de\/wp-json\/wp\/v2\/product_cat?post=15191"},{"taxonomy":"product_tag","embeddable":true,"href":"https:\/\/www.amstelprinting.nl\/de\/wp-json\/wp\/v2\/product_tag?post=15191"}],"curies":[{"name":"wp","href":"https:\/\/api.w.org\/{rel}","templated":true}]}}