{"id":15204,"date":"2025-01-23T21:05:11","date_gmt":"2025-01-23T20:05:11","guid":{"rendered":"https:\/\/www.amstelprinting.nl\/winkel\/unkategorisiert\/deurmat\/"},"modified":"2026-02-18T12:54:27","modified_gmt":"2026-02-18T11:54:27","slug":"fusmatte","status":"publish","type":"product","link":"https:\/\/www.amstelprinting.nl\/de\/gesch\u00e4ft\/innere\/bodendekoration\/fusmatte\/","title":{"rendered":"Fu\u00dfmatte"},"content":{"rendered":"<h3>Fu\u00dfmatten bedrucken<\/h3>\n<p>Eine personalisierte Fu\u00dfmatte mit einem Aufdruck nach Wunsch verleiht jedem Eingangsbereich einen Mehrwert. Kombinieren Sie verschiedene Funktionalit\u00e4ten: Bewerben Sie Ihre Botschaft oder Marke und halten Sie gleichzeitig Schmutz vor der T\u00fcr. Bedruckte Fu\u00dfmatten sind perfekt f\u00fcr Innen- und Au\u00dfenanwendungen geeignet und k\u00f6nnen in jeder gew\u00fcnschten Gr\u00f6\u00dfe und Form bestellt werden. Zudem sind Fu\u00dfmatten sicher in der Anwendung; zum einen sind sie rutschfest und zum anderen ist das Material feuerhemmend.<\/p>\n<h3>Warum Fu\u00dfmatten bestellen?<\/h3>\n<ul>\n<li>Bestellen Sie die Fu\u00dfmatte in einer Gr\u00f6\u00dfe nach Wunsch<\/li>\n<li>Bereits innerhalb von 4 Arbeitstagen geliefert<\/li>\n<li>Erh\u00e4ltlich in jeder gew\u00fcnschten Form (Konturschnitt)<\/li>\n<li>Hochwertige Druckqualit\u00e4t eines eigenen Entwurfs oder eines Musters nach Wahl<\/li>\n<li>Ausgestattet mit Anti-Rutsch-Schutz und verschlei\u00dffesten Eigenschaften<\/li>\n<li>Einfach optionales Zubeh\u00f6r (doppelseitiges Klebeband) mitbestellen<\/li>\n<li>Erf\u00fcllt Brandschutznormen mit dem Bodenvinyl-Brandzertifikat<\/li>\n<\/ul>\n<p>&nbsp;<\/p>\n<h3>Welche Fu\u00dfmatte ist f\u00fcr meinen Eingang geeignet?<br \/>\nW\u00e4hlen Sie aus 3 Optionen.<\/h3>\n<p>Amstel Printing hat drei verschiedene personalisierbare Fu\u00dfmatten im Sortiment: die <strong>Sauberlaufmatte<\/strong>, <strong>Bodenvinyl<\/strong> und die <strong>Outdoor-Fu\u00dfmatte<\/strong>. Im Folgenden erl\u00e4utern wir kurz die Eigenschaften pro Fu\u00dfmattentyp. So k\u00f6nnen Sie schnell und einfach die passende Fu\u00dfmatte bedrucken lassen.<\/p>\n<h4>1. Sauberlaufmatte (mit Anti-Rutsch)<\/h4>\n<p>Die Sauberlaufmatte ist eine niederflorige Fu\u00dfmatte. Wie der Name schon sagt: Die Sauberlaufmatte h\u00e4lt Schmutz und Feuchtigkeit zur\u00fcck. B\u00f6den bleiben dadurch l\u00e4nger sauber und nutzen sich folglich weniger schnell ab. Die Sauberlauf-Fu\u00dfmatte besteht aus einer strukturierten Vorderseite aus Synthetikfasern. Die R\u00fcckseite ist mit einem TPE-Backing versehen. Dies ist recyceltes Material, das f\u00fcr einen hohen Anti-Rutsch-Wert sorgt.<\/p>\n<h4>2. Bodenvinyl (tempor\u00e4re Anwendungen)<\/h4>\n<p>Vinyl mit einer strukturierten Anti-Rutsch-Vorderseite und einer gesch\u00e4umten R\u00fcckseite. Perfekt f\u00fcr tempor\u00e4re Anwendungen wie Messen und Events.<\/p>\n<h4>3. Outdoor-Fu\u00dfmatte<\/h4>\n<p>Die Outdoor-Fu\u00dfmatte besteht aus hochwertigem, verschlei\u00dffestem Material, wodurch sie lange h\u00e4lt. Sogar bei intensiver Nutzung.<\/p>\n","protected":false},"excerpt":{"rendered":"<h3>Fu\u00dfmatte bedrucken mit eigenem Design.<\/h3>\n<p>Schaffen Sie einen herzlichen Empfang und halten Sie B\u00f6den sauber. Bei uns k\u00f6nnen Sie Fu\u00dfmatten mit einem eigenen Druck oder Design Ihrer Wahl bestellen. Format und Form w\u00e4hlen Sie selbst. Die bedruckte Fu\u00dfmatte ist als Sauberlaufmatte (mit Anti-Rutsch), Bodenvinyl (tempor\u00e4re Nutzung) oder als Outdoor-Fu\u00dfmatte (f\u00fcr au\u00dfen geeignet) erh\u00e4ltlich. Stellen Sie unten in wenigen Schritten Ihre bedruckte Fu\u00dfmatte zusammen.<\/p>\n","protected":false},"featured_media":15205,"template":"","meta":{"_et_pb_use_builder":"","_et_pb_old_content":"","_et_gb_content_width":""},"product_brand":[],"product_cat":[943,945,947],"product_tag":[],"class_list":{"0":"post-15204","1":"product","2":"type-product","3":"status-publish","4":"has-post-thumbnail","6":"product_cat-bodendekoration","7":"product_cat-haus-gastronomie","8":"product_cat-innere","10":"first","11":"instock","12":"taxable","13":"shipping-taxable","14":"purchasable","15":"product-type-simple"},"yoast_head":"<!-- This site is optimized with the Yoast SEO plugin v27.3 - https:\/\/yoast.com\/product\/yoast-seo-wordpress\/ -->\n<title>Fu\u00dfmatte | Amstel Printing<\/title>\n<meta name=\"robots\" content=\"index, follow, max-snippet:-1, max-image-preview:large, max-video-preview:-1\" \/>\n<link rel=\"canonical\" href=\"https:\/\/www.amstelprinting.nl\/de\/gesch\u00e4ft\/innere\/bodendekoration\/fusmatte\/\" \/>\n<meta property=\"og:locale\" content=\"de_DE\" \/>\n<meta property=\"og:type\" content=\"article\" \/>\n<meta property=\"og:title\" content=\"Fu\u00dfmatte | Amstel Printing\" \/>\n<meta property=\"og:description\" content=\"Fu\u00dfmatte bedrucken mit eigenem Design. Schaffen Sie einen herzlichen Empfang und halten Sie B\u00f6den sauber. Bei uns k\u00f6nnen Sie Fu\u00dfmatten mit einem eigenen Druck oder Design Ihrer Wahl bestellen. Format und Form w\u00e4hlen Sie selbst. Die bedruckte Fu\u00dfmatte ist als Sauberlaufmatte (mit Anti-Rutsch), Bodenvinyl (tempor\u00e4re Nutzung) oder als Outdoor-Fu\u00dfmatte (f\u00fcr au\u00dfen geeignet) erh\u00e4ltlich. Stellen Sie unten in wenigen Schritten Ihre bedruckte Fu\u00dfmatte zusammen.\" \/>\n<meta property=\"og:url\" content=\"https:\/\/www.amstelprinting.nl\/de\/gesch\u00e4ft\/innere\/bodendekoration\/fusmatte\/\" \/>\n<meta property=\"og:site_name\" content=\"Amstel Printing\" \/>\n<meta property=\"article:modified_time\" content=\"2026-02-18T11:54:27+00:00\" \/>\n<meta property=\"og:image\" content=\"https:\/\/www.amstelprinting.nl\/wp-content\/uploads\/Outdoor-vloermat.jpg\" \/>\n\t<meta property=\"og:image:width\" content=\"700\" \/>\n\t<meta property=\"og:image:height\" content=\"700\" \/>\n\t<meta property=\"og:image:type\" content=\"image\/jpeg\" \/>\n<meta name=\"twitter:card\" content=\"summary_large_image\" \/>\n<meta name=\"twitter:label1\" content=\"Gesch\u00e4tzte Lesezeit\" \/>\n\t<meta name=\"twitter:data1\" content=\"2\u00a0Minuten\" \/>\n<script type=\"application\/ld+json\" class=\"yoast-schema-graph\">{\"@context\":\"https:\\\/\\\/schema.org\",\"@graph\":[{\"@type\":\"WebPage\",\"@id\":\"https:\\\/\\\/www.amstelprinting.nl\\\/de\\\/gesch\u00e4ft\\\/innere\\\/bodendekoration\\\/fusmatte\\\/\",\"url\":\"https:\\\/\\\/www.amstelprinting.nl\\\/de\\\/gesch\u00e4ft\\\/innere\\\/bodendekoration\\\/fusmatte\\\/\",\"name\":\"Fu\u00dfmatte | Amstel Printing\",\"isPartOf\":{\"@id\":\"https:\\\/\\\/www.amstelprinting.nl\\\/de\\\/#website\"},\"primaryImageOfPage\":{\"@id\":\"https:\\\/\\\/www.amstelprinting.nl\\\/de\\\/gesch\u00e4ft\\\/innere\\\/bodendekoration\\\/fusmatte\\\/#primaryimage\"},\"image\":{\"@id\":\"https:\\\/\\\/www.amstelprinting.nl\\\/de\\\/gesch\u00e4ft\\\/innere\\\/bodendekoration\\\/fusmatte\\\/#primaryimage\"},\"thumbnailUrl\":\"https:\\\/\\\/www.amstelprinting.nl\\\/wp-content\\\/uploads\\\/Outdoor-vloermat.jpg\",\"datePublished\":\"2025-01-23T20:05:11+00:00\",\"dateModified\":\"2026-02-18T11:54:27+00:00\",\"breadcrumb\":{\"@id\":\"https:\\\/\\\/www.amstelprinting.nl\\\/de\\\/gesch\u00e4ft\\\/innere\\\/bodendekoration\\\/fusmatte\\\/#breadcrumb\"},\"inLanguage\":\"de\",\"potentialAction\":[{\"@type\":\"ReadAction\",\"target\":[\"https:\\\/\\\/www.amstelprinting.nl\\\/de\\\/gesch\u00e4ft\\\/innere\\\/bodendekoration\\\/fusmatte\\\/\"]}]},{\"@type\":\"ImageObject\",\"inLanguage\":\"de\",\"@id\":\"https:\\\/\\\/www.amstelprinting.nl\\\/de\\\/gesch\u00e4ft\\\/innere\\\/bodendekoration\\\/fusmatte\\\/#primaryimage\",\"url\":\"https:\\\/\\\/www.amstelprinting.nl\\\/wp-content\\\/uploads\\\/Outdoor-vloermat.jpg\",\"contentUrl\":\"https:\\\/\\\/www.amstelprinting.nl\\\/wp-content\\\/uploads\\\/Outdoor-vloermat.jpg\",\"width\":700,\"height\":700},{\"@type\":\"BreadcrumbList\",\"@id\":\"https:\\\/\\\/www.amstelprinting.nl\\\/de\\\/gesch\u00e4ft\\\/innere\\\/bodendekoration\\\/fusmatte\\\/#breadcrumb\",\"itemListElement\":[{\"@type\":\"ListItem\",\"position\":1,\"name\":\"\",\"item\":\"https:\\\/\\\/www.amstelprinting.nl\\\/de\\\/\"},{\"@type\":\"ListItem\",\"position\":2,\"name\":\"Amstel Printing\",\"item\":\"https:\\\/\\\/www.amstelprinting.nl\\\/de\\\/geschaeft\\\/\"},{\"@type\":\"ListItem\",\"position\":3,\"name\":\"Innere\",\"item\":\"https:\\\/\\\/www.amstelprinting.nl\\\/de\\\/kategorie\\\/innere\\\/\"},{\"@type\":\"ListItem\",\"position\":4,\"name\":\"Haus &amp; Gastronomie\",\"item\":\"https:\\\/\\\/www.amstelprinting.nl\\\/de\\\/kategorie\\\/innere\\\/haus-gastronomie\\\/\"},{\"@type\":\"ListItem\",\"position\":5,\"name\":\"Fu\u00dfmatte\"}]},{\"@type\":\"WebSite\",\"@id\":\"https:\\\/\\\/www.amstelprinting.nl\\\/de\\\/#website\",\"url\":\"https:\\\/\\\/www.amstelprinting.nl\\\/de\\\/\",\"name\":\"Amstel Printing\",\"description\":\"Creating Exposure\",\"publisher\":{\"@id\":\"https:\\\/\\\/www.amstelprinting.nl\\\/de\\\/#organization\"},\"potentialAction\":[{\"@type\":\"SearchAction\",\"target\":{\"@type\":\"EntryPoint\",\"urlTemplate\":\"https:\\\/\\\/www.amstelprinting.nl\\\/de\\\/?s={search_term_string}\"},\"query-input\":{\"@type\":\"PropertyValueSpecification\",\"valueRequired\":true,\"valueName\":\"search_term_string\"}}],\"inLanguage\":\"de\"},{\"@type\":\"Organization\",\"@id\":\"https:\\\/\\\/www.amstelprinting.nl\\\/de\\\/#organization\",\"name\":\"Amstel Printing\",\"url\":\"https:\\\/\\\/www.amstelprinting.nl\\\/de\\\/\",\"logo\":{\"@type\":\"ImageObject\",\"inLanguage\":\"de\",\"@id\":\"https:\\\/\\\/www.amstelprinting.nl\\\/de\\\/#\\\/schema\\\/logo\\\/image\\\/\",\"url\":\"https:\\\/\\\/www.amstelprinting.nl\\\/wp-content\\\/uploads\\\/amstel_printing_logo_clean.png\",\"contentUrl\":\"https:\\\/\\\/www.amstelprinting.nl\\\/wp-content\\\/uploads\\\/amstel_printing_logo_clean.png\",\"width\":324,\"height\":73,\"caption\":\"Amstel Printing\"},\"image\":{\"@id\":\"https:\\\/\\\/www.amstelprinting.nl\\\/de\\\/#\\\/schema\\\/logo\\\/image\\\/\"}}]}<\/script>\n<!-- \/ Yoast SEO plugin. -->","yoast_head_json":{"title":"Fu\u00dfmatte | Amstel Printing","robots":{"index":"index","follow":"follow","max-snippet":"max-snippet:-1","max-image-preview":"max-image-preview:large","max-video-preview":"max-video-preview:-1"},"canonical":"https:\/\/www.amstelprinting.nl\/de\/gesch\u00e4ft\/innere\/bodendekoration\/fusmatte\/","og_locale":"de_DE","og_type":"article","og_title":"Fu\u00dfmatte | Amstel Printing","og_description":"Fu\u00dfmatte bedrucken mit eigenem Design. Schaffen Sie einen herzlichen Empfang und halten Sie B\u00f6den sauber. Bei uns k\u00f6nnen Sie Fu\u00dfmatten mit einem eigenen Druck oder Design Ihrer Wahl bestellen. Format und Form w\u00e4hlen Sie selbst. Die bedruckte Fu\u00dfmatte ist als Sauberlaufmatte (mit Anti-Rutsch), Bodenvinyl (tempor\u00e4re Nutzung) oder als Outdoor-Fu\u00dfmatte (f\u00fcr au\u00dfen geeignet) erh\u00e4ltlich. Stellen Sie unten in wenigen Schritten Ihre bedruckte Fu\u00dfmatte zusammen.","og_url":"https:\/\/www.amstelprinting.nl\/de\/gesch\u00e4ft\/innere\/bodendekoration\/fusmatte\/","og_site_name":"Amstel Printing","article_modified_time":"2026-02-18T11:54:27+00:00","og_image":[{"width":700,"height":700,"url":"https:\/\/www.amstelprinting.nl\/wp-content\/uploads\/Outdoor-vloermat.jpg","type":"image\/jpeg"}],"twitter_card":"summary_large_image","twitter_misc":{"Gesch\u00e4tzte Lesezeit":"2\u00a0Minuten"},"schema":{"@context":"https:\/\/schema.org","@graph":[{"@type":"WebPage","@id":"https:\/\/www.amstelprinting.nl\/de\/gesch\u00e4ft\/innere\/bodendekoration\/fusmatte\/","url":"https:\/\/www.amstelprinting.nl\/de\/gesch\u00e4ft\/innere\/bodendekoration\/fusmatte\/","name":"Fu\u00dfmatte | Amstel Printing","isPartOf":{"@id":"https:\/\/www.amstelprinting.nl\/de\/#website"},"primaryImageOfPage":{"@id":"https:\/\/www.amstelprinting.nl\/de\/gesch\u00e4ft\/innere\/bodendekoration\/fusmatte\/#primaryimage"},"image":{"@id":"https:\/\/www.amstelprinting.nl\/de\/gesch\u00e4ft\/innere\/bodendekoration\/fusmatte\/#primaryimage"},"thumbnailUrl":"https:\/\/www.amstelprinting.nl\/wp-content\/uploads\/Outdoor-vloermat.jpg","datePublished":"2025-01-23T20:05:11+00:00","dateModified":"2026-02-18T11:54:27+00:00","breadcrumb":{"@id":"https:\/\/www.amstelprinting.nl\/de\/gesch\u00e4ft\/innere\/bodendekoration\/fusmatte\/#breadcrumb"},"inLanguage":"de","potentialAction":[{"@type":"ReadAction","target":["https:\/\/www.amstelprinting.nl\/de\/gesch\u00e4ft\/innere\/bodendekoration\/fusmatte\/"]}]},{"@type":"ImageObject","inLanguage":"de","@id":"https:\/\/www.amstelprinting.nl\/de\/gesch\u00e4ft\/innere\/bodendekoration\/fusmatte\/#primaryimage","url":"https:\/\/www.amstelprinting.nl\/wp-content\/uploads\/Outdoor-vloermat.jpg","contentUrl":"https:\/\/www.amstelprinting.nl\/wp-content\/uploads\/Outdoor-vloermat.jpg","width":700,"height":700},{"@type":"BreadcrumbList","@id":"https:\/\/www.amstelprinting.nl\/de\/gesch\u00e4ft\/innere\/bodendekoration\/fusmatte\/#breadcrumb","itemListElement":[{"@type":"ListItem","position":1,"name":"","item":"https:\/\/www.amstelprinting.nl\/de\/"},{"@type":"ListItem","position":2,"name":"Amstel Printing","item":"https:\/\/www.amstelprinting.nl\/de\/geschaeft\/"},{"@type":"ListItem","position":3,"name":"Innere","item":"https:\/\/www.amstelprinting.nl\/de\/kategorie\/innere\/"},{"@type":"ListItem","position":4,"name":"Haus &amp; Gastronomie","item":"https:\/\/www.amstelprinting.nl\/de\/kategorie\/innere\/haus-gastronomie\/"},{"@type":"ListItem","position":5,"name":"Fu\u00dfmatte"}]},{"@type":"WebSite","@id":"https:\/\/www.amstelprinting.nl\/de\/#website","url":"https:\/\/www.amstelprinting.nl\/de\/","name":"Amstel Printing","description":"Creating Exposure","publisher":{"@id":"https:\/\/www.amstelprinting.nl\/de\/#organization"},"potentialAction":[{"@type":"SearchAction","target":{"@type":"EntryPoint","urlTemplate":"https:\/\/www.amstelprinting.nl\/de\/?s={search_term_string}"},"query-input":{"@type":"PropertyValueSpecification","valueRequired":true,"valueName":"search_term_string"}}],"inLanguage":"de"},{"@type":"Organization","@id":"https:\/\/www.amstelprinting.nl\/de\/#organization","name":"Amstel Printing","url":"https:\/\/www.amstelprinting.nl\/de\/","logo":{"@type":"ImageObject","inLanguage":"de","@id":"https:\/\/www.amstelprinting.nl\/de\/#\/schema\/logo\/image\/","url":"https:\/\/www.amstelprinting.nl\/wp-content\/uploads\/amstel_printing_logo_clean.png","contentUrl":"https:\/\/www.amstelprinting.nl\/wp-content\/uploads\/amstel_printing_logo_clean.png","width":324,"height":73,"caption":"Amstel Printing"},"image":{"@id":"https:\/\/www.amstelprinting.nl\/de\/#\/schema\/logo\/image\/"}}]}},"_links":{"self":[{"href":"https:\/\/www.amstelprinting.nl\/de\/wp-json\/wp\/v2\/product\/15204","targetHints":{"allow":["GET"]}}],"collection":[{"href":"https:\/\/www.amstelprinting.nl\/de\/wp-json\/wp\/v2\/product"}],"about":[{"href":"https:\/\/www.amstelprinting.nl\/de\/wp-json\/wp\/v2\/types\/product"}],"wp:featuredmedia":[{"embeddable":true,"href":"https:\/\/www.amstelprinting.nl\/de\/wp-json\/wp\/v2\/media\/15205"}],"wp:attachment":[{"href":"https:\/\/www.amstelprinting.nl\/de\/wp-json\/wp\/v2\/media?parent=15204"}],"wp:term":[{"taxonomy":"product_brand","embeddable":true,"href":"https:\/\/www.amstelprinting.nl\/de\/wp-json\/wp\/v2\/product_brand?post=15204"},{"taxonomy":"product_cat","embeddable":true,"href":"https:\/\/www.amstelprinting.nl\/de\/wp-json\/wp\/v2\/product_cat?post=15204"},{"taxonomy":"product_tag","embeddable":true,"href":"https:\/\/www.amstelprinting.nl\/de\/wp-json\/wp\/v2\/product_tag?post=15204"}],"curies":[{"name":"wp","href":"https:\/\/api.w.org\/{rel}","templated":true}]}}