{"id":15216,"date":"2025-01-23T21:05:08","date_gmt":"2025-01-23T20:05:08","guid":{"rendered":"https:\/\/www.amstelprinting.nl\/winkel\/unkategorisiert\/schoonloopmat\/"},"modified":"2026-02-18T12:54:28","modified_gmt":"2026-02-18T11:54:28","slug":"schmutzfangmatte","status":"publish","type":"product","link":"https:\/\/www.amstelprinting.nl\/de\/gesch\u00e4ft\/innere\/bodendekoration\/schmutzfangmatte\/","title":{"rendered":"Schmutzfangmatte"},"content":{"rendered":"<h3>Schmutzfangmatte bedrucken<\/h3>\n<p>Die Schmutzfangmatte ist eine niederflorige Fu\u00dfmatte. Wie der Name schon sagt: Die Schmutzfangmatte h\u00e4lt Schmutz und Feuchtigkeit zur\u00fcck. B\u00f6den bleiben dadurch l\u00e4nger sauber und nutzen sich folglich weniger schnell ab. Die Schmutzfangmatte besteht aus einer strukturierten Vorderseite aus Synthetikfasern. Die R\u00fcckseite ist mit einem TPE-Backing versehen. Dabei handelt es sich um recyceltes Material, das f\u00fcr eine hohe Rutschfestigkeit sorgt.<\/p>\n<h3>Anwendung Schmutzfangmatte<\/h3>\n<p>Die Schmutzfangmatte ist perfekt f\u00fcr den Eingangsbereich eines Privathauses, eines belebten B\u00fcros oder einer gewerblichen Umgebung.<\/p>\n<h3>Warum eine Schmutzfangmatte bestellen?<\/h3>\n<ul>\n<li>Hervorragende Schmutz- und Feuchtigkeitsaufnahme ist garantiert<\/li>\n<li>Vollst\u00e4ndig in eigenen Abmessungen und Formen bestellbar<\/li>\n<li>Liegt dank der Anti-Rutsch-Schicht sicher<\/li>\n<li>Auch f\u00fcr B\u00f6den mit Fu\u00dfbodenheizung geeignet<\/li>\n<li>Aus schnittfestem Material gefertigt (nachtr\u00e4glicher Zuschnitt m\u00f6glich)<\/li>\n<li>Waschbar bei 30 Grad Celsius<\/li>\n<li>Hochwertige Qualit\u00e4t, die nicht ausfranst (keine Kantenbearbeitung erforderlich)<\/li>\n<li>Versehen mit einem vollfl\u00e4chigen, verschlei\u00dffesten Full-Color-Druck<\/li>\n<\/ul>\n<p>&nbsp;<\/p>\n<h3>Format der Schmutzfangmatte<\/h3>\n<p>Unsere Schmutzfangatten sind in Breiten bis zu 198 cm und H\u00f6hen bis zu 700 cm (aus einem St\u00fcck) erh\u00e4ltlich, sodass Sie die Matte exakt nach Ma\u00df zuschneiden lassen k\u00f6nnen. Sie k\u00f6nnen w\u00e4hlen, ob Sie die Schmutzfangmatte in ein gew\u00fcnschtes Format oder in die Konturen Ihres Entwurfs schneiden lassen m\u00f6chten.<\/p>\n<h3>Material der Schmutzfangmatte<\/h3>\n<p>Unsere Schmutzfangmatte verf\u00fcgt \u00fcber eine strukturierte Vorderseite aus Synthetikfasern (Velours PA Synthetikfaser). Dies sorgt f\u00fcr eine hervorragende Absorption von Schmutz und Feuchtigkeit. So bleibt Ihr Boden sauber und trocken. Die R\u00fcckseite der Matte ist zudem mit einer TPE-R\u00fcckseite aus recyceltem Material ausgestattet. Eine hohe Rutschfestigkeit wird dadurch zus\u00e4tzlich garantiert. Die Schmutzfangmatte ist f\u00fcr alle Bodenarten geeignet, auch f\u00fcr B\u00f6den mit Fu\u00dfbodenheizung. Der verschlei\u00dffeste Druck sorgt nicht nur f\u00fcr ein professionelles Erscheinungsbild, sondern h\u00e4lt auch intensiver Nutzung stand.<\/p>\n","protected":false},"excerpt":{"rendered":"<h3>Schmutzfangmatte bedrucken: H\u00e4lt Feuchtigkeit und Schmutz vor der T\u00fcr<\/h3>\n<p>Mit einer Schmutzfangmatte werden Schmutz und Feuchtigkeit im Eingangsbereich bestm\u00f6glich abgefangen, wodurch Ihre B\u00f6den l\u00e4nger sch\u00f6n bleiben. Gestalten Sie einen beeindruckenden Eingangsbereich, indem Sie die Schmutzfangmatte mit einem Logo-Druck, einem Bild oder einem Muster Ihrer Wahl personalisieren. Ideal f\u00fcr Unternehmen, Gesch\u00e4fte oder \u00f6ffentliche R\u00e4ume. Die Schmutzfangmatte ist zudem mit einer Anti-Rutsch-Schicht versehen. Das Format und die Form der bedruckten Schmutzfangmatte bestimmen Sie selbst.<\/p>\n","protected":false},"featured_media":15218,"template":"","meta":{"_et_pb_use_builder":"","_et_pb_old_content":"","_et_gb_content_width":""},"product_brand":[],"product_cat":[944,943,947],"product_tag":[],"class_list":{"0":"post-15216","1":"product","2":"type-product","3":"status-publish","4":"has-post-thumbnail","6":"product_cat-buro","7":"product_cat-bodendekoration","8":"product_cat-innere","10":"first","11":"instock","12":"taxable","13":"shipping-taxable","14":"purchasable","15":"product-type-simple"},"yoast_head":"<!-- This site is optimized with the Yoast SEO plugin v27.3 - https:\/\/yoast.com\/product\/yoast-seo-wordpress\/ -->\n<title>Schmutzfangmatte | Amstel Printing<\/title>\n<meta name=\"robots\" content=\"index, follow, max-snippet:-1, max-image-preview:large, max-video-preview:-1\" \/>\n<link rel=\"canonical\" href=\"https:\/\/www.amstelprinting.nl\/de\/gesch\u00e4ft\/innere\/bodendekoration\/schmutzfangmatte\/\" \/>\n<meta property=\"og:locale\" content=\"de_DE\" \/>\n<meta property=\"og:type\" content=\"article\" \/>\n<meta property=\"og:title\" content=\"Schmutzfangmatte | Amstel Printing\" \/>\n<meta property=\"og:description\" content=\"Schmutzfangmatte bedrucken: H\u00e4lt Feuchtigkeit und Schmutz vor der T\u00fcr Mit einer Schmutzfangmatte werden Schmutz und Feuchtigkeit im Eingangsbereich bestm\u00f6glich abgefangen, wodurch Ihre B\u00f6den l\u00e4nger sch\u00f6n bleiben. Gestalten Sie einen beeindruckenden Eingangsbereich, indem Sie die Schmutzfangmatte mit einem Logo-Druck, einem Bild oder einem Muster Ihrer Wahl personalisieren. Ideal f\u00fcr Unternehmen, Gesch\u00e4fte oder \u00f6ffentliche R\u00e4ume. Die Schmutzfangmatte ist zudem mit einer Anti-Rutsch-Schicht versehen. Das Format und die Form der bedruckten Schmutzfangmatte bestimmen Sie selbst.\" \/>\n<meta property=\"og:url\" content=\"https:\/\/www.amstelprinting.nl\/de\/gesch\u00e4ft\/innere\/bodendekoration\/schmutzfangmatte\/\" \/>\n<meta property=\"og:site_name\" content=\"Amstel Printing\" \/>\n<meta property=\"article:modified_time\" content=\"2026-02-18T11:54:28+00:00\" \/>\n<meta property=\"og:image\" content=\"https:\/\/www.amstelprinting.nl\/wp-content\/uploads\/Vloermatten-bedrukken-schoonloopmat.jpg\" \/>\n\t<meta property=\"og:image:width\" content=\"2001\" \/>\n\t<meta property=\"og:image:height\" content=\"2001\" \/>\n\t<meta property=\"og:image:type\" content=\"image\/jpeg\" \/>\n<meta name=\"twitter:card\" content=\"summary_large_image\" \/>\n<meta name=\"twitter:label1\" content=\"Gesch\u00e4tzte Lesezeit\" \/>\n\t<meta name=\"twitter:data1\" content=\"2\u00a0Minuten\" \/>\n<script type=\"application\/ld+json\" class=\"yoast-schema-graph\">{\"@context\":\"https:\\\/\\\/schema.org\",\"@graph\":[{\"@type\":\"WebPage\",\"@id\":\"https:\\\/\\\/www.amstelprinting.nl\\\/de\\\/gesch\u00e4ft\\\/innere\\\/bodendekoration\\\/schmutzfangmatte\\\/\",\"url\":\"https:\\\/\\\/www.amstelprinting.nl\\\/de\\\/gesch\u00e4ft\\\/innere\\\/bodendekoration\\\/schmutzfangmatte\\\/\",\"name\":\"Schmutzfangmatte | Amstel Printing\",\"isPartOf\":{\"@id\":\"https:\\\/\\\/www.amstelprinting.nl\\\/de\\\/#website\"},\"primaryImageOfPage\":{\"@id\":\"https:\\\/\\\/www.amstelprinting.nl\\\/de\\\/gesch\u00e4ft\\\/innere\\\/bodendekoration\\\/schmutzfangmatte\\\/#primaryimage\"},\"image\":{\"@id\":\"https:\\\/\\\/www.amstelprinting.nl\\\/de\\\/gesch\u00e4ft\\\/innere\\\/bodendekoration\\\/schmutzfangmatte\\\/#primaryimage\"},\"thumbnailUrl\":\"https:\\\/\\\/www.amstelprinting.nl\\\/wp-content\\\/uploads\\\/Vloermatten-bedrukken-schoonloopmat.jpg\",\"datePublished\":\"2025-01-23T20:05:08+00:00\",\"dateModified\":\"2026-02-18T11:54:28+00:00\",\"breadcrumb\":{\"@id\":\"https:\\\/\\\/www.amstelprinting.nl\\\/de\\\/gesch\u00e4ft\\\/innere\\\/bodendekoration\\\/schmutzfangmatte\\\/#breadcrumb\"},\"inLanguage\":\"de\",\"potentialAction\":[{\"@type\":\"ReadAction\",\"target\":[\"https:\\\/\\\/www.amstelprinting.nl\\\/de\\\/gesch\u00e4ft\\\/innere\\\/bodendekoration\\\/schmutzfangmatte\\\/\"]}]},{\"@type\":\"ImageObject\",\"inLanguage\":\"de\",\"@id\":\"https:\\\/\\\/www.amstelprinting.nl\\\/de\\\/gesch\u00e4ft\\\/innere\\\/bodendekoration\\\/schmutzfangmatte\\\/#primaryimage\",\"url\":\"https:\\\/\\\/www.amstelprinting.nl\\\/wp-content\\\/uploads\\\/Vloermatten-bedrukken-schoonloopmat.jpg\",\"contentUrl\":\"https:\\\/\\\/www.amstelprinting.nl\\\/wp-content\\\/uploads\\\/Vloermatten-bedrukken-schoonloopmat.jpg\",\"width\":2001,\"height\":2001},{\"@type\":\"BreadcrumbList\",\"@id\":\"https:\\\/\\\/www.amstelprinting.nl\\\/de\\\/gesch\u00e4ft\\\/innere\\\/bodendekoration\\\/schmutzfangmatte\\\/#breadcrumb\",\"itemListElement\":[{\"@type\":\"ListItem\",\"position\":1,\"name\":\"\",\"item\":\"https:\\\/\\\/www.amstelprinting.nl\\\/de\\\/\"},{\"@type\":\"ListItem\",\"position\":2,\"name\":\"Amstel Printing\",\"item\":\"https:\\\/\\\/www.amstelprinting.nl\\\/de\\\/geschaeft\\\/\"},{\"@type\":\"ListItem\",\"position\":3,\"name\":\"Innere\",\"item\":\"https:\\\/\\\/www.amstelprinting.nl\\\/de\\\/kategorie\\\/innere\\\/\"},{\"@type\":\"ListItem\",\"position\":4,\"name\":\"B\u00fcro\",\"item\":\"https:\\\/\\\/www.amstelprinting.nl\\\/de\\\/kategorie\\\/innere\\\/buro\\\/\"},{\"@type\":\"ListItem\",\"position\":5,\"name\":\"Schmutzfangmatte\"}]},{\"@type\":\"WebSite\",\"@id\":\"https:\\\/\\\/www.amstelprinting.nl\\\/de\\\/#website\",\"url\":\"https:\\\/\\\/www.amstelprinting.nl\\\/de\\\/\",\"name\":\"Amstel Printing\",\"description\":\"Creating Exposure\",\"publisher\":{\"@id\":\"https:\\\/\\\/www.amstelprinting.nl\\\/de\\\/#organization\"},\"potentialAction\":[{\"@type\":\"SearchAction\",\"target\":{\"@type\":\"EntryPoint\",\"urlTemplate\":\"https:\\\/\\\/www.amstelprinting.nl\\\/de\\\/?s={search_term_string}\"},\"query-input\":{\"@type\":\"PropertyValueSpecification\",\"valueRequired\":true,\"valueName\":\"search_term_string\"}}],\"inLanguage\":\"de\"},{\"@type\":\"Organization\",\"@id\":\"https:\\\/\\\/www.amstelprinting.nl\\\/de\\\/#organization\",\"name\":\"Amstel Printing\",\"url\":\"https:\\\/\\\/www.amstelprinting.nl\\\/de\\\/\",\"logo\":{\"@type\":\"ImageObject\",\"inLanguage\":\"de\",\"@id\":\"https:\\\/\\\/www.amstelprinting.nl\\\/de\\\/#\\\/schema\\\/logo\\\/image\\\/\",\"url\":\"https:\\\/\\\/www.amstelprinting.nl\\\/wp-content\\\/uploads\\\/amstel_printing_logo_clean.png\",\"contentUrl\":\"https:\\\/\\\/www.amstelprinting.nl\\\/wp-content\\\/uploads\\\/amstel_printing_logo_clean.png\",\"width\":324,\"height\":73,\"caption\":\"Amstel Printing\"},\"image\":{\"@id\":\"https:\\\/\\\/www.amstelprinting.nl\\\/de\\\/#\\\/schema\\\/logo\\\/image\\\/\"}}]}<\/script>\n<!-- \/ Yoast SEO plugin. -->","yoast_head_json":{"title":"Schmutzfangmatte | Amstel Printing","robots":{"index":"index","follow":"follow","max-snippet":"max-snippet:-1","max-image-preview":"max-image-preview:large","max-video-preview":"max-video-preview:-1"},"canonical":"https:\/\/www.amstelprinting.nl\/de\/gesch\u00e4ft\/innere\/bodendekoration\/schmutzfangmatte\/","og_locale":"de_DE","og_type":"article","og_title":"Schmutzfangmatte | Amstel Printing","og_description":"Schmutzfangmatte bedrucken: H\u00e4lt Feuchtigkeit und Schmutz vor der T\u00fcr Mit einer Schmutzfangmatte werden Schmutz und Feuchtigkeit im Eingangsbereich bestm\u00f6glich abgefangen, wodurch Ihre B\u00f6den l\u00e4nger sch\u00f6n bleiben. Gestalten Sie einen beeindruckenden Eingangsbereich, indem Sie die Schmutzfangmatte mit einem Logo-Druck, einem Bild oder einem Muster Ihrer Wahl personalisieren. Ideal f\u00fcr Unternehmen, Gesch\u00e4fte oder \u00f6ffentliche R\u00e4ume. Die Schmutzfangmatte ist zudem mit einer Anti-Rutsch-Schicht versehen. Das Format und die Form der bedruckten Schmutzfangmatte bestimmen Sie selbst.","og_url":"https:\/\/www.amstelprinting.nl\/de\/gesch\u00e4ft\/innere\/bodendekoration\/schmutzfangmatte\/","og_site_name":"Amstel Printing","article_modified_time":"2026-02-18T11:54:28+00:00","og_image":[{"width":2001,"height":2001,"url":"https:\/\/www.amstelprinting.nl\/wp-content\/uploads\/Vloermatten-bedrukken-schoonloopmat.jpg","type":"image\/jpeg"}],"twitter_card":"summary_large_image","twitter_misc":{"Gesch\u00e4tzte Lesezeit":"2\u00a0Minuten"},"schema":{"@context":"https:\/\/schema.org","@graph":[{"@type":"WebPage","@id":"https:\/\/www.amstelprinting.nl\/de\/gesch\u00e4ft\/innere\/bodendekoration\/schmutzfangmatte\/","url":"https:\/\/www.amstelprinting.nl\/de\/gesch\u00e4ft\/innere\/bodendekoration\/schmutzfangmatte\/","name":"Schmutzfangmatte | Amstel Printing","isPartOf":{"@id":"https:\/\/www.amstelprinting.nl\/de\/#website"},"primaryImageOfPage":{"@id":"https:\/\/www.amstelprinting.nl\/de\/gesch\u00e4ft\/innere\/bodendekoration\/schmutzfangmatte\/#primaryimage"},"image":{"@id":"https:\/\/www.amstelprinting.nl\/de\/gesch\u00e4ft\/innere\/bodendekoration\/schmutzfangmatte\/#primaryimage"},"thumbnailUrl":"https:\/\/www.amstelprinting.nl\/wp-content\/uploads\/Vloermatten-bedrukken-schoonloopmat.jpg","datePublished":"2025-01-23T20:05:08+00:00","dateModified":"2026-02-18T11:54:28+00:00","breadcrumb":{"@id":"https:\/\/www.amstelprinting.nl\/de\/gesch\u00e4ft\/innere\/bodendekoration\/schmutzfangmatte\/#breadcrumb"},"inLanguage":"de","potentialAction":[{"@type":"ReadAction","target":["https:\/\/www.amstelprinting.nl\/de\/gesch\u00e4ft\/innere\/bodendekoration\/schmutzfangmatte\/"]}]},{"@type":"ImageObject","inLanguage":"de","@id":"https:\/\/www.amstelprinting.nl\/de\/gesch\u00e4ft\/innere\/bodendekoration\/schmutzfangmatte\/#primaryimage","url":"https:\/\/www.amstelprinting.nl\/wp-content\/uploads\/Vloermatten-bedrukken-schoonloopmat.jpg","contentUrl":"https:\/\/www.amstelprinting.nl\/wp-content\/uploads\/Vloermatten-bedrukken-schoonloopmat.jpg","width":2001,"height":2001},{"@type":"BreadcrumbList","@id":"https:\/\/www.amstelprinting.nl\/de\/gesch\u00e4ft\/innere\/bodendekoration\/schmutzfangmatte\/#breadcrumb","itemListElement":[{"@type":"ListItem","position":1,"name":"","item":"https:\/\/www.amstelprinting.nl\/de\/"},{"@type":"ListItem","position":2,"name":"Amstel Printing","item":"https:\/\/www.amstelprinting.nl\/de\/geschaeft\/"},{"@type":"ListItem","position":3,"name":"Innere","item":"https:\/\/www.amstelprinting.nl\/de\/kategorie\/innere\/"},{"@type":"ListItem","position":4,"name":"B\u00fcro","item":"https:\/\/www.amstelprinting.nl\/de\/kategorie\/innere\/buro\/"},{"@type":"ListItem","position":5,"name":"Schmutzfangmatte"}]},{"@type":"WebSite","@id":"https:\/\/www.amstelprinting.nl\/de\/#website","url":"https:\/\/www.amstelprinting.nl\/de\/","name":"Amstel Printing","description":"Creating Exposure","publisher":{"@id":"https:\/\/www.amstelprinting.nl\/de\/#organization"},"potentialAction":[{"@type":"SearchAction","target":{"@type":"EntryPoint","urlTemplate":"https:\/\/www.amstelprinting.nl\/de\/?s={search_term_string}"},"query-input":{"@type":"PropertyValueSpecification","valueRequired":true,"valueName":"search_term_string"}}],"inLanguage":"de"},{"@type":"Organization","@id":"https:\/\/www.amstelprinting.nl\/de\/#organization","name":"Amstel Printing","url":"https:\/\/www.amstelprinting.nl\/de\/","logo":{"@type":"ImageObject","inLanguage":"de","@id":"https:\/\/www.amstelprinting.nl\/de\/#\/schema\/logo\/image\/","url":"https:\/\/www.amstelprinting.nl\/wp-content\/uploads\/amstel_printing_logo_clean.png","contentUrl":"https:\/\/www.amstelprinting.nl\/wp-content\/uploads\/amstel_printing_logo_clean.png","width":324,"height":73,"caption":"Amstel Printing"},"image":{"@id":"https:\/\/www.amstelprinting.nl\/de\/#\/schema\/logo\/image\/"}}]}},"_links":{"self":[{"href":"https:\/\/www.amstelprinting.nl\/de\/wp-json\/wp\/v2\/product\/15216","targetHints":{"allow":["GET"]}}],"collection":[{"href":"https:\/\/www.amstelprinting.nl\/de\/wp-json\/wp\/v2\/product"}],"about":[{"href":"https:\/\/www.amstelprinting.nl\/de\/wp-json\/wp\/v2\/types\/product"}],"wp:featuredmedia":[{"embeddable":true,"href":"https:\/\/www.amstelprinting.nl\/de\/wp-json\/wp\/v2\/media\/15218"}],"wp:attachment":[{"href":"https:\/\/www.amstelprinting.nl\/de\/wp-json\/wp\/v2\/media?parent=15216"}],"wp:term":[{"taxonomy":"product_brand","embeddable":true,"href":"https:\/\/www.amstelprinting.nl\/de\/wp-json\/wp\/v2\/product_brand?post=15216"},{"taxonomy":"product_cat","embeddable":true,"href":"https:\/\/www.amstelprinting.nl\/de\/wp-json\/wp\/v2\/product_cat?post=15216"},{"taxonomy":"product_tag","embeddable":true,"href":"https:\/\/www.amstelprinting.nl\/de\/wp-json\/wp\/v2\/product_tag?post=15216"}],"curies":[{"name":"wp","href":"https:\/\/api.w.org\/{rel}","templated":true}]}}