{"id":15229,"date":"2025-01-23T21:04:54","date_gmt":"2025-01-23T20:04:54","guid":{"rendered":"https:\/\/www.amstelprinting.nl\/winkel\/unkategorisiert\/muurcirkel-standaard\/"},"modified":"2026-02-18T12:54:29","modified_gmt":"2026-02-18T11:54:29","slug":"wandkreis-stander","status":"publish","type":"product","link":"https:\/\/www.amstelprinting.nl\/de\/gesch\u00e4ft\/innere\/wanddekoration\/wandkreis-stander\/","title":{"rendered":"Wandkreis-St\u00e4nder"},"content":{"rendered":"<h3>Beschreibung Wandkreis-St\u00e4nder<\/h3>\n<p>Verleihen Sie der Inneneinrichtung Ihres Kunden ein stilvolles Upgrade mit trendigen Wandkreisen. Dieser Holzst\u00e4nder ist die perfekte Art, einem Wandkreis einen sch\u00f6nen Platz zu geben, und wird zu einem echten Blickfang, zum Beispiel im Wohnzimmer, im B\u00fcro oder in einem Restaurant.<\/p>\n<h3>St\u00e4nder f\u00fcr gro\u00dfe und kleine Wandkreise<\/h3>\n<p>Ihr Kunde hat die Wahl zwischen zwei Varianten. Wir empfehlen den kleinen St\u00e4nder f\u00fcr Wandkreise von 20 cm, w\u00e4hrend der gro\u00dfe St\u00e4nder ideal f\u00fcr Wandkreise von 30 bis 40 cm ist. Die Einkerbung im St\u00e4nder ist 3,5 mm tief und geeignet f\u00fcr Wandkreise mit einer Dicke von maximal 3 mm. Bitte beachten Sie, dass der St\u00e4nder ein Naturprodukt ist und daher schrumpfen kann.<\/p>\n","protected":false},"excerpt":{"rendered":"<h3>St\u00e4nder f\u00fcr bedruckte Wandkreise<\/h3>\n<p>Geben Sie Ihren Wandkreisen den perfekten Platz mit unserem Holzst\u00e4nder. Ob kleiner oder gro\u00dfer Wandkreis, dieser St\u00e4nder bietet eine stilvolle und praktische L\u00f6sung. Er ist leicht zu bewegen, ideal f\u00fcr den Innenbereich und sorgt daf\u00fcr, dass Ihr Wandkreis immer optimal zur Geltung kommt.<\/p>\n","protected":false},"featured_media":15230,"template":"","meta":{"_et_pb_use_builder":"","_et_pb_old_content":"","_et_gb_content_width":""},"product_brand":[],"product_cat":[947,942],"product_tag":[],"class_list":{"0":"post-15229","1":"product","2":"type-product","3":"status-publish","4":"has-post-thumbnail","6":"product_cat-innere","7":"product_cat-wanddekoration","9":"first","10":"instock","11":"taxable","12":"shipping-taxable","13":"purchasable","14":"product-type-simple"},"yoast_head":"<!-- This site is optimized with the Yoast SEO plugin v27.3 - https:\/\/yoast.com\/product\/yoast-seo-wordpress\/ -->\n<title>Stilvoller Wandkreis-St\u00e4nder aus Holz - Perfekte Pr\u00e4sentation<\/title>\n<meta name=\"description\" content=\"Entdecken Sie den idealen Holzst\u00e4nder f\u00fcr Wandkreise, geeignet f\u00fcr kleine und gro\u00dfe Formate. Einfach aufzustellen, _ langlebig f\u00fcr jeden Innenraum.\" \/>\n<meta name=\"robots\" content=\"index, follow, max-snippet:-1, max-image-preview:large, max-video-preview:-1\" \/>\n<link rel=\"canonical\" href=\"https:\/\/www.amstelprinting.nl\/de\/gesch\u00e4ft\/innere\/wanddekoration\/wandkreis-stander\/\" \/>\n<meta property=\"og:locale\" content=\"de_DE\" \/>\n<meta property=\"og:type\" content=\"article\" \/>\n<meta property=\"og:title\" content=\"Stilvoller Wandkreis-St\u00e4nder aus Holz - Perfekte Pr\u00e4sentation\" \/>\n<meta property=\"og:description\" content=\"Entdecken Sie den idealen Holzst\u00e4nder f\u00fcr Wandkreise, geeignet f\u00fcr kleine und gro\u00dfe Formate. Einfach aufzustellen, _ langlebig f\u00fcr jeden Innenraum.\" \/>\n<meta property=\"og:url\" content=\"https:\/\/www.amstelprinting.nl\/de\/gesch\u00e4ft\/innere\/wanddekoration\/wandkreis-stander\/\" \/>\n<meta property=\"og:site_name\" content=\"Amstel Printing\" \/>\n<meta property=\"article:modified_time\" content=\"2026-02-18T11:54:29+00:00\" \/>\n<meta property=\"og:image\" content=\"https:\/\/www.amstelprinting.nl\/wp-content\/uploads\/Muurcirkel-standaard4.jpg\" \/>\n\t<meta property=\"og:image:width\" content=\"700\" \/>\n\t<meta property=\"og:image:height\" content=\"700\" \/>\n\t<meta property=\"og:image:type\" content=\"image\/jpeg\" \/>\n<meta name=\"twitter:card\" content=\"summary_large_image\" \/>\n<meta name=\"twitter:label1\" content=\"Gesch\u00e4tzte Lesezeit\" \/>\n\t<meta name=\"twitter:data1\" content=\"1\u00a0Minute\" \/>\n<script type=\"application\/ld+json\" class=\"yoast-schema-graph\">{\"@context\":\"https:\\\/\\\/schema.org\",\"@graph\":[{\"@type\":\"WebPage\",\"@id\":\"https:\\\/\\\/www.amstelprinting.nl\\\/de\\\/gesch\u00e4ft\\\/innere\\\/wanddekoration\\\/wandkreis-stander\\\/\",\"url\":\"https:\\\/\\\/www.amstelprinting.nl\\\/de\\\/gesch\u00e4ft\\\/innere\\\/wanddekoration\\\/wandkreis-stander\\\/\",\"name\":\"Stilvoller Wandkreis-St\u00e4nder aus Holz - Perfekte Pr\u00e4sentation\",\"isPartOf\":{\"@id\":\"https:\\\/\\\/www.amstelprinting.nl\\\/de\\\/#website\"},\"primaryImageOfPage\":{\"@id\":\"https:\\\/\\\/www.amstelprinting.nl\\\/de\\\/gesch\u00e4ft\\\/innere\\\/wanddekoration\\\/wandkreis-stander\\\/#primaryimage\"},\"image\":{\"@id\":\"https:\\\/\\\/www.amstelprinting.nl\\\/de\\\/gesch\u00e4ft\\\/innere\\\/wanddekoration\\\/wandkreis-stander\\\/#primaryimage\"},\"thumbnailUrl\":\"https:\\\/\\\/www.amstelprinting.nl\\\/wp-content\\\/uploads\\\/Muurcirkel-standaard4.jpg\",\"datePublished\":\"2025-01-23T20:04:54+00:00\",\"dateModified\":\"2026-02-18T11:54:29+00:00\",\"description\":\"Entdecken Sie den idealen Holzst\u00e4nder f\u00fcr Wandkreise, geeignet f\u00fcr kleine und gro\u00dfe Formate. Einfach aufzustellen, _ langlebig f\u00fcr jeden Innenraum.\",\"breadcrumb\":{\"@id\":\"https:\\\/\\\/www.amstelprinting.nl\\\/de\\\/gesch\u00e4ft\\\/innere\\\/wanddekoration\\\/wandkreis-stander\\\/#breadcrumb\"},\"inLanguage\":\"de\",\"potentialAction\":[{\"@type\":\"ReadAction\",\"target\":[\"https:\\\/\\\/www.amstelprinting.nl\\\/de\\\/gesch\u00e4ft\\\/innere\\\/wanddekoration\\\/wandkreis-stander\\\/\"]}]},{\"@type\":\"ImageObject\",\"inLanguage\":\"de\",\"@id\":\"https:\\\/\\\/www.amstelprinting.nl\\\/de\\\/gesch\u00e4ft\\\/innere\\\/wanddekoration\\\/wandkreis-stander\\\/#primaryimage\",\"url\":\"https:\\\/\\\/www.amstelprinting.nl\\\/wp-content\\\/uploads\\\/Muurcirkel-standaard4.jpg\",\"contentUrl\":\"https:\\\/\\\/www.amstelprinting.nl\\\/wp-content\\\/uploads\\\/Muurcirkel-standaard4.jpg\",\"width\":700,\"height\":700},{\"@type\":\"BreadcrumbList\",\"@id\":\"https:\\\/\\\/www.amstelprinting.nl\\\/de\\\/gesch\u00e4ft\\\/innere\\\/wanddekoration\\\/wandkreis-stander\\\/#breadcrumb\",\"itemListElement\":[{\"@type\":\"ListItem\",\"position\":1,\"name\":\"\",\"item\":\"https:\\\/\\\/www.amstelprinting.nl\\\/de\\\/\"},{\"@type\":\"ListItem\",\"position\":2,\"name\":\"Amstel Printing\",\"item\":\"https:\\\/\\\/www.amstelprinting.nl\\\/de\\\/geschaeft\\\/\"},{\"@type\":\"ListItem\",\"position\":3,\"name\":\"Innere\",\"item\":\"https:\\\/\\\/www.amstelprinting.nl\\\/de\\\/kategorie\\\/innere\\\/\"},{\"@type\":\"ListItem\",\"position\":4,\"name\":\"Wandkreis-St\u00e4nder\"}]},{\"@type\":\"WebSite\",\"@id\":\"https:\\\/\\\/www.amstelprinting.nl\\\/de\\\/#website\",\"url\":\"https:\\\/\\\/www.amstelprinting.nl\\\/de\\\/\",\"name\":\"Amstel Printing\",\"description\":\"Creating Exposure\",\"publisher\":{\"@id\":\"https:\\\/\\\/www.amstelprinting.nl\\\/de\\\/#organization\"},\"potentialAction\":[{\"@type\":\"SearchAction\",\"target\":{\"@type\":\"EntryPoint\",\"urlTemplate\":\"https:\\\/\\\/www.amstelprinting.nl\\\/de\\\/?s={search_term_string}\"},\"query-input\":{\"@type\":\"PropertyValueSpecification\",\"valueRequired\":true,\"valueName\":\"search_term_string\"}}],\"inLanguage\":\"de\"},{\"@type\":\"Organization\",\"@id\":\"https:\\\/\\\/www.amstelprinting.nl\\\/de\\\/#organization\",\"name\":\"Amstel Printing\",\"url\":\"https:\\\/\\\/www.amstelprinting.nl\\\/de\\\/\",\"logo\":{\"@type\":\"ImageObject\",\"inLanguage\":\"de\",\"@id\":\"https:\\\/\\\/www.amstelprinting.nl\\\/de\\\/#\\\/schema\\\/logo\\\/image\\\/\",\"url\":\"https:\\\/\\\/www.amstelprinting.nl\\\/wp-content\\\/uploads\\\/amstel_printing_logo_clean.png\",\"contentUrl\":\"https:\\\/\\\/www.amstelprinting.nl\\\/wp-content\\\/uploads\\\/amstel_printing_logo_clean.png\",\"width\":324,\"height\":73,\"caption\":\"Amstel Printing\"},\"image\":{\"@id\":\"https:\\\/\\\/www.amstelprinting.nl\\\/de\\\/#\\\/schema\\\/logo\\\/image\\\/\"}}]}<\/script>\n<!-- \/ Yoast SEO plugin. -->","yoast_head_json":{"title":"Stilvoller Wandkreis-St\u00e4nder aus Holz - Perfekte Pr\u00e4sentation","description":"Entdecken Sie den idealen Holzst\u00e4nder f\u00fcr Wandkreise, geeignet f\u00fcr kleine und gro\u00dfe Formate. Einfach aufzustellen, _ langlebig f\u00fcr jeden Innenraum.","robots":{"index":"index","follow":"follow","max-snippet":"max-snippet:-1","max-image-preview":"max-image-preview:large","max-video-preview":"max-video-preview:-1"},"canonical":"https:\/\/www.amstelprinting.nl\/de\/gesch\u00e4ft\/innere\/wanddekoration\/wandkreis-stander\/","og_locale":"de_DE","og_type":"article","og_title":"Stilvoller Wandkreis-St\u00e4nder aus Holz - Perfekte Pr\u00e4sentation","og_description":"Entdecken Sie den idealen Holzst\u00e4nder f\u00fcr Wandkreise, geeignet f\u00fcr kleine und gro\u00dfe Formate. Einfach aufzustellen, _ langlebig f\u00fcr jeden Innenraum.","og_url":"https:\/\/www.amstelprinting.nl\/de\/gesch\u00e4ft\/innere\/wanddekoration\/wandkreis-stander\/","og_site_name":"Amstel Printing","article_modified_time":"2026-02-18T11:54:29+00:00","og_image":[{"width":700,"height":700,"url":"https:\/\/www.amstelprinting.nl\/wp-content\/uploads\/Muurcirkel-standaard4.jpg","type":"image\/jpeg"}],"twitter_card":"summary_large_image","twitter_misc":{"Gesch\u00e4tzte Lesezeit":"1\u00a0Minute"},"schema":{"@context":"https:\/\/schema.org","@graph":[{"@type":"WebPage","@id":"https:\/\/www.amstelprinting.nl\/de\/gesch\u00e4ft\/innere\/wanddekoration\/wandkreis-stander\/","url":"https:\/\/www.amstelprinting.nl\/de\/gesch\u00e4ft\/innere\/wanddekoration\/wandkreis-stander\/","name":"Stilvoller Wandkreis-St\u00e4nder aus Holz - Perfekte Pr\u00e4sentation","isPartOf":{"@id":"https:\/\/www.amstelprinting.nl\/de\/#website"},"primaryImageOfPage":{"@id":"https:\/\/www.amstelprinting.nl\/de\/gesch\u00e4ft\/innere\/wanddekoration\/wandkreis-stander\/#primaryimage"},"image":{"@id":"https:\/\/www.amstelprinting.nl\/de\/gesch\u00e4ft\/innere\/wanddekoration\/wandkreis-stander\/#primaryimage"},"thumbnailUrl":"https:\/\/www.amstelprinting.nl\/wp-content\/uploads\/Muurcirkel-standaard4.jpg","datePublished":"2025-01-23T20:04:54+00:00","dateModified":"2026-02-18T11:54:29+00:00","description":"Entdecken Sie den idealen Holzst\u00e4nder f\u00fcr Wandkreise, geeignet f\u00fcr kleine und gro\u00dfe Formate. Einfach aufzustellen, _ langlebig f\u00fcr jeden Innenraum.","breadcrumb":{"@id":"https:\/\/www.amstelprinting.nl\/de\/gesch\u00e4ft\/innere\/wanddekoration\/wandkreis-stander\/#breadcrumb"},"inLanguage":"de","potentialAction":[{"@type":"ReadAction","target":["https:\/\/www.amstelprinting.nl\/de\/gesch\u00e4ft\/innere\/wanddekoration\/wandkreis-stander\/"]}]},{"@type":"ImageObject","inLanguage":"de","@id":"https:\/\/www.amstelprinting.nl\/de\/gesch\u00e4ft\/innere\/wanddekoration\/wandkreis-stander\/#primaryimage","url":"https:\/\/www.amstelprinting.nl\/wp-content\/uploads\/Muurcirkel-standaard4.jpg","contentUrl":"https:\/\/www.amstelprinting.nl\/wp-content\/uploads\/Muurcirkel-standaard4.jpg","width":700,"height":700},{"@type":"BreadcrumbList","@id":"https:\/\/www.amstelprinting.nl\/de\/gesch\u00e4ft\/innere\/wanddekoration\/wandkreis-stander\/#breadcrumb","itemListElement":[{"@type":"ListItem","position":1,"name":"","item":"https:\/\/www.amstelprinting.nl\/de\/"},{"@type":"ListItem","position":2,"name":"Amstel Printing","item":"https:\/\/www.amstelprinting.nl\/de\/geschaeft\/"},{"@type":"ListItem","position":3,"name":"Innere","item":"https:\/\/www.amstelprinting.nl\/de\/kategorie\/innere\/"},{"@type":"ListItem","position":4,"name":"Wandkreis-St\u00e4nder"}]},{"@type":"WebSite","@id":"https:\/\/www.amstelprinting.nl\/de\/#website","url":"https:\/\/www.amstelprinting.nl\/de\/","name":"Amstel Printing","description":"Creating Exposure","publisher":{"@id":"https:\/\/www.amstelprinting.nl\/de\/#organization"},"potentialAction":[{"@type":"SearchAction","target":{"@type":"EntryPoint","urlTemplate":"https:\/\/www.amstelprinting.nl\/de\/?s={search_term_string}"},"query-input":{"@type":"PropertyValueSpecification","valueRequired":true,"valueName":"search_term_string"}}],"inLanguage":"de"},{"@type":"Organization","@id":"https:\/\/www.amstelprinting.nl\/de\/#organization","name":"Amstel Printing","url":"https:\/\/www.amstelprinting.nl\/de\/","logo":{"@type":"ImageObject","inLanguage":"de","@id":"https:\/\/www.amstelprinting.nl\/de\/#\/schema\/logo\/image\/","url":"https:\/\/www.amstelprinting.nl\/wp-content\/uploads\/amstel_printing_logo_clean.png","contentUrl":"https:\/\/www.amstelprinting.nl\/wp-content\/uploads\/amstel_printing_logo_clean.png","width":324,"height":73,"caption":"Amstel Printing"},"image":{"@id":"https:\/\/www.amstelprinting.nl\/de\/#\/schema\/logo\/image\/"}}]}},"_links":{"self":[{"href":"https:\/\/www.amstelprinting.nl\/de\/wp-json\/wp\/v2\/product\/15229","targetHints":{"allow":["GET"]}}],"collection":[{"href":"https:\/\/www.amstelprinting.nl\/de\/wp-json\/wp\/v2\/product"}],"about":[{"href":"https:\/\/www.amstelprinting.nl\/de\/wp-json\/wp\/v2\/types\/product"}],"wp:featuredmedia":[{"embeddable":true,"href":"https:\/\/www.amstelprinting.nl\/de\/wp-json\/wp\/v2\/media\/15230"}],"wp:attachment":[{"href":"https:\/\/www.amstelprinting.nl\/de\/wp-json\/wp\/v2\/media?parent=15229"}],"wp:term":[{"taxonomy":"product_brand","embeddable":true,"href":"https:\/\/www.amstelprinting.nl\/de\/wp-json\/wp\/v2\/product_brand?post=15229"},{"taxonomy":"product_cat","embeddable":true,"href":"https:\/\/www.amstelprinting.nl\/de\/wp-json\/wp\/v2\/product_cat?post=15229"},{"taxonomy":"product_tag","embeddable":true,"href":"https:\/\/www.amstelprinting.nl\/de\/wp-json\/wp\/v2\/product_tag?post=15229"}],"curies":[{"name":"wp","href":"https:\/\/api.w.org\/{rel}","templated":true}]}}