{"id":15241,"date":"2025-01-23T21:04:47","date_gmt":"2025-01-23T20:04:47","guid":{"rendered":"https:\/\/www.amstelprinting.nl\/winkel\/unkategorisiert\/muurcirkel-2\/"},"modified":"2026-02-18T12:54:30","modified_gmt":"2026-02-18T11:54:30","slug":"wandkreis","status":"publish","type":"product","link":"https:\/\/www.amstelprinting.nl\/de\/gesch\u00e4ft\/innere\/wanddekoration\/wandkreis\/","title":{"rendered":"Wandkreis"},"content":{"rendered":"<h3>Bedrucken von Wandkreisen<\/h3>\n<p>Verleihen Sie Ihrem Innenraum ein einzigartiges Aussehen mit personalisierten Wandkreisen. Diese stilvollen und modernen Dekorationen k\u00f6nnen vollst\u00e4ndig nach Ma\u00df bedruckt werden. Ausgestattet mit einem <strong>eigenen Design, Logo oder Muster<\/strong> Ihrer Wahl. W\u00e4hrend des Bestellvorgangs k\u00f6nnen Sie aus \u00fcber 20.000 Standardmustern (Dessins) w\u00e4hlen.<\/p>\n<h3>Einfach aufh\u00e4ngen oder hinstellen<\/h3>\n<p>Bedruckte Wandkreise sind schnell und einfach aufzuh\u00e4ngen. H\u00e4ngen Sie sie als Einzelelement auf oder erstellen Sie eine sch\u00f6ne Kombination aus mehreren Wandkreisen (auf spielerische Weise). Verwenden Sie eine Aufh\u00e4ngeplatte, einen seitlichen Abstandshalter oder doppelseitiges Klebeband f\u00fcr eine einfache Befestigung. Sie k\u00f6nnen den Wandkreis auch auf einen Schrank stellen. Oder beispielsweise auf ein Regal an der Wand platzieren.<\/p>\n<p><strong>Unser kreativer Tipp<\/strong>: Kombinieren Sie kleine bedruckte Wandkreise mit gr\u00f6\u00dferen Exemplaren. Variieren Sie zwischen Drucken mit Texten, Fotos und einem unserer 20.000 festen Muster. Lassen Sie Ihrer Kreativit\u00e4t freien Lauf!<\/p>\n<h3>Vorteile von Wandkreisen<\/h3>\n<ul>\n<li>Ausgestattet mit Ihrem <strong>eigenen Druck<\/strong> oder w\u00e4hlen Sie aus \u00fcber 20.000 Designs<\/li>\n<li>Perfekt f\u00fcr Wohnzimmer, B\u00fcros, Gesch\u00e4fte oder Veranstaltungen<\/li>\n<li><strong>Einfache Anbringung<\/strong> auf flachen W\u00e4nden<\/li>\n<li>In <strong>jedem gew\u00fcnschten Format<\/strong> bestellbar<\/li>\n<li>Wahl aus <strong>vielen Materialien<\/strong><\/li>\n<li>Sicher: <strong>feuerhemmendes<\/strong> Material (B1 zertifiziert)<\/li>\n<li>Montagematerialien einfach optional mitbestellen<\/li>\n<li>Geeignet f\u00fcr <strong>innen und au\u00dfen<\/strong> (abh\u00e4ngig vom gew\u00e4hlten Material)<\/li>\n<\/ul>\n<p>&nbsp;<\/p>\n<h3>Materialien<\/h3>\n<p>Wandkreise mit eigenem Druck bieten wir in einer breiten Palette verschiedener Materialien an. Hierunter finden Sie eine \u00dcbersicht der Eigenschaften pro Materialtyp. So k\u00f6nnen Sie schnell die richtigen Wandkreise zusammenstellen und bestellen.<\/p>\n<ul>\n<li><strong>Dibond\u00ae premium 3 mm<\/strong>: Ein Premium-Aluminium-Sandwichpaneel mit einem schwarzen Kern, geeignet f\u00fcr den Innen- und Au\u00dfenbereich.<\/li>\n<li><strong>Dibond\u00ae Budget 3 mm<\/strong>: Ein Budget-Aluminium-Sandwichpaneel mit einem schwarzen Kern, geeignet f\u00fcr den Innen- und Au\u00dfenbereich.<\/li>\n<li><strong>Dibond\u00ae Butler Finish<\/strong>: Ein Aluminium-Sandwichpaneel mit einem schwarzen Kern und einer Optik aus geb\u00fcrstetem Edelstahl, geeignet f\u00fcr den Innen- und Au\u00dfenbereich, mit einem B1-Zertifikat f\u00fcr Brandschutz.<\/li>\n<li><strong>Forex\u00ae<\/strong>: Leichtgewicht gesch\u00e4umtes PVC, ideal f\u00fcr den Innen- und Au\u00dfenbereich, mit einem B1-Zertifikat f\u00fcr Brandschutz.<\/li>\n<li><strong>Plexiglas<\/strong>: Transparentes Material mit einer modernen Ausstrahlung, geeignet f\u00fcr den Innen- und Au\u00dfenbereich, aber kratzempfindlich.<\/li>\n<li><strong>Multiplex<\/strong>: Umweltfreundliches Pappelsperrholz mit nat\u00fcrlichem Aussehen, geeignet f\u00fcr den Innenbereich.<\/li>\n<li><strong>Sign Again<\/strong>: Zirkul\u00e4res Material aus recycelten Bannern und Schnittabf\u00e4llen, geeignet f\u00fcr den Innen- und Au\u00dfenbereich, schlagfest und biegsam.<\/li>\n<\/ul>\n<p>&nbsp;<\/p>\n<h3>Wandkreise bestellen<\/h3>\n<p>Verwandeln Sie Ihre W\u00e4nde mit unseren Wandkreisen und setzen Sie ein Statement, das buchst\u00e4blich h\u00e4ngen bleibt. Perfekt f\u00fcr B\u00fcros, Ausstellungsr\u00e4ume oder als auff\u00e4lliges Element in Ihrer Wohnung. Bestellen Sie noch heute und entdecken Sie die unendlichen M\u00f6glichkeiten f\u00fcr Ihr Interieur.<\/p>\n","protected":false},"excerpt":{"rendered":"<h3>Ausgestattet mit einem wundersch\u00f6nen eigenen Druck, Muster oder Foto.<\/h3>\n<p>Beleben Sie Ihr Interieur mit unseren einzigartigen bedruckten Wandkreisen, die perfekte Dekoration, um jeden Raum zu verwandeln. Ob Sie eine moderne Ausstrahlung kreieren oder eine w\u00e4rmere Atmosph\u00e4re hinzuf\u00fcgen m\u00f6chten, unsere Wandkreise sind vielseitig und stilvoll.<\/p>\n","protected":false},"featured_media":15243,"template":"","meta":{"_et_pb_use_builder":"","_et_pb_old_content":"","_et_gb_content_width":""},"product_brand":[],"product_cat":[947,942],"product_tag":[],"class_list":{"0":"post-15241","1":"product","2":"type-product","3":"status-publish","4":"has-post-thumbnail","6":"product_cat-innere","7":"product_cat-wanddekoration","9":"first","10":"instock","11":"taxable","12":"shipping-taxable","13":"purchasable","14":"product-type-simple"},"yoast_head":"<!-- This site is optimized with the Yoast SEO plugin v27.3 - https:\/\/yoast.com\/product\/yoast-seo-wordpress\/ -->\n<title>Wandkreis | Amstel Printing<\/title>\n<meta name=\"robots\" content=\"index, follow, max-snippet:-1, max-image-preview:large, max-video-preview:-1\" \/>\n<link rel=\"canonical\" href=\"https:\/\/www.amstelprinting.nl\/de\/gesch\u00e4ft\/innere\/wanddekoration\/wandkreis\/\" \/>\n<meta property=\"og:locale\" content=\"de_DE\" \/>\n<meta property=\"og:type\" content=\"article\" \/>\n<meta property=\"og:title\" content=\"Wandkreis | Amstel Printing\" \/>\n<meta property=\"og:description\" content=\"Ausgestattet mit einem wundersch\u00f6nen eigenen Druck, Muster oder Foto. Beleben Sie Ihr Interieur mit unseren einzigartigen bedruckten Wandkreisen, die perfekte Dekoration, um jeden Raum zu verwandeln. Ob Sie eine moderne Ausstrahlung kreieren oder eine w\u00e4rmere Atmosph\u00e4re hinzuf\u00fcgen m\u00f6chten, unsere Wandkreise sind vielseitig und stilvoll.\" \/>\n<meta property=\"og:url\" content=\"https:\/\/www.amstelprinting.nl\/de\/gesch\u00e4ft\/innere\/wanddekoration\/wandkreis\/\" \/>\n<meta property=\"og:site_name\" content=\"Amstel Printing\" \/>\n<meta property=\"article:modified_time\" content=\"2026-02-18T11:54:30+00:00\" \/>\n<meta property=\"og:image\" content=\"https:\/\/www.amstelprinting.nl\/wp-content\/uploads\/Muurcirkel3.jpg\" \/>\n\t<meta property=\"og:image:width\" content=\"700\" \/>\n\t<meta property=\"og:image:height\" content=\"700\" \/>\n\t<meta property=\"og:image:type\" content=\"image\/jpeg\" \/>\n<meta name=\"twitter:card\" content=\"summary_large_image\" \/>\n<meta name=\"twitter:label1\" content=\"Gesch\u00e4tzte Lesezeit\" \/>\n\t<meta name=\"twitter:data1\" content=\"2\u00a0Minuten\" \/>\n<script type=\"application\/ld+json\" class=\"yoast-schema-graph\">{\"@context\":\"https:\\\/\\\/schema.org\",\"@graph\":[{\"@type\":\"WebPage\",\"@id\":\"https:\\\/\\\/www.amstelprinting.nl\\\/de\\\/gesch\u00e4ft\\\/innere\\\/wanddekoration\\\/wandkreis\\\/\",\"url\":\"https:\\\/\\\/www.amstelprinting.nl\\\/de\\\/gesch\u00e4ft\\\/innere\\\/wanddekoration\\\/wandkreis\\\/\",\"name\":\"Wandkreis | Amstel Printing\",\"isPartOf\":{\"@id\":\"https:\\\/\\\/www.amstelprinting.nl\\\/de\\\/#website\"},\"primaryImageOfPage\":{\"@id\":\"https:\\\/\\\/www.amstelprinting.nl\\\/de\\\/gesch\u00e4ft\\\/innere\\\/wanddekoration\\\/wandkreis\\\/#primaryimage\"},\"image\":{\"@id\":\"https:\\\/\\\/www.amstelprinting.nl\\\/de\\\/gesch\u00e4ft\\\/innere\\\/wanddekoration\\\/wandkreis\\\/#primaryimage\"},\"thumbnailUrl\":\"https:\\\/\\\/www.amstelprinting.nl\\\/wp-content\\\/uploads\\\/Muurcirkel3.jpg\",\"datePublished\":\"2025-01-23T20:04:47+00:00\",\"dateModified\":\"2026-02-18T11:54:30+00:00\",\"breadcrumb\":{\"@id\":\"https:\\\/\\\/www.amstelprinting.nl\\\/de\\\/gesch\u00e4ft\\\/innere\\\/wanddekoration\\\/wandkreis\\\/#breadcrumb\"},\"inLanguage\":\"de\",\"potentialAction\":[{\"@type\":\"ReadAction\",\"target\":[\"https:\\\/\\\/www.amstelprinting.nl\\\/de\\\/gesch\u00e4ft\\\/innere\\\/wanddekoration\\\/wandkreis\\\/\"]}]},{\"@type\":\"ImageObject\",\"inLanguage\":\"de\",\"@id\":\"https:\\\/\\\/www.amstelprinting.nl\\\/de\\\/gesch\u00e4ft\\\/innere\\\/wanddekoration\\\/wandkreis\\\/#primaryimage\",\"url\":\"https:\\\/\\\/www.amstelprinting.nl\\\/wp-content\\\/uploads\\\/Muurcirkel3.jpg\",\"contentUrl\":\"https:\\\/\\\/www.amstelprinting.nl\\\/wp-content\\\/uploads\\\/Muurcirkel3.jpg\",\"width\":700,\"height\":700},{\"@type\":\"BreadcrumbList\",\"@id\":\"https:\\\/\\\/www.amstelprinting.nl\\\/de\\\/gesch\u00e4ft\\\/innere\\\/wanddekoration\\\/wandkreis\\\/#breadcrumb\",\"itemListElement\":[{\"@type\":\"ListItem\",\"position\":1,\"name\":\"\",\"item\":\"https:\\\/\\\/www.amstelprinting.nl\\\/de\\\/\"},{\"@type\":\"ListItem\",\"position\":2,\"name\":\"Amstel Printing\",\"item\":\"https:\\\/\\\/www.amstelprinting.nl\\\/de\\\/geschaeft\\\/\"},{\"@type\":\"ListItem\",\"position\":3,\"name\":\"Innere\",\"item\":\"https:\\\/\\\/www.amstelprinting.nl\\\/de\\\/kategorie\\\/innere\\\/\"},{\"@type\":\"ListItem\",\"position\":4,\"name\":\"Wanddekoration\",\"item\":\"https:\\\/\\\/www.amstelprinting.nl\\\/de\\\/kategorie\\\/innere\\\/wanddekoration\\\/\"},{\"@type\":\"ListItem\",\"position\":5,\"name\":\"Wandkreis\"}]},{\"@type\":\"WebSite\",\"@id\":\"https:\\\/\\\/www.amstelprinting.nl\\\/de\\\/#website\",\"url\":\"https:\\\/\\\/www.amstelprinting.nl\\\/de\\\/\",\"name\":\"Amstel Printing\",\"description\":\"Creating Exposure\",\"publisher\":{\"@id\":\"https:\\\/\\\/www.amstelprinting.nl\\\/de\\\/#organization\"},\"potentialAction\":[{\"@type\":\"SearchAction\",\"target\":{\"@type\":\"EntryPoint\",\"urlTemplate\":\"https:\\\/\\\/www.amstelprinting.nl\\\/de\\\/?s={search_term_string}\"},\"query-input\":{\"@type\":\"PropertyValueSpecification\",\"valueRequired\":true,\"valueName\":\"search_term_string\"}}],\"inLanguage\":\"de\"},{\"@type\":\"Organization\",\"@id\":\"https:\\\/\\\/www.amstelprinting.nl\\\/de\\\/#organization\",\"name\":\"Amstel Printing\",\"url\":\"https:\\\/\\\/www.amstelprinting.nl\\\/de\\\/\",\"logo\":{\"@type\":\"ImageObject\",\"inLanguage\":\"de\",\"@id\":\"https:\\\/\\\/www.amstelprinting.nl\\\/de\\\/#\\\/schema\\\/logo\\\/image\\\/\",\"url\":\"https:\\\/\\\/www.amstelprinting.nl\\\/wp-content\\\/uploads\\\/amstel_printing_logo_clean.png\",\"contentUrl\":\"https:\\\/\\\/www.amstelprinting.nl\\\/wp-content\\\/uploads\\\/amstel_printing_logo_clean.png\",\"width\":324,\"height\":73,\"caption\":\"Amstel Printing\"},\"image\":{\"@id\":\"https:\\\/\\\/www.amstelprinting.nl\\\/de\\\/#\\\/schema\\\/logo\\\/image\\\/\"}}]}<\/script>\n<!-- \/ Yoast SEO plugin. -->","yoast_head_json":{"title":"Wandkreis | Amstel Printing","robots":{"index":"index","follow":"follow","max-snippet":"max-snippet:-1","max-image-preview":"max-image-preview:large","max-video-preview":"max-video-preview:-1"},"canonical":"https:\/\/www.amstelprinting.nl\/de\/gesch\u00e4ft\/innere\/wanddekoration\/wandkreis\/","og_locale":"de_DE","og_type":"article","og_title":"Wandkreis | Amstel Printing","og_description":"Ausgestattet mit einem wundersch\u00f6nen eigenen Druck, Muster oder Foto. Beleben Sie Ihr Interieur mit unseren einzigartigen bedruckten Wandkreisen, die perfekte Dekoration, um jeden Raum zu verwandeln. Ob Sie eine moderne Ausstrahlung kreieren oder eine w\u00e4rmere Atmosph\u00e4re hinzuf\u00fcgen m\u00f6chten, unsere Wandkreise sind vielseitig und stilvoll.","og_url":"https:\/\/www.amstelprinting.nl\/de\/gesch\u00e4ft\/innere\/wanddekoration\/wandkreis\/","og_site_name":"Amstel Printing","article_modified_time":"2026-02-18T11:54:30+00:00","og_image":[{"width":700,"height":700,"url":"https:\/\/www.amstelprinting.nl\/wp-content\/uploads\/Muurcirkel3.jpg","type":"image\/jpeg"}],"twitter_card":"summary_large_image","twitter_misc":{"Gesch\u00e4tzte Lesezeit":"2\u00a0Minuten"},"schema":{"@context":"https:\/\/schema.org","@graph":[{"@type":"WebPage","@id":"https:\/\/www.amstelprinting.nl\/de\/gesch\u00e4ft\/innere\/wanddekoration\/wandkreis\/","url":"https:\/\/www.amstelprinting.nl\/de\/gesch\u00e4ft\/innere\/wanddekoration\/wandkreis\/","name":"Wandkreis | Amstel Printing","isPartOf":{"@id":"https:\/\/www.amstelprinting.nl\/de\/#website"},"primaryImageOfPage":{"@id":"https:\/\/www.amstelprinting.nl\/de\/gesch\u00e4ft\/innere\/wanddekoration\/wandkreis\/#primaryimage"},"image":{"@id":"https:\/\/www.amstelprinting.nl\/de\/gesch\u00e4ft\/innere\/wanddekoration\/wandkreis\/#primaryimage"},"thumbnailUrl":"https:\/\/www.amstelprinting.nl\/wp-content\/uploads\/Muurcirkel3.jpg","datePublished":"2025-01-23T20:04:47+00:00","dateModified":"2026-02-18T11:54:30+00:00","breadcrumb":{"@id":"https:\/\/www.amstelprinting.nl\/de\/gesch\u00e4ft\/innere\/wanddekoration\/wandkreis\/#breadcrumb"},"inLanguage":"de","potentialAction":[{"@type":"ReadAction","target":["https:\/\/www.amstelprinting.nl\/de\/gesch\u00e4ft\/innere\/wanddekoration\/wandkreis\/"]}]},{"@type":"ImageObject","inLanguage":"de","@id":"https:\/\/www.amstelprinting.nl\/de\/gesch\u00e4ft\/innere\/wanddekoration\/wandkreis\/#primaryimage","url":"https:\/\/www.amstelprinting.nl\/wp-content\/uploads\/Muurcirkel3.jpg","contentUrl":"https:\/\/www.amstelprinting.nl\/wp-content\/uploads\/Muurcirkel3.jpg","width":700,"height":700},{"@type":"BreadcrumbList","@id":"https:\/\/www.amstelprinting.nl\/de\/gesch\u00e4ft\/innere\/wanddekoration\/wandkreis\/#breadcrumb","itemListElement":[{"@type":"ListItem","position":1,"name":"","item":"https:\/\/www.amstelprinting.nl\/de\/"},{"@type":"ListItem","position":2,"name":"Amstel Printing","item":"https:\/\/www.amstelprinting.nl\/de\/geschaeft\/"},{"@type":"ListItem","position":3,"name":"Innere","item":"https:\/\/www.amstelprinting.nl\/de\/kategorie\/innere\/"},{"@type":"ListItem","position":4,"name":"Wanddekoration","item":"https:\/\/www.amstelprinting.nl\/de\/kategorie\/innere\/wanddekoration\/"},{"@type":"ListItem","position":5,"name":"Wandkreis"}]},{"@type":"WebSite","@id":"https:\/\/www.amstelprinting.nl\/de\/#website","url":"https:\/\/www.amstelprinting.nl\/de\/","name":"Amstel Printing","description":"Creating Exposure","publisher":{"@id":"https:\/\/www.amstelprinting.nl\/de\/#organization"},"potentialAction":[{"@type":"SearchAction","target":{"@type":"EntryPoint","urlTemplate":"https:\/\/www.amstelprinting.nl\/de\/?s={search_term_string}"},"query-input":{"@type":"PropertyValueSpecification","valueRequired":true,"valueName":"search_term_string"}}],"inLanguage":"de"},{"@type":"Organization","@id":"https:\/\/www.amstelprinting.nl\/de\/#organization","name":"Amstel Printing","url":"https:\/\/www.amstelprinting.nl\/de\/","logo":{"@type":"ImageObject","inLanguage":"de","@id":"https:\/\/www.amstelprinting.nl\/de\/#\/schema\/logo\/image\/","url":"https:\/\/www.amstelprinting.nl\/wp-content\/uploads\/amstel_printing_logo_clean.png","contentUrl":"https:\/\/www.amstelprinting.nl\/wp-content\/uploads\/amstel_printing_logo_clean.png","width":324,"height":73,"caption":"Amstel Printing"},"image":{"@id":"https:\/\/www.amstelprinting.nl\/de\/#\/schema\/logo\/image\/"}}]}},"_links":{"self":[{"href":"https:\/\/www.amstelprinting.nl\/de\/wp-json\/wp\/v2\/product\/15241","targetHints":{"allow":["GET"]}}],"collection":[{"href":"https:\/\/www.amstelprinting.nl\/de\/wp-json\/wp\/v2\/product"}],"about":[{"href":"https:\/\/www.amstelprinting.nl\/de\/wp-json\/wp\/v2\/types\/product"}],"wp:featuredmedia":[{"embeddable":true,"href":"https:\/\/www.amstelprinting.nl\/de\/wp-json\/wp\/v2\/media\/15243"}],"wp:attachment":[{"href":"https:\/\/www.amstelprinting.nl\/de\/wp-json\/wp\/v2\/media?parent=15241"}],"wp:term":[{"taxonomy":"product_brand","embeddable":true,"href":"https:\/\/www.amstelprinting.nl\/de\/wp-json\/wp\/v2\/product_brand?post=15241"},{"taxonomy":"product_cat","embeddable":true,"href":"https:\/\/www.amstelprinting.nl\/de\/wp-json\/wp\/v2\/product_cat?post=15241"},{"taxonomy":"product_tag","embeddable":true,"href":"https:\/\/www.amstelprinting.nl\/de\/wp-json\/wp\/v2\/product_tag?post=15241"}],"curies":[{"name":"wp","href":"https:\/\/api.w.org\/{rel}","templated":true}]}}