{"id":15254,"date":"2025-01-23T21:04:34","date_gmt":"2025-01-23T20:04:34","guid":{"rendered":"https:\/\/www.amstelprinting.nl\/winkel\/unkategorisiert\/transportkoffer-print\/"},"modified":"2026-02-18T12:54:31","modified_gmt":"2026-02-18T11:54:31","slug":"transportkoffer-druck","status":"publish","type":"product","link":"https:\/\/www.amstelprinting.nl\/de\/gesch\u00e4ft\/messe-event\/dekoration\/transportkoffer-druck\/","title":{"rendered":"Transportkoffer-Druck"},"content":{"rendered":"<h3>Transportkoffer f\u00fcr die Messewand<\/h3>\n<p>Mit unserem ma\u00dfgeschneiderten Druck f\u00fcr den Transportkoffer holen Sie sich ein leistungsstarkes Branding-Tool ins Haus, das Ihre Marke auf jedem Event strahlen l\u00e4sst. Dank des einfachen Wechsels und der professionellen Ausstrahlung sind Sie immer darauf vorbereitet, Eindruck zu hinterlassen. Mit der benutzerfreundlichen Vorlage, die unter Downloads verf\u00fcgbar ist, k\u00f6nnen Sie Ihr Design einfach und schnell erstellen. Passen Sie den Koffer an Ihr Corporate Design oder Ihre Kampagne an und sorgen Sie daf\u00fcr, dass Ihre Marke immer auff\u00e4llt. Sind Sie auf der Suche nach einer gebogenen Pop-up-Wand? Klicken Sie dann <a href=\"https:\/\/www.amstelprinting.nl\/de\/gesch\u00e4ft\/messe-event\/ausstellungswande\/gebogene-pop-up-wand\/\">hier<\/a>.<\/p>\n<h3>Vorteile<\/h3>\n<ul>\n<li>Verwandeln Sie Ihren Transportkoffer mit einem ma\u00dfgeschneiderten Druck<\/li>\n<li>Wechseln Sie den Druck m\u00fchelos dank Klettverschlussbefestigung<\/li>\n<li>Hergestellt aus flexiblem PVC mit B2-Zertifikat<\/li>\n<\/ul>\n<p>&nbsp;<\/p>\n<h3>Format und Material<\/h3>\n<p>Mit einem Format von 181 x 78,7 cm ist dieser Druck perfekt auf Ihren Transportkoffer abgestimmt. Hergestellt aus flexiblem PVC, bietet der Druck Langlebigkeit und eine hochwertige Optik. Zudem ist das Material mit einem B2-Zertifikat brandsicher, sodass Sie Ihre Materialien beruhigt transportieren k\u00f6nnen.<\/p>\n<h3>Multifunktionale Nutzung<\/h3>\n<p>Ein praktischer Tipp: Nutzen Sie den Koffer als Messetheke! Dank der M\u00f6glichkeit, den Druck einfach zu wechseln, k\u00f6nnen Sie diesen Koffer f\u00fcr jedes Event, jede Messe oder jede Sonderaktion umgestalten. Die Klettverschlussbefestigung macht das Wechseln des Drucks so einfach wie m\u00f6glich. Dadurch k\u00f6nnen Sie Ihrer Pr\u00e4sentation immer ein frisches und aktuelles Aussehen verleihen, abgestimmt auf den spezifischen Zweck der Veranstaltung.<\/p>\n","protected":false},"excerpt":{"rendered":"<h3>F\u00fcr die gebogene Pop-up-Wand<\/h3>\n<p>Der Druck f\u00fcr den Koffer einer gebogenen Messewand. Verleihen Sie Ihrem Transportkoffer eine professionelle Ausstrahlung mit unserem ma\u00dfgeschneiderten Druck, der speziell f\u00fcr den Transport von Teilen Ihrer gebogenen Pop-up-Wand entworfen wurde. Dieser Druck bietet nicht nur Schutz, sondern auch eine einzigartige Gelegenheit, Ihre Marke zu bewerben.<\/p>\n","protected":false},"featured_media":15255,"template":"","meta":{"_et_pb_use_builder":"","_et_pb_old_content":"","_et_gb_content_width":""},"product_brand":[],"product_cat":[313,900,899],"product_tag":[],"class_list":{"0":"post-15254","1":"product","2":"type-product","3":"status-publish","4":"has-post-thumbnail","6":"product_cat-aufkleber-und-druck","7":"product_cat-dekoration","8":"product_cat-messe-event","10":"first","11":"instock","12":"taxable","13":"shipping-taxable","14":"purchasable","15":"product-type-simple"},"yoast_head":"<!-- This site is optimized with the Yoast SEO plugin v27.3 - https:\/\/yoast.com\/product\/yoast-seo-wordpress\/ -->\n<title>Transportkoffer-Druck \u2013 F\u00fcr Branding &amp; optimalen Schutz<\/title>\n<meta name=\"description\" content=\"Verwandeln Sie Ihren Transportkoffer f\u00fcr Pop-up-W\u00e4nde in ein leistungsstarkes Marketinginstrument mit langlebigen, ma\u00dfgeschneiderten Drucken.\" \/>\n<meta name=\"robots\" content=\"index, follow, max-snippet:-1, max-image-preview:large, max-video-preview:-1\" \/>\n<link rel=\"canonical\" href=\"https:\/\/www.amstelprinting.nl\/de\/gesch\u00e4ft\/messe-event\/dekoration\/transportkoffer-druck\/\" \/>\n<meta property=\"og:locale\" content=\"de_DE\" \/>\n<meta property=\"og:type\" content=\"article\" \/>\n<meta property=\"og:title\" content=\"Transportkoffer-Druck \u2013 F\u00fcr Branding &amp; optimalen Schutz\" \/>\n<meta property=\"og:description\" content=\"Verwandeln Sie Ihren Transportkoffer f\u00fcr Pop-up-W\u00e4nde in ein leistungsstarkes Marketinginstrument mit langlebigen, ma\u00dfgeschneiderten Drucken.\" \/>\n<meta property=\"og:url\" content=\"https:\/\/www.amstelprinting.nl\/de\/gesch\u00e4ft\/messe-event\/dekoration\/transportkoffer-druck\/\" \/>\n<meta property=\"og:site_name\" content=\"Amstel Printing\" \/>\n<meta property=\"article:modified_time\" content=\"2026-02-18T11:54:31+00:00\" \/>\n<meta property=\"og:image\" content=\"https:\/\/www.amstelprinting.nl\/wp-content\/uploads\/kofferprint-bedrukken.png\" \/>\n\t<meta property=\"og:image:width\" content=\"900\" \/>\n\t<meta property=\"og:image:height\" content=\"900\" \/>\n\t<meta property=\"og:image:type\" content=\"image\/png\" \/>\n<meta name=\"twitter:card\" content=\"summary_large_image\" \/>\n<meta name=\"twitter:label1\" content=\"Gesch\u00e4tzte Lesezeit\" \/>\n\t<meta name=\"twitter:data1\" content=\"1\u00a0Minute\" \/>\n<script type=\"application\/ld+json\" class=\"yoast-schema-graph\">{\"@context\":\"https:\\\/\\\/schema.org\",\"@graph\":[{\"@type\":\"WebPage\",\"@id\":\"https:\\\/\\\/www.amstelprinting.nl\\\/de\\\/gesch\u00e4ft\\\/messe-event\\\/dekoration\\\/transportkoffer-druck\\\/\",\"url\":\"https:\\\/\\\/www.amstelprinting.nl\\\/de\\\/gesch\u00e4ft\\\/messe-event\\\/dekoration\\\/transportkoffer-druck\\\/\",\"name\":\"Transportkoffer-Druck \u2013 F\u00fcr Branding & optimalen Schutz\",\"isPartOf\":{\"@id\":\"https:\\\/\\\/www.amstelprinting.nl\\\/de\\\/#website\"},\"primaryImageOfPage\":{\"@id\":\"https:\\\/\\\/www.amstelprinting.nl\\\/de\\\/gesch\u00e4ft\\\/messe-event\\\/dekoration\\\/transportkoffer-druck\\\/#primaryimage\"},\"image\":{\"@id\":\"https:\\\/\\\/www.amstelprinting.nl\\\/de\\\/gesch\u00e4ft\\\/messe-event\\\/dekoration\\\/transportkoffer-druck\\\/#primaryimage\"},\"thumbnailUrl\":\"https:\\\/\\\/www.amstelprinting.nl\\\/wp-content\\\/uploads\\\/kofferprint-bedrukken.png\",\"datePublished\":\"2025-01-23T20:04:34+00:00\",\"dateModified\":\"2026-02-18T11:54:31+00:00\",\"description\":\"Verwandeln Sie Ihren Transportkoffer f\u00fcr Pop-up-W\u00e4nde in ein leistungsstarkes Marketinginstrument mit langlebigen, ma\u00dfgeschneiderten Drucken.\",\"breadcrumb\":{\"@id\":\"https:\\\/\\\/www.amstelprinting.nl\\\/de\\\/gesch\u00e4ft\\\/messe-event\\\/dekoration\\\/transportkoffer-druck\\\/#breadcrumb\"},\"inLanguage\":\"de\",\"potentialAction\":[{\"@type\":\"ReadAction\",\"target\":[\"https:\\\/\\\/www.amstelprinting.nl\\\/de\\\/gesch\u00e4ft\\\/messe-event\\\/dekoration\\\/transportkoffer-druck\\\/\"]}]},{\"@type\":\"ImageObject\",\"inLanguage\":\"de\",\"@id\":\"https:\\\/\\\/www.amstelprinting.nl\\\/de\\\/gesch\u00e4ft\\\/messe-event\\\/dekoration\\\/transportkoffer-druck\\\/#primaryimage\",\"url\":\"https:\\\/\\\/www.amstelprinting.nl\\\/wp-content\\\/uploads\\\/kofferprint-bedrukken.png\",\"contentUrl\":\"https:\\\/\\\/www.amstelprinting.nl\\\/wp-content\\\/uploads\\\/kofferprint-bedrukken.png\",\"width\":900,\"height\":900},{\"@type\":\"BreadcrumbList\",\"@id\":\"https:\\\/\\\/www.amstelprinting.nl\\\/de\\\/gesch\u00e4ft\\\/messe-event\\\/dekoration\\\/transportkoffer-druck\\\/#breadcrumb\",\"itemListElement\":[{\"@type\":\"ListItem\",\"position\":1,\"name\":\"\",\"item\":\"https:\\\/\\\/www.amstelprinting.nl\\\/de\\\/\"},{\"@type\":\"ListItem\",\"position\":2,\"name\":\"Amstel Printing\",\"item\":\"https:\\\/\\\/www.amstelprinting.nl\\\/de\\\/geschaeft\\\/\"},{\"@type\":\"ListItem\",\"position\":3,\"name\":\"Messe &amp; Event\",\"item\":\"https:\\\/\\\/www.amstelprinting.nl\\\/de\\\/kategorie\\\/messe-event\\\/\"},{\"@type\":\"ListItem\",\"position\":4,\"name\":\"Dekoration\",\"item\":\"https:\\\/\\\/www.amstelprinting.nl\\\/de\\\/kategorie\\\/messe-event\\\/dekoration\\\/\"},{\"@type\":\"ListItem\",\"position\":5,\"name\":\"Transportkoffer-Druck\"}]},{\"@type\":\"WebSite\",\"@id\":\"https:\\\/\\\/www.amstelprinting.nl\\\/de\\\/#website\",\"url\":\"https:\\\/\\\/www.amstelprinting.nl\\\/de\\\/\",\"name\":\"Amstel Printing\",\"description\":\"Creating Exposure\",\"publisher\":{\"@id\":\"https:\\\/\\\/www.amstelprinting.nl\\\/de\\\/#organization\"},\"potentialAction\":[{\"@type\":\"SearchAction\",\"target\":{\"@type\":\"EntryPoint\",\"urlTemplate\":\"https:\\\/\\\/www.amstelprinting.nl\\\/de\\\/?s={search_term_string}\"},\"query-input\":{\"@type\":\"PropertyValueSpecification\",\"valueRequired\":true,\"valueName\":\"search_term_string\"}}],\"inLanguage\":\"de\"},{\"@type\":\"Organization\",\"@id\":\"https:\\\/\\\/www.amstelprinting.nl\\\/de\\\/#organization\",\"name\":\"Amstel Printing\",\"url\":\"https:\\\/\\\/www.amstelprinting.nl\\\/de\\\/\",\"logo\":{\"@type\":\"ImageObject\",\"inLanguage\":\"de\",\"@id\":\"https:\\\/\\\/www.amstelprinting.nl\\\/de\\\/#\\\/schema\\\/logo\\\/image\\\/\",\"url\":\"https:\\\/\\\/www.amstelprinting.nl\\\/wp-content\\\/uploads\\\/amstel_printing_logo_clean.png\",\"contentUrl\":\"https:\\\/\\\/www.amstelprinting.nl\\\/wp-content\\\/uploads\\\/amstel_printing_logo_clean.png\",\"width\":324,\"height\":73,\"caption\":\"Amstel Printing\"},\"image\":{\"@id\":\"https:\\\/\\\/www.amstelprinting.nl\\\/de\\\/#\\\/schema\\\/logo\\\/image\\\/\"}}]}<\/script>\n<!-- \/ Yoast SEO plugin. -->","yoast_head_json":{"title":"Transportkoffer-Druck \u2013 F\u00fcr Branding & optimalen Schutz","description":"Verwandeln Sie Ihren Transportkoffer f\u00fcr Pop-up-W\u00e4nde in ein leistungsstarkes Marketinginstrument mit langlebigen, ma\u00dfgeschneiderten Drucken.","robots":{"index":"index","follow":"follow","max-snippet":"max-snippet:-1","max-image-preview":"max-image-preview:large","max-video-preview":"max-video-preview:-1"},"canonical":"https:\/\/www.amstelprinting.nl\/de\/gesch\u00e4ft\/messe-event\/dekoration\/transportkoffer-druck\/","og_locale":"de_DE","og_type":"article","og_title":"Transportkoffer-Druck \u2013 F\u00fcr Branding & optimalen Schutz","og_description":"Verwandeln Sie Ihren Transportkoffer f\u00fcr Pop-up-W\u00e4nde in ein leistungsstarkes Marketinginstrument mit langlebigen, ma\u00dfgeschneiderten Drucken.","og_url":"https:\/\/www.amstelprinting.nl\/de\/gesch\u00e4ft\/messe-event\/dekoration\/transportkoffer-druck\/","og_site_name":"Amstel Printing","article_modified_time":"2026-02-18T11:54:31+00:00","og_image":[{"width":900,"height":900,"url":"https:\/\/www.amstelprinting.nl\/wp-content\/uploads\/kofferprint-bedrukken.png","type":"image\/png"}],"twitter_card":"summary_large_image","twitter_misc":{"Gesch\u00e4tzte Lesezeit":"1\u00a0Minute"},"schema":{"@context":"https:\/\/schema.org","@graph":[{"@type":"WebPage","@id":"https:\/\/www.amstelprinting.nl\/de\/gesch\u00e4ft\/messe-event\/dekoration\/transportkoffer-druck\/","url":"https:\/\/www.amstelprinting.nl\/de\/gesch\u00e4ft\/messe-event\/dekoration\/transportkoffer-druck\/","name":"Transportkoffer-Druck \u2013 F\u00fcr Branding & optimalen Schutz","isPartOf":{"@id":"https:\/\/www.amstelprinting.nl\/de\/#website"},"primaryImageOfPage":{"@id":"https:\/\/www.amstelprinting.nl\/de\/gesch\u00e4ft\/messe-event\/dekoration\/transportkoffer-druck\/#primaryimage"},"image":{"@id":"https:\/\/www.amstelprinting.nl\/de\/gesch\u00e4ft\/messe-event\/dekoration\/transportkoffer-druck\/#primaryimage"},"thumbnailUrl":"https:\/\/www.amstelprinting.nl\/wp-content\/uploads\/kofferprint-bedrukken.png","datePublished":"2025-01-23T20:04:34+00:00","dateModified":"2026-02-18T11:54:31+00:00","description":"Verwandeln Sie Ihren Transportkoffer f\u00fcr Pop-up-W\u00e4nde in ein leistungsstarkes Marketinginstrument mit langlebigen, ma\u00dfgeschneiderten Drucken.","breadcrumb":{"@id":"https:\/\/www.amstelprinting.nl\/de\/gesch\u00e4ft\/messe-event\/dekoration\/transportkoffer-druck\/#breadcrumb"},"inLanguage":"de","potentialAction":[{"@type":"ReadAction","target":["https:\/\/www.amstelprinting.nl\/de\/gesch\u00e4ft\/messe-event\/dekoration\/transportkoffer-druck\/"]}]},{"@type":"ImageObject","inLanguage":"de","@id":"https:\/\/www.amstelprinting.nl\/de\/gesch\u00e4ft\/messe-event\/dekoration\/transportkoffer-druck\/#primaryimage","url":"https:\/\/www.amstelprinting.nl\/wp-content\/uploads\/kofferprint-bedrukken.png","contentUrl":"https:\/\/www.amstelprinting.nl\/wp-content\/uploads\/kofferprint-bedrukken.png","width":900,"height":900},{"@type":"BreadcrumbList","@id":"https:\/\/www.amstelprinting.nl\/de\/gesch\u00e4ft\/messe-event\/dekoration\/transportkoffer-druck\/#breadcrumb","itemListElement":[{"@type":"ListItem","position":1,"name":"","item":"https:\/\/www.amstelprinting.nl\/de\/"},{"@type":"ListItem","position":2,"name":"Amstel Printing","item":"https:\/\/www.amstelprinting.nl\/de\/geschaeft\/"},{"@type":"ListItem","position":3,"name":"Messe &amp; Event","item":"https:\/\/www.amstelprinting.nl\/de\/kategorie\/messe-event\/"},{"@type":"ListItem","position":4,"name":"Dekoration","item":"https:\/\/www.amstelprinting.nl\/de\/kategorie\/messe-event\/dekoration\/"},{"@type":"ListItem","position":5,"name":"Transportkoffer-Druck"}]},{"@type":"WebSite","@id":"https:\/\/www.amstelprinting.nl\/de\/#website","url":"https:\/\/www.amstelprinting.nl\/de\/","name":"Amstel Printing","description":"Creating Exposure","publisher":{"@id":"https:\/\/www.amstelprinting.nl\/de\/#organization"},"potentialAction":[{"@type":"SearchAction","target":{"@type":"EntryPoint","urlTemplate":"https:\/\/www.amstelprinting.nl\/de\/?s={search_term_string}"},"query-input":{"@type":"PropertyValueSpecification","valueRequired":true,"valueName":"search_term_string"}}],"inLanguage":"de"},{"@type":"Organization","@id":"https:\/\/www.amstelprinting.nl\/de\/#organization","name":"Amstel Printing","url":"https:\/\/www.amstelprinting.nl\/de\/","logo":{"@type":"ImageObject","inLanguage":"de","@id":"https:\/\/www.amstelprinting.nl\/de\/#\/schema\/logo\/image\/","url":"https:\/\/www.amstelprinting.nl\/wp-content\/uploads\/amstel_printing_logo_clean.png","contentUrl":"https:\/\/www.amstelprinting.nl\/wp-content\/uploads\/amstel_printing_logo_clean.png","width":324,"height":73,"caption":"Amstel Printing"},"image":{"@id":"https:\/\/www.amstelprinting.nl\/de\/#\/schema\/logo\/image\/"}}]}},"_links":{"self":[{"href":"https:\/\/www.amstelprinting.nl\/de\/wp-json\/wp\/v2\/product\/15254","targetHints":{"allow":["GET"]}}],"collection":[{"href":"https:\/\/www.amstelprinting.nl\/de\/wp-json\/wp\/v2\/product"}],"about":[{"href":"https:\/\/www.amstelprinting.nl\/de\/wp-json\/wp\/v2\/types\/product"}],"wp:featuredmedia":[{"embeddable":true,"href":"https:\/\/www.amstelprinting.nl\/de\/wp-json\/wp\/v2\/media\/15255"}],"wp:attachment":[{"href":"https:\/\/www.amstelprinting.nl\/de\/wp-json\/wp\/v2\/media?parent=15254"}],"wp:term":[{"taxonomy":"product_brand","embeddable":true,"href":"https:\/\/www.amstelprinting.nl\/de\/wp-json\/wp\/v2\/product_brand?post=15254"},{"taxonomy":"product_cat","embeddable":true,"href":"https:\/\/www.amstelprinting.nl\/de\/wp-json\/wp\/v2\/product_cat?post=15254"},{"taxonomy":"product_tag","embeddable":true,"href":"https:\/\/www.amstelprinting.nl\/de\/wp-json\/wp\/v2\/product_tag?post=15254"}],"curies":[{"name":"wp","href":"https:\/\/api.w.org\/{rel}","templated":true}]}}