{"id":15274,"date":"2025-01-23T21:04:07","date_gmt":"2025-01-23T20:04:07","guid":{"rendered":"https:\/\/www.amstelprinting.nl\/winkel\/unkategorisiert\/rechte-pop-up-balie-2\/"},"modified":"2026-02-18T12:54:31","modified_gmt":"2026-02-18T11:54:31","slug":"gerade-pop-up-theke","status":"publish","type":"product","link":"https:\/\/www.amstelprinting.nl\/de\/gesch\u00e4ft\/innenwerbung\/prasentation\/gerade-pop-up-theke\/","title":{"rendered":"Gerade Pop-up-Theke"},"content":{"rendered":"<h3>Messetheke bestellen<\/h3>\n<p>Beeindrucken Sie auf Ihrem n\u00e4chsten Event mit dieser geraden Messetheke. Vollst\u00e4ndig personalisiert mit Ihrem eigenen Design. Diese praktische und stilvolle Theke bietet ausreichend Platz f\u00fcr die Pr\u00e4sentation Ihrer Produkte oder Informationen. Ideal f\u00fcr Messen, Veranstaltungen oder Promotionen. Der Aufbau ist ein Kinderspiel, ohne Werkzeug! Nach dem Gebrauch verstauen Sie diese Messetheke einfach wieder in der mitgelieferten kompakten Tragetasche.<\/p>\n<h3>Vorteile<\/h3>\n<ul>\n<li>Erh\u00e4ltlich in zwei Materialien<\/li>\n<li>Im Handumdrehen montiert (ohne Werkzeug)<\/li>\n<li>Inklusive praktischer Tragetasche (Aufbewahrung und kompakter Transport)<\/li>\n<li>Neues Design? Bestellen Sie ganz einfach einen separaten Druck<\/li>\n<\/ul>\n<p>&nbsp;<\/p>\n<h3>Materialien<\/h3>\n<p>W\u00e4hlen Sie aus zwei Materialarten f\u00fcr Ihre Messetheke:<\/p>\n<ul>\n<li><strong>Dekostoff<\/strong>: Dieser geschmeidige Polyesterstoff mit einer feinen Struktur bietet kr\u00e4ftige Farben, die Ihr Design zum Strahlen bringen. Bitte beachten Sie, dass in hell beleuchteten R\u00e4umen das Gestell durch das Thekentuch hindurchscheinen kann.<\/li>\n<li><strong>Blackback Soft<\/strong>: Dieses Polyester-Blockout-Gewebe mit einer schwarzen R\u00fcckseite ist perfekt f\u00fcr Situationen geeignet, in denen Lichtabsorption und die Minimierung von Hintergrundinterferenzen entscheidend sind. Das Tuch ist geruchlos, faltbar und verf\u00fcgt \u00fcber ein B1-Zertifikat f\u00fcr Brandsicherheit, was es ideal f\u00fcr den intensiven Einsatz auf Messen und Veranstaltungen macht.<\/li>\n<\/ul>\n<p>&nbsp;<\/p>\n<h3>Unboxing, Installation und Transport<\/h3>\n<p>Sie erhalten die Theke inklusive Tragetasche, in der Sie die Theke verstauen k\u00f6nnen. W\u00e4hrend des Transports k\u00f6nnen Sie das Tuch am Gestell befestigt lassen. Dadurch k\u00f6nnen Sie die Pop-up-Theke in nur f\u00fcnf Minuten aufbauen. Die Stabilit\u00e4t des Gestells wird durch Kunststoff-Kreuzverbindungen gew\u00e4hrleistet. Der Kunststoff-Fachboden bietet zus\u00e4tzlichen Stauraum und tr\u00e4gt zusammen mit der Holzplatte zur Stabilit\u00e4t bei.<\/p>\n<p>Pr\u00e4sentieren Sie Ihre Marke auf die bestm\u00f6gliche Weise mit unserer mobilen Messetheke und ziehen Sie auf Ihrer n\u00e4chsten Veranstaltung alle Blicke auf sich! Nutzen Sie unsere praktischen Vorlagen, die unter den Downloads verf\u00fcgbar sind, um ganz einfach Ihr eigenes Design zu erstellen. Mit unserer mobilen Messetheke ist Ihnen eine professionelle und auff\u00e4llige Pr\u00e4sentation garantiert, die Aufmerksamkeit erregt und Ihre Marke bestm\u00f6glich repr\u00e4sentiert.<\/p>\n<h3>Messetheke mit LED-Beleuchtung?<\/h3>\n<p>Wollen Sie wirklich auffallen? Dann entscheiden Sie sich f\u00fcr unsere Pixlip Go Theke, eine Variante mit integrierter Beleuchtung, die daf\u00fcr sorgt, dass Ihre Botschaft im Rampenlicht steht.<\/p>\n","protected":false},"excerpt":{"rendered":"<h3>Mobile Theke f\u00fcr einen Messestand. Mit einem wundersch\u00f6nen Druck versehen.<\/h3>\n<p>Hinterlassen Sie einen bleibenden Eindruck auf Ihrer n\u00e4chsten Messe oder Veranstaltung mit unserer mobilen Messetheke (auch als Messetheke, Counter oder Desk bezeichnet). Diese Theke ist nicht nur ein Blickfang, sondern bietet auch die perfekte Kombination aus Funktionalit\u00e4t und Design. Unsere Messetheke ist als Komplettset inklusive schwarzer Topplatte und Einlegeboden erh\u00e4ltlich, oder Sie w\u00e4hlen Einzelteile wie nur das bedruckte Thekentuch oder ein separates System.<\/p>\n","protected":false},"featured_media":15275,"template":"","meta":{"_et_pb_use_builder":"","_et_pb_old_content":"","_et_gb_content_width":""},"product_brand":[],"product_cat":[911,900,907,899,910],"product_tag":[],"class_list":{"0":"post-15274","1":"product","2":"type-product","3":"status-publish","4":"has-post-thumbnail","6":"product_cat-ausstellungswande","7":"product_cat-dekoration","8":"product_cat-innenwerbung","9":"product_cat-messe-event","10":"product_cat-prasentation","12":"first","13":"instock","14":"taxable","15":"shipping-taxable","16":"purchasable","17":"product-type-simple"},"yoast_head":"<!-- This site is optimized with the Yoast SEO plugin v27.3 - https:\/\/yoast.com\/product\/yoast-seo-wordpress\/ -->\n<title>Gerade Pop-up-Theke \u2013 Einfacher Aufbau | Schnelle Lieferung<\/title>\n<meta name=\"description\" content=\"Entdecken Sie die gerade Pop-up-Theke f\u00fcr eine starke Markenpr\u00e4sentation auf Messen und Veranstaltungen. Fordern Sie jetzt Ihr Angebot an!\" \/>\n<meta name=\"robots\" content=\"index, follow, max-snippet:-1, max-image-preview:large, max-video-preview:-1\" \/>\n<link rel=\"canonical\" href=\"https:\/\/www.amstelprinting.nl\/de\/gesch\u00e4ft\/innenwerbung\/prasentation\/gerade-pop-up-theke\/\" \/>\n<meta property=\"og:locale\" content=\"de_DE\" \/>\n<meta property=\"og:type\" content=\"article\" \/>\n<meta property=\"og:title\" content=\"Gerade Pop-up-Theke \u2013 Einfacher Aufbau | Schnelle Lieferung\" \/>\n<meta property=\"og:description\" content=\"Entdecken Sie die gerade Pop-up-Theke f\u00fcr eine starke Markenpr\u00e4sentation auf Messen und Veranstaltungen. Fordern Sie jetzt Ihr Angebot an!\" \/>\n<meta property=\"og:url\" content=\"https:\/\/www.amstelprinting.nl\/de\/gesch\u00e4ft\/innenwerbung\/prasentation\/gerade-pop-up-theke\/\" \/>\n<meta property=\"og:site_name\" content=\"Amstel Printing\" \/>\n<meta property=\"article:modified_time\" content=\"2026-02-18T11:54:31+00:00\" \/>\n<meta property=\"og:image\" content=\"https:\/\/www.amstelprinting.nl\/wp-content\/uploads\/balie-bedrukken.png\" \/>\n\t<meta property=\"og:image:width\" content=\"900\" \/>\n\t<meta property=\"og:image:height\" content=\"900\" \/>\n\t<meta property=\"og:image:type\" content=\"image\/png\" \/>\n<meta name=\"twitter:card\" content=\"summary_large_image\" \/>\n<meta name=\"twitter:label1\" content=\"Gesch\u00e4tzte Lesezeit\" \/>\n\t<meta name=\"twitter:data1\" content=\"2\u00a0Minuten\" \/>\n<script type=\"application\/ld+json\" class=\"yoast-schema-graph\">{\"@context\":\"https:\\\/\\\/schema.org\",\"@graph\":[{\"@type\":\"WebPage\",\"@id\":\"https:\\\/\\\/www.amstelprinting.nl\\\/de\\\/gesch\u00e4ft\\\/innenwerbung\\\/prasentation\\\/gerade-pop-up-theke\\\/\",\"url\":\"https:\\\/\\\/www.amstelprinting.nl\\\/de\\\/gesch\u00e4ft\\\/innenwerbung\\\/prasentation\\\/gerade-pop-up-theke\\\/\",\"name\":\"Gerade Pop-up-Theke \u2013 Einfacher Aufbau | Schnelle Lieferung\",\"isPartOf\":{\"@id\":\"https:\\\/\\\/www.amstelprinting.nl\\\/de\\\/#website\"},\"primaryImageOfPage\":{\"@id\":\"https:\\\/\\\/www.amstelprinting.nl\\\/de\\\/gesch\u00e4ft\\\/innenwerbung\\\/prasentation\\\/gerade-pop-up-theke\\\/#primaryimage\"},\"image\":{\"@id\":\"https:\\\/\\\/www.amstelprinting.nl\\\/de\\\/gesch\u00e4ft\\\/innenwerbung\\\/prasentation\\\/gerade-pop-up-theke\\\/#primaryimage\"},\"thumbnailUrl\":\"https:\\\/\\\/www.amstelprinting.nl\\\/wp-content\\\/uploads\\\/balie-bedrukken.png\",\"datePublished\":\"2025-01-23T20:04:07+00:00\",\"dateModified\":\"2026-02-18T11:54:31+00:00\",\"description\":\"Entdecken Sie die gerade Pop-up-Theke f\u00fcr eine starke Markenpr\u00e4sentation auf Messen und Veranstaltungen. Fordern Sie jetzt Ihr Angebot an!\",\"breadcrumb\":{\"@id\":\"https:\\\/\\\/www.amstelprinting.nl\\\/de\\\/gesch\u00e4ft\\\/innenwerbung\\\/prasentation\\\/gerade-pop-up-theke\\\/#breadcrumb\"},\"inLanguage\":\"de\",\"potentialAction\":[{\"@type\":\"ReadAction\",\"target\":[\"https:\\\/\\\/www.amstelprinting.nl\\\/de\\\/gesch\u00e4ft\\\/innenwerbung\\\/prasentation\\\/gerade-pop-up-theke\\\/\"]}]},{\"@type\":\"ImageObject\",\"inLanguage\":\"de\",\"@id\":\"https:\\\/\\\/www.amstelprinting.nl\\\/de\\\/gesch\u00e4ft\\\/innenwerbung\\\/prasentation\\\/gerade-pop-up-theke\\\/#primaryimage\",\"url\":\"https:\\\/\\\/www.amstelprinting.nl\\\/wp-content\\\/uploads\\\/balie-bedrukken.png\",\"contentUrl\":\"https:\\\/\\\/www.amstelprinting.nl\\\/wp-content\\\/uploads\\\/balie-bedrukken.png\",\"width\":900,\"height\":900},{\"@type\":\"BreadcrumbList\",\"@id\":\"https:\\\/\\\/www.amstelprinting.nl\\\/de\\\/gesch\u00e4ft\\\/innenwerbung\\\/prasentation\\\/gerade-pop-up-theke\\\/#breadcrumb\",\"itemListElement\":[{\"@type\":\"ListItem\",\"position\":1,\"name\":\"\",\"item\":\"https:\\\/\\\/www.amstelprinting.nl\\\/de\\\/\"},{\"@type\":\"ListItem\",\"position\":2,\"name\":\"Amstel Printing\",\"item\":\"https:\\\/\\\/www.amstelprinting.nl\\\/de\\\/geschaeft\\\/\"},{\"@type\":\"ListItem\",\"position\":3,\"name\":\"Innenwerbung\",\"item\":\"https:\\\/\\\/www.amstelprinting.nl\\\/de\\\/kategorie\\\/innenwerbung\\\/\"},{\"@type\":\"ListItem\",\"position\":4,\"name\":\"Pr\u00e4sentation\",\"item\":\"https:\\\/\\\/www.amstelprinting.nl\\\/de\\\/kategorie\\\/innenwerbung\\\/prasentation\\\/\"},{\"@type\":\"ListItem\",\"position\":5,\"name\":\"Gerade Pop-up-Theke\"}]},{\"@type\":\"WebSite\",\"@id\":\"https:\\\/\\\/www.amstelprinting.nl\\\/de\\\/#website\",\"url\":\"https:\\\/\\\/www.amstelprinting.nl\\\/de\\\/\",\"name\":\"Amstel Printing\",\"description\":\"Creating Exposure\",\"publisher\":{\"@id\":\"https:\\\/\\\/www.amstelprinting.nl\\\/de\\\/#organization\"},\"potentialAction\":[{\"@type\":\"SearchAction\",\"target\":{\"@type\":\"EntryPoint\",\"urlTemplate\":\"https:\\\/\\\/www.amstelprinting.nl\\\/de\\\/?s={search_term_string}\"},\"query-input\":{\"@type\":\"PropertyValueSpecification\",\"valueRequired\":true,\"valueName\":\"search_term_string\"}}],\"inLanguage\":\"de\"},{\"@type\":\"Organization\",\"@id\":\"https:\\\/\\\/www.amstelprinting.nl\\\/de\\\/#organization\",\"name\":\"Amstel Printing\",\"url\":\"https:\\\/\\\/www.amstelprinting.nl\\\/de\\\/\",\"logo\":{\"@type\":\"ImageObject\",\"inLanguage\":\"de\",\"@id\":\"https:\\\/\\\/www.amstelprinting.nl\\\/de\\\/#\\\/schema\\\/logo\\\/image\\\/\",\"url\":\"https:\\\/\\\/www.amstelprinting.nl\\\/wp-content\\\/uploads\\\/amstel_printing_logo_clean.png\",\"contentUrl\":\"https:\\\/\\\/www.amstelprinting.nl\\\/wp-content\\\/uploads\\\/amstel_printing_logo_clean.png\",\"width\":324,\"height\":73,\"caption\":\"Amstel Printing\"},\"image\":{\"@id\":\"https:\\\/\\\/www.amstelprinting.nl\\\/de\\\/#\\\/schema\\\/logo\\\/image\\\/\"}}]}<\/script>\n<!-- \/ Yoast SEO plugin. -->","yoast_head_json":{"title":"Gerade Pop-up-Theke \u2013 Einfacher Aufbau | Schnelle Lieferung","description":"Entdecken Sie die gerade Pop-up-Theke f\u00fcr eine starke Markenpr\u00e4sentation auf Messen und Veranstaltungen. Fordern Sie jetzt Ihr Angebot an!","robots":{"index":"index","follow":"follow","max-snippet":"max-snippet:-1","max-image-preview":"max-image-preview:large","max-video-preview":"max-video-preview:-1"},"canonical":"https:\/\/www.amstelprinting.nl\/de\/gesch\u00e4ft\/innenwerbung\/prasentation\/gerade-pop-up-theke\/","og_locale":"de_DE","og_type":"article","og_title":"Gerade Pop-up-Theke \u2013 Einfacher Aufbau | Schnelle Lieferung","og_description":"Entdecken Sie die gerade Pop-up-Theke f\u00fcr eine starke Markenpr\u00e4sentation auf Messen und Veranstaltungen. Fordern Sie jetzt Ihr Angebot an!","og_url":"https:\/\/www.amstelprinting.nl\/de\/gesch\u00e4ft\/innenwerbung\/prasentation\/gerade-pop-up-theke\/","og_site_name":"Amstel Printing","article_modified_time":"2026-02-18T11:54:31+00:00","og_image":[{"width":900,"height":900,"url":"https:\/\/www.amstelprinting.nl\/wp-content\/uploads\/balie-bedrukken.png","type":"image\/png"}],"twitter_card":"summary_large_image","twitter_misc":{"Gesch\u00e4tzte Lesezeit":"2\u00a0Minuten"},"schema":{"@context":"https:\/\/schema.org","@graph":[{"@type":"WebPage","@id":"https:\/\/www.amstelprinting.nl\/de\/gesch\u00e4ft\/innenwerbung\/prasentation\/gerade-pop-up-theke\/","url":"https:\/\/www.amstelprinting.nl\/de\/gesch\u00e4ft\/innenwerbung\/prasentation\/gerade-pop-up-theke\/","name":"Gerade Pop-up-Theke \u2013 Einfacher Aufbau | Schnelle Lieferung","isPartOf":{"@id":"https:\/\/www.amstelprinting.nl\/de\/#website"},"primaryImageOfPage":{"@id":"https:\/\/www.amstelprinting.nl\/de\/gesch\u00e4ft\/innenwerbung\/prasentation\/gerade-pop-up-theke\/#primaryimage"},"image":{"@id":"https:\/\/www.amstelprinting.nl\/de\/gesch\u00e4ft\/innenwerbung\/prasentation\/gerade-pop-up-theke\/#primaryimage"},"thumbnailUrl":"https:\/\/www.amstelprinting.nl\/wp-content\/uploads\/balie-bedrukken.png","datePublished":"2025-01-23T20:04:07+00:00","dateModified":"2026-02-18T11:54:31+00:00","description":"Entdecken Sie die gerade Pop-up-Theke f\u00fcr eine starke Markenpr\u00e4sentation auf Messen und Veranstaltungen. Fordern Sie jetzt Ihr Angebot an!","breadcrumb":{"@id":"https:\/\/www.amstelprinting.nl\/de\/gesch\u00e4ft\/innenwerbung\/prasentation\/gerade-pop-up-theke\/#breadcrumb"},"inLanguage":"de","potentialAction":[{"@type":"ReadAction","target":["https:\/\/www.amstelprinting.nl\/de\/gesch\u00e4ft\/innenwerbung\/prasentation\/gerade-pop-up-theke\/"]}]},{"@type":"ImageObject","inLanguage":"de","@id":"https:\/\/www.amstelprinting.nl\/de\/gesch\u00e4ft\/innenwerbung\/prasentation\/gerade-pop-up-theke\/#primaryimage","url":"https:\/\/www.amstelprinting.nl\/wp-content\/uploads\/balie-bedrukken.png","contentUrl":"https:\/\/www.amstelprinting.nl\/wp-content\/uploads\/balie-bedrukken.png","width":900,"height":900},{"@type":"BreadcrumbList","@id":"https:\/\/www.amstelprinting.nl\/de\/gesch\u00e4ft\/innenwerbung\/prasentation\/gerade-pop-up-theke\/#breadcrumb","itemListElement":[{"@type":"ListItem","position":1,"name":"","item":"https:\/\/www.amstelprinting.nl\/de\/"},{"@type":"ListItem","position":2,"name":"Amstel Printing","item":"https:\/\/www.amstelprinting.nl\/de\/geschaeft\/"},{"@type":"ListItem","position":3,"name":"Innenwerbung","item":"https:\/\/www.amstelprinting.nl\/de\/kategorie\/innenwerbung\/"},{"@type":"ListItem","position":4,"name":"Pr\u00e4sentation","item":"https:\/\/www.amstelprinting.nl\/de\/kategorie\/innenwerbung\/prasentation\/"},{"@type":"ListItem","position":5,"name":"Gerade Pop-up-Theke"}]},{"@type":"WebSite","@id":"https:\/\/www.amstelprinting.nl\/de\/#website","url":"https:\/\/www.amstelprinting.nl\/de\/","name":"Amstel Printing","description":"Creating Exposure","publisher":{"@id":"https:\/\/www.amstelprinting.nl\/de\/#organization"},"potentialAction":[{"@type":"SearchAction","target":{"@type":"EntryPoint","urlTemplate":"https:\/\/www.amstelprinting.nl\/de\/?s={search_term_string}"},"query-input":{"@type":"PropertyValueSpecification","valueRequired":true,"valueName":"search_term_string"}}],"inLanguage":"de"},{"@type":"Organization","@id":"https:\/\/www.amstelprinting.nl\/de\/#organization","name":"Amstel Printing","url":"https:\/\/www.amstelprinting.nl\/de\/","logo":{"@type":"ImageObject","inLanguage":"de","@id":"https:\/\/www.amstelprinting.nl\/de\/#\/schema\/logo\/image\/","url":"https:\/\/www.amstelprinting.nl\/wp-content\/uploads\/amstel_printing_logo_clean.png","contentUrl":"https:\/\/www.amstelprinting.nl\/wp-content\/uploads\/amstel_printing_logo_clean.png","width":324,"height":73,"caption":"Amstel Printing"},"image":{"@id":"https:\/\/www.amstelprinting.nl\/de\/#\/schema\/logo\/image\/"}}]}},"_links":{"self":[{"href":"https:\/\/www.amstelprinting.nl\/de\/wp-json\/wp\/v2\/product\/15274","targetHints":{"allow":["GET"]}}],"collection":[{"href":"https:\/\/www.amstelprinting.nl\/de\/wp-json\/wp\/v2\/product"}],"about":[{"href":"https:\/\/www.amstelprinting.nl\/de\/wp-json\/wp\/v2\/types\/product"}],"wp:featuredmedia":[{"embeddable":true,"href":"https:\/\/www.amstelprinting.nl\/de\/wp-json\/wp\/v2\/media\/15275"}],"wp:attachment":[{"href":"https:\/\/www.amstelprinting.nl\/de\/wp-json\/wp\/v2\/media?parent=15274"}],"wp:term":[{"taxonomy":"product_brand","embeddable":true,"href":"https:\/\/www.amstelprinting.nl\/de\/wp-json\/wp\/v2\/product_brand?post=15274"},{"taxonomy":"product_cat","embeddable":true,"href":"https:\/\/www.amstelprinting.nl\/de\/wp-json\/wp\/v2\/product_cat?post=15274"},{"taxonomy":"product_tag","embeddable":true,"href":"https:\/\/www.amstelprinting.nl\/de\/wp-json\/wp\/v2\/product_tag?post=15274"}],"curies":[{"name":"wp","href":"https:\/\/api.w.org\/{rel}","templated":true}]}}