{"id":15286,"date":"2025-01-23T21:03:55","date_gmt":"2025-01-23T20:03:55","guid":{"rendered":"https:\/\/www.amstelprinting.nl\/winkel\/unkategorisiert\/sierkussenvulling\/"},"modified":"2026-02-18T12:54:32","modified_gmt":"2026-02-18T11:54:32","slug":"zierkissenfullung","status":"publish","type":"product","link":"https:\/\/www.amstelprinting.nl\/de\/gesch\u00e4ft\/innere\/haus-gastronomie\/zierkissenfullung\/","title":{"rendered":"Zierkissenf\u00fcllung"},"content":{"rendered":"<h3>Zierkissenf\u00fcllung f\u00fcr das perfekte Ergebnis<\/h3>\n<p>Qualitativ hochwertige Zierkissenf\u00fcllung f\u00fcr die bedruckten Kissenbez\u00fcge. Das neutrale (wei\u00dffarbene) Innenkissen sorgt daf\u00fcr, dass Ihre Kissen immer sch\u00f6n prall und gut geformt bleiben. Bestellen Sie diese bereits ab 1 St\u00fcck.<\/p>\n<h3>W\u00e4hlen Sie das richtige Format nach Wunsch<\/h3>\n<p>Unsere Zierkissenf\u00fcllung ist in verschiedenen g\u00e4ngigen Formaten erh\u00e4ltlich, von 40 x 40 cm bis 60 x 60 cm. Das Inlett besteht aus 100 % Polypropylen-Spinnvlies (Spunbond Non-Woven). Die F\u00fcllung besteht aus Virgin-Polyester-Stapelfaser. Diese F\u00fcllung ist nach der Norm BS5852 feuerhemmend (f\u00fcr zus\u00e4tzliche Sicherheit).<\/p>\n","protected":false},"excerpt":{"rendered":"<h3>F\u00fcllung f\u00fcr unsere bedruckten Zierkissen<\/h3>\n<p>Geben Sie Ihren Zierkissen die perfekte Form und Ausstrahlung mit unseren hochwertigen Kissenf\u00fcllungen. In verschiedenen Formaten erh\u00e4ltlich. Unsere Zierkissenf\u00fcllungen sorgen f\u00fcr einen sch\u00f6nen, prallen Look. Zudem sind sie feuerhemmend. Die F\u00fcllung aus Virgin-Polyester und das robuste Inlett sorgen zudem f\u00fcr langanhaltenden Komfort und Qualit\u00e4t.<\/p>\n","protected":false},"featured_media":15288,"template":"","meta":{"_et_pb_use_builder":"","_et_pb_old_content":"","_et_gb_content_width":""},"product_brand":[],"product_cat":[900,945,947,899],"product_tag":[],"class_list":{"0":"post-15286","1":"product","2":"type-product","3":"status-publish","4":"has-post-thumbnail","6":"product_cat-dekoration","7":"product_cat-haus-gastronomie","8":"product_cat-innere","9":"product_cat-messe-event","11":"first","12":"instock","13":"taxable","14":"shipping-taxable","15":"purchasable","16":"product-type-simple"},"yoast_head":"<!-- This site is optimized with the Yoast SEO plugin v27.3 - https:\/\/yoast.com\/product\/yoast-seo-wordpress\/ -->\n<title>Zierkissenf\u00fcllung | Amstel Printing<\/title>\n<meta name=\"robots\" content=\"index, follow, max-snippet:-1, max-image-preview:large, max-video-preview:-1\" \/>\n<link rel=\"canonical\" href=\"https:\/\/www.amstelprinting.nl\/de\/gesch\u00e4ft\/innere\/haus-gastronomie\/zierkissenfullung\/\" \/>\n<meta property=\"og:locale\" content=\"de_DE\" \/>\n<meta property=\"og:type\" content=\"article\" \/>\n<meta property=\"og:title\" content=\"Zierkissenf\u00fcllung | Amstel Printing\" \/>\n<meta property=\"og:description\" content=\"F\u00fcllung f\u00fcr unsere bedruckten Zierkissen Geben Sie Ihren Zierkissen die perfekte Form und Ausstrahlung mit unseren hochwertigen Kissenf\u00fcllungen. In verschiedenen Formaten erh\u00e4ltlich. Unsere Zierkissenf\u00fcllungen sorgen f\u00fcr einen sch\u00f6nen, prallen Look. Zudem sind sie feuerhemmend. Die F\u00fcllung aus Virgin-Polyester und das robuste Inlett sorgen zudem f\u00fcr langanhaltenden Komfort und Qualit\u00e4t.\" \/>\n<meta property=\"og:url\" content=\"https:\/\/www.amstelprinting.nl\/de\/gesch\u00e4ft\/innere\/haus-gastronomie\/zierkissenfullung\/\" \/>\n<meta property=\"og:site_name\" content=\"Amstel Printing\" \/>\n<meta property=\"article:modified_time\" content=\"2026-02-18T11:54:32+00:00\" \/>\n<meta property=\"og:image\" content=\"https:\/\/www.amstelprinting.nl\/wp-content\/uploads\/Sierkussenvulling2.jpg\" \/>\n\t<meta property=\"og:image:width\" content=\"498\" \/>\n\t<meta property=\"og:image:height\" content=\"498\" \/>\n\t<meta property=\"og:image:type\" content=\"image\/jpeg\" \/>\n<meta name=\"twitter:card\" content=\"summary_large_image\" \/>\n<script type=\"application\/ld+json\" class=\"yoast-schema-graph\">{\"@context\":\"https:\\\/\\\/schema.org\",\"@graph\":[{\"@type\":\"WebPage\",\"@id\":\"https:\\\/\\\/www.amstelprinting.nl\\\/de\\\/gesch\u00e4ft\\\/innere\\\/haus-gastronomie\\\/zierkissenfullung\\\/\",\"url\":\"https:\\\/\\\/www.amstelprinting.nl\\\/de\\\/gesch\u00e4ft\\\/innere\\\/haus-gastronomie\\\/zierkissenfullung\\\/\",\"name\":\"Zierkissenf\u00fcllung | Amstel Printing\",\"isPartOf\":{\"@id\":\"https:\\\/\\\/www.amstelprinting.nl\\\/de\\\/#website\"},\"primaryImageOfPage\":{\"@id\":\"https:\\\/\\\/www.amstelprinting.nl\\\/de\\\/gesch\u00e4ft\\\/innere\\\/haus-gastronomie\\\/zierkissenfullung\\\/#primaryimage\"},\"image\":{\"@id\":\"https:\\\/\\\/www.amstelprinting.nl\\\/de\\\/gesch\u00e4ft\\\/innere\\\/haus-gastronomie\\\/zierkissenfullung\\\/#primaryimage\"},\"thumbnailUrl\":\"https:\\\/\\\/www.amstelprinting.nl\\\/wp-content\\\/uploads\\\/Sierkussenvulling2.jpg\",\"datePublished\":\"2025-01-23T20:03:55+00:00\",\"dateModified\":\"2026-02-18T11:54:32+00:00\",\"breadcrumb\":{\"@id\":\"https:\\\/\\\/www.amstelprinting.nl\\\/de\\\/gesch\u00e4ft\\\/innere\\\/haus-gastronomie\\\/zierkissenfullung\\\/#breadcrumb\"},\"inLanguage\":\"de\",\"potentialAction\":[{\"@type\":\"ReadAction\",\"target\":[\"https:\\\/\\\/www.amstelprinting.nl\\\/de\\\/gesch\u00e4ft\\\/innere\\\/haus-gastronomie\\\/zierkissenfullung\\\/\"]}]},{\"@type\":\"ImageObject\",\"inLanguage\":\"de\",\"@id\":\"https:\\\/\\\/www.amstelprinting.nl\\\/de\\\/gesch\u00e4ft\\\/innere\\\/haus-gastronomie\\\/zierkissenfullung\\\/#primaryimage\",\"url\":\"https:\\\/\\\/www.amstelprinting.nl\\\/wp-content\\\/uploads\\\/Sierkussenvulling2.jpg\",\"contentUrl\":\"https:\\\/\\\/www.amstelprinting.nl\\\/wp-content\\\/uploads\\\/Sierkussenvulling2.jpg\",\"width\":498,\"height\":498},{\"@type\":\"BreadcrumbList\",\"@id\":\"https:\\\/\\\/www.amstelprinting.nl\\\/de\\\/gesch\u00e4ft\\\/innere\\\/haus-gastronomie\\\/zierkissenfullung\\\/#breadcrumb\",\"itemListElement\":[{\"@type\":\"ListItem\",\"position\":1,\"name\":\"\",\"item\":\"https:\\\/\\\/www.amstelprinting.nl\\\/de\\\/\"},{\"@type\":\"ListItem\",\"position\":2,\"name\":\"Amstel Printing\",\"item\":\"https:\\\/\\\/www.amstelprinting.nl\\\/de\\\/geschaeft\\\/\"},{\"@type\":\"ListItem\",\"position\":3,\"name\":\"Messe &amp; Event\",\"item\":\"https:\\\/\\\/www.amstelprinting.nl\\\/de\\\/kategorie\\\/messe-event\\\/\"},{\"@type\":\"ListItem\",\"position\":4,\"name\":\"Dekoration\",\"item\":\"https:\\\/\\\/www.amstelprinting.nl\\\/de\\\/kategorie\\\/messe-event\\\/dekoration\\\/\"},{\"@type\":\"ListItem\",\"position\":5,\"name\":\"Zierkissenf\u00fcllung\"}]},{\"@type\":\"WebSite\",\"@id\":\"https:\\\/\\\/www.amstelprinting.nl\\\/de\\\/#website\",\"url\":\"https:\\\/\\\/www.amstelprinting.nl\\\/de\\\/\",\"name\":\"Amstel Printing\",\"description\":\"Creating Exposure\",\"publisher\":{\"@id\":\"https:\\\/\\\/www.amstelprinting.nl\\\/de\\\/#organization\"},\"potentialAction\":[{\"@type\":\"SearchAction\",\"target\":{\"@type\":\"EntryPoint\",\"urlTemplate\":\"https:\\\/\\\/www.amstelprinting.nl\\\/de\\\/?s={search_term_string}\"},\"query-input\":{\"@type\":\"PropertyValueSpecification\",\"valueRequired\":true,\"valueName\":\"search_term_string\"}}],\"inLanguage\":\"de\"},{\"@type\":\"Organization\",\"@id\":\"https:\\\/\\\/www.amstelprinting.nl\\\/de\\\/#organization\",\"name\":\"Amstel Printing\",\"url\":\"https:\\\/\\\/www.amstelprinting.nl\\\/de\\\/\",\"logo\":{\"@type\":\"ImageObject\",\"inLanguage\":\"de\",\"@id\":\"https:\\\/\\\/www.amstelprinting.nl\\\/de\\\/#\\\/schema\\\/logo\\\/image\\\/\",\"url\":\"https:\\\/\\\/www.amstelprinting.nl\\\/wp-content\\\/uploads\\\/amstel_printing_logo_clean.png\",\"contentUrl\":\"https:\\\/\\\/www.amstelprinting.nl\\\/wp-content\\\/uploads\\\/amstel_printing_logo_clean.png\",\"width\":324,\"height\":73,\"caption\":\"Amstel Printing\"},\"image\":{\"@id\":\"https:\\\/\\\/www.amstelprinting.nl\\\/de\\\/#\\\/schema\\\/logo\\\/image\\\/\"}}]}<\/script>\n<!-- \/ Yoast SEO plugin. -->","yoast_head_json":{"title":"Zierkissenf\u00fcllung | Amstel Printing","robots":{"index":"index","follow":"follow","max-snippet":"max-snippet:-1","max-image-preview":"max-image-preview:large","max-video-preview":"max-video-preview:-1"},"canonical":"https:\/\/www.amstelprinting.nl\/de\/gesch\u00e4ft\/innere\/haus-gastronomie\/zierkissenfullung\/","og_locale":"de_DE","og_type":"article","og_title":"Zierkissenf\u00fcllung | Amstel Printing","og_description":"F\u00fcllung f\u00fcr unsere bedruckten Zierkissen Geben Sie Ihren Zierkissen die perfekte Form und Ausstrahlung mit unseren hochwertigen Kissenf\u00fcllungen. In verschiedenen Formaten erh\u00e4ltlich. Unsere Zierkissenf\u00fcllungen sorgen f\u00fcr einen sch\u00f6nen, prallen Look. Zudem sind sie feuerhemmend. Die F\u00fcllung aus Virgin-Polyester und das robuste Inlett sorgen zudem f\u00fcr langanhaltenden Komfort und Qualit\u00e4t.","og_url":"https:\/\/www.amstelprinting.nl\/de\/gesch\u00e4ft\/innere\/haus-gastronomie\/zierkissenfullung\/","og_site_name":"Amstel Printing","article_modified_time":"2026-02-18T11:54:32+00:00","og_image":[{"width":498,"height":498,"url":"https:\/\/www.amstelprinting.nl\/wp-content\/uploads\/Sierkussenvulling2.jpg","type":"image\/jpeg"}],"twitter_card":"summary_large_image","schema":{"@context":"https:\/\/schema.org","@graph":[{"@type":"WebPage","@id":"https:\/\/www.amstelprinting.nl\/de\/gesch\u00e4ft\/innere\/haus-gastronomie\/zierkissenfullung\/","url":"https:\/\/www.amstelprinting.nl\/de\/gesch\u00e4ft\/innere\/haus-gastronomie\/zierkissenfullung\/","name":"Zierkissenf\u00fcllung | Amstel Printing","isPartOf":{"@id":"https:\/\/www.amstelprinting.nl\/de\/#website"},"primaryImageOfPage":{"@id":"https:\/\/www.amstelprinting.nl\/de\/gesch\u00e4ft\/innere\/haus-gastronomie\/zierkissenfullung\/#primaryimage"},"image":{"@id":"https:\/\/www.amstelprinting.nl\/de\/gesch\u00e4ft\/innere\/haus-gastronomie\/zierkissenfullung\/#primaryimage"},"thumbnailUrl":"https:\/\/www.amstelprinting.nl\/wp-content\/uploads\/Sierkussenvulling2.jpg","datePublished":"2025-01-23T20:03:55+00:00","dateModified":"2026-02-18T11:54:32+00:00","breadcrumb":{"@id":"https:\/\/www.amstelprinting.nl\/de\/gesch\u00e4ft\/innere\/haus-gastronomie\/zierkissenfullung\/#breadcrumb"},"inLanguage":"de","potentialAction":[{"@type":"ReadAction","target":["https:\/\/www.amstelprinting.nl\/de\/gesch\u00e4ft\/innere\/haus-gastronomie\/zierkissenfullung\/"]}]},{"@type":"ImageObject","inLanguage":"de","@id":"https:\/\/www.amstelprinting.nl\/de\/gesch\u00e4ft\/innere\/haus-gastronomie\/zierkissenfullung\/#primaryimage","url":"https:\/\/www.amstelprinting.nl\/wp-content\/uploads\/Sierkussenvulling2.jpg","contentUrl":"https:\/\/www.amstelprinting.nl\/wp-content\/uploads\/Sierkussenvulling2.jpg","width":498,"height":498},{"@type":"BreadcrumbList","@id":"https:\/\/www.amstelprinting.nl\/de\/gesch\u00e4ft\/innere\/haus-gastronomie\/zierkissenfullung\/#breadcrumb","itemListElement":[{"@type":"ListItem","position":1,"name":"","item":"https:\/\/www.amstelprinting.nl\/de\/"},{"@type":"ListItem","position":2,"name":"Amstel Printing","item":"https:\/\/www.amstelprinting.nl\/de\/geschaeft\/"},{"@type":"ListItem","position":3,"name":"Messe &amp; Event","item":"https:\/\/www.amstelprinting.nl\/de\/kategorie\/messe-event\/"},{"@type":"ListItem","position":4,"name":"Dekoration","item":"https:\/\/www.amstelprinting.nl\/de\/kategorie\/messe-event\/dekoration\/"},{"@type":"ListItem","position":5,"name":"Zierkissenf\u00fcllung"}]},{"@type":"WebSite","@id":"https:\/\/www.amstelprinting.nl\/de\/#website","url":"https:\/\/www.amstelprinting.nl\/de\/","name":"Amstel Printing","description":"Creating Exposure","publisher":{"@id":"https:\/\/www.amstelprinting.nl\/de\/#organization"},"potentialAction":[{"@type":"SearchAction","target":{"@type":"EntryPoint","urlTemplate":"https:\/\/www.amstelprinting.nl\/de\/?s={search_term_string}"},"query-input":{"@type":"PropertyValueSpecification","valueRequired":true,"valueName":"search_term_string"}}],"inLanguage":"de"},{"@type":"Organization","@id":"https:\/\/www.amstelprinting.nl\/de\/#organization","name":"Amstel Printing","url":"https:\/\/www.amstelprinting.nl\/de\/","logo":{"@type":"ImageObject","inLanguage":"de","@id":"https:\/\/www.amstelprinting.nl\/de\/#\/schema\/logo\/image\/","url":"https:\/\/www.amstelprinting.nl\/wp-content\/uploads\/amstel_printing_logo_clean.png","contentUrl":"https:\/\/www.amstelprinting.nl\/wp-content\/uploads\/amstel_printing_logo_clean.png","width":324,"height":73,"caption":"Amstel Printing"},"image":{"@id":"https:\/\/www.amstelprinting.nl\/de\/#\/schema\/logo\/image\/"}}]}},"_links":{"self":[{"href":"https:\/\/www.amstelprinting.nl\/de\/wp-json\/wp\/v2\/product\/15286","targetHints":{"allow":["GET"]}}],"collection":[{"href":"https:\/\/www.amstelprinting.nl\/de\/wp-json\/wp\/v2\/product"}],"about":[{"href":"https:\/\/www.amstelprinting.nl\/de\/wp-json\/wp\/v2\/types\/product"}],"wp:featuredmedia":[{"embeddable":true,"href":"https:\/\/www.amstelprinting.nl\/de\/wp-json\/wp\/v2\/media\/15288"}],"wp:attachment":[{"href":"https:\/\/www.amstelprinting.nl\/de\/wp-json\/wp\/v2\/media?parent=15286"}],"wp:term":[{"taxonomy":"product_brand","embeddable":true,"href":"https:\/\/www.amstelprinting.nl\/de\/wp-json\/wp\/v2\/product_brand?post=15286"},{"taxonomy":"product_cat","embeddable":true,"href":"https:\/\/www.amstelprinting.nl\/de\/wp-json\/wp\/v2\/product_cat?post=15286"},{"taxonomy":"product_tag","embeddable":true,"href":"https:\/\/www.amstelprinting.nl\/de\/wp-json\/wp\/v2\/product_tag?post=15286"}],"curies":[{"name":"wp","href":"https:\/\/api.w.org\/{rel}","templated":true}]}}