{"id":15309,"date":"2025-01-23T21:03:42","date_gmt":"2025-01-23T20:03:42","guid":{"rendered":"https:\/\/www.amstelprinting.nl\/winkel\/unkategorisiert\/double-roll-up-banner\/"},"modified":"2026-02-18T12:54:34","modified_gmt":"2026-02-18T11:54:34","slug":"doppel-roll-up-banner","status":"publish","type":"product","link":"https:\/\/www.amstelprinting.nl\/de\/gesch\u00e4ft\/messe-event\/banner-aufrollen\/doppel-roll-up-banner\/","title":{"rendered":"Doppel-Roll-up-Banner"},"content":{"rendered":"<h3>Doppel-Roll-up-Banner bestellen<\/h3>\n<p>\\nBeeindrucken Sie Passanten und (potenzielle) Kunden mit unserem Doppel-Roll-up-Banner! Die Kassette dieses Roll-up-Banners ist mit gleich zwei einrollbaren Planen ausgestattet. Sie k\u00f6nnen also gleichzeitig eine oder zwei Grafiken ausrollen. Das System ist sehr solide und steht selbstst\u00e4ndig auf ebenen Untergr\u00fcnden. Achtung: Das Doppel-Roll-up-Banner ist nur f\u00fcr den Innenbereich geeignet! Das Outdoor-Roll-up-Banner k\u00f6nnen Sie hier bestellen.\\n<\/p>\n<h3>Vorteile des Doppel-Roll-up-Banners<\/h3>\n<p>\\n<\/p>\n<ul>\\n  <\/p>\n<li>Beidseitig bedruckt f\u00fcr maximale Sichtbarkeit<\/li>\n<p>\\n  <\/p>\n<li>Freistehendes System von hoher Qualit\u00e4t<\/li>\n<p>\\n  <\/p>\n<li>Erh\u00e4ltlich in verschiedenen Formaten und Materialien<\/li>\n<p>\\n  <\/p>\n<li>Inklusive praktischer Tragetasche (zum Aufbewahren und Transportieren)<\/li>\n<p>\\n  <\/p>\n<li>Einfacher Aufbau (ohne Werkzeug)<\/li>\n<p>\\n  <\/p>\n<li>Neues Design? Die Banner sind auch einzeln bestellbar!<\/li>\n<p>\\n<\/ul>\n<p>\\n&nbsp;\\n<\/p>\n<h3>Austauschbare Planen<\/h3>\n<p>\\nDas Sch\u00f6ne am Doppel-Roll-up-Banner ist, dass Sie beide Roll-up-Planen selbst austauschen k\u00f6nnen. Im Bestellprozess k\u00f6nnen Sie w\u00e4hlen, ob Sie ein komplettes Set (Kassette + Banner), nur die Banner oder nur die Kassette bestellen m\u00f6chten. Dadurch ist dieses System sehr langlebig im Gebrauch und Sie m\u00fcssen bei einem neuen Design kein neues Roll-up-System erwerben. Die Anleitung zum eigenst\u00e4ndigen Austausch der doppelten Banner finden Sie im Download-Bereich auf dieser Produktseite.\\n<\/p>\n<h3>Aufbewahrung und Transport<\/h3>\n<p>\\nWussten Sie, dass unser Doppel-Roll-up-Banner inklusive einer praktischen Tragetasche geliefert wird? Das gesamte Leichtbau-System l\u00e4sst sich darin verstauen und transportieren!\\n<\/p>\n<h3>Formate und Materialien<\/h3>\n<p>\\nDas Doppel-Roll-up-Banner ist in zwei Formaten erh\u00e4ltlich: 85 x 200 cm oder 100 x 200 cm, sodass Sie die perfekte Gr\u00f6\u00dfe f\u00fcr Ihre Pr\u00e4sentation w\u00e4hlen k\u00f6nnen. Der Banner ist in f\u00fcnf Materialien erh\u00e4ltlich:\\n<\/p>\n<ul>\\n  <\/p>\n<li><strong>Banner 510<\/strong>: <span style=\\\"text-decoration: underline;\\\">Am h\u00e4ufigsten gew\u00e4hlte Option<\/span> f\u00fcr das Doppel-Roll-up-Banner. Eine gl\u00e4nzende PVC-Plane (am meistbestellten). Dieses Material ist B1-zertifiziert f\u00fcr Brandsicherheit, sodass Sie beruhigt pr\u00e4sentieren k\u00f6nnen.<\/li>\n<p>\\n  <\/p>\n<li><strong>Airtex<\/strong>: Diese knitterfreie PVC-Plane mit 330 g\/m\u00b2 ist einfach zu handhaben und bietet ein professionelles Erscheinungsbild. Auch dieses Material ist B1-zertifiziert f\u00fcr zus\u00e4tzliche Sicherheit.<\/li>\n<p>\\n  <\/p>\n<li><strong>SanoTex<\/strong>: Eine umweltfreundliche, nachhaltige PVC-freie Plane mit grauer R\u00fcckseite. Dieses Material ist nicht nur gut f\u00fcr die Umwelt, sondern auch mit einem Brandzertifikat versehen.<\/li>\n<p>\\n  <\/p>\n<li><strong>Zwart-Wit Banner<\/strong>: Eine PVC-Blockout-Plane mit schwarzer R\u00fcckseite (gegen Lichtdurchl\u00e4ssigkeit), perfekt f\u00fcr den Einsatz im Innen- und Au\u00dfenbereich. Auch diese Plane ist B1-zertifiziert, was f\u00fcr zus\u00e4tzliche Sicherheit sorgt.<\/li>\n<p>\\n  <\/p>\n<li><strong>Roll Up Materiaal<\/strong>: Wasserabweisende PVC-Plane, ideal f\u00fcr den Innenbereich. Hinweis: Dieses Material ist nicht feuerhemmend und bietet keine Blockout-Funktion. Zudem ist die Plane zwar wasserabweisend, aber die Kassette des Doppel-Roll-up-Banners ist nicht f\u00fcr Au\u00dfenanwendungen geeignet.<\/li>\n<p>\\n<\/ul>\n<p>\\n&nbsp;\\n<\/p>\n<h3>Optional: LED-Beleuchtung<\/h3>\n<p>\\nOptional k\u00f6nnen Sie Ihrer Bestellung eine LED-Beleuchtung hinzuf\u00fcgen, damit diese auch in dunkler Umgebung immer sichtbar ist.\\n<\/p>\n<h3>\u00dcbersicht \u00fcber alle Roll-up-Banner-Systeme<\/h3>\n<p>\\n<\/p>\n<ul>\\n  <\/p>\n<li><strong>Budget-Roll-up-Banner<\/strong> \u2013 Preisg\u00fcnstige L\u00f6sung f\u00fcr tempor\u00e4re Aktionen oder Veranstaltungen.<\/li>\n<p>\\n  <\/p>\n<li><strong>Premium-Roll-up-Banner<\/strong> \u2013 Extra solide mit luxuri\u00f6sem Erscheinungsbild f\u00fcr den h\u00e4ufigen Gebrauch. Zur mehrmaligen (Wieder-)Verwendung geeignet. Die Kassette hat einen ausziehbaren Standfu\u00df. Inklusive praktischer Tragetasche.<\/li>\n<p>\\n  <\/p>\n<li><strong>Deluxe-Roll-up-Banner<\/strong> \u2013 Zur mehrmaligen (Wieder-)Verwendung geeignet. Die Kassette hat keine ausziehbaren Standf\u00fc\u00dfe. Inklusive praktischer Tragetasche.<\/li>\n<p>\\n  <\/p>\n<li><strong>Roll-up-Banner XXL<\/strong> \u2013 Banner in extra gro\u00dfen Formaten. Zur mehrfachen Verwendung geeignet. Die Kassette hat zwei ausziehbare Standf\u00fc\u00dfe. Inklusive praktischer Tragetasche.<\/li>\n<p>\\n  <\/p>\n<li><strong>Outdoor-Roll-up-Banner<\/strong> &#8211; F\u00fcr den Au\u00dfeneinsatz geeignet. Schwerere Kassette mit l\u00e4ngeren F\u00fc\u00dfen zur Befestigung mit Heringen im Boden. Inklusive praktischer Tragetasche.<\/li>\n<p>\\n  <\/p>\n<li><strong>Doppel-Roll-up-Banner<\/strong> &#8211; Das System auf dieser Produktseite. Ein freistehendes doppelseitiges Banner. Zur mehrmaligen (Wieder-)Verwendung geeignet. Inklusive praktischer Tragetasche.<\/li>\n<p>\\n<\/ul>\n<p>\\n&nbsp;\\n<\/p>\n<h3>Doppel-Roll-up-Banner bestellen<\/h3>\n<p>\\nDas Doppel-Roll-up-Banner ist die ideale L\u00f6sung f\u00fcr eine kraftvolle, doppelte Pr\u00e4sentation. Egal, ob Sie an einer Messe, einer Veranstaltung oder einem anderen Anlass teilnehmen. Das Doppel-Roll-up-Banner bietet die Sichtbarkeit und die flexiblen Eigenschaften (einfacher Aufbau und Transport), die Sie ben\u00f6tigen.<\/p>\n","protected":false},"excerpt":{"rendered":"<h3>Freistehendes doppelseitiges Banner. Einrollbar in einer kompakten Kassette.<\/h3>\n<p>\\nM\u00f6chten Sie ein Roll-up-Banner mit beidseitigem Druck bestellen? Dann entscheiden Sie sich f\u00fcr das Doppel-Roll-up-Banner! Die Kassette dieses doppelten Roll-up-Banners ist mit zwei bedruckten Planen ausgestattet, sodass Ihr Design von beiden Seiten sichtbar ist. Dieses doppelte Roll-up-Banner wird inklusive einer praktischen Tragetasche geliefert.<\/p>\n","protected":false},"featured_media":15310,"template":"","meta":{"_et_pb_use_builder":"","_et_pb_old_content":"","_et_gb_content_width":""},"product_brand":[],"product_cat":[313,905,899],"product_tag":[],"class_list":{"0":"post-15309","1":"product","2":"type-product","3":"status-publish","4":"has-post-thumbnail","6":"product_cat-aufkleber-und-druck","7":"product_cat-banner-aufrollen","8":"product_cat-messe-event","10":"first","11":"instock","12":"taxable","13":"shipping-taxable","14":"purchasable","15":"product-type-simple"},"yoast_head":"<!-- This site is optimized with the Yoast SEO plugin v27.3 - https:\/\/yoast.com\/product\/yoast-seo-wordpress\/ -->\n<title>Doppel-Roll-up-Banner - Attraktive Banner-L\u00f6sung<\/title>\n<meta name=\"description\" content=\"Doppel-Roll-up-Banner bestellen? Ideal f\u00fcr Veranstaltungen und Pr\u00e4sentationen. W\u00e4hlen Sie aus verschiedenen Materialien und Personalisierungsoptionen.\" \/>\n<meta name=\"robots\" content=\"index, follow, max-snippet:-1, max-image-preview:large, max-video-preview:-1\" \/>\n<link rel=\"canonical\" href=\"https:\/\/www.amstelprinting.nl\/de\/gesch\u00e4ft\/messe-event\/banner-aufrollen\/doppel-roll-up-banner\/\" \/>\n<meta property=\"og:locale\" content=\"de_DE\" \/>\n<meta property=\"og:type\" content=\"article\" \/>\n<meta property=\"og:title\" content=\"Doppel-Roll-up-Banner - Attraktive Banner-L\u00f6sung\" \/>\n<meta property=\"og:description\" content=\"Doppel-Roll-up-Banner bestellen? Ideal f\u00fcr Veranstaltungen und Pr\u00e4sentationen. W\u00e4hlen Sie aus verschiedenen Materialien und Personalisierungsoptionen.\" \/>\n<meta property=\"og:url\" content=\"https:\/\/www.amstelprinting.nl\/de\/gesch\u00e4ft\/messe-event\/banner-aufrollen\/doppel-roll-up-banner\/\" \/>\n<meta property=\"og:site_name\" content=\"Amstel Printing\" \/>\n<meta property=\"article:modified_time\" content=\"2026-02-18T11:54:34+00:00\" \/>\n<meta property=\"og:image\" content=\"https:\/\/www.amstelprinting.nl\/wp-content\/uploads\/double-roll-up-banner-bedrukken.png\" \/>\n\t<meta property=\"og:image:width\" content=\"700\" \/>\n\t<meta property=\"og:image:height\" content=\"700\" \/>\n\t<meta property=\"og:image:type\" content=\"image\/png\" \/>\n<meta name=\"twitter:card\" content=\"summary_large_image\" \/>\n<meta name=\"twitter:label1\" content=\"Gesch\u00e4tzte Lesezeit\" \/>\n\t<meta name=\"twitter:data1\" content=\"3\u00a0Minuten\" \/>\n<script type=\"application\/ld+json\" class=\"yoast-schema-graph\">{\"@context\":\"https:\\\/\\\/schema.org\",\"@graph\":[{\"@type\":\"WebPage\",\"@id\":\"https:\\\/\\\/www.amstelprinting.nl\\\/de\\\/gesch\u00e4ft\\\/messe-event\\\/banner-aufrollen\\\/doppel-roll-up-banner\\\/\",\"url\":\"https:\\\/\\\/www.amstelprinting.nl\\\/de\\\/gesch\u00e4ft\\\/messe-event\\\/banner-aufrollen\\\/doppel-roll-up-banner\\\/\",\"name\":\"Doppel-Roll-up-Banner - Attraktive Banner-L\u00f6sung\",\"isPartOf\":{\"@id\":\"https:\\\/\\\/www.amstelprinting.nl\\\/de\\\/#website\"},\"primaryImageOfPage\":{\"@id\":\"https:\\\/\\\/www.amstelprinting.nl\\\/de\\\/gesch\u00e4ft\\\/messe-event\\\/banner-aufrollen\\\/doppel-roll-up-banner\\\/#primaryimage\"},\"image\":{\"@id\":\"https:\\\/\\\/www.amstelprinting.nl\\\/de\\\/gesch\u00e4ft\\\/messe-event\\\/banner-aufrollen\\\/doppel-roll-up-banner\\\/#primaryimage\"},\"thumbnailUrl\":\"https:\\\/\\\/www.amstelprinting.nl\\\/wp-content\\\/uploads\\\/double-roll-up-banner-bedrukken.png\",\"datePublished\":\"2025-01-23T20:03:42+00:00\",\"dateModified\":\"2026-02-18T11:54:34+00:00\",\"description\":\"Doppel-Roll-up-Banner bestellen? Ideal f\u00fcr Veranstaltungen und Pr\u00e4sentationen. W\u00e4hlen Sie aus verschiedenen Materialien und Personalisierungsoptionen.\",\"breadcrumb\":{\"@id\":\"https:\\\/\\\/www.amstelprinting.nl\\\/de\\\/gesch\u00e4ft\\\/messe-event\\\/banner-aufrollen\\\/doppel-roll-up-banner\\\/#breadcrumb\"},\"inLanguage\":\"de\",\"potentialAction\":[{\"@type\":\"ReadAction\",\"target\":[\"https:\\\/\\\/www.amstelprinting.nl\\\/de\\\/gesch\u00e4ft\\\/messe-event\\\/banner-aufrollen\\\/doppel-roll-up-banner\\\/\"]}]},{\"@type\":\"ImageObject\",\"inLanguage\":\"de\",\"@id\":\"https:\\\/\\\/www.amstelprinting.nl\\\/de\\\/gesch\u00e4ft\\\/messe-event\\\/banner-aufrollen\\\/doppel-roll-up-banner\\\/#primaryimage\",\"url\":\"https:\\\/\\\/www.amstelprinting.nl\\\/wp-content\\\/uploads\\\/double-roll-up-banner-bedrukken.png\",\"contentUrl\":\"https:\\\/\\\/www.amstelprinting.nl\\\/wp-content\\\/uploads\\\/double-roll-up-banner-bedrukken.png\",\"width\":700,\"height\":700},{\"@type\":\"BreadcrumbList\",\"@id\":\"https:\\\/\\\/www.amstelprinting.nl\\\/de\\\/gesch\u00e4ft\\\/messe-event\\\/banner-aufrollen\\\/doppel-roll-up-banner\\\/#breadcrumb\",\"itemListElement\":[{\"@type\":\"ListItem\",\"position\":1,\"name\":\"\",\"item\":\"https:\\\/\\\/www.amstelprinting.nl\\\/de\\\/\"},{\"@type\":\"ListItem\",\"position\":2,\"name\":\"Amstel Printing\",\"item\":\"https:\\\/\\\/www.amstelprinting.nl\\\/de\\\/geschaeft\\\/\"},{\"@type\":\"ListItem\",\"position\":3,\"name\":\"Messe &amp; Event\",\"item\":\"https:\\\/\\\/www.amstelprinting.nl\\\/de\\\/kategorie\\\/messe-event\\\/\"},{\"@type\":\"ListItem\",\"position\":4,\"name\":\"Banner aufrollen\",\"item\":\"https:\\\/\\\/www.amstelprinting.nl\\\/de\\\/kategorie\\\/messe-event\\\/banner-aufrollen\\\/\"},{\"@type\":\"ListItem\",\"position\":5,\"name\":\"Doppel-Roll-up-Banner\"}]},{\"@type\":\"WebSite\",\"@id\":\"https:\\\/\\\/www.amstelprinting.nl\\\/de\\\/#website\",\"url\":\"https:\\\/\\\/www.amstelprinting.nl\\\/de\\\/\",\"name\":\"Amstel Printing\",\"description\":\"Creating Exposure\",\"publisher\":{\"@id\":\"https:\\\/\\\/www.amstelprinting.nl\\\/de\\\/#organization\"},\"potentialAction\":[{\"@type\":\"SearchAction\",\"target\":{\"@type\":\"EntryPoint\",\"urlTemplate\":\"https:\\\/\\\/www.amstelprinting.nl\\\/de\\\/?s={search_term_string}\"},\"query-input\":{\"@type\":\"PropertyValueSpecification\",\"valueRequired\":true,\"valueName\":\"search_term_string\"}}],\"inLanguage\":\"de\"},{\"@type\":\"Organization\",\"@id\":\"https:\\\/\\\/www.amstelprinting.nl\\\/de\\\/#organization\",\"name\":\"Amstel Printing\",\"url\":\"https:\\\/\\\/www.amstelprinting.nl\\\/de\\\/\",\"logo\":{\"@type\":\"ImageObject\",\"inLanguage\":\"de\",\"@id\":\"https:\\\/\\\/www.amstelprinting.nl\\\/de\\\/#\\\/schema\\\/logo\\\/image\\\/\",\"url\":\"https:\\\/\\\/www.amstelprinting.nl\\\/wp-content\\\/uploads\\\/amstel_printing_logo_clean.png\",\"contentUrl\":\"https:\\\/\\\/www.amstelprinting.nl\\\/wp-content\\\/uploads\\\/amstel_printing_logo_clean.png\",\"width\":324,\"height\":73,\"caption\":\"Amstel Printing\"},\"image\":{\"@id\":\"https:\\\/\\\/www.amstelprinting.nl\\\/de\\\/#\\\/schema\\\/logo\\\/image\\\/\"}}]}<\/script>\n<!-- \/ Yoast SEO plugin. -->","yoast_head_json":{"title":"Doppel-Roll-up-Banner - Attraktive Banner-L\u00f6sung","description":"Doppel-Roll-up-Banner bestellen? Ideal f\u00fcr Veranstaltungen und Pr\u00e4sentationen. W\u00e4hlen Sie aus verschiedenen Materialien und Personalisierungsoptionen.","robots":{"index":"index","follow":"follow","max-snippet":"max-snippet:-1","max-image-preview":"max-image-preview:large","max-video-preview":"max-video-preview:-1"},"canonical":"https:\/\/www.amstelprinting.nl\/de\/gesch\u00e4ft\/messe-event\/banner-aufrollen\/doppel-roll-up-banner\/","og_locale":"de_DE","og_type":"article","og_title":"Doppel-Roll-up-Banner - Attraktive Banner-L\u00f6sung","og_description":"Doppel-Roll-up-Banner bestellen? Ideal f\u00fcr Veranstaltungen und Pr\u00e4sentationen. W\u00e4hlen Sie aus verschiedenen Materialien und Personalisierungsoptionen.","og_url":"https:\/\/www.amstelprinting.nl\/de\/gesch\u00e4ft\/messe-event\/banner-aufrollen\/doppel-roll-up-banner\/","og_site_name":"Amstel Printing","article_modified_time":"2026-02-18T11:54:34+00:00","og_image":[{"width":700,"height":700,"url":"https:\/\/www.amstelprinting.nl\/wp-content\/uploads\/double-roll-up-banner-bedrukken.png","type":"image\/png"}],"twitter_card":"summary_large_image","twitter_misc":{"Gesch\u00e4tzte Lesezeit":"3\u00a0Minuten"},"schema":{"@context":"https:\/\/schema.org","@graph":[{"@type":"WebPage","@id":"https:\/\/www.amstelprinting.nl\/de\/gesch\u00e4ft\/messe-event\/banner-aufrollen\/doppel-roll-up-banner\/","url":"https:\/\/www.amstelprinting.nl\/de\/gesch\u00e4ft\/messe-event\/banner-aufrollen\/doppel-roll-up-banner\/","name":"Doppel-Roll-up-Banner - Attraktive Banner-L\u00f6sung","isPartOf":{"@id":"https:\/\/www.amstelprinting.nl\/de\/#website"},"primaryImageOfPage":{"@id":"https:\/\/www.amstelprinting.nl\/de\/gesch\u00e4ft\/messe-event\/banner-aufrollen\/doppel-roll-up-banner\/#primaryimage"},"image":{"@id":"https:\/\/www.amstelprinting.nl\/de\/gesch\u00e4ft\/messe-event\/banner-aufrollen\/doppel-roll-up-banner\/#primaryimage"},"thumbnailUrl":"https:\/\/www.amstelprinting.nl\/wp-content\/uploads\/double-roll-up-banner-bedrukken.png","datePublished":"2025-01-23T20:03:42+00:00","dateModified":"2026-02-18T11:54:34+00:00","description":"Doppel-Roll-up-Banner bestellen? Ideal f\u00fcr Veranstaltungen und Pr\u00e4sentationen. W\u00e4hlen Sie aus verschiedenen Materialien und Personalisierungsoptionen.","breadcrumb":{"@id":"https:\/\/www.amstelprinting.nl\/de\/gesch\u00e4ft\/messe-event\/banner-aufrollen\/doppel-roll-up-banner\/#breadcrumb"},"inLanguage":"de","potentialAction":[{"@type":"ReadAction","target":["https:\/\/www.amstelprinting.nl\/de\/gesch\u00e4ft\/messe-event\/banner-aufrollen\/doppel-roll-up-banner\/"]}]},{"@type":"ImageObject","inLanguage":"de","@id":"https:\/\/www.amstelprinting.nl\/de\/gesch\u00e4ft\/messe-event\/banner-aufrollen\/doppel-roll-up-banner\/#primaryimage","url":"https:\/\/www.amstelprinting.nl\/wp-content\/uploads\/double-roll-up-banner-bedrukken.png","contentUrl":"https:\/\/www.amstelprinting.nl\/wp-content\/uploads\/double-roll-up-banner-bedrukken.png","width":700,"height":700},{"@type":"BreadcrumbList","@id":"https:\/\/www.amstelprinting.nl\/de\/gesch\u00e4ft\/messe-event\/banner-aufrollen\/doppel-roll-up-banner\/#breadcrumb","itemListElement":[{"@type":"ListItem","position":1,"name":"","item":"https:\/\/www.amstelprinting.nl\/de\/"},{"@type":"ListItem","position":2,"name":"Amstel Printing","item":"https:\/\/www.amstelprinting.nl\/de\/geschaeft\/"},{"@type":"ListItem","position":3,"name":"Messe &amp; Event","item":"https:\/\/www.amstelprinting.nl\/de\/kategorie\/messe-event\/"},{"@type":"ListItem","position":4,"name":"Banner aufrollen","item":"https:\/\/www.amstelprinting.nl\/de\/kategorie\/messe-event\/banner-aufrollen\/"},{"@type":"ListItem","position":5,"name":"Doppel-Roll-up-Banner"}]},{"@type":"WebSite","@id":"https:\/\/www.amstelprinting.nl\/de\/#website","url":"https:\/\/www.amstelprinting.nl\/de\/","name":"Amstel Printing","description":"Creating Exposure","publisher":{"@id":"https:\/\/www.amstelprinting.nl\/de\/#organization"},"potentialAction":[{"@type":"SearchAction","target":{"@type":"EntryPoint","urlTemplate":"https:\/\/www.amstelprinting.nl\/de\/?s={search_term_string}"},"query-input":{"@type":"PropertyValueSpecification","valueRequired":true,"valueName":"search_term_string"}}],"inLanguage":"de"},{"@type":"Organization","@id":"https:\/\/www.amstelprinting.nl\/de\/#organization","name":"Amstel Printing","url":"https:\/\/www.amstelprinting.nl\/de\/","logo":{"@type":"ImageObject","inLanguage":"de","@id":"https:\/\/www.amstelprinting.nl\/de\/#\/schema\/logo\/image\/","url":"https:\/\/www.amstelprinting.nl\/wp-content\/uploads\/amstel_printing_logo_clean.png","contentUrl":"https:\/\/www.amstelprinting.nl\/wp-content\/uploads\/amstel_printing_logo_clean.png","width":324,"height":73,"caption":"Amstel Printing"},"image":{"@id":"https:\/\/www.amstelprinting.nl\/de\/#\/schema\/logo\/image\/"}}]}},"_links":{"self":[{"href":"https:\/\/www.amstelprinting.nl\/de\/wp-json\/wp\/v2\/product\/15309","targetHints":{"allow":["GET"]}}],"collection":[{"href":"https:\/\/www.amstelprinting.nl\/de\/wp-json\/wp\/v2\/product"}],"about":[{"href":"https:\/\/www.amstelprinting.nl\/de\/wp-json\/wp\/v2\/types\/product"}],"wp:featuredmedia":[{"embeddable":true,"href":"https:\/\/www.amstelprinting.nl\/de\/wp-json\/wp\/v2\/media\/15310"}],"wp:attachment":[{"href":"https:\/\/www.amstelprinting.nl\/de\/wp-json\/wp\/v2\/media?parent=15309"}],"wp:term":[{"taxonomy":"product_brand","embeddable":true,"href":"https:\/\/www.amstelprinting.nl\/de\/wp-json\/wp\/v2\/product_brand?post=15309"},{"taxonomy":"product_cat","embeddable":true,"href":"https:\/\/www.amstelprinting.nl\/de\/wp-json\/wp\/v2\/product_cat?post=15309"},{"taxonomy":"product_tag","embeddable":true,"href":"https:\/\/www.amstelprinting.nl\/de\/wp-json\/wp\/v2\/product_tag?post=15309"}],"curies":[{"name":"wp","href":"https:\/\/api.w.org\/{rel}","templated":true}]}}