{"id":15319,"date":"2025-01-23T21:03:27","date_gmt":"2025-01-23T20:03:27","guid":{"rendered":"https:\/\/www.amstelprinting.nl\/winkel\/unkategorisiert\/backdrop\/"},"modified":"2026-02-10T12:32:07","modified_gmt":"2026-02-10T11:32:07","slug":"backdrop","status":"publish","type":"product","link":"https:\/\/www.amstelprinting.nl\/de\/gesch\u00e4ft\/messe-event\/festivaltucher\/backdrop\/","title":{"rendered":"Backdrop"},"content":{"rendered":"<h3>Backdrop bedruckken<\/h3>\n<p>Ein Backdrop ist die ideale Kulisse f\u00fcr Veranstaltungen (f\u00fcr den B\u00fchnenhintergrund), Pr\u00e4sentationen oder Fotoshootings. Diese gro\u00dfe R\u00fcckwand (mit oder ohne Druck) sorgt f\u00fcr ein professionelles Erscheinungsbild und ist zugleich funktional. Dank der matten Optik des Backdrop-Stoffes werden Reflexionen bestm\u00f6glich vermieden. Ein Backdrop kann vollst\u00e4ndig mit Ihrem Logo oder Ihrer Marke bedruckt werden. Das B1-Brandschutzzertifikat macht den Backdrop zudem schwer entflammbar und somit sicher f\u00fcr den Einsatz in \u00f6ffentlichen R\u00e4umen.<\/p>\n<h3>Warum einen Backdrop bestellen?<\/h3>\n<ul>\n<li>Backdrops sind perfekte Hintergr\u00fcnde f\u00fcr B\u00fchnen<\/li>\n<li>Die matte Optik verhindert Reflexionen<\/li>\n<li>In jedem Format bestellbar<\/li>\n<li>F\u00fcr den Innen- und Au\u00dfenbereich<\/li>\n<li>W\u00e4hlen Sie aus vielen Ausf\u00fchrungen und Stoffarten (f\u00fcr jede Anwendung)<\/li>\n<li>Sicher: mit B1-Zertifizierung<\/li>\n<\/ul>\n<p>&nbsp;<br \/>\nVerleihen Sie Ihren Veranstaltungen ein professionelles Aussehen mit unseren hochwertigen Backdrops, auch bekannt als B\u00fchnent\u00fccher oder Theatervorh\u00e4nge. Diese T\u00fccher sind ideal f\u00fcr B\u00fchnen, Kulissen und Veranstaltungen und sorgen daf\u00fcr, dass Ihre Botschaft immer im Rampenlicht steht.<\/p>\n<h3>Das richtige Material w\u00e4hlen<\/h3>\n<p>Dank der matten Optik reflektiert das Licht von Spots nicht im Tuch, was f\u00fcr einen klaren und professionellen Look sorgt. Unsere Backdrops sind in verschiedenen hochwertigen Materialien erh\u00e4ltlich, jedes mit einzigartigen Eigenschaften. Alle Materialien k\u00f6nnen sowohl im Innen- als auch im Au\u00dfenbereich verwendet werden.<\/p>\n<ul>\n<li><strong>Dekostoff<\/strong>: Dieses geschmeidige Polyestergewebe hat eine feine Struktur und bietet eine kraftvolle Ausstrahlung. Es ist perfekt f\u00fcr einen professionellen Look und sowohl f\u00fcr Innen- als auch Au\u00dfenanwendungen geeignet.<\/li>\n<li><strong>Structex<\/strong>: Dieser strukturierte Stoff aus schwerem Qualit\u00e4ts-Polyester hat eine luxuri\u00f6se Baumwoll-Optik und bietet so ein edles Erscheinungsbild. Mit dem B1-Zertifikat entspricht er den Brandschutznormen.<\/li>\n<li><strong>Blackback XL<\/strong>: Dieses Polyester-Blockout-Gewebe mit schwarzer R\u00fcckseite ist ideal f\u00fcr gro\u00dfformatige Drucke bis zu 496 cm Breite. Dank der schwarzen R\u00fcckseite verhindert es das Durchscheinen von Licht und ist f\u00fcr zus\u00e4tzliche Sicherheit ebenfalls B1-zertifiziert.<\/li>\n<li><strong>Decotex UV<\/strong>: Dieses geschmeidige Polyestergewebe ist perfekt f\u00fcr Gro\u00dfformate und bietet eine kraftvolle Ausstrahlung, ideal f\u00fcr den Au\u00dfeneinsatz. Das B1-Zertifikat garantiert, dass das Tuch den Brandschutzanforderungen entspricht.<\/li>\n<\/ul>\n<p>&nbsp;<\/p>\n<h3>Verarbeitung von Backdrops<\/h3>\n<p>Je nach gew\u00e4hltem Material k\u00f6nnen die Ausf\u00fchrungen variieren, z. B. Zuschnitt, Flachkeder und Klettband. Dies bietet Ihnen die Flexibilit\u00e4t, den Backdrop an Ihre spezifischen Bed\u00fcrfnisse und Befestigungsmethoden anzupassen.<\/p>\n<p>Sie haben die M\u00f6glichkeit, die T\u00fccher entweder fortlaufend oder einzeln gestalten zu lassen. M\u00f6chten Sie, dass das Design \u00fcber mehrere T\u00fccher verl\u00e4uft oder reichen separate Designs aus? Wir passen uns Ihren W\u00fcnschen an, damit Ihr Backdrop perfekt Ihren Vorstellungen entspricht.<\/p>\n<p>Mit unseren Backdrops schaffen Sie einen beeindruckenden Hintergrund f\u00fcr jede B\u00fchne oder Kulisse. Egal, ob Sie eine Veranstaltung, eine Auff\u00fchrung oder ein Fotoshooting organisieren, unsere hochwertigen T\u00fccher sorgen f\u00fcr ein klares, professionelles Erscheinungsbild. Setzen Sie auf Qualit\u00e4t und Vielseitigkeit mit unseren Backdrops und machen Sie Ihr Event zum Erfolg!<\/p>\n","protected":false},"excerpt":{"rendered":"<p>Ein Backdrop ist die ideale Kulisse f\u00fcr Veranstaltungen (f\u00fcr den B\u00fchnenhintergrund), Pr\u00e4sentationen oder Fotoshootings. Diese gro\u00dfe R\u00fcckwand (mit oder ohne Druck) sorgt f\u00fcr ein professionelles Erscheinungsbild und ist zugleich funktional. Dank der matten Optik des Backdrop-Stoffes werden Reflexionen bestm\u00f6glich vermieden. Ein Backdrop kann vollst\u00e4ndig mit Ihrem Logo oder Ihrer Marke bedruckt werden. Das B1-Brandschutzzertifikat macht den Backdrop zudem schwer entflammbar und somit sicher f\u00fcr den Einsatz in \u00f6ffentlichen R\u00e4umen.<\/p>\n","protected":false},"featured_media":15320,"template":"","meta":{"_et_pb_use_builder":"","_et_pb_old_content":"","_et_gb_content_width":""},"product_brand":[],"product_cat":[904,899],"product_tag":[],"class_list":{"0":"post-15319","1":"product","2":"type-product","3":"status-publish","4":"has-post-thumbnail","6":"product_cat-festivaltucher","7":"product_cat-messe-event","9":"first","10":"instock","11":"taxable","12":"shipping-taxable","13":"purchasable","14":"product-type-simple"},"yoast_head":"<!-- This site is optimized with the Yoast SEO plugin v27.3 - https:\/\/yoast.com\/product\/yoast-seo-wordpress\/ -->\n<title>Professionelles Backdrop nach Ma\u00df \u2013 Matt, sicher &amp; schnell geliefert<\/title>\n<meta name=\"description\" content=\"Entdecken Sie hochwertige, ma\u00dfgeschneiderte Backdrops mit mattem Finish, B1-zertifiziert und vollst\u00e4ndig anpassbar. Heute bestellt, schnell geliefert!\" \/>\n<meta name=\"robots\" content=\"index, follow, max-snippet:-1, max-image-preview:large, max-video-preview:-1\" \/>\n<link rel=\"canonical\" href=\"https:\/\/www.amstelprinting.nl\/de\/gesch\u00e4ft\/messe-event\/festivaltucher\/backdrop\/\" \/>\n<meta property=\"og:locale\" content=\"de_DE\" \/>\n<meta property=\"og:type\" content=\"article\" \/>\n<meta property=\"og:title\" content=\"Professionelles Backdrop nach Ma\u00df \u2013 Matt, sicher &amp; schnell geliefert\" \/>\n<meta property=\"og:description\" content=\"Entdecken Sie hochwertige, ma\u00dfgeschneiderte Backdrops mit mattem Finish, B1-zertifiziert und vollst\u00e4ndig anpassbar. Heute bestellt, schnell geliefert!\" \/>\n<meta property=\"og:url\" content=\"https:\/\/www.amstelprinting.nl\/de\/gesch\u00e4ft\/messe-event\/festivaltucher\/backdrop\/\" \/>\n<meta property=\"og:site_name\" content=\"Amstel Printing\" \/>\n<meta property=\"article:modified_time\" content=\"2026-02-10T11:32:07+00:00\" \/>\n<meta property=\"og:image\" content=\"https:\/\/www.amstelprinting.nl\/wp-content\/uploads\/backdrop-bedrukken.png\" \/>\n\t<meta property=\"og:image:width\" content=\"900\" \/>\n\t<meta property=\"og:image:height\" content=\"900\" \/>\n\t<meta property=\"og:image:type\" content=\"image\/png\" \/>\n<meta name=\"twitter:card\" content=\"summary_large_image\" \/>\n<meta name=\"twitter:label1\" content=\"Gesch\u00e4tzte Lesezeit\" \/>\n\t<meta name=\"twitter:data1\" content=\"2\u00a0Minuten\" \/>\n<script type=\"application\/ld+json\" class=\"yoast-schema-graph\">{\"@context\":\"https:\\\/\\\/schema.org\",\"@graph\":[{\"@type\":\"WebPage\",\"@id\":\"https:\\\/\\\/www.amstelprinting.nl\\\/de\\\/gesch\u00e4ft\\\/messe-event\\\/festivaltucher\\\/backdrop\\\/\",\"url\":\"https:\\\/\\\/www.amstelprinting.nl\\\/de\\\/gesch\u00e4ft\\\/messe-event\\\/festivaltucher\\\/backdrop\\\/\",\"name\":\"Professionelles Backdrop nach Ma\u00df \u2013 Matt, sicher & schnell geliefert\",\"isPartOf\":{\"@id\":\"https:\\\/\\\/www.amstelprinting.nl\\\/de\\\/#website\"},\"primaryImageOfPage\":{\"@id\":\"https:\\\/\\\/www.amstelprinting.nl\\\/de\\\/gesch\u00e4ft\\\/messe-event\\\/festivaltucher\\\/backdrop\\\/#primaryimage\"},\"image\":{\"@id\":\"https:\\\/\\\/www.amstelprinting.nl\\\/de\\\/gesch\u00e4ft\\\/messe-event\\\/festivaltucher\\\/backdrop\\\/#primaryimage\"},\"thumbnailUrl\":\"https:\\\/\\\/www.amstelprinting.nl\\\/wp-content\\\/uploads\\\/backdrop-bedrukken.png\",\"datePublished\":\"2025-01-23T20:03:27+00:00\",\"dateModified\":\"2026-02-10T11:32:07+00:00\",\"description\":\"Entdecken Sie hochwertige, ma\u00dfgeschneiderte Backdrops mit mattem Finish, B1-zertifiziert und vollst\u00e4ndig anpassbar. Heute bestellt, schnell geliefert!\",\"breadcrumb\":{\"@id\":\"https:\\\/\\\/www.amstelprinting.nl\\\/de\\\/gesch\u00e4ft\\\/messe-event\\\/festivaltucher\\\/backdrop\\\/#breadcrumb\"},\"inLanguage\":\"de\",\"potentialAction\":[{\"@type\":\"ReadAction\",\"target\":[\"https:\\\/\\\/www.amstelprinting.nl\\\/de\\\/gesch\u00e4ft\\\/messe-event\\\/festivaltucher\\\/backdrop\\\/\"]}]},{\"@type\":\"ImageObject\",\"inLanguage\":\"de\",\"@id\":\"https:\\\/\\\/www.amstelprinting.nl\\\/de\\\/gesch\u00e4ft\\\/messe-event\\\/festivaltucher\\\/backdrop\\\/#primaryimage\",\"url\":\"https:\\\/\\\/www.amstelprinting.nl\\\/wp-content\\\/uploads\\\/backdrop-bedrukken.png\",\"contentUrl\":\"https:\\\/\\\/www.amstelprinting.nl\\\/wp-content\\\/uploads\\\/backdrop-bedrukken.png\",\"width\":900,\"height\":900},{\"@type\":\"BreadcrumbList\",\"@id\":\"https:\\\/\\\/www.amstelprinting.nl\\\/de\\\/gesch\u00e4ft\\\/messe-event\\\/festivaltucher\\\/backdrop\\\/#breadcrumb\",\"itemListElement\":[{\"@type\":\"ListItem\",\"position\":1,\"name\":\"\",\"item\":\"https:\\\/\\\/www.amstelprinting.nl\\\/de\\\/\"},{\"@type\":\"ListItem\",\"position\":2,\"name\":\"Amstel Printing\",\"item\":\"https:\\\/\\\/www.amstelprinting.nl\\\/de\\\/geschaeft\\\/\"},{\"@type\":\"ListItem\",\"position\":3,\"name\":\"Messe &amp; Event\",\"item\":\"https:\\\/\\\/www.amstelprinting.nl\\\/de\\\/kategorie\\\/messe-event\\\/\"},{\"@type\":\"ListItem\",\"position\":4,\"name\":\"Festivalt\u00fccher\",\"item\":\"https:\\\/\\\/www.amstelprinting.nl\\\/de\\\/kategorie\\\/messe-event\\\/festivaltucher\\\/\"},{\"@type\":\"ListItem\",\"position\":5,\"name\":\"Backdrop\"}]},{\"@type\":\"WebSite\",\"@id\":\"https:\\\/\\\/www.amstelprinting.nl\\\/de\\\/#website\",\"url\":\"https:\\\/\\\/www.amstelprinting.nl\\\/de\\\/\",\"name\":\"Amstel Printing\",\"description\":\"Creating Exposure\",\"publisher\":{\"@id\":\"https:\\\/\\\/www.amstelprinting.nl\\\/de\\\/#organization\"},\"potentialAction\":[{\"@type\":\"SearchAction\",\"target\":{\"@type\":\"EntryPoint\",\"urlTemplate\":\"https:\\\/\\\/www.amstelprinting.nl\\\/de\\\/?s={search_term_string}\"},\"query-input\":{\"@type\":\"PropertyValueSpecification\",\"valueRequired\":true,\"valueName\":\"search_term_string\"}}],\"inLanguage\":\"de\"},{\"@type\":\"Organization\",\"@id\":\"https:\\\/\\\/www.amstelprinting.nl\\\/de\\\/#organization\",\"name\":\"Amstel Printing\",\"url\":\"https:\\\/\\\/www.amstelprinting.nl\\\/de\\\/\",\"logo\":{\"@type\":\"ImageObject\",\"inLanguage\":\"de\",\"@id\":\"https:\\\/\\\/www.amstelprinting.nl\\\/de\\\/#\\\/schema\\\/logo\\\/image\\\/\",\"url\":\"https:\\\/\\\/www.amstelprinting.nl\\\/wp-content\\\/uploads\\\/amstel_printing_logo_clean.png\",\"contentUrl\":\"https:\\\/\\\/www.amstelprinting.nl\\\/wp-content\\\/uploads\\\/amstel_printing_logo_clean.png\",\"width\":324,\"height\":73,\"caption\":\"Amstel Printing\"},\"image\":{\"@id\":\"https:\\\/\\\/www.amstelprinting.nl\\\/de\\\/#\\\/schema\\\/logo\\\/image\\\/\"}}]}<\/script>\n<!-- \/ Yoast SEO plugin. -->","yoast_head_json":{"title":"Professionelles Backdrop nach Ma\u00df \u2013 Matt, sicher & schnell geliefert","description":"Entdecken Sie hochwertige, ma\u00dfgeschneiderte Backdrops mit mattem Finish, B1-zertifiziert und vollst\u00e4ndig anpassbar. Heute bestellt, schnell geliefert!","robots":{"index":"index","follow":"follow","max-snippet":"max-snippet:-1","max-image-preview":"max-image-preview:large","max-video-preview":"max-video-preview:-1"},"canonical":"https:\/\/www.amstelprinting.nl\/de\/gesch\u00e4ft\/messe-event\/festivaltucher\/backdrop\/","og_locale":"de_DE","og_type":"article","og_title":"Professionelles Backdrop nach Ma\u00df \u2013 Matt, sicher & schnell geliefert","og_description":"Entdecken Sie hochwertige, ma\u00dfgeschneiderte Backdrops mit mattem Finish, B1-zertifiziert und vollst\u00e4ndig anpassbar. Heute bestellt, schnell geliefert!","og_url":"https:\/\/www.amstelprinting.nl\/de\/gesch\u00e4ft\/messe-event\/festivaltucher\/backdrop\/","og_site_name":"Amstel Printing","article_modified_time":"2026-02-10T11:32:07+00:00","og_image":[{"width":900,"height":900,"url":"https:\/\/www.amstelprinting.nl\/wp-content\/uploads\/backdrop-bedrukken.png","type":"image\/png"}],"twitter_card":"summary_large_image","twitter_misc":{"Gesch\u00e4tzte Lesezeit":"2\u00a0Minuten"},"schema":{"@context":"https:\/\/schema.org","@graph":[{"@type":"WebPage","@id":"https:\/\/www.amstelprinting.nl\/de\/gesch\u00e4ft\/messe-event\/festivaltucher\/backdrop\/","url":"https:\/\/www.amstelprinting.nl\/de\/gesch\u00e4ft\/messe-event\/festivaltucher\/backdrop\/","name":"Professionelles Backdrop nach Ma\u00df \u2013 Matt, sicher & schnell geliefert","isPartOf":{"@id":"https:\/\/www.amstelprinting.nl\/de\/#website"},"primaryImageOfPage":{"@id":"https:\/\/www.amstelprinting.nl\/de\/gesch\u00e4ft\/messe-event\/festivaltucher\/backdrop\/#primaryimage"},"image":{"@id":"https:\/\/www.amstelprinting.nl\/de\/gesch\u00e4ft\/messe-event\/festivaltucher\/backdrop\/#primaryimage"},"thumbnailUrl":"https:\/\/www.amstelprinting.nl\/wp-content\/uploads\/backdrop-bedrukken.png","datePublished":"2025-01-23T20:03:27+00:00","dateModified":"2026-02-10T11:32:07+00:00","description":"Entdecken Sie hochwertige, ma\u00dfgeschneiderte Backdrops mit mattem Finish, B1-zertifiziert und vollst\u00e4ndig anpassbar. Heute bestellt, schnell geliefert!","breadcrumb":{"@id":"https:\/\/www.amstelprinting.nl\/de\/gesch\u00e4ft\/messe-event\/festivaltucher\/backdrop\/#breadcrumb"},"inLanguage":"de","potentialAction":[{"@type":"ReadAction","target":["https:\/\/www.amstelprinting.nl\/de\/gesch\u00e4ft\/messe-event\/festivaltucher\/backdrop\/"]}]},{"@type":"ImageObject","inLanguage":"de","@id":"https:\/\/www.amstelprinting.nl\/de\/gesch\u00e4ft\/messe-event\/festivaltucher\/backdrop\/#primaryimage","url":"https:\/\/www.amstelprinting.nl\/wp-content\/uploads\/backdrop-bedrukken.png","contentUrl":"https:\/\/www.amstelprinting.nl\/wp-content\/uploads\/backdrop-bedrukken.png","width":900,"height":900},{"@type":"BreadcrumbList","@id":"https:\/\/www.amstelprinting.nl\/de\/gesch\u00e4ft\/messe-event\/festivaltucher\/backdrop\/#breadcrumb","itemListElement":[{"@type":"ListItem","position":1,"name":"","item":"https:\/\/www.amstelprinting.nl\/de\/"},{"@type":"ListItem","position":2,"name":"Amstel Printing","item":"https:\/\/www.amstelprinting.nl\/de\/geschaeft\/"},{"@type":"ListItem","position":3,"name":"Messe &amp; Event","item":"https:\/\/www.amstelprinting.nl\/de\/kategorie\/messe-event\/"},{"@type":"ListItem","position":4,"name":"Festivalt\u00fccher","item":"https:\/\/www.amstelprinting.nl\/de\/kategorie\/messe-event\/festivaltucher\/"},{"@type":"ListItem","position":5,"name":"Backdrop"}]},{"@type":"WebSite","@id":"https:\/\/www.amstelprinting.nl\/de\/#website","url":"https:\/\/www.amstelprinting.nl\/de\/","name":"Amstel Printing","description":"Creating Exposure","publisher":{"@id":"https:\/\/www.amstelprinting.nl\/de\/#organization"},"potentialAction":[{"@type":"SearchAction","target":{"@type":"EntryPoint","urlTemplate":"https:\/\/www.amstelprinting.nl\/de\/?s={search_term_string}"},"query-input":{"@type":"PropertyValueSpecification","valueRequired":true,"valueName":"search_term_string"}}],"inLanguage":"de"},{"@type":"Organization","@id":"https:\/\/www.amstelprinting.nl\/de\/#organization","name":"Amstel Printing","url":"https:\/\/www.amstelprinting.nl\/de\/","logo":{"@type":"ImageObject","inLanguage":"de","@id":"https:\/\/www.amstelprinting.nl\/de\/#\/schema\/logo\/image\/","url":"https:\/\/www.amstelprinting.nl\/wp-content\/uploads\/amstel_printing_logo_clean.png","contentUrl":"https:\/\/www.amstelprinting.nl\/wp-content\/uploads\/amstel_printing_logo_clean.png","width":324,"height":73,"caption":"Amstel Printing"},"image":{"@id":"https:\/\/www.amstelprinting.nl\/de\/#\/schema\/logo\/image\/"}}]}},"_links":{"self":[{"href":"https:\/\/www.amstelprinting.nl\/de\/wp-json\/wp\/v2\/product\/15319","targetHints":{"allow":["GET"]}}],"collection":[{"href":"https:\/\/www.amstelprinting.nl\/de\/wp-json\/wp\/v2\/product"}],"about":[{"href":"https:\/\/www.amstelprinting.nl\/de\/wp-json\/wp\/v2\/types\/product"}],"wp:featuredmedia":[{"embeddable":true,"href":"https:\/\/www.amstelprinting.nl\/de\/wp-json\/wp\/v2\/media\/15320"}],"wp:attachment":[{"href":"https:\/\/www.amstelprinting.nl\/de\/wp-json\/wp\/v2\/media?parent=15319"}],"wp:term":[{"taxonomy":"product_brand","embeddable":true,"href":"https:\/\/www.amstelprinting.nl\/de\/wp-json\/wp\/v2\/product_brand?post=15319"},{"taxonomy":"product_cat","embeddable":true,"href":"https:\/\/www.amstelprinting.nl\/de\/wp-json\/wp\/v2\/product_cat?post=15319"},{"taxonomy":"product_tag","embeddable":true,"href":"https:\/\/www.amstelprinting.nl\/de\/wp-json\/wp\/v2\/product_tag?post=15319"}],"curies":[{"name":"wp","href":"https:\/\/api.w.org\/{rel}","templated":true}]}}